{"id":130470,"date":"2023-05-14T13:52:27","date_gmt":"2023-05-14T13:52:27","guid":{"rendered":"http:\/\/talkpal.ai\/korejieciu-kalbos-gramatika\/"},"modified":"2025-12-11T16:28:48","modified_gmt":"2025-12-11T16:28:48","slug":"korejieciu-kalbos-gramatika","status":"publish","type":"page","link":"https:\/\/talkpal.ai\/lt\/korejieciu-kalbos-gramatika\/","title":{"rendered":"Kor\u0117jie\u010di\u0173 kalbos gramatika"},"content":{"rendered":"\r\n\r\n\r\n<section class=\"languageChallengeSection\">\r\n    <div class=\"languageInfoWrapper\">\r\n        \r\n        <h1>Kor\u0117jie\u010di\u0173 kalbos gramatika<\/h1>\r\n        <p>Prad\u0117kite mokytis <a href=\"https:\/\/talkpal.ai\/lt\/suzinokite-korejieciu-kalba\/\">kor\u0117jie\u010di\u0173 kalbos<\/a> gramatikos, naudodami lengvai suprantamus vadovus ir praktinius pavyzd\u017eius. I\u0161mokite sudaryti sakinius, vartoti dalelytes ir linksniuoti veiksma\u017eod\u017eius, kad tiksliai i\u0161reik\u0161tum\u0117te savo mintis. Pasipraktikuokite \u012fg\u016bd\u017eius atlikdami interaktyvius pratimus, skirtus pasitik\u0117jimui savimi stiprinti. \u017denkite kit\u0105 \u017eingsn\u012f savo <a href=\"https:\/\/talkpal.ai\/learn-korean\/\">kor\u0117jie\u010di\u0173<\/a> <a href=\"https:\/\/talkpal.ai\/what-language-is-spoken-on-the-international-space-station\/\">kalbos<\/a> kelion\u0117je ir patobulinkite savo kalbos \u017einias jau \u0161iandien!<\/p>\r\n\r\n                            <a class=\"getStartedHidden\" href=\"https:\/\/app.talkpal.ai\/lt\/signup?lng=\">Prad\u0117k<\/a>\r\n        \r\n    <\/div>\r\n\r\n    <figure>\r\n    <img decoding=\"async\" width=\"768\" height=\"768\" src=\"https:\/\/talkpal.ai\/wp-content\/uploads\/2023\/06\/korean-768x768.png\" class=\"languageImage no-lazy\" alt=\"Line-by-line learning for language acquisition\" fetchpriority=\"high\" sizes=\"(max-width: 768px) 150px, 768px\" srcset=\"https:\/\/talkpal.ai\/wp-content\/uploads\/2023\/06\/korean-768x768.png 768w, https:\/\/talkpal.ai\/wp-content\/uploads\/2023\/06\/korean-300x300.png 300w\" \/>\r\n    \r\n\r\n    <\/figure>\r\n\r\n            <a class=\"getStartedVisible\" href=\"https:\/\/app.talkpal.ai\/lt\/signup?lng=\">Prad\u0117k<\/a>\r\n    \r\n<\/section>\r\n<section class=\"promotionalBanner\">\r\n    <p class=\"promotionalText\">Efektyviausias b\u016bdas mokytis kalbos<\/p>\r\n    <a class=\"promotionalLink\" href=\"https:\/\/app.talkpal.ai\/lt\/signup?lng=\">I\u0161bandykite Talkpal &#8221; nemokamai<\/a>\r\n<\/section>\n<div class=\"wp-block-group pageContainerStyle\"><div class=\"wp-block-group__inner-container is-layout-constrained wp-block-group-is-layout-constrained\">\n<h2 class=\"wp-block-heading\" id=\"h-demystifying-korean-grammar-a-beginner-s-guide\">Kor\u0117jie\u010di\u0173 kalbos gramatikos demistifikavimas: pradedan\u010di\u0173j\u0173 vadovas<\/h2>\n\n\n\n<p>Kor\u0117jie\u010di\u0173 kalbos <a href=\"https:\/\/talkpal.ai\/lt\/mokymasis\/\">mokymasis<\/a> gali atverti daugyb\u0119 galimybi\u0173 &#8211; ar <a href=\"https:\/\/talkpal.ai\/learn-thai\/\">tai<\/a> b\u016bt\u0173 kor\u0117jieti\u0161kos virtuv\u0117s tyrin\u0117jimas, ar naujausi\u0173 K-dram\u0173 \u017ei\u016br\u0117jimas, ar darbas vienoje i\u0161 daugelio Piet\u0173 Kor\u0117jos novatori\u0161k\u0173 \u012fmoni\u0173. Kaip ne gimtoji kalba, pasinerianti \u012f \u0161i\u0105 patraukli\u0105 kalb\u0105, vienas i\u0161 sud\u0117tingiausi\u0173 aspekt\u0173 gali b\u016bti jos gramatikos \u012fsisavinimas. <a href=\"https:\/\/talkpal.ai\/korean-grammar\/\">Kor\u0117jie\u010di\u0173 kalbos gramatika<\/a> i\u0161 pirmo \u017evilgsnio gali atrodyti sud\u0117tinga, ta\u010diau ji turi logik\u0105 ir nuoseklum\u0105, kuris gali b\u016bti labiau prieinamas, nei manote. \u0160iame straipsnyje apra\u0161ysime pagrindines kor\u0117jie\u010di\u0173 kalbos gramatikos ypatybes ir pateiksime verting\u0173 \u012f\u017evalg\u0173, kad j\u016bs\u0173 kelion\u0117 \u012f kalbos mok\u0117jim\u0105 b\u016bt\u0173 sklandi ir maloni.<\/p>\n\n\n\n<h3 class=\"wp-block-heading\" id=\"h-1-word-nbsp-order-nbsp-get-in-the-flow\"><b>1. \u017dod\u017ei\u0173<\/b> tvarka<b> \u2013 \u012fsitraukite \u012f t\u0117km\u0119!<\/b><\/h3>\n\n\n\n<p>Pirmas dalykas, kur\u012f reikia \u017einoti apie kor\u0117jie\u010di\u0173 kalbos gramatik\u0105, yra jo pagrindin\u0117 \u017eod\u017ei\u0173 tvarka: subjektas-objektas-veiksma\u017eodis (SOV). <a href=\"https:\/\/talkpal.ai\/learn-thai\/\">Tai<\/a> rei\u0161kia, kad veiksma\u017eod\u017eiai eina sakinio pabaigoje, kitaip nei angl\u0173 kalboje, kurioje yra subjekto, veiksma\u017eod\u017eio ir objekto (angl. Subject-Verb-Object, SVO) tvarka. Prie to gali prireikti \u0161iek tiek priprasti, ta\u010diau raktas \u012f sklandum\u0105 yra \u012fsijausti \u012f \u0161i\u0105 nauj\u0105 strukt\u016br\u0105.<\/p>\n\n\n\n<p>Patarimas: Praktikuokite paprast\u0173 kor\u0117jie\u010di\u0173 sakini\u0173 formavim\u0105, versdami angli\u0161kas frazes ir pertvarkydami \u017eod\u017ei\u0173 tvark\u0105. Sutelkite d\u0117mes\u012f \u012f SOV strukt\u016bros logikos supratim\u0105, kad jai b\u016bt\u0173 patogiau.<\/p>\n\n\n\n<h3 class=\"wp-block-heading\" id=\"h-2-particles-attach-and-connect\">2. Dalel\u0117s &#8211; pritvirtinkite ir prijunkite!<\/h3>\n\n\n\n<p>Kor\u0117jieti\u0161ki sakiniai naudoja ma\u017eus gramatin\u0117s informacijos gabalus, vadinamus dalel\u0117mis, kad pad\u0117t\u0173 nustatyti \u017eod\u017eio funkcij\u0105 sakinyje. Pavyzd\u017eiui, \uc774\/\uac00 ir \uc740\/\ub294 \u017eymi subjekt\u0105, o \uc744\/\ub97c &#8211; objekt\u0105. Dalel\u0117s yra esminis kor\u0117jie\u010di\u0173 kalbos gramatikos komponentas, ta\u010diau j\u0173 naudojimas i\u0161 prad\u017ei\u0173 gali atrodyti did\u017eiulis.<\/p>\n\n\n\n<p>Patarimas: spr\u0119skite po vien\u0105 dalel\u0119, kad suprastum\u0117te jos naudojim\u0105 ir prasm\u0119. Sukurkite pavyzdini\u0173 sakini\u0173 s\u0105ra\u0161\u0105, naudodami kiekvien\u0105 dalel\u0119, kad sukurtum\u0117te etalonin\u0117s med\u017eiagos rinkin\u012f.<\/p>\n\n\n\n<h3 class=\"wp-block-heading\" id=\"h-3-verb-conjugation-keep-it-simple\">3. Veiksma\u017eod\u017ei\u0173 konjugacija \u2013 B\u016bkite paprasti!<\/h3>\n\n\n\n<p>Kor\u0117jie\u010di\u0173 veiksma\u017eod\u017eiai yra nepaprastai nuosekl\u016bs, tod\u0117l juos lengviau i\u0161mokti nei veiksma\u017eod\u017eiai kitomis kalbomis. Vis\u0173 kor\u0117jie\u010di\u0173 kalbos veiksma\u017eod\u017ei\u0173 pagrindin\u0117 forma baigiasi \ub2e4 (da), o nor\u0117dami sukurti skirtingus laikus ar mandagumo lygius, tiesiog prid\u0117kite \u012fvairias gal\u016bnes. Da\u017eniausiai pasitaikantys yra -\uc694 (yo) neformaliam mandagumui ir -\uc2b5\ub2c8\ub2e4 (seumnida) oficialesn\u0117se situacijose.<\/p>\n\n\n\n<p>Patarimas: \ud558\ub2e4 (daryti), \uba39\ub2e4 (valgyti), \uc790\ub2e4 (miegoti) ir \uac00\ub2e4 (eiti). Tada prad\u0117kite juos \u012ftraukti \u012f sakinius, kad taptum\u0117te labiau susipa\u017ein\u0119 ir patogesni naudoti \u012fvairias konjugacijas.<\/p>\n\n\n\n<h3 class=\"wp-block-heading\" id=\"h-4-adjectives-treat-them-like-verbs\">4. B\u016bdvard\u017eiai \u2013 Elkit\u0117s su jais kaip su veiksma\u017eod\u017eiais!<\/h3>\n\n\n\n<p>Kor\u0117jie\u010di\u0173 kalbos gramatikoje b\u016bdvard\u017eiai veikia pana\u0161iai kaip veiksma\u017eod\u017eiai ir yra konjuguojami naudojant t\u0105 pa\u010di\u0105 sistem\u0105. Daugelis b\u016bdvard\u017ei\u0173 baigiasi ~\ud558\ub2e4 (-hada) ir gali b\u016bti linksniuojami taip pat, kaip ir veiksma\u017eod\u017eiai.<\/p>\n\n\n\n<p>Patarimas: Patikrinkite, kaip linksniuoti tokius \u012fprastus b\u016bdvard\u017eius kaip \uc88b\ub2e4 (b\u016bti geram), \uc608\uc058\ub2e4 (b\u016bti gra\u017eiam), \ub192\ub2e4 (b\u016bti auk\u0161tam), \ub0ae\ub2e4 (b\u016bti \u017eemam) ir \ud06c\ub2e4 (b\u016bti dideliam). J\u0173 \u012ftraukimas \u012f sakinius pad\u0117s sustiprinti j\u016bs\u0173 supratim\u0105.<\/p>\n\n\n\n<h3 class=\"wp-block-heading\" id=\"h-5-honorifics-show-your-respect\">5. Garb\u0117tro\u0161kos \u2013 parodykite savo pagarb\u0105!<\/h3>\n\n\n\n<p>Kor\u0117jos kult\u016bra pabr\u0117\u017eia pagarb\u0105 vyresniesiems ir tiems, kurie u\u017eima autoritetingas pareigas. Tai atsispindi jos kalboje per garb\u0117s \u017eenklus, kurie yra specialios \u017eod\u017ei\u0173 formos ir gramatin\u0117s strukt\u016bros, naudojamos mandagumui parodyti. Keletas pagrindini\u0173 pavyzd\u017ei\u0173: vietoj dalelyt\u0117s -\uaed8\uc11c (-kkeseo) vartojama dalelyt\u0117 -\uc774\/\uac00, kai \u012f k\u0105 nors kreipiamasi pagarbiai, arba dalelyt\u0117 -\uc2dc (-si) pridedama prie veiksma\u017eod\u017ei\u0173 kaip mandagumo \u017eenklas.<\/p>\n\n\n\n<p>Patarimas: I\u0161mokite garb\u0117s vard\u0173 vartojimo pagrind\u0173, bet nesir\u016bpinkite, kad i\u0161 karto taptum\u0117te ekspertu. Kaip anglakalbis, kor\u0117jie\u010diai grei\u010diausiai supras, jei padarysite klaid\u0173, ta\u010diau bus vertinama pastanga b\u016bti pagarbiam.<\/p>\n\n\n\n<h3 class=\"wp-block-heading\" id=\"h-conclusion\">I\u0161vada:<\/h3>\n\n\n\n<p>Kor\u0117jie\u010di\u0173 kalbos gramatika i\u0161 prad\u017ei\u0173 gali atrodyti sud\u0117tinga, ta\u010diau, \u012fgij\u0119 patirties ir supratimo, rasite logi\u0161k\u0105 ir nuosekli\u0105 sistem\u0105. D\u0117mes\u012f sutelkdami \u012f pagrindines s\u0105vokas, tokias kaip \u017eod\u017ei\u0173 tvarka, dalelyt\u0117s ir veiksma\u017eod\u017ei\u0173 linksniavimas, netrukus sakinius gal\u0117site kurti kaip profesionalai. Pamilkite \u0161i\u0105 i\u0161rai\u0161king\u0105 kalb\u0105 ir steb\u0117kite, kaip \u012fvald\u0119 kor\u0117jie\u010di\u0173 kalbos gramatik\u0105 atversite daugyb\u0119 galimybi\u0173. \ud654\uc774\ud305 (hwaiting) &#8211; tegul<\/p>\n<\/div><\/div>\n\r\n<section class=\"learnNavigationSection\">\r\n            \r\n        <a href=\"https:\/\/talkpal.ai\/lt\/suzinokite-korejieciu-kalba\/\">\r\n            <div class=\"learnNavigationWrapper\">\r\n                <div class=\"learnNavigationContent\">\r\n                    <img decoding=\"async\" src=\"https:\/\/talkpal.ai\/wp-content\/uploads\/2024\/08\/Korean.jpg\" alt=\"Korean Flag\">\r\n                    <div>\r\n                        <h4>Apie kor\u0117jie\u010di\u0173 kalbos mokym\u0105si<\/h4>\r\n                        <p>Su\u017einokite visk\u0105 apie kor\u0117jie\u010di\u0173 kalbos gramatik\u0105.<\/p>\r\n                    <\/div>\r\n                <\/div>\r\n            <\/div>\r\n        <\/a>\r\n\r\n        \r\n        <a href=\"https:\/\/talkpal.ai\/lt\/korejieciu-kalbos-gramatikos-pratimai\/\">\r\n            <div class=\"learnNavigationWrapper\">\r\n                <div class=\"learnNavigationContent\">\r\n                    <img decoding=\"async\" src=\"https:\/\/talkpal.ai\/wp-content\/uploads\/2024\/08\/Korean.jpg\" alt=\"Korean Flag\">\r\n                    <div>\r\n                        <h4>Kor\u0117jie\u010di\u0173 kalbos gramatikos pratimai<\/h4>\r\n                        <p>Praktikuokite kor\u0117jie\u010di\u0173 kalbos gramatik\u0105.<\/p>\r\n                    <\/div>\r\n                <\/div>\r\n            <\/div>\r\n        <\/a>\r\n\r\n        \r\n        <a href=\"https:\/\/talkpal.ai\/vocabulary_language\/korean\/\">\r\n            <div class=\"learnNavigationWrapper\">\r\n                <div class=\"learnNavigationContent\">\r\n                    <img decoding=\"async\" src=\"https:\/\/talkpal.ai\/wp-content\/uploads\/2024\/08\/Korean.jpg\" alt=\"Korean Flag\">\r\n                    <div>\r\n                        <h4>Kor\u0117jie\u010di\u0173 kalbos \u017eodynas<\/h4>\r\n                        <p>Prapl\u0117skite savo kor\u0117jie\u010di\u0173 kalbos \u017eodyn\u0105.<\/p>\r\n                    <\/div>\r\n                <\/div>\r\n            <\/div>\r\n        <\/a>\r\n\r\n            <\/section>","protected":false},"excerpt":{"rendered":"<p>Kor\u0117jie\u010di\u0173 kalbos gramatikos demistifikavimas: pradedan\u010di\u0173j\u0173 vadovas Kor\u0117jie\u010di\u0173 kalbos mokymasis gali atverti daugyb\u0119 galimybi\u0173 &#8211; ar tai b\u016bt\u0173 kor\u0117jieti\u0161kos virtuv\u0117s tyrin\u0117jimas, ar naujausi\u0173 K-dram\u0173 \u017ei\u016br\u0117jimas, ar darbas vienoje i\u0161 daugelio Piet\u0173 Kor\u0117jos novatori\u0161k\u0173 \u012fmoni\u0173. Kaip ne gimtoji kalba, pasinerianti \u012f \u0161i\u0105 patraukli\u0105 kalb\u0105, vienas i\u0161 sud\u0117tingiausi\u0173 aspekt\u0173 gali b\u016bti jos gramatikos \u012fsisavinimas. Kor\u0117jie\u010di\u0173 kalbos gramatika i\u0161 [&hellip;]<\/p>\n","protected":false},"author":1,"featured_media":107536,"parent":0,"menu_order":0,"comment_status":"closed","ping_status":"closed","template":"LearningContentPage.php","meta":{"_acf_changed":false,"footnotes":""},"class_list":["post-130470","page","type-page","status-publish","has-post-thumbnail","hentry"],"acf":[],"yoast_head":"<!-- This site is optimized with the Yoast SEO Premium plugin v27.2 (Yoast SEO v27.2) - https:\/\/yoast.com\/product\/yoast-seo-premium-wordpress\/ -->\n<title>Kor\u0117jie\u010di\u0173 kalbos gramatika - Talkpal<\/title>\n<meta name=\"description\" content=\"\u012evaldykite kor\u0117jie\u010di\u0173 kalbos gramatik\u0105 u\u017etikrintai - sustiprinkite sakinio strukt\u016br\u0105, i\u0161siai\u0161kinkite taisykles ir lengvai patobulinkite sklandum\u0105\" \/>\n<meta name=\"robots\" content=\"index, follow, max-snippet:-1, max-image-preview:large, max-video-preview:-1\" \/>\n<link rel=\"canonical\" href=\"https:\/\/talkpal.ai\/lt\/korejieciu-kalbos-gramatika\/\" \/>\n<meta property=\"og:locale\" content=\"lt_LT\" \/>\n<meta property=\"og:type\" content=\"article\" \/>\n<meta property=\"og:title\" content=\"Kor\u0117jie\u010di\u0173 kalbos gramatika\" \/>\n<meta property=\"og:description\" content=\"Kor\u0117jie\u010di\u0173 kalbos gramatikos demistifikavimas: pradedan\u010di\u0173j\u0173 vadovas Kor\u0117jie\u010di\u0173 kalbos mokymasis gali atverti daugyb\u0119 galimybi\u0173 - ar tai b\u016bt\u0173\" \/>\n<meta property=\"og:url\" content=\"https:\/\/talkpal.ai\/lt\/korejieciu-kalbos-gramatika\/\" \/>\n<meta property=\"og:site_name\" content=\"Talkpal\" \/>\n<meta property=\"article:publisher\" content=\"https:\/\/www.facebook.com\/profile.php?id=100090733639311\" \/>\n<meta property=\"article:modified_time\" content=\"2025-12-11T16:28:48+00:00\" \/>\n<meta property=\"og:image\" content=\"https:\/\/talkpal.ai\/wp-content\/uploads\/2023\/04\/south-korea.png\" \/>\n\t<meta property=\"og:image:width\" content=\"512\" \/>\n\t<meta property=\"og:image:height\" content=\"512\" \/>\n\t<meta property=\"og:image:type\" content=\"image\/png\" \/>\n<meta name=\"twitter:card\" content=\"summary_large_image\" \/>\n<meta name=\"twitter:site\" content=\"@talkpalai\" \/>\n<meta name=\"twitter:label1\" content=\"Est. reading time\" \/>\n\t<meta name=\"twitter:data1\" content=\"3 minut\u0117s\" \/>\n<script type=\"application\/ld+json\" class=\"yoast-schema-graph\">{\"@context\":\"https:\/\/schema.org\",\"@graph\":[{\"@type\":\"WebPage\",\"@id\":\"https:\/\/talkpal.ai\/lt\/korejieciu-kalbos-gramatika\/\",\"url\":\"https:\/\/talkpal.ai\/lt\/korejieciu-kalbos-gramatika\/\",\"name\":\"Kor\u0117jie\u010di\u0173 kalbos gramatika - Talkpal\",\"isPartOf\":{\"@id\":\"https:\/\/talkpal.ai\/lt\/#website\"},\"primaryImageOfPage\":{\"@id\":\"https:\/\/talkpal.ai\/lt\/korejieciu-kalbos-gramatika\/#primaryimage\"},\"image\":{\"@id\":\"https:\/\/talkpal.ai\/lt\/korejieciu-kalbos-gramatika\/#primaryimage\"},\"thumbnailUrl\":\"https:\/\/talkpal.ai\/wp-content\/uploads\/2023\/04\/south-korea.png\",\"datePublished\":\"2023-05-14T13:52:27+00:00\",\"dateModified\":\"2025-12-11T16:28:48+00:00\",\"description\":\"\u012evaldykite kor\u0117jie\u010di\u0173 kalbos gramatik\u0105 u\u017etikrintai - sustiprinkite sakinio strukt\u016br\u0105, i\u0161siai\u0161kinkite taisykles ir lengvai patobulinkite sklandum\u0105\",\"breadcrumb\":{\"@id\":\"https:\/\/talkpal.ai\/lt\/korejieciu-kalbos-gramatika\/#breadcrumb\"},\"inLanguage\":\"lt-LT\",\"potentialAction\":[{\"@type\":\"ReadAction\",\"target\":[\"https:\/\/talkpal.ai\/lt\/korejieciu-kalbos-gramatika\/\"]}]},{\"@type\":\"ImageObject\",\"inLanguage\":\"lt-LT\",\"@id\":\"https:\/\/talkpal.ai\/lt\/korejieciu-kalbos-gramatika\/#primaryimage\",\"url\":\"https:\/\/talkpal.ai\/wp-content\/uploads\/2023\/04\/south-korea.png\",\"contentUrl\":\"https:\/\/talkpal.ai\/wp-content\/uploads\/2023\/04\/south-korea.png\",\"width\":512,\"height\":512},{\"@type\":\"BreadcrumbList\",\"@id\":\"https:\/\/talkpal.ai\/lt\/korejieciu-kalbos-gramatika\/#breadcrumb\",\"itemListElement\":[{\"@type\":\"ListItem\",\"position\":1,\"name\":\"Homepage\",\"item\":\"https:\/\/talkpal.ai\/lt\/\"},{\"@type\":\"ListItem\",\"position\":2,\"name\":\"Kor\u0117jie\u010di\u0173 kalbos gramatika\"}]},{\"@type\":\"WebSite\",\"@id\":\"https:\/\/talkpal.ai\/lt\/#website\",\"url\":\"https:\/\/talkpal.ai\/lt\/\",\"name\":\"Talkpal\",\"description\":\"AI Language Learning\",\"publisher\":{\"@id\":\"https:\/\/talkpal.ai\/lt\/#organization\"},\"alternateName\":\"Talkpal AI\",\"potentialAction\":[{\"@type\":\"SearchAction\",\"target\":{\"@type\":\"EntryPoint\",\"urlTemplate\":\"https:\/\/talkpal.ai\/lt\/?s={search_term_string}\"},\"query-input\":{\"@type\":\"PropertyValueSpecification\",\"valueRequired\":true,\"valueName\":\"search_term_string\"}}],\"inLanguage\":\"lt-LT\"},{\"@type\":\"Organization\",\"@id\":\"https:\/\/talkpal.ai\/lt\/#organization\",\"name\":\"Talkpal, Inc.\",\"alternateName\":\"Talkpal AI\",\"url\":\"https:\/\/talkpal.ai\/lt\/\",\"logo\":{\"@type\":\"ImageObject\",\"inLanguage\":\"lt-LT\",\"@id\":\"https:\/\/talkpal.ai\/lt\/#\/schema\/logo\/image\/\",\"url\":\"https:\/\/talkpal.ai\/wp-content\/uploads\/2024\/03\/Talkpal-Logo-Icon.png\",\"contentUrl\":\"https:\/\/talkpal.ai\/wp-content\/uploads\/2024\/03\/Talkpal-Logo-Icon.png\",\"width\":2880,\"height\":2880,\"caption\":\"Talkpal, Inc.\"},\"image\":{\"@id\":\"https:\/\/talkpal.ai\/lt\/#\/schema\/logo\/image\/\"},\"sameAs\":[\"https:\/\/www.facebook.com\/profile.php?id=100090733639311\",\"https:\/\/x.com\/talkpalai\",\"https:\/\/www.linkedin.com\/company\/talkpal\/\",\"https:\/\/www.youtube.com\/@TalkPal\/\",\"https:\/\/www.tiktok.com\/@talkpal\",\"https:\/\/www.instagram.com\/talkpal_ai\/\",\"https:\/\/www.crunchbase.com\/organization\/talkpal-9cde\",\"https:\/\/www.g2.com\/products\/talkpal-for-business\/\",\"https:\/\/www.trustpilot.com\/review\/talkpal.ai\",\"https:\/\/www.capterra.com\/p\/10006800\/TalkPal\/\"],\"description\":\"Talkpal is a language learning web and mobile education app, powered by the latest AI technologies, that provides engaging experiences to its customers in many different languages to help them improve their language skills. Users can chat about unlimited amount of topics with the app and use other modes to practice their language learning.\",\"email\":\"support@talkpal.ai\",\"legalName\":\"Talkpal, Inc.\",\"foundingDate\":\"2023-04-03\",\"duns\":\"118989042\",\"numberOfEmployees\":{\"@type\":\"QuantitativeValue\",\"minValue\":\"11\",\"maxValue\":\"50\"},\"publishingPrinciples\":\"https:\/\/talkpal.ai\/publishing-principles\/\",\"actionableFeedbackPolicy\":\"https:\/\/talkpal.ai\/actionable-feedback-policy\/\",\"correctionsPolicy\":\"https:\/\/talkpal.ai\/corrections-policy\/\",\"ethicsPolicy\":\"https:\/\/talkpal.ai\/ethics-policy\/\",\"diversityPolicy\":\"https:\/\/talkpal.ai\/diversity-policy\/\",\"diversityStaffingReport\":\"https:\/\/talkpal.ai\/diversity-policy\/\"}]}<\/script>\n<!-- \/ Yoast SEO Premium plugin. -->","yoast_head_json":{"title":"Kor\u0117jie\u010di\u0173 kalbos gramatika - Talkpal","description":"\u012evaldykite kor\u0117jie\u010di\u0173 kalbos gramatik\u0105 u\u017etikrintai - sustiprinkite sakinio strukt\u016br\u0105, i\u0161siai\u0161kinkite taisykles ir lengvai patobulinkite sklandum\u0105","robots":{"index":"index","follow":"follow","max-snippet":"max-snippet:-1","max-image-preview":"max-image-preview:large","max-video-preview":"max-video-preview:-1"},"canonical":"https:\/\/talkpal.ai\/lt\/korejieciu-kalbos-gramatika\/","og_locale":"lt_LT","og_type":"article","og_title":"Kor\u0117jie\u010di\u0173 kalbos gramatika","og_description":"Kor\u0117jie\u010di\u0173 kalbos gramatikos demistifikavimas: pradedan\u010di\u0173j\u0173 vadovas Kor\u0117jie\u010di\u0173 kalbos mokymasis gali atverti daugyb\u0119 galimybi\u0173 - ar tai b\u016bt\u0173","og_url":"https:\/\/talkpal.ai\/lt\/korejieciu-kalbos-gramatika\/","og_site_name":"Talkpal","article_publisher":"https:\/\/www.facebook.com\/profile.php?id=100090733639311","article_modified_time":"2025-12-11T16:28:48+00:00","og_image":[{"width":512,"height":512,"url":"https:\/\/talkpal.ai\/wp-content\/uploads\/2023\/04\/south-korea.png","type":"image\/png"}],"twitter_card":"summary_large_image","twitter_site":"@talkpalai","twitter_misc":{"Est. reading time":"3 minut\u0117s"},"schema":{"@context":"https:\/\/schema.org","@graph":[{"@type":"WebPage","@id":"https:\/\/talkpal.ai\/lt\/korejieciu-kalbos-gramatika\/","url":"https:\/\/talkpal.ai\/lt\/korejieciu-kalbos-gramatika\/","name":"Kor\u0117jie\u010di\u0173 kalbos gramatika - Talkpal","isPartOf":{"@id":"https:\/\/talkpal.ai\/lt\/#website"},"primaryImageOfPage":{"@id":"https:\/\/talkpal.ai\/lt\/korejieciu-kalbos-gramatika\/#primaryimage"},"image":{"@id":"https:\/\/talkpal.ai\/lt\/korejieciu-kalbos-gramatika\/#primaryimage"},"thumbnailUrl":"https:\/\/talkpal.ai\/wp-content\/uploads\/2023\/04\/south-korea.png","datePublished":"2023-05-14T13:52:27+00:00","dateModified":"2025-12-11T16:28:48+00:00","description":"\u012evaldykite kor\u0117jie\u010di\u0173 kalbos gramatik\u0105 u\u017etikrintai - sustiprinkite sakinio strukt\u016br\u0105, i\u0161siai\u0161kinkite taisykles ir lengvai patobulinkite sklandum\u0105","breadcrumb":{"@id":"https:\/\/talkpal.ai\/lt\/korejieciu-kalbos-gramatika\/#breadcrumb"},"inLanguage":"lt-LT","potentialAction":[{"@type":"ReadAction","target":["https:\/\/talkpal.ai\/lt\/korejieciu-kalbos-gramatika\/"]}]},{"@type":"ImageObject","inLanguage":"lt-LT","@id":"https:\/\/talkpal.ai\/lt\/korejieciu-kalbos-gramatika\/#primaryimage","url":"https:\/\/talkpal.ai\/wp-content\/uploads\/2023\/04\/south-korea.png","contentUrl":"https:\/\/talkpal.ai\/wp-content\/uploads\/2023\/04\/south-korea.png","width":512,"height":512},{"@type":"BreadcrumbList","@id":"https:\/\/talkpal.ai\/lt\/korejieciu-kalbos-gramatika\/#breadcrumb","itemListElement":[{"@type":"ListItem","position":1,"name":"Homepage","item":"https:\/\/talkpal.ai\/lt\/"},{"@type":"ListItem","position":2,"name":"Kor\u0117jie\u010di\u0173 kalbos gramatika"}]},{"@type":"WebSite","@id":"https:\/\/talkpal.ai\/lt\/#website","url":"https:\/\/talkpal.ai\/lt\/","name":"Talkpal","description":"AI Language Learning","publisher":{"@id":"https:\/\/talkpal.ai\/lt\/#organization"},"alternateName":"Talkpal AI","potentialAction":[{"@type":"SearchAction","target":{"@type":"EntryPoint","urlTemplate":"https:\/\/talkpal.ai\/lt\/?s={search_term_string}"},"query-input":{"@type":"PropertyValueSpecification","valueRequired":true,"valueName":"search_term_string"}}],"inLanguage":"lt-LT"},{"@type":"Organization","@id":"https:\/\/talkpal.ai\/lt\/#organization","name":"Talkpal, Inc.","alternateName":"Talkpal AI","url":"https:\/\/talkpal.ai\/lt\/","logo":{"@type":"ImageObject","inLanguage":"lt-LT","@id":"https:\/\/talkpal.ai\/lt\/#\/schema\/logo\/image\/","url":"https:\/\/talkpal.ai\/wp-content\/uploads\/2024\/03\/Talkpal-Logo-Icon.png","contentUrl":"https:\/\/talkpal.ai\/wp-content\/uploads\/2024\/03\/Talkpal-Logo-Icon.png","width":2880,"height":2880,"caption":"Talkpal, Inc."},"image":{"@id":"https:\/\/talkpal.ai\/lt\/#\/schema\/logo\/image\/"},"sameAs":["https:\/\/www.facebook.com\/profile.php?id=100090733639311","https:\/\/x.com\/talkpalai","https:\/\/www.linkedin.com\/company\/talkpal\/","https:\/\/www.youtube.com\/@TalkPal\/","https:\/\/www.tiktok.com\/@talkpal","https:\/\/www.instagram.com\/talkpal_ai\/","https:\/\/www.crunchbase.com\/organization\/talkpal-9cde","https:\/\/www.g2.com\/products\/talkpal-for-business\/","https:\/\/www.trustpilot.com\/review\/talkpal.ai","https:\/\/www.capterra.com\/p\/10006800\/TalkPal\/"],"description":"Talkpal is a language learning web and mobile education app, powered by the latest AI technologies, that provides engaging experiences to its customers in many different languages to help them improve their language skills. Users can chat about unlimited amount of topics with the app and use other modes to practice their language learning.","email":"support@talkpal.ai","legalName":"Talkpal, Inc.","foundingDate":"2023-04-03","duns":"118989042","numberOfEmployees":{"@type":"QuantitativeValue","minValue":"11","maxValue":"50"},"publishingPrinciples":"https:\/\/talkpal.ai\/publishing-principles\/","actionableFeedbackPolicy":"https:\/\/talkpal.ai\/actionable-feedback-policy\/","correctionsPolicy":"https:\/\/talkpal.ai\/corrections-policy\/","ethicsPolicy":"https:\/\/talkpal.ai\/ethics-policy\/","diversityPolicy":"https:\/\/talkpal.ai\/diversity-policy\/","diversityStaffingReport":"https:\/\/talkpal.ai\/diversity-policy\/"}]}},"_links":{"self":[{"href":"https:\/\/talkpal.ai\/lt\/wp-json\/wp\/v2\/pages\/130470","targetHints":{"allow":["GET"]}}],"collection":[{"href":"https:\/\/talkpal.ai\/lt\/wp-json\/wp\/v2\/pages"}],"about":[{"href":"https:\/\/talkpal.ai\/lt\/wp-json\/wp\/v2\/types\/page"}],"author":[{"embeddable":true,"href":"https:\/\/talkpal.ai\/lt\/wp-json\/wp\/v2\/users\/1"}],"replies":[{"embeddable":true,"href":"https:\/\/talkpal.ai\/lt\/wp-json\/wp\/v2\/comments?post=130470"}],"version-history":[{"count":0,"href":"https:\/\/talkpal.ai\/lt\/wp-json\/wp\/v2\/pages\/130470\/revisions"}],"wp:featuredmedia":[{"embeddable":true,"href":"https:\/\/talkpal.ai\/lt\/wp-json\/wp\/v2\/media\/107536"}],"wp:attachment":[{"href":"https:\/\/talkpal.ai\/lt\/wp-json\/wp\/v2\/media?parent=130470"}],"curies":[{"name":"wp","href":"https:\/\/api.w.org\/{rel}","templated":true}]}}