{"id":130192,"date":"2023-05-14T13:51:46","date_gmt":"2023-05-14T13:51:46","guid":{"rendered":"http:\/\/talkpal.ai\/portugalu-kalbos-gramatika\/"},"modified":"2025-12-11T16:47:28","modified_gmt":"2025-12-11T16:47:28","slug":"portugalu-kalbos-gramatika","status":"publish","type":"page","link":"https:\/\/talkpal.ai\/lt\/portugalu-kalbos-gramatika\/","title":{"rendered":"Portugal\u0173 kalbos gramatika"},"content":{"rendered":"\r\n\r\n\r\n<section class=\"languageChallengeSection\">\r\n    <div class=\"languageInfoWrapper\">\r\n        \r\n        <h1>Portugal\u0173 kalbos gramatika<\/h1>\r\n        <p>Susipa\u017einkite su pagrindiniais <a href=\"https:\/\/talkpal.ai\/lt\/ismok-portugalu-kalba\/\">portugal\u0173 kalbos<\/a> gramatikos dalykais ir atverkite galimybes bendrauti su milijonais kalb\u0117toj\u0173 visame pasaulyje. I\u0161mok\u0119 pagrindines taisykles ir strukt\u016bras, gal\u0117site dr\u0105siai bendrauti ir m\u0117gautis <a href=\"https:\/\/talkpal.ai\/learn-portuguese\/\">portugal\u0173<\/a> kult\u016bra. Prad\u0117kite mokytis <a href=\"https:\/\/talkpal.ai\/lt\/ismok-portugalu-kalba\/\">portugal\u0173 kalbos<\/a> gramatikos \u0161iandien ir \u017eenkite pirm\u0105j\u012f \u017eingsn\u012f \u012f laisv\u0105 kalb\u0117jim\u0105!<\/p>\r\n\r\n                            <a class=\"getStartedHidden\" href=\"https:\/\/app.talkpal.ai\/lt\/signup?lng=\">Prad\u0117k<\/a>\r\n        \r\n    <\/div>\r\n\r\n    <figure>\r\n    <img decoding=\"async\" width=\"768\" height=\"768\" src=\"https:\/\/talkpal.ai\/wp-content\/uploads\/2023\/06\/portuguese-768x768.png\" class=\"languageImage no-lazy\" alt=\"Language learning for broader world view\" fetchpriority=\"high\" sizes=\"(max-width: 768px) 150px, 768px\" srcset=\"https:\/\/talkpal.ai\/wp-content\/uploads\/2023\/06\/portuguese-768x768.png 768w, https:\/\/talkpal.ai\/wp-content\/uploads\/2023\/06\/portuguese-300x300.png 300w\" \/>\r\n    \r\n\r\n    <\/figure>\r\n\r\n            <a class=\"getStartedVisible\" href=\"https:\/\/app.talkpal.ai\/lt\/signup?lng=\">Prad\u0117k<\/a>\r\n    \r\n<\/section>\r\n<section class=\"promotionalBanner\">\r\n    <p class=\"promotionalText\">Efektyviausias b\u016bdas mokytis <a href=\"https:\/\/talkpal.ai\/what-language-is-spoken-on-the-international-space-station\/\">kalbos<\/a><\/p>\r\n    <a class=\"promotionalLink\" href=\"https:\/\/app.talkpal.ai\/lt\/signup?lng=\">I\u0161bandykite Talkpal &#8221; nemokamai<\/a>\r\n<\/section>\n<div class=\"wp-block-group pageContainerStyle\"><div class=\"wp-block-group__inner-container is-layout-constrained wp-block-group-is-layout-constrained\">\n<h2 class=\"wp-block-heading\" id=\"h-a-beginner-s-guide-to-understanding-portuguese-grammar\">Portugal\u0173 kalbos gramatikos supratimo vadovas pradedantiesiems<\/h2>\n\n\n\n<p>Nesvarbu, ar planuojate kelion\u0119 \u012f Portugalij\u0105, ar tiesiog norite i\u0161mokti nauj\u0105 kalb\u0105, portugal\u0173 kalbos <a href=\"https:\/\/talkpal.ai\/lt\/mokymasis\/\">mokymasis<\/a> gali b\u016bti \u012fdomi ir naudinga patirtis. Vienas esminis portugal\u0173 kalbos mokymosi aspektas, kaip ir bet kuris kitas, yra jos gramatikos supratimas. \u0160is straipsnis pad\u0117s jums susipa\u017einti su portugal\u0173 kalbos gramatikos pagrindais, pateiks esmini\u0173 patarim\u0173 ir \u012f\u017evalg\u0173, pad\u0117sian\u010di\u0173 lengvai nar\u0161yti ir bendrauti. Taigi, jei lauk\u0117te, kada gal\u0117site pasinerti \u012f portugal\u0173 kalbos pasaul\u012f, prad\u0117kime!<\/p>\n\n\n\n<h3 class=\"wp-block-heading\" id=\"h-1-the-basics-nouns-pronouns-and-articles\">1. Pagrindai: daiktavard\u017eiai, \u012fvard\u017eiai ir straipsniai<\/h3>\n\n\n\n<p>Kaip ir <a href=\"https:\/\/talkpal.ai\/learn-english-with-ai\/\">angl\u0173<\/a> kalba, <a href=\"https:\/\/talkpal.ai\/portuguese-grammar\/\">portugal\u0173 kalbos gramatika<\/a> yra pagr\u012fsta daiktavard\u017eiais, \u012fvard\u017eiais ir straipsniais. Portugal\u0173 kalbos daiktavard\u017eiai gali b\u016bti vyri\u0161kosios arba moteri\u0161kosios gimin\u0117s, tod\u0117l svarbu nustatyti j\u0173 lyt\u012f, kad b\u016bt\u0173 galima tinkamai sudaryti sakin\u012f. Pavyzd\u017eiui, &#8222;o menino&#8221; rei\u0161kia &#8222;berniukas&#8221;, o &#8222;a menina&#8221; &#8211; &#8222;mergait\u0117&#8221;.<\/p>\n\n\n\n<p>\u012evard\u017eiai portugal\u0173 kalba, kaip ir angl\u0173 kalba, veikia kaip daiktavard\u017ei\u0173 pakaitalai. Jie taip pat turi lytis. Asmeniniai \u012fvard\u017eiai yra eu (I), voc\u00ea\/tu (tu), ele\/ela (jis\/ji), n\u00f3s (mes) ir eles\/elas (jie).<\/p>\n\n\n\n<p>Konkret\u016bs straipsniai (the) ir neapibr\u0117\u017eti straipsniai (a\/an) taip pat priklauso nuo lyties ir yra b\u016btini tinkamai sakinio konstrukcijai. Portugal\u0173 kalboje tikrieji artikulai yra &#8222;o&#8221; (vyri\u0161kosios gimin\u0117s) ir &#8222;a&#8221; (moteri\u0161kosios gimin\u0117s), o neapibr\u0117\u017etieji &#8211; &#8222;um&#8221; (vyri\u0161kosios gimin\u0117s) ir &#8222;uma&#8221; (moteri\u0161kosios gimin\u0117s).<\/p>\n\n\n\n<h3 class=\"wp-block-heading\" id=\"h-2-adjectives-and-adverbs-add-spice-to-your-sentences\">2. B\u016bdvard\u017eiai ir prieveiksmiai: prid\u0117kite prieskoni\u0173 prie sakini\u0173<\/h3>\n\n\n\n<p>B\u016bdvard\u017eiai yra \u017eod\u017eiai, apib\u016bdinantys ar kei\u010diantys daiktavard\u017eius, ir, kaip ir daiktavard\u017eiai, jie turi lytis. Paprastai b\u016bdvard\u017eiai, kuri\u0173 gal\u016bn\u0117 yra &#8222;o&#8221;, yra vyri\u0161kosios gimin\u0117s, o tie, kuri\u0173 gal\u016bn\u0117 yra &#8222;a&#8221;, yra moteri\u0161kosios gimin\u0117s. Labai svarbu, kad b\u016bdvard\u017eio lytis atitikt\u0173 daiktavard\u017eio, kur\u012f jis apib\u016bdina, lyt\u012f. Pavyzd\u017eiui, &#8222;homem alto&#8221; rei\u0161kia &#8222;auk\u0161tas vyras&#8221;, o &#8222;mulher alta&#8221; &#8211; &#8222;auk\u0161ta moteris&#8221;.<\/p>\n\n\n\n<p>Kita vertus, prieveiksmiai modifikuoja veiksma\u017eod\u017eius, b\u016bdvard\u017eius ar kitus prieveiksmius. Portugal\u0173 kalboje prieveiksmiai paprastai neturi ly\u010diai b\u016bding\u0173 form\u0173. Kai kurie \u012fprasti prieveiksmiai: &#8222;rapidamente&#8221; (greitai), &#8222;lentamente&#8221; (l\u0117tai) ir &#8222;sempre&#8221; (visada).<\/p>\n\n\n\n<h3 class=\"wp-block-heading\" id=\"h-3-verbs-the-action-words\">3. Veiksma\u017eod\u017eiai: veiksmo \u017eod\u017eiai<\/h3>\n\n\n\n<p>Portugal\u0173 veiksma\u017eod\u017eiai skirstomi \u012f tris konjugacijos grupes (-ar, -er, -ir), o j\u0173 formos kei\u010diasi priklausomai nuo \u012ftampos ir dalyko. \u0160tai keletas svarbiausi\u0173 laik\u0173, kuriuos turite \u017einoti:<\/p>\n\n\n\n<p>&#8211; Esamasis laikas (Presente): Apib\u016bdina dabar vykstan\u010dius veiksmus arba \u012fprastus veiksmus.<br\/>&#8211; Praeities laikas (Pret\u00e9rito): Apib\u016bdina praeityje vykusius veiksmus. Yra du tipai: Pret\u00e9rito Perfeito (paprasta praeitis) ir Pret\u00e9rito Imperfeito (praeities nepertraukiamas).<br\/>&#8211; B\u016bsimasis laikas (Futuro): Apib\u016bdina veiksmus, kurie \u012fvyks ateityje.<\/p>\n\n\n\n<p>Veiksma\u017eod\u017ei\u0173 konjugacijos \u012fvaldymas gali b\u016bti i\u0161\u0161\u016bkis portugal\u0173 kalba, ta\u010diau praktika ir nuoseklumas pad\u0117s jums tai suvokti efektyviau.<\/p>\n\n\n\n<h3 class=\"wp-block-heading\" id=\"h-4-word-order-building-understandable-sentences\">4. \u017dod\u017ei\u0173 tvarka: suprantam\u0173 sakini\u0173 k\u016brimas<\/h3>\n\n\n\n<p>Tipi\u0161ka portugal\u0173 sakinio strukt\u016bra atitinka dalyko-veiksma\u017eod\u017eio-objekto (SVO) tvark\u0105. Pavyzd\u017eiui, sakinys &#8222;Eu amo pizza&#8221; (&#8222;A\u0161 m\u0117gstu pic\u0105&#8221;) yra toks pat. Ta\u010diau portugal\u0173 kalbos gramatika gali b\u016bti gana lanksti, ir j\u016bs galite susidurti su \u017eod\u017ei\u0173 tvarkos skirtumais, ypa\u010d literat\u016broje ar neoficialiuose pokalbiuose. Kontekstas ir sveikas protas yra labai svarb\u016bs norint suprasti \u0161iuos variantus.<\/p>\n\n\n\n<h3 class=\"wp-block-heading\" id=\"h-5-negation-and-interrogation-say-no-and-ask-questions\">5. Neigimas ir tardymas: pasakykite &#8222;Ne&#8221; ir u\u017eduokite klausimus<\/h3>\n\n\n\n<p>Norint paneigti sakin\u012f portugal\u0173 kalba, prie\u0161 veiksma\u017eod\u012f tiesiog ra\u0161omas \u017eodis &#8222;n\u00e3o&#8221;. Pavyzd\u017eiui, &#8222;Eu n\u00e3o falo portugu\u00eas&#8221; rei\u0161kia &#8222;A\u0161 nekalbu portugali\u0161kai&#8221;.<\/p>\n\n\n\n<p>Nor\u0117dami teigin\u012f paversti klausimu portugal\u0173 kalba, galite pakeisti \u017eod\u017ei\u0173 tvark\u0105 arba vartoti klausiam\u0105j\u012f \u017eod\u012f (pvz., &#8222;quem&#8221; &#8211; &#8222;kas&#8221;, &#8222;o que&#8221; &#8211; &#8222;kas&#8221; arba &#8222;onde&#8221; &#8211; &#8222;kur&#8221;). Pavyzd\u017eiui, &#8222;Voc\u00ea fala ingl\u00eas?&#8221; ver\u010diama taip: &#8222;Ar kalbate angli\u0161kai?&#8221;<\/p>\n\n\n\n<h3 class=\"wp-block-heading\" id=\"h-conclusion\">I\u0161vada<\/h3>\n\n\n\n<p>Portugal\u0173 kalbos gramatikos mokymasis gali atrodyti bauginantis, bet nenusiminkite! Kiekviena kalba yra sud\u0117tinga, ta\u010diau nuosekliai, prakti\u0161kai ir kantriai bendraudami gal\u0117site bendrauti u\u017etikrintai ir efektyviai. Atminkite, kad gramatikos mokymasis yra tik viena kalbos \u012fgijimo dalis, taip pat tur\u0117tum\u0117te praktikuoti klausym\u0105, kalb\u0117jim\u0105 ir skaitym\u0105 portugal\u0173 kalba. Boa sorte! (S\u0117km\u0117s!)<\/p>\n<\/div><\/div>\n\r\n<section class=\"learnNavigationSection\">\r\n            \r\n        <a href=\"https:\/\/talkpal.ai\/lt\/ismok-portugalu-kalba\/\">\r\n            <div class=\"learnNavigationWrapper\">\r\n                <div class=\"learnNavigationContent\">\r\n                    <img decoding=\"async\" src=\"https:\/\/talkpal.ai\/wp-content\/uploads\/2024\/08\/Portuguese.jpg\" alt=\"Portuguese Flag\">\r\n                    <div>\r\n                        <h4>Apie Portugalijos mokym\u0105si<\/h4>\r\n                        <p>Su\u017einokite visk\u0105 apie Portugalijos gramatik\u0105.<\/p>\r\n                    <\/div>\r\n                <\/div>\r\n            <\/div>\r\n        <\/a>\r\n\r\n        \r\n        <a href=\"https:\/\/talkpal.ai\/lt\/portugalu-kalbos-gramatikos-pratimai\/\">\r\n            <div class=\"learnNavigationWrapper\">\r\n                <div class=\"learnNavigationContent\">\r\n                    <img decoding=\"async\" src=\"https:\/\/talkpal.ai\/wp-content\/uploads\/2024\/08\/Portuguese.jpg\" alt=\"Portuguese Flag\">\r\n                    <div>\r\n                        <h4>Portugal\u0173 kalbos gramatikos pratimai<\/h4>\r\n                        <p>Praktikuokite portugal\u0173 kalbos gramatik\u0105.<\/p>\r\n                    <\/div>\r\n                <\/div>\r\n            <\/div>\r\n        <\/a>\r\n\r\n        \r\n        <a href=\"https:\/\/talkpal.ai\/vocabulary_language\/portuguese\/\">\r\n            <div class=\"learnNavigationWrapper\">\r\n                <div class=\"learnNavigationContent\">\r\n                    <img decoding=\"async\" src=\"https:\/\/talkpal.ai\/wp-content\/uploads\/2024\/08\/Portuguese.jpg\" alt=\"Portuguese Flag\">\r\n                    <div>\r\n                        <h4>Portugal\u0173 kalbos \u017eodynas<\/h4>\r\n                        <p>Prapl\u0117skite savo portugal\u0173 kalbos \u017eodyn\u0105.<\/p>\r\n                    <\/div>\r\n                <\/div>\r\n            <\/div>\r\n        <\/a>\r\n\r\n            <\/section>","protected":false},"excerpt":{"rendered":"<p>Portugal\u0173 kalbos gramatikos supratimo vadovas pradedantiesiems Nesvarbu, ar planuojate kelion\u0119 \u012f Portugalij\u0105, ar tiesiog norite i\u0161mokti nauj\u0105 kalb\u0105, portugal\u0173 kalbos mokymasis gali b\u016bti \u012fdomi ir naudinga patirtis. Vienas esminis portugal\u0173 kalbos mokymosi aspektas, kaip ir bet kuris kitas, yra jos gramatikos supratimas. \u0160is straipsnis pad\u0117s jums susipa\u017einti su portugal\u0173 kalbos gramatikos pagrindais, pateiks esmini\u0173 patarim\u0173 [&hellip;]<\/p>\n","protected":false},"author":1,"featured_media":107756,"parent":0,"menu_order":0,"comment_status":"closed","ping_status":"closed","template":"LearningContentPage.php","meta":{"_acf_changed":false,"footnotes":""},"class_list":["post-130192","page","type-page","status-publish","has-post-thumbnail","hentry"],"acf":[],"yoast_head":"<!-- This site is optimized with the Yoast SEO Premium plugin v27.2 (Yoast SEO v27.2) - https:\/\/yoast.com\/product\/yoast-seo-premium-wordpress\/ -->\n<title>Portugal\u0173 kalbos gramatika - Talkpal<\/title>\n<meta name=\"description\" content=\"\u012evaldykite portugal\u0173 kalbos gramatik\u0105 naudodami interaktyvius pratimus, skirtus visiems \u012fg\u016bd\u017ei\u0173 lygiams. Pagerinkite savo kalbos \u017einias!\" \/>\n<meta name=\"robots\" content=\"index, follow, max-snippet:-1, max-image-preview:large, max-video-preview:-1\" \/>\n<link rel=\"canonical\" href=\"https:\/\/talkpal.ai\/lt\/portugalu-kalbos-gramatika\/\" \/>\n<meta property=\"og:locale\" content=\"lt_LT\" \/>\n<meta property=\"og:type\" content=\"article\" \/>\n<meta property=\"og:title\" content=\"Portugal\u0173 kalbos gramatika\" \/>\n<meta property=\"og:description\" content=\"Portugal\u0173 kalbos gramatikos supratimo vadovas pradedantiesiems Nesvarbu, ar planuojate kelion\u0119 \u012f Portugalij\u0105, ar tiesiog norite i\u0161mokti nauj\u0105 kalb\u0105,\" \/>\n<meta property=\"og:url\" content=\"https:\/\/talkpal.ai\/lt\/portugalu-kalbos-gramatika\/\" \/>\n<meta property=\"og:site_name\" content=\"Talkpal\" \/>\n<meta property=\"article:publisher\" content=\"https:\/\/www.facebook.com\/profile.php?id=100090733639311\" \/>\n<meta property=\"article:modified_time\" content=\"2025-12-11T16:47:28+00:00\" \/>\n<meta property=\"og:image\" content=\"https:\/\/talkpal.ai\/wp-content\/uploads\/2023\/04\/portugal.png\" \/>\n\t<meta property=\"og:image:width\" content=\"512\" \/>\n\t<meta property=\"og:image:height\" content=\"512\" \/>\n\t<meta property=\"og:image:type\" content=\"image\/png\" \/>\n<meta name=\"twitter:card\" content=\"summary_large_image\" \/>\n<meta name=\"twitter:site\" content=\"@talkpalai\" \/>\n<meta name=\"twitter:label1\" content=\"Est. reading time\" \/>\n\t<meta name=\"twitter:data1\" content=\"3 minut\u0117s\" \/>\n<script type=\"application\/ld+json\" class=\"yoast-schema-graph\">{\"@context\":\"https:\/\/schema.org\",\"@graph\":[{\"@type\":\"WebPage\",\"@id\":\"https:\/\/talkpal.ai\/lt\/portugalu-kalbos-gramatika\/\",\"url\":\"https:\/\/talkpal.ai\/lt\/portugalu-kalbos-gramatika\/\",\"name\":\"Portugal\u0173 kalbos gramatika - Talkpal\",\"isPartOf\":{\"@id\":\"https:\/\/talkpal.ai\/lt\/#website\"},\"primaryImageOfPage\":{\"@id\":\"https:\/\/talkpal.ai\/lt\/portugalu-kalbos-gramatika\/#primaryimage\"},\"image\":{\"@id\":\"https:\/\/talkpal.ai\/lt\/portugalu-kalbos-gramatika\/#primaryimage\"},\"thumbnailUrl\":\"https:\/\/talkpal.ai\/wp-content\/uploads\/2023\/04\/portugal.png\",\"datePublished\":\"2023-05-14T13:51:46+00:00\",\"dateModified\":\"2025-12-11T16:47:28+00:00\",\"description\":\"\u012evaldykite portugal\u0173 kalbos gramatik\u0105 naudodami interaktyvius pratimus, skirtus visiems \u012fg\u016bd\u017ei\u0173 lygiams. Pagerinkite savo kalbos \u017einias!\",\"breadcrumb\":{\"@id\":\"https:\/\/talkpal.ai\/lt\/portugalu-kalbos-gramatika\/#breadcrumb\"},\"inLanguage\":\"lt-LT\",\"potentialAction\":[{\"@type\":\"ReadAction\",\"target\":[\"https:\/\/talkpal.ai\/lt\/portugalu-kalbos-gramatika\/\"]}]},{\"@type\":\"ImageObject\",\"inLanguage\":\"lt-LT\",\"@id\":\"https:\/\/talkpal.ai\/lt\/portugalu-kalbos-gramatika\/#primaryimage\",\"url\":\"https:\/\/talkpal.ai\/wp-content\/uploads\/2023\/04\/portugal.png\",\"contentUrl\":\"https:\/\/talkpal.ai\/wp-content\/uploads\/2023\/04\/portugal.png\",\"width\":512,\"height\":512},{\"@type\":\"BreadcrumbList\",\"@id\":\"https:\/\/talkpal.ai\/lt\/portugalu-kalbos-gramatika\/#breadcrumb\",\"itemListElement\":[{\"@type\":\"ListItem\",\"position\":1,\"name\":\"Homepage\",\"item\":\"https:\/\/talkpal.ai\/lt\/\"},{\"@type\":\"ListItem\",\"position\":2,\"name\":\"Portugal\u0173 kalbos gramatika\"}]},{\"@type\":\"WebSite\",\"@id\":\"https:\/\/talkpal.ai\/lt\/#website\",\"url\":\"https:\/\/talkpal.ai\/lt\/\",\"name\":\"Talkpal\",\"description\":\"AI Language Learning\",\"publisher\":{\"@id\":\"https:\/\/talkpal.ai\/lt\/#organization\"},\"alternateName\":\"Talkpal AI\",\"potentialAction\":[{\"@type\":\"SearchAction\",\"target\":{\"@type\":\"EntryPoint\",\"urlTemplate\":\"https:\/\/talkpal.ai\/lt\/?s={search_term_string}\"},\"query-input\":{\"@type\":\"PropertyValueSpecification\",\"valueRequired\":true,\"valueName\":\"search_term_string\"}}],\"inLanguage\":\"lt-LT\"},{\"@type\":\"Organization\",\"@id\":\"https:\/\/talkpal.ai\/lt\/#organization\",\"name\":\"Talkpal, Inc.\",\"alternateName\":\"Talkpal AI\",\"url\":\"https:\/\/talkpal.ai\/lt\/\",\"logo\":{\"@type\":\"ImageObject\",\"inLanguage\":\"lt-LT\",\"@id\":\"https:\/\/talkpal.ai\/lt\/#\/schema\/logo\/image\/\",\"url\":\"https:\/\/talkpal.ai\/wp-content\/uploads\/2024\/03\/Talkpal-Logo-Icon.png\",\"contentUrl\":\"https:\/\/talkpal.ai\/wp-content\/uploads\/2024\/03\/Talkpal-Logo-Icon.png\",\"width\":2880,\"height\":2880,\"caption\":\"Talkpal, Inc.\"},\"image\":{\"@id\":\"https:\/\/talkpal.ai\/lt\/#\/schema\/logo\/image\/\"},\"sameAs\":[\"https:\/\/www.facebook.com\/profile.php?id=100090733639311\",\"https:\/\/x.com\/talkpalai\",\"https:\/\/www.linkedin.com\/company\/talkpal\/\",\"https:\/\/www.youtube.com\/@TalkPal\/\",\"https:\/\/www.tiktok.com\/@talkpal\",\"https:\/\/www.instagram.com\/talkpal_ai\/\",\"https:\/\/www.crunchbase.com\/organization\/talkpal-9cde\",\"https:\/\/www.g2.com\/products\/talkpal-for-business\/\",\"https:\/\/www.trustpilot.com\/review\/talkpal.ai\",\"https:\/\/www.capterra.com\/p\/10006800\/TalkPal\/\"],\"description\":\"Talkpal is a language learning web and mobile education app, powered by the latest AI technologies, that provides engaging experiences to its customers in many different languages to help them improve their language skills. Users can chat about unlimited amount of topics with the app and use other modes to practice their language learning.\",\"email\":\"support@talkpal.ai\",\"legalName\":\"Talkpal, Inc.\",\"foundingDate\":\"2023-04-03\",\"duns\":\"118989042\",\"numberOfEmployees\":{\"@type\":\"QuantitativeValue\",\"minValue\":\"11\",\"maxValue\":\"50\"},\"publishingPrinciples\":\"https:\/\/talkpal.ai\/publishing-principles\/\",\"actionableFeedbackPolicy\":\"https:\/\/talkpal.ai\/actionable-feedback-policy\/\",\"correctionsPolicy\":\"https:\/\/talkpal.ai\/corrections-policy\/\",\"ethicsPolicy\":\"https:\/\/talkpal.ai\/ethics-policy\/\",\"diversityPolicy\":\"https:\/\/talkpal.ai\/diversity-policy\/\",\"diversityStaffingReport\":\"https:\/\/talkpal.ai\/diversity-policy\/\"}]}<\/script>\n<!-- \/ Yoast SEO Premium plugin. -->","yoast_head_json":{"title":"Portugal\u0173 kalbos gramatika - Talkpal","description":"\u012evaldykite portugal\u0173 kalbos gramatik\u0105 naudodami interaktyvius pratimus, skirtus visiems \u012fg\u016bd\u017ei\u0173 lygiams. Pagerinkite savo kalbos \u017einias!","robots":{"index":"index","follow":"follow","max-snippet":"max-snippet:-1","max-image-preview":"max-image-preview:large","max-video-preview":"max-video-preview:-1"},"canonical":"https:\/\/talkpal.ai\/lt\/portugalu-kalbos-gramatika\/","og_locale":"lt_LT","og_type":"article","og_title":"Portugal\u0173 kalbos gramatika","og_description":"Portugal\u0173 kalbos gramatikos supratimo vadovas pradedantiesiems Nesvarbu, ar planuojate kelion\u0119 \u012f Portugalij\u0105, ar tiesiog norite i\u0161mokti nauj\u0105 kalb\u0105,","og_url":"https:\/\/talkpal.ai\/lt\/portugalu-kalbos-gramatika\/","og_site_name":"Talkpal","article_publisher":"https:\/\/www.facebook.com\/profile.php?id=100090733639311","article_modified_time":"2025-12-11T16:47:28+00:00","og_image":[{"width":512,"height":512,"url":"https:\/\/talkpal.ai\/wp-content\/uploads\/2023\/04\/portugal.png","type":"image\/png"}],"twitter_card":"summary_large_image","twitter_site":"@talkpalai","twitter_misc":{"Est. reading time":"3 minut\u0117s"},"schema":{"@context":"https:\/\/schema.org","@graph":[{"@type":"WebPage","@id":"https:\/\/talkpal.ai\/lt\/portugalu-kalbos-gramatika\/","url":"https:\/\/talkpal.ai\/lt\/portugalu-kalbos-gramatika\/","name":"Portugal\u0173 kalbos gramatika - Talkpal","isPartOf":{"@id":"https:\/\/talkpal.ai\/lt\/#website"},"primaryImageOfPage":{"@id":"https:\/\/talkpal.ai\/lt\/portugalu-kalbos-gramatika\/#primaryimage"},"image":{"@id":"https:\/\/talkpal.ai\/lt\/portugalu-kalbos-gramatika\/#primaryimage"},"thumbnailUrl":"https:\/\/talkpal.ai\/wp-content\/uploads\/2023\/04\/portugal.png","datePublished":"2023-05-14T13:51:46+00:00","dateModified":"2025-12-11T16:47:28+00:00","description":"\u012evaldykite portugal\u0173 kalbos gramatik\u0105 naudodami interaktyvius pratimus, skirtus visiems \u012fg\u016bd\u017ei\u0173 lygiams. Pagerinkite savo kalbos \u017einias!","breadcrumb":{"@id":"https:\/\/talkpal.ai\/lt\/portugalu-kalbos-gramatika\/#breadcrumb"},"inLanguage":"lt-LT","potentialAction":[{"@type":"ReadAction","target":["https:\/\/talkpal.ai\/lt\/portugalu-kalbos-gramatika\/"]}]},{"@type":"ImageObject","inLanguage":"lt-LT","@id":"https:\/\/talkpal.ai\/lt\/portugalu-kalbos-gramatika\/#primaryimage","url":"https:\/\/talkpal.ai\/wp-content\/uploads\/2023\/04\/portugal.png","contentUrl":"https:\/\/talkpal.ai\/wp-content\/uploads\/2023\/04\/portugal.png","width":512,"height":512},{"@type":"BreadcrumbList","@id":"https:\/\/talkpal.ai\/lt\/portugalu-kalbos-gramatika\/#breadcrumb","itemListElement":[{"@type":"ListItem","position":1,"name":"Homepage","item":"https:\/\/talkpal.ai\/lt\/"},{"@type":"ListItem","position":2,"name":"Portugal\u0173 kalbos gramatika"}]},{"@type":"WebSite","@id":"https:\/\/talkpal.ai\/lt\/#website","url":"https:\/\/talkpal.ai\/lt\/","name":"Talkpal","description":"AI Language Learning","publisher":{"@id":"https:\/\/talkpal.ai\/lt\/#organization"},"alternateName":"Talkpal AI","potentialAction":[{"@type":"SearchAction","target":{"@type":"EntryPoint","urlTemplate":"https:\/\/talkpal.ai\/lt\/?s={search_term_string}"},"query-input":{"@type":"PropertyValueSpecification","valueRequired":true,"valueName":"search_term_string"}}],"inLanguage":"lt-LT"},{"@type":"Organization","@id":"https:\/\/talkpal.ai\/lt\/#organization","name":"Talkpal, Inc.","alternateName":"Talkpal AI","url":"https:\/\/talkpal.ai\/lt\/","logo":{"@type":"ImageObject","inLanguage":"lt-LT","@id":"https:\/\/talkpal.ai\/lt\/#\/schema\/logo\/image\/","url":"https:\/\/talkpal.ai\/wp-content\/uploads\/2024\/03\/Talkpal-Logo-Icon.png","contentUrl":"https:\/\/talkpal.ai\/wp-content\/uploads\/2024\/03\/Talkpal-Logo-Icon.png","width":2880,"height":2880,"caption":"Talkpal, Inc."},"image":{"@id":"https:\/\/talkpal.ai\/lt\/#\/schema\/logo\/image\/"},"sameAs":["https:\/\/www.facebook.com\/profile.php?id=100090733639311","https:\/\/x.com\/talkpalai","https:\/\/www.linkedin.com\/company\/talkpal\/","https:\/\/www.youtube.com\/@TalkPal\/","https:\/\/www.tiktok.com\/@talkpal","https:\/\/www.instagram.com\/talkpal_ai\/","https:\/\/www.crunchbase.com\/organization\/talkpal-9cde","https:\/\/www.g2.com\/products\/talkpal-for-business\/","https:\/\/www.trustpilot.com\/review\/talkpal.ai","https:\/\/www.capterra.com\/p\/10006800\/TalkPal\/"],"description":"Talkpal is a language learning web and mobile education app, powered by the latest AI technologies, that provides engaging experiences to its customers in many different languages to help them improve their language skills. Users can chat about unlimited amount of topics with the app and use other modes to practice their language learning.","email":"support@talkpal.ai","legalName":"Talkpal, Inc.","foundingDate":"2023-04-03","duns":"118989042","numberOfEmployees":{"@type":"QuantitativeValue","minValue":"11","maxValue":"50"},"publishingPrinciples":"https:\/\/talkpal.ai\/publishing-principles\/","actionableFeedbackPolicy":"https:\/\/talkpal.ai\/actionable-feedback-policy\/","correctionsPolicy":"https:\/\/talkpal.ai\/corrections-policy\/","ethicsPolicy":"https:\/\/talkpal.ai\/ethics-policy\/","diversityPolicy":"https:\/\/talkpal.ai\/diversity-policy\/","diversityStaffingReport":"https:\/\/talkpal.ai\/diversity-policy\/"}]}},"_links":{"self":[{"href":"https:\/\/talkpal.ai\/lt\/wp-json\/wp\/v2\/pages\/130192","targetHints":{"allow":["GET"]}}],"collection":[{"href":"https:\/\/talkpal.ai\/lt\/wp-json\/wp\/v2\/pages"}],"about":[{"href":"https:\/\/talkpal.ai\/lt\/wp-json\/wp\/v2\/types\/page"}],"author":[{"embeddable":true,"href":"https:\/\/talkpal.ai\/lt\/wp-json\/wp\/v2\/users\/1"}],"replies":[{"embeddable":true,"href":"https:\/\/talkpal.ai\/lt\/wp-json\/wp\/v2\/comments?post=130192"}],"version-history":[{"count":0,"href":"https:\/\/talkpal.ai\/lt\/wp-json\/wp\/v2\/pages\/130192\/revisions"}],"wp:featuredmedia":[{"embeddable":true,"href":"https:\/\/talkpal.ai\/lt\/wp-json\/wp\/v2\/media\/107756"}],"wp:attachment":[{"href":"https:\/\/talkpal.ai\/lt\/wp-json\/wp\/v2\/media?parent=130192"}],"curies":[{"name":"wp","href":"https:\/\/api.w.org\/{rel}","templated":true}]}}