{"id":129722,"date":"2023-05-14T13:51:09","date_gmt":"2023-05-14T13:51:09","guid":{"rendered":"http:\/\/talkpal.ai\/japonu-kalbos-gramatika\/"},"modified":"2025-12-11T16:43:57","modified_gmt":"2025-12-11T16:43:57","slug":"japonu-kalbos-gramatika","status":"publish","type":"page","link":"https:\/\/talkpal.ai\/lt\/japonu-kalbos-gramatika\/","title":{"rendered":"Japon\u0173 kalbos gramatika"},"content":{"rendered":"\r\n\r\n\r\n<section class=\"languageChallengeSection\">\r\n    <div class=\"languageInfoWrapper\">\r\n        \r\n        <h1>Japon\u0173 kalbos gramatika<\/h1>\r\n        <p>Pagerinkite savo <a href=\"https:\/\/talkpal.ai\/lt\/ismok-japonu-kalba\/\">japon\u0173 kalbos<\/a> \u012fg\u016bd\u017eius, i\u0161mokdami esminius gramatikos dalykus su ai\u0161kiais paai\u0161kinimais ir pavyzd\u017eiais. Prad\u0117kite kelion\u0119 \u012f skland\u0173 kalb\u0117jim\u0105 &#8211; pasinerkite \u012f <a href=\"https:\/\/talkpal.ai\/learn-japanese\/\">japon\u0173<\/a> <a href=\"https:\/\/talkpal.ai\/what-language-is-spoken-on-the-international-space-station\/\">kalbos<\/a> gramatik\u0105 \u0161iandien!<\/p>\r\n\r\n                            <a class=\"getStartedHidden\" href=\"https:\/\/app.talkpal.ai\/lt\/signup?lng=\">Prad\u0117k<\/a>\r\n        \r\n    <\/div>\r\n\r\n    <figure>\r\n    <img decoding=\"async\" width=\"768\" height=\"768\" src=\"https:\/\/talkpal.ai\/wp-content\/uploads\/2023\/06\/japanese-768x768.png\" class=\"languageImage no-lazy\" alt=\"Language learning for world travelers\" fetchpriority=\"high\" sizes=\"(max-width: 768px) 150px, 768px\" srcset=\"https:\/\/talkpal.ai\/wp-content\/uploads\/2023\/06\/japanese-768x768.png 768w, https:\/\/talkpal.ai\/wp-content\/uploads\/2023\/06\/japanese-300x300.png 300w\" \/>\r\n    \r\n\r\n    <\/figure>\r\n\r\n            <a class=\"getStartedVisible\" href=\"https:\/\/app.talkpal.ai\/lt\/signup?lng=\">Prad\u0117k<\/a>\r\n    \r\n<\/section>\r\n<section class=\"promotionalBanner\">\r\n    <p class=\"promotionalText\">Efektyviausias b\u016bdas mokytis kalbos<\/p>\r\n    <a class=\"promotionalLink\" href=\"https:\/\/app.talkpal.ai\/lt\/signup?lng=\">I\u0161bandykite Talkpal &#8221; nemokamai<\/a>\r\n<\/section>\n<div class=\"wp-block-group pageContainerStyle\"><div class=\"wp-block-group__inner-container is-layout-constrained wp-block-group-is-layout-constrained\">\n<h2 class=\"wp-block-heading\" id=\"h-mastering-the-intricacies-of-japanese-grammar\">Japon\u0173 kalbos gramatikos subtilybi\u0173 \u012fsisavinimas<\/h2>\n\n\n\n<p><a href=\"https:\/\/talkpal.ai\/talkpal-discount-for-language-enthusiasts\/\">Kalbos entuziastai<\/a> da\u017enai mano, kad japon\u0173 kalba yra patraukli ir sud\u0117tinga mokytis kalba, daugiausia d\u0117l unikalios gramatikos sistemos. Nepaisant to, <a href=\"https:\/\/talkpal.ai\/lt\/ismok-japonu-kalba\/\">japon\u0173 kalbos<\/a> gramatikos supratimas gali \u017eymiai pagerinti j\u016bs\u0173 bendravimo \u012fg\u016bd\u017eius ir kult\u016brin\u012f supratim\u0105. \u0160iame straipsnyje aptarsime kelet\u0105 esmini\u0173 japon\u0173 kalbos gramatikos aspekt\u0173, kurie pad\u0117s jums mokytis kalb\u0173. Taigi, prisisekite dir\u017eus ir pasinerkite \u012f kerint\u012f japon\u0173 kalbos gramatikos pasaul\u012f.<\/p>\n\n\n\n<h3 class=\"wp-block-heading\" id=\"h-1-sentence-structure-sov\">1. Sakinio strukt\u016bra: SOV<\/h3>\n\n\n\n<p>Skirtingai nei <a href=\"https:\/\/talkpal.ai\/learn-english-with-ai\/\">angl\u0173<\/a> kalboje (Subject &#8211; Verb &#8211; Object arba SVO), japon\u0173 kalboje vyrauja sakinio strukt\u016bra Subject &#8211; Object &#8211; Verb (SOV). <a href=\"https:\/\/talkpal.ai\/learn-thai\/\">Tai<\/a> rei\u0161kia, kad veiksma\u017eodis sakinyje paprastai b\u016bna paskutinis. \u0160ios unikalios \u017eod\u017ei\u0173 tvarkos pakabinimas yra gyvybi\u0161kai svarbus formuojant suprantamus sakinius japon\u0173 kalba.<\/p>\n\n\n\n<p>Pavyzdys:  <\/p>\n\n\n\n<p>&#8211; \u308f\u305f\u3057\u306f\u308a\u3093\u3054\u3092\u305f\u3079\u307e\u3059\u3002 (Valgau obuol\u012f)<\/p>\n\n\n\n<p>&#8211; Watashi wa ringo o tabemasu. (lit. A\u0161 obuol\u012f valgau)<\/p>\n\n\n\n<h3 class=\"wp-block-heading\" id=\"h-2-particles-the-sentence-connectors\">2. Dalel\u0117s: sakini\u0173 jungtys<\/h3>\n\n\n\n<p>Japon\u0173 kalbos gramatikoje dalel\u0117ms tenka labai svarbus vaidmuo &#8211; jos \u017eymi \u017eod\u017eio funkcij\u0105 sakinyje. Da\u017eniausiai pasitaikan\u010dios dalelyt\u0117s: \u306f (wa), \u3092 (o), \u304c (ga), \u3067 (de) ir \u306b (ni). Suprasdami, kaip \u0161ios dalel\u0117s veikia, pamatysite, kad i\u0161\u0161ifruoti ir sudaryti japoni\u0161kus sakinius <a href=\"https:\/\/talkpal.ai\/locations\/language-courses-in-tampa\/\">tampa<\/a> daug lengviau.<\/p>\n\n\n\n<h3 class=\"wp-block-heading\" id=\"h-3-verbs-an-introduction-to-conjugation\">3. Veiksma\u017eod\u017eiai: \u012fvadas \u012f konjugacij\u0105<\/h3>\n\n\n\n<p>Japon\u0173 kalbos veiksma\u017eod\u017eiai skirstomi \u012f tris pagrindines grupes pagal j\u0173 pagrindin\u0117s formos gal\u016bn\u0119. \u012e \u0161ias grupes atsi\u017evelgiama konjuguojant \u012ftamp\u0105, mandagum\u0105 ir nuotaik\u0105. Geros naujienos yra tai, kad japon\u0173 veiksma\u017eod\u017eiai nesikei\u010dia priklausomai nuo dalyko, tod\u0117l jie yra ma\u017eiau sud\u0117tingi nei kai kuri\u0173 kit\u0173 kalb\u0173.<\/p>\n\n\n\n<p>&#8211; 1 grup\u0117: U formos veiksma\u017eod\u017eiai<\/p>\n\n\n\n<p>&#8211; 2 grup\u0117: Ru-veiksma\u017eod\u017eiai<\/p>\n\n\n\n<p>&#8211; 3 grup\u0117: netaisyklingi veiksma\u017eod\u017eiai (tik du veiksma\u017eod\u017eiai &#8211; \u3059\u308b (suru) ir \u6765\u308b (kuru))<\/p>\n\n\n\n<h3 class=\"wp-block-heading\" id=\"h-4-politeness-levels\">4. Mandagumo lygiai<\/h3>\n\n\n\n<p>Japon\u0173 kalboje gausu mandagumo, ir tai atsispindi kalbos gramatikoje. Yra trys pagrindiniai mandagumo lygiai: atsitiktinis, mandagus ir garbingas. J\u0173 pripa\u017einimas ir tinkamas naudojimas yra b\u016btinas nat\u016braliam ir pagarbiam bendravimui.<\/p>\n\n\n\n<p>&#8211; atsitiktiniai: paprastosios veiksma\u017eod\u017eio formos (pvz., \u98df\u3079\u308b &#8211; taberu &#8211; valgyti)<\/p>\n\n\n\n<p>&#8211; mandagumas: \u307e\u3059 (masu) konjugacija (pvz., \u98df\u3079\u307e\u3059 &#8211; tabemasu &#8211; valgyti (mandagiai))<\/p>\n\n\n\n<p>&#8211; Garb\u0117: special\u016bs junginiai ir prie\u0161d\u0117liai (pvz., \u304a\u53ec\u3057\u4e0a\u304c\u308a\u306b\u306a\u308b &#8211; omeshiagari ni naru &#8211; valgyti (garb\u0117))<\/p>\n\n\n\n<h3 class=\"wp-block-heading\" id=\"h-5-japanese-adjectives\">5. Japon\u0173 b\u016bdvard\u017eiai<\/h3>\n\n\n\n<p>Japon\u0173 b\u016bdvard\u017eiai b\u016bna dviej\u0173 tip\u0173: i-b\u016bdvard\u017eiai ir na-b\u016bdvard\u017eiai. Abu tipai turi unikalias konjugacijos taisykles ir skirtingai s\u0105veikauja su daiktavard\u017eiais. \u0160i\u0173 dviej\u0173 tip\u0173 b\u016bdvard\u017ei\u0173 naudojimo \u012fsisavinimas yra labai svarbus efektyviam bendravimui japon\u0173 kalba.<\/p>\n\n\n\n<h3 class=\"wp-block-heading\" id=\"h-6-engaging-with-the-language\">6. \u012esitraukimas \u012f kalb\u0105<\/h3>\n\n\n\n<p>Vienas i\u0161 efektyviausi\u0173 b\u016bd\u0173 i\u0161mokti japon\u0173 kalbos gramatik\u0105 yra nuosekliai bendrauti su kalba. Nuo japoni\u0161k\u0173 film\u0173 ir anime \u017ei\u016br\u0117jimo iki dalyvavimo pokalbi\u0173 mainuose su gimt\u0105ja kalba, pasinerimas \u012f kalb\u0105 pad\u0117s \u012ftvirtinti gramatikos s\u0105vokas ir i\u0161pl\u0117sti \u017eodyn\u0105.<\/p>\n\n\n\n<h3 class=\"wp-block-heading\" id=\"h-conclusion\">I\u0161vada<\/h3>\n\n\n\n<p>Nors japon\u0173 kalbos gramatika i\u0161 prad\u017ei\u0173 gali atrodyti priblo\u0161kianti, pasi\u0161vent\u0119 ir skyr\u0119 laiko, lengvai \u012fveiksite jos sud\u0117tingum\u0105. Svarbiausia yra i\u0161likti smalsiems ir reguliariai praktikuotis. S\u0117km\u0117s kelion\u0117je link japon\u0173 kalbos gramatikos \u012fsisavinimo ir m\u0117gaukit\u0117s kalbiniu nuotykiu!<\/p>\n<\/div><\/div>\n\r\n<section class=\"learnNavigationSection\">\r\n            \r\n        <a href=\"https:\/\/talkpal.ai\/lt\/ismok-japonu-kalba\/\">\r\n            <div class=\"learnNavigationWrapper\">\r\n                <div class=\"learnNavigationContent\">\r\n                    <img decoding=\"async\" src=\"https:\/\/talkpal.ai\/wp-content\/uploads\/2024\/08\/Japanese.jpg\" alt=\"Japanese Flag\">\r\n                    <div>\r\n                        <h4>Apie japon\u0173 kalbos mokym\u0105si<\/h4>\r\n                        <p>Su\u017einokite visk\u0105 apie japon\u0173 kalbos gramatik\u0105.<\/p>\r\n                    <\/div>\r\n                <\/div>\r\n            <\/div>\r\n        <\/a>\r\n\r\n        \r\n        <a href=\"https:\/\/talkpal.ai\/lt\/japonu-kalbos-gramatikos-pratimai\/\">\r\n            <div class=\"learnNavigationWrapper\">\r\n                <div class=\"learnNavigationContent\">\r\n                    <img decoding=\"async\" src=\"https:\/\/talkpal.ai\/wp-content\/uploads\/2024\/08\/Japanese.jpg\" alt=\"Japanese Flag\">\r\n                    <div>\r\n                        <h4>Japon\u0173 kalbos gramatikos pratimai<\/h4>\r\n                        <p>Praktikuokite japon\u0173 kalbos gramatik\u0105.<\/p>\r\n                    <\/div>\r\n                <\/div>\r\n            <\/div>\r\n        <\/a>\r\n\r\n        \r\n        <a href=\"https:\/\/talkpal.ai\/vocabulary_language\/japanese\/\">\r\n            <div class=\"learnNavigationWrapper\">\r\n                <div class=\"learnNavigationContent\">\r\n                    <img decoding=\"async\" src=\"https:\/\/talkpal.ai\/wp-content\/uploads\/2024\/08\/Japanese.jpg\" alt=\"Japanese Flag\">\r\n                    <div>\r\n                        <h4>Japon\u0173 kalbos \u017eodynas<\/h4>\r\n                        <p>Prapl\u0117skite savo japon\u0173 kalbos \u017eodyn\u0105.<\/p>\r\n                    <\/div>\r\n                <\/div>\r\n            <\/div>\r\n        <\/a>\r\n\r\n            <\/section>","protected":false},"excerpt":{"rendered":"<p>Japon\u0173 kalbos gramatikos subtilybi\u0173 \u012fsisavinimas Kalbos entuziastai da\u017enai mano, kad japon\u0173 kalba yra patraukli ir sud\u0117tinga mokytis kalba, daugiausia d\u0117l unikalios gramatikos sistemos. Nepaisant to, japon\u0173 kalbos gramatikos supratimas gali \u017eymiai pagerinti j\u016bs\u0173 bendravimo \u012fg\u016bd\u017eius ir kult\u016brin\u012f supratim\u0105. \u0160iame straipsnyje aptarsime kelet\u0105 esmini\u0173 japon\u0173 kalbos gramatikos aspekt\u0173, kurie pad\u0117s jums mokytis kalb\u0173. Taigi, prisisekite dir\u017eus [&hellip;]<\/p>\n","protected":false},"author":1,"featured_media":107223,"parent":0,"menu_order":0,"comment_status":"closed","ping_status":"closed","template":"LearningContentPage.php","meta":{"_acf_changed":false,"footnotes":""},"class_list":["post-129722","page","type-page","status-publish","has-post-thumbnail","hentry"],"acf":[],"yoast_head":"<!-- This site is optimized with the Yoast SEO Premium plugin v27.2 (Yoast SEO v27.2) - https:\/\/yoast.com\/product\/yoast-seo-premium-wordpress\/ -->\n<title>Japon\u0173 kalbos gramatika - Talkpal<\/title>\n<meta name=\"description\" content=\"\u012evaldykite japon\u0173 kalbos gramatik\u0105 naudodami m\u016bs\u0173 dirbtinio intelekto kalb\u0173 mokymosi program\u0117l\u0119. Lengvai patobulinkite savo kalbos \u012fg\u016bd\u017eius naudodami Talkpal\u201eAI\u201c palaikym\u0105.\" \/>\n<meta name=\"robots\" content=\"index, follow, max-snippet:-1, max-image-preview:large, max-video-preview:-1\" \/>\n<link rel=\"canonical\" href=\"https:\/\/talkpal.ai\/lt\/japonu-kalbos-gramatika\/\" \/>\n<meta property=\"og:locale\" content=\"lt_LT\" \/>\n<meta property=\"og:type\" content=\"article\" \/>\n<meta property=\"og:title\" content=\"Japon\u0173 kalbos gramatika\" \/>\n<meta property=\"og:description\" content=\"Japon\u0173 kalbos gramatikos subtilybi\u0173 \u012fsisavinimas Kalbos entuziastai da\u017enai mano, kad japon\u0173 kalba yra patraukli ir sud\u0117tinga mokytis kalba, daugiausia d\u0117l\" \/>\n<meta property=\"og:url\" content=\"https:\/\/talkpal.ai\/lt\/japonu-kalbos-gramatika\/\" \/>\n<meta property=\"og:site_name\" content=\"Talkpal\" \/>\n<meta property=\"article:publisher\" content=\"https:\/\/www.facebook.com\/profile.php?id=100090733639311\" \/>\n<meta property=\"article:modified_time\" content=\"2025-12-11T16:43:57+00:00\" \/>\n<meta property=\"og:image\" content=\"https:\/\/talkpal.ai\/wp-content\/uploads\/2023\/04\/japan.png\" \/>\n\t<meta property=\"og:image:width\" content=\"512\" \/>\n\t<meta property=\"og:image:height\" content=\"512\" \/>\n\t<meta property=\"og:image:type\" content=\"image\/png\" \/>\n<meta name=\"twitter:card\" content=\"summary_large_image\" \/>\n<meta name=\"twitter:site\" content=\"@talkpalai\" \/>\n<meta name=\"twitter:label1\" content=\"Est. reading time\" \/>\n\t<meta name=\"twitter:data1\" content=\"2 minut\u0117s\" \/>\n<script type=\"application\/ld+json\" class=\"yoast-schema-graph\">{\"@context\":\"https:\/\/schema.org\",\"@graph\":[{\"@type\":\"WebPage\",\"@id\":\"https:\/\/talkpal.ai\/lt\/japonu-kalbos-gramatika\/\",\"url\":\"https:\/\/talkpal.ai\/lt\/japonu-kalbos-gramatika\/\",\"name\":\"Japon\u0173 kalbos gramatika - Talkpal\",\"isPartOf\":{\"@id\":\"https:\/\/talkpal.ai\/lt\/#website\"},\"primaryImageOfPage\":{\"@id\":\"https:\/\/talkpal.ai\/lt\/japonu-kalbos-gramatika\/#primaryimage\"},\"image\":{\"@id\":\"https:\/\/talkpal.ai\/lt\/japonu-kalbos-gramatika\/#primaryimage\"},\"thumbnailUrl\":\"https:\/\/talkpal.ai\/wp-content\/uploads\/2023\/04\/japan.png\",\"datePublished\":\"2023-05-14T13:51:09+00:00\",\"dateModified\":\"2025-12-11T16:43:57+00:00\",\"description\":\"\u012evaldykite japon\u0173 kalbos gramatik\u0105 naudodami m\u016bs\u0173 dirbtinio intelekto kalb\u0173 mokymosi program\u0117l\u0119. Lengvai patobulinkite savo kalbos \u012fg\u016bd\u017eius naudodami Talkpal\u201eAI\u201c palaikym\u0105.\",\"breadcrumb\":{\"@id\":\"https:\/\/talkpal.ai\/lt\/japonu-kalbos-gramatika\/#breadcrumb\"},\"inLanguage\":\"lt-LT\",\"potentialAction\":[{\"@type\":\"ReadAction\",\"target\":[\"https:\/\/talkpal.ai\/lt\/japonu-kalbos-gramatika\/\"]}]},{\"@type\":\"ImageObject\",\"inLanguage\":\"lt-LT\",\"@id\":\"https:\/\/talkpal.ai\/lt\/japonu-kalbos-gramatika\/#primaryimage\",\"url\":\"https:\/\/talkpal.ai\/wp-content\/uploads\/2023\/04\/japan.png\",\"contentUrl\":\"https:\/\/talkpal.ai\/wp-content\/uploads\/2023\/04\/japan.png\",\"width\":512,\"height\":512},{\"@type\":\"BreadcrumbList\",\"@id\":\"https:\/\/talkpal.ai\/lt\/japonu-kalbos-gramatika\/#breadcrumb\",\"itemListElement\":[{\"@type\":\"ListItem\",\"position\":1,\"name\":\"Homepage\",\"item\":\"https:\/\/talkpal.ai\/lt\/\"},{\"@type\":\"ListItem\",\"position\":2,\"name\":\"Japon\u0173 kalbos gramatika\"}]},{\"@type\":\"WebSite\",\"@id\":\"https:\/\/talkpal.ai\/lt\/#website\",\"url\":\"https:\/\/talkpal.ai\/lt\/\",\"name\":\"Talkpal\",\"description\":\"AI Language Learning\",\"publisher\":{\"@id\":\"https:\/\/talkpal.ai\/lt\/#organization\"},\"alternateName\":\"Talkpal AI\",\"potentialAction\":[{\"@type\":\"SearchAction\",\"target\":{\"@type\":\"EntryPoint\",\"urlTemplate\":\"https:\/\/talkpal.ai\/lt\/?s={search_term_string}\"},\"query-input\":{\"@type\":\"PropertyValueSpecification\",\"valueRequired\":true,\"valueName\":\"search_term_string\"}}],\"inLanguage\":\"lt-LT\"},{\"@type\":\"Organization\",\"@id\":\"https:\/\/talkpal.ai\/lt\/#organization\",\"name\":\"Talkpal, Inc.\",\"alternateName\":\"Talkpal AI\",\"url\":\"https:\/\/talkpal.ai\/lt\/\",\"logo\":{\"@type\":\"ImageObject\",\"inLanguage\":\"lt-LT\",\"@id\":\"https:\/\/talkpal.ai\/lt\/#\/schema\/logo\/image\/\",\"url\":\"https:\/\/talkpal.ai\/wp-content\/uploads\/2024\/03\/Talkpal-Logo-Icon.png\",\"contentUrl\":\"https:\/\/talkpal.ai\/wp-content\/uploads\/2024\/03\/Talkpal-Logo-Icon.png\",\"width\":2880,\"height\":2880,\"caption\":\"Talkpal, Inc.\"},\"image\":{\"@id\":\"https:\/\/talkpal.ai\/lt\/#\/schema\/logo\/image\/\"},\"sameAs\":[\"https:\/\/www.facebook.com\/profile.php?id=100090733639311\",\"https:\/\/x.com\/talkpalai\",\"https:\/\/www.linkedin.com\/company\/talkpal\/\",\"https:\/\/www.youtube.com\/@TalkPal\/\",\"https:\/\/www.tiktok.com\/@talkpal\",\"https:\/\/www.instagram.com\/talkpal_ai\/\",\"https:\/\/www.crunchbase.com\/organization\/talkpal-9cde\",\"https:\/\/www.g2.com\/products\/talkpal-for-business\/\",\"https:\/\/www.trustpilot.com\/review\/talkpal.ai\",\"https:\/\/www.capterra.com\/p\/10006800\/TalkPal\/\"],\"description\":\"Talkpal is a language learning web and mobile education app, powered by the latest AI technologies, that provides engaging experiences to its customers in many different languages to help them improve their language skills. Users can chat about unlimited amount of topics with the app and use other modes to practice their language learning.\",\"email\":\"support@talkpal.ai\",\"legalName\":\"Talkpal, Inc.\",\"foundingDate\":\"2023-04-03\",\"duns\":\"118989042\",\"numberOfEmployees\":{\"@type\":\"QuantitativeValue\",\"minValue\":\"11\",\"maxValue\":\"50\"},\"publishingPrinciples\":\"https:\/\/talkpal.ai\/publishing-principles\/\",\"actionableFeedbackPolicy\":\"https:\/\/talkpal.ai\/actionable-feedback-policy\/\",\"correctionsPolicy\":\"https:\/\/talkpal.ai\/corrections-policy\/\",\"ethicsPolicy\":\"https:\/\/talkpal.ai\/ethics-policy\/\",\"diversityPolicy\":\"https:\/\/talkpal.ai\/diversity-policy\/\",\"diversityStaffingReport\":\"https:\/\/talkpal.ai\/diversity-policy\/\"}]}<\/script>\n<!-- \/ Yoast SEO Premium plugin. -->","yoast_head_json":{"title":"Japon\u0173 kalbos gramatika - Talkpal","description":"\u012evaldykite japon\u0173 kalbos gramatik\u0105 naudodami m\u016bs\u0173 dirbtinio intelekto kalb\u0173 mokymosi program\u0117l\u0119. Lengvai patobulinkite savo kalbos \u012fg\u016bd\u017eius naudodami Talkpal\u201eAI\u201c palaikym\u0105.","robots":{"index":"index","follow":"follow","max-snippet":"max-snippet:-1","max-image-preview":"max-image-preview:large","max-video-preview":"max-video-preview:-1"},"canonical":"https:\/\/talkpal.ai\/lt\/japonu-kalbos-gramatika\/","og_locale":"lt_LT","og_type":"article","og_title":"Japon\u0173 kalbos gramatika","og_description":"Japon\u0173 kalbos gramatikos subtilybi\u0173 \u012fsisavinimas Kalbos entuziastai da\u017enai mano, kad japon\u0173 kalba yra patraukli ir sud\u0117tinga mokytis kalba, daugiausia d\u0117l","og_url":"https:\/\/talkpal.ai\/lt\/japonu-kalbos-gramatika\/","og_site_name":"Talkpal","article_publisher":"https:\/\/www.facebook.com\/profile.php?id=100090733639311","article_modified_time":"2025-12-11T16:43:57+00:00","og_image":[{"width":512,"height":512,"url":"https:\/\/talkpal.ai\/wp-content\/uploads\/2023\/04\/japan.png","type":"image\/png"}],"twitter_card":"summary_large_image","twitter_site":"@talkpalai","twitter_misc":{"Est. reading time":"2 minut\u0117s"},"schema":{"@context":"https:\/\/schema.org","@graph":[{"@type":"WebPage","@id":"https:\/\/talkpal.ai\/lt\/japonu-kalbos-gramatika\/","url":"https:\/\/talkpal.ai\/lt\/japonu-kalbos-gramatika\/","name":"Japon\u0173 kalbos gramatika - Talkpal","isPartOf":{"@id":"https:\/\/talkpal.ai\/lt\/#website"},"primaryImageOfPage":{"@id":"https:\/\/talkpal.ai\/lt\/japonu-kalbos-gramatika\/#primaryimage"},"image":{"@id":"https:\/\/talkpal.ai\/lt\/japonu-kalbos-gramatika\/#primaryimage"},"thumbnailUrl":"https:\/\/talkpal.ai\/wp-content\/uploads\/2023\/04\/japan.png","datePublished":"2023-05-14T13:51:09+00:00","dateModified":"2025-12-11T16:43:57+00:00","description":"\u012evaldykite japon\u0173 kalbos gramatik\u0105 naudodami m\u016bs\u0173 dirbtinio intelekto kalb\u0173 mokymosi program\u0117l\u0119. Lengvai patobulinkite savo kalbos \u012fg\u016bd\u017eius naudodami Talkpal\u201eAI\u201c palaikym\u0105.","breadcrumb":{"@id":"https:\/\/talkpal.ai\/lt\/japonu-kalbos-gramatika\/#breadcrumb"},"inLanguage":"lt-LT","potentialAction":[{"@type":"ReadAction","target":["https:\/\/talkpal.ai\/lt\/japonu-kalbos-gramatika\/"]}]},{"@type":"ImageObject","inLanguage":"lt-LT","@id":"https:\/\/talkpal.ai\/lt\/japonu-kalbos-gramatika\/#primaryimage","url":"https:\/\/talkpal.ai\/wp-content\/uploads\/2023\/04\/japan.png","contentUrl":"https:\/\/talkpal.ai\/wp-content\/uploads\/2023\/04\/japan.png","width":512,"height":512},{"@type":"BreadcrumbList","@id":"https:\/\/talkpal.ai\/lt\/japonu-kalbos-gramatika\/#breadcrumb","itemListElement":[{"@type":"ListItem","position":1,"name":"Homepage","item":"https:\/\/talkpal.ai\/lt\/"},{"@type":"ListItem","position":2,"name":"Japon\u0173 kalbos gramatika"}]},{"@type":"WebSite","@id":"https:\/\/talkpal.ai\/lt\/#website","url":"https:\/\/talkpal.ai\/lt\/","name":"Talkpal","description":"AI Language Learning","publisher":{"@id":"https:\/\/talkpal.ai\/lt\/#organization"},"alternateName":"Talkpal AI","potentialAction":[{"@type":"SearchAction","target":{"@type":"EntryPoint","urlTemplate":"https:\/\/talkpal.ai\/lt\/?s={search_term_string}"},"query-input":{"@type":"PropertyValueSpecification","valueRequired":true,"valueName":"search_term_string"}}],"inLanguage":"lt-LT"},{"@type":"Organization","@id":"https:\/\/talkpal.ai\/lt\/#organization","name":"Talkpal, Inc.","alternateName":"Talkpal AI","url":"https:\/\/talkpal.ai\/lt\/","logo":{"@type":"ImageObject","inLanguage":"lt-LT","@id":"https:\/\/talkpal.ai\/lt\/#\/schema\/logo\/image\/","url":"https:\/\/talkpal.ai\/wp-content\/uploads\/2024\/03\/Talkpal-Logo-Icon.png","contentUrl":"https:\/\/talkpal.ai\/wp-content\/uploads\/2024\/03\/Talkpal-Logo-Icon.png","width":2880,"height":2880,"caption":"Talkpal, Inc."},"image":{"@id":"https:\/\/talkpal.ai\/lt\/#\/schema\/logo\/image\/"},"sameAs":["https:\/\/www.facebook.com\/profile.php?id=100090733639311","https:\/\/x.com\/talkpalai","https:\/\/www.linkedin.com\/company\/talkpal\/","https:\/\/www.youtube.com\/@TalkPal\/","https:\/\/www.tiktok.com\/@talkpal","https:\/\/www.instagram.com\/talkpal_ai\/","https:\/\/www.crunchbase.com\/organization\/talkpal-9cde","https:\/\/www.g2.com\/products\/talkpal-for-business\/","https:\/\/www.trustpilot.com\/review\/talkpal.ai","https:\/\/www.capterra.com\/p\/10006800\/TalkPal\/"],"description":"Talkpal is a language learning web and mobile education app, powered by the latest AI technologies, that provides engaging experiences to its customers in many different languages to help them improve their language skills. Users can chat about unlimited amount of topics with the app and use other modes to practice their language learning.","email":"support@talkpal.ai","legalName":"Talkpal, Inc.","foundingDate":"2023-04-03","duns":"118989042","numberOfEmployees":{"@type":"QuantitativeValue","minValue":"11","maxValue":"50"},"publishingPrinciples":"https:\/\/talkpal.ai\/publishing-principles\/","actionableFeedbackPolicy":"https:\/\/talkpal.ai\/actionable-feedback-policy\/","correctionsPolicy":"https:\/\/talkpal.ai\/corrections-policy\/","ethicsPolicy":"https:\/\/talkpal.ai\/ethics-policy\/","diversityPolicy":"https:\/\/talkpal.ai\/diversity-policy\/","diversityStaffingReport":"https:\/\/talkpal.ai\/diversity-policy\/"}]}},"_links":{"self":[{"href":"https:\/\/talkpal.ai\/lt\/wp-json\/wp\/v2\/pages\/129722","targetHints":{"allow":["GET"]}}],"collection":[{"href":"https:\/\/talkpal.ai\/lt\/wp-json\/wp\/v2\/pages"}],"about":[{"href":"https:\/\/talkpal.ai\/lt\/wp-json\/wp\/v2\/types\/page"}],"author":[{"embeddable":true,"href":"https:\/\/talkpal.ai\/lt\/wp-json\/wp\/v2\/users\/1"}],"replies":[{"embeddable":true,"href":"https:\/\/talkpal.ai\/lt\/wp-json\/wp\/v2\/comments?post=129722"}],"version-history":[{"count":0,"href":"https:\/\/talkpal.ai\/lt\/wp-json\/wp\/v2\/pages\/129722\/revisions"}],"wp:featuredmedia":[{"embeddable":true,"href":"https:\/\/talkpal.ai\/lt\/wp-json\/wp\/v2\/media\/107223"}],"wp:attachment":[{"href":"https:\/\/talkpal.ai\/lt\/wp-json\/wp\/v2\/media?parent=129722"}],"curies":[{"name":"wp","href":"https:\/\/api.w.org\/{rel}","templated":true}]}}