{"id":129636,"date":"2023-05-14T13:50:44","date_gmt":"2023-05-14T13:50:44","guid":{"rendered":"http:\/\/talkpal.ai\/hindi-gramatika\/"},"modified":"2025-12-13T14:59:50","modified_gmt":"2025-12-13T14:59:50","slug":"hindi-gramatika","status":"publish","type":"page","link":"https:\/\/talkpal.ai\/lt\/hindi-gramatika\/","title":{"rendered":"Hindi gramatika"},"content":{"rendered":"\r\n\r\n\r\n<section class=\"languageChallengeSection\">\r\n    <div class=\"languageInfoWrapper\">\r\n        \r\n        <h1>Hindi gramatika<\/h1>\r\n        <p>Pasireng\u0119 mokytis <a href=\"https:\/\/talkpal.ai\/lt\/ismokite-hindi-kalba\/\">hindi kalbos<\/a>? Pasinerkite \u012f <a href=\"https:\/\/talkpal.ai\/learn-hindi\/\">hindi<\/a> kalbos gramatik\u0105, kurioje kalba atgyja d\u0117l daiktavard\u017ei\u0173 ly\u010di\u0173, subjekto, objekto ir veiksma\u017eod\u017eio sakinio strukt\u016bros ir i\u0161rai\u0161king\u0173 veiksma\u017eod\u017ei\u0173 jungini\u0173. Prad\u0117kite kelion\u0119 hindi kalba \u0161iandien &#8211; \u012fvald\u0119 jos gramatik\u0105 gal\u0117site dr\u0105siai bendrauti ir u\u017emegzti ry\u0161\u012f su gyvybinga Indijos kult\u016bra ir tradicijomis!<\/p>\r\n\r\n                            <a class=\"getStartedHidden\" href=\"https:\/\/app.talkpal.ai\/lt\/signup?lng=\">Prad\u0117k<\/a>\r\n        \r\n    <\/div>\r\n\r\n    <figure>\r\n    <img decoding=\"async\" width=\"768\" height=\"768\" src=\"https:\/\/talkpal.ai\/wp-content\/uploads\/2023\/06\/hindi-768x768.png\" class=\"languageImage no-lazy\" alt=\"Language learning for mental agility\" fetchpriority=\"high\" sizes=\"(max-width: 768px) 150px, 768px\" srcset=\"https:\/\/talkpal.ai\/wp-content\/uploads\/2023\/06\/hindi-768x768.png 768w, https:\/\/talkpal.ai\/wp-content\/uploads\/2023\/06\/hindi-300x300.png 300w\" \/>\r\n    \r\n\r\n    <\/figure>\r\n\r\n            <a class=\"getStartedVisible\" href=\"https:\/\/app.talkpal.ai\/lt\/signup?lng=\">Prad\u0117k<\/a>\r\n    \r\n<\/section>\r\n<section class=\"promotionalBanner\">\r\n    <p class=\"promotionalText\">Efektyviausias b\u016bdas mokytis kalbos<\/p>\r\n    <a class=\"promotionalLink\" href=\"https:\/\/app.talkpal.ai\/lt\/signup?lng=\">I\u0161bandykite Talkpal &#8221; nemokamai<\/a>\r\n<\/section>\n<div class=\"wp-block-group pageContainerStyle\"><div class=\"wp-block-group__inner-container is-layout-constrained wp-block-group-is-layout-constrained\">\n<h2 class=\"wp-block-heading\" id=\"h-mastering-hindi-grammar-your-ultimate-guide\">Hindi kalbos gramatikos \u012fvaldymas: j\u016bs\u0173 galutinis vadovas<\/h2>\n\n\n\n<p>Namaste, <a href=\"https:\/\/talkpal.ai\/talkpal-discount-for-language-enthusiasts\/\">kalbos entuziastai<\/a>! Ar esate pasireng\u0119s tyrin\u0117ti hindi gramatikos pasaul\u012f? Atvykote \u012f tinkam\u0105 viet\u0105. \u0160is straipsnis, u\u017epildytas lengvai suprantama informacija ir pokalbio tonu, pad\u0117s jums per patraukli\u0105 hindi gramatikos srit\u012f. Netrukus gal\u0117site kurti sakinius ir prasmingai kalb\u0117tis su gimtakalbiais. Taigi, pasinerkime tiesiai \u012f <a href=\"https:\/\/talkpal.ai\/learn-thai\/\">tai<\/a>!<\/p>\n\n\n\n<p><strong>Bet pirmiausia, kod\u0117l hindi gramatika?<\/strong><\/p>\n\n\n\n<p>Jei mokot\u0117s <a href=\"https:\/\/talkpal.ai\/lt\/ismokite-hindi-kalba\/\">hindi kalbos<\/a>, norint skland\u017eiai kalb\u0117ti, skaityti ir ra\u0161yti, labai svarbu tur\u0117ti tvirtus gramatikos pagrindus. Nors <a href=\"https:\/\/talkpal.ai\/hindi-grammar\/\">hindi kalbos gramatika<\/a> i\u0161 prad\u017ei\u0173 gali atrodyti sud\u0117tinga, ji <a href=\"https:\/\/talkpal.ai\/locations\/language-courses-in-tampa\/\">tampa<\/a> prieinamesn\u0117, <a href=\"https:\/\/talkpal.ai\/locations\/language-courses-in-kai\/\">kai<\/a> suskirstoma \u012f ma\u017eesnius, valdomus segmentus. \u0160is straipsnis bus puiki vieta prad\u0117ti savo kelion\u0119 link hindi gramatikos \u012fsisavinimo!<\/p>\n\n\n\n<h3 class=\"wp-block-heading\" id=\"h-1-nouns-gender-and-cases\">1. Daiktavard\u017eiai, lytis ir atvejai<\/h3>\n\n\n\n<p>Hindi daiktavard\u017eiai b\u016bna dviej\u0173 ly\u010di\u0173: vyri\u0161kos ir moteri\u0161kos. Svarbu nustatyti daiktavard\u017ei\u0173 lyt\u012f, nes tai turi \u012ftakos kitoms kalbos dalims, pavyzd\u017eiui, b\u016bdvard\u017eiams ir veiksma\u017eod\u017eiams.  <\/p>\n\n\n\n<p>Paprasta taisykl\u0117: jei daiktavardis baigiasi \u201e-aa\u201c (\u201e\u0906\u201c), jis paprastai yra vyri\u0161kosios gimin\u0117s, o daiktavardis, kuris baigiasi \u201e-ii\u201c (\u201e\u0908\u201c), paprastai yra moteri\u0161kosios gimin\u0117s. Ta\u010diau nepamir\u0161kite &#8211; kaip visada, i\u0161im\u010di\u0173 b\u016bna!  <\/p>\n\n\n\n<p>Hindi daiktavard\u017eiai \u012fgauna skirtingas formas, priklausomai nuo j\u0173 vaidmens sakinyje (subjektas, objektas, nuosavyb\u0117 ir kt.). \u0160ios formos vadinamos atvejais. Pagrindiniai hindi kalbos d\u0117menys yra tiesioginis (\u201e\u0906\u092e \u0915\u094d\u0930\u092e\u201c), pasvirasis (\u201e\u0909\u092a \u0935\u093f\u0932\u094b\u092e\u201c) ir vokatyvinis (\u201e\u0938\u0902\u092c\u094b\u0927\u0928\u201c).<\/p>\n\n\n\n<h3 class=\"wp-block-heading\" id=\"h-2-pronouns-and-agreement\">2. \u012evard\u017eiai ir susitarimas<\/h3>\n\n\n\n<p>Hindi \u012fvard\u017eiai (a\u0161, tu, jis, ji ir kt.) kei\u010diasi pagal lyt\u012f ir hierarchij\u0105. Pavyzd\u017eiui: \u092e\u0948\u0902 (main &#8211; a\u0161), \u0924\u0941\u092e (tum &#8211; tu, neoficialiai), \u0906\u092a (aap &#8211; tu, oficialiai), \u0935\u0939 (vah &#8211; jis\/ji), \u0939\u092e (hum &#8211; mes) ir \u0935\u0947 (ve &#8211; jie).  <\/p>\n\n\n\n<p>Naudojant \u012fvard\u017eius b\u016btina \u017einoti hierarchij\u0105. Pavyzd\u017eiui, \u201e\u0924\u0941\u092e\u201c gali b\u016bti tinkama vartoti tarp draug\u0173, o kreipiantis \u012f vyresnius ar nepa\u017e\u012fstamus \u017emones \u201e\u0906\u092a\u201c rodo pagarb\u0105.<\/p>\n\n\n\n<h3 class=\"wp-block-heading\" id=\"h-3-verbs-tense-and-conjugation\">3. Veiksma\u017eod\u017eiai, laikas ir linksniavimas<\/h3>\n\n\n\n<p>Veiksma\u017eod\u017eiai sudaro hindi gramatikos pagrind\u0105, o j\u0173 supratimas yra gyvybi\u0161kai svarbus kuriant sakinius. Hindi kalbos veiksma\u017eod\u017eiai skirstomi \u012f tranzityvinius (\u201e\u0938\u0915\u0930\u094d\u092e\u0915\u201c) ir intranzityvinius (\u201e\u0905\u0915\u0930\u094d\u092e\u0915\u201c), kuriems taikomos skirtingos linksniavimo taisykl\u0117s.  <\/p>\n\n\n\n<p>Trumpai ap\u017evelkime taisykling\u0173j\u0173 veiksma\u017eod\u017ei\u0173 esamojo laiko linksniavim\u0105:<\/p>\n\n\n\n<p>&#8211; \u092e\u0948\u0902 \u092a\u0922\u093c\u0924\u093e \u0939\u0942\u0901 (main padhta hoon &#8211; skaitau, vyri\u0161kosios gimin\u0117s)<\/p>\n\n\n\n<p>&#8211; \u092e\u0948\u0902 \u092a\u0922\u093c\u0924\u0940 \u0939\u0942\u0901 (main padhti hoon &#8211; skaitau, moteri\u0161ka gimin\u0117)<\/p>\n\n\n\n<p>&#8211; \u0924\u0941\u092e \u092a\u0922\u093c\u0924\u0947 \u0939\u094b (tum padhte ho &#8211; j\u016bs skaitote, neoficialus, vyri\u0161kosios gimin\u0117s)<\/p>\n\n\n\n<p>&#8211; \u0924\u0941\u092e \u092a\u0922\u093c\u0924\u0940 \u0939\u094b (tum padhti ho &#8211; j\u016bs skaitote, neoficialus, moteri\u0161kosios gimin\u0117s)<\/p>\n\n\n\n<p>Atminkite, kad tai tik prad\u017eia! Yra daug laik\u0173 ir netaisykling\u0173 veiksma\u017eod\u017ei\u0173, kuriuos reikia \u012fvaldyti, ta\u010diau kiekvienas naujas \u017eingsnis priartina jus prie sklandumo.<\/p>\n\n\n\n<h3 class=\"wp-block-heading\" id=\"h-4-adjectives-adverbs-and-more\">4. B\u016bdvard\u017eiai, prieveiksmiai ir dar daugiau!<\/h3>\n\n\n\n<p><a href=\"https:\/\/talkpal.ai\/hindi-grammar\/\">Hindi gramatika<\/a> apima kitus komponentus, tokius kaip b\u016bdvard\u017eiai (kurie turi sutikti su daiktavard\u017eiais lytimi ir skai\u010diumi), prieveiksmiai, prielinksniai ir idiomatin\u0117s i\u0161rai\u0161kos. Kiekvienas elementas yra raktas \u012f tai, kad gal\u0117tum\u0117te laisvai kalb\u0117ti hindi kalba, tod\u0117l spr\u0119skite juos po vien\u0105 \u017eingsn\u012f.<\/p>\n\n\n\n<p>Apibendrinant galima pasakyti, kad hindi gramatikos i\u0161mokti ne\u012fmanoma. Tam reikia atkaklumo, praktikos ir kantryb\u0117s. Ta\u010diau, kai j\u0105 suprasite, gal\u0117site \u012fvertinti pokalbio hindi kalba niuansus, atskleisti turting\u0105 kult\u016br\u0105 ir istorij\u0105 bei dar labiau pamilti \u0161i\u0105 kalb\u0105. \u0936\u0941\u092d\u0915\u093e\u092e\u0928\u093e\u090f\u0901 (shubhkaamnaayein &#8211; geriausi link\u0117jimai)!<\/p>\n<\/div><\/div>\n\r\n<section class=\"learnNavigationSection\">\r\n            \r\n        <a href=\"https:\/\/talkpal.ai\/lt\/ismokite-hindi-kalba\/\">\r\n            <div class=\"learnNavigationWrapper\">\r\n                <div class=\"learnNavigationContent\">\r\n                    <img decoding=\"async\" src=\"https:\/\/talkpal.ai\/wp-content\/uploads\/2024\/08\/Hindi.jpg\" alt=\"Indian Flag\">\r\n                    <div>\r\n                        <h4>Apie hindi kalbos mokym\u0105si<\/h4>\r\n                        <p>Su\u017einokite visk\u0105 apie hindi gramatik\u0105.<\/p>\r\n                    <\/div>\r\n                <\/div>\r\n            <\/div>\r\n        <\/a>\r\n\r\n        \r\n        <a href=\"https:\/\/talkpal.ai\/lt\/hindi-gramatikos-pratimai\/\">\r\n            <div class=\"learnNavigationWrapper\">\r\n                <div class=\"learnNavigationContent\">\r\n                    <img decoding=\"async\" src=\"https:\/\/talkpal.ai\/wp-content\/uploads\/2024\/08\/Hindi.jpg\" alt=\"Indian Flag\">\r\n                    <div>\r\n                        <h4>Hindi kalbos gramatikos pratybos<\/h4>\r\n                        <p>Praktikuokite hindi gramatik\u0105.<\/p>\r\n                    <\/div>\r\n                <\/div>\r\n            <\/div>\r\n        <\/a>\r\n\r\n        \r\n        <a href=\"https:\/\/talkpal.ai\/vocabulary_language\/hindi\/\">\r\n            <div class=\"learnNavigationWrapper\">\r\n                <div class=\"learnNavigationContent\">\r\n                    <img decoding=\"async\" src=\"https:\/\/talkpal.ai\/wp-content\/uploads\/2024\/08\/Hindi.jpg\" alt=\"Indian Flag\">\r\n                    <div>\r\n                        <h4>Hindi kalbos \u017eodynas<\/h4>\r\n                        <p>Prapl\u0117skite savo hindi kalbos \u017eodyn\u0105.<\/p>\r\n                    <\/div>\r\n                <\/div>\r\n            <\/div>\r\n        <\/a>\r\n\r\n            <\/section>","protected":false},"excerpt":{"rendered":"<p>Hindi kalbos gramatikos \u012fvaldymas: j\u016bs\u0173 galutinis vadovas Namaste, kalbos entuziastai! Ar esate pasireng\u0119s tyrin\u0117ti hindi gramatikos pasaul\u012f? Atvykote \u012f tinkam\u0105 viet\u0105. \u0160is straipsnis, u\u017epildytas lengvai suprantama informacija ir pokalbio tonu, pad\u0117s jums per patraukli\u0105 hindi gramatikos srit\u012f. Netrukus gal\u0117site kurti sakinius ir prasmingai kalb\u0117tis su gimtakalbiais. Taigi, pasinerkime tiesiai \u012f tai! Bet pirmiausia, kod\u0117l hindi [&hellip;]<\/p>\n","protected":false},"author":1,"featured_media":188218,"parent":0,"menu_order":0,"comment_status":"closed","ping_status":"closed","template":"LearningContentPage.php","meta":{"_acf_changed":false,"footnotes":""},"class_list":["post-129636","page","type-page","status-publish","has-post-thumbnail","hentry"],"acf":[],"yoast_head":"<!-- This site is optimized with the Yoast SEO Premium plugin v27.2 (Yoast SEO v27.2) - https:\/\/yoast.com\/product\/yoast-seo-premium-wordpress\/ -->\n<title>Hindi gramatika - Talkpal<\/title>\n<meta name=\"description\" content=\"\u012evaldykite hindi kalbos gramatik\u0105 dr\u0105siai - i\u0161mokite ai\u0161ki\u0173 taisykli\u0173, formuokite taisyklingus sakinius ir kalb\u0117kite geriau, naudodamiesi lengvais patarimais i\u0161 Talkpal AI.\" \/>\n<meta name=\"robots\" content=\"index, follow, max-snippet:-1, max-image-preview:large, max-video-preview:-1\" \/>\n<link rel=\"canonical\" href=\"https:\/\/talkpal.ai\/lt\/hindi-gramatika\/\" \/>\n<meta property=\"og:locale\" content=\"lt_LT\" \/>\n<meta property=\"og:type\" content=\"article\" \/>\n<meta property=\"og:title\" content=\"Hindi gramatika\" \/>\n<meta property=\"og:description\" content=\"Hindi kalbos gramatikos \u012fvaldymas: j\u016bs\u0173 galutinis vadovas Namaste, kalbos entuziastai! Ar esate pasireng\u0119s tyrin\u0117ti hindi gramatikos pasaul\u012f? Atvykote \u012f\" \/>\n<meta property=\"og:url\" content=\"https:\/\/talkpal.ai\/lt\/hindi-gramatika\/\" \/>\n<meta property=\"og:site_name\" content=\"Talkpal\" \/>\n<meta property=\"article:publisher\" content=\"https:\/\/www.facebook.com\/profile.php?id=100090733639311\" \/>\n<meta property=\"article:modified_time\" content=\"2025-12-13T14:59:50+00:00\" \/>\n<meta property=\"og:image\" content=\"https:\/\/talkpal.ai\/wp-content\/uploads\/2024\/02\/india.png\" \/>\n\t<meta property=\"og:image:width\" content=\"517\" \/>\n\t<meta property=\"og:image:height\" content=\"517\" \/>\n\t<meta property=\"og:image:type\" content=\"image\/png\" \/>\n<meta name=\"twitter:card\" content=\"summary_large_image\" \/>\n<meta name=\"twitter:site\" content=\"@talkpalai\" \/>\n<meta name=\"twitter:label1\" content=\"Est. reading time\" \/>\n\t<meta name=\"twitter:data1\" content=\"3 minut\u0117s\" \/>\n<script type=\"application\/ld+json\" class=\"yoast-schema-graph\">{\"@context\":\"https:\/\/schema.org\",\"@graph\":[{\"@type\":\"WebPage\",\"@id\":\"https:\/\/talkpal.ai\/lt\/hindi-gramatika\/\",\"url\":\"https:\/\/talkpal.ai\/lt\/hindi-gramatika\/\",\"name\":\"Hindi gramatika - Talkpal\",\"isPartOf\":{\"@id\":\"https:\/\/talkpal.ai\/lt\/#website\"},\"primaryImageOfPage\":{\"@id\":\"https:\/\/talkpal.ai\/lt\/hindi-gramatika\/#primaryimage\"},\"image\":{\"@id\":\"https:\/\/talkpal.ai\/lt\/hindi-gramatika\/#primaryimage\"},\"thumbnailUrl\":\"https:\/\/talkpal.ai\/wp-content\/uploads\/2024\/02\/india.png\",\"datePublished\":\"2023-05-14T13:50:44+00:00\",\"dateModified\":\"2025-12-13T14:59:50+00:00\",\"description\":\"\u012evaldykite hindi kalbos gramatik\u0105 dr\u0105siai - i\u0161mokite ai\u0161ki\u0173 taisykli\u0173, formuokite taisyklingus sakinius ir kalb\u0117kite geriau, naudodamiesi lengvais patarimais i\u0161 Talkpal AI.\",\"breadcrumb\":{\"@id\":\"https:\/\/talkpal.ai\/lt\/hindi-gramatika\/#breadcrumb\"},\"inLanguage\":\"lt-LT\",\"potentialAction\":[{\"@type\":\"ReadAction\",\"target\":[\"https:\/\/talkpal.ai\/lt\/hindi-gramatika\/\"]}]},{\"@type\":\"ImageObject\",\"inLanguage\":\"lt-LT\",\"@id\":\"https:\/\/talkpal.ai\/lt\/hindi-gramatika\/#primaryimage\",\"url\":\"https:\/\/talkpal.ai\/wp-content\/uploads\/2024\/02\/india.png\",\"contentUrl\":\"https:\/\/talkpal.ai\/wp-content\/uploads\/2024\/02\/india.png\",\"width\":517,\"height\":517,\"caption\":\"TalkPal Indian Flag\"},{\"@type\":\"BreadcrumbList\",\"@id\":\"https:\/\/talkpal.ai\/lt\/hindi-gramatika\/#breadcrumb\",\"itemListElement\":[{\"@type\":\"ListItem\",\"position\":1,\"name\":\"Homepage\",\"item\":\"https:\/\/talkpal.ai\/lt\/\"},{\"@type\":\"ListItem\",\"position\":2,\"name\":\"Hindi gramatika\"}]},{\"@type\":\"WebSite\",\"@id\":\"https:\/\/talkpal.ai\/lt\/#website\",\"url\":\"https:\/\/talkpal.ai\/lt\/\",\"name\":\"Talkpal\",\"description\":\"AI Language Learning\",\"publisher\":{\"@id\":\"https:\/\/talkpal.ai\/lt\/#organization\"},\"alternateName\":\"Talkpal AI\",\"potentialAction\":[{\"@type\":\"SearchAction\",\"target\":{\"@type\":\"EntryPoint\",\"urlTemplate\":\"https:\/\/talkpal.ai\/lt\/?s={search_term_string}\"},\"query-input\":{\"@type\":\"PropertyValueSpecification\",\"valueRequired\":true,\"valueName\":\"search_term_string\"}}],\"inLanguage\":\"lt-LT\"},{\"@type\":\"Organization\",\"@id\":\"https:\/\/talkpal.ai\/lt\/#organization\",\"name\":\"Talkpal, Inc.\",\"alternateName\":\"Talkpal AI\",\"url\":\"https:\/\/talkpal.ai\/lt\/\",\"logo\":{\"@type\":\"ImageObject\",\"inLanguage\":\"lt-LT\",\"@id\":\"https:\/\/talkpal.ai\/lt\/#\/schema\/logo\/image\/\",\"url\":\"https:\/\/talkpal.ai\/wp-content\/uploads\/2024\/03\/Talkpal-Logo-Icon.png\",\"contentUrl\":\"https:\/\/talkpal.ai\/wp-content\/uploads\/2024\/03\/Talkpal-Logo-Icon.png\",\"width\":2880,\"height\":2880,\"caption\":\"Talkpal, Inc.\"},\"image\":{\"@id\":\"https:\/\/talkpal.ai\/lt\/#\/schema\/logo\/image\/\"},\"sameAs\":[\"https:\/\/www.facebook.com\/profile.php?id=100090733639311\",\"https:\/\/x.com\/talkpalai\",\"https:\/\/www.linkedin.com\/company\/talkpal\/\",\"https:\/\/www.youtube.com\/@TalkPal\/\",\"https:\/\/www.tiktok.com\/@talkpal\",\"https:\/\/www.instagram.com\/talkpal_ai\/\",\"https:\/\/www.crunchbase.com\/organization\/talkpal-9cde\",\"https:\/\/www.g2.com\/products\/talkpal-for-business\/\",\"https:\/\/www.trustpilot.com\/review\/talkpal.ai\",\"https:\/\/www.capterra.com\/p\/10006800\/TalkPal\/\"],\"description\":\"Talkpal is a language learning web and mobile education app, powered by the latest AI technologies, that provides engaging experiences to its customers in many different languages to help them improve their language skills. Users can chat about unlimited amount of topics with the app and use other modes to practice their language learning.\",\"email\":\"support@talkpal.ai\",\"legalName\":\"Talkpal, Inc.\",\"foundingDate\":\"2023-04-03\",\"duns\":\"118989042\",\"numberOfEmployees\":{\"@type\":\"QuantitativeValue\",\"minValue\":\"11\",\"maxValue\":\"50\"},\"publishingPrinciples\":\"https:\/\/talkpal.ai\/publishing-principles\/\",\"actionableFeedbackPolicy\":\"https:\/\/talkpal.ai\/actionable-feedback-policy\/\",\"correctionsPolicy\":\"https:\/\/talkpal.ai\/corrections-policy\/\",\"ethicsPolicy\":\"https:\/\/talkpal.ai\/ethics-policy\/\",\"diversityPolicy\":\"https:\/\/talkpal.ai\/diversity-policy\/\",\"diversityStaffingReport\":\"https:\/\/talkpal.ai\/diversity-policy\/\"}]}<\/script>\n<!-- \/ Yoast SEO Premium plugin. -->","yoast_head_json":{"title":"Hindi gramatika - Talkpal","description":"\u012evaldykite hindi kalbos gramatik\u0105 dr\u0105siai - i\u0161mokite ai\u0161ki\u0173 taisykli\u0173, formuokite taisyklingus sakinius ir kalb\u0117kite geriau, naudodamiesi lengvais patarimais i\u0161 Talkpal AI.","robots":{"index":"index","follow":"follow","max-snippet":"max-snippet:-1","max-image-preview":"max-image-preview:large","max-video-preview":"max-video-preview:-1"},"canonical":"https:\/\/talkpal.ai\/lt\/hindi-gramatika\/","og_locale":"lt_LT","og_type":"article","og_title":"Hindi gramatika","og_description":"Hindi kalbos gramatikos \u012fvaldymas: j\u016bs\u0173 galutinis vadovas Namaste, kalbos entuziastai! Ar esate pasireng\u0119s tyrin\u0117ti hindi gramatikos pasaul\u012f? Atvykote \u012f","og_url":"https:\/\/talkpal.ai\/lt\/hindi-gramatika\/","og_site_name":"Talkpal","article_publisher":"https:\/\/www.facebook.com\/profile.php?id=100090733639311","article_modified_time":"2025-12-13T14:59:50+00:00","og_image":[{"width":517,"height":517,"url":"https:\/\/talkpal.ai\/wp-content\/uploads\/2024\/02\/india.png","type":"image\/png"}],"twitter_card":"summary_large_image","twitter_site":"@talkpalai","twitter_misc":{"Est. reading time":"3 minut\u0117s"},"schema":{"@context":"https:\/\/schema.org","@graph":[{"@type":"WebPage","@id":"https:\/\/talkpal.ai\/lt\/hindi-gramatika\/","url":"https:\/\/talkpal.ai\/lt\/hindi-gramatika\/","name":"Hindi gramatika - Talkpal","isPartOf":{"@id":"https:\/\/talkpal.ai\/lt\/#website"},"primaryImageOfPage":{"@id":"https:\/\/talkpal.ai\/lt\/hindi-gramatika\/#primaryimage"},"image":{"@id":"https:\/\/talkpal.ai\/lt\/hindi-gramatika\/#primaryimage"},"thumbnailUrl":"https:\/\/talkpal.ai\/wp-content\/uploads\/2024\/02\/india.png","datePublished":"2023-05-14T13:50:44+00:00","dateModified":"2025-12-13T14:59:50+00:00","description":"\u012evaldykite hindi kalbos gramatik\u0105 dr\u0105siai - i\u0161mokite ai\u0161ki\u0173 taisykli\u0173, formuokite taisyklingus sakinius ir kalb\u0117kite geriau, naudodamiesi lengvais patarimais i\u0161 Talkpal AI.","breadcrumb":{"@id":"https:\/\/talkpal.ai\/lt\/hindi-gramatika\/#breadcrumb"},"inLanguage":"lt-LT","potentialAction":[{"@type":"ReadAction","target":["https:\/\/talkpal.ai\/lt\/hindi-gramatika\/"]}]},{"@type":"ImageObject","inLanguage":"lt-LT","@id":"https:\/\/talkpal.ai\/lt\/hindi-gramatika\/#primaryimage","url":"https:\/\/talkpal.ai\/wp-content\/uploads\/2024\/02\/india.png","contentUrl":"https:\/\/talkpal.ai\/wp-content\/uploads\/2024\/02\/india.png","width":517,"height":517,"caption":"TalkPal Indian Flag"},{"@type":"BreadcrumbList","@id":"https:\/\/talkpal.ai\/lt\/hindi-gramatika\/#breadcrumb","itemListElement":[{"@type":"ListItem","position":1,"name":"Homepage","item":"https:\/\/talkpal.ai\/lt\/"},{"@type":"ListItem","position":2,"name":"Hindi gramatika"}]},{"@type":"WebSite","@id":"https:\/\/talkpal.ai\/lt\/#website","url":"https:\/\/talkpal.ai\/lt\/","name":"Talkpal","description":"AI Language Learning","publisher":{"@id":"https:\/\/talkpal.ai\/lt\/#organization"},"alternateName":"Talkpal AI","potentialAction":[{"@type":"SearchAction","target":{"@type":"EntryPoint","urlTemplate":"https:\/\/talkpal.ai\/lt\/?s={search_term_string}"},"query-input":{"@type":"PropertyValueSpecification","valueRequired":true,"valueName":"search_term_string"}}],"inLanguage":"lt-LT"},{"@type":"Organization","@id":"https:\/\/talkpal.ai\/lt\/#organization","name":"Talkpal, Inc.","alternateName":"Talkpal AI","url":"https:\/\/talkpal.ai\/lt\/","logo":{"@type":"ImageObject","inLanguage":"lt-LT","@id":"https:\/\/talkpal.ai\/lt\/#\/schema\/logo\/image\/","url":"https:\/\/talkpal.ai\/wp-content\/uploads\/2024\/03\/Talkpal-Logo-Icon.png","contentUrl":"https:\/\/talkpal.ai\/wp-content\/uploads\/2024\/03\/Talkpal-Logo-Icon.png","width":2880,"height":2880,"caption":"Talkpal, Inc."},"image":{"@id":"https:\/\/talkpal.ai\/lt\/#\/schema\/logo\/image\/"},"sameAs":["https:\/\/www.facebook.com\/profile.php?id=100090733639311","https:\/\/x.com\/talkpalai","https:\/\/www.linkedin.com\/company\/talkpal\/","https:\/\/www.youtube.com\/@TalkPal\/","https:\/\/www.tiktok.com\/@talkpal","https:\/\/www.instagram.com\/talkpal_ai\/","https:\/\/www.crunchbase.com\/organization\/talkpal-9cde","https:\/\/www.g2.com\/products\/talkpal-for-business\/","https:\/\/www.trustpilot.com\/review\/talkpal.ai","https:\/\/www.capterra.com\/p\/10006800\/TalkPal\/"],"description":"Talkpal is a language learning web and mobile education app, powered by the latest AI technologies, that provides engaging experiences to its customers in many different languages to help them improve their language skills. Users can chat about unlimited amount of topics with the app and use other modes to practice their language learning.","email":"support@talkpal.ai","legalName":"Talkpal, Inc.","foundingDate":"2023-04-03","duns":"118989042","numberOfEmployees":{"@type":"QuantitativeValue","minValue":"11","maxValue":"50"},"publishingPrinciples":"https:\/\/talkpal.ai\/publishing-principles\/","actionableFeedbackPolicy":"https:\/\/talkpal.ai\/actionable-feedback-policy\/","correctionsPolicy":"https:\/\/talkpal.ai\/corrections-policy\/","ethicsPolicy":"https:\/\/talkpal.ai\/ethics-policy\/","diversityPolicy":"https:\/\/talkpal.ai\/diversity-policy\/","diversityStaffingReport":"https:\/\/talkpal.ai\/diversity-policy\/"}]}},"_links":{"self":[{"href":"https:\/\/talkpal.ai\/lt\/wp-json\/wp\/v2\/pages\/129636","targetHints":{"allow":["GET"]}}],"collection":[{"href":"https:\/\/talkpal.ai\/lt\/wp-json\/wp\/v2\/pages"}],"about":[{"href":"https:\/\/talkpal.ai\/lt\/wp-json\/wp\/v2\/types\/page"}],"author":[{"embeddable":true,"href":"https:\/\/talkpal.ai\/lt\/wp-json\/wp\/v2\/users\/1"}],"replies":[{"embeddable":true,"href":"https:\/\/talkpal.ai\/lt\/wp-json\/wp\/v2\/comments?post=129636"}],"version-history":[{"count":0,"href":"https:\/\/talkpal.ai\/lt\/wp-json\/wp\/v2\/pages\/129636\/revisions"}],"wp:featuredmedia":[{"embeddable":true,"href":"https:\/\/talkpal.ai\/lt\/wp-json\/wp\/v2\/media\/188218"}],"wp:attachment":[{"href":"https:\/\/talkpal.ai\/lt\/wp-json\/wp\/v2\/media?parent=129636"}],"curies":[{"name":"wp","href":"https:\/\/api.w.org\/{rel}","templated":true}]}}