{"id":129159,"date":"2023-05-14T13:50:21","date_gmt":"2023-05-14T13:50:21","guid":{"rendered":"http:\/\/talkpal.ai\/suomiu-kalbos-gramatika\/"},"modified":"2025-12-11T17:06:54","modified_gmt":"2025-12-11T17:06:54","slug":"suomiu-kalbos-gramatika","status":"publish","type":"page","link":"https:\/\/talkpal.ai\/lt\/suomiu-kalbos-gramatika\/","title":{"rendered":"Suomi\u0173 kalbos gramatika"},"content":{"rendered":"\r\n\r\n\r\n<section class=\"languageChallengeSection\">\r\n    <div class=\"languageInfoWrapper\">\r\n        \r\n        <h1>Suomi\u0173 kalbos gramatika<\/h1>\r\n        <p>Ar esate pasireng\u0119 atskleisti <a href=\"https:\/\/talkpal.ai\/lt\/mokykis-suomiu-kalbos\/\">suomi\u0173 kalbos<\/a> paslaptis? Pasinerkite \u012f <a href=\"https:\/\/talkpal.ai\/learn-finnish\/\">suomi\u0173<\/a> <a href=\"https:\/\/talkpal.ai\/what-language-is-spoken-on-the-international-space-station\/\">kalbos<\/a> gramatik\u0105, gars\u0117jan\u010di\u0105 logine strukt\u016bra, balsi\u0173 darna ir \u012fsp\u016bdingu atvej\u0173 skai\u010diumi. Prad\u0117kite mokytis jau \u0161iandien &#8211; i\u0161mok\u0119 <a href=\"https:\/\/talkpal.ai\/learn-finnish\/\">suomi\u0173<\/a> kalbos gramatikos \u012fgysite pasitik\u0117jimo savimi, gal\u0117site dr\u0105siai kalb\u0117ti ir bendrauti, o kartu susipa\u017einsite su turtinga Suomijos kult\u016bra ir tradicijomis!<\/p>\r\n\r\n                            <a class=\"getStartedHidden\" href=\"https:\/\/app.talkpal.ai\/lt\/signup?lng=\">Prad\u0117k<\/a>\r\n        \r\n    <\/div>\r\n\r\n    <figure>\r\n    <img decoding=\"async\" width=\"768\" height=\"768\" src=\"https:\/\/talkpal.ai\/wp-content\/uploads\/2023\/06\/Finnish-768x768.png\" class=\"languageImage no-lazy\" alt=\"Develop your language aptitude learning\" fetchpriority=\"high\" sizes=\"(max-width: 768px) 150px, 768px\" srcset=\"https:\/\/talkpal.ai\/wp-content\/uploads\/2023\/06\/Finnish-768x768.png 768w, https:\/\/talkpal.ai\/wp-content\/uploads\/2023\/06\/Finnish-300x300.png 300w\" \/>\r\n    \r\n\r\n    <\/figure>\r\n\r\n            <a class=\"getStartedVisible\" href=\"https:\/\/app.talkpal.ai\/lt\/signup?lng=\">Prad\u0117k<\/a>\r\n    \r\n<\/section>\r\n<section class=\"promotionalBanner\">\r\n    <p class=\"promotionalText\">Efektyviausias b\u016bdas mokytis kalbos<\/p>\r\n    <a class=\"promotionalLink\" href=\"https:\/\/app.talkpal.ai\/lt\/signup?lng=\">I\u0161bandykite Talkpal &#8221; nemokamai<\/a>\r\n<\/section>\n<div class=\"wp-block-group pageContainerStyle\"><div class=\"wp-block-group__inner-container is-layout-constrained wp-block-group-is-layout-constrained\">\n<h2 class=\"wp-block-heading\" id=\"h-finnish-grammar-a-guide-to-mastering-the-complexities-of-the-finnish-language\">Suomi\u0173 kalbos gramatika: suomi\u0173 kalbos sud\u0117tingumo \u012fsisavinimo vadovas<\/h2>\n\n\n\n<p>Suomi\u0173 kalba, unikali ir patraukli kalba, kuria kalba ma\u017edaug 5 milijonai \u017emoni\u0173, yra \u017einoma d\u0117l savo sud\u0117tingumo ir savitos gramatikos sistemos. I\u0161 pirmo \u017evilgsnio suomi\u0173 kalbos gramatikos taisykl\u0117s ir strukt\u016bros gali pasirodyti bauginan\u010dios, bet nebijokite! Su kantrybe, praktika ir patarimais galite atskleisti suomi\u0173 kalbos gramatikos paslaptis ir patobulinti savo kalbos \u012fg\u016bd\u017eius. \u0160iame straipsnyje ap\u017evelgsime suomi\u0173 kalbos gramatik\u0105 ir pateiksime kelet\u0105 patarim\u0173, kaip skland\u017eiau mokytis.<\/p>\n\n\n\n<h3 class=\"wp-block-heading\" id=\"h-the-basics-of-finnish-grammar\">Suomi\u0173 kalbos gramatikos pagrindai:<\/h3>\n\n\n\n<p>Suomi\u0173 kalbos gramatikai, kuri gana skiriasi nuo <a href=\"https:\/\/talkpal.ai\/learn-english-with-ai\/\">angl\u0173<\/a> kalbos gramatikos, b\u016bdingas gausus atvej\u0173 vartojimas, gramatin\u0117s lyties tr\u016bkumas ir unikali veiksma\u017eod\u017ei\u0173 konjugacijos sistema. \u0160tai keletas esmini\u0173 suomi\u0173 kalbos gramatikos aspekt\u0173, kuriuos tur\u0117tum\u0117te \u017einoti:<\/p>\n\n\n\n<p><strong>1. Daiktavard\u017ei\u0173 atvejai:<\/strong> suomi\u0173 kalba turi 15 daiktavard\u017ei\u0173 atvej\u0173, kurie \u017eymi daiktavard\u017eio ir kit\u0173 sakinio sudedam\u0173j\u0173 dali\u0173 santyk\u012f. Kiekvienas daiktavard\u017eio atvejis turi tam tikr\u0105 pabaig\u0105, kuri pridedama prie daiktavard\u017eio kamieno. Keletas daiktavard\u017ei\u0173 atvej\u0173 pavyzd\u017ei\u0173 yra nominacinis, kilminis, akustinis ir dalinis.<\/p>\n\n\n\n<p><strong>2. N\u0117ra gramatin\u0117s<\/strong> lyties: Skirtingai nuo daugelio kalb\u0173, suomi\u0173 kalba daiktavard\u017eiams nepriskiria lyties. Vietoj to, kalba vartoja vien\u0105 \u017eod\u012f &#8211; h\u00e4n &#8211; ir &#8222;jis&#8221;, ir &#8222;ji&#8221;. \u0160i savyb\u0117 supaprastina suomi\u0173 kalbos mokymosi proces\u0105 ir padeda i\u0161vengti b\u016btinyb\u0117s \u012fsiminti ly\u010di\u0173 straipsnius ar \u012fvard\u017ei\u0173 formas.<\/p>\n\n\n\n<p><strong>3. Veiksma\u017eod\u017ei\u0173 konjugacija: suomi\u0173 veiksma\u017eod\u017eiai konjuguojami<\/strong> pagal \u012ftamp\u0105, nuotaik\u0105 ir bals\u0105. Suomi\u0173 kalboje yra keturi veiksma\u017eod\u017ei\u0173 laikai: dabartis, praeitis, tobula ir pluperfektas. Be to, suomi\u0173 veiksma\u017eod\u017eiai turi penkias nuotaikas: orientacin\u0119, s\u0105lygin\u0119, potenciali\u0105, imperatyvi\u0105 ir \u012fvyk\u012f.<\/p>\n\n\n\n<p><strong>4. Balsi\u0173 harmonija<\/strong> : suomi\u0173 kalboje balsiai skirstomi \u012f tris grupes: priekin\u0119 (\u00e4, \u00f6, y), galin\u0119 (a, o, u) ir neutrali\u0105 (i, e). D\u0117l balsi\u0173 harmonijos priekiniai ir galiniai balsiai paprastai negali b\u016bti rodomi <a href=\"https:\/\/talkpal.ai\/es\/locations\/cursos-de-idiomas-en-tame\/\">tame<\/a> pa\u010diame \u017eodyje, i\u0161skyrus sudurtinius \u017eod\u017eius ir <a href=\"https:\/\/talkpal.ai\/locations\/language-courses-in-kai\/\">kai<\/a> kuriuos skolinius.<\/p>\n\n\n\n<h3 class=\"wp-block-heading\" id=\"h-strategies-for-learning-finnish-grammar\">Suomi\u0173 kalbos gramatikos mokymosi strategijos:<\/h3>\n\n\n\n<p>Suomi\u0173 kalbos gramatikos supratimas gali atrodyti ne\u012fveikiamas, ta\u010diau tinkamai nusiteik\u0119 ir taikydami mokymosi strategijas gal\u0117site j\u0105 perprasti. \u0160tai keletas nauding\u0173 patarim\u0173, kurie pad\u0117s j\u016bs\u0173 tyrimui:<\/p>\n\n\n\n<p><strong>1. \u017denkite k\u016bdikio \u017eingsnius:<\/strong> Prad\u0117kite nuo suomi\u0173 kalbos gramatikos pagrind\u0173, toki\u0173 kaip daiktavard\u017ei\u0173 atvejai ir veiksma\u017eod\u017ei\u0173 konjugacija. I\u0161skaid\u0119 sud\u0117tingas taisykles \u012f ma\u017eesnes, lengvai \u012fsisavinamas dalis, gal\u0117site nuolat daryti pa\u017eang\u0105 ir sukurti tvirt\u0105 pagrind\u0105.<\/p>\n\n\n\n<p><strong>2. Reguliariai praktikuokit\u0117s:<\/strong> Mokantis kalbos svarbiausia yra nuoseklumas. Kiekvien\u0105 dien\u0105 ar savait\u0119 skirkite laiko gramatikos praktikai atlikdami pratimus, skaitydami ir ra\u0161ydami suomi\u0173 kalba.<\/p>\n\n\n\n<p><strong>3. Naudokite vietinius i\u0161teklius:<\/strong> Nor\u0117dami geriau suprasti suomi\u0173 kalbos gramatik\u0105 kontekste, pasinerkite \u012f vietin\u0119 med\u017eiag\u0105, pvz., Literat\u016br\u0105, naujien\u0173 straipsnius ir podcast&#8217;us. Tai pad\u0117s \u012fsisavinti taisykles ir pagerinti klausymo bei skaitymo \u012fg\u016bd\u017eius.<\/p>\n\n\n\n<p>4. Susisiekite su gimt\u0105ja <strong>kalba: Pokalbis su gimt\u0105ja<\/strong> suomi\u0173 kalba yra puikus b\u016bdas praktikuoti gramatik\u0105 ir gauti verting\u0173 atsiliepim\u0173. Apsvarstykite galimyb\u0119 prisijungti prie kalb\u0173 main\u0173 grupi\u0173 ar internetini\u0173 forum\u0173, kuriuose galite susisiekti su suomi\u0173 kalba kalban\u010diais \u017emon\u0117mis.<\/p>\n\n\n\n<p><strong>5. B\u016bkite kantr\u016bs ir atkakl\u016bs:<\/strong> Ta\u010diau kantriai ir pasiaukojamai mokydamiesi suomi\u0173 gramatikos atskleisite jos subtilybes ir \u012fgysite kalbos \u012fg\u016bd\u017ei\u0173.<\/p>\n\n\n\n<h3 class=\"wp-block-heading\" id=\"h-conclusion\">I\u0161vada:<\/h3>\n\n\n\n<p>Suomi\u0173 kalbos gramatikos pasaulis, nors ir sud\u0117tingas, yra intriguojantis, kur\u012f galima atskleisti per ry\u017et\u0105 ir praktik\u0105. Susipa\u017ein\u0119 su pagrindiniais suomi\u0173 kalbos gramatikos elementais ir vadovaudamiesi m\u016bs\u0173 mokymosi strategijomis, gal\u0117site skland\u017eiai kalb\u0117ti ir geriau suprasti \u0161i\u0105 patraukli\u0105 kalb\u0105. Taigi pasinerkite \u012f suomi\u0173 kalbos gramatikos subtilybes pozityviai nusiteik\u0119, ir dar nesp\u0117j\u0119 susivokti gal\u0117site dr\u0105siai nar\u0161yti po suomi\u0173 kalbin\u012f kra\u0161tovaizd\u012f!<\/p>\n<\/div><\/div>\n\r\n<section class=\"learnNavigationSection\">\r\n            \r\n        <a href=\"https:\/\/talkpal.ai\/lt\/mokykis-suomiu-kalbos\/\">\r\n            <div class=\"learnNavigationWrapper\">\r\n                <div class=\"learnNavigationContent\">\r\n                    <img decoding=\"async\" src=\"https:\/\/talkpal.ai\/wp-content\/uploads\/2024\/08\/Finnish.jpg\" alt=\"Finnish Flag\">\r\n                    <div>\r\n                        <h4>Apie mokym\u0105si suomi\u0173 kalba<\/h4>\r\n                        <p>Su\u017einokite visk\u0105 apie suomi\u0173 kalbos gramatik\u0105.<\/p>\r\n                    <\/div>\r\n                <\/div>\r\n            <\/div>\r\n        <\/a>\r\n\r\n        \r\n        <a href=\"https:\/\/talkpal.ai\/lt\/suomiu-kalbos-gramatikos-pratimai\/\">\r\n            <div class=\"learnNavigationWrapper\">\r\n                <div class=\"learnNavigationContent\">\r\n                    <img decoding=\"async\" src=\"https:\/\/talkpal.ai\/wp-content\/uploads\/2024\/08\/Finnish.jpg\" alt=\"Finnish Flag\">\r\n                    <div>\r\n                        <h4>Suomi\u0173 kalbos gramatikos pratimai<\/h4>\r\n                        <p>Praktikuokite suomi\u0173 kalbos gramatik\u0105.<\/p>\r\n                    <\/div>\r\n                <\/div>\r\n            <\/div>\r\n        <\/a>\r\n\r\n        \r\n        <a href=\"https:\/\/talkpal.ai\/vocabulary_language\/finnish\/\">\r\n            <div class=\"learnNavigationWrapper\">\r\n                <div class=\"learnNavigationContent\">\r\n                    <img decoding=\"async\" src=\"https:\/\/talkpal.ai\/wp-content\/uploads\/2024\/08\/Finnish.jpg\" alt=\"Finnish Flag\">\r\n                    <div>\r\n                        <h4>Suomi\u0173 kalbos \u017eodynas<\/h4>\r\n                        <p>Prapl\u0117skite savo suomi\u0173 kalbos \u017eodyn\u0105.<\/p>\r\n                    <\/div>\r\n                <\/div>\r\n            <\/div>\r\n        <\/a>\r\n\r\n            <\/section>","protected":false},"excerpt":{"rendered":"<p>Suomi\u0173 kalbos gramatika: suomi\u0173 kalbos sud\u0117tingumo \u012fsisavinimo vadovas Suomi\u0173 kalba, unikali ir patraukli kalba, kuria kalba ma\u017edaug 5 milijonai \u017emoni\u0173, yra \u017einoma d\u0117l savo sud\u0117tingumo ir savitos gramatikos sistemos. I\u0161 pirmo \u017evilgsnio suomi\u0173 kalbos gramatikos taisykl\u0117s ir strukt\u016bros gali pasirodyti bauginan\u010dios, bet nebijokite! Su kantrybe, praktika ir patarimais galite atskleisti suomi\u0173 kalbos gramatikos paslaptis ir [&hellip;]<\/p>\n","protected":false},"author":1,"featured_media":106627,"parent":0,"menu_order":0,"comment_status":"closed","ping_status":"closed","template":"LearningContentPage.php","meta":{"_acf_changed":false,"footnotes":""},"class_list":["post-129159","page","type-page","status-publish","has-post-thumbnail","hentry"],"acf":[],"yoast_head":"<!-- This site is optimized with the Yoast SEO Premium plugin v27.2 (Yoast SEO v27.2) - https:\/\/yoast.com\/product\/yoast-seo-premium-wordpress\/ -->\n<title>Suomi\u0173 kalbos gramatika - Talkpal<\/title>\n<meta name=\"description\" content=\"Su\u017einokite esminius suomi\u0173 kalbos gramatikos aspektus, \u012fskaitant atvejus, veiksma\u017eod\u017eius, sakinio strukt\u016br\u0105 ir tarimo patarimus, kaip i\u0161mokti suomi\u0173 kalb\u0105.\" \/>\n<meta name=\"robots\" content=\"index, follow, max-snippet:-1, max-image-preview:large, max-video-preview:-1\" \/>\n<link rel=\"canonical\" href=\"https:\/\/talkpal.ai\/lt\/suomiu-kalbos-gramatika\/\" \/>\n<meta property=\"og:locale\" content=\"lt_LT\" \/>\n<meta property=\"og:type\" content=\"article\" \/>\n<meta property=\"og:title\" content=\"Suomi\u0173 kalbos gramatika\" \/>\n<meta property=\"og:description\" content=\"Suomi\u0173 kalbos gramatika: suomi\u0173 kalbos sud\u0117tingumo \u012fsisavinimo vadovas Suomi\u0173 kalba, unikali ir patraukli kalba, kuria kalba ma\u017edaug 5 milijonai \u017emoni\u0173,\" \/>\n<meta property=\"og:url\" content=\"https:\/\/talkpal.ai\/lt\/suomiu-kalbos-gramatika\/\" \/>\n<meta property=\"og:site_name\" content=\"Talkpal\" \/>\n<meta property=\"article:publisher\" content=\"https:\/\/www.facebook.com\/profile.php?id=100090733639311\" \/>\n<meta property=\"article:modified_time\" content=\"2025-12-11T17:06:54+00:00\" \/>\n<meta property=\"og:image\" content=\"https:\/\/talkpal.ai\/wp-content\/uploads\/2023\/04\/finland.png\" \/>\n\t<meta property=\"og:image:width\" content=\"512\" \/>\n\t<meta property=\"og:image:height\" content=\"512\" \/>\n\t<meta property=\"og:image:type\" content=\"image\/png\" \/>\n<meta name=\"twitter:card\" content=\"summary_large_image\" \/>\n<meta name=\"twitter:site\" content=\"@talkpalai\" \/>\n<meta name=\"twitter:label1\" content=\"Est. reading time\" \/>\n\t<meta name=\"twitter:data1\" content=\"3 minut\u0117s\" \/>\n<script type=\"application\/ld+json\" class=\"yoast-schema-graph\">{\"@context\":\"https:\/\/schema.org\",\"@graph\":[{\"@type\":\"WebPage\",\"@id\":\"https:\/\/talkpal.ai\/lt\/suomiu-kalbos-gramatika\/\",\"url\":\"https:\/\/talkpal.ai\/lt\/suomiu-kalbos-gramatika\/\",\"name\":\"Suomi\u0173 kalbos gramatika - Talkpal\",\"isPartOf\":{\"@id\":\"https:\/\/talkpal.ai\/lt\/#website\"},\"primaryImageOfPage\":{\"@id\":\"https:\/\/talkpal.ai\/lt\/suomiu-kalbos-gramatika\/#primaryimage\"},\"image\":{\"@id\":\"https:\/\/talkpal.ai\/lt\/suomiu-kalbos-gramatika\/#primaryimage\"},\"thumbnailUrl\":\"https:\/\/talkpal.ai\/wp-content\/uploads\/2023\/04\/finland.png\",\"datePublished\":\"2023-05-14T13:50:21+00:00\",\"dateModified\":\"2025-12-11T17:06:54+00:00\",\"description\":\"Su\u017einokite esminius suomi\u0173 kalbos gramatikos aspektus, \u012fskaitant atvejus, veiksma\u017eod\u017eius, sakinio strukt\u016br\u0105 ir tarimo patarimus, kaip i\u0161mokti suomi\u0173 kalb\u0105.\",\"breadcrumb\":{\"@id\":\"https:\/\/talkpal.ai\/lt\/suomiu-kalbos-gramatika\/#breadcrumb\"},\"inLanguage\":\"lt-LT\",\"potentialAction\":[{\"@type\":\"ReadAction\",\"target\":[\"https:\/\/talkpal.ai\/lt\/suomiu-kalbos-gramatika\/\"]}]},{\"@type\":\"ImageObject\",\"inLanguage\":\"lt-LT\",\"@id\":\"https:\/\/talkpal.ai\/lt\/suomiu-kalbos-gramatika\/#primaryimage\",\"url\":\"https:\/\/talkpal.ai\/wp-content\/uploads\/2023\/04\/finland.png\",\"contentUrl\":\"https:\/\/talkpal.ai\/wp-content\/uploads\/2023\/04\/finland.png\",\"width\":512,\"height\":512,\"caption\":\"TalkPal finland Flag\"},{\"@type\":\"BreadcrumbList\",\"@id\":\"https:\/\/talkpal.ai\/lt\/suomiu-kalbos-gramatika\/#breadcrumb\",\"itemListElement\":[{\"@type\":\"ListItem\",\"position\":1,\"name\":\"Homepage\",\"item\":\"https:\/\/talkpal.ai\/lt\/\"},{\"@type\":\"ListItem\",\"position\":2,\"name\":\"Suomi\u0173 kalbos gramatika\"}]},{\"@type\":\"WebSite\",\"@id\":\"https:\/\/talkpal.ai\/lt\/#website\",\"url\":\"https:\/\/talkpal.ai\/lt\/\",\"name\":\"Talkpal\",\"description\":\"AI Language Learning\",\"publisher\":{\"@id\":\"https:\/\/talkpal.ai\/lt\/#organization\"},\"alternateName\":\"Talkpal AI\",\"potentialAction\":[{\"@type\":\"SearchAction\",\"target\":{\"@type\":\"EntryPoint\",\"urlTemplate\":\"https:\/\/talkpal.ai\/lt\/?s={search_term_string}\"},\"query-input\":{\"@type\":\"PropertyValueSpecification\",\"valueRequired\":true,\"valueName\":\"search_term_string\"}}],\"inLanguage\":\"lt-LT\"},{\"@type\":\"Organization\",\"@id\":\"https:\/\/talkpal.ai\/lt\/#organization\",\"name\":\"Talkpal, Inc.\",\"alternateName\":\"Talkpal AI\",\"url\":\"https:\/\/talkpal.ai\/lt\/\",\"logo\":{\"@type\":\"ImageObject\",\"inLanguage\":\"lt-LT\",\"@id\":\"https:\/\/talkpal.ai\/lt\/#\/schema\/logo\/image\/\",\"url\":\"https:\/\/talkpal.ai\/wp-content\/uploads\/2024\/03\/Talkpal-Logo-Icon.png\",\"contentUrl\":\"https:\/\/talkpal.ai\/wp-content\/uploads\/2024\/03\/Talkpal-Logo-Icon.png\",\"width\":2880,\"height\":2880,\"caption\":\"Talkpal, Inc.\"},\"image\":{\"@id\":\"https:\/\/talkpal.ai\/lt\/#\/schema\/logo\/image\/\"},\"sameAs\":[\"https:\/\/www.facebook.com\/profile.php?id=100090733639311\",\"https:\/\/x.com\/talkpalai\",\"https:\/\/www.linkedin.com\/company\/talkpal\/\",\"https:\/\/www.youtube.com\/@TalkPal\/\",\"https:\/\/www.tiktok.com\/@talkpal\",\"https:\/\/www.instagram.com\/talkpal_ai\/\",\"https:\/\/www.crunchbase.com\/organization\/talkpal-9cde\",\"https:\/\/www.g2.com\/products\/talkpal-for-business\/\",\"https:\/\/www.trustpilot.com\/review\/talkpal.ai\",\"https:\/\/www.capterra.com\/p\/10006800\/TalkPal\/\"],\"description\":\"Talkpal is a language learning web and mobile education app, powered by the latest AI technologies, that provides engaging experiences to its customers in many different languages to help them improve their language skills. Users can chat about unlimited amount of topics with the app and use other modes to practice their language learning.\",\"email\":\"support@talkpal.ai\",\"legalName\":\"Talkpal, Inc.\",\"foundingDate\":\"2023-04-03\",\"duns\":\"118989042\",\"numberOfEmployees\":{\"@type\":\"QuantitativeValue\",\"minValue\":\"11\",\"maxValue\":\"50\"},\"publishingPrinciples\":\"https:\/\/talkpal.ai\/publishing-principles\/\",\"actionableFeedbackPolicy\":\"https:\/\/talkpal.ai\/actionable-feedback-policy\/\",\"correctionsPolicy\":\"https:\/\/talkpal.ai\/corrections-policy\/\",\"ethicsPolicy\":\"https:\/\/talkpal.ai\/ethics-policy\/\",\"diversityPolicy\":\"https:\/\/talkpal.ai\/diversity-policy\/\",\"diversityStaffingReport\":\"https:\/\/talkpal.ai\/diversity-policy\/\"}]}<\/script>\n<!-- \/ Yoast SEO Premium plugin. -->","yoast_head_json":{"title":"Suomi\u0173 kalbos gramatika - Talkpal","description":"Su\u017einokite esminius suomi\u0173 kalbos gramatikos aspektus, \u012fskaitant atvejus, veiksma\u017eod\u017eius, sakinio strukt\u016br\u0105 ir tarimo patarimus, kaip i\u0161mokti suomi\u0173 kalb\u0105.","robots":{"index":"index","follow":"follow","max-snippet":"max-snippet:-1","max-image-preview":"max-image-preview:large","max-video-preview":"max-video-preview:-1"},"canonical":"https:\/\/talkpal.ai\/lt\/suomiu-kalbos-gramatika\/","og_locale":"lt_LT","og_type":"article","og_title":"Suomi\u0173 kalbos gramatika","og_description":"Suomi\u0173 kalbos gramatika: suomi\u0173 kalbos sud\u0117tingumo \u012fsisavinimo vadovas Suomi\u0173 kalba, unikali ir patraukli kalba, kuria kalba ma\u017edaug 5 milijonai \u017emoni\u0173,","og_url":"https:\/\/talkpal.ai\/lt\/suomiu-kalbos-gramatika\/","og_site_name":"Talkpal","article_publisher":"https:\/\/www.facebook.com\/profile.php?id=100090733639311","article_modified_time":"2025-12-11T17:06:54+00:00","og_image":[{"width":512,"height":512,"url":"https:\/\/talkpal.ai\/wp-content\/uploads\/2023\/04\/finland.png","type":"image\/png"}],"twitter_card":"summary_large_image","twitter_site":"@talkpalai","twitter_misc":{"Est. reading time":"3 minut\u0117s"},"schema":{"@context":"https:\/\/schema.org","@graph":[{"@type":"WebPage","@id":"https:\/\/talkpal.ai\/lt\/suomiu-kalbos-gramatika\/","url":"https:\/\/talkpal.ai\/lt\/suomiu-kalbos-gramatika\/","name":"Suomi\u0173 kalbos gramatika - Talkpal","isPartOf":{"@id":"https:\/\/talkpal.ai\/lt\/#website"},"primaryImageOfPage":{"@id":"https:\/\/talkpal.ai\/lt\/suomiu-kalbos-gramatika\/#primaryimage"},"image":{"@id":"https:\/\/talkpal.ai\/lt\/suomiu-kalbos-gramatika\/#primaryimage"},"thumbnailUrl":"https:\/\/talkpal.ai\/wp-content\/uploads\/2023\/04\/finland.png","datePublished":"2023-05-14T13:50:21+00:00","dateModified":"2025-12-11T17:06:54+00:00","description":"Su\u017einokite esminius suomi\u0173 kalbos gramatikos aspektus, \u012fskaitant atvejus, veiksma\u017eod\u017eius, sakinio strukt\u016br\u0105 ir tarimo patarimus, kaip i\u0161mokti suomi\u0173 kalb\u0105.","breadcrumb":{"@id":"https:\/\/talkpal.ai\/lt\/suomiu-kalbos-gramatika\/#breadcrumb"},"inLanguage":"lt-LT","potentialAction":[{"@type":"ReadAction","target":["https:\/\/talkpal.ai\/lt\/suomiu-kalbos-gramatika\/"]}]},{"@type":"ImageObject","inLanguage":"lt-LT","@id":"https:\/\/talkpal.ai\/lt\/suomiu-kalbos-gramatika\/#primaryimage","url":"https:\/\/talkpal.ai\/wp-content\/uploads\/2023\/04\/finland.png","contentUrl":"https:\/\/talkpal.ai\/wp-content\/uploads\/2023\/04\/finland.png","width":512,"height":512,"caption":"TalkPal finland Flag"},{"@type":"BreadcrumbList","@id":"https:\/\/talkpal.ai\/lt\/suomiu-kalbos-gramatika\/#breadcrumb","itemListElement":[{"@type":"ListItem","position":1,"name":"Homepage","item":"https:\/\/talkpal.ai\/lt\/"},{"@type":"ListItem","position":2,"name":"Suomi\u0173 kalbos gramatika"}]},{"@type":"WebSite","@id":"https:\/\/talkpal.ai\/lt\/#website","url":"https:\/\/talkpal.ai\/lt\/","name":"Talkpal","description":"AI Language Learning","publisher":{"@id":"https:\/\/talkpal.ai\/lt\/#organization"},"alternateName":"Talkpal AI","potentialAction":[{"@type":"SearchAction","target":{"@type":"EntryPoint","urlTemplate":"https:\/\/talkpal.ai\/lt\/?s={search_term_string}"},"query-input":{"@type":"PropertyValueSpecification","valueRequired":true,"valueName":"search_term_string"}}],"inLanguage":"lt-LT"},{"@type":"Organization","@id":"https:\/\/talkpal.ai\/lt\/#organization","name":"Talkpal, Inc.","alternateName":"Talkpal AI","url":"https:\/\/talkpal.ai\/lt\/","logo":{"@type":"ImageObject","inLanguage":"lt-LT","@id":"https:\/\/talkpal.ai\/lt\/#\/schema\/logo\/image\/","url":"https:\/\/talkpal.ai\/wp-content\/uploads\/2024\/03\/Talkpal-Logo-Icon.png","contentUrl":"https:\/\/talkpal.ai\/wp-content\/uploads\/2024\/03\/Talkpal-Logo-Icon.png","width":2880,"height":2880,"caption":"Talkpal, Inc."},"image":{"@id":"https:\/\/talkpal.ai\/lt\/#\/schema\/logo\/image\/"},"sameAs":["https:\/\/www.facebook.com\/profile.php?id=100090733639311","https:\/\/x.com\/talkpalai","https:\/\/www.linkedin.com\/company\/talkpal\/","https:\/\/www.youtube.com\/@TalkPal\/","https:\/\/www.tiktok.com\/@talkpal","https:\/\/www.instagram.com\/talkpal_ai\/","https:\/\/www.crunchbase.com\/organization\/talkpal-9cde","https:\/\/www.g2.com\/products\/talkpal-for-business\/","https:\/\/www.trustpilot.com\/review\/talkpal.ai","https:\/\/www.capterra.com\/p\/10006800\/TalkPal\/"],"description":"Talkpal is a language learning web and mobile education app, powered by the latest AI technologies, that provides engaging experiences to its customers in many different languages to help them improve their language skills. Users can chat about unlimited amount of topics with the app and use other modes to practice their language learning.","email":"support@talkpal.ai","legalName":"Talkpal, Inc.","foundingDate":"2023-04-03","duns":"118989042","numberOfEmployees":{"@type":"QuantitativeValue","minValue":"11","maxValue":"50"},"publishingPrinciples":"https:\/\/talkpal.ai\/publishing-principles\/","actionableFeedbackPolicy":"https:\/\/talkpal.ai\/actionable-feedback-policy\/","correctionsPolicy":"https:\/\/talkpal.ai\/corrections-policy\/","ethicsPolicy":"https:\/\/talkpal.ai\/ethics-policy\/","diversityPolicy":"https:\/\/talkpal.ai\/diversity-policy\/","diversityStaffingReport":"https:\/\/talkpal.ai\/diversity-policy\/"}]}},"_links":{"self":[{"href":"https:\/\/talkpal.ai\/lt\/wp-json\/wp\/v2\/pages\/129159","targetHints":{"allow":["GET"]}}],"collection":[{"href":"https:\/\/talkpal.ai\/lt\/wp-json\/wp\/v2\/pages"}],"about":[{"href":"https:\/\/talkpal.ai\/lt\/wp-json\/wp\/v2\/types\/page"}],"author":[{"embeddable":true,"href":"https:\/\/talkpal.ai\/lt\/wp-json\/wp\/v2\/users\/1"}],"replies":[{"embeddable":true,"href":"https:\/\/talkpal.ai\/lt\/wp-json\/wp\/v2\/comments?post=129159"}],"version-history":[{"count":0,"href":"https:\/\/talkpal.ai\/lt\/wp-json\/wp\/v2\/pages\/129159\/revisions"}],"wp:featuredmedia":[{"embeddable":true,"href":"https:\/\/talkpal.ai\/lt\/wp-json\/wp\/v2\/media\/106627"}],"wp:attachment":[{"href":"https:\/\/talkpal.ai\/lt\/wp-json\/wp\/v2\/media?parent=129159"}],"curies":[{"name":"wp","href":"https:\/\/api.w.org\/{rel}","templated":true}]}}