{"id":128824,"date":"2023-05-14T13:49:38","date_gmt":"2023-05-14T13:49:38","guid":{"rendered":"http:\/\/talkpal.ai\/olandu-kalbos-gramatika\/"},"modified":"2025-12-11T17:03:36","modified_gmt":"2025-12-11T17:03:36","slug":"olandu-kalbos-gramatika","status":"publish","type":"page","link":"https:\/\/talkpal.ai\/lt\/olandu-kalbos-gramatika\/","title":{"rendered":"Oland\u0173 kalbos gramatika"},"content":{"rendered":"\r\n\r\n\r\n<section class=\"languageChallengeSection\">\r\n    <div class=\"languageInfoWrapper\">\r\n        \r\n        <h1>Oland\u0173 kalbos gramatika<\/h1>\r\n        <p>Susipa\u017einkite su <a href=\"https:\/\/talkpal.ai\/lt\/ismok-olandu-kalba\/\">oland\u0173 kalbos<\/a> pagrindais mokydamiesi pagrindini\u0173 gramatikos taisykli\u0173. I\u0161mok\u0119 <a href=\"https:\/\/talkpal.ai\/lt\/ismok-olandu-kalba\/\">oland\u0173 kalbos<\/a> gramatik\u0105 gal\u0117site efektyviai bendrauti ir geriau pa\u017einti <a href=\"https:\/\/talkpal.ai\/learn-dutch\/\">oland\u0173<\/a> kult\u016br\u0105. Prad\u0117kite <a href=\"https:\/\/talkpal.ai\/learn-dutch\/\">mokytis oland\u0173 kalbos<\/a> gramatikos \u0161iandien ir \u017eenkite pirm\u0105j\u012f \u017eingsn\u012f sklandaus kalb\u0117jimo link!\n<\/p>\r\n\r\n                            <a class=\"getStartedHidden\" href=\"https:\/\/app.talkpal.ai\/lt\/signup?lng=\">Prad\u0117k<\/a>\r\n        \r\n    <\/div>\r\n\r\n    <figure>\r\n    <img decoding=\"async\" width=\"768\" height=\"768\" src=\"https:\/\/talkpal.ai\/wp-content\/uploads\/2023\/06\/Dutch-768x768.png\" class=\"languageImage no-lazy\" alt=\"Developing skills through language learning\" fetchpriority=\"high\" sizes=\"(max-width: 768px) 150px, 768px\" srcset=\"https:\/\/talkpal.ai\/wp-content\/uploads\/2023\/06\/Dutch-768x768.png 768w, https:\/\/talkpal.ai\/wp-content\/uploads\/2023\/06\/Dutch-300x300.png 300w\" \/>\r\n    \r\n\r\n    <\/figure>\r\n\r\n            <a class=\"getStartedVisible\" href=\"https:\/\/app.talkpal.ai\/lt\/signup?lng=\">Prad\u0117k<\/a>\r\n    \r\n<\/section>\r\n<section class=\"promotionalBanner\">\r\n    <p class=\"promotionalText\">Efektyviausias b\u016bdas mokytis <a href=\"https:\/\/talkpal.ai\/what-language-is-spoken-on-the-international-space-station\/\">kalbos<\/a><\/p>\r\n    <a class=\"promotionalLink\" href=\"https:\/\/app.talkpal.ai\/lt\/signup?lng=\">I\u0161bandykite Talkpal &#8221; nemokamai<\/a>\r\n<\/section>\n<div class=\"wp-block-group pageContainerStyle\"><div class=\"wp-block-group__inner-container is-layout-constrained wp-block-group-is-layout-constrained\">\n<h2 class=\"wp-block-heading\" id=\"h-dutch-grammar-master-the-mechanics-of-the-dutch-language\">Oland\u0173 kalbos gramatika: \u012fvaldykite oland\u0173 kalbos mechanik\u0105<\/h2>\n\n\n\n<p>Jei ry\u017eot\u0117s mokytis oland\u0173 kalbos, j\u016bs\u0173 laukia \u012fdomi kelion\u0117! Oland\u0173 kalba, kurioje visame pasaulyje kalba daugiau nei 23 milijonai \u017emoni\u0173, yra fantasti\u0161ka kalba, stiprinanti j\u016bs\u0173 kalbin\u012f meistri\u0161kum\u0105 ir ple\u010dianti akirat\u012f. Dabar galb\u016bt gird\u0117jote \u0161nab\u017edesius apie oland\u0173 kalbos gramatikos sud\u0117tingum\u0105, bet nebijokite! \u0160is straipsnis &#8211; <a href=\"https:\/\/talkpal.ai\/learn-thai\/\">tai<\/a> draugi\u0161kas pradedan\u010di\u0173j\u0173 vadovas, kuriame oland\u0173 kalbos <a href=\"https:\/\/talkpal.ai\/sq\/gramatika\/\">gramatika<\/a> pateikiama linksmai, ta\u010diau i\u0161samiai.<\/p>\n\n\n\n<h3 class=\"wp-block-heading\" id=\"h-1-the-pillar-of-dutch-grammar-word-order\">1. Oland\u0173 kalbos gramatikos ramstis: \u017eod\u017ei\u0173 tvarka<\/h3>\n\n\n\n<p>Oland\u0173 kalbos gramatika labai priklauso nuo \u017eod\u017ei\u0173 tvarkos. Apskritai ji yra pana\u0161i \u012f <a href=\"https:\/\/talkpal.ai\/learn-english-with-ai\/\">angl\u0173<\/a> kalbos strukt\u016br\u0105 &#8222;subjektas, veiksma\u017eodis, objektas&#8221;. Ta\u010diau oland\u0173 kalba turi unikali\u0105 savyb\u0119: veiksma\u017eod\u017eio antrasis (V2) \u017eod\u017ei\u0173 tvarka. Sakinyje, kuriame yra daugiau nei vienas veiksma\u017eodis, antrasis veiksma\u017eodis stumiamas \u012f pabaig\u0105. Pavyzd\u017eiui:<\/p>\n\n\n\n<p>Angl\u0173 kalba: \u0160iandien turiu dirbti.<\/p>\n\n\n\n<p>Oland\u0173 kalba: Ik moet vandaag werken. (pa\u017eod\u017eiui: &#8222;\u0160iandien turiu dirbti.&#8221;)<\/p>\n\n\n\n<p>V2 \u017eod\u017ei\u0173 tvarkos \u012fvaldymas yra b\u016btinas mokantis oland\u0173 kalbos gramatikos.<\/p>\n\n\n\n<h3 class=\"wp-block-heading\" id=\"h-2-get-to-know-your-articles\">2. Susipa\u017einkite su savo straipsniais<\/h3>\n\n\n\n<p>Oland\u0173 kalba turi du apibr\u0117\u017etus straipsnius (&#8222;de&#8221; ir &#8222;het&#8221;) ir neapibr\u0117\u017et\u0105 straipsn\u012f (&#8222;een&#8221;). Pasirinkti tarp dviej\u0173 konkre\u010di\u0173 straipsni\u0173 gali b\u016bti sud\u0117tinga, be ai\u0161kios taisykl\u0117s, kurios reikia laikytis. Kaip pradedantiesiems, geriausias b\u016bdas juos i\u0161mokti yra praktika ir kontekstas. Pavyzd\u017eiui:<\/p>\n\n\n\n<p>De man &#8211; Vyras<\/p>\n\n\n\n<p>Het meisje &#8211; Mergait\u0117<\/p>\n\n\n\n<p>Een hond &#8211; \u0160uo<\/p>\n\n\n\n<h3 class=\"wp-block-heading\" id=\"h-3-the-dance-of-dutch-conjugations\">3. Oland\u0173 konjugacij\u0173 \u0161okis<\/h3>\n\n\n\n<p>Kaip ir angl\u0173 kalba, oland\u0173 veiksma\u017eod\u017eiai kei\u010dia form\u0105, kad perteikt\u0173 \u012ftamp\u0105 ir nuotaik\u0105. Oland\u0173 kalba yra trys pagrindin\u0117s veiksma\u017eod\u017ei\u0173 konjugacij\u0173 grup\u0117s: silpni veiksma\u017eod\u017eiai, stipr\u016bs veiksma\u017eod\u017eiai ir netaisyklingi veiksma\u017eod\u017eiai.<\/p>\n\n\n\n<p>Silpnieji veiksma\u017eod\u017eiai sudaromi pagal tam tikras taisykles, tod\u0117l juos gana lengva i\u0161mokti.  <\/p>\n\n\n\n<p>Pavyzdys (dabartin\u0117 \u012ftampa): Ik werk, jij werkt, hij\/zij\/u werkt, wij\/jullie\/zij werken<\/p>\n\n\n\n<p>Stipr\u016bs veiksma\u017eod\u017eiai apima balsi\u0173 poky\u010dius, da\u017enai paskatindami besimokan\u010diuosius juos \u012fsiminti individualiai.<\/p>\n\n\n\n<p>Pavyzdys (dabartin\u0117 \u012ftampa): Ik zing, jij zingt, hij\/zij\/u zingt, wij\/jullie\/zij zingen<\/p>\n\n\n\n<p>Netaisyklingieji veiksma\u017eod\u017eiai, kaip rodo j\u0173 pavadinimas, n\u0117ra taisyklingi, tod\u0117l j\u0173 reikia mokytis savaranki\u0161kai.<\/p>\n\n\n\n<p>Pavyzdys (dabartin\u0117 \u012ftampa): Ik ben, jij bent, hij\/zij\/u is, wij\/jullie\/zij zijn<\/p>\n\n\n\n<h3 class=\"wp-block-heading\" id=\"h-4-a-flair-for-pronouns\">4. \u012evard\u017ei\u0173 nuojauta<\/h3>\n\n\n\n<p>Oland\u0173 kalbos gramatikos \u012fvard\u017eiai pakei\u010dia daiktavard\u017eius ir yra b\u016btini, kad j\u016bs\u0173 kalba b\u016bt\u0173 dinami\u0161kesn\u0117 ir sklandesn\u0117. Yra asmenini\u0173 \u012fvard\u017ei\u0173, savinink\u0173 \u012fvard\u017ei\u0173, demonstracini\u0173 \u012fvard\u017ei\u0173 ir refleksyvi\u0173 \u012fvard\u017ei\u0173. Kaip pradedantiesiems, labai svarbu suprasti asmeninius ir nuosavyb\u0117s \u012fvard\u017eius.<\/p>\n\n\n\n<p>Asmeniniai \u012fvard\u017eiai: ik (I), jij\/je (tu), hij\/zij\/ze (jis\/ji), wij\/we (mes), jullie (j\u016bs visi), zij\/ze (jie)<\/p>\n\n\n\n<p>Savybiniai \u012fvard\u017eiai: mijn (mano), jouw\/je (j\u016bs\u0173), zijn\/haar (jo\/jos), ons\/onze (m\u016bs\u0173), jullie (j\u016bs\u0173), hun\/hen (j\u0173)<\/p>\n\n\n\n<h3 class=\"wp-block-heading\" id=\"h-5-cases-no-more-mostly\">5. Atvejai ne daugiau (da\u017eniausiai)<\/h3>\n\n\n\n<p>Kitaip nei vokie\u010di\u0173 kalba, oland\u0173 kalba nebenaudoja byl\u0173 sistemos kasdieniame gyvenime, suteikdama tam tikr\u0105 palengv\u0117jim\u0105 nuo kalbini\u0173 kli\u016b\u010di\u0173. Vienintel\u0117 i\u0161imtis &#8211; olandi\u0161ki \u017eod\u017ei\u0173 \u201ekas\u201c ir \u201ekam\u201c variantai (atitinkamai wie ir wie) ir keli pastov\u016bs posakiai (pvz., te allen tijde, rei\u0161kiantys \u201evis\u0105 laik\u0105\u201c).  <\/p>\n\n\n\n<p>Sveikinu! J\u016bs \u017eeng\u0117te pirmuosius \u017eingsnius, kad \u012fvaldytum\u0117te oland\u0173 kalbos gramatik\u0105. Atminkite, kad svarbiausia &#8211; praktika, tod\u0117l nedvejodami gilinkit\u0117s, bendraukite su gimtakalbiais ir kurkite tvirtus pagrindus. Veel pasiseka! (S\u0117km\u0117s!)<\/p>\n<\/div><\/div>\n\r\n<section class=\"learnNavigationSection\">\r\n            \r\n        <a href=\"https:\/\/talkpal.ai\/lt\/ismok-olandu-kalba\/\">\r\n            <div class=\"learnNavigationWrapper\">\r\n                <div class=\"learnNavigationContent\">\r\n                    <img decoding=\"async\" src=\"https:\/\/talkpal.ai\/wp-content\/uploads\/2024\/08\/Dutch.jpg\" alt=\"Netherlands Flag\">\r\n                    <div>\r\n                        <h4>Apie mokym\u0105si oland\u0173 kalba<\/h4>\r\n                        <p>Su\u017einokite visk\u0105 apie oland\u0173 kalbos gramatik\u0105.<\/p>\r\n                    <\/div>\r\n                <\/div>\r\n            <\/div>\r\n        <\/a>\r\n\r\n        \r\n        <a href=\"https:\/\/talkpal.ai\/lt\/olandu-kalbos-gramatikos-pratimai\/\">\r\n            <div class=\"learnNavigationWrapper\">\r\n                <div class=\"learnNavigationContent\">\r\n                    <img decoding=\"async\" src=\"https:\/\/talkpal.ai\/wp-content\/uploads\/2024\/08\/Dutch.jpg\" alt=\"Netherlands Flag\">\r\n                    <div>\r\n                        <h4>Oland\u0173 kalbos gramatikos pratimai<\/h4>\r\n                        <p>Praktikuokite oland\u0173 kalbos gramatik\u0105.<\/p>\r\n                    <\/div>\r\n                <\/div>\r\n            <\/div>\r\n        <\/a>\r\n\r\n        \r\n        <a href=\"https:\/\/talkpal.ai\/vocabulary_language\/dutch\/\">\r\n            <div class=\"learnNavigationWrapper\">\r\n                <div class=\"learnNavigationContent\">\r\n                    <img decoding=\"async\" src=\"https:\/\/talkpal.ai\/wp-content\/uploads\/2024\/08\/Dutch.jpg\" alt=\"Netherlands Flag\">\r\n                    <div>\r\n                        <h4>Oland\u0173 kalbos \u017eodynas<\/h4>\r\n                        <p>Prapl\u0117skite savo oland\u0173 kalbos \u017eodyn\u0105.<\/p>\r\n                    <\/div>\r\n                <\/div>\r\n            <\/div>\r\n        <\/a>\r\n\r\n            <\/section>","protected":false},"excerpt":{"rendered":"<p>Oland\u0173 kalbos gramatika: \u012fvaldykite oland\u0173 kalbos mechanik\u0105 Jei ry\u017eot\u0117s mokytis oland\u0173 kalbos, j\u016bs\u0173 laukia \u012fdomi kelion\u0117! Oland\u0173 kalba, kurioje visame pasaulyje kalba daugiau nei 23 milijonai \u017emoni\u0173, yra fantasti\u0161ka kalba, stiprinanti j\u016bs\u0173 kalbin\u012f meistri\u0161kum\u0105 ir ple\u010dianti akirat\u012f. Dabar galb\u016bt gird\u0117jote \u0161nab\u017edesius apie oland\u0173 kalbos gramatikos sud\u0117tingum\u0105, bet nebijokite! \u0160is straipsnis &#8211; tai draugi\u0161kas pradedan\u010di\u0173j\u0173 vadovas, [&hellip;]<\/p>\n","protected":false},"author":1,"featured_media":106309,"parent":0,"menu_order":0,"comment_status":"closed","ping_status":"closed","template":"LearningContentPage.php","meta":{"_acf_changed":false,"footnotes":""},"class_list":["post-128824","page","type-page","status-publish","has-post-thumbnail","hentry"],"acf":[],"yoast_head":"<!-- This site is optimized with the Yoast SEO Premium plugin v27.2 (Yoast SEO v27.2) - https:\/\/yoast.com\/product\/yoast-seo-premium-wordpress\/ -->\n<title>Oland\u0173 kalbos gramatika - Talkpal<\/title>\n<meta name=\"description\" content=\"I\u0161mokite oland\u0173 kalbos gramatik\u0105 su Talkpal, j\u016bs\u0173 dirbtinio intelekto valdomu kalbos korepetitoriumi. Gaukite ai\u0161kius paai\u0161kinimus, praktinius pavyzd\u017eius ir interaktyvius pratimus!\" \/>\n<meta name=\"robots\" content=\"index, follow, max-snippet:-1, max-image-preview:large, max-video-preview:-1\" \/>\n<link rel=\"canonical\" href=\"https:\/\/talkpal.ai\/lt\/olandu-kalbos-gramatika\/\" \/>\n<meta property=\"og:locale\" content=\"lt_LT\" \/>\n<meta property=\"og:type\" content=\"article\" \/>\n<meta property=\"og:title\" content=\"Oland\u0173 kalbos gramatika\" \/>\n<meta property=\"og:description\" content=\"Oland\u0173 kalbos gramatika: \u012fvaldykite oland\u0173 kalbos mechanik\u0105 Jei ry\u017eot\u0117s mokytis oland\u0173 kalbos, j\u016bs\u0173 laukia \u012fdomi kelion\u0117! Oland\u0173 kalba, kurioje visame\" \/>\n<meta property=\"og:url\" content=\"https:\/\/talkpal.ai\/lt\/olandu-kalbos-gramatika\/\" \/>\n<meta property=\"og:site_name\" content=\"Talkpal\" \/>\n<meta property=\"article:publisher\" content=\"https:\/\/www.facebook.com\/profile.php?id=100090733639311\" \/>\n<meta property=\"article:modified_time\" content=\"2025-12-11T17:03:36+00:00\" \/>\n<meta property=\"og:image\" content=\"https:\/\/talkpal.ai\/wp-content\/uploads\/2023\/04\/netherlands-dutch.png\" \/>\n\t<meta property=\"og:image:width\" content=\"512\" \/>\n\t<meta property=\"og:image:height\" content=\"512\" \/>\n\t<meta property=\"og:image:type\" content=\"image\/png\" \/>\n<meta name=\"twitter:card\" content=\"summary_large_image\" \/>\n<meta name=\"twitter:site\" content=\"@talkpalai\" \/>\n<meta name=\"twitter:label1\" content=\"Est. reading time\" \/>\n\t<meta name=\"twitter:data1\" content=\"3 minut\u0117s\" \/>\n<script type=\"application\/ld+json\" class=\"yoast-schema-graph\">{\"@context\":\"https:\/\/schema.org\",\"@graph\":[{\"@type\":\"WebPage\",\"@id\":\"https:\/\/talkpal.ai\/lt\/olandu-kalbos-gramatika\/\",\"url\":\"https:\/\/talkpal.ai\/lt\/olandu-kalbos-gramatika\/\",\"name\":\"Oland\u0173 kalbos gramatika - Talkpal\",\"isPartOf\":{\"@id\":\"https:\/\/talkpal.ai\/lt\/#website\"},\"primaryImageOfPage\":{\"@id\":\"https:\/\/talkpal.ai\/lt\/olandu-kalbos-gramatika\/#primaryimage\"},\"image\":{\"@id\":\"https:\/\/talkpal.ai\/lt\/olandu-kalbos-gramatika\/#primaryimage\"},\"thumbnailUrl\":\"https:\/\/talkpal.ai\/wp-content\/uploads\/2023\/04\/netherlands-dutch.png\",\"datePublished\":\"2023-05-14T13:49:38+00:00\",\"dateModified\":\"2025-12-11T17:03:36+00:00\",\"description\":\"I\u0161mokite oland\u0173 kalbos gramatik\u0105 su Talkpal, j\u016bs\u0173 dirbtinio intelekto valdomu kalbos korepetitoriumi. Gaukite ai\u0161kius paai\u0161kinimus, praktinius pavyzd\u017eius ir interaktyvius pratimus!\",\"breadcrumb\":{\"@id\":\"https:\/\/talkpal.ai\/lt\/olandu-kalbos-gramatika\/#breadcrumb\"},\"inLanguage\":\"lt-LT\",\"potentialAction\":[{\"@type\":\"ReadAction\",\"target\":[\"https:\/\/talkpal.ai\/lt\/olandu-kalbos-gramatika\/\"]}]},{\"@type\":\"ImageObject\",\"inLanguage\":\"lt-LT\",\"@id\":\"https:\/\/talkpal.ai\/lt\/olandu-kalbos-gramatika\/#primaryimage\",\"url\":\"https:\/\/talkpal.ai\/wp-content\/uploads\/2023\/04\/netherlands-dutch.png\",\"contentUrl\":\"https:\/\/talkpal.ai\/wp-content\/uploads\/2023\/04\/netherlands-dutch.png\",\"width\":512,\"height\":512},{\"@type\":\"BreadcrumbList\",\"@id\":\"https:\/\/talkpal.ai\/lt\/olandu-kalbos-gramatika\/#breadcrumb\",\"itemListElement\":[{\"@type\":\"ListItem\",\"position\":1,\"name\":\"Homepage\",\"item\":\"https:\/\/talkpal.ai\/lt\/\"},{\"@type\":\"ListItem\",\"position\":2,\"name\":\"Oland\u0173 kalbos gramatika\"}]},{\"@type\":\"WebSite\",\"@id\":\"https:\/\/talkpal.ai\/lt\/#website\",\"url\":\"https:\/\/talkpal.ai\/lt\/\",\"name\":\"Talkpal\",\"description\":\"AI Language Learning\",\"publisher\":{\"@id\":\"https:\/\/talkpal.ai\/lt\/#organization\"},\"alternateName\":\"Talkpal AI\",\"potentialAction\":[{\"@type\":\"SearchAction\",\"target\":{\"@type\":\"EntryPoint\",\"urlTemplate\":\"https:\/\/talkpal.ai\/lt\/?s={search_term_string}\"},\"query-input\":{\"@type\":\"PropertyValueSpecification\",\"valueRequired\":true,\"valueName\":\"search_term_string\"}}],\"inLanguage\":\"lt-LT\"},{\"@type\":\"Organization\",\"@id\":\"https:\/\/talkpal.ai\/lt\/#organization\",\"name\":\"Talkpal, Inc.\",\"alternateName\":\"Talkpal AI\",\"url\":\"https:\/\/talkpal.ai\/lt\/\",\"logo\":{\"@type\":\"ImageObject\",\"inLanguage\":\"lt-LT\",\"@id\":\"https:\/\/talkpal.ai\/lt\/#\/schema\/logo\/image\/\",\"url\":\"https:\/\/talkpal.ai\/wp-content\/uploads\/2024\/03\/Talkpal-Logo-Icon.png\",\"contentUrl\":\"https:\/\/talkpal.ai\/wp-content\/uploads\/2024\/03\/Talkpal-Logo-Icon.png\",\"width\":2880,\"height\":2880,\"caption\":\"Talkpal, Inc.\"},\"image\":{\"@id\":\"https:\/\/talkpal.ai\/lt\/#\/schema\/logo\/image\/\"},\"sameAs\":[\"https:\/\/www.facebook.com\/profile.php?id=100090733639311\",\"https:\/\/x.com\/talkpalai\",\"https:\/\/www.linkedin.com\/company\/talkpal\/\",\"https:\/\/www.youtube.com\/@TalkPal\/\",\"https:\/\/www.tiktok.com\/@talkpal\",\"https:\/\/www.instagram.com\/talkpal_ai\/\",\"https:\/\/www.crunchbase.com\/organization\/talkpal-9cde\",\"https:\/\/www.g2.com\/products\/talkpal-for-business\/\",\"https:\/\/www.trustpilot.com\/review\/talkpal.ai\",\"https:\/\/www.capterra.com\/p\/10006800\/TalkPal\/\"],\"description\":\"Talkpal is a language learning web and mobile education app, powered by the latest AI technologies, that provides engaging experiences to its customers in many different languages to help them improve their language skills. Users can chat about unlimited amount of topics with the app and use other modes to practice their language learning.\",\"email\":\"support@talkpal.ai\",\"legalName\":\"Talkpal, Inc.\",\"foundingDate\":\"2023-04-03\",\"duns\":\"118989042\",\"numberOfEmployees\":{\"@type\":\"QuantitativeValue\",\"minValue\":\"11\",\"maxValue\":\"50\"},\"publishingPrinciples\":\"https:\/\/talkpal.ai\/publishing-principles\/\",\"actionableFeedbackPolicy\":\"https:\/\/talkpal.ai\/actionable-feedback-policy\/\",\"correctionsPolicy\":\"https:\/\/talkpal.ai\/corrections-policy\/\",\"ethicsPolicy\":\"https:\/\/talkpal.ai\/ethics-policy\/\",\"diversityPolicy\":\"https:\/\/talkpal.ai\/diversity-policy\/\",\"diversityStaffingReport\":\"https:\/\/talkpal.ai\/diversity-policy\/\"}]}<\/script>\n<!-- \/ Yoast SEO Premium plugin. -->","yoast_head_json":{"title":"Oland\u0173 kalbos gramatika - Talkpal","description":"I\u0161mokite oland\u0173 kalbos gramatik\u0105 su Talkpal, j\u016bs\u0173 dirbtinio intelekto valdomu kalbos korepetitoriumi. Gaukite ai\u0161kius paai\u0161kinimus, praktinius pavyzd\u017eius ir interaktyvius pratimus!","robots":{"index":"index","follow":"follow","max-snippet":"max-snippet:-1","max-image-preview":"max-image-preview:large","max-video-preview":"max-video-preview:-1"},"canonical":"https:\/\/talkpal.ai\/lt\/olandu-kalbos-gramatika\/","og_locale":"lt_LT","og_type":"article","og_title":"Oland\u0173 kalbos gramatika","og_description":"Oland\u0173 kalbos gramatika: \u012fvaldykite oland\u0173 kalbos mechanik\u0105 Jei ry\u017eot\u0117s mokytis oland\u0173 kalbos, j\u016bs\u0173 laukia \u012fdomi kelion\u0117! Oland\u0173 kalba, kurioje visame","og_url":"https:\/\/talkpal.ai\/lt\/olandu-kalbos-gramatika\/","og_site_name":"Talkpal","article_publisher":"https:\/\/www.facebook.com\/profile.php?id=100090733639311","article_modified_time":"2025-12-11T17:03:36+00:00","og_image":[{"width":512,"height":512,"url":"https:\/\/talkpal.ai\/wp-content\/uploads\/2023\/04\/netherlands-dutch.png","type":"image\/png"}],"twitter_card":"summary_large_image","twitter_site":"@talkpalai","twitter_misc":{"Est. reading time":"3 minut\u0117s"},"schema":{"@context":"https:\/\/schema.org","@graph":[{"@type":"WebPage","@id":"https:\/\/talkpal.ai\/lt\/olandu-kalbos-gramatika\/","url":"https:\/\/talkpal.ai\/lt\/olandu-kalbos-gramatika\/","name":"Oland\u0173 kalbos gramatika - Talkpal","isPartOf":{"@id":"https:\/\/talkpal.ai\/lt\/#website"},"primaryImageOfPage":{"@id":"https:\/\/talkpal.ai\/lt\/olandu-kalbos-gramatika\/#primaryimage"},"image":{"@id":"https:\/\/talkpal.ai\/lt\/olandu-kalbos-gramatika\/#primaryimage"},"thumbnailUrl":"https:\/\/talkpal.ai\/wp-content\/uploads\/2023\/04\/netherlands-dutch.png","datePublished":"2023-05-14T13:49:38+00:00","dateModified":"2025-12-11T17:03:36+00:00","description":"I\u0161mokite oland\u0173 kalbos gramatik\u0105 su Talkpal, j\u016bs\u0173 dirbtinio intelekto valdomu kalbos korepetitoriumi. Gaukite ai\u0161kius paai\u0161kinimus, praktinius pavyzd\u017eius ir interaktyvius pratimus!","breadcrumb":{"@id":"https:\/\/talkpal.ai\/lt\/olandu-kalbos-gramatika\/#breadcrumb"},"inLanguage":"lt-LT","potentialAction":[{"@type":"ReadAction","target":["https:\/\/talkpal.ai\/lt\/olandu-kalbos-gramatika\/"]}]},{"@type":"ImageObject","inLanguage":"lt-LT","@id":"https:\/\/talkpal.ai\/lt\/olandu-kalbos-gramatika\/#primaryimage","url":"https:\/\/talkpal.ai\/wp-content\/uploads\/2023\/04\/netherlands-dutch.png","contentUrl":"https:\/\/talkpal.ai\/wp-content\/uploads\/2023\/04\/netherlands-dutch.png","width":512,"height":512},{"@type":"BreadcrumbList","@id":"https:\/\/talkpal.ai\/lt\/olandu-kalbos-gramatika\/#breadcrumb","itemListElement":[{"@type":"ListItem","position":1,"name":"Homepage","item":"https:\/\/talkpal.ai\/lt\/"},{"@type":"ListItem","position":2,"name":"Oland\u0173 kalbos gramatika"}]},{"@type":"WebSite","@id":"https:\/\/talkpal.ai\/lt\/#website","url":"https:\/\/talkpal.ai\/lt\/","name":"Talkpal","description":"AI Language Learning","publisher":{"@id":"https:\/\/talkpal.ai\/lt\/#organization"},"alternateName":"Talkpal AI","potentialAction":[{"@type":"SearchAction","target":{"@type":"EntryPoint","urlTemplate":"https:\/\/talkpal.ai\/lt\/?s={search_term_string}"},"query-input":{"@type":"PropertyValueSpecification","valueRequired":true,"valueName":"search_term_string"}}],"inLanguage":"lt-LT"},{"@type":"Organization","@id":"https:\/\/talkpal.ai\/lt\/#organization","name":"Talkpal, Inc.","alternateName":"Talkpal AI","url":"https:\/\/talkpal.ai\/lt\/","logo":{"@type":"ImageObject","inLanguage":"lt-LT","@id":"https:\/\/talkpal.ai\/lt\/#\/schema\/logo\/image\/","url":"https:\/\/talkpal.ai\/wp-content\/uploads\/2024\/03\/Talkpal-Logo-Icon.png","contentUrl":"https:\/\/talkpal.ai\/wp-content\/uploads\/2024\/03\/Talkpal-Logo-Icon.png","width":2880,"height":2880,"caption":"Talkpal, Inc."},"image":{"@id":"https:\/\/talkpal.ai\/lt\/#\/schema\/logo\/image\/"},"sameAs":["https:\/\/www.facebook.com\/profile.php?id=100090733639311","https:\/\/x.com\/talkpalai","https:\/\/www.linkedin.com\/company\/talkpal\/","https:\/\/www.youtube.com\/@TalkPal\/","https:\/\/www.tiktok.com\/@talkpal","https:\/\/www.instagram.com\/talkpal_ai\/","https:\/\/www.crunchbase.com\/organization\/talkpal-9cde","https:\/\/www.g2.com\/products\/talkpal-for-business\/","https:\/\/www.trustpilot.com\/review\/talkpal.ai","https:\/\/www.capterra.com\/p\/10006800\/TalkPal\/"],"description":"Talkpal is a language learning web and mobile education app, powered by the latest AI technologies, that provides engaging experiences to its customers in many different languages to help them improve their language skills. Users can chat about unlimited amount of topics with the app and use other modes to practice their language learning.","email":"support@talkpal.ai","legalName":"Talkpal, Inc.","foundingDate":"2023-04-03","duns":"118989042","numberOfEmployees":{"@type":"QuantitativeValue","minValue":"11","maxValue":"50"},"publishingPrinciples":"https:\/\/talkpal.ai\/publishing-principles\/","actionableFeedbackPolicy":"https:\/\/talkpal.ai\/actionable-feedback-policy\/","correctionsPolicy":"https:\/\/talkpal.ai\/corrections-policy\/","ethicsPolicy":"https:\/\/talkpal.ai\/ethics-policy\/","diversityPolicy":"https:\/\/talkpal.ai\/diversity-policy\/","diversityStaffingReport":"https:\/\/talkpal.ai\/diversity-policy\/"}]}},"_links":{"self":[{"href":"https:\/\/talkpal.ai\/lt\/wp-json\/wp\/v2\/pages\/128824","targetHints":{"allow":["GET"]}}],"collection":[{"href":"https:\/\/talkpal.ai\/lt\/wp-json\/wp\/v2\/pages"}],"about":[{"href":"https:\/\/talkpal.ai\/lt\/wp-json\/wp\/v2\/types\/page"}],"author":[{"embeddable":true,"href":"https:\/\/talkpal.ai\/lt\/wp-json\/wp\/v2\/users\/1"}],"replies":[{"embeddable":true,"href":"https:\/\/talkpal.ai\/lt\/wp-json\/wp\/v2\/comments?post=128824"}],"version-history":[{"count":0,"href":"https:\/\/talkpal.ai\/lt\/wp-json\/wp\/v2\/pages\/128824\/revisions"}],"wp:featuredmedia":[{"embeddable":true,"href":"https:\/\/talkpal.ai\/lt\/wp-json\/wp\/v2\/media\/106309"}],"wp:attachment":[{"href":"https:\/\/talkpal.ai\/lt\/wp-json\/wp\/v2\/media?parent=128824"}],"curies":[{"name":"wp","href":"https:\/\/api.w.org\/{rel}","templated":true}]}}