{"id":128414,"date":"2023-05-14T13:48:36","date_gmt":"2023-05-14T13:48:36","guid":{"rendered":"http:\/\/talkpal.ai\/kinu-kalbos-gramatika\/"},"modified":"2025-06-17T16:39:41","modified_gmt":"2025-06-17T16:39:41","slug":"kinu-kalbos-gramatika","status":"publish","type":"page","link":"https:\/\/talkpal.ai\/lt\/kinu-kalbos-gramatika\/","title":{"rendered":"Kin\u0173 kalbos gramatika"},"content":{"rendered":"\r\n\r\n\r\n<section class=\"languageChallengeSection\">\r\n    <div class=\"languageInfoWrapper\">\r\n        \r\n        <h1>Kin\u0173 kalbos gramatika<\/h1>\r\n        <p>Sustiprinkite savo <a href=\"https:\/\/talkpal.ai\/learn-chinese\/\">kin\u0173<\/a> <a href=\"https:\/\/talkpal.ai\/what-language-is-spoken-on-the-international-space-station\/\">kalbos<\/a> \u012fg\u016bd\u017eius mokydamiesi pagrindini\u0173 gramatikos strukt\u016br\u0173 ir vartojimo modeli\u0173. Prad\u0117kite tobulinti savo <a href=\"https:\/\/talkpal.ai\/lt\/mokykites-kinu-kalbos\/\">kin\u0173 kalbos<\/a> gramatik\u0105 \u0161iandien ir bendraukite u\u017etikrintai!<\/p>\r\n\r\n                            <a class=\"getStartedHidden\" href=\"https:\/\/app.talkpal.ai\/lt\/signup?lng=\">Prad\u0117k<\/a>\r\n        \r\n    <\/div>\r\n\r\n    <figure>\r\n    <img decoding=\"async\" width=\"768\" height=\"768\" src=\"https:\/\/talkpal.ai\/wp-content\/uploads\/2023\/06\/chinese-768x768.png\" class=\"languageImage no-lazy\" alt=\"Language learning for flexible communication\" fetchpriority=\"high\" sizes=\"(max-width: 768px) 150px, 768px\" srcset=\"https:\/\/talkpal.ai\/wp-content\/uploads\/2023\/06\/chinese-768x768.png 768w, https:\/\/talkpal.ai\/wp-content\/uploads\/2023\/06\/chinese-300x300.png 300w\" \/>\r\n    \r\n\r\n    <\/figure>\r\n\r\n            <a class=\"getStartedVisible\" href=\"https:\/\/app.talkpal.ai\/lt\/signup?lng=\">Prad\u0117k<\/a>\r\n    \r\n<\/section>\r\n<section class=\"promotionalBanner\">\r\n    <p class=\"promotionalText\">Efektyviausias b\u016bdas mokytis kalbos<\/p>\r\n    <a class=\"promotionalLink\" href=\"https:\/\/app.talkpal.ai\/lt\/signup?lng=\">I\u0161bandykite Talkpal &#8221; nemokamai<\/a>\r\n<\/section>\n<div class=\"wp-block-group pageContainerStyle\"><div class=\"wp-block-group__inner-container is-layout-constrained wp-block-group-is-layout-constrained\">\n<h2 class=\"wp-block-heading\" id=\"h-chinese-grammar-the-key-to-mastering-mandarin\">Kin\u0173 kalbos gramatika: raktas \u012f mandarin\u0173 kalbos \u012fsisavinim\u0105<\/h2>\n\n\n\n<p>Ar esate ambicingas kalb\u0173 besimokantis \u017emogus, kuris u\u017esibr\u0117\u017e\u0117 i\u0161mokti mandarin\u0173 kalb\u0105? Jei taip, sveikiname! Kova su kin\u0173 kalba yra puikus b\u016bdas i\u0161pl\u0117sti savo pasaulin\u0119 m\u0105stysen\u0105, susisiekti su \u012fvairiais kalb\u0117tojais ir mesti sau intelektualin\u012f i\u0161\u0161\u016bk\u012f. Ta\u010diau, turint 1,2 milijardo gimtakalbi\u0173 ir kalb\u0173 sistem\u0105, kuri labai skiriasi nuo Vakar\u0173 kalb\u0173, kin\u0173 <a href=\"https:\/\/talkpal.ai\/sq\/gramatika\/\">gramatika<\/a> gali atrodyti gana bauginanti. Nebijokite! Skaitykite toliau, kad gautum\u0117te \u012fdom\u0173 ir informatyv\u0173 kin\u0173 gramatikos kurs\u0105 pradedantiesiems.<\/p>\n\n\n\n<p><strong>Pirmiausia: pamir\u0161kite, k\u0105 \u017einote apie Europos kalbas!<\/strong><\/p>\n\n\n\n<p>Viena i\u0161 pagrindini\u0173 prie\u017eas\u010di\u0173, kod\u0117l kalb\u0173 studentus g\u0105sdina <a href=\"https:\/\/talkpal.ai\/chinese-grammar\/\">kin\u0173 kalbos gramatika<\/a>, yra ta, kad ji i\u0161 esm\u0117s skiriasi nuo &#8222;subjekto, veiksma\u017eod\u017eio ir objekto&#8221; strukt\u016bros, prie kurios esame priprat\u0119 tokiose kalbose kaip <a href=\"https:\/\/talkpal.ai\/learn-english-with-ai\/\">angl\u0173<\/a>, <a href=\"https:\/\/talkpal.ai\/learn-spanish\/\">ispan\u0173<\/a> ar pranc\u016bz\u0173. Taigi giliai \u012fkv\u0117pkite ir pasinerkite \u012f visi\u0161kai nauj\u0105 kalbos taisykli\u0173 ir s\u0105vok\u0173 visat\u0105!<\/p>\n\n\n\n<h3 class=\"wp-block-heading\" id=\"h-1-word-order-is-king\">1. \u017dod\u017ei\u0173 tvarka yra karalius<\/h3>\n\n\n\n<p>Nors kin\u0173 kalbos gramatikoje n\u0117ra laik\u0173, veiksma\u017eod\u017ei\u0173 konjugacij\u0173 ar daugiskaitos, svarbiausia yra tinkama sakinio strukt\u016bra. Taigi, kaip pasiekiama teisinga \u017eod\u017ei\u0173 tvarka? Daugeliu atvej\u0173 tiesiog laikykit\u0117s &#8222;subjekto-veiksma\u017eod\u017eio-objekto&#8221; modelio (pana\u0161aus \u012f angl\u0173 kalb\u0105). Pavyzd\u017eiui:<\/p>\n\n\n\n<p>Angl\u0173 kalba: A\u0161 tave myliu.<br\/>Kin\u0173: \u6211\u7231\u4f60\u3002 W\u01d2 \u00e0i n\u01d0.<\/p>\n\n\n\n<p>Yra sud\u0117tingesni\u0173 strukt\u016br\u0173, ta\u010diau suk\u016brus tvirt\u0105 pagrind\u0105, jas bus lengviau suvokti, kai progresuosite.<\/p>\n\n\n\n<h3 class=\"wp-block-heading\" id=\"h-2-particles-particles-everywhere\">2. Dalel\u0117s, dalel\u0117s visur!<\/h3>\n\n\n\n<p>Kin\u0173 kalbos gramatikoje dalel\u0117s vaidina lemiam\u0105 vaidmen\u012f perteikiant prasm\u0119. Viena i\u0161 da\u017eniausiai pasitaikan\u010di\u0173 daleli\u0173 yra &#8222;\u4e86 (le)&#8221;, kuri rei\u0161kia baigt\u0105 veiksm\u0105. Pavyzd\u017eiui:<\/p>\n\n\n\n<p>\u6211\u5403\u4e86\u3002W\u01d2 ch\u012b le. &#8211; &#8222;A\u0161 valgiau.&#8221;<\/p>\n\n\n\n<p>Kita da\u017ena dalelyt\u0117 yra \u5427 (ba), kuri paver\u010dia teigin\u012f pasi\u016blymu arba klausimu:<\/p>\n\n\n\n<p>\u8d70\u5427\uff01Z\u01d2u ba! &#8211; &#8222;Eime!&#8221;<\/p>\n\n\n\n<p>\u012evairi\u0173 daleli\u0173 funkcij\u0173 supratimas yra labai svarbus norint \u012fsisavinti kin\u0173 gramatikos niuansus.<\/p>\n\n\n\n<h3 class=\"wp-block-heading\" id=\"h-3-measure-words-quality-not-quantity\">3. I\u0161matuokite \u017eod\u017eius: kokyb\u0117, o ne kiekyb\u0117<\/h3>\n\n\n\n<p>Kin\u0173 kalboje daiktavard\u017eiai neturi daugiskaitos. Vietoj to, jie naudoja matavimo \u017eod\u017eius (taip pat \u017einomus kaip klasifikatoriai), kad i\u0161reik\u0161t\u0173 kiek\u012f. Matavimo \u017eod\u017eiai pridedami tarp skai\u010diaus ir daiktavard\u017eio. Pavyzd\u017eiui:<\/p>\n\n\n\n<p>\u4e00\u672c\u4e66 &#8211; Y\u012b b\u011bn sh\u016b &#8211; &#8222;viena knyga&#8221;<\/p>\n\n\n\n<p>Atkreipkite d\u0117mes\u012f \u012f \u672c (b\u011bn) naudojim\u0105 kaip knyg\u0173 matavimo \u017eod\u012f. Skirtingiems daiktavard\u017eiams reikalingi skirtingi matavimo \u017eod\u017eiai, ir nors i\u0161 prad\u017ei\u0173 tai gali atrodyti sud\u0117tinga, prakti\u0161kai tai taps antraeiliu dalyku.<\/p>\n\n\n\n<h3 class=\"wp-block-heading\" id=\"h-4-the-magic-of-compound-words\">4. Sudurtini\u0173 \u017eod\u017ei\u0173 magija<\/h3>\n\n\n\n<p>Kin\u0173 kalba yra pilna sudurtini\u0173 \u017eod\u017ei\u0173, kurie sudaromi derinant du ar daugiau simboli\u0173. Tai ne tik supaprastina \u017eodyno mokym\u0105si, bet ir leid\u017eia sukurti ry\u0161kius vaizdus ir kontekst\u0105. Pavyzd\u017eiui:<\/p>\n\n\n\n<p>\u706b\u8f66 &#8211; Hu\u01d2ch\u0113 &#8211; &#8222;traukinys&#8221; (pa\u017eod\u017eiui: &#8222;ugnies automobilis&#8221;)<br\/>\u7535\u8bdd &#8211; Di\u00e0nhu\u00e0 &#8211; &#8222;telefonas&#8221; (pa\u017eod\u017eiui: &#8222;elektrin\u0117 kalba&#8221;)<\/p>\n\n\n\n<p>Suprasdami atskir\u0173 \u017eenkl\u0173 reik\u0161mes, galite lengvai suprasti anks\u010diau nesusidurt\u0173 sud\u0117tini\u0173 \u017eod\u017ei\u0173 reik\u0161mes.<\/p>\n\n\n\n<h3 class=\"wp-block-heading\" id=\"h-5-no-tenses-no-problem\">5. N\u0117ra laik\u0173? Joki\u0173 problem\u0173!<\/h3>\n\n\n\n<p>Vienas i\u0161 gaiviausi\u0173 kin\u0173 kalbos aspekt\u0173 yra veiksma\u017eod\u017ei\u0173 konjugacij\u0173 tr\u016bkumas skirtingiems laikams. Bet kaip i\u0161reik\u0161ti laik\u0105? Paprastas! Tiesiog \u012ftraukite \u017eod\u017eius, nurodan\u010dius laikotarp\u012f, pvz.:<\/p>\n\n\n\n<p>\u6628\u5929 &#8211; Zu\u00f3ti\u0101n &#8211; &#8222;vakar&#8221;<br\/>\u660e\u5929 &#8211; M\u00edngti\u0101n &#8211; &#8222;rytoj&#8221;<\/p>\n\n\n\n<p><strong>Pavyzd\u017eiui:<\/strong><\/p>\n\n\n\n<p>\u6211\u6628\u5929\u5403\u4e86\u996d\u3002W\u01d2 zu\u00f3ti\u0101n ch\u012b le f\u00e0n. &#8211; &#8222;Vakar valgiau maist\u0105.&#8221;<br\/>\u6211\u660e\u5929\u5403\u996d\u3002W\u01d2 m\u00edngti\u0101n ch\u012b f\u00e0n. &#8211; &#8222;Rytoj valgysiu maist\u0105.&#8221;<\/p>\n\n\n\n<p>Sveikinu! \u017deng\u0117te pirmuosius \u017eingsnius kin\u0173 kalbos gramatikos \u012fsisavinimo link. Atminkite: praktika daro tobul\u0105. Taigi nevenkite tyrin\u0117ti nauj\u0173 gramatini\u0173 strukt\u016br\u0173, bendrauti su gimtakalbiais ir stiprinti savo pagrindus. Mandarin\u0173 kalbos pasaulis laukia j\u016bs\u0173 &#8211; laimingo mokymosi!<\/p>\n<\/div><\/div>\n\r\n<section class=\"learnNavigationSection\">\r\n            \r\n        <a href=\"https:\/\/talkpal.ai\/lt\/mokykites-kinu-kalbos\/\">\r\n            <div class=\"learnNavigationWrapper\">\r\n                <div class=\"learnNavigationContent\">\r\n                    <img decoding=\"async\" src=\"https:\/\/talkpal.ai\/wp-content\/uploads\/2024\/08\/Chinese.jpg\" alt=\"Chinese Flag\u00a0\">\r\n                    <div>\r\n                        <h4>Apie kin\u0173 kalbos mokym\u0105si<\/h4>\r\n                        <p>Su\u017einokite visk\u0105 apie kin\u0173 kalbos gramatik\u0105.<\/p>\r\n                    <\/div>\r\n                <\/div>\r\n            <\/div>\r\n        <\/a>\r\n\r\n        \r\n        <a href=\"https:\/\/talkpal.ai\/lt\/kinu-kalbos-gramatikos-pratimai\/\">\r\n            <div class=\"learnNavigationWrapper\">\r\n                <div class=\"learnNavigationContent\">\r\n                    <img decoding=\"async\" src=\"https:\/\/talkpal.ai\/wp-content\/uploads\/2024\/08\/Chinese.jpg\" alt=\"Chinese Flag\u00a0\">\r\n                    <div>\r\n                        <h4>Kin\u0173 kalbos gramatikos pratimai<\/h4>\r\n                        <p>Praktikuokite kin\u0173 kalbos gramatik\u0105.<\/p>\r\n                    <\/div>\r\n                <\/div>\r\n            <\/div>\r\n        <\/a>\r\n\r\n        \r\n        <a href=\"https:\/\/talkpal.ai\/vocabulary_language\/chinese\/\">\r\n            <div class=\"learnNavigationWrapper\">\r\n                <div class=\"learnNavigationContent\">\r\n                    <img decoding=\"async\" src=\"https:\/\/talkpal.ai\/wp-content\/uploads\/2024\/08\/Chinese.jpg\" alt=\"Chinese Flag\u00a0\">\r\n                    <div>\r\n                        <h4>Kin\u0173 kalbos \u017eodynas<\/h4>\r\n                        <p>Prapl\u0117skite savo kin\u0173 kalbos \u017eodyn\u0105.<\/p>\r\n                    <\/div>\r\n                <\/div>\r\n            <\/div>\r\n        <\/a>\r\n\r\n            <\/section>","protected":false},"excerpt":{"rendered":"<p>Kin\u0173 kalbos gramatika: raktas \u012f mandarin\u0173 kalbos \u012fsisavinim\u0105 Ar esate ambicingas kalb\u0173 besimokantis \u017emogus, kuris u\u017esibr\u0117\u017e\u0117 i\u0161mokti mandarin\u0173 kalb\u0105? Jei taip, sveikiname! Kova su kin\u0173 kalba yra puikus b\u016bdas i\u0161pl\u0117sti savo pasaulin\u0119 m\u0105stysen\u0105, susisiekti su \u012fvairiais kalb\u0117tojais ir mesti sau intelektualin\u012f i\u0161\u0161\u016bk\u012f. Ta\u010diau, turint 1,2 milijardo gimtakalbi\u0173 ir kalb\u0173 sistem\u0105, kuri labai skiriasi nuo Vakar\u0173 [&hellip;]<\/p>\n","protected":false},"author":1,"featured_media":106032,"parent":0,"menu_order":0,"comment_status":"closed","ping_status":"closed","template":"LearningContentPage.php","meta":{"_acf_changed":false,"footnotes":""},"class_list":["post-128414","page","type-page","status-publish","has-post-thumbnail","hentry"],"acf":[],"yoast_head":"<!-- This site is optimized with the Yoast SEO Premium plugin v27.2 (Yoast SEO v27.2) - https:\/\/yoast.com\/product\/yoast-seo-premium-wordpress\/ -->\n<title>Kin\u0173 kalbos gramatika - Talkpal<\/title>\n<meta name=\"description\" content=\"Atrakinkite kin\u0173 kalbos gramatikos paslaptis, kad geriau suprastum\u0117te kin\u0173 kalb\u0105 ir kult\u016br\u0105.\" \/>\n<meta name=\"robots\" content=\"index, follow, max-snippet:-1, max-image-preview:large, max-video-preview:-1\" \/>\n<link rel=\"canonical\" href=\"https:\/\/talkpal.ai\/lt\/kinu-kalbos-gramatika\/\" \/>\n<meta property=\"og:locale\" content=\"lt_LT\" \/>\n<meta property=\"og:type\" content=\"article\" \/>\n<meta property=\"og:title\" content=\"Kin\u0173 kalbos gramatika\" \/>\n<meta property=\"og:description\" content=\"Kin\u0173 kalbos gramatika: raktas \u012f mandarin\u0173 kalbos \u012fsisavinim\u0105 Ar esate ambicingas kalb\u0173 besimokantis \u017emogus, kuris u\u017esibr\u0117\u017e\u0117 i\u0161mokti mandarin\u0173 kalb\u0105? Jei\" \/>\n<meta property=\"og:url\" content=\"https:\/\/talkpal.ai\/lt\/kinu-kalbos-gramatika\/\" \/>\n<meta property=\"og:site_name\" content=\"Talkpal\" \/>\n<meta property=\"article:publisher\" content=\"https:\/\/www.facebook.com\/profile.php?id=100090733639311\" \/>\n<meta property=\"article:modified_time\" content=\"2025-06-17T16:39:41+00:00\" \/>\n<meta property=\"og:image\" content=\"https:\/\/talkpal.ai\/wp-content\/uploads\/2023\/04\/china.png\" \/>\n\t<meta property=\"og:image:width\" content=\"512\" \/>\n\t<meta property=\"og:image:height\" content=\"512\" \/>\n\t<meta property=\"og:image:type\" content=\"image\/png\" \/>\n<meta name=\"twitter:card\" content=\"summary_large_image\" \/>\n<meta name=\"twitter:site\" content=\"@talkpalai\" \/>\n<meta name=\"twitter:label1\" content=\"Est. reading time\" \/>\n\t<meta name=\"twitter:data1\" content=\"3 minut\u0117s\" \/>\n<script type=\"application\/ld+json\" class=\"yoast-schema-graph\">{\"@context\":\"https:\/\/schema.org\",\"@graph\":[{\"@type\":\"WebPage\",\"@id\":\"https:\/\/talkpal.ai\/lt\/kinu-kalbos-gramatika\/\",\"url\":\"https:\/\/talkpal.ai\/lt\/kinu-kalbos-gramatika\/\",\"name\":\"Kin\u0173 kalbos gramatika - Talkpal\",\"isPartOf\":{\"@id\":\"https:\/\/talkpal.ai\/lt\/#website\"},\"primaryImageOfPage\":{\"@id\":\"https:\/\/talkpal.ai\/lt\/kinu-kalbos-gramatika\/#primaryimage\"},\"image\":{\"@id\":\"https:\/\/talkpal.ai\/lt\/kinu-kalbos-gramatika\/#primaryimage\"},\"thumbnailUrl\":\"https:\/\/talkpal.ai\/wp-content\/uploads\/2023\/04\/china.png\",\"datePublished\":\"2023-05-14T13:48:36+00:00\",\"dateModified\":\"2025-06-17T16:39:41+00:00\",\"description\":\"Atrakinkite kin\u0173 kalbos gramatikos paslaptis, kad geriau suprastum\u0117te kin\u0173 kalb\u0105 ir kult\u016br\u0105.\",\"breadcrumb\":{\"@id\":\"https:\/\/talkpal.ai\/lt\/kinu-kalbos-gramatika\/#breadcrumb\"},\"inLanguage\":\"lt-LT\",\"potentialAction\":[{\"@type\":\"ReadAction\",\"target\":[\"https:\/\/talkpal.ai\/lt\/kinu-kalbos-gramatika\/\"]}]},{\"@type\":\"ImageObject\",\"inLanguage\":\"lt-LT\",\"@id\":\"https:\/\/talkpal.ai\/lt\/kinu-kalbos-gramatika\/#primaryimage\",\"url\":\"https:\/\/talkpal.ai\/wp-content\/uploads\/2023\/04\/china.png\",\"contentUrl\":\"https:\/\/talkpal.ai\/wp-content\/uploads\/2023\/04\/china.png\",\"width\":512,\"height\":512},{\"@type\":\"BreadcrumbList\",\"@id\":\"https:\/\/talkpal.ai\/lt\/kinu-kalbos-gramatika\/#breadcrumb\",\"itemListElement\":[{\"@type\":\"ListItem\",\"position\":1,\"name\":\"Homepage\",\"item\":\"https:\/\/talkpal.ai\/lt\/\"},{\"@type\":\"ListItem\",\"position\":2,\"name\":\"Kin\u0173 kalbos gramatika\"}]},{\"@type\":\"WebSite\",\"@id\":\"https:\/\/talkpal.ai\/lt\/#website\",\"url\":\"https:\/\/talkpal.ai\/lt\/\",\"name\":\"Talkpal\",\"description\":\"AI Language Learning\",\"publisher\":{\"@id\":\"https:\/\/talkpal.ai\/lt\/#organization\"},\"alternateName\":\"Talkpal AI\",\"potentialAction\":[{\"@type\":\"SearchAction\",\"target\":{\"@type\":\"EntryPoint\",\"urlTemplate\":\"https:\/\/talkpal.ai\/lt\/?s={search_term_string}\"},\"query-input\":{\"@type\":\"PropertyValueSpecification\",\"valueRequired\":true,\"valueName\":\"search_term_string\"}}],\"inLanguage\":\"lt-LT\"},{\"@type\":\"Organization\",\"@id\":\"https:\/\/talkpal.ai\/lt\/#organization\",\"name\":\"Talkpal, Inc.\",\"alternateName\":\"Talkpal AI\",\"url\":\"https:\/\/talkpal.ai\/lt\/\",\"logo\":{\"@type\":\"ImageObject\",\"inLanguage\":\"lt-LT\",\"@id\":\"https:\/\/talkpal.ai\/lt\/#\/schema\/logo\/image\/\",\"url\":\"https:\/\/talkpal.ai\/wp-content\/uploads\/2024\/03\/Talkpal-Logo-Icon.png\",\"contentUrl\":\"https:\/\/talkpal.ai\/wp-content\/uploads\/2024\/03\/Talkpal-Logo-Icon.png\",\"width\":2880,\"height\":2880,\"caption\":\"Talkpal, Inc.\"},\"image\":{\"@id\":\"https:\/\/talkpal.ai\/lt\/#\/schema\/logo\/image\/\"},\"sameAs\":[\"https:\/\/www.facebook.com\/profile.php?id=100090733639311\",\"https:\/\/x.com\/talkpalai\",\"https:\/\/www.linkedin.com\/company\/talkpal\/\",\"https:\/\/www.youtube.com\/@TalkPal\/\",\"https:\/\/www.tiktok.com\/@talkpal\",\"https:\/\/www.instagram.com\/talkpal_ai\/\",\"https:\/\/www.crunchbase.com\/organization\/talkpal-9cde\",\"https:\/\/www.g2.com\/products\/talkpal-for-business\/\",\"https:\/\/www.trustpilot.com\/review\/talkpal.ai\",\"https:\/\/www.capterra.com\/p\/10006800\/TalkPal\/\"],\"description\":\"Talkpal is a language learning web and mobile education app, powered by the latest AI technologies, that provides engaging experiences to its customers in many different languages to help them improve their language skills. Users can chat about unlimited amount of topics with the app and use other modes to practice their language learning.\",\"email\":\"support@talkpal.ai\",\"legalName\":\"Talkpal, Inc.\",\"foundingDate\":\"2023-04-03\",\"duns\":\"118989042\",\"numberOfEmployees\":{\"@type\":\"QuantitativeValue\",\"minValue\":\"11\",\"maxValue\":\"50\"},\"publishingPrinciples\":\"https:\/\/talkpal.ai\/publishing-principles\/\",\"actionableFeedbackPolicy\":\"https:\/\/talkpal.ai\/actionable-feedback-policy\/\",\"correctionsPolicy\":\"https:\/\/talkpal.ai\/corrections-policy\/\",\"ethicsPolicy\":\"https:\/\/talkpal.ai\/ethics-policy\/\",\"diversityPolicy\":\"https:\/\/talkpal.ai\/diversity-policy\/\",\"diversityStaffingReport\":\"https:\/\/talkpal.ai\/diversity-policy\/\"}]}<\/script>\n<!-- \/ Yoast SEO Premium plugin. -->","yoast_head_json":{"title":"Kin\u0173 kalbos gramatika - Talkpal","description":"Atrakinkite kin\u0173 kalbos gramatikos paslaptis, kad geriau suprastum\u0117te kin\u0173 kalb\u0105 ir kult\u016br\u0105.","robots":{"index":"index","follow":"follow","max-snippet":"max-snippet:-1","max-image-preview":"max-image-preview:large","max-video-preview":"max-video-preview:-1"},"canonical":"https:\/\/talkpal.ai\/lt\/kinu-kalbos-gramatika\/","og_locale":"lt_LT","og_type":"article","og_title":"Kin\u0173 kalbos gramatika","og_description":"Kin\u0173 kalbos gramatika: raktas \u012f mandarin\u0173 kalbos \u012fsisavinim\u0105 Ar esate ambicingas kalb\u0173 besimokantis \u017emogus, kuris u\u017esibr\u0117\u017e\u0117 i\u0161mokti mandarin\u0173 kalb\u0105? Jei","og_url":"https:\/\/talkpal.ai\/lt\/kinu-kalbos-gramatika\/","og_site_name":"Talkpal","article_publisher":"https:\/\/www.facebook.com\/profile.php?id=100090733639311","article_modified_time":"2025-06-17T16:39:41+00:00","og_image":[{"width":512,"height":512,"url":"https:\/\/talkpal.ai\/wp-content\/uploads\/2023\/04\/china.png","type":"image\/png"}],"twitter_card":"summary_large_image","twitter_site":"@talkpalai","twitter_misc":{"Est. reading time":"3 minut\u0117s"},"schema":{"@context":"https:\/\/schema.org","@graph":[{"@type":"WebPage","@id":"https:\/\/talkpal.ai\/lt\/kinu-kalbos-gramatika\/","url":"https:\/\/talkpal.ai\/lt\/kinu-kalbos-gramatika\/","name":"Kin\u0173 kalbos gramatika - Talkpal","isPartOf":{"@id":"https:\/\/talkpal.ai\/lt\/#website"},"primaryImageOfPage":{"@id":"https:\/\/talkpal.ai\/lt\/kinu-kalbos-gramatika\/#primaryimage"},"image":{"@id":"https:\/\/talkpal.ai\/lt\/kinu-kalbos-gramatika\/#primaryimage"},"thumbnailUrl":"https:\/\/talkpal.ai\/wp-content\/uploads\/2023\/04\/china.png","datePublished":"2023-05-14T13:48:36+00:00","dateModified":"2025-06-17T16:39:41+00:00","description":"Atrakinkite kin\u0173 kalbos gramatikos paslaptis, kad geriau suprastum\u0117te kin\u0173 kalb\u0105 ir kult\u016br\u0105.","breadcrumb":{"@id":"https:\/\/talkpal.ai\/lt\/kinu-kalbos-gramatika\/#breadcrumb"},"inLanguage":"lt-LT","potentialAction":[{"@type":"ReadAction","target":["https:\/\/talkpal.ai\/lt\/kinu-kalbos-gramatika\/"]}]},{"@type":"ImageObject","inLanguage":"lt-LT","@id":"https:\/\/talkpal.ai\/lt\/kinu-kalbos-gramatika\/#primaryimage","url":"https:\/\/talkpal.ai\/wp-content\/uploads\/2023\/04\/china.png","contentUrl":"https:\/\/talkpal.ai\/wp-content\/uploads\/2023\/04\/china.png","width":512,"height":512},{"@type":"BreadcrumbList","@id":"https:\/\/talkpal.ai\/lt\/kinu-kalbos-gramatika\/#breadcrumb","itemListElement":[{"@type":"ListItem","position":1,"name":"Homepage","item":"https:\/\/talkpal.ai\/lt\/"},{"@type":"ListItem","position":2,"name":"Kin\u0173 kalbos gramatika"}]},{"@type":"WebSite","@id":"https:\/\/talkpal.ai\/lt\/#website","url":"https:\/\/talkpal.ai\/lt\/","name":"Talkpal","description":"AI Language Learning","publisher":{"@id":"https:\/\/talkpal.ai\/lt\/#organization"},"alternateName":"Talkpal AI","potentialAction":[{"@type":"SearchAction","target":{"@type":"EntryPoint","urlTemplate":"https:\/\/talkpal.ai\/lt\/?s={search_term_string}"},"query-input":{"@type":"PropertyValueSpecification","valueRequired":true,"valueName":"search_term_string"}}],"inLanguage":"lt-LT"},{"@type":"Organization","@id":"https:\/\/talkpal.ai\/lt\/#organization","name":"Talkpal, Inc.","alternateName":"Talkpal AI","url":"https:\/\/talkpal.ai\/lt\/","logo":{"@type":"ImageObject","inLanguage":"lt-LT","@id":"https:\/\/talkpal.ai\/lt\/#\/schema\/logo\/image\/","url":"https:\/\/talkpal.ai\/wp-content\/uploads\/2024\/03\/Talkpal-Logo-Icon.png","contentUrl":"https:\/\/talkpal.ai\/wp-content\/uploads\/2024\/03\/Talkpal-Logo-Icon.png","width":2880,"height":2880,"caption":"Talkpal, Inc."},"image":{"@id":"https:\/\/talkpal.ai\/lt\/#\/schema\/logo\/image\/"},"sameAs":["https:\/\/www.facebook.com\/profile.php?id=100090733639311","https:\/\/x.com\/talkpalai","https:\/\/www.linkedin.com\/company\/talkpal\/","https:\/\/www.youtube.com\/@TalkPal\/","https:\/\/www.tiktok.com\/@talkpal","https:\/\/www.instagram.com\/talkpal_ai\/","https:\/\/www.crunchbase.com\/organization\/talkpal-9cde","https:\/\/www.g2.com\/products\/talkpal-for-business\/","https:\/\/www.trustpilot.com\/review\/talkpal.ai","https:\/\/www.capterra.com\/p\/10006800\/TalkPal\/"],"description":"Talkpal is a language learning web and mobile education app, powered by the latest AI technologies, that provides engaging experiences to its customers in many different languages to help them improve their language skills. Users can chat about unlimited amount of topics with the app and use other modes to practice their language learning.","email":"support@talkpal.ai","legalName":"Talkpal, Inc.","foundingDate":"2023-04-03","duns":"118989042","numberOfEmployees":{"@type":"QuantitativeValue","minValue":"11","maxValue":"50"},"publishingPrinciples":"https:\/\/talkpal.ai\/publishing-principles\/","actionableFeedbackPolicy":"https:\/\/talkpal.ai\/actionable-feedback-policy\/","correctionsPolicy":"https:\/\/talkpal.ai\/corrections-policy\/","ethicsPolicy":"https:\/\/talkpal.ai\/ethics-policy\/","diversityPolicy":"https:\/\/talkpal.ai\/diversity-policy\/","diversityStaffingReport":"https:\/\/talkpal.ai\/diversity-policy\/"}]}},"_links":{"self":[{"href":"https:\/\/talkpal.ai\/lt\/wp-json\/wp\/v2\/pages\/128414","targetHints":{"allow":["GET"]}}],"collection":[{"href":"https:\/\/talkpal.ai\/lt\/wp-json\/wp\/v2\/pages"}],"about":[{"href":"https:\/\/talkpal.ai\/lt\/wp-json\/wp\/v2\/types\/page"}],"author":[{"embeddable":true,"href":"https:\/\/talkpal.ai\/lt\/wp-json\/wp\/v2\/users\/1"}],"replies":[{"embeddable":true,"href":"https:\/\/talkpal.ai\/lt\/wp-json\/wp\/v2\/comments?post=128414"}],"version-history":[{"count":0,"href":"https:\/\/talkpal.ai\/lt\/wp-json\/wp\/v2\/pages\/128414\/revisions"}],"wp:featuredmedia":[{"embeddable":true,"href":"https:\/\/talkpal.ai\/lt\/wp-json\/wp\/v2\/media\/106032"}],"wp:attachment":[{"href":"https:\/\/talkpal.ai\/lt\/wp-json\/wp\/v2\/media?parent=128414"}],"curies":[{"name":"wp","href":"https:\/\/api.w.org\/{rel}","templated":true}]}}