{"id":127968,"date":"2023-05-14T13:43:38","date_gmt":"2023-05-14T13:43:38","guid":{"rendered":"http:\/\/talkpal.ai\/arabu-kalbos-gramatika\/"},"modified":"2025-05-21T11:48:27","modified_gmt":"2025-05-21T11:48:27","slug":"arabu-kalbos-gramatika","status":"publish","type":"page","link":"https:\/\/talkpal.ai\/lt\/arabu-kalbos-gramatika\/","title":{"rendered":"Arab\u0173 kalbos gramatika"},"content":{"rendered":"\r\n\r\n\r\n<section class=\"languageChallengeSection\">\r\n    <div class=\"languageInfoWrapper\">\r\n        \r\n        <h1>Arab\u0173 kalbos gramatika<\/h1>\r\n        <p>Patobulinkite savo <a href=\"https:\/\/talkpal.ai\/lt\/mokykites-arabu-kalbos\/\">arab\u0173 kalbos<\/a> \u012fg\u016bd\u017eius nagrin\u0117dami esmines gramatikos s\u0105vokas ir ai\u0161kius paai\u0161kinimus \u017eingsnis po \u017eingsnio. Prad\u0117kite mokytis <a href=\"https:\/\/talkpal.ai\/lt\/mokykites-arabu-kalbos\/\">arab\u0173 kalbos<\/a> gramatikos dabar ir bendraukite skland\u017eiau bei u\u017etikrin\u010diau!<\/p>\r\n\r\n                            <a class=\"getStartedHidden\" href=\"https:\/\/app.talkpal.ai\/lt\/signup?lng=\">Prad\u0117k<\/a>\r\n        \r\n    <\/div>\r\n\r\n    <figure>\r\n    <img decoding=\"async\" width=\"768\" height=\"768\" src=\"https:\/\/talkpal.ai\/wp-content\/uploads\/2023\/06\/arabic-768x768.png\" class=\"languageImage no-lazy\" alt=\"Language learning for linguistic diversity\" fetchpriority=\"high\" sizes=\"(max-width: 768px) 150px, 768px\" srcset=\"https:\/\/talkpal.ai\/wp-content\/uploads\/2023\/06\/arabic-768x768.png 768w, https:\/\/talkpal.ai\/wp-content\/uploads\/2023\/06\/arabic-300x300.png 300w\" \/>\r\n    \r\n\r\n    <\/figure>\r\n\r\n            <a class=\"getStartedVisible\" href=\"https:\/\/app.talkpal.ai\/lt\/signup?lng=\">Prad\u0117k<\/a>\r\n    \r\n<\/section>\r\n<section class=\"promotionalBanner\">\r\n    <p class=\"promotionalText\">Efektyviausias b\u016bdas mokytis <a href=\"https:\/\/talkpal.ai\/what-language-is-spoken-on-the-international-space-station\/\">kalbos<\/a><\/p>\r\n    <a class=\"promotionalLink\" href=\"https:\/\/app.talkpal.ai\/lt\/signup?lng=\">I\u0161bandykite Talkpal &#8221; nemokamai<\/a>\r\n<\/section>\n<div class=\"wp-block-group pageContainerStyle\"><div class=\"wp-block-group__inner-container is-layout-constrained wp-block-group-is-layout-constrained\">\n<h2 class=\"wp-block-heading\" id=\"h-the-intricacies-of-arabic-grammar-a-journey-through-its-roots-and-beauty\">Arab\u0173 kalbos gramatikos subtilyb\u0117s: kelion\u0117 per savo \u0161aknis ir gro\u017e\u012f<\/h2>\n\n\n\n<p><strong>Ar prisimenate, kada pirm\u0105 kart\u0105 prad\u0117jote mokytis angl\u0173 kalbos gramatikos?<\/strong>  I\u0161 pa\u017ei\u016bros begalin\u0117s taisykl\u0117s, i\u0161imtys ir terminologija kartais gal\u0117jo jus priblok\u0161ti. Jei ketinate mokytis arab\u0173 kalbos, b\u016bkite tikri, kad ji taip pat turi unikali\u0105 ir sud\u0117ting\u0105 gramatikos sistem\u0105. Taigi, leiskit\u0117s \u012f trump\u0105, bet pamokan\u010di\u0105 kelion\u0119 po arab\u0173 kalbos gramatikos \u0161aknis ir gro\u017e\u012f.<\/p>\n\n\n\n<p>Pirmiausia nustatykime kelet\u0105 <strong>pagrindini\u0173 arab\u0173 ir angl\u0173 kalbos gramatikos skirtum\u0173<\/strong>. Arab\u0173 kalboje \u017eod\u017eiai skirstomi \u012f tris kategorijas: daiktavard\u017eius, veiksma\u017eod\u017eius ir dalelytes. Skirtingai nuo <a href=\"https:\/\/talkpal.ai\/learn-english-with-ai\/\">angl\u0173<\/a> kalbos, arab\u0173 kalbos \u017eod\u017eiai atitinka \u0161akn\u0173 sistem\u0105, o <a href=\"https:\/\/talkpal.ai\/learn-thai\/\">tai<\/a> rei\u0161kia, kad galite atsekti pagrindin\u0119 \u017eod\u017eio reik\u0161m\u0119, nustatydami jo \u0161akn\u012f. \u0160i \u0161akn\u0173 sistema suteikia arab\u0173 kalbai i\u0161skirtin\u012f gyl\u012f ir turtingum\u0105. Ne\u012ftik\u0117tinas dalykas, susij\u0119s su <a href=\"https:\/\/talkpal.ai\/arabic-grammar\/\">arab\u0173 kalbos gramatika<\/a>, yra jos priklausomyb\u0117 nuo modeli\u0173, kurie da\u017enai leid\u017eia kalb\u0117tojams kurti naujus \u017eod\u017eius laikantis tam tikr\u0173 strukt\u016br\u0173.<\/p>\n\n\n\n<p>Kitas svarbus <strong>arab\u0173 kalbos gramatikos<\/strong> aspektas yra tai <strong>, kad \u0161i kalba yra ly\u010di\u0173 kalba<\/strong>, t. y. daiktavard\u017eiai ir b\u016bdvard\u017eiai turi ly\u010diai b\u016bdingas formas. Ar \u017einojote, kad arab\u0173 kalba, be vienaskaitos ir daugiskaitos form\u0173, netgi turi dvigub\u0105 form\u0105? Tai tiesa! Arab\u0173 dviguba forma naudojama poroms, tokioms kaip akys, rankos ar t\u0117vai, nurodyti. Tai prideda papildom\u0105 specifi\u0161kumo sluoksn\u012f, kurio tr\u016bksta angl\u0173 kalbai.<\/p>\n\n\n\n<p>Dabar aptarsime <strong>veiksma\u017eod\u017ei\u0173 linksniavim\u0105 arab\u0173 kalboje<\/strong>, kuris pats savaime yra visi\u0161kai naujas pasaulis. Arab\u0173 veiksma\u017eod\u017eiai yra pagr\u012fsti \u0161akn\u0173 sistema, kuri\u0105 paprastai sudaro trys pagrindiniai priebalsiai. \u0160aknis lemia pagrindin\u0119 veiksma\u017eod\u017eio reik\u0161m\u0119, o pridedant balsi\u0173 ra\u0161tus, sukuriate skirtingas veiksma\u017eod\u017eio formas, i\u0161rei\u0161kian\u010dias skirtingas reik\u0161mes ir laikus. Pavyzd\u017eiui, pakeitus balsius \u0161aknyje, \u012ftampa gali pasikeisti i\u0161 praeities \u012f dabart\u012f arba aktyv\u0173 veiksma\u017eod\u012f paversti pasyviu. Gana nuostabu, tiesa?<\/p>\n\n\n\n<p>Dar vienas \u012fdomus arab\u0173 kalbos gramatikos aspektas, apie kur\u012f turime kalb\u0117ti, yra <strong>apibr\u0117\u017etumas<\/strong>. Angl\u0173 kalboje \u017eod\u012f &#8222;the&#8221; vartojame nor\u0117dami parodyti, kad daiktavardis yra apibr\u0117\u017etas. Arab\u0173 kalboje \u0161i s\u0105voka \u012ftvirtinta per ma\u017e\u0105 dalelyt\u0119 &#8222;Al-&#8222;, kuri pridedama prie \u017eod\u017eio prad\u017eios. Kai prie\u0161 daiktavard\u012f ra\u0161oma &#8222;Al-&#8222;, jis tampa baigtiniu be joki\u0173 papildom\u0173 pa\u017eymini\u0173. Taigi, u\u017euot arabi\u0161kai pasak\u0119 &#8222;namas didelis&#8221;, sakytum\u0117te &#8222;Al-baytu kabir&#8221;, kur &#8222;Al-baytu&#8221; rei\u0161kia &#8222;namas&#8221;.<\/p>\n\n\n\n<p><strong>\u0160nekamoji<\/strong> arab\u0173 kalba yra dinami\u0161kesn\u0117 ir sklandesn\u0117 nei oficiali arab\u0173 kalba, kaip ir bet kurios kalbos atveju. Ta\u010diau norint i\u0161 tikr\u0173j\u0173 suprasti ir \u012fvertinti kalb\u0105, b\u016btina \u012fsisavinti pagrindinius arab\u0173 kalbos gramatikos principus. Kai suprasite \u0161akn\u0173 modelius, lyties formas ir veiksma\u017eod\u017ei\u0173 konjugacijas, bus daug lengviau atpa\u017einti ir i\u0161mokti nauj\u0173 \u017eod\u017ei\u0173.<\/p>\n\n\n\n<p>I\u0161 prad\u017ei\u0173 <strong>arab\u0173 kalbos gramatikos mokymasis<\/strong> gali atrodyti bauginantis, ta\u010diau atkakliai ir pasiaukojamai <strong>mokydamiesi<\/strong> gal\u0117site \u012fvertinti \u0161ios sud\u0117tingos kalbos gro\u017e\u012f. Kaip ir sud\u0117tingo galvos\u016bkio sprendimas ar u\u017e\u0161ifruoto kodo i\u0161\u0161ifravimas, atlygis slypi pasitenkinime atrakinant arab\u0173 kalbos paslaptis ir pasineriant \u012f turting\u0105 jos kult\u016br\u0105, istorij\u0105 ir literat\u016br\u0105. Taigi, ko tu lauki? Pasinerkite \u012f kerint\u012f arab\u0173 kalbos gramatikos pasaul\u012f ir atraskite savo tikr\u0105j\u0105 esm\u0119 sau.<\/p>\n<\/div><\/div>\n\r\n<section class=\"learnNavigationSection\">\r\n            \r\n        <a href=\"https:\/\/talkpal.ai\/lt\/mokykites-arabu-kalbos\/\">\r\n            <div class=\"learnNavigationWrapper\">\r\n                <div class=\"learnNavigationContent\">\r\n                    <img decoding=\"async\" src=\"https:\/\/talkpal.ai\/wp-content\/uploads\/2024\/08\/Arabic.jpg\" alt=\"Arabic Flag\">\r\n                    <div>\r\n                        <h4>Apie arab\u0173 kalbos mokym\u0105si<\/h4>\r\n                        <p>Su\u017einokite visk\u0105 apie arab\u0173 kalbos gramatik\u0105.<\/p>\r\n                    <\/div>\r\n                <\/div>\r\n            <\/div>\r\n        <\/a>\r\n\r\n        \r\n        <a href=\"https:\/\/talkpal.ai\/lt\/arabu-kalbos-gramatikos-pratimai\/\">\r\n            <div class=\"learnNavigationWrapper\">\r\n                <div class=\"learnNavigationContent\">\r\n                    <img decoding=\"async\" src=\"https:\/\/talkpal.ai\/wp-content\/uploads\/2024\/08\/Arabic.jpg\" alt=\"Arabic Flag\">\r\n                    <div>\r\n                        <h4>Arab\u0173 kalbos gramatikos pratimai<\/h4>\r\n                        <p>Praktikuokite arab\u0173 kalbos gramatik\u0105.<\/p>\r\n                    <\/div>\r\n                <\/div>\r\n            <\/div>\r\n        <\/a>\r\n\r\n        \r\n        <a href=\"https:\/\/talkpal.ai\/vocabulary_language\/arabic\/\">\r\n            <div class=\"learnNavigationWrapper\">\r\n                <div class=\"learnNavigationContent\">\r\n                    <img decoding=\"async\" src=\"https:\/\/talkpal.ai\/wp-content\/uploads\/2024\/08\/Arabic.jpg\" alt=\"Arabic Flag\">\r\n                    <div>\r\n                        <h4>Arab\u0173 kalbos \u017eodynas<\/h4>\r\n                        <p>Prapl\u0117skite savo arab\u0173 kalbos \u017eodyn\u0105.<\/p>\r\n                    <\/div>\r\n                <\/div>\r\n            <\/div>\r\n        <\/a>\r\n\r\n            <\/section>","protected":false},"excerpt":{"rendered":"<p>Arab\u0173 kalbos gramatikos subtilyb\u0117s: kelion\u0117 per savo \u0161aknis ir gro\u017e\u012f Ar prisimenate, kada pirm\u0105 kart\u0105 prad\u0117jote mokytis angl\u0173 kalbos gramatikos? I\u0161 pa\u017ei\u016bros begalin\u0117s taisykl\u0117s, i\u0161imtys ir terminologija kartais gal\u0117jo jus priblok\u0161ti. Jei ketinate mokytis arab\u0173 kalbos, b\u016bkite tikri, kad ji taip pat turi unikali\u0105 ir sud\u0117ting\u0105 gramatikos sistem\u0105. Taigi, leiskit\u0117s \u012f trump\u0105, bet pamokan\u010di\u0105 kelion\u0119 [&hellip;]<\/p>\n","protected":false},"author":1,"featured_media":105818,"parent":0,"menu_order":0,"comment_status":"closed","ping_status":"closed","template":"LearningContentPage.php","meta":{"_acf_changed":false,"footnotes":""},"class_list":["post-127968","page","type-page","status-publish","has-post-thumbnail","hentry"],"acf":[],"yoast_head":"<!-- This site is optimized with the Yoast SEO Premium plugin v27.2 (Yoast SEO v27.2) - https:\/\/yoast.com\/product\/yoast-seo-premium-wordpress\/ -->\n<title>Arab\u0173 kalbos gramatika - Talkpal<\/title>\n<meta name=\"description\" content=\"I\u0161tirkite arab\u0173 kalbos gramatikos subtilybes ir atraskite unikali\u0105 jos strukt\u016br\u0105, palyginti su angl\u0173 kalbos gramatika.\" \/>\n<meta name=\"robots\" content=\"index, follow, max-snippet:-1, max-image-preview:large, max-video-preview:-1\" \/>\n<link rel=\"canonical\" href=\"https:\/\/talkpal.ai\/lt\/arabu-kalbos-gramatika\/\" \/>\n<meta property=\"og:locale\" content=\"lt_LT\" \/>\n<meta property=\"og:type\" content=\"article\" \/>\n<meta property=\"og:title\" content=\"Arab\u0173 kalbos gramatika\" \/>\n<meta property=\"og:description\" content=\"Arab\u0173 kalbos gramatikos subtilyb\u0117s: kelion\u0117 per savo \u0161aknis ir gro\u017e\u012f Ar prisimenate, kada pirm\u0105 kart\u0105 prad\u0117jote mokytis angl\u0173 kalbos gramatikos? I\u0161\" \/>\n<meta property=\"og:url\" content=\"https:\/\/talkpal.ai\/lt\/arabu-kalbos-gramatika\/\" \/>\n<meta property=\"og:site_name\" content=\"Talkpal\" \/>\n<meta property=\"article:publisher\" content=\"https:\/\/www.facebook.com\/profile.php?id=100090733639311\" \/>\n<meta property=\"article:modified_time\" content=\"2025-05-21T11:48:27+00:00\" \/>\n<meta property=\"og:image\" content=\"https:\/\/talkpal.ai\/wp-content\/uploads\/2023\/04\/arabic-united-arab-emirates.png\" \/>\n\t<meta property=\"og:image:width\" content=\"512\" \/>\n\t<meta property=\"og:image:height\" content=\"512\" \/>\n\t<meta property=\"og:image:type\" content=\"image\/png\" \/>\n<meta name=\"twitter:card\" content=\"summary_large_image\" \/>\n<meta name=\"twitter:site\" content=\"@talkpalai\" \/>\n<meta name=\"twitter:label1\" content=\"Est. reading time\" \/>\n\t<meta name=\"twitter:data1\" content=\"3 minut\u0117s\" \/>\n<script type=\"application\/ld+json\" class=\"yoast-schema-graph\">{\"@context\":\"https:\/\/schema.org\",\"@graph\":[{\"@type\":\"WebPage\",\"@id\":\"https:\/\/talkpal.ai\/lt\/arabu-kalbos-gramatika\/\",\"url\":\"https:\/\/talkpal.ai\/lt\/arabu-kalbos-gramatika\/\",\"name\":\"Arab\u0173 kalbos gramatika - Talkpal\",\"isPartOf\":{\"@id\":\"https:\/\/talkpal.ai\/lt\/#website\"},\"primaryImageOfPage\":{\"@id\":\"https:\/\/talkpal.ai\/lt\/arabu-kalbos-gramatika\/#primaryimage\"},\"image\":{\"@id\":\"https:\/\/talkpal.ai\/lt\/arabu-kalbos-gramatika\/#primaryimage\"},\"thumbnailUrl\":\"https:\/\/talkpal.ai\/wp-content\/uploads\/2023\/04\/arabic-united-arab-emirates.png\",\"datePublished\":\"2023-05-14T13:43:38+00:00\",\"dateModified\":\"2025-05-21T11:48:27+00:00\",\"description\":\"I\u0161tirkite arab\u0173 kalbos gramatikos subtilybes ir atraskite unikali\u0105 jos strukt\u016br\u0105, palyginti su angl\u0173 kalbos gramatika.\",\"breadcrumb\":{\"@id\":\"https:\/\/talkpal.ai\/lt\/arabu-kalbos-gramatika\/#breadcrumb\"},\"inLanguage\":\"lt-LT\",\"potentialAction\":[{\"@type\":\"ReadAction\",\"target\":[\"https:\/\/talkpal.ai\/lt\/arabu-kalbos-gramatika\/\"]}]},{\"@type\":\"ImageObject\",\"inLanguage\":\"lt-LT\",\"@id\":\"https:\/\/talkpal.ai\/lt\/arabu-kalbos-gramatika\/#primaryimage\",\"url\":\"https:\/\/talkpal.ai\/wp-content\/uploads\/2023\/04\/arabic-united-arab-emirates.png\",\"contentUrl\":\"https:\/\/talkpal.ai\/wp-content\/uploads\/2023\/04\/arabic-united-arab-emirates.png\",\"width\":512,\"height\":512},{\"@type\":\"BreadcrumbList\",\"@id\":\"https:\/\/talkpal.ai\/lt\/arabu-kalbos-gramatika\/#breadcrumb\",\"itemListElement\":[{\"@type\":\"ListItem\",\"position\":1,\"name\":\"Homepage\",\"item\":\"https:\/\/talkpal.ai\/lt\/\"},{\"@type\":\"ListItem\",\"position\":2,\"name\":\"Arab\u0173 kalbos gramatika\"}]},{\"@type\":\"WebSite\",\"@id\":\"https:\/\/talkpal.ai\/lt\/#website\",\"url\":\"https:\/\/talkpal.ai\/lt\/\",\"name\":\"Talkpal\",\"description\":\"AI Language Learning\",\"publisher\":{\"@id\":\"https:\/\/talkpal.ai\/lt\/#organization\"},\"alternateName\":\"Talkpal AI\",\"potentialAction\":[{\"@type\":\"SearchAction\",\"target\":{\"@type\":\"EntryPoint\",\"urlTemplate\":\"https:\/\/talkpal.ai\/lt\/?s={search_term_string}\"},\"query-input\":{\"@type\":\"PropertyValueSpecification\",\"valueRequired\":true,\"valueName\":\"search_term_string\"}}],\"inLanguage\":\"lt-LT\"},{\"@type\":\"Organization\",\"@id\":\"https:\/\/talkpal.ai\/lt\/#organization\",\"name\":\"Talkpal, Inc.\",\"alternateName\":\"Talkpal AI\",\"url\":\"https:\/\/talkpal.ai\/lt\/\",\"logo\":{\"@type\":\"ImageObject\",\"inLanguage\":\"lt-LT\",\"@id\":\"https:\/\/talkpal.ai\/lt\/#\/schema\/logo\/image\/\",\"url\":\"https:\/\/talkpal.ai\/wp-content\/uploads\/2024\/03\/Talkpal-Logo-Icon.png\",\"contentUrl\":\"https:\/\/talkpal.ai\/wp-content\/uploads\/2024\/03\/Talkpal-Logo-Icon.png\",\"width\":2880,\"height\":2880,\"caption\":\"Talkpal, Inc.\"},\"image\":{\"@id\":\"https:\/\/talkpal.ai\/lt\/#\/schema\/logo\/image\/\"},\"sameAs\":[\"https:\/\/www.facebook.com\/profile.php?id=100090733639311\",\"https:\/\/x.com\/talkpalai\",\"https:\/\/www.linkedin.com\/company\/talkpal\/\",\"https:\/\/www.youtube.com\/@TalkPal\/\",\"https:\/\/www.tiktok.com\/@talkpal\",\"https:\/\/www.instagram.com\/talkpal_ai\/\",\"https:\/\/www.crunchbase.com\/organization\/talkpal-9cde\",\"https:\/\/www.g2.com\/products\/talkpal-for-business\/\",\"https:\/\/www.trustpilot.com\/review\/talkpal.ai\",\"https:\/\/www.capterra.com\/p\/10006800\/TalkPal\/\"],\"description\":\"Talkpal is a language learning web and mobile education app, powered by the latest AI technologies, that provides engaging experiences to its customers in many different languages to help them improve their language skills. Users can chat about unlimited amount of topics with the app and use other modes to practice their language learning.\",\"email\":\"support@talkpal.ai\",\"legalName\":\"Talkpal, Inc.\",\"foundingDate\":\"2023-04-03\",\"duns\":\"118989042\",\"numberOfEmployees\":{\"@type\":\"QuantitativeValue\",\"minValue\":\"11\",\"maxValue\":\"50\"},\"publishingPrinciples\":\"https:\/\/talkpal.ai\/publishing-principles\/\",\"actionableFeedbackPolicy\":\"https:\/\/talkpal.ai\/actionable-feedback-policy\/\",\"correctionsPolicy\":\"https:\/\/talkpal.ai\/corrections-policy\/\",\"ethicsPolicy\":\"https:\/\/talkpal.ai\/ethics-policy\/\",\"diversityPolicy\":\"https:\/\/talkpal.ai\/diversity-policy\/\",\"diversityStaffingReport\":\"https:\/\/talkpal.ai\/diversity-policy\/\"}]}<\/script>\n<!-- \/ Yoast SEO Premium plugin. -->","yoast_head_json":{"title":"Arab\u0173 kalbos gramatika - Talkpal","description":"I\u0161tirkite arab\u0173 kalbos gramatikos subtilybes ir atraskite unikali\u0105 jos strukt\u016br\u0105, palyginti su angl\u0173 kalbos gramatika.","robots":{"index":"index","follow":"follow","max-snippet":"max-snippet:-1","max-image-preview":"max-image-preview:large","max-video-preview":"max-video-preview:-1"},"canonical":"https:\/\/talkpal.ai\/lt\/arabu-kalbos-gramatika\/","og_locale":"lt_LT","og_type":"article","og_title":"Arab\u0173 kalbos gramatika","og_description":"Arab\u0173 kalbos gramatikos subtilyb\u0117s: kelion\u0117 per savo \u0161aknis ir gro\u017e\u012f Ar prisimenate, kada pirm\u0105 kart\u0105 prad\u0117jote mokytis angl\u0173 kalbos gramatikos? I\u0161","og_url":"https:\/\/talkpal.ai\/lt\/arabu-kalbos-gramatika\/","og_site_name":"Talkpal","article_publisher":"https:\/\/www.facebook.com\/profile.php?id=100090733639311","article_modified_time":"2025-05-21T11:48:27+00:00","og_image":[{"width":512,"height":512,"url":"https:\/\/talkpal.ai\/wp-content\/uploads\/2023\/04\/arabic-united-arab-emirates.png","type":"image\/png"}],"twitter_card":"summary_large_image","twitter_site":"@talkpalai","twitter_misc":{"Est. reading time":"3 minut\u0117s"},"schema":{"@context":"https:\/\/schema.org","@graph":[{"@type":"WebPage","@id":"https:\/\/talkpal.ai\/lt\/arabu-kalbos-gramatika\/","url":"https:\/\/talkpal.ai\/lt\/arabu-kalbos-gramatika\/","name":"Arab\u0173 kalbos gramatika - Talkpal","isPartOf":{"@id":"https:\/\/talkpal.ai\/lt\/#website"},"primaryImageOfPage":{"@id":"https:\/\/talkpal.ai\/lt\/arabu-kalbos-gramatika\/#primaryimage"},"image":{"@id":"https:\/\/talkpal.ai\/lt\/arabu-kalbos-gramatika\/#primaryimage"},"thumbnailUrl":"https:\/\/talkpal.ai\/wp-content\/uploads\/2023\/04\/arabic-united-arab-emirates.png","datePublished":"2023-05-14T13:43:38+00:00","dateModified":"2025-05-21T11:48:27+00:00","description":"I\u0161tirkite arab\u0173 kalbos gramatikos subtilybes ir atraskite unikali\u0105 jos strukt\u016br\u0105, palyginti su angl\u0173 kalbos gramatika.","breadcrumb":{"@id":"https:\/\/talkpal.ai\/lt\/arabu-kalbos-gramatika\/#breadcrumb"},"inLanguage":"lt-LT","potentialAction":[{"@type":"ReadAction","target":["https:\/\/talkpal.ai\/lt\/arabu-kalbos-gramatika\/"]}]},{"@type":"ImageObject","inLanguage":"lt-LT","@id":"https:\/\/talkpal.ai\/lt\/arabu-kalbos-gramatika\/#primaryimage","url":"https:\/\/talkpal.ai\/wp-content\/uploads\/2023\/04\/arabic-united-arab-emirates.png","contentUrl":"https:\/\/talkpal.ai\/wp-content\/uploads\/2023\/04\/arabic-united-arab-emirates.png","width":512,"height":512},{"@type":"BreadcrumbList","@id":"https:\/\/talkpal.ai\/lt\/arabu-kalbos-gramatika\/#breadcrumb","itemListElement":[{"@type":"ListItem","position":1,"name":"Homepage","item":"https:\/\/talkpal.ai\/lt\/"},{"@type":"ListItem","position":2,"name":"Arab\u0173 kalbos gramatika"}]},{"@type":"WebSite","@id":"https:\/\/talkpal.ai\/lt\/#website","url":"https:\/\/talkpal.ai\/lt\/","name":"Talkpal","description":"AI Language Learning","publisher":{"@id":"https:\/\/talkpal.ai\/lt\/#organization"},"alternateName":"Talkpal AI","potentialAction":[{"@type":"SearchAction","target":{"@type":"EntryPoint","urlTemplate":"https:\/\/talkpal.ai\/lt\/?s={search_term_string}"},"query-input":{"@type":"PropertyValueSpecification","valueRequired":true,"valueName":"search_term_string"}}],"inLanguage":"lt-LT"},{"@type":"Organization","@id":"https:\/\/talkpal.ai\/lt\/#organization","name":"Talkpal, Inc.","alternateName":"Talkpal AI","url":"https:\/\/talkpal.ai\/lt\/","logo":{"@type":"ImageObject","inLanguage":"lt-LT","@id":"https:\/\/talkpal.ai\/lt\/#\/schema\/logo\/image\/","url":"https:\/\/talkpal.ai\/wp-content\/uploads\/2024\/03\/Talkpal-Logo-Icon.png","contentUrl":"https:\/\/talkpal.ai\/wp-content\/uploads\/2024\/03\/Talkpal-Logo-Icon.png","width":2880,"height":2880,"caption":"Talkpal, Inc."},"image":{"@id":"https:\/\/talkpal.ai\/lt\/#\/schema\/logo\/image\/"},"sameAs":["https:\/\/www.facebook.com\/profile.php?id=100090733639311","https:\/\/x.com\/talkpalai","https:\/\/www.linkedin.com\/company\/talkpal\/","https:\/\/www.youtube.com\/@TalkPal\/","https:\/\/www.tiktok.com\/@talkpal","https:\/\/www.instagram.com\/talkpal_ai\/","https:\/\/www.crunchbase.com\/organization\/talkpal-9cde","https:\/\/www.g2.com\/products\/talkpal-for-business\/","https:\/\/www.trustpilot.com\/review\/talkpal.ai","https:\/\/www.capterra.com\/p\/10006800\/TalkPal\/"],"description":"Talkpal is a language learning web and mobile education app, powered by the latest AI technologies, that provides engaging experiences to its customers in many different languages to help them improve their language skills. Users can chat about unlimited amount of topics with the app and use other modes to practice their language learning.","email":"support@talkpal.ai","legalName":"Talkpal, Inc.","foundingDate":"2023-04-03","duns":"118989042","numberOfEmployees":{"@type":"QuantitativeValue","minValue":"11","maxValue":"50"},"publishingPrinciples":"https:\/\/talkpal.ai\/publishing-principles\/","actionableFeedbackPolicy":"https:\/\/talkpal.ai\/actionable-feedback-policy\/","correctionsPolicy":"https:\/\/talkpal.ai\/corrections-policy\/","ethicsPolicy":"https:\/\/talkpal.ai\/ethics-policy\/","diversityPolicy":"https:\/\/talkpal.ai\/diversity-policy\/","diversityStaffingReport":"https:\/\/talkpal.ai\/diversity-policy\/"}]}},"_links":{"self":[{"href":"https:\/\/talkpal.ai\/lt\/wp-json\/wp\/v2\/pages\/127968","targetHints":{"allow":["GET"]}}],"collection":[{"href":"https:\/\/talkpal.ai\/lt\/wp-json\/wp\/v2\/pages"}],"about":[{"href":"https:\/\/talkpal.ai\/lt\/wp-json\/wp\/v2\/types\/page"}],"author":[{"embeddable":true,"href":"https:\/\/talkpal.ai\/lt\/wp-json\/wp\/v2\/users\/1"}],"replies":[{"embeddable":true,"href":"https:\/\/talkpal.ai\/lt\/wp-json\/wp\/v2\/comments?post=127968"}],"version-history":[{"count":0,"href":"https:\/\/talkpal.ai\/lt\/wp-json\/wp\/v2\/pages\/127968\/revisions"}],"wp:featuredmedia":[{"embeddable":true,"href":"https:\/\/talkpal.ai\/lt\/wp-json\/wp\/v2\/media\/105818"}],"wp:attachment":[{"href":"https:\/\/talkpal.ai\/lt\/wp-json\/wp\/v2\/media?parent=127968"}],"curies":[{"name":"wp","href":"https:\/\/api.w.org\/{rel}","templated":true}]}}