{"id":126763,"date":"2023-03-26T12:27:22","date_gmt":"2023-03-26T12:27:22","guid":{"rendered":"http:\/\/talkpal.ai\/italu-kalbos-gramatika\/"},"modified":"2025-05-22T18:43:46","modified_gmt":"2025-05-22T18:43:46","slug":"italu-kalbos-gramatika","status":"publish","type":"page","link":"https:\/\/talkpal.ai\/lt\/italu-kalbos-gramatika\/","title":{"rendered":"Ital\u0173 kalbos gramatika"},"content":{"rendered":"\r\n\r\n\r\n<section class=\"languageChallengeSection\">\r\n    <div class=\"languageInfoWrapper\">\r\n        \r\n        <h1>Ital\u0173 kalbos gramatika<\/h1>\r\n        <p>Atraskite <a href=\"https:\/\/talkpal.ai\/lt\/mokytis-italu-kalbos\/\">ital\u0173 kalbos<\/a> pagrindus mokydamiesi svarbiausi\u0173 gramatikos taisykli\u0173. I\u0161mok\u0119 <a href=\"https:\/\/talkpal.ai\/lt\/mokytis-italu-kalbos\/\">ital\u0173 kalbos<\/a> gramatik\u0105 gal\u0117site dr\u0105siai reik\u0161ti mintis ir giliau pa\u017einti turting\u0105 Italijos kult\u016br\u0105. Prad\u0117kite mokytis <a href=\"https:\/\/talkpal.ai\/learn-italian\/\">ital\u0173<\/a> <a href=\"https:\/\/talkpal.ai\/what-language-is-spoken-on-the-international-space-station\/\">kalbos<\/a> gramatikos \u0161iandien ir \u017eenkite pirm\u0105j\u012f \u017eingsn\u012f \u012f laisv\u0105 kalb\u0117jim\u0105!<\/p>\r\n\r\n                            <a class=\"getStartedHidden\" href=\"https:\/\/app.talkpal.ai\/lt\/signup?lng=\">Prad\u0117k<\/a>\r\n        \r\n    <\/div>\r\n\r\n    <figure>\r\n    <img decoding=\"async\" width=\"768\" height=\"768\" src=\"https:\/\/talkpal.ai\/wp-content\/uploads\/2023\/06\/italian-768x768.png\" class=\"languageImage no-lazy\" alt=\"Language learning for increased memory capacity\" fetchpriority=\"high\" sizes=\"(max-width: 768px) 150px, 768px\" srcset=\"https:\/\/talkpal.ai\/wp-content\/uploads\/2023\/06\/italian-768x768.png 768w, https:\/\/talkpal.ai\/wp-content\/uploads\/2023\/06\/italian-300x300.png 300w\" \/>\r\n    \r\n\r\n    <\/figure>\r\n\r\n            <a class=\"getStartedVisible\" href=\"https:\/\/app.talkpal.ai\/lt\/signup?lng=\">Prad\u0117k<\/a>\r\n    \r\n<\/section>\r\n        <section class=\"grammarSection\">\r\n            <div class=\"grammarLinks\">\r\n                <a href=\"https:\/\/talkpal.ai\/lt\/language\/budvardziai-italu-kalbos-gramatika\/\">B\u016bdvard\u017eiai <\/a><a href=\"https:\/\/talkpal.ai\/lt\/language\/daiktavardziai-italu-kalbos-gramatika\/\">Daiktavard\u017eiai <\/a><a href=\"https:\/\/talkpal.ai\/lt\/language\/ivardziai-italu-kalbos-gramatika\/\">\u012evard\u017eiai <\/a><a href=\"https:\/\/talkpal.ai\/lt\/language\/jungtukai-italu-kalbos-gramatika\/\">Jungtukai <\/a><a href=\"https:\/\/talkpal.ai\/lt\/language\/neigimas-ir-tardymas-italu-kalbos-gramatika\/\">Neigimas ir tardymas <\/a><a href=\"https:\/\/talkpal.ai\/lt\/language\/prielinksniai-italu-kalbos-gramatika\/\">Prielinksniai <\/a><a href=\"https:\/\/talkpal.ai\/lt\/language\/prieveiksmiai-italu-kalbos-gramatika\/\">Prieveiksmiai <\/a><a href=\"https:\/\/talkpal.ai\/lt\/language\/sintakse-ir-sakinio-struktura-italu-kalbos-gramatika\/\">Sintaks\u0117 ir sakinio strukt\u016bra <\/a><a href=\"https:\/\/talkpal.ai\/lt\/language\/veiksmazodziai-italu-kalbos-gramatika\/\">Veiksma\u017eod\u017eiai <\/a>            <\/div>\r\n        <\/section>\r\n    <section class=\"promotionalBanner\">\r\n    <p class=\"promotionalText\">Efektyviausias b\u016bdas mokytis kalbos<\/p>\r\n    <a class=\"promotionalLink\" href=\"https:\/\/app.talkpal.ai\/lt\/signup?lng=\">I\u0161bandykite Talkpal &#8221; nemokamai<\/a>\r\n<\/section>\n<div class=\"wp-block-group pageContainerStyle\"><div class=\"wp-block-group__inner-container is-layout-constrained wp-block-group-is-layout-constrained\">\n<h2 class=\"wp-block-heading\" id=\"h-mastering-the-art-of-italian-grammar-your-ultimate-guide\">Ital\u0173 kalbos gramatikos meno \u012fsisavinimas: pagrindinis vadovas<\/h2>\n\n\n\n<p>Ciao, kalb\u0173 entuziastai! Ar esate pasireng\u0119 pasinerti \u012f ital\u0173 kalbos gramatikos pasaul\u012f? Atvykote \u012f tinkam\u0105 viet\u0105. \u0160iame straipsnyje pateikiama daug lengvai \u012fsisavinamos informacijos, kuri yra suprantama ir suprantama pokalbio tonu, tod\u0117l \u0161is straipsnis pad\u0117s jums susipa\u017einti su \u012fdomiu (ir kartais sud\u0117tingu) ital\u0173 kalbos gramatikos pasauliu, kad gal\u0117tum\u0117te dr\u0105siai kurti sakinius ir prasmingai kalb\u0117tis su gimtakalbiais. Taigi, prisisekite dir\u017eus ir prad\u0117kime!<\/p>\n\n\n\n<h3 class=\"wp-block-heading\" id=\"h-but-first-why-italian-grammar\">Bet pirmiausia, kod\u0117l ital\u0173 kalbos gramatika?<\/h3>\n\n\n\n<p>Jei mokot\u0117s ital\u0173 kalbos, norint laisvai kalb\u0117ti, skaityti ir ra\u0161yti, labai svarbu tur\u0117ti tvirtus gramatikos pagrindus. <a href=\"https:\/\/talkpal.ai\/italian-grammar\/\">Ital\u0173 kalbos gramatika<\/a> i\u0161 prad\u017ei\u0173 gali atrodyti sud\u0117tinga, ta\u010diau j\u0105 suskirs\u010dius \u012f smulkesnes, lengviau \u012fveikiamas dalis, ji yra gana paprasta. Taigi, prad\u0117kime savo kelion\u0119 link ital\u0173 kalbos gramatikos \u012fvaldymo!<\/p>\n\n\n\n<h3 class=\"wp-block-heading\" id=\"h-1-nouns-articles-and-gender\">1. Daiktavard\u017eiai, straipsniai ir gimin\u0117s<\/h3>\n\n\n\n<p>Ital\u0173 kalbos daiktavard\u017eiai b\u016bna dviej\u0173 ly\u010di\u0173: vyri\u0161kosios ir moteri\u0161kosios. Kitaip nei <a href=\"https:\/\/talkpal.ai\/learn-english-with-ai\/\">angl\u0173<\/a> kalboje, kur daiktavard\u017eio lytis nesvarbi, ital\u0173 kalboje, norint tinkamai sudaryti sakin\u012f, reikia pasirinkti tinkam\u0105 lyt\u012f. Ar galite atsp\u0117ti, kokios lyties yra tokie daiktavard\u017eiai kaip &#8222;tavolo&#8221; (stalas) arba &#8222;casa&#8221; (namas)? Jei atsp\u0117jote, kad \u017eodis &#8222;tavolo&#8221; yra vyri\u0161kosios gimin\u0117s, o \u017eodis &#8222;casa&#8221; &#8211; moteri\u0161kosios, bravo!<\/p>\n\n\n\n<p>Ital\u0173 kalboje daiktavard\u017eiai paprastai baigiasi gal\u016bne &#8222;-o&#8221; &#8211; vyri\u0161kosios gimin\u0117s ir &#8222;-a&#8221; &#8211; moteri\u0161kosios gimin\u0117s. Yra i\u0161im\u010di\u0173 &#8211; <a href=\"https:\/\/talkpal.ai\/locations\/language-courses-in-kai\/\">kai<\/a> kurie \u017eod\u017eiai baigiasi gal\u016bne &#8222;-e&#8221; ir gali b\u016bti abiej\u0173 ly\u010di\u0173, ta\u010diau kol kas nepamir\u0161kime \u0161io pagrindinio principo.<\/p>\n\n\n\n<p>Dabar pakalb\u0117kime apie straipsnius. Kaip ir angl\u0173 kalboje, prie\u0161 daiktavard\u017eius reikia vartoti artikelius. Ital\u0173 kalboje yra apibr\u0117\u017eiamieji (il, lo, la, i, gli, le) ir neapibr\u0117\u017eiamieji (un, uno, una).<\/p>\n\n\n\n<p>Taigi, kaip pasirinkti, kur\u012f apibr\u0117\u017eiam\u0105j\u012f straipsn\u012f vartoti?<\/p>\n\n\n\n<p>&#8211; &#8222;il&#8221; ir &#8222;i&#8221; vyri\u0161kosios gimin\u0117s daiktavard\u017eiams, kurie prasideda s\u0105skambiu, pvz., il libro (knyga), i libri (knygos)<br\/>&#8211; &#8222;lo&#8221; ir &#8222;gli&#8221; &#8211; vyri\u0161kosios gimin\u0117s daiktavard\u017eiams, kurie prasideda raide &#8222;s&#8221;, po kurios eina s\u0105skambis, balsis (i\u0161skyrus &#8222;u&#8221;) arba &#8222;z&#8221;, pvz., lo studente (studentas), gli studenti (studentai).<br\/>&#8211; &#8222;la&#8221; ir &#8222;le&#8221; moteri\u0161kosios gimin\u0117s daiktavard\u017eiams, pvz., la casa (namas), le case (namai)<\/p>\n\n\n\n<h3 class=\"wp-block-heading\" id=\"h-2-adjectives-and-agreement\">2. B\u016bdvard\u017eiai ir susitarimas<\/h3>\n\n\n\n<p>B\u016bdvard\u017eiai ital\u0173 kalboje turi sutapti su daiktavard\u017eiu, kur\u012f jie kei\u010dia, pagal gimin\u0119 ir skai\u010di\u0173. Pavyzd\u017eiui, nor\u0117dami apib\u016bdinti skani\u0105 pic\u0105, sakykite &#8222;una pizza deliziosa&#8221;, o ne &#8222;delizioso&#8221;. Atminkite, kad ital\u0173 kalboje b\u016bdvardis paprastai eina po daiktavard\u017eio.<\/p>\n\n\n\n<h3 class=\"wp-block-heading\" id=\"h-3-verbs-tense-and-conjugation\">3. Veiksma\u017eod\u017eiai, laikas ir linksniavimas<\/h3>\n\n\n\n<p>Ital\u0173 kalbos veiksma\u017eod\u017eiai yra pagrindin\u0117 gramatikos dalis. Yra trys veiksma\u017eod\u017ei\u0173 kategorijos (-are, -ere ir -ire) ir daug netaisykling\u0173 veiksma\u017eod\u017ei\u0173, tod\u0117l turime daug darbo! Trumpai ap\u017evelkime reguliari\u0173 veiksma\u017eod\u017ei\u0173 esamojo laiko ypatybes.<\/p>\n\n\n\n<p>&#8211; &#8222;-are&#8221; veiksma\u017eod\u017eiai: pvz., parlare (kalb\u0117ti): io parlo, tu parli, lui\/lei parla, noi parliamo, voi parlate, loro parlano<br\/>&#8211; &#8222;-ere&#8221; veiksma\u017eod\u017eiai: pvz., leggere (skaityti): io leggo, tu leggi, lui\/lei legge, noi leggiamo, voi leggete, loro leggono<br\/>&#8211; &#8222;-ire&#8221; veiksma\u017eod\u017eiai: pvz., finire (baigti): io finisco, tu finisci, lui\/lei finisce, noi finiamo, voi finite, loro finiscono<\/p>\n\n\n\n<p>Atminkite, kad tai tik ledkalnio vir\u0161\u016bn\u0117! Yra daug kit\u0173 laik\u0173 ir netaisykling\u0173j\u0173 veiksma\u017eod\u017ei\u0173, kuriuos reikia i\u0161mokti, ta\u010diau kiekviena kelion\u0117 prasideda nuo vieno \u017eingsnio.<\/p>\n\n\n\n<h3 class=\"wp-block-heading\" id=\"h-4-prepositions-pronouns-and-more\">4. Prielinksniai, \u012fvard\u017eiai ir dar daugiau!<\/h3>\n\n\n\n<p>Ital\u0173 kalbos gramatik\u0105 sudaro daug kit\u0173 komponent\u0173, pavyzd\u017eiui, prieveiksmiai (di, a, da, in, su ir kt.), \u012fvard\u017eiai (io, tu, lui\/lei ir kt.), veiksma\u017eod\u017eiai su gr\u012f\u017etam\u0105ja nuosaka ir idiomatin\u0117s i\u0161rai\u0161kos. Kiekviena sudedamoji dalis yra raktas \u012f skland\u0173 kalbos mokym\u0105si, tod\u0117l mokykit\u0117s po vien\u0105.<\/p>\n\n\n\n<p>Apibendrinant galima pasakyti, kad ital\u0173 kalbos gramatikos i\u0161mokti ne\u012fmanoma. Tam reikia atkaklumo, praktikos ir kantryb\u0117s. Ta\u010diau kai tik i\u0161moksite, gal\u0117site patirti ital\u0173 kalbos gro\u017e\u012f, pa\u017einti turting\u0105 kult\u016br\u0105 ir istorij\u0105 bei giliau vertinti \u0161i\u0105 kalb\u0105. Buona fortuna!<\/p>\n<\/div><\/div>\n\r\n<section class=\"learnNavigationSection\">\r\n            \r\n        <a href=\"https:\/\/talkpal.ai\/lt\/mokytis-italu-kalbos\/\">\r\n            <div class=\"learnNavigationWrapper\">\r\n                <div class=\"learnNavigationContent\">\r\n                    <img decoding=\"async\" src=\"https:\/\/talkpal.ai\/wp-content\/uploads\/2024\/08\/Italian.jpg\" alt=\"Italian Flag\">\r\n                    <div>\r\n                        <h4>Apie ital\u0173 kalbos mokym\u0105si<\/h4>\r\n                        <p>Su\u017einokite visk\u0105 apie ital\u0173 kalbos gramatik\u0105.<\/p>\r\n                    <\/div>\r\n                <\/div>\r\n            <\/div>\r\n        <\/a>\r\n\r\n        \r\n        <a href=\"https:\/\/talkpal.ai\/lt\/italu-kalbos-gramatikos-pratimai\/\">\r\n            <div class=\"learnNavigationWrapper\">\r\n                <div class=\"learnNavigationContent\">\r\n                    <img decoding=\"async\" src=\"https:\/\/talkpal.ai\/wp-content\/uploads\/2024\/08\/Italian.jpg\" alt=\"Italian Flag\">\r\n                    <div>\r\n                        <h4>Ital\u0173 kalbos gramatikos pratimai<\/h4>\r\n                        <p>Praktikuokite ital\u0173 kalbos gramatik\u0105.<\/p>\r\n                    <\/div>\r\n                <\/div>\r\n            <\/div>\r\n        <\/a>\r\n\r\n        \r\n        <a href=\"https:\/\/talkpal.ai\/vocabulary_language\/italian\/\">\r\n            <div class=\"learnNavigationWrapper\">\r\n                <div class=\"learnNavigationContent\">\r\n                    <img decoding=\"async\" src=\"https:\/\/talkpal.ai\/wp-content\/uploads\/2024\/08\/Italian.jpg\" alt=\"Italian Flag\">\r\n                    <div>\r\n                        <h4>Ital\u0173 kalbos \u017eodynas<\/h4>\r\n                        <p>Prapl\u0117skite savo ital\u0173 kalbos \u017eodyn\u0105.<\/p>\r\n                    <\/div>\r\n                <\/div>\r\n            <\/div>\r\n        <\/a>\r\n\r\n            <\/section>","protected":false},"excerpt":{"rendered":"<p>Ital\u0173 kalbos gramatikos meno \u012fsisavinimas: pagrindinis vadovas Ciao, kalb\u0173 entuziastai! Ar esate pasireng\u0119 pasinerti \u012f ital\u0173 kalbos gramatikos pasaul\u012f? Atvykote \u012f tinkam\u0105 viet\u0105. \u0160iame straipsnyje pateikiama daug lengvai \u012fsisavinamos informacijos, kuri yra suprantama ir suprantama pokalbio tonu, tod\u0117l \u0161is straipsnis pad\u0117s jums susipa\u017einti su \u012fdomiu (ir kartais sud\u0117tingu) ital\u0173 kalbos gramatikos pasauliu, kad gal\u0117tum\u0117te dr\u0105siai [&hellip;]<\/p>\n","protected":false},"author":1,"featured_media":76143,"parent":0,"menu_order":0,"comment_status":"closed","ping_status":"closed","template":"LearningContentPage.php","meta":{"_acf_changed":false,"footnotes":""},"class_list":["post-126763","page","type-page","status-publish","has-post-thumbnail","hentry"],"acf":[],"yoast_head":"<!-- This site is optimized with the Yoast SEO Premium plugin v27.2 (Yoast SEO v27.2) - https:\/\/yoast.com\/product\/yoast-seo-premium-wordpress\/ -->\n<title>Ital\u0173 kalbos gramatika - Talkpal<\/title>\n<meta name=\"description\" content=\"Lengvai mokykit\u0117s ital\u0173 kalbos gramatikos - ai\u0161kiai praktikuokit\u0117s, supraskite taisykles ir geriau kalb\u0117kite naudodamiesi paprastomis rekomendacijomis i\u0161 Talkpal AI.\" \/>\n<meta name=\"robots\" content=\"index, follow, max-snippet:-1, max-image-preview:large, max-video-preview:-1\" \/>\n<link rel=\"canonical\" href=\"https:\/\/talkpal.ai\/lt\/italu-kalbos-gramatika\/\" \/>\n<meta property=\"og:locale\" content=\"lt_LT\" \/>\n<meta property=\"og:type\" content=\"article\" \/>\n<meta property=\"og:title\" content=\"Ital\u0173 kalbos gramatika\" \/>\n<meta property=\"og:description\" content=\"Ital\u0173 kalbos gramatikos meno \u012fsisavinimas: pagrindinis vadovas Ciao, kalb\u0173 entuziastai! Ar esate pasireng\u0119 pasinerti \u012f ital\u0173 kalbos gramatikos pasaul\u012f?\" \/>\n<meta property=\"og:url\" content=\"https:\/\/talkpal.ai\/lt\/italu-kalbos-gramatika\/\" \/>\n<meta property=\"og:site_name\" content=\"Talkpal\" \/>\n<meta property=\"article:publisher\" content=\"https:\/\/www.facebook.com\/profile.php?id=100090733639311\" \/>\n<meta property=\"article:modified_time\" content=\"2025-05-22T18:43:46+00:00\" \/>\n<meta property=\"og:image\" content=\"https:\/\/talkpal.ai\/wp-content\/uploads\/2023\/03\/italy.png\" \/>\n\t<meta property=\"og:image:width\" content=\"512\" \/>\n\t<meta property=\"og:image:height\" content=\"512\" \/>\n\t<meta property=\"og:image:type\" content=\"image\/png\" \/>\n<meta name=\"twitter:card\" content=\"summary_large_image\" \/>\n<meta name=\"twitter:site\" content=\"@talkpalai\" \/>\n<meta name=\"twitter:label1\" content=\"Est. reading time\" \/>\n\t<meta name=\"twitter:data1\" content=\"3 minut\u0117s\" \/>\n<script type=\"application\/ld+json\" class=\"yoast-schema-graph\">{\"@context\":\"https:\/\/schema.org\",\"@graph\":[{\"@type\":\"WebPage\",\"@id\":\"https:\/\/talkpal.ai\/lt\/italu-kalbos-gramatika\/\",\"url\":\"https:\/\/talkpal.ai\/lt\/italu-kalbos-gramatika\/\",\"name\":\"Ital\u0173 kalbos gramatika - Talkpal\",\"isPartOf\":{\"@id\":\"https:\/\/talkpal.ai\/lt\/#website\"},\"primaryImageOfPage\":{\"@id\":\"https:\/\/talkpal.ai\/lt\/italu-kalbos-gramatika\/#primaryimage\"},\"image\":{\"@id\":\"https:\/\/talkpal.ai\/lt\/italu-kalbos-gramatika\/#primaryimage\"},\"thumbnailUrl\":\"https:\/\/talkpal.ai\/wp-content\/uploads\/2023\/03\/italy.png\",\"datePublished\":\"2023-03-26T12:27:22+00:00\",\"dateModified\":\"2025-05-22T18:43:46+00:00\",\"description\":\"Lengvai mokykit\u0117s ital\u0173 kalbos gramatikos - ai\u0161kiai praktikuokit\u0117s, supraskite taisykles ir geriau kalb\u0117kite naudodamiesi paprastomis rekomendacijomis i\u0161 Talkpal AI.\",\"breadcrumb\":{\"@id\":\"https:\/\/talkpal.ai\/lt\/italu-kalbos-gramatika\/#breadcrumb\"},\"inLanguage\":\"lt-LT\",\"potentialAction\":[{\"@type\":\"ReadAction\",\"target\":[\"https:\/\/talkpal.ai\/lt\/italu-kalbos-gramatika\/\"]}]},{\"@type\":\"ImageObject\",\"inLanguage\":\"lt-LT\",\"@id\":\"https:\/\/talkpal.ai\/lt\/italu-kalbos-gramatika\/#primaryimage\",\"url\":\"https:\/\/talkpal.ai\/wp-content\/uploads\/2023\/03\/italy.png\",\"contentUrl\":\"https:\/\/talkpal.ai\/wp-content\/uploads\/2023\/03\/italy.png\",\"width\":512,\"height\":512,\"caption\":\"TalkPal AI learn Italian\"},{\"@type\":\"BreadcrumbList\",\"@id\":\"https:\/\/talkpal.ai\/lt\/italu-kalbos-gramatika\/#breadcrumb\",\"itemListElement\":[{\"@type\":\"ListItem\",\"position\":1,\"name\":\"Homepage\",\"item\":\"https:\/\/talkpal.ai\/lt\/\"},{\"@type\":\"ListItem\",\"position\":2,\"name\":\"Ital\u0173 kalbos gramatika\"}]},{\"@type\":\"WebSite\",\"@id\":\"https:\/\/talkpal.ai\/lt\/#website\",\"url\":\"https:\/\/talkpal.ai\/lt\/\",\"name\":\"Talkpal\",\"description\":\"AI Language Learning\",\"publisher\":{\"@id\":\"https:\/\/talkpal.ai\/lt\/#organization\"},\"alternateName\":\"Talkpal AI\",\"potentialAction\":[{\"@type\":\"SearchAction\",\"target\":{\"@type\":\"EntryPoint\",\"urlTemplate\":\"https:\/\/talkpal.ai\/lt\/?s={search_term_string}\"},\"query-input\":{\"@type\":\"PropertyValueSpecification\",\"valueRequired\":true,\"valueName\":\"search_term_string\"}}],\"inLanguage\":\"lt-LT\"},{\"@type\":\"Organization\",\"@id\":\"https:\/\/talkpal.ai\/lt\/#organization\",\"name\":\"Talkpal, Inc.\",\"alternateName\":\"Talkpal AI\",\"url\":\"https:\/\/talkpal.ai\/lt\/\",\"logo\":{\"@type\":\"ImageObject\",\"inLanguage\":\"lt-LT\",\"@id\":\"https:\/\/talkpal.ai\/lt\/#\/schema\/logo\/image\/\",\"url\":\"https:\/\/talkpal.ai\/wp-content\/uploads\/2024\/03\/Talkpal-Logo-Icon.png\",\"contentUrl\":\"https:\/\/talkpal.ai\/wp-content\/uploads\/2024\/03\/Talkpal-Logo-Icon.png\",\"width\":2880,\"height\":2880,\"caption\":\"Talkpal, Inc.\"},\"image\":{\"@id\":\"https:\/\/talkpal.ai\/lt\/#\/schema\/logo\/image\/\"},\"sameAs\":[\"https:\/\/www.facebook.com\/profile.php?id=100090733639311\",\"https:\/\/x.com\/talkpalai\",\"https:\/\/www.linkedin.com\/company\/talkpal\/\",\"https:\/\/www.youtube.com\/@TalkPal\/\",\"https:\/\/www.tiktok.com\/@talkpal\",\"https:\/\/www.instagram.com\/talkpal_ai\/\",\"https:\/\/www.crunchbase.com\/organization\/talkpal-9cde\",\"https:\/\/www.g2.com\/products\/talkpal-for-business\/\",\"https:\/\/www.trustpilot.com\/review\/talkpal.ai\",\"https:\/\/www.capterra.com\/p\/10006800\/TalkPal\/\"],\"description\":\"Talkpal is a language learning web and mobile education app, powered by the latest AI technologies, that provides engaging experiences to its customers in many different languages to help them improve their language skills. Users can chat about unlimited amount of topics with the app and use other modes to practice their language learning.\",\"email\":\"support@talkpal.ai\",\"legalName\":\"Talkpal, Inc.\",\"foundingDate\":\"2023-04-03\",\"duns\":\"118989042\",\"numberOfEmployees\":{\"@type\":\"QuantitativeValue\",\"minValue\":\"11\",\"maxValue\":\"50\"},\"publishingPrinciples\":\"https:\/\/talkpal.ai\/publishing-principles\/\",\"actionableFeedbackPolicy\":\"https:\/\/talkpal.ai\/actionable-feedback-policy\/\",\"correctionsPolicy\":\"https:\/\/talkpal.ai\/corrections-policy\/\",\"ethicsPolicy\":\"https:\/\/talkpal.ai\/ethics-policy\/\",\"diversityPolicy\":\"https:\/\/talkpal.ai\/diversity-policy\/\",\"diversityStaffingReport\":\"https:\/\/talkpal.ai\/diversity-policy\/\"}]}<\/script>\n<!-- \/ Yoast SEO Premium plugin. -->","yoast_head_json":{"title":"Ital\u0173 kalbos gramatika - Talkpal","description":"Lengvai mokykit\u0117s ital\u0173 kalbos gramatikos - ai\u0161kiai praktikuokit\u0117s, supraskite taisykles ir geriau kalb\u0117kite naudodamiesi paprastomis rekomendacijomis i\u0161 Talkpal AI.","robots":{"index":"index","follow":"follow","max-snippet":"max-snippet:-1","max-image-preview":"max-image-preview:large","max-video-preview":"max-video-preview:-1"},"canonical":"https:\/\/talkpal.ai\/lt\/italu-kalbos-gramatika\/","og_locale":"lt_LT","og_type":"article","og_title":"Ital\u0173 kalbos gramatika","og_description":"Ital\u0173 kalbos gramatikos meno \u012fsisavinimas: pagrindinis vadovas Ciao, kalb\u0173 entuziastai! Ar esate pasireng\u0119 pasinerti \u012f ital\u0173 kalbos gramatikos pasaul\u012f?","og_url":"https:\/\/talkpal.ai\/lt\/italu-kalbos-gramatika\/","og_site_name":"Talkpal","article_publisher":"https:\/\/www.facebook.com\/profile.php?id=100090733639311","article_modified_time":"2025-05-22T18:43:46+00:00","og_image":[{"width":512,"height":512,"url":"https:\/\/talkpal.ai\/wp-content\/uploads\/2023\/03\/italy.png","type":"image\/png"}],"twitter_card":"summary_large_image","twitter_site":"@talkpalai","twitter_misc":{"Est. reading time":"3 minut\u0117s"},"schema":{"@context":"https:\/\/schema.org","@graph":[{"@type":"WebPage","@id":"https:\/\/talkpal.ai\/lt\/italu-kalbos-gramatika\/","url":"https:\/\/talkpal.ai\/lt\/italu-kalbos-gramatika\/","name":"Ital\u0173 kalbos gramatika - Talkpal","isPartOf":{"@id":"https:\/\/talkpal.ai\/lt\/#website"},"primaryImageOfPage":{"@id":"https:\/\/talkpal.ai\/lt\/italu-kalbos-gramatika\/#primaryimage"},"image":{"@id":"https:\/\/talkpal.ai\/lt\/italu-kalbos-gramatika\/#primaryimage"},"thumbnailUrl":"https:\/\/talkpal.ai\/wp-content\/uploads\/2023\/03\/italy.png","datePublished":"2023-03-26T12:27:22+00:00","dateModified":"2025-05-22T18:43:46+00:00","description":"Lengvai mokykit\u0117s ital\u0173 kalbos gramatikos - ai\u0161kiai praktikuokit\u0117s, supraskite taisykles ir geriau kalb\u0117kite naudodamiesi paprastomis rekomendacijomis i\u0161 Talkpal AI.","breadcrumb":{"@id":"https:\/\/talkpal.ai\/lt\/italu-kalbos-gramatika\/#breadcrumb"},"inLanguage":"lt-LT","potentialAction":[{"@type":"ReadAction","target":["https:\/\/talkpal.ai\/lt\/italu-kalbos-gramatika\/"]}]},{"@type":"ImageObject","inLanguage":"lt-LT","@id":"https:\/\/talkpal.ai\/lt\/italu-kalbos-gramatika\/#primaryimage","url":"https:\/\/talkpal.ai\/wp-content\/uploads\/2023\/03\/italy.png","contentUrl":"https:\/\/talkpal.ai\/wp-content\/uploads\/2023\/03\/italy.png","width":512,"height":512,"caption":"TalkPal AI learn Italian"},{"@type":"BreadcrumbList","@id":"https:\/\/talkpal.ai\/lt\/italu-kalbos-gramatika\/#breadcrumb","itemListElement":[{"@type":"ListItem","position":1,"name":"Homepage","item":"https:\/\/talkpal.ai\/lt\/"},{"@type":"ListItem","position":2,"name":"Ital\u0173 kalbos gramatika"}]},{"@type":"WebSite","@id":"https:\/\/talkpal.ai\/lt\/#website","url":"https:\/\/talkpal.ai\/lt\/","name":"Talkpal","description":"AI Language Learning","publisher":{"@id":"https:\/\/talkpal.ai\/lt\/#organization"},"alternateName":"Talkpal AI","potentialAction":[{"@type":"SearchAction","target":{"@type":"EntryPoint","urlTemplate":"https:\/\/talkpal.ai\/lt\/?s={search_term_string}"},"query-input":{"@type":"PropertyValueSpecification","valueRequired":true,"valueName":"search_term_string"}}],"inLanguage":"lt-LT"},{"@type":"Organization","@id":"https:\/\/talkpal.ai\/lt\/#organization","name":"Talkpal, Inc.","alternateName":"Talkpal AI","url":"https:\/\/talkpal.ai\/lt\/","logo":{"@type":"ImageObject","inLanguage":"lt-LT","@id":"https:\/\/talkpal.ai\/lt\/#\/schema\/logo\/image\/","url":"https:\/\/talkpal.ai\/wp-content\/uploads\/2024\/03\/Talkpal-Logo-Icon.png","contentUrl":"https:\/\/talkpal.ai\/wp-content\/uploads\/2024\/03\/Talkpal-Logo-Icon.png","width":2880,"height":2880,"caption":"Talkpal, Inc."},"image":{"@id":"https:\/\/talkpal.ai\/lt\/#\/schema\/logo\/image\/"},"sameAs":["https:\/\/www.facebook.com\/profile.php?id=100090733639311","https:\/\/x.com\/talkpalai","https:\/\/www.linkedin.com\/company\/talkpal\/","https:\/\/www.youtube.com\/@TalkPal\/","https:\/\/www.tiktok.com\/@talkpal","https:\/\/www.instagram.com\/talkpal_ai\/","https:\/\/www.crunchbase.com\/organization\/talkpal-9cde","https:\/\/www.g2.com\/products\/talkpal-for-business\/","https:\/\/www.trustpilot.com\/review\/talkpal.ai","https:\/\/www.capterra.com\/p\/10006800\/TalkPal\/"],"description":"Talkpal is a language learning web and mobile education app, powered by the latest AI technologies, that provides engaging experiences to its customers in many different languages to help them improve their language skills. Users can chat about unlimited amount of topics with the app and use other modes to practice their language learning.","email":"support@talkpal.ai","legalName":"Talkpal, Inc.","foundingDate":"2023-04-03","duns":"118989042","numberOfEmployees":{"@type":"QuantitativeValue","minValue":"11","maxValue":"50"},"publishingPrinciples":"https:\/\/talkpal.ai\/publishing-principles\/","actionableFeedbackPolicy":"https:\/\/talkpal.ai\/actionable-feedback-policy\/","correctionsPolicy":"https:\/\/talkpal.ai\/corrections-policy\/","ethicsPolicy":"https:\/\/talkpal.ai\/ethics-policy\/","diversityPolicy":"https:\/\/talkpal.ai\/diversity-policy\/","diversityStaffingReport":"https:\/\/talkpal.ai\/diversity-policy\/"}]}},"_links":{"self":[{"href":"https:\/\/talkpal.ai\/lt\/wp-json\/wp\/v2\/pages\/126763","targetHints":{"allow":["GET"]}}],"collection":[{"href":"https:\/\/talkpal.ai\/lt\/wp-json\/wp\/v2\/pages"}],"about":[{"href":"https:\/\/talkpal.ai\/lt\/wp-json\/wp\/v2\/types\/page"}],"author":[{"embeddable":true,"href":"https:\/\/talkpal.ai\/lt\/wp-json\/wp\/v2\/users\/1"}],"replies":[{"embeddable":true,"href":"https:\/\/talkpal.ai\/lt\/wp-json\/wp\/v2\/comments?post=126763"}],"version-history":[{"count":0,"href":"https:\/\/talkpal.ai\/lt\/wp-json\/wp\/v2\/pages\/126763\/revisions"}],"wp:featuredmedia":[{"embeddable":true,"href":"https:\/\/talkpal.ai\/lt\/wp-json\/wp\/v2\/media\/76143"}],"wp:attachment":[{"href":"https:\/\/talkpal.ai\/lt\/wp-json\/wp\/v2\/media?parent=126763"}],"curies":[{"name":"wp","href":"https:\/\/api.w.org\/{rel}","templated":true}]}}