{"id":124545,"date":"2023-03-26T11:55:54","date_gmt":"2023-03-26T11:55:54","guid":{"rendered":"http:\/\/talkpal.ai\/ispanu-kalbos-gramatika\/"},"modified":"2025-05-22T18:50:33","modified_gmt":"2025-05-22T18:50:33","slug":"ispanu-kalbos-gramatika","status":"publish","type":"page","link":"https:\/\/talkpal.ai\/lt\/ispanu-kalbos-gramatika\/","title":{"rendered":"Ispan\u0173 kalbos gramatika"},"content":{"rendered":"\r\n\r\n\r\n<section class=\"languageChallengeSection\">\r\n    <div class=\"languageInfoWrapper\">\r\n        \r\n        <h1>Ispan\u0173 kalbos gramatika<\/h1>\r\n        <p>Pasinerkite \u012f gyvybing\u0105 <a href=\"https:\/\/talkpal.ai\/lt\/mokykites-ispanu-kalbos\/\">ispan\u0173 kalbos<\/a> pasaul\u012f \u012fvald\u0119 pagrindines gramatikos taisykles. Suprasdami <a href=\"https:\/\/talkpal.ai\/learn-spanish\/\">ispan\u0173<\/a> <a href=\"https:\/\/talkpal.ai\/what-language-is-spoken-on-the-international-space-station\/\">kalbos<\/a> gramatik\u0105 gal\u0117site dr\u0105siai bendrauti ir u\u017emegzti naujus ry\u0161ius su milijonais ispanakalbi\u0173 visame pasaulyje. Prad\u0117kite mokytis <a href=\"https:\/\/talkpal.ai\/learn-spanish\/\">ispan\u0173<\/a> kalbos gramatikos \u0161iandien ir \u017eenkite pirm\u0105j\u012f \u017eingsn\u012f \u012f laisv\u0105 kalb\u0117jim\u0105!<\/p>\r\n\r\n                            <a class=\"getStartedHidden\" href=\"https:\/\/app.talkpal.ai\/lt\/signup?lng=\">Prad\u0117k<\/a>\r\n        \r\n    <\/div>\r\n\r\n    <figure>\r\n    <img decoding=\"async\" width=\"768\" height=\"768\" src=\"https:\/\/talkpal.ai\/wp-content\/uploads\/2023\/06\/Spanish-768x768.png\" class=\"languageImage no-lazy\" alt=\"Practical application of language learning\" fetchpriority=\"high\" sizes=\"(max-width: 768px) 150px, 768px\" srcset=\"https:\/\/talkpal.ai\/wp-content\/uploads\/2023\/06\/Spanish-768x768.png 768w, https:\/\/talkpal.ai\/wp-content\/uploads\/2023\/06\/Spanish-300x300.png 300w\" \/>\r\n    \r\n\r\n    <\/figure>\r\n\r\n            <a class=\"getStartedVisible\" href=\"https:\/\/app.talkpal.ai\/lt\/signup?lng=\">Prad\u0117k<\/a>\r\n    \r\n<\/section>\r\n        <section class=\"grammarSection\">\r\n            <div class=\"grammarLinks\">\r\n                <a href=\"https:\/\/talkpal.ai\/lt\/language\/budvardziai-ispanu-kalbos-gramatika\/\">B\u016bdvard\u017eiai <\/a><a href=\"https:\/\/talkpal.ai\/lt\/language\/daiktavardziai-ispanu-kalbos-gramatika\/\">Daiktavard\u017eiai <\/a><a href=\"https:\/\/talkpal.ai\/lt\/language\/ivardziai-ispanu-kalbos-gramatika\/\">\u012evard\u017eiai <\/a><a href=\"https:\/\/talkpal.ai\/lt\/language\/laikai-orientaciniai-ispanu-kalbos-gramatika\/\">Laikai orientaciniai <\/a><a href=\"https:\/\/talkpal.ai\/lt\/language\/prielinksniai-ispanu-kalbos-gramatika\/\">Prielinksniai <\/a><a href=\"https:\/\/talkpal.ai\/lt\/language\/prieveiksmiai-ispanu-kalbos-gramatika\/\">Prieveiksmiai <\/a><a href=\"https:\/\/talkpal.ai\/lt\/language\/sakinio-struktura-ispanu-kalbos-gramatika\/\">Sakinio strukt\u016bra <\/a><a href=\"https:\/\/talkpal.ai\/lt\/language\/straipsniai-ispanu-kalbos-gramatika\/\">Straipsniai <\/a><a href=\"https:\/\/talkpal.ai\/lt\/language\/tenses-subjunkcinis-ispanu-kalbos-gramatika\/\">Tenses subjunkcinis <\/a><a href=\"https:\/\/talkpal.ai\/lt\/language\/veiksmazodziai-ispanu-kalbos-gramatika\/\">Veiksma\u017eod\u017eiai <\/a>            <\/div>\r\n        <\/section>\r\n    <section class=\"promotionalBanner\">\r\n    <p class=\"promotionalText\"><\/p>\r\n    <a class=\"promotionalLink\" href=\"https:\/\/app.talkpal.ai\/lt\/signup?lng=\"><\/a>\r\n<\/section>\n<div class=\"wp-block-group pageContainerStyle\"><div class=\"wp-block-group__inner-container is-layout-constrained wp-block-group-is-layout-constrained\">\n<h2 class=\"wp-block-heading\" id=\"h-a-quick-guide-to-learning-spanish-grammar\">Trumpas ispan\u0173 kalbos gramatikos mokymosi vadovas<\/h2>\n\n\n\n<p>Jei kada nors galvojote apie naujos kalbos mokym\u0105si, didel\u0117 tikimyb\u0117, kad galvoje sukosi mintis apie ispan\u0173 kalb\u0105. Kaip viena i\u0161 labiausiai vartojam\u0173 kalb\u0173 visame pasaulyje, <a href=\"https:\/\/talkpal.ai\/lt\/kalbejimas-ispanu-kalba\/\">ispan\u0173 kalba<\/a> suteikia daug naudos asmeniniam ir profesiniam augimui. <a href=\"https:\/\/talkpal.ai\/lt\/kaip-greitai-ir-efektyviai-ismokti-ispanu-kalbos\/\">Ispan\u0173 kalbos mokymasis<\/a> ne tik suteiks jums prieig\u0105 prie nauj\u0173 kult\u016br\u0173, bet ir pagerins j\u016bs\u0173 bendravimo \u012fg\u016bd\u017eius. Nors daugelis \u017emoni\u0173 bijo \u012fsipainioti \u012f gramatikos taisykles, galite lengviau atsikv\u0117pti, nes <a href=\"https:\/\/talkpal.ai\/lt\/grammar\/pristatymas-ispanu-kalbos-gramatika\/\">ispan\u0173 kalbos gramatika<\/a> yra gana paprasta. \u0160iame straipsnyje pateiksime trump\u0105 gid\u0105, kuris pad\u0117s jums kaip profesionalui susigaudyti \u012fdomiame ispan\u0173 kalbos gramatikos pasaulyje!<\/p>\n\n\n\n<h3 class=\"wp-block-heading\" id=\"h-1-understanding-spanish-nouns-and-articles\">1. Ispan\u0173 kalbos daiktavard\u017ei\u0173 ir straipsni\u0173 supratimas<\/h3>\n\n\n\n<p>Ispan\u0173 daiktavard\u017eiai, kaip ir <a href=\"https:\/\/talkpal.ai\/learn-english-with-ai\/\">angl\u0173<\/a> kalba, naudojami \u017emon\u0117ms, vietoms, objektams, id\u0117joms ir jausmams identifikuoti. Pirmoji taisykl\u0117, kuri\u0105 reikia prisiminti apie ispan\u0173 daiktavard\u017eius, yra ta, kad jie turi lyt\u012f. Ispan\u0173 kalbos daiktavard\u017eiai yra vyri\u0161ki arba moteri\u0161ki. Pavyzd\u017eiui, &#8222;libro&#8221; (knyga) yra vyri\u0161kosios gimin\u0117s, o &#8222;casa&#8221; (namas) &#8211; moteri\u0161kosios gimin\u0117s. Daiktavard\u017eiai, kuri\u0173 gal\u016bn\u0117 yra &#8222;o&#8221;, yra vyri\u0161kosios gimin\u0117s, o tie, kuri\u0173 gal\u016bn\u0117 yra &#8222;a&#8221;, yra moteri\u0161kosios gimin\u0117s.<\/p>\n\n\n\n<p>Ispani\u0161ki straipsniai yra pana\u0161\u016bs \u012f angli\u0161kus &#8222;the&#8221;, &#8222;a&#8221; arba &#8222;an&#8221;. Jie yra esmin\u0117 kalbos dalis, nes jie turi sutikti su apra\u0161omo daiktavard\u017eio lytimi ir skai\u010diumi. Yra keturi\u0173 tip\u0173 ispan\u0173 straipsniai:<\/p>\n\n\n\n<p>&#8211; <strong>Baigiamieji straipsniai:<\/strong> el (vyri\u0161kosios gimin\u0117s vienaskaita), la (moteri\u0161kosios gimin\u0117s vienaskaita), los (vyri\u0161kosios gimin\u0117s daugiskaita) ir las (moteri\u0161kosios gimin\u0117s daugiskaita).<br\/>&#8211; <strong>Neapibr\u0117\u017etieji straipsniai:<\/strong> un (vyri\u0161kosios gimin\u0117s vienaskaita), una (moteri\u0161kosios gimin\u0117s vienaskaita), unos (kai kuri\u0173 vyri\u0161kosios gimin\u0117s daugiskaita) ir unas (kai kuri\u0173 moteri\u0161kosios gimin\u0117s daugiskaita).<\/p>\n\n\n\n<h3 class=\"wp-block-heading\" id=\"h-2-slaying-spanish-verbs-conjugation-and-tenses\">2. Ispan\u0173 kalbos veiksma\u017eod\u017ei\u0173 nu\u017eudymas: konjugacija ir laikai<\/h3>\n\n\n\n<p>Vienas i\u0161 svarbiausi\u0173 ispan\u0173 kalbos gramatikos mokymosi aspekt\u0173 yra veiksma\u017eod\u017ei\u0173 konjugacijos supratimas. Sujungimas &#8211; tai tiesiog veiksma\u017eod\u017eio \u0161aknies formos pakeitimas, kad ji atitikt\u0173 veiksma\u017eod\u017eio tem\u0105 ir laik\u0105. Pavyzd\u017eiui, ispan\u0173 kalboje sakoma &#8222;Yo como&#8221; (a\u0161 valgau) ir &#8222;\u00e9l come&#8221; (jis valgo). Atkreipkite d\u0117mes\u012f, kad veiksma\u017eodis comer (valgyti) kei\u010dia savo form\u0105, kai kei\u010diate tem\u0105.<\/p>\n\n\n\n<p><strong>Kai kurie \u012fprasti reguliar\u016bs veiksma\u017eod\u017eiai ispan\u0173 kalba apima:<\/strong><\/p>\n\n\n\n<p>&#8211; AR veiksma\u017eod\u017eiai: hablar (kalb\u0117ti), amar (myl\u0117ti) ir bailar (\u0161okti).<br\/>&#8211; ER veiksma\u017eod\u017eiai: comer (valgyti), aprender (mokytis) ir vender (parduoti).<br\/>&#8211; IR veiksma\u017eod\u017eiai: vivir (gyventi), escribir (ra\u0161yti) ir descubrir (atrasti).<\/p>\n\n\n\n<p>Kaip ir angl\u0173 kalba, ispan\u0173 kalba turi kelis veiksma\u017eod\u017ei\u0173 laikus, \u017eymin\u010dius laik\u0105, kai vyksta veiksmas. Svarbiausi yra \u0161ie:<\/p>\n\n\n\n<p><strong>&#8211; Dabartis<\/strong><br\/><strong>&#8211; Preteritas<\/strong><br\/><strong>&#8211; Netobulas<\/strong><br\/><strong>&#8211; Ateitis<\/strong><br\/><strong>&#8211; S\u0105lyginis<\/strong><br\/><strong>&#8211; Dabartinis subjunktyvas<\/strong><br\/><strong>&#8211; Imperfektinis subjunktyvas<\/strong><\/p>\n\n\n\n<p>Nesistenkite mokytis vis\u0173 veiksma\u017eod\u017ei\u0173 laik\u0173 vienu metu. Atlikite juos po vien\u0105 ir praktikuokit\u0117s, kol jums bus patogu juos naudoti.<\/p>\n\n\n\n<h3 class=\"wp-block-heading\" id=\"h-3-creating-sentences-with-spanish-adjectives-and-adverbs\">3. Sakini\u0173 su ispan\u0173 b\u016bdvard\u017eiais ir prieveiksmiais k\u016brimas<\/h3>\n\n\n\n<p>B\u016bdvard\u017eiai ir prieveiksmiai vaidina esmin\u012f vaidmen\u012f pa\u012fvairinant ispani\u0161kus sakinius. B\u016bdvard\u017eiai apib\u016bdina daiktavard\u017ei\u0173 savybes ar savybes, o prieveiksmiai apib\u016bdina veiksmus ar veiksma\u017eod\u017eius. Ispan\u0173 kalba b\u016bdvard\u017eiai turi sutikti su daiktavard\u017eiu, kur\u012f jie apib\u016bdina, tiek lytimi, tiek skai\u010diumi.<\/p>\n\n\n\n<p>Vienas esminis skirtumas tarp ispan\u0173 ir angl\u0173 kalb\u0173 yra b\u016bdvard\u017ei\u0173 tvarka. Ispani\u0161ki b\u016bdvard\u017eiai paprastai ra\u0161omi po daiktavard\u017eio, pvz., &#8222;un coche rojo&#8221; (raudonas automobilis).<\/p>\n\n\n\n<p>Kita vertus, ispan\u0173 kalbos prieveiksmiai niekada nesikei\u010dia d\u0117l lyties ar skai\u010diaus. Kaip ir angl\u0173 kalboje, prieveiksmiai paprastai ra\u0161omi po veiksma\u017eod\u017eio, kur\u012f jie kei\u010dia, pvz., &#8222;Ella habla r\u00e1pidamente&#8221; (Ji kalba greitai).<\/p>\n\n\n\n<h3 class=\"wp-block-heading\" id=\"h-conclusion\">I\u0161vada<\/h3>\n\n\n\n<p>Ispan\u0173 kalbos gramatika netur\u0117t\u0173 j\u016bs\u0173 g\u0105sdinti! \u017dinoma, tam reikia praktikos, ta\u010diau, laikydamiesi \u0161i\u0173 paprast\u0173 gairi\u0173, gal\u0117site tapti i\u0161skirtiniais ispan\u0173 kalbos \u017einovais. Nepamir\u0161kite visada \u012fdomiai bendrauti su kalba, kalb\u0117damiesi, tyrin\u0117dami daiktavard\u017eius, veiksma\u017eod\u017eius, b\u016bdvard\u017eius ir prieveiksmius. Toliau praktikuokit\u0117s, priimkite kult\u016br\u0105 ir leiskite savo ispan\u0173 kelionei atsiskleisti. \u00a1Buena suerte!<\/p>\n<\/div><\/div>\n\r\n<section class=\"learnNavigationSection\">\r\n            \r\n        <a href=\"https:\/\/talkpal.ai\/lt\/mokykites-ispanu-kalbos\/\">\r\n            <div class=\"learnNavigationWrapper\">\r\n                <div class=\"learnNavigationContent\">\r\n                    <img decoding=\"async\" src=\"https:\/\/talkpal.ai\/wp-content\/uploads\/2024\/08\/Spanish.jpg\" alt=\"Spanish Flag\">\r\n                    <div>\r\n                        <h4>Apie ispan\u0173 kalbos mokym\u0105si<\/h4>\r\n                        <p>Su\u017einokite visk\u0105 apie ispan\u0173 kalbos gramatik\u0105.<\/p>\r\n                    <\/div>\r\n                <\/div>\r\n            <\/div>\r\n        <\/a>\r\n\r\n        \r\n        <a href=\"https:\/\/talkpal.ai\/lt\/ispanu-kalbos-gramatikos-pratimai\/\">\r\n            <div class=\"learnNavigationWrapper\">\r\n                <div class=\"learnNavigationContent\">\r\n                    <img decoding=\"async\" src=\"https:\/\/talkpal.ai\/wp-content\/uploads\/2024\/08\/Spanish.jpg\" alt=\"Spanish Flag\">\r\n                    <div>\r\n                        <h4>Ispan\u0173 kalbos gramatikos pratimai<\/h4>\r\n                        <p>Praktikuokite ispan\u0173 kalbos gramatik\u0105.<\/p>\r\n                    <\/div>\r\n                <\/div>\r\n            <\/div>\r\n        <\/a>\r\n\r\n        \r\n        <a href=\"https:\/\/talkpal.ai\/vocabulary_language\/spanish\/\">\r\n            <div class=\"learnNavigationWrapper\">\r\n                <div class=\"learnNavigationContent\">\r\n                    <img decoding=\"async\" src=\"https:\/\/talkpal.ai\/wp-content\/uploads\/2024\/08\/Spanish.jpg\" alt=\"Spanish Flag\">\r\n                    <div>\r\n                        <h4>Ispan\u0173 kalbos \u017eodynas<\/h4>\r\n                        <p>Prapl\u0117skite savo ispan\u0173 kalbos \u017eodyn\u0105.<\/p>\r\n                    <\/div>\r\n                <\/div>\r\n            <\/div>\r\n        <\/a>\r\n\r\n            <\/section>","protected":false},"excerpt":{"rendered":"<p>Trumpas ispan\u0173 kalbos gramatikos mokymosi vadovas Jei kada nors galvojote apie naujos kalbos mokym\u0105si, didel\u0117 tikimyb\u0117, kad galvoje sukosi mintis apie ispan\u0173 kalb\u0105. Kaip viena i\u0161 labiausiai vartojam\u0173 kalb\u0173 visame pasaulyje, ispan\u0173 kalba suteikia daug naudos asmeniniam ir profesiniam augimui. Ispan\u0173 kalbos mokymasis ne tik suteiks jums prieig\u0105 prie nauj\u0173 kult\u016br\u0173, bet ir pagerins j\u016bs\u0173 [&hellip;]<\/p>\n","protected":false},"author":1,"featured_media":75303,"parent":0,"menu_order":0,"comment_status":"closed","ping_status":"closed","template":"LearningContentPage.php","meta":{"_acf_changed":false,"footnotes":""},"class_list":["post-124545","page","type-page","status-publish","has-post-thumbnail","hentry"],"acf":[],"yoast_head":"<!-- This site is optimized with the Yoast SEO Premium plugin v27.2 (Yoast SEO v27.2) - https:\/\/yoast.com\/product\/yoast-seo-premium-wordpress\/ -->\n<title>Ispan\u0173 kalbos gramatika - Talkpal<\/title>\n<meta name=\"description\" content=\"Patobulinkite ispan\u0173 kalbos gramatikos \u012fg\u016bd\u017eius naudodami interaktyvius pratimus, skirtus visiems kalbos mok\u0117jimo lygiams. Efektyviai praktikuokite ispan\u0173 kalb\u0105!\" \/>\n<meta name=\"robots\" content=\"index, follow, max-snippet:-1, max-image-preview:large, max-video-preview:-1\" \/>\n<link rel=\"canonical\" href=\"https:\/\/talkpal.ai\/lt\/ispanu-kalbos-gramatika\/\" \/>\n<meta property=\"og:locale\" content=\"lt_LT\" \/>\n<meta property=\"og:type\" content=\"article\" \/>\n<meta property=\"og:title\" content=\"Ispan\u0173 kalbos gramatika\" \/>\n<meta property=\"og:description\" content=\"Trumpas ispan\u0173 kalbos gramatikos mokymosi vadovas Jei kada nors galvojote apie naujos kalbos mokym\u0105si, didel\u0117 tikimyb\u0117, kad galvoje sukosi mintis apie\" \/>\n<meta property=\"og:url\" content=\"https:\/\/talkpal.ai\/lt\/ispanu-kalbos-gramatika\/\" \/>\n<meta property=\"og:site_name\" content=\"Talkpal\" \/>\n<meta property=\"article:publisher\" content=\"https:\/\/www.facebook.com\/profile.php?id=100090733639311\" \/>\n<meta property=\"article:modified_time\" content=\"2025-05-22T18:50:33+00:00\" \/>\n<meta property=\"og:image\" content=\"https:\/\/talkpal.ai\/wp-content\/uploads\/2023\/03\/spain.png\" \/>\n\t<meta property=\"og:image:width\" content=\"512\" \/>\n\t<meta property=\"og:image:height\" content=\"512\" \/>\n\t<meta property=\"og:image:type\" content=\"image\/png\" \/>\n<meta name=\"twitter:card\" content=\"summary_large_image\" \/>\n<meta name=\"twitter:site\" content=\"@talkpalai\" \/>\n<meta name=\"twitter:label1\" content=\"Est. reading time\" \/>\n\t<meta name=\"twitter:data1\" content=\"3 minut\u0117s\" \/>\n<script type=\"application\/ld+json\" class=\"yoast-schema-graph\">{\"@context\":\"https:\/\/schema.org\",\"@graph\":[{\"@type\":\"WebPage\",\"@id\":\"https:\/\/talkpal.ai\/lt\/ispanu-kalbos-gramatika\/\",\"url\":\"https:\/\/talkpal.ai\/lt\/ispanu-kalbos-gramatika\/\",\"name\":\"Ispan\u0173 kalbos gramatika - Talkpal\",\"isPartOf\":{\"@id\":\"https:\/\/talkpal.ai\/lt\/#website\"},\"primaryImageOfPage\":{\"@id\":\"https:\/\/talkpal.ai\/lt\/ispanu-kalbos-gramatika\/#primaryimage\"},\"image\":{\"@id\":\"https:\/\/talkpal.ai\/lt\/ispanu-kalbos-gramatika\/#primaryimage\"},\"thumbnailUrl\":\"https:\/\/talkpal.ai\/wp-content\/uploads\/2023\/03\/spain.png\",\"datePublished\":\"2023-03-26T11:55:54+00:00\",\"dateModified\":\"2025-05-22T18:50:33+00:00\",\"description\":\"Patobulinkite ispan\u0173 kalbos gramatikos \u012fg\u016bd\u017eius naudodami interaktyvius pratimus, skirtus visiems kalbos mok\u0117jimo lygiams. Efektyviai praktikuokite ispan\u0173 kalb\u0105!\",\"breadcrumb\":{\"@id\":\"https:\/\/talkpal.ai\/lt\/ispanu-kalbos-gramatika\/#breadcrumb\"},\"inLanguage\":\"lt-LT\",\"potentialAction\":[{\"@type\":\"ReadAction\",\"target\":[\"https:\/\/talkpal.ai\/lt\/ispanu-kalbos-gramatika\/\"]}]},{\"@type\":\"ImageObject\",\"inLanguage\":\"lt-LT\",\"@id\":\"https:\/\/talkpal.ai\/lt\/ispanu-kalbos-gramatika\/#primaryimage\",\"url\":\"https:\/\/talkpal.ai\/wp-content\/uploads\/2023\/03\/spain.png\",\"contentUrl\":\"https:\/\/talkpal.ai\/wp-content\/uploads\/2023\/03\/spain.png\",\"width\":512,\"height\":512,\"caption\":\"TalkPal AI learn Spanish\"},{\"@type\":\"BreadcrumbList\",\"@id\":\"https:\/\/talkpal.ai\/lt\/ispanu-kalbos-gramatika\/#breadcrumb\",\"itemListElement\":[{\"@type\":\"ListItem\",\"position\":1,\"name\":\"Homepage\",\"item\":\"https:\/\/talkpal.ai\/lt\/\"},{\"@type\":\"ListItem\",\"position\":2,\"name\":\"Ispan\u0173 kalbos gramatika\"}]},{\"@type\":\"WebSite\",\"@id\":\"https:\/\/talkpal.ai\/lt\/#website\",\"url\":\"https:\/\/talkpal.ai\/lt\/\",\"name\":\"Talkpal\",\"description\":\"AI Language Learning\",\"publisher\":{\"@id\":\"https:\/\/talkpal.ai\/lt\/#organization\"},\"alternateName\":\"Talkpal AI\",\"potentialAction\":[{\"@type\":\"SearchAction\",\"target\":{\"@type\":\"EntryPoint\",\"urlTemplate\":\"https:\/\/talkpal.ai\/lt\/?s={search_term_string}\"},\"query-input\":{\"@type\":\"PropertyValueSpecification\",\"valueRequired\":true,\"valueName\":\"search_term_string\"}}],\"inLanguage\":\"lt-LT\"},{\"@type\":\"Organization\",\"@id\":\"https:\/\/talkpal.ai\/lt\/#organization\",\"name\":\"Talkpal, Inc.\",\"alternateName\":\"Talkpal AI\",\"url\":\"https:\/\/talkpal.ai\/lt\/\",\"logo\":{\"@type\":\"ImageObject\",\"inLanguage\":\"lt-LT\",\"@id\":\"https:\/\/talkpal.ai\/lt\/#\/schema\/logo\/image\/\",\"url\":\"https:\/\/talkpal.ai\/wp-content\/uploads\/2024\/03\/Talkpal-Logo-Icon.png\",\"contentUrl\":\"https:\/\/talkpal.ai\/wp-content\/uploads\/2024\/03\/Talkpal-Logo-Icon.png\",\"width\":2880,\"height\":2880,\"caption\":\"Talkpal, Inc.\"},\"image\":{\"@id\":\"https:\/\/talkpal.ai\/lt\/#\/schema\/logo\/image\/\"},\"sameAs\":[\"https:\/\/www.facebook.com\/profile.php?id=100090733639311\",\"https:\/\/x.com\/talkpalai\",\"https:\/\/www.linkedin.com\/company\/talkpal\/\",\"https:\/\/www.youtube.com\/@TalkPal\/\",\"https:\/\/www.tiktok.com\/@talkpal\",\"https:\/\/www.instagram.com\/talkpal_ai\/\",\"https:\/\/www.crunchbase.com\/organization\/talkpal-9cde\",\"https:\/\/www.g2.com\/products\/talkpal-for-business\/\",\"https:\/\/www.trustpilot.com\/review\/talkpal.ai\",\"https:\/\/www.capterra.com\/p\/10006800\/TalkPal\/\"],\"description\":\"Talkpal is a language learning web and mobile education app, powered by the latest AI technologies, that provides engaging experiences to its customers in many different languages to help them improve their language skills. Users can chat about unlimited amount of topics with the app and use other modes to practice their language learning.\",\"email\":\"support@talkpal.ai\",\"legalName\":\"Talkpal, Inc.\",\"foundingDate\":\"2023-04-03\",\"duns\":\"118989042\",\"numberOfEmployees\":{\"@type\":\"QuantitativeValue\",\"minValue\":\"11\",\"maxValue\":\"50\"},\"publishingPrinciples\":\"https:\/\/talkpal.ai\/publishing-principles\/\",\"actionableFeedbackPolicy\":\"https:\/\/talkpal.ai\/actionable-feedback-policy\/\",\"correctionsPolicy\":\"https:\/\/talkpal.ai\/corrections-policy\/\",\"ethicsPolicy\":\"https:\/\/talkpal.ai\/ethics-policy\/\",\"diversityPolicy\":\"https:\/\/talkpal.ai\/diversity-policy\/\",\"diversityStaffingReport\":\"https:\/\/talkpal.ai\/diversity-policy\/\"}]}<\/script>\n<!-- \/ Yoast SEO Premium plugin. -->","yoast_head_json":{"title":"Ispan\u0173 kalbos gramatika - Talkpal","description":"Patobulinkite ispan\u0173 kalbos gramatikos \u012fg\u016bd\u017eius naudodami interaktyvius pratimus, skirtus visiems kalbos mok\u0117jimo lygiams. Efektyviai praktikuokite ispan\u0173 kalb\u0105!","robots":{"index":"index","follow":"follow","max-snippet":"max-snippet:-1","max-image-preview":"max-image-preview:large","max-video-preview":"max-video-preview:-1"},"canonical":"https:\/\/talkpal.ai\/lt\/ispanu-kalbos-gramatika\/","og_locale":"lt_LT","og_type":"article","og_title":"Ispan\u0173 kalbos gramatika","og_description":"Trumpas ispan\u0173 kalbos gramatikos mokymosi vadovas Jei kada nors galvojote apie naujos kalbos mokym\u0105si, didel\u0117 tikimyb\u0117, kad galvoje sukosi mintis apie","og_url":"https:\/\/talkpal.ai\/lt\/ispanu-kalbos-gramatika\/","og_site_name":"Talkpal","article_publisher":"https:\/\/www.facebook.com\/profile.php?id=100090733639311","article_modified_time":"2025-05-22T18:50:33+00:00","og_image":[{"width":512,"height":512,"url":"https:\/\/talkpal.ai\/wp-content\/uploads\/2023\/03\/spain.png","type":"image\/png"}],"twitter_card":"summary_large_image","twitter_site":"@talkpalai","twitter_misc":{"Est. reading time":"3 minut\u0117s"},"schema":{"@context":"https:\/\/schema.org","@graph":[{"@type":"WebPage","@id":"https:\/\/talkpal.ai\/lt\/ispanu-kalbos-gramatika\/","url":"https:\/\/talkpal.ai\/lt\/ispanu-kalbos-gramatika\/","name":"Ispan\u0173 kalbos gramatika - Talkpal","isPartOf":{"@id":"https:\/\/talkpal.ai\/lt\/#website"},"primaryImageOfPage":{"@id":"https:\/\/talkpal.ai\/lt\/ispanu-kalbos-gramatika\/#primaryimage"},"image":{"@id":"https:\/\/talkpal.ai\/lt\/ispanu-kalbos-gramatika\/#primaryimage"},"thumbnailUrl":"https:\/\/talkpal.ai\/wp-content\/uploads\/2023\/03\/spain.png","datePublished":"2023-03-26T11:55:54+00:00","dateModified":"2025-05-22T18:50:33+00:00","description":"Patobulinkite ispan\u0173 kalbos gramatikos \u012fg\u016bd\u017eius naudodami interaktyvius pratimus, skirtus visiems kalbos mok\u0117jimo lygiams. Efektyviai praktikuokite ispan\u0173 kalb\u0105!","breadcrumb":{"@id":"https:\/\/talkpal.ai\/lt\/ispanu-kalbos-gramatika\/#breadcrumb"},"inLanguage":"lt-LT","potentialAction":[{"@type":"ReadAction","target":["https:\/\/talkpal.ai\/lt\/ispanu-kalbos-gramatika\/"]}]},{"@type":"ImageObject","inLanguage":"lt-LT","@id":"https:\/\/talkpal.ai\/lt\/ispanu-kalbos-gramatika\/#primaryimage","url":"https:\/\/talkpal.ai\/wp-content\/uploads\/2023\/03\/spain.png","contentUrl":"https:\/\/talkpal.ai\/wp-content\/uploads\/2023\/03\/spain.png","width":512,"height":512,"caption":"TalkPal AI learn Spanish"},{"@type":"BreadcrumbList","@id":"https:\/\/talkpal.ai\/lt\/ispanu-kalbos-gramatika\/#breadcrumb","itemListElement":[{"@type":"ListItem","position":1,"name":"Homepage","item":"https:\/\/talkpal.ai\/lt\/"},{"@type":"ListItem","position":2,"name":"Ispan\u0173 kalbos gramatika"}]},{"@type":"WebSite","@id":"https:\/\/talkpal.ai\/lt\/#website","url":"https:\/\/talkpal.ai\/lt\/","name":"Talkpal","description":"AI Language Learning","publisher":{"@id":"https:\/\/talkpal.ai\/lt\/#organization"},"alternateName":"Talkpal AI","potentialAction":[{"@type":"SearchAction","target":{"@type":"EntryPoint","urlTemplate":"https:\/\/talkpal.ai\/lt\/?s={search_term_string}"},"query-input":{"@type":"PropertyValueSpecification","valueRequired":true,"valueName":"search_term_string"}}],"inLanguage":"lt-LT"},{"@type":"Organization","@id":"https:\/\/talkpal.ai\/lt\/#organization","name":"Talkpal, Inc.","alternateName":"Talkpal AI","url":"https:\/\/talkpal.ai\/lt\/","logo":{"@type":"ImageObject","inLanguage":"lt-LT","@id":"https:\/\/talkpal.ai\/lt\/#\/schema\/logo\/image\/","url":"https:\/\/talkpal.ai\/wp-content\/uploads\/2024\/03\/Talkpal-Logo-Icon.png","contentUrl":"https:\/\/talkpal.ai\/wp-content\/uploads\/2024\/03\/Talkpal-Logo-Icon.png","width":2880,"height":2880,"caption":"Talkpal, Inc."},"image":{"@id":"https:\/\/talkpal.ai\/lt\/#\/schema\/logo\/image\/"},"sameAs":["https:\/\/www.facebook.com\/profile.php?id=100090733639311","https:\/\/x.com\/talkpalai","https:\/\/www.linkedin.com\/company\/talkpal\/","https:\/\/www.youtube.com\/@TalkPal\/","https:\/\/www.tiktok.com\/@talkpal","https:\/\/www.instagram.com\/talkpal_ai\/","https:\/\/www.crunchbase.com\/organization\/talkpal-9cde","https:\/\/www.g2.com\/products\/talkpal-for-business\/","https:\/\/www.trustpilot.com\/review\/talkpal.ai","https:\/\/www.capterra.com\/p\/10006800\/TalkPal\/"],"description":"Talkpal is a language learning web and mobile education app, powered by the latest AI technologies, that provides engaging experiences to its customers in many different languages to help them improve their language skills. Users can chat about unlimited amount of topics with the app and use other modes to practice their language learning.","email":"support@talkpal.ai","legalName":"Talkpal, Inc.","foundingDate":"2023-04-03","duns":"118989042","numberOfEmployees":{"@type":"QuantitativeValue","minValue":"11","maxValue":"50"},"publishingPrinciples":"https:\/\/talkpal.ai\/publishing-principles\/","actionableFeedbackPolicy":"https:\/\/talkpal.ai\/actionable-feedback-policy\/","correctionsPolicy":"https:\/\/talkpal.ai\/corrections-policy\/","ethicsPolicy":"https:\/\/talkpal.ai\/ethics-policy\/","diversityPolicy":"https:\/\/talkpal.ai\/diversity-policy\/","diversityStaffingReport":"https:\/\/talkpal.ai\/diversity-policy\/"}]}},"_links":{"self":[{"href":"https:\/\/talkpal.ai\/lt\/wp-json\/wp\/v2\/pages\/124545","targetHints":{"allow":["GET"]}}],"collection":[{"href":"https:\/\/talkpal.ai\/lt\/wp-json\/wp\/v2\/pages"}],"about":[{"href":"https:\/\/talkpal.ai\/lt\/wp-json\/wp\/v2\/types\/page"}],"author":[{"embeddable":true,"href":"https:\/\/talkpal.ai\/lt\/wp-json\/wp\/v2\/users\/1"}],"replies":[{"embeddable":true,"href":"https:\/\/talkpal.ai\/lt\/wp-json\/wp\/v2\/comments?post=124545"}],"version-history":[{"count":0,"href":"https:\/\/talkpal.ai\/lt\/wp-json\/wp\/v2\/pages\/124545\/revisions"}],"wp:featuredmedia":[{"embeddable":true,"href":"https:\/\/talkpal.ai\/lt\/wp-json\/wp\/v2\/media\/75303"}],"wp:attachment":[{"href":"https:\/\/talkpal.ai\/lt\/wp-json\/wp\/v2\/media?parent=124545"}],"curies":[{"name":"wp","href":"https:\/\/api.w.org\/{rel}","templated":true}]}}