{"id":124254,"date":"2023-03-26T11:45:19","date_gmt":"2023-03-26T11:45:19","guid":{"rendered":"http:\/\/talkpal.ai\/prancuzu-kalbos-gramatika\/"},"modified":"2025-05-22T18:46:47","modified_gmt":"2025-05-22T18:46:47","slug":"prancuzu-kalbos-gramatika","status":"publish","type":"page","link":"https:\/\/talkpal.ai\/lt\/prancuzu-kalbos-gramatika\/","title":{"rendered":"Pranc\u016bz\u0173 kalbos gramatika"},"content":{"rendered":"\r\n\r\n\r\n<section class=\"languageChallengeSection\">\r\n    <div class=\"languageInfoWrapper\">\r\n        \r\n        <h1>Pranc\u016bz\u0173 kalbos gramatika<\/h1>\r\n        <p>\u012esisavindami pagrindines gramatikos taisykles atskleiskite <a href=\"https:\/\/talkpal.ai\/lt\/mokytis-prancuzu-kalbos\/\">pranc\u016bz\u0173 kalbos<\/a> elegancij\u0105. Geras pranc\u016bz\u0173 <a href=\"https:\/\/talkpal.ai\/what-language-is-spoken-on-the-international-space-station\/\">kalbos<\/a> gramatikos supratimas pad\u0117s lengvai bendrauti ir \u012fvertinti pranc\u016bz\u0173 kult\u016bros turtingum\u0105. Prad\u0117kite mokytis pranc\u016bz\u0173 kalbos gramatikos \u0161iandien ir prad\u0117kite kelion\u0119 \u012f laisv\u0105 kalb\u0117jim\u0105!<\/p>\r\n\r\n                            <a class=\"getStartedHidden\" href=\"https:\/\/app.talkpal.ai\/lt\/signup?lng=\">Prad\u0117k<\/a>\r\n        \r\n    <\/div>\r\n\r\n    <figure>\r\n    <img decoding=\"async\" width=\"768\" height=\"768\" src=\"https:\/\/talkpal.ai\/wp-content\/uploads\/2023\/06\/french-768x768.png\" class=\"languageImage no-lazy\" alt=\"Language learning strategies for professionals\" fetchpriority=\"high\" sizes=\"(max-width: 768px) 150px, 768px\" srcset=\"https:\/\/talkpal.ai\/wp-content\/uploads\/2023\/06\/french-768x768.png 768w, https:\/\/talkpal.ai\/wp-content\/uploads\/2023\/06\/french-300x300.png 300w\" \/>\r\n    \r\n\r\n    <\/figure>\r\n\r\n            <a class=\"getStartedVisible\" href=\"https:\/\/app.talkpal.ai\/lt\/signup?lng=\">Prad\u0117k<\/a>\r\n    \r\n<\/section>\r\n        <section class=\"grammarSection\">\r\n            <div class=\"grammarLinks\">\r\n                <a href=\"https:\/\/talkpal.ai\/lt\/language\/budvardziai-prancuzu-kalbos-gramatika\/\">B\u016bdvard\u017eiai <\/a><a href=\"https:\/\/talkpal.ai\/lt\/language\/daiktavardziai-prancuzu-kalbos-gramatika\/\">Daiktavard\u017eiai <\/a><a href=\"https:\/\/talkpal.ai\/lt\/language\/ivardziai-ir-determinantai-prancuzu-kalbos-gramatika\/\">\u012evard\u017eiai ir determinantai <\/a><a href=\"https:\/\/talkpal.ai\/lt\/language\/laikai-orientaciniai-prancuzu-kalbos-gramatika\/\">Laikai orientaciniai <\/a><a href=\"https:\/\/talkpal.ai\/lt\/language\/prielinksniai-prancuzu-kalbos-gramatika\/\">Prielinksniai <\/a><a href=\"https:\/\/talkpal.ai\/lt\/language\/prieveiksmiai-prancuzu-kalbos-gramatika\/\">Prieveiksmiai <\/a><a href=\"https:\/\/talkpal.ai\/lt\/language\/sakinio-struktura-prancuzu-kalbos-gramatika\/\">Sakinio strukt\u016bra <\/a><a href=\"https:\/\/talkpal.ai\/lt\/language\/straipsniai-prancuzu-kalbos-gramatika\/\">Straipsniai <\/a><a href=\"https:\/\/talkpal.ai\/lt\/language\/veiksmazodziai-prancuzu-kalbos-gramatika\/\">Veiksma\u017eod\u017eiai <\/a>            <\/div>\r\n        <\/section>\r\n    <section class=\"promotionalBanner\">\r\n    <p class=\"promotionalText\"><\/p>\r\n    <a class=\"promotionalLink\" href=\"https:\/\/app.talkpal.ai\/lt\/signup?lng=\"><\/a>\r\n<\/section>\n<div class=\"wp-block-group pageContainerStyle\"><div class=\"wp-block-group__inner-container is-layout-constrained wp-block-group-is-layout-constrained\">\n<h2 class=\"wp-block-heading\" id=\"h-a-beginner-s-guide-to-french-grammar\">Pranc\u016bz\u0173 kalbos gramatikos vadovas pradedantiesiems<\/h2>\n\n\n\n<p>Pranc\u016bz\u0173 kalbos <a href=\"https:\/\/talkpal.ai\/lt\/mokymasis\/\">mokymasis<\/a> gali b\u016bti \u012fdomi ir naudinga patirtis. Ta\u010diau pranc\u016bz\u0173 kalbos gramatikos \u012fsisavinimas gali b\u016bti sud\u0117tingas, net ir tiems, kurie moka <a href=\"https:\/\/talkpal.ai\/learn-english-with-ai\/\">angl\u0173<\/a> kalb\u0105. \u0160iame straipsnyje aptarsime kelet\u0105 esmini\u0173 pranc\u016bz\u0173 kalbos gramatikos patarim\u0173, kurie pad\u0117s jums pagerinti kalbos \u012fg\u016bd\u017eius. Susipa\u017ein\u0119 su \u0161iomis taisykl\u0117mis ir reguliariai jas praktikuodami, b\u016bsite pakeliui tapti pranc\u016bz\u0173 kalbos gramatikos ekspertu.<\/p>\n\n\n\n<h3 class=\"wp-block-heading\" id=\"h-1-the-importance-of-gender-in-french-nouns\">1. Lyties svarba pranc\u016bz\u0173 daiktavard\u017eiuose<\/h3>\n\n\n\n<p>Vienas i\u0161 svarbiausi\u0173 pranc\u016bz\u0173 ir angl\u0173 kalb\u0173 gramatikos skirtum\u0173 yra lyties s\u0105voka. Visi pranc\u016bz\u0173 kalbos daiktavard\u017eiai yra vyri\u0161ki arba moteri\u0161ki, o <a href=\"https:\/\/talkpal.ai\/learn-thai\/\">tai<\/a> turi \u012ftakos su jais naudojamiems straipsniams ir b\u016bdvard\u017eiams. Pavyzd\u017eiui, &#8222;le&#8221; ir &#8222;la&#8221; yra vyri\u0161kosios ir moteri\u0161kosios gimin\u0117s daiktavard\u017eiai. <a href=\"https:\/\/talkpal.ai\/locations\/language-courses-in-kai\/\">Kai<\/a> susiduriate su nauju daiktavard\u017eiu, labai svarbu prisiminti jo lyt\u012f, kad i\u0161vengtum\u0117te gramatini\u0173 klaid\u0173.<\/p>\n\n\n\n<h3 class=\"wp-block-heading\" id=\"h-2-mastering-verb-conjugations\">2. Veiksma\u017eod\u017ei\u0173 konjugacij\u0173 \u012fsisavinimas<\/h3>\n\n\n\n<p>Pranc\u016bz\u0173 veiksma\u017eod\u017eiai turi daug konjugacij\u0173, pagr\u012fst\u0173 \u012ftempimu, nuotaika ir dalyko \u012fvard\u017eiais. <a href=\"https:\/\/talkpal.ai\/learn-thai\/\">Tai<\/a> gali atrodyti ne\u012ftik\u0117tina, ta\u010diau yra modeli\u0173 ir spar\u010di\u0173j\u0173 klavi\u0161\u0173, kuriuos galite naudoti nor\u0117dami supaprastinti proces\u0105. Reguliar\u016bs veiksma\u017eod\u017eiai priklauso vienai i\u0161 trij\u0173 grupi\u0173, pagr\u012fst\u0173 j\u0173 begalin\u0117mis gal\u016bn\u0117mis (-er, -ir ir ir -re), ir kiekviena grup\u0117 turi savo konjugacijos taisykli\u0173 rinkin\u012f. I\u0161mok\u0119 \u0161ias taisykles, galite lengvai konjuguoti nema\u017eai pranc\u016bz\u0173 veiksma\u017eod\u017ei\u0173.<\/p>\n\n\n\n<h3 class=\"wp-block-heading\" id=\"h-3-the-partitive-article-du-de-la-and-de-l\">3. Dalelyt\u0117: du, de la ir de l&#8217;<\/h3>\n\n\n\n<p>Kai kalbama apie dal\u012f ar neapibr\u0117\u017et\u0105 kiek\u012f, reikia vartoti dalelyt\u0119. Dalelyt\u0117 kei\u010diasi priklausomai nuo daiktavard\u017eio gimin\u0117s ir nuo to, ar jis prasideda balseliu, ar s\u0105skambiu. Vyri\u0161kosios gimin\u0117s daiktavard\u017eiams ra\u0161ykite &#8222;du&#8221;, moteri\u0161kosios gimin\u0117s daiktavard\u017eiams &#8211; &#8222;de la&#8221;, o daiktavard\u017eiams, prasidedantiems balseliu arba negarsiuoju &#8222;h&#8221;, &#8211; &#8222;de l&#8221;.<\/p>\n\n\n\n<h3 class=\"wp-block-heading\" id=\"h-4-adjective-agreement-and-placement\">4. B\u016bdvardinis susitarimas ir vieta<\/h3>\n\n\n\n<p>Pranc\u016bz\u0173 kalbos gramatikoje b\u016bdvard\u017eiai turi sutikti su daiktavard\u017eiu, kur\u012f jie kei\u010dia lyties ir skai\u010diaus po\u017ei\u016briu. Da\u017enai tai rei\u0161kia, kad prie b\u016bdvard\u017eio reikia prid\u0117ti raid\u0119 &#8222;e&#8221;, kad jis tapt\u0173 moteri\u0161kos gimin\u0117s, ir raid\u0119 &#8222;s&#8221;, kad jis tapt\u0173 daugiskaitinis. Be to, b\u016bdvard\u017eiai paprastai eina po daiktavard\u017eio, kur\u012f jie kei\u010dia, su tam tikromis i\u0161imtimis trumpiems ir \u012fprastiems b\u016bdvard\u017eiams, tokiems kaip &#8222;beau&#8221;, &#8222;vieil&#8221; ir &#8222;grand&#8221;.<\/p>\n\n\n\n<p>Pavyzd\u017eiai:<br\/>&#8211; Un chat noir (Juoda kat\u0117)<br\/>&#8211; Une voiture noire (Juodas automobilis)<br\/>&#8211; Deux chats noirs (Dvi juodos kat\u0117s)<\/p>\n\n\n\n<h3 class=\"wp-block-heading\" id=\"h-5-passe-compose-past-tense-made-easy\">5. &#8222;Passe Compose&#8221; &#8211; &#8222;Past Tense Made Easy<\/h3>\n\n\n\n<p>Nors yra daug b\u016bd\u0173, kaip i\u0161reik\u0161ti praeit\u012f pranc\u016bz\u0173 kalba, pass\u00e8 kompozicija yra viena i\u0161 naudingiausi\u0173 ir lengviausiai i\u0161mokstam\u0173. Norint sudaryti pass\u00e9 compos\u00e9, reikia pagalbinio veiksma\u017eod\u017eio &#8222;avoir&#8221; arba &#8222;\u00eatre&#8221; esamojo laiko, po kurio eina pagrindinio veiksma\u017eod\u017eio praeities dalyvis. Daugumoje veiksma\u017eod\u017ei\u0173 kaip pagalbinis veiksma\u017eodis vartojamas &#8222;avoir&#8221;, o kai kuriuose veiksma\u017eod\u017eiuose, da\u017eniausiai susijusiuose su jud\u0117jimu ir gr\u012f\u017etamaisiais veiksma\u017eod\u017eiais, vartojamas &#8222;\u00eatre&#8221;.<\/p>\n\n\n\n<p>Pavyzdys:<br\/>&#8211; J&#8217;ai mang\u00e9 (valgiau)<br\/>&#8211; Nous sommes all\u00e9s (Mes i\u0161vykome)<\/p>\n\n\n\n<h3 class=\"wp-block-heading\" id=\"h-6-engaging-with-the-language\">6. \u012esitraukimas \u012f kalb\u0105<\/h3>\n\n\n\n<p>Vienas geriausi\u0173 b\u016bd\u0173 pagerinti pranc\u016bz\u0173 kalbos gramatik\u0105 yra reguliariai bendrauti su kalba. Nesvarbu, ar skaitysite pranc\u016bz\u0173 laikra\u0161\u010dius, \u017ei\u016br\u0117site pranc\u016bzi\u0161kus filmus, ar kalb\u0117site su gimtakalbiu, susipa\u017einimas su kalba \u012fvairiomis aplinkyb\u0117mis pad\u0117s geriau suprasti gramatik\u0105 ir prapl\u0117sti \u017eodyn\u0105.<\/p>\n\n\n\n<h3 class=\"wp-block-heading\" id=\"h-conclusion\">I\u0161vada<\/h3>\n\n\n\n<p>Pranc\u016bz\u0173 kalbos gramatikos \u012fvaldymas gali atrodyti bauginantis, ta\u010diau nuosekliai praktikuodami ir atsidav\u0119 galite laisvai kalb\u0117ti \u0161ia gra\u017eia kalba. Sutelkus d\u0117mes\u012f \u012f auk\u0161\u010diau i\u0161d\u0117stytas esmines taisykles ir \u012fsitraukus \u012f kalb\u0105 \u012fvairiuose kontekstuose, j\u016bs\u0173 pranc\u016bz\u0173 kalbos gramatikos \u012fg\u016bd\u017eiai greitai pager\u0117s. Bonne \u0161ansas j\u016bs\u0173 kelion\u0117je \u012f pranc\u016bz\u0173 kalbos gramatikos \u012fsisavinim\u0105!<\/p>\n<\/div><\/div>\n\r\n<section class=\"learnNavigationSection\">\r\n            \r\n        <a href=\"https:\/\/talkpal.ai\/lt\/mokytis-prancuzu-kalbos\/\">\r\n            <div class=\"learnNavigationWrapper\">\r\n                <div class=\"learnNavigationContent\">\r\n                    <img decoding=\"async\" src=\"https:\/\/talkpal.ai\/wp-content\/uploads\/2024\/08\/French.jpg\" alt=\"French Flag\">\r\n                    <div>\r\n                        <h4>Apie pranc\u016bz\u0173 kalbos mokym\u0105si<\/h4>\r\n                        <p>Su\u017einokite visk\u0105 apie pranc\u016bz\u0173 kalbos gramatik\u0105.<\/p>\r\n                    <\/div>\r\n                <\/div>\r\n            <\/div>\r\n        <\/a>\r\n\r\n        \r\n        <a href=\"https:\/\/talkpal.ai\/lt\/prancuzu-kalbos-gramatikos-pratimai\/\">\r\n            <div class=\"learnNavigationWrapper\">\r\n                <div class=\"learnNavigationContent\">\r\n                    <img decoding=\"async\" src=\"https:\/\/talkpal.ai\/wp-content\/uploads\/2024\/08\/French.jpg\" alt=\"French Flag\">\r\n                    <div>\r\n                        <h4>Pranc\u016bz\u0173 kalbos gramatikos pratimai<\/h4>\r\n                        <p>Praktikuokite pranc\u016bz\u0173 kalbos gramatik\u0105.<\/p>\r\n                    <\/div>\r\n                <\/div>\r\n            <\/div>\r\n        <\/a>\r\n\r\n        \r\n        <a href=\"https:\/\/talkpal.ai\/vocabulary_language\/french\/\">\r\n            <div class=\"learnNavigationWrapper\">\r\n                <div class=\"learnNavigationContent\">\r\n                    <img decoding=\"async\" src=\"https:\/\/talkpal.ai\/wp-content\/uploads\/2024\/08\/French.jpg\" alt=\"French Flag\">\r\n                    <div>\r\n                        <h4>Pranc\u016bz\u0173 kalbos \u017eodynas<\/h4>\r\n                        <p>Prapl\u0117skite savo pranc\u016bz\u0173 kalbos \u017eodyn\u0105.<\/p>\r\n                    <\/div>\r\n                <\/div>\r\n            <\/div>\r\n        <\/a>\r\n\r\n            <\/section>","protected":false},"excerpt":{"rendered":"<p>Pranc\u016bz\u0173 kalbos gramatikos vadovas pradedantiesiems Pranc\u016bz\u0173 kalbos mokymasis gali b\u016bti \u012fdomi ir naudinga patirtis. Ta\u010diau pranc\u016bz\u0173 kalbos gramatikos \u012fsisavinimas gali b\u016bti sud\u0117tingas, net ir tiems, kurie moka angl\u0173 kalb\u0105. \u0160iame straipsnyje aptarsime kelet\u0105 esmini\u0173 pranc\u016bz\u0173 kalbos gramatikos patarim\u0173, kurie pad\u0117s jums pagerinti kalbos \u012fg\u016bd\u017eius. Susipa\u017ein\u0119 su \u0161iomis taisykl\u0117mis ir reguliariai jas praktikuodami, b\u016bsite pakeliui tapti [&hellip;]<\/p>\n","protected":false},"author":1,"featured_media":75845,"parent":0,"menu_order":0,"comment_status":"closed","ping_status":"closed","template":"LearningContentPage.php","meta":{"_acf_changed":false,"footnotes":""},"class_list":["post-124254","page","type-page","status-publish","has-post-thumbnail","hentry"],"acf":[],"yoast_head":"<!-- This site is optimized with the Yoast SEO Premium plugin v27.2 (Yoast SEO v27.2) - https:\/\/yoast.com\/product\/yoast-seo-premium-wordpress\/ -->\n<title>Pranc\u016bz\u0173 kalbos gramatika - Talkpal<\/title>\n<meta name=\"description\" content=\"\u012esisavinkite pagrindines pranc\u016bz\u0173 kalbos gramatikos s\u0105vokas - veiksma\u017eod\u017eius, laikus, daiktavard\u017eius, straipsnius, b\u016bdvard\u017eius, \u012fvard\u017eius ir sakinio strukt\u016br\u0105.\" \/>\n<meta name=\"robots\" content=\"index, follow, max-snippet:-1, max-image-preview:large, max-video-preview:-1\" \/>\n<link rel=\"canonical\" href=\"https:\/\/talkpal.ai\/lt\/prancuzu-kalbos-gramatika\/\" \/>\n<meta property=\"og:locale\" content=\"lt_LT\" \/>\n<meta property=\"og:type\" content=\"article\" \/>\n<meta property=\"og:title\" content=\"Pranc\u016bz\u0173 kalbos gramatika\" \/>\n<meta property=\"og:description\" content=\"Pranc\u016bz\u0173 kalbos gramatikos vadovas pradedantiesiems Pranc\u016bz\u0173 kalbos mokymasis gali b\u016bti \u012fdomi ir naudinga patirtis. Ta\u010diau pranc\u016bz\u0173 kalbos gramatikos\" \/>\n<meta property=\"og:url\" content=\"https:\/\/talkpal.ai\/lt\/prancuzu-kalbos-gramatika\/\" \/>\n<meta property=\"og:site_name\" content=\"Talkpal\" \/>\n<meta property=\"article:publisher\" content=\"https:\/\/www.facebook.com\/profile.php?id=100090733639311\" \/>\n<meta property=\"article:modified_time\" content=\"2025-05-22T18:46:47+00:00\" \/>\n<meta property=\"og:image\" content=\"https:\/\/talkpal.ai\/wp-content\/uploads\/2023\/03\/france.png\" \/>\n\t<meta property=\"og:image:width\" content=\"512\" \/>\n\t<meta property=\"og:image:height\" content=\"512\" \/>\n\t<meta property=\"og:image:type\" content=\"image\/png\" \/>\n<meta name=\"twitter:card\" content=\"summary_large_image\" \/>\n<meta name=\"twitter:site\" content=\"@talkpalai\" \/>\n<meta name=\"twitter:label1\" content=\"Est. reading time\" \/>\n\t<meta name=\"twitter:data1\" content=\"3 minut\u0117s\" \/>\n<script type=\"application\/ld+json\" class=\"yoast-schema-graph\">{\"@context\":\"https:\/\/schema.org\",\"@graph\":[{\"@type\":\"WebPage\",\"@id\":\"https:\/\/talkpal.ai\/lt\/prancuzu-kalbos-gramatika\/\",\"url\":\"https:\/\/talkpal.ai\/lt\/prancuzu-kalbos-gramatika\/\",\"name\":\"Pranc\u016bz\u0173 kalbos gramatika - Talkpal\",\"isPartOf\":{\"@id\":\"https:\/\/talkpal.ai\/lt\/#website\"},\"primaryImageOfPage\":{\"@id\":\"https:\/\/talkpal.ai\/lt\/prancuzu-kalbos-gramatika\/#primaryimage\"},\"image\":{\"@id\":\"https:\/\/talkpal.ai\/lt\/prancuzu-kalbos-gramatika\/#primaryimage\"},\"thumbnailUrl\":\"https:\/\/talkpal.ai\/wp-content\/uploads\/2023\/03\/france.png\",\"datePublished\":\"2023-03-26T11:45:19+00:00\",\"dateModified\":\"2025-05-22T18:46:47+00:00\",\"description\":\"\u012esisavinkite pagrindines pranc\u016bz\u0173 kalbos gramatikos s\u0105vokas - veiksma\u017eod\u017eius, laikus, daiktavard\u017eius, straipsnius, b\u016bdvard\u017eius, \u012fvard\u017eius ir sakinio strukt\u016br\u0105.\",\"breadcrumb\":{\"@id\":\"https:\/\/talkpal.ai\/lt\/prancuzu-kalbos-gramatika\/#breadcrumb\"},\"inLanguage\":\"lt-LT\",\"potentialAction\":[{\"@type\":\"ReadAction\",\"target\":[\"https:\/\/talkpal.ai\/lt\/prancuzu-kalbos-gramatika\/\"]}]},{\"@type\":\"ImageObject\",\"inLanguage\":\"lt-LT\",\"@id\":\"https:\/\/talkpal.ai\/lt\/prancuzu-kalbos-gramatika\/#primaryimage\",\"url\":\"https:\/\/talkpal.ai\/wp-content\/uploads\/2023\/03\/france.png\",\"contentUrl\":\"https:\/\/talkpal.ai\/wp-content\/uploads\/2023\/03\/france.png\",\"width\":512,\"height\":512,\"caption\":\"TalkPal AI learn French\"},{\"@type\":\"BreadcrumbList\",\"@id\":\"https:\/\/talkpal.ai\/lt\/prancuzu-kalbos-gramatika\/#breadcrumb\",\"itemListElement\":[{\"@type\":\"ListItem\",\"position\":1,\"name\":\"Homepage\",\"item\":\"https:\/\/talkpal.ai\/lt\/\"},{\"@type\":\"ListItem\",\"position\":2,\"name\":\"Pranc\u016bz\u0173 kalbos gramatika\"}]},{\"@type\":\"WebSite\",\"@id\":\"https:\/\/talkpal.ai\/lt\/#website\",\"url\":\"https:\/\/talkpal.ai\/lt\/\",\"name\":\"Talkpal\",\"description\":\"AI Language Learning\",\"publisher\":{\"@id\":\"https:\/\/talkpal.ai\/lt\/#organization\"},\"alternateName\":\"Talkpal AI\",\"potentialAction\":[{\"@type\":\"SearchAction\",\"target\":{\"@type\":\"EntryPoint\",\"urlTemplate\":\"https:\/\/talkpal.ai\/lt\/?s={search_term_string}\"},\"query-input\":{\"@type\":\"PropertyValueSpecification\",\"valueRequired\":true,\"valueName\":\"search_term_string\"}}],\"inLanguage\":\"lt-LT\"},{\"@type\":\"Organization\",\"@id\":\"https:\/\/talkpal.ai\/lt\/#organization\",\"name\":\"Talkpal, Inc.\",\"alternateName\":\"Talkpal AI\",\"url\":\"https:\/\/talkpal.ai\/lt\/\",\"logo\":{\"@type\":\"ImageObject\",\"inLanguage\":\"lt-LT\",\"@id\":\"https:\/\/talkpal.ai\/lt\/#\/schema\/logo\/image\/\",\"url\":\"https:\/\/talkpal.ai\/wp-content\/uploads\/2024\/03\/Talkpal-Logo-Icon.png\",\"contentUrl\":\"https:\/\/talkpal.ai\/wp-content\/uploads\/2024\/03\/Talkpal-Logo-Icon.png\",\"width\":2880,\"height\":2880,\"caption\":\"Talkpal, Inc.\"},\"image\":{\"@id\":\"https:\/\/talkpal.ai\/lt\/#\/schema\/logo\/image\/\"},\"sameAs\":[\"https:\/\/www.facebook.com\/profile.php?id=100090733639311\",\"https:\/\/x.com\/talkpalai\",\"https:\/\/www.linkedin.com\/company\/talkpal\/\",\"https:\/\/www.youtube.com\/@TalkPal\/\",\"https:\/\/www.tiktok.com\/@talkpal\",\"https:\/\/www.instagram.com\/talkpal_ai\/\",\"https:\/\/www.crunchbase.com\/organization\/talkpal-9cde\",\"https:\/\/www.g2.com\/products\/talkpal-for-business\/\",\"https:\/\/www.trustpilot.com\/review\/talkpal.ai\",\"https:\/\/www.capterra.com\/p\/10006800\/TalkPal\/\"],\"description\":\"Talkpal is a language learning web and mobile education app, powered by the latest AI technologies, that provides engaging experiences to its customers in many different languages to help them improve their language skills. Users can chat about unlimited amount of topics with the app and use other modes to practice their language learning.\",\"email\":\"support@talkpal.ai\",\"legalName\":\"Talkpal, Inc.\",\"foundingDate\":\"2023-04-03\",\"duns\":\"118989042\",\"numberOfEmployees\":{\"@type\":\"QuantitativeValue\",\"minValue\":\"11\",\"maxValue\":\"50\"},\"publishingPrinciples\":\"https:\/\/talkpal.ai\/publishing-principles\/\",\"actionableFeedbackPolicy\":\"https:\/\/talkpal.ai\/actionable-feedback-policy\/\",\"correctionsPolicy\":\"https:\/\/talkpal.ai\/corrections-policy\/\",\"ethicsPolicy\":\"https:\/\/talkpal.ai\/ethics-policy\/\",\"diversityPolicy\":\"https:\/\/talkpal.ai\/diversity-policy\/\",\"diversityStaffingReport\":\"https:\/\/talkpal.ai\/diversity-policy\/\"}]}<\/script>\n<!-- \/ Yoast SEO Premium plugin. -->","yoast_head_json":{"title":"Pranc\u016bz\u0173 kalbos gramatika - Talkpal","description":"\u012esisavinkite pagrindines pranc\u016bz\u0173 kalbos gramatikos s\u0105vokas - veiksma\u017eod\u017eius, laikus, daiktavard\u017eius, straipsnius, b\u016bdvard\u017eius, \u012fvard\u017eius ir sakinio strukt\u016br\u0105.","robots":{"index":"index","follow":"follow","max-snippet":"max-snippet:-1","max-image-preview":"max-image-preview:large","max-video-preview":"max-video-preview:-1"},"canonical":"https:\/\/talkpal.ai\/lt\/prancuzu-kalbos-gramatika\/","og_locale":"lt_LT","og_type":"article","og_title":"Pranc\u016bz\u0173 kalbos gramatika","og_description":"Pranc\u016bz\u0173 kalbos gramatikos vadovas pradedantiesiems Pranc\u016bz\u0173 kalbos mokymasis gali b\u016bti \u012fdomi ir naudinga patirtis. Ta\u010diau pranc\u016bz\u0173 kalbos gramatikos","og_url":"https:\/\/talkpal.ai\/lt\/prancuzu-kalbos-gramatika\/","og_site_name":"Talkpal","article_publisher":"https:\/\/www.facebook.com\/profile.php?id=100090733639311","article_modified_time":"2025-05-22T18:46:47+00:00","og_image":[{"width":512,"height":512,"url":"https:\/\/talkpal.ai\/wp-content\/uploads\/2023\/03\/france.png","type":"image\/png"}],"twitter_card":"summary_large_image","twitter_site":"@talkpalai","twitter_misc":{"Est. reading time":"3 minut\u0117s"},"schema":{"@context":"https:\/\/schema.org","@graph":[{"@type":"WebPage","@id":"https:\/\/talkpal.ai\/lt\/prancuzu-kalbos-gramatika\/","url":"https:\/\/talkpal.ai\/lt\/prancuzu-kalbos-gramatika\/","name":"Pranc\u016bz\u0173 kalbos gramatika - Talkpal","isPartOf":{"@id":"https:\/\/talkpal.ai\/lt\/#website"},"primaryImageOfPage":{"@id":"https:\/\/talkpal.ai\/lt\/prancuzu-kalbos-gramatika\/#primaryimage"},"image":{"@id":"https:\/\/talkpal.ai\/lt\/prancuzu-kalbos-gramatika\/#primaryimage"},"thumbnailUrl":"https:\/\/talkpal.ai\/wp-content\/uploads\/2023\/03\/france.png","datePublished":"2023-03-26T11:45:19+00:00","dateModified":"2025-05-22T18:46:47+00:00","description":"\u012esisavinkite pagrindines pranc\u016bz\u0173 kalbos gramatikos s\u0105vokas - veiksma\u017eod\u017eius, laikus, daiktavard\u017eius, straipsnius, b\u016bdvard\u017eius, \u012fvard\u017eius ir sakinio strukt\u016br\u0105.","breadcrumb":{"@id":"https:\/\/talkpal.ai\/lt\/prancuzu-kalbos-gramatika\/#breadcrumb"},"inLanguage":"lt-LT","potentialAction":[{"@type":"ReadAction","target":["https:\/\/talkpal.ai\/lt\/prancuzu-kalbos-gramatika\/"]}]},{"@type":"ImageObject","inLanguage":"lt-LT","@id":"https:\/\/talkpal.ai\/lt\/prancuzu-kalbos-gramatika\/#primaryimage","url":"https:\/\/talkpal.ai\/wp-content\/uploads\/2023\/03\/france.png","contentUrl":"https:\/\/talkpal.ai\/wp-content\/uploads\/2023\/03\/france.png","width":512,"height":512,"caption":"TalkPal AI learn French"},{"@type":"BreadcrumbList","@id":"https:\/\/talkpal.ai\/lt\/prancuzu-kalbos-gramatika\/#breadcrumb","itemListElement":[{"@type":"ListItem","position":1,"name":"Homepage","item":"https:\/\/talkpal.ai\/lt\/"},{"@type":"ListItem","position":2,"name":"Pranc\u016bz\u0173 kalbos gramatika"}]},{"@type":"WebSite","@id":"https:\/\/talkpal.ai\/lt\/#website","url":"https:\/\/talkpal.ai\/lt\/","name":"Talkpal","description":"AI Language Learning","publisher":{"@id":"https:\/\/talkpal.ai\/lt\/#organization"},"alternateName":"Talkpal AI","potentialAction":[{"@type":"SearchAction","target":{"@type":"EntryPoint","urlTemplate":"https:\/\/talkpal.ai\/lt\/?s={search_term_string}"},"query-input":{"@type":"PropertyValueSpecification","valueRequired":true,"valueName":"search_term_string"}}],"inLanguage":"lt-LT"},{"@type":"Organization","@id":"https:\/\/talkpal.ai\/lt\/#organization","name":"Talkpal, Inc.","alternateName":"Talkpal AI","url":"https:\/\/talkpal.ai\/lt\/","logo":{"@type":"ImageObject","inLanguage":"lt-LT","@id":"https:\/\/talkpal.ai\/lt\/#\/schema\/logo\/image\/","url":"https:\/\/talkpal.ai\/wp-content\/uploads\/2024\/03\/Talkpal-Logo-Icon.png","contentUrl":"https:\/\/talkpal.ai\/wp-content\/uploads\/2024\/03\/Talkpal-Logo-Icon.png","width":2880,"height":2880,"caption":"Talkpal, Inc."},"image":{"@id":"https:\/\/talkpal.ai\/lt\/#\/schema\/logo\/image\/"},"sameAs":["https:\/\/www.facebook.com\/profile.php?id=100090733639311","https:\/\/x.com\/talkpalai","https:\/\/www.linkedin.com\/company\/talkpal\/","https:\/\/www.youtube.com\/@TalkPal\/","https:\/\/www.tiktok.com\/@talkpal","https:\/\/www.instagram.com\/talkpal_ai\/","https:\/\/www.crunchbase.com\/organization\/talkpal-9cde","https:\/\/www.g2.com\/products\/talkpal-for-business\/","https:\/\/www.trustpilot.com\/review\/talkpal.ai","https:\/\/www.capterra.com\/p\/10006800\/TalkPal\/"],"description":"Talkpal is a language learning web and mobile education app, powered by the latest AI technologies, that provides engaging experiences to its customers in many different languages to help them improve their language skills. Users can chat about unlimited amount of topics with the app and use other modes to practice their language learning.","email":"support@talkpal.ai","legalName":"Talkpal, Inc.","foundingDate":"2023-04-03","duns":"118989042","numberOfEmployees":{"@type":"QuantitativeValue","minValue":"11","maxValue":"50"},"publishingPrinciples":"https:\/\/talkpal.ai\/publishing-principles\/","actionableFeedbackPolicy":"https:\/\/talkpal.ai\/actionable-feedback-policy\/","correctionsPolicy":"https:\/\/talkpal.ai\/corrections-policy\/","ethicsPolicy":"https:\/\/talkpal.ai\/ethics-policy\/","diversityPolicy":"https:\/\/talkpal.ai\/diversity-policy\/","diversityStaffingReport":"https:\/\/talkpal.ai\/diversity-policy\/"}]}},"_links":{"self":[{"href":"https:\/\/talkpal.ai\/lt\/wp-json\/wp\/v2\/pages\/124254","targetHints":{"allow":["GET"]}}],"collection":[{"href":"https:\/\/talkpal.ai\/lt\/wp-json\/wp\/v2\/pages"}],"about":[{"href":"https:\/\/talkpal.ai\/lt\/wp-json\/wp\/v2\/types\/page"}],"author":[{"embeddable":true,"href":"https:\/\/talkpal.ai\/lt\/wp-json\/wp\/v2\/users\/1"}],"replies":[{"embeddable":true,"href":"https:\/\/talkpal.ai\/lt\/wp-json\/wp\/v2\/comments?post=124254"}],"version-history":[{"count":0,"href":"https:\/\/talkpal.ai\/lt\/wp-json\/wp\/v2\/pages\/124254\/revisions"}],"wp:featuredmedia":[{"embeddable":true,"href":"https:\/\/talkpal.ai\/lt\/wp-json\/wp\/v2\/media\/75845"}],"wp:attachment":[{"href":"https:\/\/talkpal.ai\/lt\/wp-json\/wp\/v2\/media?parent=124254"}],"curies":[{"name":"wp","href":"https:\/\/api.w.org\/{rel}","templated":true}]}}