{"id":124070,"date":"2023-03-26T11:40:15","date_gmt":"2023-03-26T11:40:15","guid":{"rendered":"http:\/\/talkpal.ai\/vokieciu-kalbos-gramatika\/"},"modified":"2025-05-22T19:22:21","modified_gmt":"2025-05-22T19:22:21","slug":"vokieciu-kalbos-gramatika","status":"publish","type":"page","link":"https:\/\/talkpal.ai\/lt\/vokieciu-kalbos-gramatika\/","title":{"rendered":"Vokie\u010di\u0173 kalbos gramatika"},"content":{"rendered":"\r\n\r\n\r\n<section class=\"languageChallengeSection\">\r\n    <div class=\"languageInfoWrapper\">\r\n        \r\n        <h1>Vokie\u010di\u0173 kalbos gramatika<\/h1>\r\n        <p>Atskleiskite <a href=\"https:\/\/talkpal.ai\/lt\/mokytis-vokieciu-kalbos\/\">vokie\u010di\u0173 kalbos<\/a> strukt\u016br\u0105 \u012fvald\u0119 pagrindines gramatikos taisykles. Suprasdami <a href=\"https:\/\/talkpal.ai\/lt\/mokytis-vokieciu-kalbos\/\">vokie\u010di\u0173 kalbos<\/a> gramatik\u0105 gal\u0117site u\u017etikrintai bendrauti ir visapusi\u0161kai \u012fvertinti voki\u0161kai kalban\u010di\u0173 \u0161ali\u0173 kult\u016br\u0173 turtingum\u0105. Prad\u0117kite mokytis vokie\u010di\u0173 <a href=\"https:\/\/talkpal.ai\/what-language-is-spoken-on-the-international-space-station\/\">kalbos<\/a> gramatikos \u0161iandien ir \u017eenkite pirm\u0105j\u012f \u017eingsn\u012f \u012f laisv\u0105 kalb\u0117jim\u0105!\n\n<\/p>\r\n\r\n                            <a class=\"getStartedHidden\" href=\"https:\/\/app.talkpal.ai\/lt\/signup?lng=\">Prad\u0117k<\/a>\r\n        \r\n    <\/div>\r\n\r\n    <figure>\r\n    <img decoding=\"async\" width=\"768\" height=\"768\" src=\"https:\/\/talkpal.ai\/wp-content\/uploads\/2023\/06\/german-768x768.png\" class=\"languageImage no-lazy\" alt=\"Language learning for global networking\" fetchpriority=\"high\" sizes=\"(max-width: 768px) 150px, 768px\" srcset=\"https:\/\/talkpal.ai\/wp-content\/uploads\/2023\/06\/german-768x768.png 768w, https:\/\/talkpal.ai\/wp-content\/uploads\/2023\/06\/german-300x300.png 300w\" \/>\r\n    \r\n\r\n    <\/figure>\r\n\r\n            <a class=\"getStartedVisible\" href=\"https:\/\/app.talkpal.ai\/lt\/signup?lng=\">Prad\u0117k<\/a>\r\n    \r\n<\/section>\r\n        <section class=\"grammarSection\">\r\n            <div class=\"grammarLinks\">\r\n                <a href=\"https:\/\/talkpal.ai\/lt\/language\/budvardziai-vokieciu-kalbos-gramatika\/\">B\u016bdvard\u017eiai <\/a><a href=\"https:\/\/talkpal.ai\/lt\/language\/daiktavardziai-ir-straipsniai-vokieciu-kalbos-gramatika\/\">Daiktavard\u017eiai ir straipsniai <\/a><a href=\"https:\/\/talkpal.ai\/lt\/language\/declension-vokieciu-kalbos-gramatika\/\">Declension <\/a><a href=\"https:\/\/talkpal.ai\/lt\/language\/ivardziai-vokieciu-kalbos-gramatika\/\">\u012evard\u017eiai <\/a><a href=\"https:\/\/talkpal.ai\/lt\/language\/laikai-vokieciu-kalbos-gramatika\/\">Laikai <\/a><a href=\"https:\/\/talkpal.ai\/lt\/language\/prielinksniai-vokieciu-kalbos-gramatika\/\">Prielinksniai <\/a><a href=\"https:\/\/talkpal.ai\/lt\/language\/prieveiksmiai-vokieciu-kalbos-gramatika\/\">Prieveiksmiai <\/a><a href=\"https:\/\/talkpal.ai\/lt\/language\/sakinio-struktura-vokieciu-kalbos-gramatika\/\">Sakinio strukt\u016bra <\/a><a href=\"https:\/\/talkpal.ai\/lt\/language\/veiksmazodziai-vokieciu-kalbos-gramatika\/\">Veiksma\u017eod\u017eiai <\/a>            <\/div>\r\n        <\/section>\r\n    <section class=\"promotionalBanner\">\r\n    <p class=\"promotionalText\">Efektyviausias b\u016bdas mokytis kalbos<\/p>\r\n    <a class=\"promotionalLink\" href=\"https:\/\/app.talkpal.ai\/lt\/signup?lng=\">I\u0161bandykite Talkpal &#8221; nemokamai<\/a>\r\n<\/section>\n<div class=\"wp-block-group pageContainerStyle\"><div class=\"wp-block-group__inner-container is-layout-constrained wp-block-group-is-layout-constrained\">\n<h2 class=\"wp-block-heading\" id=\"h-unraveling-the-intricacies-of-german-grammar\">Vokie\u010di\u0173 kalbos gramatikos subtilybi\u0173 atskleidimas<\/h2>\n\n\n\n<p><a href=\"https:\/\/talkpal.ai\/lt\/lengvas-ir-greitas-vokieciu-kalbos-mokymasis-kiekvienam-pradedanciajam\/\">Vokie\u010di\u0173 kalbos mokymasis<\/a> gali b\u016bti \u012fdomi ir naudinga pastanga. Gal\u0117site ne tik kalb\u0117ti su daugiau nei 130 milijon\u0173 \u017emoni\u0173 visame pasaulyje, bet ir susipa\u017einti su gausybe literat\u016bros, muzikos ir kult\u016bros istorijos \u0161altini\u0173. Kaip ir bet kuriai kalbai, vokie\u010di\u0173 kalbos \u012fvaldymas reikalauja atsidavimo ir kantryb\u0117s , ypa\u010d <a href=\"https:\/\/talkpal.ai\/locations\/language-courses-in-kai\/\">kai<\/a> kalbama apie jos gramatik\u0105. Geros naujienos yra <a href=\"https:\/\/talkpal.ai\/learn-thai\/\">tai<\/a>, kad daugelis vokie\u010di\u0173 kalbos gramatikos aspekt\u0173 yra gana pana\u0161\u016bs \u012f <a href=\"https:\/\/talkpal.ai\/learn-english-with-ai\/\">angl\u0173<\/a> kalbos gramatik\u0105, tod\u0117l anglakalbiams lengviau apvynioti galv\u0105. \u0160iame straipsnyje ap\u017evelgsime kai kurias pagrindines vokie\u010di\u0173 kalbos gramatikos ypatybes, pateiksime nauding\u0173 patarim\u0173 ir gudrybi\u0173, pad\u0117sian\u010di\u0173 \u012fvaldyti \u0161i\u0105 gra\u017ei\u0105 ir sud\u0117ting\u0105 kalb\u0105.<\/p>\n\n\n\n<h3 class=\"wp-block-heading\" id=\"h-1-nouns-and-articles-get-your-cases-right\">1. Daiktavard\u017eiai ir straipsniai \u2013 susitvarkykite savo bylas!<\/h3>\n\n\n\n<p>Viena i\u0161 pirm\u0173j\u0173 kli\u016b\u010di\u0173 anglakalbiams <a href=\"https:\/\/talkpal.ai\/lt\/lengviausias-budas-mokytis-vokieciu-kalbos-greitai-ir-efektyviai\/\">mokytis vokie\u010di\u0173 kalbos<\/a> yra keturi\u0173 atvej\u0173 supratimas: nominacinis, akustinis, dative ir genitive. Kiekvienas atvejis signalizuoja apie skirting\u0105 daiktavard\u017eio funkcij\u0105 sakinyje, pvz., Objekt\u0105, tiesiogin\u012f objekt\u0105 ar netiesiogin\u012f objekt\u0105. Be to, vokie\u010di\u0173 kalba turi tris gramatines lytis (vyri\u0161k\u0105, moteri\u0161k\u0105 ir neuterin\u0119), o kiekvienos lyties straipsniai kei\u010diasi priklausomai nuo atvejo. Skamba painiai? Nesijaudinkite! Geriau susipa\u017ein\u0119 su vokie\u010di\u0173 kalba, prad\u0117site atpa\u017einti d\u0117sningumus ir numatyti, koki\u0105 raid\u0119 ir gimin\u0119 reikia vartoti.<\/p>\n\n\n\n<p>Patarimas: Sudarykite konkre\u010di\u0173 straipsni\u0173 (der, die, das) ir neapibr\u0117\u017et\u0173 straipsni\u0173 (ein, eine, ein) diagram\u0105 kiekvienai ly\u010diai ir atvejui. Pirmiausia \u012fsiminkite juos, nes jie bus j\u016bs\u0173 pagrindas suprasti vokie\u010di\u0173 sakini\u0173 strukt\u016br\u0105.<\/p>\n\n\n\n<h3 class=\"wp-block-heading\" id=\"h-2-verbs-conjugate-and-dominate\">2. Veiksma\u017eod\u017eiai \u2013 Konjuguoti ir dominuoti!<\/h3>\n\n\n\n<p>Vokie\u010di\u0173 kalboje veiksma\u017eod\u017eiai yra b\u016btini ne tik veiksmui i\u0161reik\u0161ti, bet ir \u012ftampai bei nuotaikai nurodyti. Kaip ir angl\u0173 kalba, vokie\u010di\u0173 veiksma\u017eod\u017eiai turi b\u016bti konjuguoti, kad atitikt\u0173 sakinio tem\u0105. Ta\u010diau yra keletas pagrindini\u0173 skirtum\u0173, \u012fskaitant reguliari\u0173 (silpn\u0173) ir netaisykling\u0173 (stipri\u0173) veiksma\u017eod\u017ei\u0173 naudojim\u0105, taip pat pagalbini\u0173 veiksma\u017eod\u017ei\u0173 naudojim\u0105 tam tikriems laikams. Gera \u017einia ta, kad kai kurie vokie\u010di\u0173 kalbos veiksma\u017eod\u017ei\u0173 linksniavimo aspektai yra paprastesni nei angl\u0173 kalbos, pavyzd\u017eiui, nereikalaujama vartoti &#8222;do&#8221; klausimams ar neiginiams.<\/p>\n\n\n\n<p>Patarimas: Prad\u0117kite \u012fsisavindami \u012fprast\u0105 veiksma\u017eod\u017ei\u0173 konjugacij\u0105, o tada spr\u0119skite da\u017eniausiai pasitaikan\u010dius netaisyklingus veiksma\u017eod\u017eius. Pasipraktikuokite vartoti padedamuosius veiksma\u017eod\u017eius su b\u016btuoju ir b\u016bsimuoju laiku ir netrukus gal\u0117site kurti sud\u0117tingesnius sakinius.<\/p>\n\n\n\n<h3 class=\"wp-block-heading\" id=\"h-3-adjectives-show-your-agreement\">3. B\u016bdvard\u017eiai \u2013 parodykite savo sutikim\u0105!<\/h3>\n\n\n\n<p>Naudojant b\u016bdvard\u017eius daiktavard\u017eiams apib\u016bdinti vokie\u010di\u0173 kalboje, labai svarbu suprasti b\u016bdvard\u017ei\u0173 darybos susitarim\u0105. Tai rei\u0161kia, kad b\u016bdvard\u017eiai turi atitikti daiktavard\u017eio gimin\u0119 ir gal\u016bn\u0119. Kai kuriais atvejais reikia prid\u0117ti b\u016bdvard\u017eio gal\u016bn\u0119, atsi\u017evelgiant \u012f daiktavard\u017eio gal\u016bn\u0119 ir gal\u016bn\u0119.<\/p>\n\n\n\n<p>Patarimas: naudokite ankstesn\u0119 straipsni\u0173 diagram\u0105, kad lengviau prisimintum\u0117te tinkamas b\u016bdvard\u017ei\u0173 pabaigas. Praktikuodami b\u016bdvard\u017ei\u0173 naudojim\u0105 sakiniuose, atkreipkite d\u0117mes\u012f \u012f pabaigos modelius ir kaip jie susij\u0119 su daiktavard\u017eio lytimi ir atveju.<\/p>\n\n\n\n<h3 class=\"wp-block-heading\" id=\"h-4-word-order-embrace-the-flexibility\">4. \u017dod\u017ei\u0173 tvarka \u2013 pasinaudokite lankstumu!<\/h3>\n\n\n\n<p>Vienas i\u0161 daugelio vokie\u010di\u0173 kalbos gramatikos d\u017eiaugsm\u0173 yra lanksti \u017eod\u017ei\u0173 tvarka. Skirtingai nuo angl\u0173 kalbos, kuri paprastai laikosi grie\u017eto dalyko-veiksma\u017eod\u017eio-objekto modelio, vokie\u010di\u0173 sakiniai gali skirtis savo strukt\u016bra. Svarbiausia suprasti veiksma\u017eod\u017eio, kuris paprastai yra antroje vietoje pagrindiniame sakinyje ir paskutin\u0117je &#8211; pavald\u017eiajame sakinyje, pad\u0117ties svarb\u0105.<\/p>\n\n\n\n<p>Patarimas: Nor\u0117dami patogiai naudotis skirtingais \u017eod\u017ei\u0173 tvarkos modeliais, pabandykite i\u0161versti paprastus angli\u0161kus sakinius \u012f vokie\u010di\u0173 kalb\u0105, tada pertvarkykite sakin\u012f, i\u0161laikydami veiksma\u017eod\u012f tinkamoje vietoje. Tai pad\u0117s jums geriau i\u0161mokti kurti niuansuotus ir i\u0161rai\u0161kingus sakinius vokie\u010di\u0173 kalba.<\/p>\n\n\n\n<h3 class=\"wp-block-heading\" id=\"h-5-prepositions-think-in-german\">5. Prielinksniai \u2013 m\u0105styk voki\u0161kai!<\/h3>\n\n\n\n<p>Be abejo, sud\u0117tingiausia vokie\u010di\u0173 kalbos gramatikos mokymosi dalis yra prielinksni\u0173 \u012fsisavinimas. Nors angl\u0173 kalboje prieveiksmiai vartojami ir atlieka pana\u0161i\u0105 funkcij\u0105, j\u0173 vartojimas vokie\u010di\u0173 kalboje yra kitoks ir da\u017enai reikia &#8222;m\u0105styti voki\u0161kai&#8221;, kad pasirinktum\u0117te tinkam\u0105 prieveiksm\u012f. Pavyzd\u017eiui, angli\u0161kas prieveiksmis &#8222;in&#8221;, priklausomai nuo konteksto, vokie\u010di\u0173 kalboje gali b\u016bti ver\u010diamas &#8222;in&#8221;, &#8222;an&#8221; arba &#8222;auf&#8221;.<\/p>\n\n\n\n<p>Patarimas: Sukurkite korteles su \u012fprastomis prielinksn\u0117mis ir j\u0173 angli\u0161kais atitikmenimis. Praktikuokite juos naudoti sakiniuose ir sutelkti d\u0117mes\u012f \u012f konkre\u010dius kontekstus, kuriuose naudojamas kiekvienas prielinksnis.<\/p>\n\n\n\n<h3 class=\"wp-block-heading\" id=\"h-conclusion\">I\u0161vada:<\/h3>\n\n\n\n<p>Vokie\u010di\u0173 kalbos gramatika i\u0161 prad\u017ei\u0173 gali atrodyti bauginanti, ta\u010diau, pasi\u0161vent\u0119 praktikai, kantriai dirbdami ir sutelk\u0119 d\u0117mes\u012f \u012f pagrindini\u0173 taisykli\u0173 ir schem\u0173 supratim\u0105, netrukus lengvai sukursite sud\u0117tingus sakinius. Suprasdami vokie\u010di\u0173 kalbos gramatikos subtilybes, anglakalbiai ne tik pagerins savo kalbos \u012fg\u016bd\u017eius, bet ir i\u0161siugdys naujai atrast\u0105 \u0161ios gra\u017eios ir sud\u0117tingos kalbos vertinim\u0105. Now, auf geht&#8217;s! Laikas pasinerti \u012f vokie\u010di\u0173 kalbos gramatikos pasaul\u012f ir atskleisti vis\u0105 savo kalb\u0173 mokymosi potencial\u0105.<\/p>\n<\/div><\/div>\n\r\n<section class=\"learnNavigationSection\">\r\n            \r\n        <a href=\"https:\/\/talkpal.ai\/lt\/mokytis-vokieciu-kalbos\/\">\r\n            <div class=\"learnNavigationWrapper\">\r\n                <div class=\"learnNavigationContent\">\r\n                    <img decoding=\"async\" src=\"https:\/\/talkpal.ai\/wp-content\/uploads\/2024\/08\/German.jpg\" alt=\"German Flag\">\r\n                    <div>\r\n                        <h4>Apie vokie\u010di\u0173 kalbos mokym\u0105si<\/h4>\r\n                        <p>Su\u017einokite visk\u0105 apie vokie\u010di\u0173 kalbos gramatik\u0105.<\/p>\r\n                    <\/div>\r\n                <\/div>\r\n            <\/div>\r\n        <\/a>\r\n\r\n        \r\n        <a href=\"https:\/\/talkpal.ai\/lt\/vokieciu-kalbos-gramatikos-pratimai\/\">\r\n            <div class=\"learnNavigationWrapper\">\r\n                <div class=\"learnNavigationContent\">\r\n                    <img decoding=\"async\" src=\"https:\/\/talkpal.ai\/wp-content\/uploads\/2024\/08\/German.jpg\" alt=\"German Flag\">\r\n                    <div>\r\n                        <h4>Vokie\u010di\u0173 kalbos gramatikos pratybos<\/h4>\r\n                        <p>Praktikuokite vokie\u010di\u0173 kalbos gramatik\u0105.<\/p>\r\n                    <\/div>\r\n                <\/div>\r\n            <\/div>\r\n        <\/a>\r\n\r\n        \r\n        <a href=\"https:\/\/talkpal.ai\/vocabulary_language\/german\/\">\r\n            <div class=\"learnNavigationWrapper\">\r\n                <div class=\"learnNavigationContent\">\r\n                    <img decoding=\"async\" src=\"https:\/\/talkpal.ai\/wp-content\/uploads\/2024\/08\/German.jpg\" alt=\"German Flag\">\r\n                    <div>\r\n                        <h4>Vokie\u010di\u0173 kalbos \u017eodynas<\/h4>\r\n                        <p>Prapl\u0117skite savo vokie\u010di\u0173 kalbos \u017eodyn\u0105.<\/p>\r\n                    <\/div>\r\n                <\/div>\r\n            <\/div>\r\n        <\/a>\r\n\r\n            <\/section>","protected":false},"excerpt":{"rendered":"<p>Vokie\u010di\u0173 kalbos gramatikos subtilybi\u0173 atskleidimas Vokie\u010di\u0173 kalbos mokymasis gali b\u016bti \u012fdomi ir naudinga pastanga. Gal\u0117site ne tik kalb\u0117ti su daugiau nei 130 milijon\u0173 \u017emoni\u0173 visame pasaulyje, bet ir susipa\u017einti su gausybe literat\u016bros, muzikos ir kult\u016bros istorijos \u0161altini\u0173. Kaip ir bet kuriai kalbai, vokie\u010di\u0173 kalbos \u012fvaldymas reikalauja atsidavimo ir kantryb\u0117s , ypa\u010d kai kalbama apie jos [&hellip;]<\/p>\n","protected":false},"author":1,"featured_media":75540,"parent":0,"menu_order":0,"comment_status":"closed","ping_status":"closed","template":"LearningContentPage.php","meta":{"_acf_changed":false,"footnotes":""},"class_list":["post-124070","page","type-page","status-publish","has-post-thumbnail","hentry"],"acf":[],"yoast_head":"<!-- This site is optimized with the Yoast SEO Premium plugin v27.2 (Yoast SEO v27.2) - https:\/\/yoast.com\/product\/yoast-seo-premium-wordpress\/ -->\n<title>Vokie\u010di\u0173 kalbos gramatika - Talkpal<\/title>\n<meta name=\"description\" content=\"Lengvai i\u0161mokite vokie\u010di\u0173 kalbos gramatikos - supraskite pagrindines taisykles, praktikuokite sakini\u0173 sudarym\u0105 ir ai\u0161kiai kalb\u0117kite su Talkpaldirbtinio intelekto pagalba.\" \/>\n<meta name=\"robots\" content=\"index, follow, max-snippet:-1, max-image-preview:large, max-video-preview:-1\" \/>\n<link rel=\"canonical\" href=\"https:\/\/talkpal.ai\/lt\/vokieciu-kalbos-gramatika\/\" \/>\n<meta property=\"og:locale\" content=\"lt_LT\" \/>\n<meta property=\"og:type\" content=\"article\" \/>\n<meta property=\"og:title\" content=\"Vokie\u010di\u0173 kalbos gramatika\" \/>\n<meta property=\"og:description\" content=\"Vokie\u010di\u0173 kalbos gramatikos subtilybi\u0173 atskleidimas Vokie\u010di\u0173 kalbos mokymasis gali b\u016bti \u012fdomi ir naudinga pastanga. Gal\u0117site ne tik kalb\u0117ti su daugiau nei\" \/>\n<meta property=\"og:url\" content=\"https:\/\/talkpal.ai\/lt\/vokieciu-kalbos-gramatika\/\" \/>\n<meta property=\"og:site_name\" content=\"Talkpal\" \/>\n<meta property=\"article:publisher\" content=\"https:\/\/www.facebook.com\/profile.php?id=100090733639311\" \/>\n<meta property=\"article:modified_time\" content=\"2025-05-22T19:22:21+00:00\" \/>\n<meta property=\"og:image\" content=\"https:\/\/talkpal.ai\/wp-content\/uploads\/2023\/03\/germany.png\" \/>\n\t<meta property=\"og:image:width\" content=\"512\" \/>\n\t<meta property=\"og:image:height\" content=\"512\" \/>\n\t<meta property=\"og:image:type\" content=\"image\/png\" \/>\n<meta name=\"twitter:card\" content=\"summary_large_image\" \/>\n<meta name=\"twitter:site\" content=\"@talkpalai\" \/>\n<meta name=\"twitter:label1\" content=\"Est. reading time\" \/>\n\t<meta name=\"twitter:data1\" content=\"4 minut\u0117s\" \/>\n<script type=\"application\/ld+json\" class=\"yoast-schema-graph\">{\"@context\":\"https:\/\/schema.org\",\"@graph\":[{\"@type\":\"WebPage\",\"@id\":\"https:\/\/talkpal.ai\/lt\/vokieciu-kalbos-gramatika\/\",\"url\":\"https:\/\/talkpal.ai\/lt\/vokieciu-kalbos-gramatika\/\",\"name\":\"Vokie\u010di\u0173 kalbos gramatika - Talkpal\",\"isPartOf\":{\"@id\":\"https:\/\/talkpal.ai\/lt\/#website\"},\"primaryImageOfPage\":{\"@id\":\"https:\/\/talkpal.ai\/lt\/vokieciu-kalbos-gramatika\/#primaryimage\"},\"image\":{\"@id\":\"https:\/\/talkpal.ai\/lt\/vokieciu-kalbos-gramatika\/#primaryimage\"},\"thumbnailUrl\":\"https:\/\/talkpal.ai\/wp-content\/uploads\/2023\/03\/germany.png\",\"datePublished\":\"2023-03-26T11:40:15+00:00\",\"dateModified\":\"2025-05-22T19:22:21+00:00\",\"description\":\"Lengvai i\u0161mokite vokie\u010di\u0173 kalbos gramatikos - supraskite pagrindines taisykles, praktikuokite sakini\u0173 sudarym\u0105 ir ai\u0161kiai kalb\u0117kite su Talkpaldirbtinio intelekto pagalba.\",\"breadcrumb\":{\"@id\":\"https:\/\/talkpal.ai\/lt\/vokieciu-kalbos-gramatika\/#breadcrumb\"},\"inLanguage\":\"lt-LT\",\"potentialAction\":[{\"@type\":\"ReadAction\",\"target\":[\"https:\/\/talkpal.ai\/lt\/vokieciu-kalbos-gramatika\/\"]}]},{\"@type\":\"ImageObject\",\"inLanguage\":\"lt-LT\",\"@id\":\"https:\/\/talkpal.ai\/lt\/vokieciu-kalbos-gramatika\/#primaryimage\",\"url\":\"https:\/\/talkpal.ai\/wp-content\/uploads\/2023\/03\/germany.png\",\"contentUrl\":\"https:\/\/talkpal.ai\/wp-content\/uploads\/2023\/03\/germany.png\",\"width\":512,\"height\":512,\"caption\":\"TalkPal AI learn German\"},{\"@type\":\"BreadcrumbList\",\"@id\":\"https:\/\/talkpal.ai\/lt\/vokieciu-kalbos-gramatika\/#breadcrumb\",\"itemListElement\":[{\"@type\":\"ListItem\",\"position\":1,\"name\":\"Homepage\",\"item\":\"https:\/\/talkpal.ai\/lt\/\"},{\"@type\":\"ListItem\",\"position\":2,\"name\":\"Vokie\u010di\u0173 kalbos gramatika\"}]},{\"@type\":\"WebSite\",\"@id\":\"https:\/\/talkpal.ai\/lt\/#website\",\"url\":\"https:\/\/talkpal.ai\/lt\/\",\"name\":\"Talkpal\",\"description\":\"AI Language Learning\",\"publisher\":{\"@id\":\"https:\/\/talkpal.ai\/lt\/#organization\"},\"alternateName\":\"Talkpal AI\",\"potentialAction\":[{\"@type\":\"SearchAction\",\"target\":{\"@type\":\"EntryPoint\",\"urlTemplate\":\"https:\/\/talkpal.ai\/lt\/?s={search_term_string}\"},\"query-input\":{\"@type\":\"PropertyValueSpecification\",\"valueRequired\":true,\"valueName\":\"search_term_string\"}}],\"inLanguage\":\"lt-LT\"},{\"@type\":\"Organization\",\"@id\":\"https:\/\/talkpal.ai\/lt\/#organization\",\"name\":\"Talkpal, Inc.\",\"alternateName\":\"Talkpal AI\",\"url\":\"https:\/\/talkpal.ai\/lt\/\",\"logo\":{\"@type\":\"ImageObject\",\"inLanguage\":\"lt-LT\",\"@id\":\"https:\/\/talkpal.ai\/lt\/#\/schema\/logo\/image\/\",\"url\":\"https:\/\/talkpal.ai\/wp-content\/uploads\/2024\/03\/Talkpal-Logo-Icon.png\",\"contentUrl\":\"https:\/\/talkpal.ai\/wp-content\/uploads\/2024\/03\/Talkpal-Logo-Icon.png\",\"width\":2880,\"height\":2880,\"caption\":\"Talkpal, Inc.\"},\"image\":{\"@id\":\"https:\/\/talkpal.ai\/lt\/#\/schema\/logo\/image\/\"},\"sameAs\":[\"https:\/\/www.facebook.com\/profile.php?id=100090733639311\",\"https:\/\/x.com\/talkpalai\",\"https:\/\/www.linkedin.com\/company\/talkpal\/\",\"https:\/\/www.youtube.com\/@TalkPal\/\",\"https:\/\/www.tiktok.com\/@talkpal\",\"https:\/\/www.instagram.com\/talkpal_ai\/\",\"https:\/\/www.crunchbase.com\/organization\/talkpal-9cde\",\"https:\/\/www.g2.com\/products\/talkpal-for-business\/\",\"https:\/\/www.trustpilot.com\/review\/talkpal.ai\",\"https:\/\/www.capterra.com\/p\/10006800\/TalkPal\/\"],\"description\":\"Talkpal is a language learning web and mobile education app, powered by the latest AI technologies, that provides engaging experiences to its customers in many different languages to help them improve their language skills. Users can chat about unlimited amount of topics with the app and use other modes to practice their language learning.\",\"email\":\"support@talkpal.ai\",\"legalName\":\"Talkpal, Inc.\",\"foundingDate\":\"2023-04-03\",\"duns\":\"118989042\",\"numberOfEmployees\":{\"@type\":\"QuantitativeValue\",\"minValue\":\"11\",\"maxValue\":\"50\"},\"publishingPrinciples\":\"https:\/\/talkpal.ai\/publishing-principles\/\",\"actionableFeedbackPolicy\":\"https:\/\/talkpal.ai\/actionable-feedback-policy\/\",\"correctionsPolicy\":\"https:\/\/talkpal.ai\/corrections-policy\/\",\"ethicsPolicy\":\"https:\/\/talkpal.ai\/ethics-policy\/\",\"diversityPolicy\":\"https:\/\/talkpal.ai\/diversity-policy\/\",\"diversityStaffingReport\":\"https:\/\/talkpal.ai\/diversity-policy\/\"}]}<\/script>\n<!-- \/ Yoast SEO Premium plugin. -->","yoast_head_json":{"title":"Vokie\u010di\u0173 kalbos gramatika - Talkpal","description":"Lengvai i\u0161mokite vokie\u010di\u0173 kalbos gramatikos - supraskite pagrindines taisykles, praktikuokite sakini\u0173 sudarym\u0105 ir ai\u0161kiai kalb\u0117kite su Talkpaldirbtinio intelekto pagalba.","robots":{"index":"index","follow":"follow","max-snippet":"max-snippet:-1","max-image-preview":"max-image-preview:large","max-video-preview":"max-video-preview:-1"},"canonical":"https:\/\/talkpal.ai\/lt\/vokieciu-kalbos-gramatika\/","og_locale":"lt_LT","og_type":"article","og_title":"Vokie\u010di\u0173 kalbos gramatika","og_description":"Vokie\u010di\u0173 kalbos gramatikos subtilybi\u0173 atskleidimas Vokie\u010di\u0173 kalbos mokymasis gali b\u016bti \u012fdomi ir naudinga pastanga. Gal\u0117site ne tik kalb\u0117ti su daugiau nei","og_url":"https:\/\/talkpal.ai\/lt\/vokieciu-kalbos-gramatika\/","og_site_name":"Talkpal","article_publisher":"https:\/\/www.facebook.com\/profile.php?id=100090733639311","article_modified_time":"2025-05-22T19:22:21+00:00","og_image":[{"width":512,"height":512,"url":"https:\/\/talkpal.ai\/wp-content\/uploads\/2023\/03\/germany.png","type":"image\/png"}],"twitter_card":"summary_large_image","twitter_site":"@talkpalai","twitter_misc":{"Est. reading time":"4 minut\u0117s"},"schema":{"@context":"https:\/\/schema.org","@graph":[{"@type":"WebPage","@id":"https:\/\/talkpal.ai\/lt\/vokieciu-kalbos-gramatika\/","url":"https:\/\/talkpal.ai\/lt\/vokieciu-kalbos-gramatika\/","name":"Vokie\u010di\u0173 kalbos gramatika - Talkpal","isPartOf":{"@id":"https:\/\/talkpal.ai\/lt\/#website"},"primaryImageOfPage":{"@id":"https:\/\/talkpal.ai\/lt\/vokieciu-kalbos-gramatika\/#primaryimage"},"image":{"@id":"https:\/\/talkpal.ai\/lt\/vokieciu-kalbos-gramatika\/#primaryimage"},"thumbnailUrl":"https:\/\/talkpal.ai\/wp-content\/uploads\/2023\/03\/germany.png","datePublished":"2023-03-26T11:40:15+00:00","dateModified":"2025-05-22T19:22:21+00:00","description":"Lengvai i\u0161mokite vokie\u010di\u0173 kalbos gramatikos - supraskite pagrindines taisykles, praktikuokite sakini\u0173 sudarym\u0105 ir ai\u0161kiai kalb\u0117kite su Talkpaldirbtinio intelekto pagalba.","breadcrumb":{"@id":"https:\/\/talkpal.ai\/lt\/vokieciu-kalbos-gramatika\/#breadcrumb"},"inLanguage":"lt-LT","potentialAction":[{"@type":"ReadAction","target":["https:\/\/talkpal.ai\/lt\/vokieciu-kalbos-gramatika\/"]}]},{"@type":"ImageObject","inLanguage":"lt-LT","@id":"https:\/\/talkpal.ai\/lt\/vokieciu-kalbos-gramatika\/#primaryimage","url":"https:\/\/talkpal.ai\/wp-content\/uploads\/2023\/03\/germany.png","contentUrl":"https:\/\/talkpal.ai\/wp-content\/uploads\/2023\/03\/germany.png","width":512,"height":512,"caption":"TalkPal AI learn German"},{"@type":"BreadcrumbList","@id":"https:\/\/talkpal.ai\/lt\/vokieciu-kalbos-gramatika\/#breadcrumb","itemListElement":[{"@type":"ListItem","position":1,"name":"Homepage","item":"https:\/\/talkpal.ai\/lt\/"},{"@type":"ListItem","position":2,"name":"Vokie\u010di\u0173 kalbos gramatika"}]},{"@type":"WebSite","@id":"https:\/\/talkpal.ai\/lt\/#website","url":"https:\/\/talkpal.ai\/lt\/","name":"Talkpal","description":"AI Language Learning","publisher":{"@id":"https:\/\/talkpal.ai\/lt\/#organization"},"alternateName":"Talkpal AI","potentialAction":[{"@type":"SearchAction","target":{"@type":"EntryPoint","urlTemplate":"https:\/\/talkpal.ai\/lt\/?s={search_term_string}"},"query-input":{"@type":"PropertyValueSpecification","valueRequired":true,"valueName":"search_term_string"}}],"inLanguage":"lt-LT"},{"@type":"Organization","@id":"https:\/\/talkpal.ai\/lt\/#organization","name":"Talkpal, Inc.","alternateName":"Talkpal AI","url":"https:\/\/talkpal.ai\/lt\/","logo":{"@type":"ImageObject","inLanguage":"lt-LT","@id":"https:\/\/talkpal.ai\/lt\/#\/schema\/logo\/image\/","url":"https:\/\/talkpal.ai\/wp-content\/uploads\/2024\/03\/Talkpal-Logo-Icon.png","contentUrl":"https:\/\/talkpal.ai\/wp-content\/uploads\/2024\/03\/Talkpal-Logo-Icon.png","width":2880,"height":2880,"caption":"Talkpal, Inc."},"image":{"@id":"https:\/\/talkpal.ai\/lt\/#\/schema\/logo\/image\/"},"sameAs":["https:\/\/www.facebook.com\/profile.php?id=100090733639311","https:\/\/x.com\/talkpalai","https:\/\/www.linkedin.com\/company\/talkpal\/","https:\/\/www.youtube.com\/@TalkPal\/","https:\/\/www.tiktok.com\/@talkpal","https:\/\/www.instagram.com\/talkpal_ai\/","https:\/\/www.crunchbase.com\/organization\/talkpal-9cde","https:\/\/www.g2.com\/products\/talkpal-for-business\/","https:\/\/www.trustpilot.com\/review\/talkpal.ai","https:\/\/www.capterra.com\/p\/10006800\/TalkPal\/"],"description":"Talkpal is a language learning web and mobile education app, powered by the latest AI technologies, that provides engaging experiences to its customers in many different languages to help them improve their language skills. Users can chat about unlimited amount of topics with the app and use other modes to practice their language learning.","email":"support@talkpal.ai","legalName":"Talkpal, Inc.","foundingDate":"2023-04-03","duns":"118989042","numberOfEmployees":{"@type":"QuantitativeValue","minValue":"11","maxValue":"50"},"publishingPrinciples":"https:\/\/talkpal.ai\/publishing-principles\/","actionableFeedbackPolicy":"https:\/\/talkpal.ai\/actionable-feedback-policy\/","correctionsPolicy":"https:\/\/talkpal.ai\/corrections-policy\/","ethicsPolicy":"https:\/\/talkpal.ai\/ethics-policy\/","diversityPolicy":"https:\/\/talkpal.ai\/diversity-policy\/","diversityStaffingReport":"https:\/\/talkpal.ai\/diversity-policy\/"}]}},"_links":{"self":[{"href":"https:\/\/talkpal.ai\/lt\/wp-json\/wp\/v2\/pages\/124070","targetHints":{"allow":["GET"]}}],"collection":[{"href":"https:\/\/talkpal.ai\/lt\/wp-json\/wp\/v2\/pages"}],"about":[{"href":"https:\/\/talkpal.ai\/lt\/wp-json\/wp\/v2\/types\/page"}],"author":[{"embeddable":true,"href":"https:\/\/talkpal.ai\/lt\/wp-json\/wp\/v2\/users\/1"}],"replies":[{"embeddable":true,"href":"https:\/\/talkpal.ai\/lt\/wp-json\/wp\/v2\/comments?post=124070"}],"version-history":[{"count":0,"href":"https:\/\/talkpal.ai\/lt\/wp-json\/wp\/v2\/pages\/124070\/revisions"}],"wp:featuredmedia":[{"embeddable":true,"href":"https:\/\/talkpal.ai\/lt\/wp-json\/wp\/v2\/media\/75540"}],"wp:attachment":[{"href":"https:\/\/talkpal.ai\/lt\/wp-json\/wp\/v2\/media?parent=124070"}],"curies":[{"name":"wp","href":"https:\/\/api.w.org\/{rel}","templated":true}]}}