{"id":1439625,"date":"2024-09-09T15:04:24","date_gmt":"2024-09-09T15:04:24","guid":{"rendered":"https:\/\/talkpal.ai\/%d9%86%d8%b1%d8%ae-%d8%af%d8%a7%d9%86%d8%a7%d9%86\/"},"modified":"2025-11-25T06:42:09","modified_gmt":"2025-11-25T06:42:09","slug":"%d9%86%d8%b1%d8%ae-%d8%af%d8%a7%d9%86%d8%a7%d9%86","status":"publish","type":"page","link":"https:\/\/talkpal.ai\/ku\/%d9%86%d8%b1%d8%ae-%d8%af%d8%a7%d9%86%d8%a7%d9%86\/","title":{"rendered":"Nirxandin"},"content":{"rendered":"","protected":false},"excerpt":{"rendered":"","protected":false},"author":10,"featured_media":1439614,"parent":0,"menu_order":0,"comment_status":"closed","ping_status":"closed","template":"pricing.php","meta":{"_acf_changed":false,"footnotes":""},"class_list":["post-1439625","page","type-page","status-publish","has-post-thumbnail","hentry"],"acf":[],"yoast_head":"<!-- This site is optimized with the Yoast SEO Premium plugin v27.2 (Yoast SEO v27.2) - https:\/\/yoast.com\/product\/yoast-seo-premium-wordpress\/ -->\n<title>Nirxandin - Talkpal<\/title>\n<meta name=\"description\" content=\"Vebijark\u00ean bihay\u00ean me y\u00ean berfireh bigerin. Plana ku li gor\u00ee te ye hilbij\u00eare \u00fb ji f\u00earb\u00fbna kesane b\u00eay\u00ee reklam\u00ea k\u00eaf\u00ea werbigire.\" \/>\n<meta name=\"robots\" content=\"index, follow, max-snippet:-1, max-image-preview:large, max-video-preview:-1\" \/>\n<link rel=\"canonical\" href=\"https:\/\/talkpal.ai\/ku\/%d9%86%d8%b1%d8%ae-%d8%af%d8%a7%d9%86%d8%a7%d9%86\/\" \/>\n<meta property=\"og:locale\" content=\"en_US\" \/>\n<meta property=\"og:type\" content=\"article\" \/>\n<meta property=\"og:title\" content=\"Nirxandin\" \/>\n<meta property=\"og:url\" content=\"https:\/\/talkpal.ai\/ku\/%d9%86%d8%b1%d8%ae-%d8%af%d8%a7%d9%86%d8%a7%d9%86\/\" \/>\n<meta property=\"og:site_name\" content=\"Talkpal\" \/>\n<meta property=\"article:publisher\" content=\"https:\/\/www.facebook.com\/profile.php?id=100090733639311\" \/>\n<meta property=\"article:modified_time\" content=\"2025-11-25T06:42:09+00:00\" \/>\n<meta property=\"og:image\" content=\"https:\/\/talkpal.ai\/wp-content\/uploads\/2024\/03\/Talkpal-Logo-Icon.png\" \/>\n\t<meta property=\"og:image:width\" content=\"2880\" \/>\n\t<meta property=\"og:image:height\" content=\"2880\" \/>\n\t<meta property=\"og:image:type\" content=\"image\/png\" \/>\n<meta name=\"twitter:card\" content=\"summary_large_image\" \/>\n<meta name=\"twitter:site\" content=\"@talkpalai\" \/>\n<script type=\"application\/ld+json\" class=\"yoast-schema-graph\">{\"@context\":\"https:\/\/schema.org\",\"@graph\":[{\"@type\":\"WebPage\",\"@id\":\"https:\/\/talkpal.ai\/ku\/%d9%86%d8%b1%d8%ae-%d8%af%d8%a7%d9%86%d8%a7%d9%86\/\",\"url\":\"https:\/\/talkpal.ai\/ku\/%d9%86%d8%b1%d8%ae-%d8%af%d8%a7%d9%86%d8%a7%d9%86\/\",\"name\":\"Nirxandin - Talkpal\",\"isPartOf\":{\"@id\":\"https:\/\/talkpal.ai\/ku\/#website\"},\"primaryImageOfPage\":{\"@id\":\"https:\/\/talkpal.ai\/ku\/%d9%86%d8%b1%d8%ae-%d8%af%d8%a7%d9%86%d8%a7%d9%86\/#primaryimage\"},\"image\":{\"@id\":\"https:\/\/talkpal.ai\/ku\/%d9%86%d8%b1%d8%ae-%d8%af%d8%a7%d9%86%d8%a7%d9%86\/#primaryimage\"},\"thumbnailUrl\":\"https:\/\/talkpal.ai\/wp-content\/uploads\/2024\/03\/Talkpal-Logo-Icon.png\",\"datePublished\":\"2024-09-09T15:04:24+00:00\",\"dateModified\":\"2025-11-25T06:42:09+00:00\",\"description\":\"Vebijark\u00ean bihay\u00ean me y\u00ean berfireh bigerin. Plana ku li gor\u00ee te ye hilbij\u00eare \u00fb ji f\u00earb\u00fbna kesane b\u00eay\u00ee reklam\u00ea k\u00eaf\u00ea werbigire.\",\"breadcrumb\":{\"@id\":\"https:\/\/talkpal.ai\/ku\/%d9%86%d8%b1%d8%ae-%d8%af%d8%a7%d9%86%d8%a7%d9%86\/#breadcrumb\"},\"inLanguage\":\"ckb\",\"potentialAction\":[{\"@type\":\"ReadAction\",\"target\":[\"https:\/\/talkpal.ai\/ku\/%d9%86%d8%b1%d8%ae-%d8%af%d8%a7%d9%86%d8%a7%d9%86\/\"]}]},{\"@type\":\"ImageObject\",\"inLanguage\":\"ckb\",\"@id\":\"https:\/\/talkpal.ai\/ku\/%d9%86%d8%b1%d8%ae-%d8%af%d8%a7%d9%86%d8%a7%d9%86\/#primaryimage\",\"url\":\"https:\/\/talkpal.ai\/wp-content\/uploads\/2024\/03\/Talkpal-Logo-Icon.png\",\"contentUrl\":\"https:\/\/talkpal.ai\/wp-content\/uploads\/2024\/03\/Talkpal-Logo-Icon.png\",\"width\":2880,\"height\":2880,\"caption\":\"talkpal logo\"},{\"@type\":\"BreadcrumbList\",\"@id\":\"https:\/\/talkpal.ai\/ku\/%d9%86%d8%b1%d8%ae-%d8%af%d8%a7%d9%86%d8%a7%d9%86\/#breadcrumb\",\"itemListElement\":[{\"@type\":\"ListItem\",\"position\":1,\"name\":\"Homepage\",\"item\":\"https:\/\/talkpal.ai\/ku\/\"},{\"@type\":\"ListItem\",\"position\":2,\"name\":\"Nirxandin\"}]},{\"@type\":\"WebSite\",\"@id\":\"https:\/\/talkpal.ai\/ku\/#website\",\"url\":\"https:\/\/talkpal.ai\/ku\/\",\"name\":\"Talkpal\",\"description\":\"AI Language Learning\",\"publisher\":{\"@id\":\"https:\/\/talkpal.ai\/ku\/#organization\"},\"alternateName\":\"Talkpal AI\",\"potentialAction\":[{\"@type\":\"SearchAction\",\"target\":{\"@type\":\"EntryPoint\",\"urlTemplate\":\"https:\/\/talkpal.ai\/ku\/?s={search_term_string}\"},\"query-input\":{\"@type\":\"PropertyValueSpecification\",\"valueRequired\":true,\"valueName\":\"search_term_string\"}}],\"inLanguage\":\"ckb\"},{\"@type\":\"Organization\",\"@id\":\"https:\/\/talkpal.ai\/ku\/#organization\",\"name\":\"Talkpal, Inc.\",\"alternateName\":\"Talkpal AI\",\"url\":\"https:\/\/talkpal.ai\/ku\/\",\"logo\":{\"@type\":\"ImageObject\",\"inLanguage\":\"ckb\",\"@id\":\"https:\/\/talkpal.ai\/ku\/#\/schema\/logo\/image\/\",\"url\":\"https:\/\/talkpal.ai\/wp-content\/uploads\/2024\/03\/Talkpal-Logo-Icon.png\",\"contentUrl\":\"https:\/\/talkpal.ai\/wp-content\/uploads\/2024\/03\/Talkpal-Logo-Icon.png\",\"width\":2880,\"height\":2880,\"caption\":\"Talkpal, Inc.\"},\"image\":{\"@id\":\"https:\/\/talkpal.ai\/ku\/#\/schema\/logo\/image\/\"},\"sameAs\":[\"https:\/\/www.facebook.com\/profile.php?id=100090733639311\",\"https:\/\/x.com\/talkpalai\",\"https:\/\/www.linkedin.com\/company\/talkpal\/\",\"https:\/\/www.youtube.com\/@TalkPal\/\",\"https:\/\/www.tiktok.com\/@talkpal\",\"https:\/\/www.instagram.com\/talkpal_ai\/\",\"https:\/\/www.crunchbase.com\/organization\/talkpal-9cde\",\"https:\/\/www.g2.com\/products\/talkpal-for-business\/\",\"https:\/\/www.trustpilot.com\/review\/talkpal.ai\",\"https:\/\/www.capterra.com\/p\/10006800\/TalkPal\/\"],\"description\":\"Talkpal is a language learning web and mobile education app, powered by the latest AI technologies, that provides engaging experiences to its customers in many different languages to help them improve their language skills. Users can chat about unlimited amount of topics with the app and use other modes to practice their language learning.\",\"email\":\"support@talkpal.ai\",\"legalName\":\"Talkpal, Inc.\",\"foundingDate\":\"2023-04-03\",\"duns\":\"118989042\",\"numberOfEmployees\":{\"@type\":\"QuantitativeValue\",\"minValue\":\"11\",\"maxValue\":\"50\"},\"publishingPrinciples\":\"https:\/\/talkpal.ai\/publishing-principles\/\",\"actionableFeedbackPolicy\":\"https:\/\/talkpal.ai\/actionable-feedback-policy\/\",\"correctionsPolicy\":\"https:\/\/talkpal.ai\/corrections-policy\/\",\"ethicsPolicy\":\"https:\/\/talkpal.ai\/ethics-policy\/\",\"diversityPolicy\":\"https:\/\/talkpal.ai\/diversity-policy\/\",\"diversityStaffingReport\":\"https:\/\/talkpal.ai\/diversity-policy\/\"}]}<\/script>\n<!-- \/ Yoast SEO Premium plugin. -->","yoast_head_json":{"title":"Nirxandin - Talkpal","description":"Vebijark\u00ean bihay\u00ean me y\u00ean berfireh bigerin. Plana ku li gor\u00ee te ye hilbij\u00eare \u00fb ji f\u00earb\u00fbna kesane b\u00eay\u00ee reklam\u00ea k\u00eaf\u00ea werbigire.","robots":{"index":"index","follow":"follow","max-snippet":"max-snippet:-1","max-image-preview":"max-image-preview:large","max-video-preview":"max-video-preview:-1"},"canonical":"https:\/\/talkpal.ai\/ku\/%d9%86%d8%b1%d8%ae-%d8%af%d8%a7%d9%86%d8%a7%d9%86\/","og_locale":"en_US","og_type":"article","og_title":"Nirxandin","og_url":"https:\/\/talkpal.ai\/ku\/%d9%86%d8%b1%d8%ae-%d8%af%d8%a7%d9%86%d8%a7%d9%86\/","og_site_name":"Talkpal","article_publisher":"https:\/\/www.facebook.com\/profile.php?id=100090733639311","article_modified_time":"2025-11-25T06:42:09+00:00","og_image":[{"width":2880,"height":2880,"url":"https:\/\/talkpal.ai\/wp-content\/uploads\/2024\/03\/Talkpal-Logo-Icon.png","type":"image\/png"}],"twitter_card":"summary_large_image","twitter_site":"@talkpalai","schema":{"@context":"https:\/\/schema.org","@graph":[{"@type":"WebPage","@id":"https:\/\/talkpal.ai\/ku\/%d9%86%d8%b1%d8%ae-%d8%af%d8%a7%d9%86%d8%a7%d9%86\/","url":"https:\/\/talkpal.ai\/ku\/%d9%86%d8%b1%d8%ae-%d8%af%d8%a7%d9%86%d8%a7%d9%86\/","name":"Nirxandin - Talkpal","isPartOf":{"@id":"https:\/\/talkpal.ai\/ku\/#website"},"primaryImageOfPage":{"@id":"https:\/\/talkpal.ai\/ku\/%d9%86%d8%b1%d8%ae-%d8%af%d8%a7%d9%86%d8%a7%d9%86\/#primaryimage"},"image":{"@id":"https:\/\/talkpal.ai\/ku\/%d9%86%d8%b1%d8%ae-%d8%af%d8%a7%d9%86%d8%a7%d9%86\/#primaryimage"},"thumbnailUrl":"https:\/\/talkpal.ai\/wp-content\/uploads\/2024\/03\/Talkpal-Logo-Icon.png","datePublished":"2024-09-09T15:04:24+00:00","dateModified":"2025-11-25T06:42:09+00:00","description":"Vebijark\u00ean bihay\u00ean me y\u00ean berfireh bigerin. Plana ku li gor\u00ee te ye hilbij\u00eare \u00fb ji f\u00earb\u00fbna kesane b\u00eay\u00ee reklam\u00ea k\u00eaf\u00ea werbigire.","breadcrumb":{"@id":"https:\/\/talkpal.ai\/ku\/%d9%86%d8%b1%d8%ae-%d8%af%d8%a7%d9%86%d8%a7%d9%86\/#breadcrumb"},"inLanguage":"ckb","potentialAction":[{"@type":"ReadAction","target":["https:\/\/talkpal.ai\/ku\/%d9%86%d8%b1%d8%ae-%d8%af%d8%a7%d9%86%d8%a7%d9%86\/"]}]},{"@type":"ImageObject","inLanguage":"ckb","@id":"https:\/\/talkpal.ai\/ku\/%d9%86%d8%b1%d8%ae-%d8%af%d8%a7%d9%86%d8%a7%d9%86\/#primaryimage","url":"https:\/\/talkpal.ai\/wp-content\/uploads\/2024\/03\/Talkpal-Logo-Icon.png","contentUrl":"https:\/\/talkpal.ai\/wp-content\/uploads\/2024\/03\/Talkpal-Logo-Icon.png","width":2880,"height":2880,"caption":"talkpal logo"},{"@type":"BreadcrumbList","@id":"https:\/\/talkpal.ai\/ku\/%d9%86%d8%b1%d8%ae-%d8%af%d8%a7%d9%86%d8%a7%d9%86\/#breadcrumb","itemListElement":[{"@type":"ListItem","position":1,"name":"Homepage","item":"https:\/\/talkpal.ai\/ku\/"},{"@type":"ListItem","position":2,"name":"Nirxandin"}]},{"@type":"WebSite","@id":"https:\/\/talkpal.ai\/ku\/#website","url":"https:\/\/talkpal.ai\/ku\/","name":"Talkpal","description":"AI Language Learning","publisher":{"@id":"https:\/\/talkpal.ai\/ku\/#organization"},"alternateName":"Talkpal AI","potentialAction":[{"@type":"SearchAction","target":{"@type":"EntryPoint","urlTemplate":"https:\/\/talkpal.ai\/ku\/?s={search_term_string}"},"query-input":{"@type":"PropertyValueSpecification","valueRequired":true,"valueName":"search_term_string"}}],"inLanguage":"ckb"},{"@type":"Organization","@id":"https:\/\/talkpal.ai\/ku\/#organization","name":"Talkpal, Inc.","alternateName":"Talkpal AI","url":"https:\/\/talkpal.ai\/ku\/","logo":{"@type":"ImageObject","inLanguage":"ckb","@id":"https:\/\/talkpal.ai\/ku\/#\/schema\/logo\/image\/","url":"https:\/\/talkpal.ai\/wp-content\/uploads\/2024\/03\/Talkpal-Logo-Icon.png","contentUrl":"https:\/\/talkpal.ai\/wp-content\/uploads\/2024\/03\/Talkpal-Logo-Icon.png","width":2880,"height":2880,"caption":"Talkpal, Inc."},"image":{"@id":"https:\/\/talkpal.ai\/ku\/#\/schema\/logo\/image\/"},"sameAs":["https:\/\/www.facebook.com\/profile.php?id=100090733639311","https:\/\/x.com\/talkpalai","https:\/\/www.linkedin.com\/company\/talkpal\/","https:\/\/www.youtube.com\/@TalkPal\/","https:\/\/www.tiktok.com\/@talkpal","https:\/\/www.instagram.com\/talkpal_ai\/","https:\/\/www.crunchbase.com\/organization\/talkpal-9cde","https:\/\/www.g2.com\/products\/talkpal-for-business\/","https:\/\/www.trustpilot.com\/review\/talkpal.ai","https:\/\/www.capterra.com\/p\/10006800\/TalkPal\/"],"description":"Talkpal is a language learning web and mobile education app, powered by the latest AI technologies, that provides engaging experiences to its customers in many different languages to help them improve their language skills. Users can chat about unlimited amount of topics with the app and use other modes to practice their language learning.","email":"support@talkpal.ai","legalName":"Talkpal, Inc.","foundingDate":"2023-04-03","duns":"118989042","numberOfEmployees":{"@type":"QuantitativeValue","minValue":"11","maxValue":"50"},"publishingPrinciples":"https:\/\/talkpal.ai\/publishing-principles\/","actionableFeedbackPolicy":"https:\/\/talkpal.ai\/actionable-feedback-policy\/","correctionsPolicy":"https:\/\/talkpal.ai\/corrections-policy\/","ethicsPolicy":"https:\/\/talkpal.ai\/ethics-policy\/","diversityPolicy":"https:\/\/talkpal.ai\/diversity-policy\/","diversityStaffingReport":"https:\/\/talkpal.ai\/diversity-policy\/"}]}},"_links":{"self":[{"href":"https:\/\/talkpal.ai\/ku\/wp-json\/wp\/v2\/pages\/1439625","targetHints":{"allow":["GET"]}}],"collection":[{"href":"https:\/\/talkpal.ai\/ku\/wp-json\/wp\/v2\/pages"}],"about":[{"href":"https:\/\/talkpal.ai\/ku\/wp-json\/wp\/v2\/types\/page"}],"author":[{"embeddable":true,"href":"https:\/\/talkpal.ai\/ku\/wp-json\/wp\/v2\/users\/10"}],"replies":[{"embeddable":true,"href":"https:\/\/talkpal.ai\/ku\/wp-json\/wp\/v2\/comments?post=1439625"}],"version-history":[{"count":0,"href":"https:\/\/talkpal.ai\/ku\/wp-json\/wp\/v2\/pages\/1439625\/revisions"}],"wp:featuredmedia":[{"embeddable":true,"href":"https:\/\/talkpal.ai\/ku\/wp-json\/wp\/v2\/media\/1439614"}],"wp:attachment":[{"href":"https:\/\/talkpal.ai\/ku\/wp-json\/wp\/v2\/media?parent=1439625"}],"curies":[{"name":"wp","href":"https:\/\/api.w.org\/{rel}","templated":true}]}}