{"id":89789,"date":"2023-12-05T11:40:43","date_gmt":"2023-12-05T11:40:43","guid":{"rendered":"http:\/\/talkpal.ai\/%eb%8f%85%ec%9d%bc%ec%96%b4-%ec%9d%b8%ec%a6%9d%ec%84%9c\/"},"modified":"2026-01-07T15:05:35","modified_gmt":"2026-01-07T15:05:35","slug":"%eb%8f%85%ec%9d%bc%ec%96%b4-%ec%9d%b8%ec%a6%9d%ec%84%9c","status":"publish","type":"page","link":"https:\/\/talkpal.ai\/ko\/%eb%8f%85%ec%9d%bc%ec%96%b4-%ec%9d%b8%ec%a6%9d%ec%84%9c\/","title":{"rendered":"\ub3c5\uc77c\uc5b4 \uc778\uc99d\uc11c"},"content":{"rendered":"\r\n\r\n\r\n<section class=\"languageChallengeSection\">\r\n    <div class=\"languageInfoWrapper\">\r\n        \r\n        <h1>\ub3c5\uc77c\uc5b4 \uc778\uc99d\uc11c<\/h1>\r\n        <p>Talkpal \uc740 \uc0ac\uc6a9\uc790\uac00 \uc774\ub7ec\ud55c \uc601\uc5b4 \uc2dc\ud5d8\uc744 \uc900\ube44\ud558\ub294 \ub370 \ub3c4\uc6c0\uc774 \ub418\ub294 AI \uc0dd\uc131 \uc5b8\uc5b4 \ud559\uc2b5 \uc571\uc785\ub2c8\ub2e4. \ub9d0\ud558\uae30 \ubc0f \ub4e3\uae30 \ub2a5\ub825 \ud5a5\uc0c1\uc5d0 \uc911\uc810\uc744 \ub454 Talkpal \uc740 \uc0ac\uc2e4\uc801\uc778 \ub300\ud654\ud615 \ub300\ud654\uc640 \ubc1c\uc74c \uc5f0\uc2b5\uc744 \uc81c\uacf5\ud569\ub2c8\ub2e4. AI \ud2b9\uc131\uc73c\ub85c \uc778\ud574 \uac1c\uc778\ud654\ub41c \ud53c\ub4dc\ubc31\uc774 \uac00\ub2a5\ud558\uc5ec \uc0ac\uc6a9\uc790\uac00 \uc9c4\ud589 \uc0c1\ud669\uacfc \uac1c\uc120\ud574\uc57c \ud560 \uc601\uc5ed\uc744 \uc774\ud574\ud558\ub294 \ub370 \ub3c4\uc6c0\uc774 \ub429\ub2c8\ub2e4. \ub3c5\uc77c\uc5b4 \ub2a5\ub825\uc740 TestDaF, Goethe-Zertifikat, DSH, \u00d6SD, telc\uc640 \uac19\uc740 \uc5ec\ub7ec \uc2dc\ud5d8\uc744 \ud1b5\ud574 \ud3c9\uac00\ub418\ub294 \uacbd\uc6b0\uac00 \ub9ce\uc2b5\ub2c8\ub2e4. \uc774 \uc2dc\ud5d8\uc740 \ub3c5\uc77c\uc5b4\uac00 \ubaa8\uad6d\uc5b4\uac00 \uc544\ub2cc \uc0ac\ub78c\uc758 \ub2a5\ub825\uc744 \ud3c9\uac00\ud558\uba70 \uacf5\uc2dd \ub2a5\ub825 \uc778\uc99d\uc11c\ub85c \ub110\ub9ac \uc778\uc815\ub429\ub2c8\ub2e4. \uac01 \uc2dc\ud5d8\uc5d0\ub294 \uc5b8\uc5b4 \ub2a5\ub825 \uc218\uc900, \uc751\uc6a9 \ud504\ub85c\uadf8\ub7a8 \uc0ac\uc6a9 \ubc0f \ucc44\uc810 \uc2dc\uc2a4\ud15c \uce21\uba74\uc5d0\uc11c \ub2e4\ub978 \uc2dc\ud5d8\uacfc \uad6c\ubcc4\ub418\ub294 \ud2b9\uc815 \ud2b9\uc131\uc774 \uc788\uc2b5\ub2c8\ub2e4.<\/p>\r\n\r\n                \r\n    <\/div>\r\n\r\n    <figure>\r\n    <img decoding=\"async\" width=\"768\" height=\"768\" src=\"https:\/\/talkpal.ai\/wp-content\/uploads\/2026\/01\/group-with-phone-in-circle-768x768.webp\" class=\"languageImage no-lazy\" alt=\"Default alt text\" fetchpriority=\"high\" sizes=\"(max-width: 768px) 150px, 768px\" srcset=\"https:\/\/talkpal.ai\/wp-content\/uploads\/2026\/01\/group-with-phone-in-circle-768x768.webp 768w, https:\/\/talkpal.ai\/wp-content\/uploads\/2026\/01\/group-with-phone-in-circle-300x300.webp 300w\" \/>\r\n    \r\n\r\n    <\/figure>\r\n\r\n    \r\n<\/section>\n<div class=\"wp-block-group pageContainerStyle\"><div class=\"wp-block-group__inner-container is-layout-constrained wp-block-group-is-layout-constrained\">\n<h2 class=\"wp-block-heading\" id=\"h-german-language-certificates\">\ub3c5\uc77c\uc5b4 \uc778\uc99d\uc11c<\/h2>\n\n\n\r\n                    <div class=\"methodWraper\">\r\n            <div class=\"methodContent\">\r\n                <img decoding=\"async\" src=\"https:\/\/talkpal.ai\/wp-content\/uploads\/2025\/05\/check_icon.png\" alt=\"Checkmark Icon\">\r\n                <h3>\ud14c\uc2a4\ud2b8DaF:<\/h3>\r\n            <\/div>\r\n            <p>TestDaF (Test Deutsch als Fremdsprache): \uc774 \uc2dc\ud5d8\uc740 \ub3c5\uc77c\uc5d0\uc11c \uacf5\ubd80\ud558\uac70\ub098 \uc5f0\uad6c\ub97c \uc218\ud589\ud558\ub824\ub294 \uc678\uad6d\uc778 \ub3c5\uc77c\uc5b4 \ud559\uc2b5\uc790\ub97c \uc704\ud574 \uace0\uc548\ub41c \ud45c\uc900\ud654\ub41c \uc2dc\ud5d8\uc785\ub2c8\ub2e4. \uc774 \uc2dc\ud5d8\uc740 \uc5b8\uc5b4 \ud559\uc2b5\uc758 \ub124 \uac00\uc9c0 \uce21\uba74(\uc77d\uae30, \uc4f0\uae30, \ub4e3\uae30 \ubc0f \ub9d0\ud558\uae30) \ubaa8\ub450\uc5d0\uc11c \uc751\uc2dc\uc790\uc758 \uc219\ub828\ub3c4\ub97c \ud14c\uc2a4\ud2b8\ud569\ub2c8\ub2e4.<\/p>\r\n        <\/div>\r\n                    <div class=\"methodWraper\">\r\n            <div class=\"methodContent\">\r\n                <img decoding=\"async\" src=\"https:\/\/talkpal.ai\/wp-content\/uploads\/2025\/05\/check_icon.png\" alt=\"Checkmark Icon\">\r\n                <h3>Goethe-Zertifikat:<\/h3>\r\n            <\/div>\r\n            <p>\uad34\ud14c \uc81c\ub974\ud2f0\ud53c\uce87 \uc2dc\ud5d8\uc740 \uc804 \uc138\uacc4\uc801\uc73c\ub85c \uc778\uc815\ubc1b\uace0 \uc788\uc73c\uba70, \uad34\ud14c \uc81c\ub974\ud2f0\ud53c\uce87 \uc2dc\ud5d8\uc740 \ud559\uc2b5\uc790\uc758 \uc219\ub828\ub3c4\uc5d0 \ub530\ub77c \ub2e4\uc591\ud55c \ub808\ubca8\ub85c \uad6c\uc131\ub418\uc5b4 \uc788\uc2b5\ub2c8\ub2e4. A1(\ucd08\uae09), A2, B1, B2, C1 \ubc0f C2(\uc0c1\uae09)\uc758 6\uac1c \ubaa8\ub4c8\ub85c \ub354 \ub098\ub269\ub2c8\ub2e4.<\/p>\r\n        <\/div>\r\n                    <div class=\"methodWraper\">\r\n            <div class=\"methodContent\">\r\n                <img decoding=\"async\" src=\"https:\/\/talkpal.ai\/wp-content\/uploads\/2025\/05\/check_icon.png\" alt=\"Checkmark Icon\">\r\n                <h3>DSH:<\/h3>\r\n            <\/div>\r\n            <p>DSH (Deutsche Sprachpr\u00fcfung f\u00fcr den Hochschulzugang): \uc774 \uc2dc\ud5d8\uc740 \ub3c5\uc77c \ub300\ud559\uc5d0\uc11c \uacf5\ubd80\ud558\uae30\ub97c \uc6d0\ud558\uace0 \uc5b8\uc5b4 \ub2a5\ub825\uc744 \uc785\uc99d\ud574\uc57c \ud558\ub294 \uc0ac\ub78c\ub4e4\uc744 \ub300\uc0c1\uc73c\ub85c \ud569\ub2c8\ub2e4. DSH\ub294 \uc77c\ubc18\uc801\uc73c\ub85c \ub300\ud559\uc744 \ud1b5\ud574 \uc81c\uacf5\ub418\uba70 \ud569\uaca9 \uc810\uc218\ub294 \uc77c\ubc18\uc801\uc73c\ub85c \uc0c1\ub2f9\ud788 \ub192\uc2b5\ub2c8\ub2e4.<\/p>\r\n        <\/div>\r\n                    <div class=\"methodWraper\">\r\n            <div class=\"methodContent\">\r\n                <img decoding=\"async\" src=\"https:\/\/talkpal.ai\/wp-content\/uploads\/2025\/05\/check_icon.png\" alt=\"Checkmark Icon\">\r\n                <h3>\u00d6SD:<\/h3>\r\n            <\/div>\r\n            <p>\u00d6SD (\u00d6sterreichisches Sprachdiplom Deutsch): \u00d6SD \uc790\uaca9\uc99d\uc740 \uad6d\uc81c\uc801\uc73c\ub85c \uc778\uc815\ubc1b\ub294 \ub3c5\uc77c\uc5b4 \ub2a5\ub825\uc758 \uc99d\uac70\uc785\ub2c8\ub2e4. \ub2e4\uc591\ud55c \uc218\uc900\uc758 \uc219\ub828\ub3c4\ub97c \ucda9\uc871\uc2dc\ud0a4\uae30 \uc704\ud574 \ub2e4\uc591\ud55c \uc2dc\ud5d8\uc774 \uc788\uae30 \ub54c\ubb38\uc5d0 \ub3c5\uc77c\uc5b4\uc5d0 \ub300\ud55c \uad11\ubc94\uc704\ud55c \uc774\ud574\ub97c \ubaa9\ud45c\ub85c \ud558\ub294 \ud559\uc2b5\uc790\ub4e4 \uc0ac\uc774\uc5d0\uc11c \uc778\uae30 \uc788\ub294 \uc120\ud0dd\uc785\ub2c8\ub2e4.<\/p>\r\n        <\/div>\r\n                    <div class=\"methodWraper\">\r\n            <div class=\"methodContent\">\r\n                <img decoding=\"async\" src=\"https:\/\/talkpal.ai\/wp-content\/uploads\/2025\/05\/check_icon.png\" alt=\"Checkmark Icon\">\r\n                <h3>\ud154\ud06c:<\/h3>\r\n            <\/div>\r\n            <p>telc (\uc720\ub7fd \uc5b8\uc5b4 \uc778\uc99d\uc11c) : \uc774\uac83\uc740 \uc5b8\uc5b4 \ub2a5\ub825\uc744 \uc2dc\ud5d8\ud558\ub294 \ub610 \ub2e4\ub978 \uad6d\uc81c \ud45c\uc900 \uc2dc\uc2a4\ud15c\uc785\ub2c8\ub2e4. telc\ub294 A1\uc5d0\uc11c C2\uae4c\uc9c0 \ubaa8\ub4e0 \ub808\ubca8\uc5d0 \ub300\ud55c \uc778\uc99d\uc744 \uc81c\uacf5\ud569\ub2c8\ub2e4. \uc77c\uc0c1 \uc0dd\ud65c\uacfc \uc9c1\uc7a5 \uc2dc\ub098\ub9ac\uc624\uc5d0 \uc911\uc810\uc744 \ub450\uae30 \ub54c\ubb38\uc5d0 \ub3c5\uc77c\uc5b4\uad8c \uad6d\uac00\uc5d0\uc11c \ucde8\uc5c5\uc744 \uc6d0\ud558\ub294 \uc0ac\ub78c\ub4e4\uc5d0\uac8c \ud2b9\ud788 \uc720\uc6a9\ud569\ub2c8\ub2e4.<\/p>\r\n        <\/div>\r\n    <\/div><\/div>\n","protected":false},"excerpt":{"rendered":"<p>\ub3c5\uc77c\uc5b4 \uc778\uc99d\uc11c<\/p>\n","protected":false},"author":8,"featured_media":13616,"parent":0,"menu_order":0,"comment_status":"closed","ping_status":"closed","template":"simpleContentPage.php","meta":{"_acf_changed":false,"footnotes":""},"class_list":["post-89789","page","type-page","status-publish","has-post-thumbnail","hentry"],"acf":[],"yoast_head":"<!-- This site is optimized with the Yoast SEO Premium plugin v27.2 (Yoast SEO v27.2) - https:\/\/yoast.com\/product\/yoast-seo-premium-wordpress\/ -->\n<title>\ub3c5\uc77c\uc5b4 \uc778\uc99d\uc11c - Talkpal<\/title>\n<meta name=\"description\" content=\"\uc778\uc815\ubc1b\ub294 \ub3c5\uc77c\uc5b4 \uc790\uaca9\uc99d \ucde8\ub4dd - \uae30\uc220\uc744 \uac80\uc99d\ud558\uace0 \uacbd\ub825\uc744 \uac00\uc18d\ud654\ud558\uc2ed\uc2dc\uc624!\" \/>\n<meta name=\"robots\" content=\"index, follow, max-snippet:-1, max-image-preview:large, max-video-preview:-1\" \/>\n<link rel=\"canonical\" href=\"https:\/\/talkpal.ai\/ko\/%eb%8f%85%ec%9d%bc%ec%96%b4-%ec%9d%b8%ec%a6%9d%ec%84%9c\/\" \/>\n<meta property=\"og:locale\" content=\"ko_KR\" \/>\n<meta property=\"og:type\" content=\"article\" \/>\n<meta property=\"og:title\" content=\"\ub3c5\uc77c\uc5b4 \uc778\uc99d\uc11c\" \/>\n<meta property=\"og:description\" content=\"\ub3c5\uc77c\uc5b4 \uc778\uc99d\uc11c\" \/>\n<meta property=\"og:url\" content=\"https:\/\/talkpal.ai\/ko\/%eb%8f%85%ec%9d%bc%ec%96%b4-%ec%9d%b8%ec%a6%9d%ec%84%9c\/\" \/>\n<meta property=\"og:site_name\" content=\"Talkpal\" \/>\n<meta property=\"article:publisher\" content=\"https:\/\/www.facebook.com\/profile.php?id=100090733639311\" \/>\n<meta property=\"article:modified_time\" content=\"2026-01-07T15:05:35+00:00\" \/>\n<meta property=\"og:image\" content=\"https:\/\/talkpal.ai\/wp-content\/uploads\/2023\/03\/germany.png\" \/>\n\t<meta property=\"og:image:width\" content=\"512\" \/>\n\t<meta property=\"og:image:height\" content=\"512\" \/>\n\t<meta property=\"og:image:type\" content=\"image\/png\" \/>\n<meta name=\"twitter:card\" content=\"summary_large_image\" \/>\n<meta name=\"twitter:site\" content=\"@talkpalai\" \/>\n<script type=\"application\/ld+json\" class=\"yoast-schema-graph\">{\"@context\":\"https:\/\/schema.org\",\"@graph\":[{\"@type\":\"WebPage\",\"@id\":\"https:\/\/talkpal.ai\/ko\/%eb%8f%85%ec%9d%bc%ec%96%b4-%ec%9d%b8%ec%a6%9d%ec%84%9c\/\",\"url\":\"https:\/\/talkpal.ai\/ko\/%eb%8f%85%ec%9d%bc%ec%96%b4-%ec%9d%b8%ec%a6%9d%ec%84%9c\/\",\"name\":\"\ub3c5\uc77c\uc5b4 \uc778\uc99d\uc11c - Talkpal\",\"isPartOf\":{\"@id\":\"https:\/\/talkpal.ai\/ko\/#website\"},\"primaryImageOfPage\":{\"@id\":\"https:\/\/talkpal.ai\/ko\/%eb%8f%85%ec%9d%bc%ec%96%b4-%ec%9d%b8%ec%a6%9d%ec%84%9c\/#primaryimage\"},\"image\":{\"@id\":\"https:\/\/talkpal.ai\/ko\/%eb%8f%85%ec%9d%bc%ec%96%b4-%ec%9d%b8%ec%a6%9d%ec%84%9c\/#primaryimage\"},\"thumbnailUrl\":\"https:\/\/talkpal.ai\/wp-content\/uploads\/2023\/03\/germany.png\",\"datePublished\":\"2023-12-05T11:40:43+00:00\",\"dateModified\":\"2026-01-07T15:05:35+00:00\",\"description\":\"\uc778\uc815\ubc1b\ub294 \ub3c5\uc77c\uc5b4 \uc790\uaca9\uc99d \ucde8\ub4dd - \uae30\uc220\uc744 \uac80\uc99d\ud558\uace0 \uacbd\ub825\uc744 \uac00\uc18d\ud654\ud558\uc2ed\uc2dc\uc624!\",\"breadcrumb\":{\"@id\":\"https:\/\/talkpal.ai\/ko\/%eb%8f%85%ec%9d%bc%ec%96%b4-%ec%9d%b8%ec%a6%9d%ec%84%9c\/#breadcrumb\"},\"inLanguage\":\"ko-KR\",\"potentialAction\":[{\"@type\":\"ReadAction\",\"target\":[\"https:\/\/talkpal.ai\/ko\/%eb%8f%85%ec%9d%bc%ec%96%b4-%ec%9d%b8%ec%a6%9d%ec%84%9c\/\"]}]},{\"@type\":\"ImageObject\",\"inLanguage\":\"ko-KR\",\"@id\":\"https:\/\/talkpal.ai\/ko\/%eb%8f%85%ec%9d%bc%ec%96%b4-%ec%9d%b8%ec%a6%9d%ec%84%9c\/#primaryimage\",\"url\":\"https:\/\/talkpal.ai\/wp-content\/uploads\/2023\/03\/germany.png\",\"contentUrl\":\"https:\/\/talkpal.ai\/wp-content\/uploads\/2023\/03\/germany.png\",\"width\":512,\"height\":512,\"caption\":\"TalkPal AI learn German\"},{\"@type\":\"BreadcrumbList\",\"@id\":\"https:\/\/talkpal.ai\/ko\/%eb%8f%85%ec%9d%bc%ec%96%b4-%ec%9d%b8%ec%a6%9d%ec%84%9c\/#breadcrumb\",\"itemListElement\":[{\"@type\":\"ListItem\",\"position\":1,\"name\":\"Homepage\",\"item\":\"https:\/\/talkpal.ai\/ko\/\"},{\"@type\":\"ListItem\",\"position\":2,\"name\":\"\ub3c5\uc77c\uc5b4 \uc778\uc99d\uc11c\"}]},{\"@type\":\"WebSite\",\"@id\":\"https:\/\/talkpal.ai\/ko\/#website\",\"url\":\"https:\/\/talkpal.ai\/ko\/\",\"name\":\"Talkpal\",\"description\":\"AI Language Learning\",\"publisher\":{\"@id\":\"https:\/\/talkpal.ai\/ko\/#organization\"},\"alternateName\":\"Talkpal AI\",\"potentialAction\":[{\"@type\":\"SearchAction\",\"target\":{\"@type\":\"EntryPoint\",\"urlTemplate\":\"https:\/\/talkpal.ai\/ko\/?s={search_term_string}\"},\"query-input\":{\"@type\":\"PropertyValueSpecification\",\"valueRequired\":true,\"valueName\":\"search_term_string\"}}],\"inLanguage\":\"ko-KR\"},{\"@type\":\"Organization\",\"@id\":\"https:\/\/talkpal.ai\/ko\/#organization\",\"name\":\"Talkpal, Inc.\",\"alternateName\":\"Talkpal AI\",\"url\":\"https:\/\/talkpal.ai\/ko\/\",\"logo\":{\"@type\":\"ImageObject\",\"inLanguage\":\"ko-KR\",\"@id\":\"https:\/\/talkpal.ai\/ko\/#\/schema\/logo\/image\/\",\"url\":\"https:\/\/talkpal.ai\/wp-content\/uploads\/2024\/03\/Talkpal-Logo-Icon.png\",\"contentUrl\":\"https:\/\/talkpal.ai\/wp-content\/uploads\/2024\/03\/Talkpal-Logo-Icon.png\",\"width\":2880,\"height\":2880,\"caption\":\"Talkpal, Inc.\"},\"image\":{\"@id\":\"https:\/\/talkpal.ai\/ko\/#\/schema\/logo\/image\/\"},\"sameAs\":[\"https:\/\/www.facebook.com\/profile.php?id=100090733639311\",\"https:\/\/x.com\/talkpalai\",\"https:\/\/www.linkedin.com\/company\/talkpal\/\",\"https:\/\/www.youtube.com\/@TalkPal\/\",\"https:\/\/www.tiktok.com\/@talkpal\",\"https:\/\/www.instagram.com\/talkpal_ai\/\",\"https:\/\/www.crunchbase.com\/organization\/talkpal-9cde\",\"https:\/\/www.g2.com\/products\/talkpal-for-business\/\",\"https:\/\/www.trustpilot.com\/review\/talkpal.ai\",\"https:\/\/www.capterra.com\/p\/10006800\/TalkPal\/\"],\"description\":\"Talkpal is a language learning web and mobile education app, powered by the latest AI technologies, that provides engaging experiences to its customers in many different languages to help them improve their language skills. Users can chat about unlimited amount of topics with the app and use other modes to practice their language learning.\",\"email\":\"support@talkpal.ai\",\"legalName\":\"Talkpal, Inc.\",\"foundingDate\":\"2023-04-03\",\"duns\":\"118989042\",\"numberOfEmployees\":{\"@type\":\"QuantitativeValue\",\"minValue\":\"11\",\"maxValue\":\"50\"},\"publishingPrinciples\":\"https:\/\/talkpal.ai\/publishing-principles\/\",\"actionableFeedbackPolicy\":\"https:\/\/talkpal.ai\/actionable-feedback-policy\/\",\"correctionsPolicy\":\"https:\/\/talkpal.ai\/corrections-policy\/\",\"ethicsPolicy\":\"https:\/\/talkpal.ai\/ethics-policy\/\",\"diversityPolicy\":\"https:\/\/talkpal.ai\/diversity-policy\/\",\"diversityStaffingReport\":\"https:\/\/talkpal.ai\/diversity-policy\/\"}]}<\/script>\n<!-- \/ Yoast SEO Premium plugin. -->","yoast_head_json":{"title":"\ub3c5\uc77c\uc5b4 \uc778\uc99d\uc11c - Talkpal","description":"\uc778\uc815\ubc1b\ub294 \ub3c5\uc77c\uc5b4 \uc790\uaca9\uc99d \ucde8\ub4dd - \uae30\uc220\uc744 \uac80\uc99d\ud558\uace0 \uacbd\ub825\uc744 \uac00\uc18d\ud654\ud558\uc2ed\uc2dc\uc624!","robots":{"index":"index","follow":"follow","max-snippet":"max-snippet:-1","max-image-preview":"max-image-preview:large","max-video-preview":"max-video-preview:-1"},"canonical":"https:\/\/talkpal.ai\/ko\/%eb%8f%85%ec%9d%bc%ec%96%b4-%ec%9d%b8%ec%a6%9d%ec%84%9c\/","og_locale":"ko_KR","og_type":"article","og_title":"\ub3c5\uc77c\uc5b4 \uc778\uc99d\uc11c","og_description":"\ub3c5\uc77c\uc5b4 \uc778\uc99d\uc11c","og_url":"https:\/\/talkpal.ai\/ko\/%eb%8f%85%ec%9d%bc%ec%96%b4-%ec%9d%b8%ec%a6%9d%ec%84%9c\/","og_site_name":"Talkpal","article_publisher":"https:\/\/www.facebook.com\/profile.php?id=100090733639311","article_modified_time":"2026-01-07T15:05:35+00:00","og_image":[{"width":512,"height":512,"url":"https:\/\/talkpal.ai\/wp-content\/uploads\/2023\/03\/germany.png","type":"image\/png"}],"twitter_card":"summary_large_image","twitter_site":"@talkpalai","schema":{"@context":"https:\/\/schema.org","@graph":[{"@type":"WebPage","@id":"https:\/\/talkpal.ai\/ko\/%eb%8f%85%ec%9d%bc%ec%96%b4-%ec%9d%b8%ec%a6%9d%ec%84%9c\/","url":"https:\/\/talkpal.ai\/ko\/%eb%8f%85%ec%9d%bc%ec%96%b4-%ec%9d%b8%ec%a6%9d%ec%84%9c\/","name":"\ub3c5\uc77c\uc5b4 \uc778\uc99d\uc11c - Talkpal","isPartOf":{"@id":"https:\/\/talkpal.ai\/ko\/#website"},"primaryImageOfPage":{"@id":"https:\/\/talkpal.ai\/ko\/%eb%8f%85%ec%9d%bc%ec%96%b4-%ec%9d%b8%ec%a6%9d%ec%84%9c\/#primaryimage"},"image":{"@id":"https:\/\/talkpal.ai\/ko\/%eb%8f%85%ec%9d%bc%ec%96%b4-%ec%9d%b8%ec%a6%9d%ec%84%9c\/#primaryimage"},"thumbnailUrl":"https:\/\/talkpal.ai\/wp-content\/uploads\/2023\/03\/germany.png","datePublished":"2023-12-05T11:40:43+00:00","dateModified":"2026-01-07T15:05:35+00:00","description":"\uc778\uc815\ubc1b\ub294 \ub3c5\uc77c\uc5b4 \uc790\uaca9\uc99d \ucde8\ub4dd - \uae30\uc220\uc744 \uac80\uc99d\ud558\uace0 \uacbd\ub825\uc744 \uac00\uc18d\ud654\ud558\uc2ed\uc2dc\uc624!","breadcrumb":{"@id":"https:\/\/talkpal.ai\/ko\/%eb%8f%85%ec%9d%bc%ec%96%b4-%ec%9d%b8%ec%a6%9d%ec%84%9c\/#breadcrumb"},"inLanguage":"ko-KR","potentialAction":[{"@type":"ReadAction","target":["https:\/\/talkpal.ai\/ko\/%eb%8f%85%ec%9d%bc%ec%96%b4-%ec%9d%b8%ec%a6%9d%ec%84%9c\/"]}]},{"@type":"ImageObject","inLanguage":"ko-KR","@id":"https:\/\/talkpal.ai\/ko\/%eb%8f%85%ec%9d%bc%ec%96%b4-%ec%9d%b8%ec%a6%9d%ec%84%9c\/#primaryimage","url":"https:\/\/talkpal.ai\/wp-content\/uploads\/2023\/03\/germany.png","contentUrl":"https:\/\/talkpal.ai\/wp-content\/uploads\/2023\/03\/germany.png","width":512,"height":512,"caption":"TalkPal AI learn German"},{"@type":"BreadcrumbList","@id":"https:\/\/talkpal.ai\/ko\/%eb%8f%85%ec%9d%bc%ec%96%b4-%ec%9d%b8%ec%a6%9d%ec%84%9c\/#breadcrumb","itemListElement":[{"@type":"ListItem","position":1,"name":"Homepage","item":"https:\/\/talkpal.ai\/ko\/"},{"@type":"ListItem","position":2,"name":"\ub3c5\uc77c\uc5b4 \uc778\uc99d\uc11c"}]},{"@type":"WebSite","@id":"https:\/\/talkpal.ai\/ko\/#website","url":"https:\/\/talkpal.ai\/ko\/","name":"Talkpal","description":"AI Language Learning","publisher":{"@id":"https:\/\/talkpal.ai\/ko\/#organization"},"alternateName":"Talkpal AI","potentialAction":[{"@type":"SearchAction","target":{"@type":"EntryPoint","urlTemplate":"https:\/\/talkpal.ai\/ko\/?s={search_term_string}"},"query-input":{"@type":"PropertyValueSpecification","valueRequired":true,"valueName":"search_term_string"}}],"inLanguage":"ko-KR"},{"@type":"Organization","@id":"https:\/\/talkpal.ai\/ko\/#organization","name":"Talkpal, Inc.","alternateName":"Talkpal AI","url":"https:\/\/talkpal.ai\/ko\/","logo":{"@type":"ImageObject","inLanguage":"ko-KR","@id":"https:\/\/talkpal.ai\/ko\/#\/schema\/logo\/image\/","url":"https:\/\/talkpal.ai\/wp-content\/uploads\/2024\/03\/Talkpal-Logo-Icon.png","contentUrl":"https:\/\/talkpal.ai\/wp-content\/uploads\/2024\/03\/Talkpal-Logo-Icon.png","width":2880,"height":2880,"caption":"Talkpal, Inc."},"image":{"@id":"https:\/\/talkpal.ai\/ko\/#\/schema\/logo\/image\/"},"sameAs":["https:\/\/www.facebook.com\/profile.php?id=100090733639311","https:\/\/x.com\/talkpalai","https:\/\/www.linkedin.com\/company\/talkpal\/","https:\/\/www.youtube.com\/@TalkPal\/","https:\/\/www.tiktok.com\/@talkpal","https:\/\/www.instagram.com\/talkpal_ai\/","https:\/\/www.crunchbase.com\/organization\/talkpal-9cde","https:\/\/www.g2.com\/products\/talkpal-for-business\/","https:\/\/www.trustpilot.com\/review\/talkpal.ai","https:\/\/www.capterra.com\/p\/10006800\/TalkPal\/"],"description":"Talkpal is a language learning web and mobile education app, powered by the latest AI technologies, that provides engaging experiences to its customers in many different languages to help them improve their language skills. Users can chat about unlimited amount of topics with the app and use other modes to practice their language learning.","email":"support@talkpal.ai","legalName":"Talkpal, Inc.","foundingDate":"2023-04-03","duns":"118989042","numberOfEmployees":{"@type":"QuantitativeValue","minValue":"11","maxValue":"50"},"publishingPrinciples":"https:\/\/talkpal.ai\/publishing-principles\/","actionableFeedbackPolicy":"https:\/\/talkpal.ai\/actionable-feedback-policy\/","correctionsPolicy":"https:\/\/talkpal.ai\/corrections-policy\/","ethicsPolicy":"https:\/\/talkpal.ai\/ethics-policy\/","diversityPolicy":"https:\/\/talkpal.ai\/diversity-policy\/","diversityStaffingReport":"https:\/\/talkpal.ai\/diversity-policy\/"}]}},"_links":{"self":[{"href":"https:\/\/talkpal.ai\/ko\/wp-json\/wp\/v2\/pages\/89789","targetHints":{"allow":["GET"]}}],"collection":[{"href":"https:\/\/talkpal.ai\/ko\/wp-json\/wp\/v2\/pages"}],"about":[{"href":"https:\/\/talkpal.ai\/ko\/wp-json\/wp\/v2\/types\/page"}],"author":[{"embeddable":true,"href":"https:\/\/talkpal.ai\/ko\/wp-json\/wp\/v2\/users\/8"}],"replies":[{"embeddable":true,"href":"https:\/\/talkpal.ai\/ko\/wp-json\/wp\/v2\/comments?post=89789"}],"version-history":[{"count":0,"href":"https:\/\/talkpal.ai\/ko\/wp-json\/wp\/v2\/pages\/89789\/revisions"}],"wp:featuredmedia":[{"embeddable":true,"href":"https:\/\/talkpal.ai\/ko\/wp-json\/wp\/v2\/media\/13616"}],"wp:attachment":[{"href":"https:\/\/talkpal.ai\/ko\/wp-json\/wp\/v2\/media?parent=89789"}],"curies":[{"name":"wp","href":"https:\/\/api.w.org\/{rel}","templated":true}]}}