{"id":89682,"date":"2023-12-05T11:40:45","date_gmt":"2023-12-05T11:40:45","guid":{"rendered":"http:\/\/talkpal.ai\/%ed%94%84%eb%9e%91%ec%8a%a4%ec%96%b4-%ec%88%98%eb%a3%8c%ec%a6%9d\/"},"modified":"2026-01-07T15:07:42","modified_gmt":"2026-01-07T15:07:42","slug":"%ed%94%84%eb%9e%91%ec%8a%a4%ec%96%b4-%ec%88%98%eb%a3%8c%ec%a6%9d","status":"publish","type":"page","link":"https:\/\/talkpal.ai\/ko\/%ed%94%84%eb%9e%91%ec%8a%a4%ec%96%b4-%ec%88%98%eb%a3%8c%ec%a6%9d\/","title":{"rendered":"\ud504\ub791\uc2a4\uc5b4 \uc218\ub8cc\uc99d"},"content":{"rendered":"\r\n\r\n\r\n<section class=\"languageChallengeSection\">\r\n    <div class=\"languageInfoWrapper\">\r\n        \r\n        <h1>\ud504\ub791\uc2a4\uc5b4 \uc218\ub8cc\uc99d<\/h1>\r\n        <p>Talkpal \uc740 \uc0ac\uc6a9\uc790\uac00 \uc774\ub7ec\ud55c \uc601\uc5b4 \uc2dc\ud5d8\uc744 \uc900\ube44\ud558\ub294 \ub370 \ub3c4\uc6c0\uc774 \ub418\ub294 AI \uc0dd\uc131 \uc5b8\uc5b4 \ud559\uc2b5 \uc571\uc785\ub2c8\ub2e4. \ub9d0\ud558\uae30 \ubc0f \ub4e3\uae30 \ub2a5\ub825 \ud5a5\uc0c1\uc5d0 \uc911\uc810\uc744 \ub454 Talkpal \uc740 \uc0ac\uc2e4\uc801\uc778 \ub300\ud654\ud615 \ub300\ud654\uc640 \ubc1c\uc74c \uc5f0\uc2b5\uc744 \uc81c\uacf5\ud569\ub2c8\ub2e4. AI \ud2b9\uc131\uc73c\ub85c \uc778\ud574 \uac1c\uc778\ud654\ub41c \ud53c\ub4dc\ubc31\uc774 \uac00\ub2a5\ud558\uc5ec \uc0ac\uc6a9\uc790\uac00 \uc9c4\ud589 \uc0c1\ud669\uacfc \uac1c\uc120\ud574\uc57c \ud560 \uc601\uc5ed\uc744 \uc774\ud574\ud558\ub294 \ub370 \ub3c4\uc6c0\uc774 \ub429\ub2c8\ub2e4. \ud504\ub791\uc2a4\uc5b4 \uc790\uaca9\uc99d\uc740 \uac1c\uc778\uc758 \ud504\ub791\uc2a4\uc5b4 \ub2a5\ub825\uc744 \uc785\uc99d\ud558\ub294 \uacf5\uc2dd \uc790\uaca9\uc774\uba70 \uc804 \uc138\uacc4\uc801\uc73c\ub85c \uc778\uc815\ub429\ub2c8\ub2e4. \uc5ec\uae30\uc5d0\ub294 DELF\/DALF, TEF, TCF \ubc0f TEFAQ\uc640 \uac19\uc740 \uc2dc\ud5d8\uc774 \ud3ec\ud568\ub429\ub2c8\ub2e4. \uc774\ub7ec\ud55c \uac01 \uc2dc\ud5d8\uc740 \ud504\ub791\uc2a4\uc5b4\uac00 \ubaa8\uad6d\uc5b4\uac00 \uc544\ub2cc \uc0ac\ub78c\ub4e4\uc744 \uc704\ud55c \ub2e4\uc591\ud55c \uc218\uc900\uc758 \uc5b8\uc5b4 \ub2a5\ub825\uc744 \ud3c9\uac00\ud558\uace0 \uad50\uc721 \uae30\uad00 \ubc0f \uace0\uc6a9\uc8fc\uc5d0\uac8c \ud504\ub791\uc2a4\uc5b4 \ub2a5\ub825\uc5d0 \ub300\ud55c \uc778\uc815\ub41c \uc99d\uac70 \uc5ed\ud560\uc744 \ud569\ub2c8\ub2e4.<\/p>\r\n\r\n                            <a class=\"getStartedHidden\" href=\"https:\/\/app.talkpal.ai\/ko\/signup?lng=\">\uc2dc\uc791\ud558\uae30<\/a>\r\n        \r\n    <\/div>\r\n\r\n    <figure>\r\n    <img decoding=\"async\" width=\"768\" height=\"768\" src=\"https:\/\/talkpal.ai\/wp-content\/uploads\/2026\/01\/curly-girl-with-phone-light-background-768x768.webp\" class=\"languageImage no-lazy\" alt=\"Default alt text\" fetchpriority=\"high\" sizes=\"(max-width: 768px) 150px, 768px\" srcset=\"https:\/\/talkpal.ai\/wp-content\/uploads\/2026\/01\/curly-girl-with-phone-light-background-768x768.webp 768w, https:\/\/talkpal.ai\/wp-content\/uploads\/2026\/01\/curly-girl-with-phone-light-background-300x300.webp 300w\" \/>\r\n    \r\n\r\n    <\/figure>\r\n\r\n            <a class=\"getStartedVisible\" href=\"https:\/\/app.talkpal.ai\/ko\/signup?lng=\">\uc2dc\uc791\ud558\uae30<\/a>\r\n    \r\n<\/section>\n<div class=\"wp-block-group pageContainerStyle\"><div class=\"wp-block-group__inner-container is-layout-constrained wp-block-group-is-layout-constrained\">\n<h2 class=\"wp-block-heading\" id=\"h-french-language-certificates\">\ud504\ub791\uc2a4\uc5b4 \uc218\ub8cc\uc99d<\/h2>\n\n\n\r\n                    <div class=\"methodWraper\">\r\n            <div class=\"methodContent\">\r\n                <img decoding=\"async\" src=\"https:\/\/talkpal.ai\/wp-content\/uploads\/2025\/05\/check_icon.png\" alt=\"Checkmark Icon\">\r\n                <h3>\ub378\ud504\/\ub2ec\ud504:<\/h3>\r\n            <\/div>\r\n            <p>\ud504\ub791\uc2a4 \uad50\uc721\ubd80\uc5d0\uc11c \uc218\uc5ec\ud558\ub294 \uacf5\uc2dd \uc790\uaca9\uc778 Depl\u00f4me d&#039;Etudes en Langue Fran\u00e7aise( DELF) \ubc0f Dipl\u00f4me Approfondi de Langue Fran\u00e7aise(DALF) \ub294 \ub9d0\ud558\uae30\uc640 \ub4e3\uae30\ub97c \ud3ec\ud568\ud55c 4\uac00\uc9c0 \uc5b8\uc5b4 \ub2a5\ub825\uc744 \ub2e4\ub8f9\ub2c8\ub2e4.<\/p>\r\n        <\/div>\r\n                    <div class=\"methodWraper\">\r\n            <div class=\"methodContent\">\r\n                <img decoding=\"async\" src=\"https:\/\/talkpal.ai\/wp-content\/uploads\/2025\/05\/check_icon.png\" alt=\"Checkmark Icon\">\r\n                <h3>\ud14c\ud504:<\/h3>\r\n            <\/div>\r\n            <p>Test d&#039;Evaluation de Fran\u00e7ais(TEF) \ub294 \uac1c\uc778\uc758 \ud504\ub791\uc2a4\uc5b4 \ub2a5\ub825\uc744 \ud3c9\uac00\ud558\ub294 \ub370 \uc0ac\uc6a9\ub418\ub294 \ud3ec\uad04\uc801\uc778 \uc5b8\uc5b4 \ud3c9\uac00 \ub3c4\uad6c\uc785\ub2c8\ub2e4. \uc774 \uc2dc\ud5d8\uc740 \uc8fc\ub85c \uc751\uc2dc\uc790\uc758 \uc791\ubb38 \ubc0f \ub9d0\ud558\uae30 \ub2a5\ub825\uc744 \ud3c9\uac00\ud558\ub294 \ub370 \uc911\uc810\uc744 \ub461\ub2c8\ub2e4.<\/p>\r\n        <\/div>\r\n                    <div class=\"methodWraper\">\r\n            <div class=\"methodContent\">\r\n                <img decoding=\"async\" src=\"https:\/\/talkpal.ai\/wp-content\/uploads\/2025\/05\/check_icon.png\" alt=\"Checkmark Icon\">\r\n                <h3>TCF:<\/h3>\r\n            <\/div>\r\n            <p>Test de Connaissance du Fran\u00e7ais(TCF )\ub294 \uc8fc\ub85c \uc0ac\uc6a9\uc790\uc758 \uc77d\uae30, \uc4f0\uae30, \ub9d0\ud558\uae30 \ubc0f \ub4e3\uae30 \ub2a5\ub825\uc744 \ud3c9\uac00\ud558\ub294 \uacf5\uc2dd \ud504\ub791\uc2a4\uc5b4 \ub2a5\ub825 \uc2dc\ud5d8\uc774\uae30\ub3c4 \ud569\ub2c8\ub2e4.<\/p>\r\n        <\/div>\r\n                    <div class=\"methodWraper\">\r\n            <div class=\"methodContent\">\r\n                <img decoding=\"async\" src=\"https:\/\/talkpal.ai\/wp-content\/uploads\/2025\/05\/check_icon.png\" alt=\"Checkmark Icon\">\r\n                <h3>\ud14c\ud30c\ud06c:<\/h3>\r\n            <\/div>\r\n            <p>Test d&#039;Evaluation de Fran\u00e7ais adapt\u00e9 au Qu\u00e9bec(TEFAQ) \uc740 \uce90\ub098\ub2e4\uc5d0\uc11c \ud504\ub791\uc2a4\uc5b4\uac00 \ub2e4\uc218\ub97c \uc0ac\uc6a9\ud558\ub294 \uc9c0\uc5ed\uc778 \ud018\ubca1\uc73c\ub85c \uc774\uc8fc\ud558\ub824\ub294 \uc0ac\ub78c\ub4e4\uc744 \uc704\ud574 \ud2b9\ubcc4\ud788 \uace0\uc548\ub418\uc5c8\uc2b5\ub2c8\ub2e4. \uc774 \uc2dc\ud5d8\uc740 \uc8fc\ub85c \ub4e3\uae30\uc640 \ub9d0\ud558\uae30 \ub2a5\ub825\uc5d0 \uc911\uc810\uc744 \ub461\ub2c8\ub2e4.<\/p>\r\n        <\/div>\r\n    <\/div><\/div>\n","protected":false},"excerpt":{"rendered":"<p>\ud504\ub791\uc2a4\uc5b4 \uc218\ub8cc\uc99d<\/p>\n","protected":false},"author":8,"featured_media":13608,"parent":0,"menu_order":0,"comment_status":"closed","ping_status":"closed","template":"LearningContentPage.php","meta":{"_acf_changed":false,"footnotes":""},"class_list":["post-89682","page","type-page","status-publish","has-post-thumbnail","hentry"],"acf":[],"yoast_head":"<!-- This site is optimized with the Yoast SEO Premium plugin v27.2 (Yoast SEO v27.2) - https:\/\/yoast.com\/product\/yoast-seo-premium-wordpress\/ -->\n<title>\ud504\ub791\uc2a4\uc5b4 \uc218\ub8cc\uc99d - Talkpal<\/title>\n<meta name=\"description\" content=\"DELF, DALF, TEF \ubc0f TCF\uc640 \uac19\uc740 \uc8fc\uc694 \ud504\ub791\uc2a4\uc5b4 \uc778\uc99d\uc11c\ub97c \ud655\uc778\ud558\uc5ec \uc219\ub828\ub3c4\ub97c \uc778\uc99d\ud558\uc2ed\uc2dc\uc624.\" \/>\n<meta name=\"robots\" content=\"index, follow, max-snippet:-1, max-image-preview:large, max-video-preview:-1\" \/>\n<link rel=\"canonical\" href=\"https:\/\/talkpal.ai\/ko\/%ed%94%84%eb%9e%91%ec%8a%a4%ec%96%b4-%ec%88%98%eb%a3%8c%ec%a6%9d\/\" \/>\n<meta property=\"og:locale\" content=\"ko_KR\" \/>\n<meta property=\"og:type\" content=\"article\" \/>\n<meta property=\"og:title\" content=\"\ud504\ub791\uc2a4\uc5b4 \uc218\ub8cc\uc99d\" \/>\n<meta property=\"og:description\" content=\"\ud504\ub791\uc2a4\uc5b4 \uc218\ub8cc\uc99d\" \/>\n<meta property=\"og:url\" content=\"https:\/\/talkpal.ai\/ko\/%ed%94%84%eb%9e%91%ec%8a%a4%ec%96%b4-%ec%88%98%eb%a3%8c%ec%a6%9d\/\" \/>\n<meta property=\"og:site_name\" content=\"Talkpal\" \/>\n<meta property=\"article:publisher\" content=\"https:\/\/www.facebook.com\/profile.php?id=100090733639311\" \/>\n<meta property=\"article:modified_time\" content=\"2026-01-07T15:07:42+00:00\" \/>\n<meta property=\"og:image\" content=\"https:\/\/talkpal.ai\/wp-content\/uploads\/2023\/03\/france.png\" \/>\n\t<meta property=\"og:image:width\" content=\"512\" \/>\n\t<meta property=\"og:image:height\" content=\"512\" \/>\n\t<meta property=\"og:image:type\" content=\"image\/png\" \/>\n<meta name=\"twitter:card\" content=\"summary_large_image\" \/>\n<meta name=\"twitter:site\" content=\"@talkpalai\" \/>\n<script type=\"application\/ld+json\" class=\"yoast-schema-graph\">{\"@context\":\"https:\/\/schema.org\",\"@graph\":[{\"@type\":\"WebPage\",\"@id\":\"https:\/\/talkpal.ai\/ko\/%ed%94%84%eb%9e%91%ec%8a%a4%ec%96%b4-%ec%88%98%eb%a3%8c%ec%a6%9d\/\",\"url\":\"https:\/\/talkpal.ai\/ko\/%ed%94%84%eb%9e%91%ec%8a%a4%ec%96%b4-%ec%88%98%eb%a3%8c%ec%a6%9d\/\",\"name\":\"\ud504\ub791\uc2a4\uc5b4 \uc218\ub8cc\uc99d - Talkpal\",\"isPartOf\":{\"@id\":\"https:\/\/talkpal.ai\/ko\/#website\"},\"primaryImageOfPage\":{\"@id\":\"https:\/\/talkpal.ai\/ko\/%ed%94%84%eb%9e%91%ec%8a%a4%ec%96%b4-%ec%88%98%eb%a3%8c%ec%a6%9d\/#primaryimage\"},\"image\":{\"@id\":\"https:\/\/talkpal.ai\/ko\/%ed%94%84%eb%9e%91%ec%8a%a4%ec%96%b4-%ec%88%98%eb%a3%8c%ec%a6%9d\/#primaryimage\"},\"thumbnailUrl\":\"https:\/\/talkpal.ai\/wp-content\/uploads\/2023\/03\/france.png\",\"datePublished\":\"2023-12-05T11:40:45+00:00\",\"dateModified\":\"2026-01-07T15:07:42+00:00\",\"description\":\"DELF, DALF, TEF \ubc0f TCF\uc640 \uac19\uc740 \uc8fc\uc694 \ud504\ub791\uc2a4\uc5b4 \uc778\uc99d\uc11c\ub97c \ud655\uc778\ud558\uc5ec \uc219\ub828\ub3c4\ub97c \uc778\uc99d\ud558\uc2ed\uc2dc\uc624.\",\"breadcrumb\":{\"@id\":\"https:\/\/talkpal.ai\/ko\/%ed%94%84%eb%9e%91%ec%8a%a4%ec%96%b4-%ec%88%98%eb%a3%8c%ec%a6%9d\/#breadcrumb\"},\"inLanguage\":\"ko-KR\",\"potentialAction\":[{\"@type\":\"ReadAction\",\"target\":[\"https:\/\/talkpal.ai\/ko\/%ed%94%84%eb%9e%91%ec%8a%a4%ec%96%b4-%ec%88%98%eb%a3%8c%ec%a6%9d\/\"]}]},{\"@type\":\"ImageObject\",\"inLanguage\":\"ko-KR\",\"@id\":\"https:\/\/talkpal.ai\/ko\/%ed%94%84%eb%9e%91%ec%8a%a4%ec%96%b4-%ec%88%98%eb%a3%8c%ec%a6%9d\/#primaryimage\",\"url\":\"https:\/\/talkpal.ai\/wp-content\/uploads\/2023\/03\/france.png\",\"contentUrl\":\"https:\/\/talkpal.ai\/wp-content\/uploads\/2023\/03\/france.png\",\"width\":512,\"height\":512,\"caption\":\"TalkPal AI learn French\"},{\"@type\":\"BreadcrumbList\",\"@id\":\"https:\/\/talkpal.ai\/ko\/%ed%94%84%eb%9e%91%ec%8a%a4%ec%96%b4-%ec%88%98%eb%a3%8c%ec%a6%9d\/#breadcrumb\",\"itemListElement\":[{\"@type\":\"ListItem\",\"position\":1,\"name\":\"Homepage\",\"item\":\"https:\/\/talkpal.ai\/ko\/\"},{\"@type\":\"ListItem\",\"position\":2,\"name\":\"\ud504\ub791\uc2a4\uc5b4 \uc218\ub8cc\uc99d\"}]},{\"@type\":\"WebSite\",\"@id\":\"https:\/\/talkpal.ai\/ko\/#website\",\"url\":\"https:\/\/talkpal.ai\/ko\/\",\"name\":\"Talkpal\",\"description\":\"AI Language Learning\",\"publisher\":{\"@id\":\"https:\/\/talkpal.ai\/ko\/#organization\"},\"alternateName\":\"Talkpal AI\",\"potentialAction\":[{\"@type\":\"SearchAction\",\"target\":{\"@type\":\"EntryPoint\",\"urlTemplate\":\"https:\/\/talkpal.ai\/ko\/?s={search_term_string}\"},\"query-input\":{\"@type\":\"PropertyValueSpecification\",\"valueRequired\":true,\"valueName\":\"search_term_string\"}}],\"inLanguage\":\"ko-KR\"},{\"@type\":\"Organization\",\"@id\":\"https:\/\/talkpal.ai\/ko\/#organization\",\"name\":\"Talkpal, Inc.\",\"alternateName\":\"Talkpal AI\",\"url\":\"https:\/\/talkpal.ai\/ko\/\",\"logo\":{\"@type\":\"ImageObject\",\"inLanguage\":\"ko-KR\",\"@id\":\"https:\/\/talkpal.ai\/ko\/#\/schema\/logo\/image\/\",\"url\":\"https:\/\/talkpal.ai\/wp-content\/uploads\/2024\/03\/Talkpal-Logo-Icon.png\",\"contentUrl\":\"https:\/\/talkpal.ai\/wp-content\/uploads\/2024\/03\/Talkpal-Logo-Icon.png\",\"width\":2880,\"height\":2880,\"caption\":\"Talkpal, Inc.\"},\"image\":{\"@id\":\"https:\/\/talkpal.ai\/ko\/#\/schema\/logo\/image\/\"},\"sameAs\":[\"https:\/\/www.facebook.com\/profile.php?id=100090733639311\",\"https:\/\/x.com\/talkpalai\",\"https:\/\/www.linkedin.com\/company\/talkpal\/\",\"https:\/\/www.youtube.com\/@TalkPal\/\",\"https:\/\/www.tiktok.com\/@talkpal\",\"https:\/\/www.instagram.com\/talkpal_ai\/\",\"https:\/\/www.crunchbase.com\/organization\/talkpal-9cde\",\"https:\/\/www.g2.com\/products\/talkpal-for-business\/\",\"https:\/\/www.trustpilot.com\/review\/talkpal.ai\",\"https:\/\/www.capterra.com\/p\/10006800\/TalkPal\/\"],\"description\":\"Talkpal is a language learning web and mobile education app, powered by the latest AI technologies, that provides engaging experiences to its customers in many different languages to help them improve their language skills. Users can chat about unlimited amount of topics with the app and use other modes to practice their language learning.\",\"email\":\"support@talkpal.ai\",\"legalName\":\"Talkpal, Inc.\",\"foundingDate\":\"2023-04-03\",\"duns\":\"118989042\",\"numberOfEmployees\":{\"@type\":\"QuantitativeValue\",\"minValue\":\"11\",\"maxValue\":\"50\"},\"publishingPrinciples\":\"https:\/\/talkpal.ai\/publishing-principles\/\",\"actionableFeedbackPolicy\":\"https:\/\/talkpal.ai\/actionable-feedback-policy\/\",\"correctionsPolicy\":\"https:\/\/talkpal.ai\/corrections-policy\/\",\"ethicsPolicy\":\"https:\/\/talkpal.ai\/ethics-policy\/\",\"diversityPolicy\":\"https:\/\/talkpal.ai\/diversity-policy\/\",\"diversityStaffingReport\":\"https:\/\/talkpal.ai\/diversity-policy\/\"}]}<\/script>\n<!-- \/ Yoast SEO Premium plugin. -->","yoast_head_json":{"title":"\ud504\ub791\uc2a4\uc5b4 \uc218\ub8cc\uc99d - Talkpal","description":"DELF, DALF, TEF \ubc0f TCF\uc640 \uac19\uc740 \uc8fc\uc694 \ud504\ub791\uc2a4\uc5b4 \uc778\uc99d\uc11c\ub97c \ud655\uc778\ud558\uc5ec \uc219\ub828\ub3c4\ub97c \uc778\uc99d\ud558\uc2ed\uc2dc\uc624.","robots":{"index":"index","follow":"follow","max-snippet":"max-snippet:-1","max-image-preview":"max-image-preview:large","max-video-preview":"max-video-preview:-1"},"canonical":"https:\/\/talkpal.ai\/ko\/%ed%94%84%eb%9e%91%ec%8a%a4%ec%96%b4-%ec%88%98%eb%a3%8c%ec%a6%9d\/","og_locale":"ko_KR","og_type":"article","og_title":"\ud504\ub791\uc2a4\uc5b4 \uc218\ub8cc\uc99d","og_description":"\ud504\ub791\uc2a4\uc5b4 \uc218\ub8cc\uc99d","og_url":"https:\/\/talkpal.ai\/ko\/%ed%94%84%eb%9e%91%ec%8a%a4%ec%96%b4-%ec%88%98%eb%a3%8c%ec%a6%9d\/","og_site_name":"Talkpal","article_publisher":"https:\/\/www.facebook.com\/profile.php?id=100090733639311","article_modified_time":"2026-01-07T15:07:42+00:00","og_image":[{"width":512,"height":512,"url":"https:\/\/talkpal.ai\/wp-content\/uploads\/2023\/03\/france.png","type":"image\/png"}],"twitter_card":"summary_large_image","twitter_site":"@talkpalai","schema":{"@context":"https:\/\/schema.org","@graph":[{"@type":"WebPage","@id":"https:\/\/talkpal.ai\/ko\/%ed%94%84%eb%9e%91%ec%8a%a4%ec%96%b4-%ec%88%98%eb%a3%8c%ec%a6%9d\/","url":"https:\/\/talkpal.ai\/ko\/%ed%94%84%eb%9e%91%ec%8a%a4%ec%96%b4-%ec%88%98%eb%a3%8c%ec%a6%9d\/","name":"\ud504\ub791\uc2a4\uc5b4 \uc218\ub8cc\uc99d - Talkpal","isPartOf":{"@id":"https:\/\/talkpal.ai\/ko\/#website"},"primaryImageOfPage":{"@id":"https:\/\/talkpal.ai\/ko\/%ed%94%84%eb%9e%91%ec%8a%a4%ec%96%b4-%ec%88%98%eb%a3%8c%ec%a6%9d\/#primaryimage"},"image":{"@id":"https:\/\/talkpal.ai\/ko\/%ed%94%84%eb%9e%91%ec%8a%a4%ec%96%b4-%ec%88%98%eb%a3%8c%ec%a6%9d\/#primaryimage"},"thumbnailUrl":"https:\/\/talkpal.ai\/wp-content\/uploads\/2023\/03\/france.png","datePublished":"2023-12-05T11:40:45+00:00","dateModified":"2026-01-07T15:07:42+00:00","description":"DELF, DALF, TEF \ubc0f TCF\uc640 \uac19\uc740 \uc8fc\uc694 \ud504\ub791\uc2a4\uc5b4 \uc778\uc99d\uc11c\ub97c \ud655\uc778\ud558\uc5ec \uc219\ub828\ub3c4\ub97c \uc778\uc99d\ud558\uc2ed\uc2dc\uc624.","breadcrumb":{"@id":"https:\/\/talkpal.ai\/ko\/%ed%94%84%eb%9e%91%ec%8a%a4%ec%96%b4-%ec%88%98%eb%a3%8c%ec%a6%9d\/#breadcrumb"},"inLanguage":"ko-KR","potentialAction":[{"@type":"ReadAction","target":["https:\/\/talkpal.ai\/ko\/%ed%94%84%eb%9e%91%ec%8a%a4%ec%96%b4-%ec%88%98%eb%a3%8c%ec%a6%9d\/"]}]},{"@type":"ImageObject","inLanguage":"ko-KR","@id":"https:\/\/talkpal.ai\/ko\/%ed%94%84%eb%9e%91%ec%8a%a4%ec%96%b4-%ec%88%98%eb%a3%8c%ec%a6%9d\/#primaryimage","url":"https:\/\/talkpal.ai\/wp-content\/uploads\/2023\/03\/france.png","contentUrl":"https:\/\/talkpal.ai\/wp-content\/uploads\/2023\/03\/france.png","width":512,"height":512,"caption":"TalkPal AI learn French"},{"@type":"BreadcrumbList","@id":"https:\/\/talkpal.ai\/ko\/%ed%94%84%eb%9e%91%ec%8a%a4%ec%96%b4-%ec%88%98%eb%a3%8c%ec%a6%9d\/#breadcrumb","itemListElement":[{"@type":"ListItem","position":1,"name":"Homepage","item":"https:\/\/talkpal.ai\/ko\/"},{"@type":"ListItem","position":2,"name":"\ud504\ub791\uc2a4\uc5b4 \uc218\ub8cc\uc99d"}]},{"@type":"WebSite","@id":"https:\/\/talkpal.ai\/ko\/#website","url":"https:\/\/talkpal.ai\/ko\/","name":"Talkpal","description":"AI Language Learning","publisher":{"@id":"https:\/\/talkpal.ai\/ko\/#organization"},"alternateName":"Talkpal AI","potentialAction":[{"@type":"SearchAction","target":{"@type":"EntryPoint","urlTemplate":"https:\/\/talkpal.ai\/ko\/?s={search_term_string}"},"query-input":{"@type":"PropertyValueSpecification","valueRequired":true,"valueName":"search_term_string"}}],"inLanguage":"ko-KR"},{"@type":"Organization","@id":"https:\/\/talkpal.ai\/ko\/#organization","name":"Talkpal, Inc.","alternateName":"Talkpal AI","url":"https:\/\/talkpal.ai\/ko\/","logo":{"@type":"ImageObject","inLanguage":"ko-KR","@id":"https:\/\/talkpal.ai\/ko\/#\/schema\/logo\/image\/","url":"https:\/\/talkpal.ai\/wp-content\/uploads\/2024\/03\/Talkpal-Logo-Icon.png","contentUrl":"https:\/\/talkpal.ai\/wp-content\/uploads\/2024\/03\/Talkpal-Logo-Icon.png","width":2880,"height":2880,"caption":"Talkpal, Inc."},"image":{"@id":"https:\/\/talkpal.ai\/ko\/#\/schema\/logo\/image\/"},"sameAs":["https:\/\/www.facebook.com\/profile.php?id=100090733639311","https:\/\/x.com\/talkpalai","https:\/\/www.linkedin.com\/company\/talkpal\/","https:\/\/www.youtube.com\/@TalkPal\/","https:\/\/www.tiktok.com\/@talkpal","https:\/\/www.instagram.com\/talkpal_ai\/","https:\/\/www.crunchbase.com\/organization\/talkpal-9cde","https:\/\/www.g2.com\/products\/talkpal-for-business\/","https:\/\/www.trustpilot.com\/review\/talkpal.ai","https:\/\/www.capterra.com\/p\/10006800\/TalkPal\/"],"description":"Talkpal is a language learning web and mobile education app, powered by the latest AI technologies, that provides engaging experiences to its customers in many different languages to help them improve their language skills. Users can chat about unlimited amount of topics with the app and use other modes to practice their language learning.","email":"support@talkpal.ai","legalName":"Talkpal, Inc.","foundingDate":"2023-04-03","duns":"118989042","numberOfEmployees":{"@type":"QuantitativeValue","minValue":"11","maxValue":"50"},"publishingPrinciples":"https:\/\/talkpal.ai\/publishing-principles\/","actionableFeedbackPolicy":"https:\/\/talkpal.ai\/actionable-feedback-policy\/","correctionsPolicy":"https:\/\/talkpal.ai\/corrections-policy\/","ethicsPolicy":"https:\/\/talkpal.ai\/ethics-policy\/","diversityPolicy":"https:\/\/talkpal.ai\/diversity-policy\/","diversityStaffingReport":"https:\/\/talkpal.ai\/diversity-policy\/"}]}},"_links":{"self":[{"href":"https:\/\/talkpal.ai\/ko\/wp-json\/wp\/v2\/pages\/89682","targetHints":{"allow":["GET"]}}],"collection":[{"href":"https:\/\/talkpal.ai\/ko\/wp-json\/wp\/v2\/pages"}],"about":[{"href":"https:\/\/talkpal.ai\/ko\/wp-json\/wp\/v2\/types\/page"}],"author":[{"embeddable":true,"href":"https:\/\/talkpal.ai\/ko\/wp-json\/wp\/v2\/users\/8"}],"replies":[{"embeddable":true,"href":"https:\/\/talkpal.ai\/ko\/wp-json\/wp\/v2\/comments?post=89682"}],"version-history":[{"count":0,"href":"https:\/\/talkpal.ai\/ko\/wp-json\/wp\/v2\/pages\/89682\/revisions"}],"wp:featuredmedia":[{"embeddable":true,"href":"https:\/\/talkpal.ai\/ko\/wp-json\/wp\/v2\/media\/13608"}],"wp:attachment":[{"href":"https:\/\/talkpal.ai\/ko\/wp-json\/wp\/v2\/media?parent=89682"}],"curies":[{"name":"wp","href":"https:\/\/api.w.org\/{rel}","templated":true}]}}