{"id":9432,"date":"2023-04-03T14:56:00","date_gmt":"2023-04-03T14:56:00","guid":{"rendered":"http:\/\/talkpal.ai\/circa\/"},"modified":"2026-03-06T16:34:41","modified_gmt":"2026-03-06T16:34:41","slug":"circa","status":"publish","type":"page","link":"https:\/\/talkpal.ai\/it\/circa\/","title":{"rendered":"Circa"},"content":{"rendered":"\n<p id=\"h-\"><a href=\"https:\/\/talkpal.ai\/ko\/ai-%ec%96%b8%ec%96%b4-%ea%b5%90%ec%82%ac\/\">Talkpal<\/a>, Inc. \u00e8 un&#8217;azienda di apprendimento linguistico alimentato dall&#8217;intelligenza artificiale con la missione di rendere accessibile a tutti e ovunque parlare qualsiasi lingua. Talkpal sviluppa una delle piattaforme di tutor linguistici <a href=\"https:\/\/talkpal.ai\/speaking-with-ai\/\">AI<\/a> pi\u00f9 avanzate al mondo, aiutando milioni di <a href=\"https:\/\/talkpal.ai\/talkpal-discount-for-students\/\">studenti<\/a> a praticare conversazioni reali con sicurezza.<\/p>\n\n<p>Fondata nel 2023, Talkpal \u00e8 stata costruita sulla base di una semplice ma potente convinzione: l&#8217;apprendimento delle lingue non dovrebbe essere un privilegio e dovrebbe essere accessibile a tutti. Combinando l&#8217;intelligenza artificiale all&#8217;avanguardia con l&#8217;esperienza e la ricerca linguistica, Talkpal elimina le barriere tradizionali come il costo, il tempo e la paura di parlare, sostituendole con una pratica personalizzata e senza pressioni, disponibile su pi\u00f9 piattaforme 24 ore su 24, 7 giorni su 7.<\/p>\n\n<p>Oggi Talkpal supporta pi\u00f9 di 80 lingue, serve milioni di studenti in pi\u00f9 di 180 paesi ed \u00e8 disponibile su Web, <a href=\"https:\/\/talkpal.ai\/es\/descargar-la-aplicacion-talkpal-para-android-e-ios\/\">iOS<\/a> e <a href=\"https:\/\/talkpal.ai\/es\/descargar-la-aplicacion-talkpal-para-android-e-ios\/\">Android<\/a>.<\/p>\n\n<h2 class=\"wp-block-heading\" id=\"h-our-mission\">La nostra missione<\/h2>\n\n<p>La nostra missione \u00e8 rivoluzionare l&#8217;apprendimento delle lingue fornendo un&#8217;esperienza di tutoraggio linguistico coinvolgente, interattivo e personalizzato basato sull&#8217;intelligenza artificiale.<br\/><br\/>Ci impegniamo ad abbattere le barriere linguistiche, a promuovere connessioni globali e a coltivare una comunit\u00e0 di studenti appassionati, mettendoli in grado di comunicare con sicurezza e fluidit\u00e0 nella lingua che hanno scelto.<\/p>\n\n<h2 class=\"wp-block-heading\" id=\"h-our-vision\">La nostra visione<\/h2>\n\n<p>La nostra visione \u00e8 quella di diventare il principale <a href=\"https:\/\/talkpal.ai\/home\/\">tutor linguistico<\/a> AI del mondo, trasformando il modo in cui le persone imparano le lingue grazie a conversazioni immersive e contestualizzate e alla tecnologia di apprendimento adattivo.<br\/><br\/>Il nostro obiettivo \u00e8 quello di ispirare e coltivare l&#8217;amore per l&#8217;apprendimento delle lingue, incoraggiando lo scambio culturale e colmando il divario di comunicazione attraverso i confini, dando vita a un mondo pi\u00f9 connesso e comprensivo.<\/p>\n\n<h2 class=\"wp-block-heading\" id=\"h-our-story\">La nostra storia<\/h2>\n\n<p>Talkpal \u00e8 stata fondata da David Gegechkori (nella foto a sinistra) e Dimitri Dekanozishvili (nella foto a destra), spinti da una comune frustrazione nei confronti dei metodi tradizionali di apprendimento delle lingue che spesso non riescono a preparare gli studenti a parlare nel mondo reale.<\/p>\n\n<div class=\"wp-block-columns is-layout-flex wp-container-core-columns-is-layout-9d6595d7 wp-block-columns-is-layout-flex\">\n<div class=\"wp-block-column is-layout-flow wp-block-column-is-layout-flow\" style=\"flex-basis:50%\"><div class=\"wp-block-image\">\n<figure class=\"alignleft size-large\"><img decoding=\"async\" width=\"1024\" height=\"683\" src=\"https:\/\/talkpal.ai\/wp-content\/uploads\/2025\/12\/Talkpal-Entrepreneur-1024x683.jpg\" alt=\"\" class=\"wp-image-1557444\" style=\"aspect-ratio:1.4992888417882142\" srcset=\"https:\/\/talkpal.ai\/wp-content\/uploads\/2025\/12\/Talkpal-Entrepreneur-1024x683.jpg 1024w, https:\/\/talkpal.ai\/wp-content\/uploads\/2025\/12\/Talkpal-Entrepreneur-300x200.jpg 300w, https:\/\/talkpal.ai\/wp-content\/uploads\/2025\/12\/Talkpal-Entrepreneur-768x512.jpg 768w, https:\/\/talkpal.ai\/wp-content\/uploads\/2025\/12\/Talkpal-Entrepreneur.jpg 1344w\" sizes=\"(max-width: 1024px) 100vw, 1024px\" \/><\/figure>\n<\/div><\/div>\n\n\n\n<div class=\"wp-block-column is-layout-flow wp-block-column-is-layout-flow\" style=\"flex-basis:50%\">\n<p>Fin dall&#8217;inizio, l&#8217;obiettivo \u00e8 stato chiaro: costruire un compagno linguistico AI che si sentisse meno come un libro di testo e pi\u00f9 come un partner di conversazione di supporto. Il nome &#8220;Talkpal&#8221; riflette questa filosofia: un compagno amichevole e sempre disponibile che incoraggia gli studenti a esercitarsi a parlare senza paura di essere giudicati.<\/p>\n\n\n\n<p>Partendo da un prodotto basato sul web, Talkpal si \u00e8 rapidamente espanso alle piattaforme mobili, mettendo insieme un team globale di ingegneri AI, linguisti, educatori, marketer e designer di prodotti. Grazie alla continua iterazione, alla ricerca e al feedback degli utenti, Talkpal si \u00e8 evoluto in una piattaforma completa di apprendimento linguistico AI di cui si fidano milioni di persone in tutto il mondo.<\/p>\n<\/div>\n<\/div>\n\n<h2 class=\"wp-block-heading\" id=\"h-what-we-do\">Cosa facciamo<\/h2>\n\n<p>Talkpal offre esperienze di apprendimento vocale e testuale basate sull&#8217;intelligenza artificiale e progettate per simulare una reale interazione umana. La nostra piattaforma si adatta dinamicamente al livello, agli obiettivi e allo stile di apprendimento di ogni studente.<\/p>\n\n<p>Le principali funzionalit\u00e0 includono:<\/p>\n\n<ul class=\"wp-block-list\">\n<li>Conversazioni di <a href=\"https:\/\/talkpal.ai\/it\/parla-con-lintelligenza-artificiale-per-imparare-la-lingua\/\">intelligenza artificiale<\/a> naturale per esercitarsi a parlare<\/li>\n\n\n\n<li>Feedback in tempo reale su pronuncia, grammatica e fluidit\u00e0<\/li>\n\n\n\n<li>Supporto per principianti e studenti avanzati<\/li>\n\n\n\n<li>Lezioni in pi\u00f9 di 80 lingue mondiali, tra cui inglese, spagnolo, tedesco, francese, italiano, giapponese, cinese, coreano, arabo, olandese, portoghese, svedese, ebraico, greco, turco, finlandese e afrikaans, albanese, armeno, assamese, azero, basco, bielorusso, bengalese, bosniaco, bulgaro, birmano, cantonese, catalano, croato, ceco, danese, estone, galiziano, georgiano, gujarati, hindi, Ungherese, islandese, indonesiano, irlandese, giavanese, kannada, kazako, khmer, lao, lettone, lituano, macedone, malese, malayalam, maltese, maori, marathi, mongolo, nepalese, norvegese, odia, Pashto, persiano, polacco, punjabi, rumeno, russo, serbo, sinhala, slovacco, sloveno, somalo, swahili, tagalog, tamil, telugu, thai, ucraino, urdu, uzbeko, vietnamita, gallese, zulu e altro ancora.<\/li>\n\n\n\n<li>Un modello freemium con piani di abbonamento flessibili<\/li>\n\n\n\n<li>Soluzioni aziendali dedicate per universit\u00e0, scuole di lingua, aziende e altre organizzazioni<\/li>\n<\/ul>\n\n<p>I nostri contenuti e i nostri sistemi sono sviluppati in collaborazione con esperti linguistici e ricercatori di intelligenza artificiale, per garantire sia la solidit\u00e0 pedagogica che l&#8217;eccellenza tecnica.<\/p>\n\n<h2 class=\"wp-block-heading\" id=\"h-research-backed-learning\">Apprendimento basato sulla ricerca<\/h2>\n\n<p>L&#8217;efficacia di Talkpal \u00e8 stata esaminata in diversi studi accademici, in particolare in contesti ESL ed EFL. Le ricerche hanno dimostrato miglioramenti statisticamente significativi nella fluidit\u00e0 di conversazione, nella pronuncia, nella grammatica e nella sicurezza degli studenti quando si utilizzano strumenti di conversazione basati sull&#8217;intelligenza artificiale come Talkpal.<\/p>\n\n<p>Questo approccio orientato alla ricerca \u00e8 alla base del nostro impegno a costruire non solo una tecnologia innovativa, ma anche esperienze di apprendimento delle lingue che siano misurabilmente efficaci.<\/p>\n\n<h2 class=\"wp-block-heading\" id=\"h-trusted-by-learners-worldwide\">Fiducioso per gli studenti di tutto il mondo<\/h2>\n\n<p>Talkpal gode della fiducia di milioni di utenti in tutto il mondo e riceve costantemente ottime valutazioni negli app store e nelle piattaforme di recensioni. Gli studenti evidenziano spesso:<\/p>\n\n<ul class=\"wp-block-list\">\n<li>Un ambiente privo di pressioni per esercitarsi a parlare<\/li>\n\n\n\n<li>Un feedback immediato e perseguibile<\/li>\n\n\n\n<li>Flessibilit\u00e0 di apprendimento in qualsiasi momento e ovunque<\/li>\n\n\n\n<li>La possibilit\u00e0 di esercitarsi senza bisogno di un partner linguistico umano<\/li>\n<\/ul>\n\n<h2 class=\"wp-block-heading\" id=\"h-our-commitment\">Il nostro impegno<\/h2>\n\n<p>Noi di Talkpal ci impegniamo a:<\/p>\n\n<ul class=\"wp-block-list\">\n<li><strong>Innovazione<\/strong>: continui progressi nella tecnologia dell&#8217;intelligenza artificiale e dell&#8217;istruzione.<\/li>\n\n\n\n<li><strong>Qualit\u00e0<\/strong> &#8211; esperienze di apprendimento basate sulla ricerca<\/li>\n\n\n\n<li><strong>Accessibilit\u00e0<\/strong> &#8211; apprendimento delle lingue accessibile e inclusivo per tutti<\/li>\n\n\n\n<li><strong>Impatto globale<\/strong> &#8211; comunicazione tra culture diverse<\/li>\n<\/ul>\n\n<p>Crediamo che il linguaggio abbia il potere di cambiare la vita e che con l&#8217;intelligenza artificiale questo potere possa raggiungere tutti.<\/p>\n\n<p><\/p>\n","protected":false},"excerpt":{"rendered":"<p>Talkpal, Inc. \u00e8 un&#8217;azienda di apprendimento linguistico alimentato dall&#8217;intelligenza artificiale con la missione di rendere accessibile a tutti e ovunque parlare qualsiasi lingua. Talkpal sviluppa una delle piattaforme di tutor linguistici AI pi\u00f9 avanzate al mondo, aiutando milioni di studenti a praticare conversazioni reali con sicurezza. Fondata nel 2023, Talkpal \u00e8 stata costruita sulla base [&hellip;]<\/p>\n","protected":false},"author":1,"featured_media":197963,"parent":0,"menu_order":0,"comment_status":"closed","ping_status":"closed","template":"","meta":{"_acf_changed":false,"footnotes":""},"class_list":["post-9432","page","type-page","status-publish","has-post-thumbnail","hentry"],"acf":[],"yoast_head":"<!-- This site is optimized with the Yoast SEO Premium plugin v27.2 (Yoast SEO v27.2) - https:\/\/yoast.com\/product\/yoast-seo-premium-wordpress\/ -->\n<title>Circa - Talkpal<\/title>\n<meta name=\"description\" content=\"Talkpal \u00e8 un tutor di lingue AI basato su GPT, fondato con la convinzione che l&#039;apprendimento delle lingue debba essere accessibile a tutti.\" \/>\n<meta name=\"robots\" content=\"index, follow, max-snippet:-1, max-image-preview:large, max-video-preview:-1\" \/>\n<link rel=\"canonical\" href=\"https:\/\/talkpal.ai\/it\/circa\/\" \/>\n<meta property=\"og:locale\" content=\"it_IT\" \/>\n<meta property=\"og:type\" content=\"article\" \/>\n<meta property=\"og:title\" content=\"Circa\" \/>\n<meta property=\"og:description\" content=\"Talkpal, Inc. \u00e8 un&#039;azienda di apprendimento linguistico alimentato dall&#039;intelligenza artificiale con la missione di rendere accessibile a tutti e ovunque\" \/>\n<meta property=\"og:url\" content=\"https:\/\/talkpal.ai\/it\/circa\/\" \/>\n<meta property=\"og:site_name\" content=\"Talkpal\" \/>\n<meta property=\"article:publisher\" content=\"https:\/\/www.facebook.com\/profile.php?id=100090733639311\" \/>\n<meta property=\"article:modified_time\" content=\"2026-03-06T16:34:41+00:00\" \/>\n<meta property=\"og:image\" content=\"https:\/\/talkpal.ai\/wp-content\/uploads\/2024\/03\/Talkpal-Logo-Icon.png\" \/>\n\t<meta property=\"og:image:width\" content=\"5000\" \/>\n\t<meta property=\"og:image:height\" content=\"5000\" \/>\n\t<meta property=\"og:image:type\" content=\"image\/png\" \/>\n<meta name=\"twitter:card\" content=\"summary_large_image\" \/>\n<meta name=\"twitter:site\" content=\"@talkpalai\" \/>\n<meta name=\"twitter:label1\" content=\"Tempo di lettura stimato\" \/>\n\t<meta name=\"twitter:data1\" content=\"4 minuti\" \/>\n<script type=\"application\/ld+json\" class=\"yoast-schema-graph\">{\"@context\":\"https:\/\/schema.org\",\"@graph\":[{\"@type\":\"WebPage\",\"@id\":\"https:\/\/talkpal.ai\/it\/circa\/\",\"url\":\"https:\/\/talkpal.ai\/it\/circa\/\",\"name\":\"Circa - Talkpal\",\"isPartOf\":{\"@id\":\"https:\/\/talkpal.ai\/it\/#website\"},\"primaryImageOfPage\":{\"@id\":\"https:\/\/talkpal.ai\/it\/circa\/#primaryimage\"},\"image\":{\"@id\":\"https:\/\/talkpal.ai\/it\/circa\/#primaryimage\"},\"thumbnailUrl\":\"https:\/\/talkpal.ai\/wp-content\/uploads\/2024\/03\/Talkpal-Logo-Icon.png\",\"datePublished\":\"2023-04-03T14:56:00+00:00\",\"dateModified\":\"2026-03-06T16:34:41+00:00\",\"description\":\"Talkpal \u00e8 un tutor di lingue AI basato su GPT, fondato con la convinzione che l'apprendimento delle lingue debba essere accessibile a tutti.\",\"breadcrumb\":{\"@id\":\"https:\/\/talkpal.ai\/it\/circa\/#breadcrumb\"},\"inLanguage\":\"it-IT\",\"potentialAction\":[{\"@type\":\"ReadAction\",\"target\":[\"https:\/\/talkpal.ai\/it\/circa\/\"]}]},{\"@type\":\"ImageObject\",\"inLanguage\":\"it-IT\",\"@id\":\"https:\/\/talkpal.ai\/it\/circa\/#primaryimage\",\"url\":\"https:\/\/talkpal.ai\/wp-content\/uploads\/2024\/03\/Talkpal-Logo-Icon.png\",\"contentUrl\":\"https:\/\/talkpal.ai\/wp-content\/uploads\/2024\/03\/Talkpal-Logo-Icon.png\",\"width\":5000,\"height\":5000,\"caption\":\"Logo Talkpal\"},{\"@type\":\"BreadcrumbList\",\"@id\":\"https:\/\/talkpal.ai\/it\/circa\/#breadcrumb\",\"itemListElement\":[{\"@type\":\"ListItem\",\"position\":1,\"name\":\"Homepage\",\"item\":\"https:\/\/talkpal.ai\/it\/\"},{\"@type\":\"ListItem\",\"position\":2,\"name\":\"Circa\"}]},{\"@type\":\"WebSite\",\"@id\":\"https:\/\/talkpal.ai\/it\/#website\",\"url\":\"https:\/\/talkpal.ai\/it\/\",\"name\":\"Talkpal\",\"description\":\"AI Language Learning\",\"publisher\":{\"@id\":\"https:\/\/talkpal.ai\/it\/#organization\"},\"alternateName\":\"Talkpal AI\",\"potentialAction\":[{\"@type\":\"SearchAction\",\"target\":{\"@type\":\"EntryPoint\",\"urlTemplate\":\"https:\/\/talkpal.ai\/it\/?s={search_term_string}\"},\"query-input\":{\"@type\":\"PropertyValueSpecification\",\"valueRequired\":true,\"valueName\":\"search_term_string\"}}],\"inLanguage\":\"it-IT\"},{\"@type\":\"Organization\",\"@id\":\"https:\/\/talkpal.ai\/it\/#organization\",\"name\":\"Talkpal, Inc.\",\"alternateName\":\"Talkpal AI\",\"url\":\"https:\/\/talkpal.ai\/it\/\",\"logo\":{\"@type\":\"ImageObject\",\"inLanguage\":\"it-IT\",\"@id\":\"https:\/\/talkpal.ai\/it\/#\/schema\/logo\/image\/\",\"url\":\"https:\/\/talkpal.ai\/wp-content\/uploads\/2024\/03\/Talkpal-Logo-Icon.png\",\"contentUrl\":\"https:\/\/talkpal.ai\/wp-content\/uploads\/2024\/03\/Talkpal-Logo-Icon.png\",\"width\":2880,\"height\":2880,\"caption\":\"Talkpal, Inc.\"},\"image\":{\"@id\":\"https:\/\/talkpal.ai\/it\/#\/schema\/logo\/image\/\"},\"sameAs\":[\"https:\/\/www.facebook.com\/profile.php?id=100090733639311\",\"https:\/\/x.com\/talkpalai\",\"https:\/\/www.linkedin.com\/company\/talkpal\/\",\"https:\/\/www.youtube.com\/@TalkPal\/\",\"https:\/\/www.tiktok.com\/@talkpal\",\"https:\/\/www.instagram.com\/talkpal_ai\/\",\"https:\/\/www.crunchbase.com\/organization\/talkpal-9cde\",\"https:\/\/www.g2.com\/products\/talkpal-for-business\/\",\"https:\/\/www.trustpilot.com\/review\/talkpal.ai\",\"https:\/\/www.capterra.com\/p\/10006800\/TalkPal\/\"],\"description\":\"Talkpal is a language learning web and mobile education app, powered by the latest AI technologies, that provides engaging experiences to its customers in many different languages to help them improve their language skills. Users can chat about unlimited amount of topics with the app and use other modes to practice their language learning.\",\"email\":\"support@talkpal.ai\",\"legalName\":\"Talkpal, Inc.\",\"foundingDate\":\"2023-04-03\",\"duns\":\"118989042\",\"numberOfEmployees\":{\"@type\":\"QuantitativeValue\",\"minValue\":\"11\",\"maxValue\":\"50\"},\"publishingPrinciples\":\"https:\/\/talkpal.ai\/publishing-principles\/\",\"actionableFeedbackPolicy\":\"https:\/\/talkpal.ai\/actionable-feedback-policy\/\",\"correctionsPolicy\":\"https:\/\/talkpal.ai\/corrections-policy\/\",\"ethicsPolicy\":\"https:\/\/talkpal.ai\/ethics-policy\/\",\"diversityPolicy\":\"https:\/\/talkpal.ai\/diversity-policy\/\",\"diversityStaffingReport\":\"https:\/\/talkpal.ai\/diversity-policy\/\"}]}<\/script>\n<!-- \/ Yoast SEO Premium plugin. -->","yoast_head_json":{"title":"Circa - Talkpal","description":"Talkpal \u00e8 un tutor di lingue AI basato su GPT, fondato con la convinzione che l'apprendimento delle lingue debba essere accessibile a tutti.","robots":{"index":"index","follow":"follow","max-snippet":"max-snippet:-1","max-image-preview":"max-image-preview:large","max-video-preview":"max-video-preview:-1"},"canonical":"https:\/\/talkpal.ai\/it\/circa\/","og_locale":"it_IT","og_type":"article","og_title":"Circa","og_description":"Talkpal, Inc. \u00e8 un'azienda di apprendimento linguistico alimentato dall'intelligenza artificiale con la missione di rendere accessibile a tutti e ovunque","og_url":"https:\/\/talkpal.ai\/it\/circa\/","og_site_name":"Talkpal","article_publisher":"https:\/\/www.facebook.com\/profile.php?id=100090733639311","article_modified_time":"2026-03-06T16:34:41+00:00","og_image":[{"width":5000,"height":5000,"url":"https:\/\/talkpal.ai\/wp-content\/uploads\/2024\/03\/Talkpal-Logo-Icon.png","type":"image\/png"}],"twitter_card":"summary_large_image","twitter_site":"@talkpalai","twitter_misc":{"Tempo di lettura stimato":"4 minuti"},"schema":{"@context":"https:\/\/schema.org","@graph":[{"@type":"WebPage","@id":"https:\/\/talkpal.ai\/it\/circa\/","url":"https:\/\/talkpal.ai\/it\/circa\/","name":"Circa - Talkpal","isPartOf":{"@id":"https:\/\/talkpal.ai\/it\/#website"},"primaryImageOfPage":{"@id":"https:\/\/talkpal.ai\/it\/circa\/#primaryimage"},"image":{"@id":"https:\/\/talkpal.ai\/it\/circa\/#primaryimage"},"thumbnailUrl":"https:\/\/talkpal.ai\/wp-content\/uploads\/2024\/03\/Talkpal-Logo-Icon.png","datePublished":"2023-04-03T14:56:00+00:00","dateModified":"2026-03-06T16:34:41+00:00","description":"Talkpal \u00e8 un tutor di lingue AI basato su GPT, fondato con la convinzione che l'apprendimento delle lingue debba essere accessibile a tutti.","breadcrumb":{"@id":"https:\/\/talkpal.ai\/it\/circa\/#breadcrumb"},"inLanguage":"it-IT","potentialAction":[{"@type":"ReadAction","target":["https:\/\/talkpal.ai\/it\/circa\/"]}]},{"@type":"ImageObject","inLanguage":"it-IT","@id":"https:\/\/talkpal.ai\/it\/circa\/#primaryimage","url":"https:\/\/talkpal.ai\/wp-content\/uploads\/2024\/03\/Talkpal-Logo-Icon.png","contentUrl":"https:\/\/talkpal.ai\/wp-content\/uploads\/2024\/03\/Talkpal-Logo-Icon.png","width":5000,"height":5000,"caption":"Logo Talkpal"},{"@type":"BreadcrumbList","@id":"https:\/\/talkpal.ai\/it\/circa\/#breadcrumb","itemListElement":[{"@type":"ListItem","position":1,"name":"Homepage","item":"https:\/\/talkpal.ai\/it\/"},{"@type":"ListItem","position":2,"name":"Circa"}]},{"@type":"WebSite","@id":"https:\/\/talkpal.ai\/it\/#website","url":"https:\/\/talkpal.ai\/it\/","name":"Talkpal","description":"AI Language Learning","publisher":{"@id":"https:\/\/talkpal.ai\/it\/#organization"},"alternateName":"Talkpal AI","potentialAction":[{"@type":"SearchAction","target":{"@type":"EntryPoint","urlTemplate":"https:\/\/talkpal.ai\/it\/?s={search_term_string}"},"query-input":{"@type":"PropertyValueSpecification","valueRequired":true,"valueName":"search_term_string"}}],"inLanguage":"it-IT"},{"@type":"Organization","@id":"https:\/\/talkpal.ai\/it\/#organization","name":"Talkpal, Inc.","alternateName":"Talkpal AI","url":"https:\/\/talkpal.ai\/it\/","logo":{"@type":"ImageObject","inLanguage":"it-IT","@id":"https:\/\/talkpal.ai\/it\/#\/schema\/logo\/image\/","url":"https:\/\/talkpal.ai\/wp-content\/uploads\/2024\/03\/Talkpal-Logo-Icon.png","contentUrl":"https:\/\/talkpal.ai\/wp-content\/uploads\/2024\/03\/Talkpal-Logo-Icon.png","width":2880,"height":2880,"caption":"Talkpal, Inc."},"image":{"@id":"https:\/\/talkpal.ai\/it\/#\/schema\/logo\/image\/"},"sameAs":["https:\/\/www.facebook.com\/profile.php?id=100090733639311","https:\/\/x.com\/talkpalai","https:\/\/www.linkedin.com\/company\/talkpal\/","https:\/\/www.youtube.com\/@TalkPal\/","https:\/\/www.tiktok.com\/@talkpal","https:\/\/www.instagram.com\/talkpal_ai\/","https:\/\/www.crunchbase.com\/organization\/talkpal-9cde","https:\/\/www.g2.com\/products\/talkpal-for-business\/","https:\/\/www.trustpilot.com\/review\/talkpal.ai","https:\/\/www.capterra.com\/p\/10006800\/TalkPal\/"],"description":"Talkpal is a language learning web and mobile education app, powered by the latest AI technologies, that provides engaging experiences to its customers in many different languages to help them improve their language skills. Users can chat about unlimited amount of topics with the app and use other modes to practice their language learning.","email":"support@talkpal.ai","legalName":"Talkpal, Inc.","foundingDate":"2023-04-03","duns":"118989042","numberOfEmployees":{"@type":"QuantitativeValue","minValue":"11","maxValue":"50"},"publishingPrinciples":"https:\/\/talkpal.ai\/publishing-principles\/","actionableFeedbackPolicy":"https:\/\/talkpal.ai\/actionable-feedback-policy\/","correctionsPolicy":"https:\/\/talkpal.ai\/corrections-policy\/","ethicsPolicy":"https:\/\/talkpal.ai\/ethics-policy\/","diversityPolicy":"https:\/\/talkpal.ai\/diversity-policy\/","diversityStaffingReport":"https:\/\/talkpal.ai\/diversity-policy\/"}]}},"_links":{"self":[{"href":"https:\/\/talkpal.ai\/it\/wp-json\/wp\/v2\/pages\/9432","targetHints":{"allow":["GET"]}}],"collection":[{"href":"https:\/\/talkpal.ai\/it\/wp-json\/wp\/v2\/pages"}],"about":[{"href":"https:\/\/talkpal.ai\/it\/wp-json\/wp\/v2\/types\/page"}],"author":[{"embeddable":true,"href":"https:\/\/talkpal.ai\/it\/wp-json\/wp\/v2\/users\/1"}],"replies":[{"embeddable":true,"href":"https:\/\/talkpal.ai\/it\/wp-json\/wp\/v2\/comments?post=9432"}],"version-history":[{"count":0,"href":"https:\/\/talkpal.ai\/it\/wp-json\/wp\/v2\/pages\/9432\/revisions"}],"wp:featuredmedia":[{"embeddable":true,"href":"https:\/\/talkpal.ai\/it\/wp-json\/wp\/v2\/media\/197963"}],"wp:attachment":[{"href":"https:\/\/talkpal.ai\/it\/wp-json\/wp\/v2\/media?parent=9432"}],"curies":[{"name":"wp","href":"https:\/\/api.w.org\/{rel}","templated":true}]}}