{"id":91325,"date":"2023-03-26T11:55:54","date_gmt":"2023-03-26T11:55:54","guid":{"rendered":"http:\/\/talkpal.ai\/grammatica-spagnola\/"},"modified":"2025-05-22T18:50:56","modified_gmt":"2025-05-22T18:50:56","slug":"grammatica-spagnola","status":"publish","type":"page","link":"https:\/\/talkpal.ai\/it\/grammatica-spagnola\/","title":{"rendered":"Grammatica spagnola"},"content":{"rendered":"\r\n\r\n\r\n<section class=\"languageChallengeSection\">\r\n    <div class=\"languageInfoWrapper\">\r\n        \r\n        <h1>Grammatica spagnola<\/h1>\r\n        <p>Immergiti nel vivace mondo dello <a href=\"https:\/\/talkpal.ai\/learn-spanish\/\">spagnolo<\/a> padroneggiando le sue regole grammaticali essenziali. Capire la <a href=\"https:\/\/talkpal.ai\/it\/cosa-ce-di-speciale-nella-grammatica-spagnola\/\">grammatica spagnola<\/a> ti aiuter\u00e0 a comunicare con sicurezza e ad aprire nuove connessioni con milioni di persone in tutto il mondo. Inizia a <a href=\"https:\/\/talkpal.ai\/grammar\/\">imparare la grammatica<\/a> spagnola oggi stesso e fai il primo passo verso la fluidit\u00e0!<\/p>\r\n\r\n                            <a class=\"getStartedHidden\" href=\"https:\/\/app.talkpal.ai\/it\/signup?lng=\">Comincia<\/a>\r\n        \r\n    <\/div>\r\n\r\n    <figure>\r\n    <img decoding=\"async\" width=\"768\" height=\"768\" src=\"https:\/\/talkpal.ai\/wp-content\/uploads\/2023\/06\/Spanish-768x768.png\" class=\"languageImage no-lazy\" alt=\"Default alt text\" fetchpriority=\"high\" sizes=\"(max-width: 768px) 150px, 768px\" srcset=\"https:\/\/talkpal.ai\/wp-content\/uploads\/2023\/06\/Spanish-768x768.png 768w, https:\/\/talkpal.ai\/wp-content\/uploads\/2023\/06\/Spanish-300x300.png 300w\" \/>\r\n    \r\n\r\n    <\/figure>\r\n\r\n            <a class=\"getStartedVisible\" href=\"https:\/\/app.talkpal.ai\/it\/signup?lng=\">Comincia<\/a>\r\n    \r\n<\/section>\r\n        <section class=\"grammarSection\">\r\n            <div class=\"grammarLinks\">\r\n                <a href=\"https:\/\/talkpal.ai\/it\/language\/aggettivi-grammatica-spagnola\/\">Aggettivi <\/a><a href=\"https:\/\/talkpal.ai\/it\/language\/articoli-grammatica-spagnola\/\">Articoli <\/a><a href=\"https:\/\/talkpal.ai\/it\/language\/avverbi-grammatica-spagnola\/\">Avverbi <\/a><a href=\"https:\/\/talkpal.ai\/it\/language\/congiuntivo-grammatica-spagnola\/\">Congiuntivo <\/a><a href=\"https:\/\/talkpal.ai\/it\/language\/preposizioni-grammatica-spagnola\/\">Preposizioni <\/a><a href=\"https:\/\/talkpal.ai\/it\/language\/pronomi-grammatica-spagnola\/\">Pronomi <\/a><a href=\"https:\/\/talkpal.ai\/it\/language\/sostantivi-grammatica-spagnola\/\">Sostantivi <\/a><a href=\"https:\/\/talkpal.ai\/it\/language\/struttura-della-frase-grammatica-spagnola\/\">Struttura della frase <\/a><a href=\"https:\/\/talkpal.ai\/it\/language\/tempi-indicativi-grammatica-spagnola\/\">Tempi Indicativi <\/a><a href=\"https:\/\/talkpal.ai\/it\/language\/verbi-grammatica-spagnola\/\">Verbi <\/a>            <\/div>\r\n        <\/section>\r\n    <section class=\"promotionalBanner\">\r\n    <p class=\"promotionalText\"><\/p>\r\n    <a class=\"promotionalLink\" href=\"https:\/\/app.talkpal.ai\/it\/signup?lng=\"><\/a>\r\n<\/section>\n<div class=\"wp-block-group pageContainerStyle\"><div class=\"wp-block-group__inner-container is-layout-constrained wp-block-group-is-layout-constrained\">\n<h2 class=\"wp-block-heading\" id=\"h-a-quick-guide-to-learning-spanish-grammar\">Una guida rapida per imparare la grammatica spagnola<\/h2>\n\n\n\n<p>Se hai mai pensato di imparare una nuova lingua, \u00e8 molto probabile che lo spagnolo ti sia passato per la testa. Essendo una delle <a href=\"https:\/\/talkpal.ai\/the-10-most-spoken-languages-in-the-world\/\">lingue pi\u00f9 parlate<\/a> al mondo, lo spagnolo offre numerosi vantaggi per la crescita personale e professionale. <a href=\"https:\/\/talkpal.ai\/it\/libri-per-imparare-lo-spagnolo\/\">Imparare lo spagnolo<\/a> non solo ti dar\u00e0 accesso a nuove culture, ma migliorer\u00e0 anche le tue capacit\u00e0 comunicative. Sebbene molte persone abbiano paura di rimanere invischiate nelle regole grammaticali, puoi tirare un sospiro di sollievo, poich\u00e9 la grammatica spagnola \u00e8 relativamente semplice. In questo articolo ti forniremo una guida rapida per aiutarti a navigare nell&#8217;eccitante mondo della grammatica spagnola come un professionista!<\/p>\n\n\n\n<h3 class=\"wp-block-heading\" id=\"h-1-understanding-spanish-nouns-and-articles\">1. Comprendere i sostantivi e gli articoli spagnoli<\/h3>\n\n\n\n<p>I sostantivi spagnoli, come in <a href=\"https:\/\/talkpal.ai\/learn-italian\/\">italiano<\/a>, sono usati per identificare persone, luoghi, oggetti, idee e sentimenti. La prima regola da ricordare sui sostantivi spagnoli \u00e8 che hanno un genere. I sostantivi spagnoli sono maschili o femminili. Ad esempio, &#8220;libro&#8221; \u00e8 maschile e &#8220;casa&#8221; \u00e8 femminile. Spesso i sostantivi che terminano in &#8216;o&#8217; sono maschili, mentre quelli che terminano in &#8216;a&#8217; sono femminili.<\/p>\n\n\n\n<p>Gli articoli spagnoli sono simili agli articoli inglesi &#8220;the&#8221;, &#8220;a&#8221; o &#8220;an&#8221;. Sono una parte cruciale della lingua in quanto devono concordare con il genere e il numero del sostantivo che descrivono. Esistono quattro tipi di articoli spagnoli:<\/p>\n\n\n\n<p>&#8211; <strong>Articoli definitivi:<\/strong> el (il maschile singolare), la (il femminile singolare), los (il maschile <a href=\"https:\/\/talkpal.ai\/zh-hans\/grammar_exercises\/plurale-%e6%84%8f%e5%a4%a7%e5%88%a9%e8%af%ad%e6%b3%95%e7%bb%83%e4%b9%a0\/\">plurale<\/a>) e las (il femminile plurale).<br\/>&#8211; <strong>Articoli indefiniti:<\/strong> un (un\/una maschile singolare), una (un\/una femminile singolare), unos (alcuni plurali maschili) e unas (alcuni plurali femminili).<\/p>\n\n\n\n<h3 class=\"wp-block-heading\" id=\"h-2-slaying-spanish-verbs-conjugation-and-tenses\">2. Uccidere i verbi spagnoli: coniugazione e tempi<\/h3>\n\n\n\n<p>Uno degli aspetti pi\u00f9 importanti dell&#8217;apprendimento della grammatica spagnola \u00e8 la comprensione della coniugazione dei verbi. Coniugare significa semplicemente modificare la forma della radice del verbo per adattarla al soggetto e al tempo. Ad esempio, in spagnolo si dice &#8220;Yo como&#8221; (io mangio) e &#8220;\u00e9l come&#8221; (lui mangia). Si noti che il verbo comer (mangiare) cambia forma quando si cambia soggetto.<\/p>\n\n\n\n<p><strong>Alcuni verbi regolari comuni in spagnolo includono:<\/strong><\/p>\n\n\n\n<p>&#8211; Verbi AR: hablar (parlare), amar (amare) e bailar (ballare).<br\/>&#8211; Verbi ER: comer (mangiare), aprender (imparare) e vender (vendere).<br\/>&#8211; Verbi IR: vivir (vivere), escribir (scrivere) e descubrir (scoprire).<\/p>\n\n\n\n<p>Proprio come in inglese, lo spagnolo ha pi\u00f9 tempi verbali per indicare il momento in cui si verifica un&#8217;azione. I pi\u00f9 fondamentali sono:<\/p>\n\n\n\n<p><strong>&#8211; Presente<\/strong><br\/><strong>&#8211; Preterito<\/strong><br\/><strong>&#8211; Imperfetto<\/strong><br\/><strong>&#8211; Il futuro<\/strong><br\/><strong>&#8211; Condizionale<\/strong><br\/><strong>&#8211; Congiuntivo presente<\/strong><br\/><strong>&#8211; Imperfetto congiuntivo<\/strong><\/p>\n\n\n\n<p>Non stressarti per imparare tutti i tempi verbali in una volta sola. Affrontali uno alla volta e fai pratica finch\u00e9 non ti sentirai a tuo agio nell&#8217;usarli.<\/p>\n\n\n\n<h3 class=\"wp-block-heading\" id=\"h-3-creating-sentences-with-spanish-adjectives-and-adverbs\">3. Creare frasi con aggettivi e avverbi spagnoli<\/h3>\n\n\n\n<p>Gli aggettivi e gli avverbi svolgono un ruolo essenziale nel ravvivare le tue frasi spagnole. Gli aggettivi descrivono qualit\u00e0 o caratteristiche dei sostantivi, mentre gli avverbi descrivono azioni o verbi. In spagnolo, gli aggettivi devono concordare con il sostantivo che descrivono, sia nel genere che nel numero.<\/p>\n\n\n\n<p>Una differenza fondamentale tra lo spagnolo e l&#8217;inglese \u00e8 l&#8217;ordine degli aggettivi. Gli aggettivi spagnoli vengono tipicamente dopo il sostantivo, ad esempio &#8220;un coche rojo&#8221; (un&#8217;auto rossa).<\/p>\n\n\n\n<p>Gli avverbi spagnoli, d&#8217;altra parte, non cambiano mai per genere o numero. Proprio come in inglese, gli avverbi vengono di solito dopo il verbo che modificano, ad esempio &#8220;Ella habla r\u00e1pidamente&#8221; (Ella parla velocemente).<\/p>\n\n\n\n<h3 class=\"wp-block-heading\" id=\"h-conclusion\">Conclusione<\/h3>\n\n\n\n<p>La grammatica spagnola non deve spaventarti! Certo, richiede pratica, ma seguendo queste semplici linee guida sarai sulla buona strada per diventare un eccezionale parlante di spagnolo. Ricorda sempre di interagire con la lingua in modo divertente e colloquiale, mentre esplori nomi, verbi, aggettivi e avverbi. Continua a esercitarti, abbraccia la cultura e lascia che il tuo viaggio spagnolo si svolga. Buena suerte!<\/p>\n<\/div><\/div>\n\r\n<section class=\"learnNavigationSection\">\r\n            \r\n        <a href=\"https:\/\/talkpal.ai\/it\/imparare-lo-spagnolo\/\">\r\n            <div class=\"learnNavigationWrapper\">\r\n                <div class=\"learnNavigationContent\">\r\n                    <img decoding=\"async\" src=\"https:\/\/talkpal.ai\/wp-content\/uploads\/2024\/08\/Spanish.jpg\" alt=\"Spanish Flag\">\r\n                    <div>\r\n                        <h4>Informazioni sull&#039;apprendimento dello spagnolo<\/h4>\r\n                        <p>Scoprite tutto sulla grammatica spagnola.<\/p>\r\n                    <\/div>\r\n                <\/div>\r\n            <\/div>\r\n        <\/a>\r\n\r\n        \r\n        <a href=\"https:\/\/talkpal.ai\/it\/esercizi-di-grammatica-spagnola\/\">\r\n            <div class=\"learnNavigationWrapper\">\r\n                <div class=\"learnNavigationContent\">\r\n                    <img decoding=\"async\" src=\"https:\/\/talkpal.ai\/wp-content\/uploads\/2024\/08\/Spanish.jpg\" alt=\"Spanish Flag\">\r\n                    <div>\r\n                        <h4>Esercizio di grammatica spagnola<\/h4>\r\n                        <p>Pratica la grammatica spagnola .<\/p>\r\n                    <\/div>\r\n                <\/div>\r\n            <\/div>\r\n        <\/a>\r\n\r\n        \r\n        <a href=\"https:\/\/talkpal.ai\/vocabulary_language\/spanish\/\">\r\n            <div class=\"learnNavigationWrapper\">\r\n                <div class=\"learnNavigationContent\">\r\n                    <img decoding=\"async\" src=\"https:\/\/talkpal.ai\/wp-content\/uploads\/2024\/08\/Spanish.jpg\" alt=\"Spanish Flag\">\r\n                    <div>\r\n                        <h4>Vocabolario spagnolo<\/h4>\r\n                        <p>Amplia il tuo vocabolario di spagnolo.<\/p>\r\n                    <\/div>\r\n                <\/div>\r\n            <\/div>\r\n        <\/a>\r\n\r\n            <\/section>","protected":false},"excerpt":{"rendered":"<p>Una guida rapida per imparare la grammatica spagnola Se hai mai pensato di imparare una nuova lingua, \u00e8 molto probabile che lo spagnolo ti sia passato per la testa. Essendo una delle lingue pi\u00f9 parlate al mondo, lo spagnolo offre numerosi vantaggi per la crescita personale e professionale. Imparare lo spagnolo non solo ti dar\u00e0 [&hellip;]<\/p>\n","protected":false},"author":1,"featured_media":670,"parent":0,"menu_order":0,"comment_status":"closed","ping_status":"closed","template":"LearningContentPage.php","meta":{"_acf_changed":false,"footnotes":""},"class_list":["post-91325","page","type-page","status-publish","has-post-thumbnail","hentry"],"acf":[],"yoast_head":"<!-- This site is optimized with the Yoast SEO Premium plugin v27.2 (Yoast SEO v27.2) - https:\/\/yoast.com\/product\/yoast-seo-premium-wordpress\/ -->\n<title>Grammatica spagnola - Talkpal<\/title>\n<meta name=\"description\" content=\"Migliora le tue competenze grammaticali in spagnolo con esercizi interattivi pensati per tutti i livelli di competenza. Pratica lo spagnolo in modo efficace!\" \/>\n<meta name=\"robots\" content=\"index, follow, max-snippet:-1, max-image-preview:large, max-video-preview:-1\" \/>\n<link rel=\"canonical\" href=\"https:\/\/talkpal.ai\/it\/grammatica-spagnola\/\" \/>\n<meta property=\"og:locale\" content=\"it_IT\" \/>\n<meta property=\"og:type\" content=\"article\" \/>\n<meta property=\"og:title\" content=\"Grammatica spagnola\" \/>\n<meta property=\"og:description\" content=\"Una guida rapida per imparare la grammatica spagnola Se hai mai pensato di imparare una nuova lingua, \u00e8 molto probabile che lo spagnolo ti sia passato per\" \/>\n<meta property=\"og:url\" content=\"https:\/\/talkpal.ai\/it\/grammatica-spagnola\/\" \/>\n<meta property=\"og:site_name\" content=\"Talkpal\" \/>\n<meta property=\"article:publisher\" content=\"https:\/\/www.facebook.com\/profile.php?id=100090733639311\" \/>\n<meta property=\"article:modified_time\" content=\"2025-05-22T18:50:56+00:00\" \/>\n<meta property=\"og:image\" content=\"https:\/\/talkpal.ai\/wp-content\/uploads\/2023\/03\/spain.png\" \/>\n\t<meta property=\"og:image:width\" content=\"512\" \/>\n\t<meta property=\"og:image:height\" content=\"512\" \/>\n\t<meta property=\"og:image:type\" content=\"image\/png\" \/>\n<meta name=\"twitter:card\" content=\"summary_large_image\" \/>\n<meta name=\"twitter:site\" content=\"@talkpalai\" \/>\n<meta name=\"twitter:label1\" content=\"Tempo di lettura stimato\" \/>\n\t<meta name=\"twitter:data1\" content=\"3 minuti\" \/>\n<script type=\"application\/ld+json\" class=\"yoast-schema-graph\">{\"@context\":\"https:\/\/schema.org\",\"@graph\":[{\"@type\":\"WebPage\",\"@id\":\"https:\/\/talkpal.ai\/it\/grammatica-spagnola\/\",\"url\":\"https:\/\/talkpal.ai\/it\/grammatica-spagnola\/\",\"name\":\"Grammatica spagnola - Talkpal\",\"isPartOf\":{\"@id\":\"https:\/\/talkpal.ai\/it\/#website\"},\"primaryImageOfPage\":{\"@id\":\"https:\/\/talkpal.ai\/it\/grammatica-spagnola\/#primaryimage\"},\"image\":{\"@id\":\"https:\/\/talkpal.ai\/it\/grammatica-spagnola\/#primaryimage\"},\"thumbnailUrl\":\"https:\/\/talkpal.ai\/wp-content\/uploads\/2023\/03\/spain.png\",\"datePublished\":\"2023-03-26T11:55:54+00:00\",\"dateModified\":\"2025-05-22T18:50:56+00:00\",\"description\":\"Migliora le tue competenze grammaticali in spagnolo con esercizi interattivi pensati per tutti i livelli di competenza. Pratica lo spagnolo in modo efficace!\",\"breadcrumb\":{\"@id\":\"https:\/\/talkpal.ai\/it\/grammatica-spagnola\/#breadcrumb\"},\"inLanguage\":\"it-IT\",\"potentialAction\":[{\"@type\":\"ReadAction\",\"target\":[\"https:\/\/talkpal.ai\/it\/grammatica-spagnola\/\"]}]},{\"@type\":\"ImageObject\",\"inLanguage\":\"it-IT\",\"@id\":\"https:\/\/talkpal.ai\/it\/grammatica-spagnola\/#primaryimage\",\"url\":\"https:\/\/talkpal.ai\/wp-content\/uploads\/2023\/03\/spain.png\",\"contentUrl\":\"https:\/\/talkpal.ai\/wp-content\/uploads\/2023\/03\/spain.png\",\"width\":512,\"height\":512,\"caption\":\"TalkPal AI learn Spanish\"},{\"@type\":\"BreadcrumbList\",\"@id\":\"https:\/\/talkpal.ai\/it\/grammatica-spagnola\/#breadcrumb\",\"itemListElement\":[{\"@type\":\"ListItem\",\"position\":1,\"name\":\"Homepage\",\"item\":\"https:\/\/talkpal.ai\/it\/\"},{\"@type\":\"ListItem\",\"position\":2,\"name\":\"Grammatica spagnola\"}]},{\"@type\":\"WebSite\",\"@id\":\"https:\/\/talkpal.ai\/it\/#website\",\"url\":\"https:\/\/talkpal.ai\/it\/\",\"name\":\"Talkpal\",\"description\":\"AI Language Learning\",\"publisher\":{\"@id\":\"https:\/\/talkpal.ai\/it\/#organization\"},\"alternateName\":\"Talkpal AI\",\"potentialAction\":[{\"@type\":\"SearchAction\",\"target\":{\"@type\":\"EntryPoint\",\"urlTemplate\":\"https:\/\/talkpal.ai\/it\/?s={search_term_string}\"},\"query-input\":{\"@type\":\"PropertyValueSpecification\",\"valueRequired\":true,\"valueName\":\"search_term_string\"}}],\"inLanguage\":\"it-IT\"},{\"@type\":\"Organization\",\"@id\":\"https:\/\/talkpal.ai\/it\/#organization\",\"name\":\"Talkpal, Inc.\",\"alternateName\":\"Talkpal AI\",\"url\":\"https:\/\/talkpal.ai\/it\/\",\"logo\":{\"@type\":\"ImageObject\",\"inLanguage\":\"it-IT\",\"@id\":\"https:\/\/talkpal.ai\/it\/#\/schema\/logo\/image\/\",\"url\":\"https:\/\/talkpal.ai\/wp-content\/uploads\/2024\/03\/Talkpal-Logo-Icon.png\",\"contentUrl\":\"https:\/\/talkpal.ai\/wp-content\/uploads\/2024\/03\/Talkpal-Logo-Icon.png\",\"width\":2880,\"height\":2880,\"caption\":\"Talkpal, Inc.\"},\"image\":{\"@id\":\"https:\/\/talkpal.ai\/it\/#\/schema\/logo\/image\/\"},\"sameAs\":[\"https:\/\/www.facebook.com\/profile.php?id=100090733639311\",\"https:\/\/x.com\/talkpalai\",\"https:\/\/www.linkedin.com\/company\/talkpal\/\",\"https:\/\/www.youtube.com\/@TalkPal\/\",\"https:\/\/www.tiktok.com\/@talkpal\",\"https:\/\/www.instagram.com\/talkpal_ai\/\",\"https:\/\/www.crunchbase.com\/organization\/talkpal-9cde\",\"https:\/\/www.g2.com\/products\/talkpal-for-business\/\",\"https:\/\/www.trustpilot.com\/review\/talkpal.ai\",\"https:\/\/www.capterra.com\/p\/10006800\/TalkPal\/\"],\"description\":\"Talkpal is a language learning web and mobile education app, powered by the latest AI technologies, that provides engaging experiences to its customers in many different languages to help them improve their language skills. Users can chat about unlimited amount of topics with the app and use other modes to practice their language learning.\",\"email\":\"support@talkpal.ai\",\"legalName\":\"Talkpal, Inc.\",\"foundingDate\":\"2023-04-03\",\"duns\":\"118989042\",\"numberOfEmployees\":{\"@type\":\"QuantitativeValue\",\"minValue\":\"11\",\"maxValue\":\"50\"},\"publishingPrinciples\":\"https:\/\/talkpal.ai\/publishing-principles\/\",\"actionableFeedbackPolicy\":\"https:\/\/talkpal.ai\/actionable-feedback-policy\/\",\"correctionsPolicy\":\"https:\/\/talkpal.ai\/corrections-policy\/\",\"ethicsPolicy\":\"https:\/\/talkpal.ai\/ethics-policy\/\",\"diversityPolicy\":\"https:\/\/talkpal.ai\/diversity-policy\/\",\"diversityStaffingReport\":\"https:\/\/talkpal.ai\/diversity-policy\/\"}]}<\/script>\n<!-- \/ Yoast SEO Premium plugin. -->","yoast_head_json":{"title":"Grammatica spagnola - Talkpal","description":"Migliora le tue competenze grammaticali in spagnolo con esercizi interattivi pensati per tutti i livelli di competenza. Pratica lo spagnolo in modo efficace!","robots":{"index":"index","follow":"follow","max-snippet":"max-snippet:-1","max-image-preview":"max-image-preview:large","max-video-preview":"max-video-preview:-1"},"canonical":"https:\/\/talkpal.ai\/it\/grammatica-spagnola\/","og_locale":"it_IT","og_type":"article","og_title":"Grammatica spagnola","og_description":"Una guida rapida per imparare la grammatica spagnola Se hai mai pensato di imparare una nuova lingua, \u00e8 molto probabile che lo spagnolo ti sia passato per","og_url":"https:\/\/talkpal.ai\/it\/grammatica-spagnola\/","og_site_name":"Talkpal","article_publisher":"https:\/\/www.facebook.com\/profile.php?id=100090733639311","article_modified_time":"2025-05-22T18:50:56+00:00","og_image":[{"width":512,"height":512,"url":"https:\/\/talkpal.ai\/wp-content\/uploads\/2023\/03\/spain.png","type":"image\/png"}],"twitter_card":"summary_large_image","twitter_site":"@talkpalai","twitter_misc":{"Tempo di lettura stimato":"3 minuti"},"schema":{"@context":"https:\/\/schema.org","@graph":[{"@type":"WebPage","@id":"https:\/\/talkpal.ai\/it\/grammatica-spagnola\/","url":"https:\/\/talkpal.ai\/it\/grammatica-spagnola\/","name":"Grammatica spagnola - Talkpal","isPartOf":{"@id":"https:\/\/talkpal.ai\/it\/#website"},"primaryImageOfPage":{"@id":"https:\/\/talkpal.ai\/it\/grammatica-spagnola\/#primaryimage"},"image":{"@id":"https:\/\/talkpal.ai\/it\/grammatica-spagnola\/#primaryimage"},"thumbnailUrl":"https:\/\/talkpal.ai\/wp-content\/uploads\/2023\/03\/spain.png","datePublished":"2023-03-26T11:55:54+00:00","dateModified":"2025-05-22T18:50:56+00:00","description":"Migliora le tue competenze grammaticali in spagnolo con esercizi interattivi pensati per tutti i livelli di competenza. Pratica lo spagnolo in modo efficace!","breadcrumb":{"@id":"https:\/\/talkpal.ai\/it\/grammatica-spagnola\/#breadcrumb"},"inLanguage":"it-IT","potentialAction":[{"@type":"ReadAction","target":["https:\/\/talkpal.ai\/it\/grammatica-spagnola\/"]}]},{"@type":"ImageObject","inLanguage":"it-IT","@id":"https:\/\/talkpal.ai\/it\/grammatica-spagnola\/#primaryimage","url":"https:\/\/talkpal.ai\/wp-content\/uploads\/2023\/03\/spain.png","contentUrl":"https:\/\/talkpal.ai\/wp-content\/uploads\/2023\/03\/spain.png","width":512,"height":512,"caption":"TalkPal AI learn Spanish"},{"@type":"BreadcrumbList","@id":"https:\/\/talkpal.ai\/it\/grammatica-spagnola\/#breadcrumb","itemListElement":[{"@type":"ListItem","position":1,"name":"Homepage","item":"https:\/\/talkpal.ai\/it\/"},{"@type":"ListItem","position":2,"name":"Grammatica spagnola"}]},{"@type":"WebSite","@id":"https:\/\/talkpal.ai\/it\/#website","url":"https:\/\/talkpal.ai\/it\/","name":"Talkpal","description":"AI Language Learning","publisher":{"@id":"https:\/\/talkpal.ai\/it\/#organization"},"alternateName":"Talkpal AI","potentialAction":[{"@type":"SearchAction","target":{"@type":"EntryPoint","urlTemplate":"https:\/\/talkpal.ai\/it\/?s={search_term_string}"},"query-input":{"@type":"PropertyValueSpecification","valueRequired":true,"valueName":"search_term_string"}}],"inLanguage":"it-IT"},{"@type":"Organization","@id":"https:\/\/talkpal.ai\/it\/#organization","name":"Talkpal, Inc.","alternateName":"Talkpal AI","url":"https:\/\/talkpal.ai\/it\/","logo":{"@type":"ImageObject","inLanguage":"it-IT","@id":"https:\/\/talkpal.ai\/it\/#\/schema\/logo\/image\/","url":"https:\/\/talkpal.ai\/wp-content\/uploads\/2024\/03\/Talkpal-Logo-Icon.png","contentUrl":"https:\/\/talkpal.ai\/wp-content\/uploads\/2024\/03\/Talkpal-Logo-Icon.png","width":2880,"height":2880,"caption":"Talkpal, Inc."},"image":{"@id":"https:\/\/talkpal.ai\/it\/#\/schema\/logo\/image\/"},"sameAs":["https:\/\/www.facebook.com\/profile.php?id=100090733639311","https:\/\/x.com\/talkpalai","https:\/\/www.linkedin.com\/company\/talkpal\/","https:\/\/www.youtube.com\/@TalkPal\/","https:\/\/www.tiktok.com\/@talkpal","https:\/\/www.instagram.com\/talkpal_ai\/","https:\/\/www.crunchbase.com\/organization\/talkpal-9cde","https:\/\/www.g2.com\/products\/talkpal-for-business\/","https:\/\/www.trustpilot.com\/review\/talkpal.ai","https:\/\/www.capterra.com\/p\/10006800\/TalkPal\/"],"description":"Talkpal is a language learning web and mobile education app, powered by the latest AI technologies, that provides engaging experiences to its customers in many different languages to help them improve their language skills. Users can chat about unlimited amount of topics with the app and use other modes to practice their language learning.","email":"support@talkpal.ai","legalName":"Talkpal, Inc.","foundingDate":"2023-04-03","duns":"118989042","numberOfEmployees":{"@type":"QuantitativeValue","minValue":"11","maxValue":"50"},"publishingPrinciples":"https:\/\/talkpal.ai\/publishing-principles\/","actionableFeedbackPolicy":"https:\/\/talkpal.ai\/actionable-feedback-policy\/","correctionsPolicy":"https:\/\/talkpal.ai\/corrections-policy\/","ethicsPolicy":"https:\/\/talkpal.ai\/ethics-policy\/","diversityPolicy":"https:\/\/talkpal.ai\/diversity-policy\/","diversityStaffingReport":"https:\/\/talkpal.ai\/diversity-policy\/"}]}},"_links":{"self":[{"href":"https:\/\/talkpal.ai\/it\/wp-json\/wp\/v2\/pages\/91325","targetHints":{"allow":["GET"]}}],"collection":[{"href":"https:\/\/talkpal.ai\/it\/wp-json\/wp\/v2\/pages"}],"about":[{"href":"https:\/\/talkpal.ai\/it\/wp-json\/wp\/v2\/types\/page"}],"author":[{"embeddable":true,"href":"https:\/\/talkpal.ai\/it\/wp-json\/wp\/v2\/users\/1"}],"replies":[{"embeddable":true,"href":"https:\/\/talkpal.ai\/it\/wp-json\/wp\/v2\/comments?post=91325"}],"version-history":[{"count":0,"href":"https:\/\/talkpal.ai\/it\/wp-json\/wp\/v2\/pages\/91325\/revisions"}],"wp:featuredmedia":[{"embeddable":true,"href":"https:\/\/talkpal.ai\/it\/wp-json\/wp\/v2\/media\/670"}],"wp:attachment":[{"href":"https:\/\/talkpal.ai\/it\/wp-json\/wp\/v2\/media?parent=91325"}],"curies":[{"name":"wp","href":"https:\/\/api.w.org\/{rel}","templated":true}]}}