{"id":85205,"date":"2023-12-05T11:40:43","date_gmt":"2023-12-05T11:40:43","guid":{"rendered":"http:\/\/talkpal.ai\/certificati-di-lingua-tedesca\/"},"modified":"2026-01-07T15:03:35","modified_gmt":"2026-01-07T15:03:35","slug":"certificati-di-lingua-tedesca","status":"publish","type":"page","link":"https:\/\/talkpal.ai\/it\/certificati-di-lingua-tedesca\/","title":{"rendered":"Certificati di lingua tedesca"},"content":{"rendered":"\r\n\r\n\r\n<section class=\"languageChallengeSection\">\r\n    <div class=\"languageInfoWrapper\">\r\n        \r\n        <h1>Certificati di lingua tedesca<\/h1>\r\n        <p>Talkpal \u00e8 un&#039;app per l&#039;apprendimento delle lingue generata dall&#039;intelligenza artificiale che pu\u00f2 aiutare gli utenti a prepararsi per questi esami di lingua inglese. Con l&#039;obiettivo principale di migliorare le capacit\u00e0 di conversazione e ascolto, Talkpal offre conversazioni interattive realistiche e pratica della pronuncia. La sua natura di intelligenza artificiale consente un feedback personalizzato, aiutando gli utenti a capire i loro progressi e le aree da migliorare. La conoscenza della lingua tedesca viene spesso valutata attraverso diversi esami come il TestDaF, il Goethe-Zertifikat, il DSH, l&#039;\u00d6SD e il telc. Questi esami forniscono una valutazione delle capacit\u00e0 di un non madrelingua nella lingua tedesca e sono ampiamente riconosciuti come certificati formali di competenza. Ogni test ha caratteristiche specifiche che lo differenziano dagli altri in termini di livello di competenza linguistica, uso dell&#039;applicazione e sistema di punteggio.<\/p>\r\n\r\n                \r\n    <\/div>\r\n\r\n    <figure>\r\n    <img decoding=\"async\" width=\"768\" height=\"768\" src=\"https:\/\/talkpal.ai\/wp-content\/uploads\/2026\/01\/group-with-phone-in-circle-768x768.webp\" class=\"languageImage no-lazy\" alt=\"Default alt text\" fetchpriority=\"high\" sizes=\"(max-width: 768px) 150px, 768px\" srcset=\"https:\/\/talkpal.ai\/wp-content\/uploads\/2026\/01\/group-with-phone-in-circle-768x768.webp 768w, https:\/\/talkpal.ai\/wp-content\/uploads\/2026\/01\/group-with-phone-in-circle-300x300.webp 300w\" \/>\r\n    \r\n\r\n    <\/figure>\r\n\r\n    \r\n<\/section>\n<div class=\"wp-block-group pageContainerStyle\"><div class=\"wp-block-group__inner-container is-layout-constrained wp-block-group-is-layout-constrained\">\n<h2 class=\"wp-block-heading\" id=\"h-german-language-certificates\">Certificati di lingua tedesca<\/h2>\n\n\n\r\n                    <div class=\"methodWraper\">\r\n            <div class=\"methodContent\">\r\n                <img decoding=\"async\" src=\"https:\/\/talkpal.ai\/wp-content\/uploads\/2025\/05\/check_icon.png\" alt=\"Checkmark Icon\">\r\n                <h3>TestDaF:<\/h3>\r\n            <\/div>\r\n            <p>TestDaF (Test Deutsch als Fremdsprache): Si tratta di un test standardizzato progettato per gli studenti stranieri di tedesco che intendono studiare o condurre ricerche in Germania. L&#039;esame verifica la competenza del candidato in tutti e quattro gli aspetti dell&#039;apprendimento delle lingue: lettura, scrittura, ascolto e conversazione.<\/p>\r\n        <\/div>\r\n                    <div class=\"methodWraper\">\r\n            <div class=\"methodContent\">\r\n                <img decoding=\"async\" src=\"https:\/\/talkpal.ai\/wp-content\/uploads\/2025\/05\/check_icon.png\" alt=\"Checkmark Icon\">\r\n                <h3>Goethe-Zertifikat:<\/h3>\r\n            <\/div>\r\n            <p>Goethe-Zertifikat \u00e8 riconosciuto in tutto il mondo, il test Goethe-Zertifikat ha diversi livelli per soddisfare il livello di competenza dei diversi studenti. \u00c8 ulteriormente suddiviso in sei moduli: A1 (principiante), A2, B1, B2, C1 e C2 (superiore).<\/p>\r\n        <\/div>\r\n                    <div class=\"methodWraper\">\r\n            <div class=\"methodContent\">\r\n                <img decoding=\"async\" src=\"https:\/\/talkpal.ai\/wp-content\/uploads\/2025\/05\/check_icon.png\" alt=\"Checkmark Icon\">\r\n                <h3>DSH:<\/h3>\r\n            <\/div>\r\n            <p>DSH (Deutsche Sprachpr\u00fcfung f\u00fcr den Hochschulzugang): Questo esame \u00e8 rivolto a coloro che desiderano studiare in un&#039;universit\u00e0 tedesca e hanno bisogno di dimostrare la loro competenza linguistica. Il DSH \u00e8 in genere offerto attraverso le universit\u00e0 e il punteggio minimo \u00e8 solitamente piuttosto alto.<\/p>\r\n        <\/div>\r\n                    <div class=\"methodWraper\">\r\n            <div class=\"methodContent\">\r\n                <img decoding=\"async\" src=\"https:\/\/talkpal.ai\/wp-content\/uploads\/2025\/05\/check_icon.png\" alt=\"Checkmark Icon\">\r\n                <h3>\u00d6SD:<\/h3>\r\n            <\/div>\r\n            <p>\u00d6SD (\u00d6sterreichisches Sprachdiplom Deutsch): Un certificato \u00d6SD fornisce una prova riconosciuta a livello internazionale della conoscenza della lingua tedesca. Con diversi esami per soddisfare i diversi livelli di competenza, \u00e8 una scelta popolare tra gli studenti che mirano a un&#039;ampia comprensione della lingua tedesca.<\/p>\r\n        <\/div>\r\n                    <div class=\"methodWraper\">\r\n            <div class=\"methodContent\">\r\n                <img decoding=\"async\" src=\"https:\/\/talkpal.ai\/wp-content\/uploads\/2025\/05\/check_icon.png\" alt=\"Checkmark Icon\">\r\n                <h3>telc:<\/h3>\r\n            <\/div>\r\n            <p>telc (Certificati Europei di Lingua): Si tratta di un altro sistema standardizzato a livello internazionale per l&#039;esame delle competenze linguistiche. telc offre certificazioni per tutti i livelli, che vanno dall&#039;A1 al C2. L&#039;attenzione si concentra sulla vita quotidiana e sugli scenari di lavoro, rendendo il certificato particolarmente utile per coloro che cercano lavoro nei paesi di lingua tedesca.<\/p>\r\n        <\/div>\r\n    <\/div><\/div>\n","protected":false},"excerpt":{"rendered":"<p>Certificati di lingua tedesca<\/p>\n","protected":false},"author":8,"featured_media":664,"parent":0,"menu_order":0,"comment_status":"closed","ping_status":"closed","template":"simpleContentPage.php","meta":{"_acf_changed":false,"footnotes":""},"class_list":["post-85205","page","type-page","status-publish","has-post-thumbnail","hentry"],"acf":[],"yoast_head":"<!-- This site is optimized with the Yoast SEO Premium plugin v27.2 (Yoast SEO v27.2) - https:\/\/yoast.com\/product\/yoast-seo-premium-wordpress\/ -->\n<title>Certificati di lingua tedesca - Talkpal<\/title>\n<meta name=\"description\" content=\"Ottieni certificati di lingua tedesca riconosciuti: convalida le tue competenze e accelera la tua carriera!\" \/>\n<meta name=\"robots\" content=\"index, follow, max-snippet:-1, max-image-preview:large, max-video-preview:-1\" \/>\n<link rel=\"canonical\" href=\"https:\/\/talkpal.ai\/it\/certificati-di-lingua-tedesca\/\" \/>\n<meta property=\"og:locale\" content=\"it_IT\" \/>\n<meta property=\"og:type\" content=\"article\" \/>\n<meta property=\"og:title\" content=\"Certificati di lingua tedesca\" \/>\n<meta property=\"og:description\" content=\"Certificati di lingua tedesca\" \/>\n<meta property=\"og:url\" content=\"https:\/\/talkpal.ai\/it\/certificati-di-lingua-tedesca\/\" \/>\n<meta property=\"og:site_name\" content=\"Talkpal\" \/>\n<meta property=\"article:publisher\" content=\"https:\/\/www.facebook.com\/profile.php?id=100090733639311\" \/>\n<meta property=\"article:modified_time\" content=\"2026-01-07T15:03:35+00:00\" \/>\n<meta property=\"og:image\" content=\"https:\/\/talkpal.ai\/wp-content\/uploads\/2023\/03\/germany.png\" \/>\n\t<meta property=\"og:image:width\" content=\"512\" \/>\n\t<meta property=\"og:image:height\" content=\"512\" \/>\n\t<meta property=\"og:image:type\" content=\"image\/png\" \/>\n<meta name=\"twitter:card\" content=\"summary_large_image\" \/>\n<meta name=\"twitter:site\" content=\"@talkpalai\" \/>\n<script type=\"application\/ld+json\" class=\"yoast-schema-graph\">{\"@context\":\"https:\/\/schema.org\",\"@graph\":[{\"@type\":\"WebPage\",\"@id\":\"https:\/\/talkpal.ai\/it\/certificati-di-lingua-tedesca\/\",\"url\":\"https:\/\/talkpal.ai\/it\/certificati-di-lingua-tedesca\/\",\"name\":\"Certificati di lingua tedesca - Talkpal\",\"isPartOf\":{\"@id\":\"https:\/\/talkpal.ai\/it\/#website\"},\"primaryImageOfPage\":{\"@id\":\"https:\/\/talkpal.ai\/it\/certificati-di-lingua-tedesca\/#primaryimage\"},\"image\":{\"@id\":\"https:\/\/talkpal.ai\/it\/certificati-di-lingua-tedesca\/#primaryimage\"},\"thumbnailUrl\":\"https:\/\/talkpal.ai\/wp-content\/uploads\/2023\/03\/germany.png\",\"datePublished\":\"2023-12-05T11:40:43+00:00\",\"dateModified\":\"2026-01-07T15:03:35+00:00\",\"description\":\"Ottieni certificati di lingua tedesca riconosciuti: convalida le tue competenze e accelera la tua carriera!\",\"breadcrumb\":{\"@id\":\"https:\/\/talkpal.ai\/it\/certificati-di-lingua-tedesca\/#breadcrumb\"},\"inLanguage\":\"it-IT\",\"potentialAction\":[{\"@type\":\"ReadAction\",\"target\":[\"https:\/\/talkpal.ai\/it\/certificati-di-lingua-tedesca\/\"]}]},{\"@type\":\"ImageObject\",\"inLanguage\":\"it-IT\",\"@id\":\"https:\/\/talkpal.ai\/it\/certificati-di-lingua-tedesca\/#primaryimage\",\"url\":\"https:\/\/talkpal.ai\/wp-content\/uploads\/2023\/03\/germany.png\",\"contentUrl\":\"https:\/\/talkpal.ai\/wp-content\/uploads\/2023\/03\/germany.png\",\"width\":512,\"height\":512,\"caption\":\"TalkPal AI learn German\"},{\"@type\":\"BreadcrumbList\",\"@id\":\"https:\/\/talkpal.ai\/it\/certificati-di-lingua-tedesca\/#breadcrumb\",\"itemListElement\":[{\"@type\":\"ListItem\",\"position\":1,\"name\":\"Homepage\",\"item\":\"https:\/\/talkpal.ai\/it\/\"},{\"@type\":\"ListItem\",\"position\":2,\"name\":\"Certificati di lingua tedesca\"}]},{\"@type\":\"WebSite\",\"@id\":\"https:\/\/talkpal.ai\/it\/#website\",\"url\":\"https:\/\/talkpal.ai\/it\/\",\"name\":\"Talkpal\",\"description\":\"AI Language Learning\",\"publisher\":{\"@id\":\"https:\/\/talkpal.ai\/it\/#organization\"},\"alternateName\":\"Talkpal AI\",\"potentialAction\":[{\"@type\":\"SearchAction\",\"target\":{\"@type\":\"EntryPoint\",\"urlTemplate\":\"https:\/\/talkpal.ai\/it\/?s={search_term_string}\"},\"query-input\":{\"@type\":\"PropertyValueSpecification\",\"valueRequired\":true,\"valueName\":\"search_term_string\"}}],\"inLanguage\":\"it-IT\"},{\"@type\":\"Organization\",\"@id\":\"https:\/\/talkpal.ai\/it\/#organization\",\"name\":\"Talkpal, Inc.\",\"alternateName\":\"Talkpal AI\",\"url\":\"https:\/\/talkpal.ai\/it\/\",\"logo\":{\"@type\":\"ImageObject\",\"inLanguage\":\"it-IT\",\"@id\":\"https:\/\/talkpal.ai\/it\/#\/schema\/logo\/image\/\",\"url\":\"https:\/\/talkpal.ai\/wp-content\/uploads\/2024\/03\/Talkpal-Logo-Icon.png\",\"contentUrl\":\"https:\/\/talkpal.ai\/wp-content\/uploads\/2024\/03\/Talkpal-Logo-Icon.png\",\"width\":2880,\"height\":2880,\"caption\":\"Talkpal, Inc.\"},\"image\":{\"@id\":\"https:\/\/talkpal.ai\/it\/#\/schema\/logo\/image\/\"},\"sameAs\":[\"https:\/\/www.facebook.com\/profile.php?id=100090733639311\",\"https:\/\/x.com\/talkpalai\",\"https:\/\/www.linkedin.com\/company\/talkpal\/\",\"https:\/\/www.youtube.com\/@TalkPal\/\",\"https:\/\/www.tiktok.com\/@talkpal\",\"https:\/\/www.instagram.com\/talkpal_ai\/\",\"https:\/\/www.crunchbase.com\/organization\/talkpal-9cde\",\"https:\/\/www.g2.com\/products\/talkpal-for-business\/\",\"https:\/\/www.trustpilot.com\/review\/talkpal.ai\",\"https:\/\/www.capterra.com\/p\/10006800\/TalkPal\/\"],\"description\":\"Talkpal is a language learning web and mobile education app, powered by the latest AI technologies, that provides engaging experiences to its customers in many different languages to help them improve their language skills. Users can chat about unlimited amount of topics with the app and use other modes to practice their language learning.\",\"email\":\"support@talkpal.ai\",\"legalName\":\"Talkpal, Inc.\",\"foundingDate\":\"2023-04-03\",\"duns\":\"118989042\",\"numberOfEmployees\":{\"@type\":\"QuantitativeValue\",\"minValue\":\"11\",\"maxValue\":\"50\"},\"publishingPrinciples\":\"https:\/\/talkpal.ai\/publishing-principles\/\",\"actionableFeedbackPolicy\":\"https:\/\/talkpal.ai\/actionable-feedback-policy\/\",\"correctionsPolicy\":\"https:\/\/talkpal.ai\/corrections-policy\/\",\"ethicsPolicy\":\"https:\/\/talkpal.ai\/ethics-policy\/\",\"diversityPolicy\":\"https:\/\/talkpal.ai\/diversity-policy\/\",\"diversityStaffingReport\":\"https:\/\/talkpal.ai\/diversity-policy\/\"}]}<\/script>\n<!-- \/ Yoast SEO Premium plugin. -->","yoast_head_json":{"title":"Certificati di lingua tedesca - Talkpal","description":"Ottieni certificati di lingua tedesca riconosciuti: convalida le tue competenze e accelera la tua carriera!","robots":{"index":"index","follow":"follow","max-snippet":"max-snippet:-1","max-image-preview":"max-image-preview:large","max-video-preview":"max-video-preview:-1"},"canonical":"https:\/\/talkpal.ai\/it\/certificati-di-lingua-tedesca\/","og_locale":"it_IT","og_type":"article","og_title":"Certificati di lingua tedesca","og_description":"Certificati di lingua tedesca","og_url":"https:\/\/talkpal.ai\/it\/certificati-di-lingua-tedesca\/","og_site_name":"Talkpal","article_publisher":"https:\/\/www.facebook.com\/profile.php?id=100090733639311","article_modified_time":"2026-01-07T15:03:35+00:00","og_image":[{"width":512,"height":512,"url":"https:\/\/talkpal.ai\/wp-content\/uploads\/2023\/03\/germany.png","type":"image\/png"}],"twitter_card":"summary_large_image","twitter_site":"@talkpalai","schema":{"@context":"https:\/\/schema.org","@graph":[{"@type":"WebPage","@id":"https:\/\/talkpal.ai\/it\/certificati-di-lingua-tedesca\/","url":"https:\/\/talkpal.ai\/it\/certificati-di-lingua-tedesca\/","name":"Certificati di lingua tedesca - Talkpal","isPartOf":{"@id":"https:\/\/talkpal.ai\/it\/#website"},"primaryImageOfPage":{"@id":"https:\/\/talkpal.ai\/it\/certificati-di-lingua-tedesca\/#primaryimage"},"image":{"@id":"https:\/\/talkpal.ai\/it\/certificati-di-lingua-tedesca\/#primaryimage"},"thumbnailUrl":"https:\/\/talkpal.ai\/wp-content\/uploads\/2023\/03\/germany.png","datePublished":"2023-12-05T11:40:43+00:00","dateModified":"2026-01-07T15:03:35+00:00","description":"Ottieni certificati di lingua tedesca riconosciuti: convalida le tue competenze e accelera la tua carriera!","breadcrumb":{"@id":"https:\/\/talkpal.ai\/it\/certificati-di-lingua-tedesca\/#breadcrumb"},"inLanguage":"it-IT","potentialAction":[{"@type":"ReadAction","target":["https:\/\/talkpal.ai\/it\/certificati-di-lingua-tedesca\/"]}]},{"@type":"ImageObject","inLanguage":"it-IT","@id":"https:\/\/talkpal.ai\/it\/certificati-di-lingua-tedesca\/#primaryimage","url":"https:\/\/talkpal.ai\/wp-content\/uploads\/2023\/03\/germany.png","contentUrl":"https:\/\/talkpal.ai\/wp-content\/uploads\/2023\/03\/germany.png","width":512,"height":512,"caption":"TalkPal AI learn German"},{"@type":"BreadcrumbList","@id":"https:\/\/talkpal.ai\/it\/certificati-di-lingua-tedesca\/#breadcrumb","itemListElement":[{"@type":"ListItem","position":1,"name":"Homepage","item":"https:\/\/talkpal.ai\/it\/"},{"@type":"ListItem","position":2,"name":"Certificati di lingua tedesca"}]},{"@type":"WebSite","@id":"https:\/\/talkpal.ai\/it\/#website","url":"https:\/\/talkpal.ai\/it\/","name":"Talkpal","description":"AI Language Learning","publisher":{"@id":"https:\/\/talkpal.ai\/it\/#organization"},"alternateName":"Talkpal AI","potentialAction":[{"@type":"SearchAction","target":{"@type":"EntryPoint","urlTemplate":"https:\/\/talkpal.ai\/it\/?s={search_term_string}"},"query-input":{"@type":"PropertyValueSpecification","valueRequired":true,"valueName":"search_term_string"}}],"inLanguage":"it-IT"},{"@type":"Organization","@id":"https:\/\/talkpal.ai\/it\/#organization","name":"Talkpal, Inc.","alternateName":"Talkpal AI","url":"https:\/\/talkpal.ai\/it\/","logo":{"@type":"ImageObject","inLanguage":"it-IT","@id":"https:\/\/talkpal.ai\/it\/#\/schema\/logo\/image\/","url":"https:\/\/talkpal.ai\/wp-content\/uploads\/2024\/03\/Talkpal-Logo-Icon.png","contentUrl":"https:\/\/talkpal.ai\/wp-content\/uploads\/2024\/03\/Talkpal-Logo-Icon.png","width":2880,"height":2880,"caption":"Talkpal, Inc."},"image":{"@id":"https:\/\/talkpal.ai\/it\/#\/schema\/logo\/image\/"},"sameAs":["https:\/\/www.facebook.com\/profile.php?id=100090733639311","https:\/\/x.com\/talkpalai","https:\/\/www.linkedin.com\/company\/talkpal\/","https:\/\/www.youtube.com\/@TalkPal\/","https:\/\/www.tiktok.com\/@talkpal","https:\/\/www.instagram.com\/talkpal_ai\/","https:\/\/www.crunchbase.com\/organization\/talkpal-9cde","https:\/\/www.g2.com\/products\/talkpal-for-business\/","https:\/\/www.trustpilot.com\/review\/talkpal.ai","https:\/\/www.capterra.com\/p\/10006800\/TalkPal\/"],"description":"Talkpal is a language learning web and mobile education app, powered by the latest AI technologies, that provides engaging experiences to its customers in many different languages to help them improve their language skills. Users can chat about unlimited amount of topics with the app and use other modes to practice their language learning.","email":"support@talkpal.ai","legalName":"Talkpal, Inc.","foundingDate":"2023-04-03","duns":"118989042","numberOfEmployees":{"@type":"QuantitativeValue","minValue":"11","maxValue":"50"},"publishingPrinciples":"https:\/\/talkpal.ai\/publishing-principles\/","actionableFeedbackPolicy":"https:\/\/talkpal.ai\/actionable-feedback-policy\/","correctionsPolicy":"https:\/\/talkpal.ai\/corrections-policy\/","ethicsPolicy":"https:\/\/talkpal.ai\/ethics-policy\/","diversityPolicy":"https:\/\/talkpal.ai\/diversity-policy\/","diversityStaffingReport":"https:\/\/talkpal.ai\/diversity-policy\/"}]}},"_links":{"self":[{"href":"https:\/\/talkpal.ai\/it\/wp-json\/wp\/v2\/pages\/85205","targetHints":{"allow":["GET"]}}],"collection":[{"href":"https:\/\/talkpal.ai\/it\/wp-json\/wp\/v2\/pages"}],"about":[{"href":"https:\/\/talkpal.ai\/it\/wp-json\/wp\/v2\/types\/page"}],"author":[{"embeddable":true,"href":"https:\/\/talkpal.ai\/it\/wp-json\/wp\/v2\/users\/8"}],"replies":[{"embeddable":true,"href":"https:\/\/talkpal.ai\/it\/wp-json\/wp\/v2\/comments?post=85205"}],"version-history":[{"count":0,"href":"https:\/\/talkpal.ai\/it\/wp-json\/wp\/v2\/pages\/85205\/revisions"}],"wp:featuredmedia":[{"embeddable":true,"href":"https:\/\/talkpal.ai\/it\/wp-json\/wp\/v2\/media\/664"}],"wp:attachment":[{"href":"https:\/\/talkpal.ai\/it\/wp-json\/wp\/v2\/media?parent=85205"}],"curies":[{"name":"wp","href":"https:\/\/api.w.org\/{rel}","templated":true}]}}