{"id":75062,"date":"2023-03-26T12:27:22","date_gmt":"2023-03-26T12:27:22","guid":{"rendered":"http:\/\/talkpal.ai\/grammatica-italiana\/"},"modified":"2025-05-22T18:44:09","modified_gmt":"2025-05-22T18:44:09","slug":"grammatica-italiana","status":"publish","type":"page","link":"https:\/\/talkpal.ai\/it\/grammatica-italiana\/","title":{"rendered":"Grammatica italiana"},"content":{"rendered":"\r\n\r\n\r\n<section class=\"languageChallengeSection\">\r\n    <div class=\"languageInfoWrapper\">\r\n        \r\n        <h1>Grammatica italiana<\/h1>\r\n        <p>Scopri le basi della lingua italiana imparando le regole grammaticali essenziali. Padroneggiare la <a href=\"https:\/\/talkpal.ai\/ar\/grammar_exercises\/articoli-%d8%aa%d9%85%d8%a7%d8%b1%d9%8a%d9%86-%d9%84%d9%84%d9%82%d9%88%d8%a7%d8%b9%d8%af-%d8%a7%d9%84%d8%a5%d9%8a%d8%b7%d8%a7%d9%84%d9%8a%d8%a9\/\">grammatica italiana<\/a> ti aiuter\u00e0 a esprimerti con sicurezza e a connetterti pi\u00f9 profondamente con la ricca cultura italiana. Inizia a imparare la <a href=\"https:\/\/talkpal.ai\/grammar\/\">grammatica<\/a> italiana oggi stesso e fai il tuo primo passo verso la fluidit\u00e0!<\/p>\r\n\r\n                            <a class=\"getStartedHidden\" href=\"https:\/\/app.talkpal.ai\/it\/signup?lng=\">Comincia<\/a>\r\n        \r\n    <\/div>\r\n\r\n    <figure>\r\n    <img decoding=\"async\" width=\"768\" height=\"768\" src=\"https:\/\/talkpal.ai\/wp-content\/uploads\/2023\/06\/italian-768x768.png\" class=\"languageImage no-lazy\" alt=\"Default alt text\" fetchpriority=\"high\" sizes=\"(max-width: 768px) 150px, 768px\" srcset=\"https:\/\/talkpal.ai\/wp-content\/uploads\/2023\/06\/italian-768x768.png 768w, https:\/\/talkpal.ai\/wp-content\/uploads\/2023\/06\/italian-300x300.png 300w\" \/>\r\n    \r\n\r\n    <\/figure>\r\n\r\n            <a class=\"getStartedVisible\" href=\"https:\/\/app.talkpal.ai\/it\/signup?lng=\">Comincia<\/a>\r\n    \r\n<\/section>\r\n        <section class=\"grammarSection\">\r\n            <div class=\"grammarLinks\">\r\n                <a href=\"https:\/\/talkpal.ai\/it\/language\/aggettivi-grammatica-italiana\/\">Aggettivi <\/a><a href=\"https:\/\/talkpal.ai\/it\/language\/avverbi-grammatica-italiana\/\">Avverbi <\/a><a href=\"https:\/\/talkpal.ai\/it\/language\/congiunzioni-grammatica-italiana\/\">Congiunzioni <\/a><a href=\"https:\/\/talkpal.ai\/it\/language\/negazione-e-interrogazione-grammatica-italiana\/\">Negazione e interrogazione <\/a><a href=\"https:\/\/talkpal.ai\/it\/language\/preposizioni-grammatica-italiana\/\">Preposizioni <\/a><a href=\"https:\/\/talkpal.ai\/it\/language\/pronomi-grammatica-italiana\/\">Pronomi <\/a><a href=\"https:\/\/talkpal.ai\/it\/language\/sintassi-e-struttura-delle-frasi-grammatica-italiana\/\">Sintassi e struttura delle frasi <\/a><a href=\"https:\/\/talkpal.ai\/it\/language\/sostantivi-grammatica-italiana\/\">Sostantivi <\/a><a href=\"https:\/\/talkpal.ai\/it\/language\/verbi-grammatica-italiana\/\">Verbi <\/a>            <\/div>\r\n        <\/section>\r\n    <section class=\"promotionalBanner\">\r\n    <p class=\"promotionalText\">Il modo pi\u00f9 efficace per imparare una lingua<\/p>\r\n    <a class=\"promotionalLink\" href=\"https:\/\/app.talkpal.ai\/it\/signup?lng=\">Prova Talkpal gratuitamente<\/a>\r\n<\/section>\n<div class=\"wp-block-group pageContainerStyle\"><div class=\"wp-block-group__inner-container is-layout-constrained wp-block-group-is-layout-constrained\">\n<h2 class=\"wp-block-heading\" id=\"h-mastering-the-art-of-italian-grammar-your-ultimate-guide\">Padroneggiare l&#8217;arte della grammatica italiana: la vostra guida definitiva<\/h2>\n\n\n\n<p>Ciao, <a href=\"https:\/\/talkpal.ai\/talkpal-discount-for-language-enthusiasts\/\">appassionati di lingue<\/a>! Siete pronti a tuffarvi a capofitto nel mondo della grammatica italiana? Sei nel posto giusto. Ricco di informazioni facili da digerire e dal tono colloquiale, questo articolo ti guider\u00e0 attraverso l&#8217;affascinante (e a volte complicato) mondo della grammatica italiana, in modo che tu possa costruire con sicurezza frasi e conversazioni significative con i madrelingua. Quindi, allaccia le cinture e iniziamo!<\/p>\n\n\n\n<h3 class=\"wp-block-heading\" id=\"h-but-first-why-italian-grammar\">Ma prima, perch\u00e9 la grammatica italiana?<\/h3>\n\n\n\n<p>Se stai imparando l&#8217;italiano, una solida base di grammatica \u00e8 fondamentale per parlare, leggere e scrivere in modo fluente. La grammatica italiana pu\u00f2 sembrare complessa all&#8217;inizio, ma \u00e8 relativamente semplice una volta che la suddividi in parti pi\u00f9 piccole e gestibili. Quindi, iniziamo il tuo viaggio verso la padronanza della grammatica italiana!<\/p>\n\n\n\n<h3 class=\"wp-block-heading\" id=\"h-1-nouns-articles-and-gender\">1. Sostantivi, articoli e genere<\/h3>\n\n\n\n<p>I sostantivi italiani hanno due generi: maschile e femminile. A differenza dell&#8217;inglese, dove il genere del sostantivo \u00e8 irrilevante, l&#8217;italiano richiede il genere corretto per una corretta costruzione della frase. Riesci a indovinare il genere di sostantivi come &#8220;tavolo&#8221; o &#8220;casa&#8221;? Se hai indovinato il maschile per &#8220;tavolo&#8221; e il femminile per &#8220;casa&#8221;, bravo!<\/p>\n\n\n\n<p>In <a href=\"https:\/\/talkpal.ai\/learn-italian\/\">italiano<\/a>, i sostantivi terminano solitamente con &#8220;-o&#8221; per il maschile e &#8220;-a&#8221; per il femminile. Ci sono delle eccezioni &#8211; alcune parole terminano con &#8220;-e&#8221; e possono essere di entrambi i sessi &#8211; ma per ora teniamo a mente questo principio di base.<\/p>\n\n\n\n<p>Ora parliamo di articoli. Proprio come in <a href=\"https:\/\/talkpal.ai\/learn-english-with-ai\/\">inglese<\/a>, abbiamo bisogno di articoli prima dei sostantivi. L&#8217;italiano ha articoli definitivi (il, lo, la, i, gli, le) e indefiniti (un, uno, una).<\/p>\n\n\n\n<p>Quindi, come scegliere l&#8217;articolo determinativo da utilizzare?<\/p>\n\n\n\n<p>&#8211; &#8220;il&#8221; e &#8220;i&#8221; per i sostantivi maschili che iniziano con una consonante, ad esempio, il libro (il libro), i libri (i libri)<br\/>&#8211; &#8220;lo&#8221; e &#8220;gli&#8221; per i sostantivi maschili che iniziano con la &#8220;s&#8221; seguita da una consonante, una vocale (eccetto la &#8220;u&#8221;) o una &#8220;z&#8221;, ad esempio, lo <a href=\"https:\/\/talkpal.ai\/talkpal-discount-for-students\/\">studente<\/a>, gli studenti.<br\/>&#8211; &#8220;la&#8221; e &#8220;le&#8221; per i sostantivi femminili, ad esempio, la casa (la casa), le case (le case)<\/p>\n\n\n\n<h3 class=\"wp-block-heading\" id=\"h-2-adjectives-and-agreement\">2. Aggettivi e accordo<\/h3>\n\n\n\n<p>Gli aggettivi in italiano devono concordare con il sostantivo che modificano nel genere e nel numero. Ad esempio, per descrivere una pizza deliziosa, si dice &#8220;una pizza deliziosa&#8221; e non &#8220;deliziosa&#8221;. Ricordate che in italiano l&#8217;aggettivo segue solitamente il sostantivo.<\/p>\n\n\n\n<h3 class=\"wp-block-heading\" id=\"h-3-verbs-tense-and-conjugation\">3. Verbi, tempo e coniugazione<\/h3>\n\n\n\n<p>I verbi italiani sono una parte importante della grammatica. Ci sono tre categorie di verbi (-are, -ere e -ire) e tonnellate di verbi irregolari, quindi abbiamo un bel da fare! Per darti una rapida panoramica, parliamo del tempo presente dei verbi regolari.<\/p>\n\n\n\n<p>&#8211; verbi &#8220;-are&#8221;: ad esempio, parlare: io parlo, tu parli, lui\/lei parla, noi parliamo, voi parlate, loro parlano<br\/>&#8211; Verbi &#8220;-ere&#8221;: ad esempio, leggere: io leggo, tu leggi, lui\/lei legge, noi leggiamo, voi leggete, loro leggono<br\/>&#8211; verbi &#8220;-ire&#8221;: ad esempio, finire: io finisco, tu finisci, lui\/lei finisce, noi finiamo, voi finite, loro finiscono<\/p>\n\n\n\n<p>Tenete presente che questa \u00e8 solo la punta dell&#8217;iceberg! Ci sono molti altri tempi e verbi irregolari da imparare, ma ogni viaggio inizia con un singolo passo.<\/p>\n\n\n\n<h3 class=\"wp-block-heading\" id=\"h-4-prepositions-pronouns-and-more\">4. Preposizioni, pronomi e altro ancora!<\/h3>\n\n\n\n<p>La grammatica italiana ha molte altre componenti come le preposizioni (di, a, da, in, su, ecc.), i pronomi (io, tu, lui\/lei, ecc.), i verbi riflessivi e le espressioni idiomatiche. Ogni componente \u00e8 fondamentale per sbloccare la vostra fluidit\u00e0, quindi fate un passo alla volta.<\/p>\n\n\n\n<p>In conclusione, non esiste una scorciatoia per padroneggiare la grammatica italiana. Richiede perseveranza, pratica e pazienza. Ma una volta che ci avrai preso la mano, potrai sperimentare la bellezza di conversare in italiano, scoprire la ricca cultura e la storia e approfondire il tuo apprezzamento per la lingua. Buona fortuna!<\/p>\n<\/div><\/div>\n\r\n<section class=\"learnNavigationSection\">\r\n            \r\n        <a href=\"https:\/\/talkpal.ai\/it\/imparare-litaliano\/\">\r\n            <div class=\"learnNavigationWrapper\">\r\n                <div class=\"learnNavigationContent\">\r\n                    <img decoding=\"async\" src=\"https:\/\/talkpal.ai\/wp-content\/uploads\/2024\/08\/Italian.jpg\" alt=\"Italian Flag\">\r\n                    <div>\r\n                        <h4>Informazioni sull&#039;apprendimento dell&#039;italiano<\/h4>\r\n                        <p>Scopri tutto sulla grammatica italiana.<\/p>\r\n                    <\/div>\r\n                <\/div>\r\n            <\/div>\r\n        <\/a>\r\n\r\n        \r\n        <a href=\"https:\/\/talkpal.ai\/it\/esercizi-di-grammatica-italiana\/\">\r\n            <div class=\"learnNavigationWrapper\">\r\n                <div class=\"learnNavigationContent\">\r\n                    <img decoding=\"async\" src=\"https:\/\/talkpal.ai\/wp-content\/uploads\/2024\/08\/Italian.jpg\" alt=\"Italian Flag\">\r\n                    <div>\r\n                        <h4>Esercizio di grammatica italiana<\/h4>\r\n                        <p>Pratica la grammatica italiana .<\/p>\r\n                    <\/div>\r\n                <\/div>\r\n            <\/div>\r\n        <\/a>\r\n\r\n        \r\n        <a href=\"https:\/\/talkpal.ai\/vocabulary_language\/italian\/\">\r\n            <div class=\"learnNavigationWrapper\">\r\n                <div class=\"learnNavigationContent\">\r\n                    <img decoding=\"async\" src=\"https:\/\/talkpal.ai\/wp-content\/uploads\/2024\/08\/Italian.jpg\" alt=\"Italian Flag\">\r\n                    <div>\r\n                        <h4>Vocabolario italiano<\/h4>\r\n                        <p>Amplia il tuo vocabolario italiano.<\/p>\r\n                    <\/div>\r\n                <\/div>\r\n            <\/div>\r\n        <\/a>\r\n\r\n            <\/section>","protected":false},"excerpt":{"rendered":"<p>Padroneggiare l&#8217;arte della grammatica italiana: la vostra guida definitiva Ciao, appassionati di lingue! Siete pronti a tuffarvi a capofitto nel mondo della grammatica italiana? Sei nel posto giusto. Ricco di informazioni facili da digerire e dal tono colloquiale, questo articolo ti guider\u00e0 attraverso l&#8217;affascinante (e a volte complicato) mondo della grammatica italiana, in modo che [&hellip;]<\/p>\n","protected":false},"author":1,"featured_media":667,"parent":0,"menu_order":0,"comment_status":"closed","ping_status":"closed","template":"LearningContentPage.php","meta":{"_acf_changed":false,"footnotes":""},"class_list":["post-75062","page","type-page","status-publish","has-post-thumbnail","hentry"],"acf":[],"yoast_head":"<!-- This site is optimized with the Yoast SEO Premium plugin v27.2 (Yoast SEO v27.2) - https:\/\/yoast.com\/product\/yoast-seo-premium-wordpress\/ -->\n<title>Grammatica italiana - Talkpal<\/title>\n<meta name=\"description\" content=\"Impara facilmente la grammatica italiana: esercitati in modo chiaro, comprendi le regole e parla meglio con la semplice guida di Talkpal AI.\" \/>\n<meta name=\"robots\" content=\"index, follow, max-snippet:-1, max-image-preview:large, max-video-preview:-1\" \/>\n<link rel=\"canonical\" href=\"https:\/\/talkpal.ai\/it\/grammatica-italiana\/\" \/>\n<meta property=\"og:locale\" content=\"it_IT\" \/>\n<meta property=\"og:type\" content=\"article\" \/>\n<meta property=\"og:title\" content=\"Grammatica italiana\" \/>\n<meta property=\"og:description\" content=\"Padroneggiare l&#039;arte della grammatica italiana: la vostra guida definitiva Ciao, appassionati di lingue! Siete pronti a tuffarvi a capofitto nel mondo\" \/>\n<meta property=\"og:url\" content=\"https:\/\/talkpal.ai\/it\/grammatica-italiana\/\" \/>\n<meta property=\"og:site_name\" content=\"Talkpal\" \/>\n<meta property=\"article:publisher\" content=\"https:\/\/www.facebook.com\/profile.php?id=100090733639311\" \/>\n<meta property=\"article:modified_time\" content=\"2025-05-22T18:44:09+00:00\" \/>\n<meta property=\"og:image\" content=\"https:\/\/talkpal.ai\/wp-content\/uploads\/2023\/03\/italy.png\" \/>\n\t<meta property=\"og:image:width\" content=\"512\" \/>\n\t<meta property=\"og:image:height\" content=\"512\" \/>\n\t<meta property=\"og:image:type\" content=\"image\/png\" \/>\n<meta name=\"twitter:card\" content=\"summary_large_image\" \/>\n<meta name=\"twitter:site\" content=\"@talkpalai\" \/>\n<meta name=\"twitter:label1\" content=\"Tempo di lettura stimato\" \/>\n\t<meta name=\"twitter:data1\" content=\"3 minuti\" \/>\n<script type=\"application\/ld+json\" class=\"yoast-schema-graph\">{\"@context\":\"https:\/\/schema.org\",\"@graph\":[{\"@type\":\"WebPage\",\"@id\":\"https:\/\/talkpal.ai\/it\/grammatica-italiana\/\",\"url\":\"https:\/\/talkpal.ai\/it\/grammatica-italiana\/\",\"name\":\"Grammatica italiana - Talkpal\",\"isPartOf\":{\"@id\":\"https:\/\/talkpal.ai\/it\/#website\"},\"primaryImageOfPage\":{\"@id\":\"https:\/\/talkpal.ai\/it\/grammatica-italiana\/#primaryimage\"},\"image\":{\"@id\":\"https:\/\/talkpal.ai\/it\/grammatica-italiana\/#primaryimage\"},\"thumbnailUrl\":\"https:\/\/talkpal.ai\/wp-content\/uploads\/2023\/03\/italy.png\",\"datePublished\":\"2023-03-26T12:27:22+00:00\",\"dateModified\":\"2025-05-22T18:44:09+00:00\",\"description\":\"Impara facilmente la grammatica italiana: esercitati in modo chiaro, comprendi le regole e parla meglio con la semplice guida di Talkpal AI.\",\"breadcrumb\":{\"@id\":\"https:\/\/talkpal.ai\/it\/grammatica-italiana\/#breadcrumb\"},\"inLanguage\":\"it-IT\",\"potentialAction\":[{\"@type\":\"ReadAction\",\"target\":[\"https:\/\/talkpal.ai\/it\/grammatica-italiana\/\"]}]},{\"@type\":\"ImageObject\",\"inLanguage\":\"it-IT\",\"@id\":\"https:\/\/talkpal.ai\/it\/grammatica-italiana\/#primaryimage\",\"url\":\"https:\/\/talkpal.ai\/wp-content\/uploads\/2023\/03\/italy.png\",\"contentUrl\":\"https:\/\/talkpal.ai\/wp-content\/uploads\/2023\/03\/italy.png\",\"width\":512,\"height\":512,\"caption\":\"TalkPal AI learn Italian\"},{\"@type\":\"BreadcrumbList\",\"@id\":\"https:\/\/talkpal.ai\/it\/grammatica-italiana\/#breadcrumb\",\"itemListElement\":[{\"@type\":\"ListItem\",\"position\":1,\"name\":\"Homepage\",\"item\":\"https:\/\/talkpal.ai\/it\/\"},{\"@type\":\"ListItem\",\"position\":2,\"name\":\"Grammatica italiana\"}]},{\"@type\":\"WebSite\",\"@id\":\"https:\/\/talkpal.ai\/it\/#website\",\"url\":\"https:\/\/talkpal.ai\/it\/\",\"name\":\"Talkpal\",\"description\":\"AI Language Learning\",\"publisher\":{\"@id\":\"https:\/\/talkpal.ai\/it\/#organization\"},\"alternateName\":\"Talkpal AI\",\"potentialAction\":[{\"@type\":\"SearchAction\",\"target\":{\"@type\":\"EntryPoint\",\"urlTemplate\":\"https:\/\/talkpal.ai\/it\/?s={search_term_string}\"},\"query-input\":{\"@type\":\"PropertyValueSpecification\",\"valueRequired\":true,\"valueName\":\"search_term_string\"}}],\"inLanguage\":\"it-IT\"},{\"@type\":\"Organization\",\"@id\":\"https:\/\/talkpal.ai\/it\/#organization\",\"name\":\"Talkpal, Inc.\",\"alternateName\":\"Talkpal AI\",\"url\":\"https:\/\/talkpal.ai\/it\/\",\"logo\":{\"@type\":\"ImageObject\",\"inLanguage\":\"it-IT\",\"@id\":\"https:\/\/talkpal.ai\/it\/#\/schema\/logo\/image\/\",\"url\":\"https:\/\/talkpal.ai\/wp-content\/uploads\/2024\/03\/Talkpal-Logo-Icon.png\",\"contentUrl\":\"https:\/\/talkpal.ai\/wp-content\/uploads\/2024\/03\/Talkpal-Logo-Icon.png\",\"width\":2880,\"height\":2880,\"caption\":\"Talkpal, Inc.\"},\"image\":{\"@id\":\"https:\/\/talkpal.ai\/it\/#\/schema\/logo\/image\/\"},\"sameAs\":[\"https:\/\/www.facebook.com\/profile.php?id=100090733639311\",\"https:\/\/x.com\/talkpalai\",\"https:\/\/www.linkedin.com\/company\/talkpal\/\",\"https:\/\/www.youtube.com\/@TalkPal\/\",\"https:\/\/www.tiktok.com\/@talkpal\",\"https:\/\/www.instagram.com\/talkpal_ai\/\",\"https:\/\/www.crunchbase.com\/organization\/talkpal-9cde\",\"https:\/\/www.g2.com\/products\/talkpal-for-business\/\",\"https:\/\/www.trustpilot.com\/review\/talkpal.ai\",\"https:\/\/www.capterra.com\/p\/10006800\/TalkPal\/\"],\"description\":\"Talkpal is a language learning web and mobile education app, powered by the latest AI technologies, that provides engaging experiences to its customers in many different languages to help them improve their language skills. Users can chat about unlimited amount of topics with the app and use other modes to practice their language learning.\",\"email\":\"support@talkpal.ai\",\"legalName\":\"Talkpal, Inc.\",\"foundingDate\":\"2023-04-03\",\"duns\":\"118989042\",\"numberOfEmployees\":{\"@type\":\"QuantitativeValue\",\"minValue\":\"11\",\"maxValue\":\"50\"},\"publishingPrinciples\":\"https:\/\/talkpal.ai\/publishing-principles\/\",\"actionableFeedbackPolicy\":\"https:\/\/talkpal.ai\/actionable-feedback-policy\/\",\"correctionsPolicy\":\"https:\/\/talkpal.ai\/corrections-policy\/\",\"ethicsPolicy\":\"https:\/\/talkpal.ai\/ethics-policy\/\",\"diversityPolicy\":\"https:\/\/talkpal.ai\/diversity-policy\/\",\"diversityStaffingReport\":\"https:\/\/talkpal.ai\/diversity-policy\/\"}]}<\/script>\n<!-- \/ Yoast SEO Premium plugin. -->","yoast_head_json":{"title":"Grammatica italiana - Talkpal","description":"Impara facilmente la grammatica italiana: esercitati in modo chiaro, comprendi le regole e parla meglio con la semplice guida di Talkpal AI.","robots":{"index":"index","follow":"follow","max-snippet":"max-snippet:-1","max-image-preview":"max-image-preview:large","max-video-preview":"max-video-preview:-1"},"canonical":"https:\/\/talkpal.ai\/it\/grammatica-italiana\/","og_locale":"it_IT","og_type":"article","og_title":"Grammatica italiana","og_description":"Padroneggiare l'arte della grammatica italiana: la vostra guida definitiva Ciao, appassionati di lingue! Siete pronti a tuffarvi a capofitto nel mondo","og_url":"https:\/\/talkpal.ai\/it\/grammatica-italiana\/","og_site_name":"Talkpal","article_publisher":"https:\/\/www.facebook.com\/profile.php?id=100090733639311","article_modified_time":"2025-05-22T18:44:09+00:00","og_image":[{"width":512,"height":512,"url":"https:\/\/talkpal.ai\/wp-content\/uploads\/2023\/03\/italy.png","type":"image\/png"}],"twitter_card":"summary_large_image","twitter_site":"@talkpalai","twitter_misc":{"Tempo di lettura stimato":"3 minuti"},"schema":{"@context":"https:\/\/schema.org","@graph":[{"@type":"WebPage","@id":"https:\/\/talkpal.ai\/it\/grammatica-italiana\/","url":"https:\/\/talkpal.ai\/it\/grammatica-italiana\/","name":"Grammatica italiana - Talkpal","isPartOf":{"@id":"https:\/\/talkpal.ai\/it\/#website"},"primaryImageOfPage":{"@id":"https:\/\/talkpal.ai\/it\/grammatica-italiana\/#primaryimage"},"image":{"@id":"https:\/\/talkpal.ai\/it\/grammatica-italiana\/#primaryimage"},"thumbnailUrl":"https:\/\/talkpal.ai\/wp-content\/uploads\/2023\/03\/italy.png","datePublished":"2023-03-26T12:27:22+00:00","dateModified":"2025-05-22T18:44:09+00:00","description":"Impara facilmente la grammatica italiana: esercitati in modo chiaro, comprendi le regole e parla meglio con la semplice guida di Talkpal AI.","breadcrumb":{"@id":"https:\/\/talkpal.ai\/it\/grammatica-italiana\/#breadcrumb"},"inLanguage":"it-IT","potentialAction":[{"@type":"ReadAction","target":["https:\/\/talkpal.ai\/it\/grammatica-italiana\/"]}]},{"@type":"ImageObject","inLanguage":"it-IT","@id":"https:\/\/talkpal.ai\/it\/grammatica-italiana\/#primaryimage","url":"https:\/\/talkpal.ai\/wp-content\/uploads\/2023\/03\/italy.png","contentUrl":"https:\/\/talkpal.ai\/wp-content\/uploads\/2023\/03\/italy.png","width":512,"height":512,"caption":"TalkPal AI learn Italian"},{"@type":"BreadcrumbList","@id":"https:\/\/talkpal.ai\/it\/grammatica-italiana\/#breadcrumb","itemListElement":[{"@type":"ListItem","position":1,"name":"Homepage","item":"https:\/\/talkpal.ai\/it\/"},{"@type":"ListItem","position":2,"name":"Grammatica italiana"}]},{"@type":"WebSite","@id":"https:\/\/talkpal.ai\/it\/#website","url":"https:\/\/talkpal.ai\/it\/","name":"Talkpal","description":"AI Language Learning","publisher":{"@id":"https:\/\/talkpal.ai\/it\/#organization"},"alternateName":"Talkpal AI","potentialAction":[{"@type":"SearchAction","target":{"@type":"EntryPoint","urlTemplate":"https:\/\/talkpal.ai\/it\/?s={search_term_string}"},"query-input":{"@type":"PropertyValueSpecification","valueRequired":true,"valueName":"search_term_string"}}],"inLanguage":"it-IT"},{"@type":"Organization","@id":"https:\/\/talkpal.ai\/it\/#organization","name":"Talkpal, Inc.","alternateName":"Talkpal AI","url":"https:\/\/talkpal.ai\/it\/","logo":{"@type":"ImageObject","inLanguage":"it-IT","@id":"https:\/\/talkpal.ai\/it\/#\/schema\/logo\/image\/","url":"https:\/\/talkpal.ai\/wp-content\/uploads\/2024\/03\/Talkpal-Logo-Icon.png","contentUrl":"https:\/\/talkpal.ai\/wp-content\/uploads\/2024\/03\/Talkpal-Logo-Icon.png","width":2880,"height":2880,"caption":"Talkpal, Inc."},"image":{"@id":"https:\/\/talkpal.ai\/it\/#\/schema\/logo\/image\/"},"sameAs":["https:\/\/www.facebook.com\/profile.php?id=100090733639311","https:\/\/x.com\/talkpalai","https:\/\/www.linkedin.com\/company\/talkpal\/","https:\/\/www.youtube.com\/@TalkPal\/","https:\/\/www.tiktok.com\/@talkpal","https:\/\/www.instagram.com\/talkpal_ai\/","https:\/\/www.crunchbase.com\/organization\/talkpal-9cde","https:\/\/www.g2.com\/products\/talkpal-for-business\/","https:\/\/www.trustpilot.com\/review\/talkpal.ai","https:\/\/www.capterra.com\/p\/10006800\/TalkPal\/"],"description":"Talkpal is a language learning web and mobile education app, powered by the latest AI technologies, that provides engaging experiences to its customers in many different languages to help them improve their language skills. Users can chat about unlimited amount of topics with the app and use other modes to practice their language learning.","email":"support@talkpal.ai","legalName":"Talkpal, Inc.","foundingDate":"2023-04-03","duns":"118989042","numberOfEmployees":{"@type":"QuantitativeValue","minValue":"11","maxValue":"50"},"publishingPrinciples":"https:\/\/talkpal.ai\/publishing-principles\/","actionableFeedbackPolicy":"https:\/\/talkpal.ai\/actionable-feedback-policy\/","correctionsPolicy":"https:\/\/talkpal.ai\/corrections-policy\/","ethicsPolicy":"https:\/\/talkpal.ai\/ethics-policy\/","diversityPolicy":"https:\/\/talkpal.ai\/diversity-policy\/","diversityStaffingReport":"https:\/\/talkpal.ai\/diversity-policy\/"}]}},"_links":{"self":[{"href":"https:\/\/talkpal.ai\/it\/wp-json\/wp\/v2\/pages\/75062","targetHints":{"allow":["GET"]}}],"collection":[{"href":"https:\/\/talkpal.ai\/it\/wp-json\/wp\/v2\/pages"}],"about":[{"href":"https:\/\/talkpal.ai\/it\/wp-json\/wp\/v2\/types\/page"}],"author":[{"embeddable":true,"href":"https:\/\/talkpal.ai\/it\/wp-json\/wp\/v2\/users\/1"}],"replies":[{"embeddable":true,"href":"https:\/\/talkpal.ai\/it\/wp-json\/wp\/v2\/comments?post=75062"}],"version-history":[{"count":0,"href":"https:\/\/talkpal.ai\/it\/wp-json\/wp\/v2\/pages\/75062\/revisions"}],"wp:featuredmedia":[{"embeddable":true,"href":"https:\/\/talkpal.ai\/it\/wp-json\/wp\/v2\/media\/667"}],"wp:attachment":[{"href":"https:\/\/talkpal.ai\/it\/wp-json\/wp\/v2\/media?parent=75062"}],"curies":[{"name":"wp","href":"https:\/\/api.w.org\/{rel}","templated":true}]}}