{"id":49216,"date":"2023-06-16T09:22:36","date_gmt":"2023-06-16T09:22:36","guid":{"rendered":"http:\/\/talkpal.ai\/esercizi-di-grammatica-italiana\/"},"modified":"2025-12-17T16:14:22","modified_gmt":"2025-12-17T16:14:22","slug":"esercizi-di-grammatica-italiana","status":"publish","type":"page","link":"https:\/\/talkpal.ai\/it\/esercizi-di-grammatica-italiana\/","title":{"rendered":"Esercizi di grammatica italiana"},"content":{"rendered":"\r\n\r\n\r\n<section class=\"languageChallengeSection\">\r\n    <div class=\"languageInfoWrapper\">\r\n        \r\n        <h1>Esercizi di grammatica italiana<\/h1>\r\n        <p>Sei pronto a migliorare la tua sicurezza in <a href=\"https:\/\/talkpal.ai\/learn-italian\/\">italiano<\/a>? Esercitarsi con la <a href=\"https:\/\/talkpal.ai\/grammar\/\">grammatica<\/a> \u00e8 il modo migliore per padroneggiare la struttura delle frasi, le coniugazioni dei verbi e le caratteristiche uniche della lingua italiana. Inizia a lavorare sulla tua <a href=\"https:\/\/talkpal.ai\/ar\/grammar_exercises\/articoli-%d8%aa%d9%85%d8%a7%d8%b1%d9%8a%d9%86-%d9%84%d9%84%d9%82%d9%88%d8%a7%d8%b9%d8%af-%d8%a7%d9%84%d8%a5%d9%8a%d8%b7%d8%a7%d9%84%d9%8a%d8%a9\/\">grammatica italiana<\/a> oggi stesso e vedrai che le tue abilit\u00e0 e la tua fluidit\u00e0 miglioreranno ad ogni passo!\n\n<\/p>\r\n\r\n                            <a class=\"getStartedHidden\" href=\"https:\/\/app.talkpal.ai\/it\/signup?lng=\">Comincia<\/a>\r\n        \r\n    <\/div>\r\n\r\n    <figure>\r\n    <img decoding=\"async\" width=\"768\" height=\"768\" src=\"https:\/\/talkpal.ai\/wp-content\/uploads\/2023\/06\/italian-768x768.png\" class=\"languageImage no-lazy\" alt=\"Default alt text\" fetchpriority=\"high\" sizes=\"(max-width: 768px) 150px, 768px\" srcset=\"https:\/\/talkpal.ai\/wp-content\/uploads\/2023\/06\/italian-768x768.png 768w, https:\/\/talkpal.ai\/wp-content\/uploads\/2023\/06\/italian-300x300.png 300w\" \/>\r\n    \r\n\r\n    <\/figure>\r\n\r\n            <a class=\"getStartedVisible\" href=\"https:\/\/app.talkpal.ai\/it\/signup?lng=\">Comincia<\/a>\r\n    \r\n<\/section>\r\n\r\n\r\n<!-- <section class=\"grammarSection\">\r\n    <div class=\"grammarLinks\">\r\n        <a href=\"https:\/\/talkpal.ai\/it\/exercise_language\/aggettivi-grammatica-italiana\/\">Aggettivi <\/a><a href=\"https:\/\/talkpal.ai\/it\/exercise_language\/articoli-grammatica-italiana\/\">Articoli <\/a><a href=\"https:\/\/talkpal.ai\/it\/exercise_language\/avverbi-grammatica-italiana\/\">Avverbi <\/a><a href=\"https:\/\/talkpal.ai\/it\/exercise_language\/confronto-dei-tempi-grammatica-italiana\/\">Confronto dei tempi <\/a><a href=\"https:\/\/talkpal.ai\/it\/exercise_language\/congiuntivo-grammatica-italiana\/\">Congiuntivo <\/a><a href=\"https:\/\/talkpal.ai\/it\/exercise_language\/preposizioni-grammatica-italiana\/\">Preposizioni <\/a><a href=\"https:\/\/talkpal.ai\/it\/exercise_language\/pronomi-grammatica-italiana\/\">Pronomi <\/a><a href=\"https:\/\/talkpal.ai\/it\/exercise_language\/sostantivi-grammatica-italiana\/\">Sostantivi <\/a><a href=\"https:\/\/talkpal.ai\/it\/exercise_language\/struttura-della-frase-grammatica-italiana\/\">Struttura della frase <\/a><a href=\"https:\/\/talkpal.ai\/it\/exercise_language\/tempi-indicativi-grammatica-italiana\/\">Tempi Indicativi <\/a><a href=\"https:\/\/talkpal.ai\/it\/exercise_language\/verbi-grammatica-italiana\/\">Verbi <\/a>    <\/div>\r\n<\/section> -->\r\n\r\n\r\n\r\n\r\n        <section class=\"grammarSection\">\r\n            <div class=\"grammarLinks\">\r\n                <a href=\"https:\/\/talkpal.ai\/it\/exercise_language\/aggettivi-grammatica-italiana\/\">Aggettivi <\/a><a href=\"https:\/\/talkpal.ai\/it\/exercise_language\/articoli-grammatica-italiana\/\">Articoli <\/a><a href=\"https:\/\/talkpal.ai\/it\/exercise_language\/avverbi-grammatica-italiana\/\">Avverbi <\/a><a href=\"https:\/\/talkpal.ai\/it\/exercise_language\/confronto-dei-tempi-grammatica-italiana\/\">Confronto dei tempi <\/a><a href=\"https:\/\/talkpal.ai\/it\/exercise_language\/congiuntivo-grammatica-italiana\/\">Congiuntivo <\/a><a href=\"https:\/\/talkpal.ai\/it\/exercise_language\/preposizioni-grammatica-italiana\/\">Preposizioni <\/a><a href=\"https:\/\/talkpal.ai\/it\/exercise_language\/pronomi-grammatica-italiana\/\">Pronomi <\/a><a href=\"https:\/\/talkpal.ai\/it\/exercise_language\/sostantivi-grammatica-italiana\/\">Sostantivi <\/a><a href=\"https:\/\/talkpal.ai\/it\/exercise_language\/struttura-della-frase-grammatica-italiana\/\">Struttura della frase <\/a><a href=\"https:\/\/talkpal.ai\/it\/exercise_language\/tempi-indicativi-grammatica-italiana\/\">Tempi Indicativi <\/a><a href=\"https:\/\/talkpal.ai\/it\/exercise_language\/verbi-grammatica-italiana\/\">Verbi <\/a>            <\/div>\r\n        <\/section>\r\n<section class=\"promotionalBanner\">\r\n    <p class=\"promotionalText\">Il modo pi\u00f9 efficace per imparare una lingua<\/p>\r\n    <a class=\"promotionalLink\" href=\"https:\/\/app.talkpal.ai\/it\/signup?lng=\">Prova Talkpal gratuitamente<\/a>\r\n<\/section>\n<div class=\"wp-block-group pageContainerStyle\"><div class=\"wp-block-group__inner-container is-layout-constrained wp-block-group-is-layout-constrained\">\n<h2 class=\"wp-block-heading\" id=\"h-italian-grammar-topics\">Argomenti di grammatica italiana<\/h2>\n\n\n\n<p>Imparare una nuova lingua \u00e8 un viaggio emozionante che apre nuove opportunit\u00e0 ed esperienze culturali. Una delle lingue pi\u00f9 belle e parlate \u00e8 l&#8217;italiano, noto per la sua musicalit\u00e0, espressivit\u00e0 e ricca storia. Per imparare l&#8217;italiano in modo efficace, \u00e8 fondamentale avere una chiara comprensione della sua grammatica, che serve come base per costruire competenze linguistiche. Ci\u00f2 include la padronanza di vari aspetti, come tempi, verbi, nomi, articoli e altro. In questa guida, esploreremo una sequenza di argomenti grammaticali che ti aiuteranno a imparare l&#8217;italiano in modo organizzato ed efficiente.<\/p>\n\n\n\n<h3 class=\"wp-block-heading\" id=\"h-1-nouns-and-articles\">1. Sostantivi e articoli:<\/h3>\n\n\n\n<p>Inizia il tuo viaggio di apprendimento dell&#8217;italiano con nomi e articoli, poich\u00e9 sono gli elementi costitutivi di base di qualsiasi frase. I sostantivi sono parole che rappresentano persone, luoghi, cose o idee. In italiano, i sostantivi hanno generi (maschile e femminile) e numeri (singolare e <a href=\"https:\/\/talkpal.ai\/zh-hans\/grammar_exercises\/plurale-%e6%84%8f%e5%a4%a7%e5%88%a9%e8%af%ad%e6%b3%95%e7%bb%83%e4%b9%a0\/\">plurale<\/a>). Gli articoli sono le parole che accompagnano i sostantivi e hanno anche genere e numero. Familiarizzare con gli articoli determinativi (il, la, ecc.) e indeterminativi (un, una, ecc.) per formare frasi semplici.<\/p>\n\n\n\n<h3 class=\"wp-block-heading\" id=\"h-2-adjectives\">2. Aggettivi:<\/h3>\n\n\n\n<p>Gli aggettivi forniscono informazioni sui nomi, come colore, dimensione o qualit\u00e0. In italiano, gli aggettivi concordano per genere e numero con il sostantivo che descrivono. Impara le regole per il posizionamento e l&#8217;accordo degli aggettivi per migliorare le tue abilit\u00e0 linguistiche descrittive.<\/p>\n\n\n\n<h3 class=\"wp-block-heading\" id=\"h-3-pronouns\">3. Pronomi:<\/h3>\n\n\n\n<p>I pronomi sostituiscono i nomi nelle frasi per evitare ripetizioni. Studia i pronomi soggetto (io, tu, lui, ecc.), i pronomi oggetto diretti e indiretti (lo, la, gli, ecc.) e i pronomi possessivi (mio, tuo, suo, ecc.) per aggiungere pi\u00f9 variet\u00e0 al tuo discorso.<\/p>\n\n\n\n<h3 class=\"wp-block-heading\" id=\"h-4-verbs-and-tenses-indicative\">4. Verbi e tempi verbali indicativi:<\/h3>\n\n\n\n<p>I verbi esprimono azioni, stati o occorrenze. I verbi italiani hanno coniugazioni diverse in base al soggetto, al tempo e all&#8217;umore. Inizia con verbi regolari nel tempo <a href=\"https:\/\/talkpal.ai\/hi\/grammar_exercises\/presente-%e0%a4%b8%e0%a5%8d%e0%a4%aa%e0%a5%87%e0%a4%a8%e0%a4%bf%e0%a4%b6-%e0%a4%b5%e0%a5%8d%e0%a4%af%e0%a4%be%e0%a4%95%e0%a4%b0%e0%a4%a3-%e0%a4%95%e0%a5%87-%e0%a4%b2%e0%a4%bf%e0%a4%8f-%e0%a4%b5\/\">presente indicativo<\/a>, come parlare (parlare), e impara gradualmente altri tempi, come il <a href=\"https:\/\/talkpal.ai\/ar\/grammar_exercises\/passato-prossimo-%d8%aa%d9%85%d8%a7%d8%b1%d9%8a%d9%86-%d9%84%d9%84%d9%82%d9%88%d8%a7%d8%b9%d8%af-%d8%a7%d9%84%d8%a5%d9%8a%d8%b7%d8%a7%d9%84%d9%8a%d8%a9\/\">passato prossimo<\/a> e <a href=\"https:\/\/talkpal.ai\/it\/il-futuro-semplice-in-italiano-guida-facile-e-veloce-per-impararlo\/\">il futuro semplice<\/a>.<\/p>\n\n\n\n<h3 class=\"wp-block-heading\" id=\"h-5-tenses-subjunctive\">5. Congiuntivo dei tempi verbali:<\/h3>\n\n\n\n<p>L&#8217;umore congiuntivo esprime dubbi, incertezze o opinioni personali. Impara i quattro tempi congiuntivi (presente, passato, imperfetto e passato perfetto) e il loro uso nell&#8217;esprimere desideri, desideri e situazioni ipotetiche.<\/p>\n\n\n\n<h3 class=\"wp-block-heading\" id=\"h-6-tense-comparison\">6. Confronto teso:<\/h3>\n\n\n\n<p>Sviluppa la tua capacit\u00e0 di confrontare le azioni in diversi intervalli di tempo imparando come usare forme comparative e superlative di aggettivi e avverbi. Ci\u00f2 ti consentir\u00e0 di effettuare confronti tra persone, oggetti o situazioni.<\/p>\n\n\n\n<h3 class=\"wp-block-heading\" id=\"h-7-adverbs\">7. Avverbi:<\/h3>\n\n\n\n<p>Gli avverbi modificano verbi, aggettivi o altri avverbi fornendo informazioni aggiuntive su tempo, modo o grado. Impara gli avverbi italiani comuni e il loro posizionamento nelle frasi per migliorare la tua fluidit\u00e0.<\/p>\n\n\n\n<h3 class=\"wp-block-heading\" id=\"h-8-prepositions\">8. Preposizioni:<\/h3>\n\n\n\n<p>Le preposizioni sono essenziali per collegare parole e frasi, indicando relazioni come luogo, ora o causa. Padroneggia le preposizioni comuni italiane (di, a, da, ecc.) e il loro uso in vari contesti.<\/p>\n\n\n\n<h3 class=\"wp-block-heading\" id=\"h-9-sentence-structure\">9. Struttura della frase:<\/h3>\n\n\n\n<p>Infine, riunire tutte le componenti grammaticali studiando la struttura della frase italiana. Scopri l&#8217;ordine soggetto-verbo-oggetto, la negazione e la formazione di domande per creare frasi accurate e significative.<\/p>\n\n\n\n<p>Seguendo questa sequenza di argomenti grammaticali e dedicando tempo alla pratica e alla revisione, sarai sulla buona strada per padroneggiare l&#8217;italiano e goderti le ricche esperienze linguistiche e culturali che offre.<\/p>\n<\/div><\/div>\n\r\n<section class=\"learnNavigationSection\">\r\n            \r\n        <a href=\"https:\/\/talkpal.ai\/it\/imparare-litaliano\/\">\r\n            <div class=\"learnNavigationWrapper\">\r\n                <div class=\"learnNavigationContent\">\r\n                    <img decoding=\"async\" src=\"https:\/\/talkpal.ai\/wp-content\/uploads\/2024\/08\/Italian.jpg\" alt=\"Italian Flag\">\r\n                    <div>\r\n                        <h4>Informazioni sull&#039;apprendimento dell&#039;italiano<\/h4>\r\n                        <p>Scopri tutto sulla grammatica italiana.<\/p>\r\n                    <\/div>\r\n                <\/div>\r\n            <\/div>\r\n        <\/a>\r\n\r\n        \r\n        <a href=\"https:\/\/talkpal.ai\/it\/grammatica-italiana\/\">\r\n            <div class=\"learnNavigationWrapper\">\r\n                <div class=\"learnNavigationContent\">\r\n                    <img decoding=\"async\" src=\"https:\/\/talkpal.ai\/wp-content\/uploads\/2024\/08\/Italian.jpg\" alt=\"Italian Flag\">\r\n                    <div>\r\n                        <h4>Lezioni di grammatica italiana<\/h4>\r\n                        <p>Pratica la grammatica italiana .<\/p>\r\n                    <\/div>\r\n                <\/div>\r\n            <\/div>\r\n        <\/a>\r\n\r\n        \r\n        <a href=\"https:\/\/talkpal.ai\/vocabulary_language\/italian\/\">\r\n            <div class=\"learnNavigationWrapper\">\r\n                <div class=\"learnNavigationContent\">\r\n                    <img decoding=\"async\" src=\"https:\/\/talkpal.ai\/wp-content\/uploads\/2024\/08\/Italian.jpg\" alt=\"Italian Flag\">\r\n                    <div>\r\n                        <h4>Vocabolario italiano<\/h4>\r\n                        <p>Amplia il tuo vocabolario italiano.<\/p>\r\n                    <\/div>\r\n                <\/div>\r\n            <\/div>\r\n        <\/a>\r\n\r\n            <\/section>","protected":false},"excerpt":{"rendered":"<p>Argomenti di grammatica italiana Imparare una nuova lingua \u00e8 un viaggio emozionante che apre nuove opportunit\u00e0 ed esperienze culturali. Una delle lingue pi\u00f9 belle e parlate \u00e8 l&#8217;italiano, noto per la sua musicalit\u00e0, espressivit\u00e0 e ricca storia. Per imparare l&#8217;italiano in modo efficace, \u00e8 fondamentale avere una chiara comprensione della sua grammatica, che serve come [&hellip;]<\/p>\n","protected":false},"author":6,"featured_media":667,"parent":0,"menu_order":0,"comment_status":"closed","ping_status":"closed","template":"LearningContentPage.php","meta":{"_acf_changed":false,"footnotes":""},"class_list":["post-49216","page","type-page","status-publish","has-post-thumbnail","hentry"],"acf":[],"yoast_head":"<!-- This site is optimized with the Yoast SEO Premium plugin v27.2 (Yoast SEO v27.2) - https:\/\/yoast.com\/product\/yoast-seo-premium-wordpress\/ -->\n<title>Esercizi di grammatica italiana - Talkpal<\/title>\n<meta name=\"description\" content=\"Rafforza la tua grammatica italiana in modo efficace - migliora le tue competenze con esercizi pratici, esercitazioni interattive e feedback immediati.\" \/>\n<meta name=\"robots\" content=\"index, follow, max-snippet:-1, max-image-preview:large, max-video-preview:-1\" \/>\n<link rel=\"canonical\" href=\"https:\/\/talkpal.ai\/it\/esercizi-di-grammatica-italiana\/\" \/>\n<meta property=\"og:locale\" content=\"it_IT\" \/>\n<meta property=\"og:type\" content=\"article\" \/>\n<meta property=\"og:title\" content=\"Esercizi di grammatica italiana\" \/>\n<meta property=\"og:description\" content=\"Argomenti di grammatica italiana Imparare una nuova lingua \u00e8 un viaggio emozionante che apre nuove opportunit\u00e0 ed esperienze culturali. Una delle lingue\" \/>\n<meta property=\"og:url\" content=\"https:\/\/talkpal.ai\/it\/esercizi-di-grammatica-italiana\/\" \/>\n<meta property=\"og:site_name\" content=\"Talkpal\" \/>\n<meta property=\"article:publisher\" content=\"https:\/\/www.facebook.com\/profile.php?id=100090733639311\" \/>\n<meta property=\"article:modified_time\" content=\"2025-12-17T16:14:22+00:00\" \/>\n<meta property=\"og:image\" content=\"https:\/\/talkpal.ai\/wp-content\/uploads\/2023\/03\/italy.png\" \/>\n\t<meta property=\"og:image:width\" content=\"512\" \/>\n\t<meta property=\"og:image:height\" content=\"512\" \/>\n\t<meta property=\"og:image:type\" content=\"image\/png\" \/>\n<meta name=\"twitter:card\" content=\"summary_large_image\" \/>\n<meta name=\"twitter:site\" content=\"@talkpalai\" \/>\n<meta name=\"twitter:label1\" content=\"Tempo di lettura stimato\" \/>\n\t<meta name=\"twitter:data1\" content=\"3 minuti\" \/>\n<script type=\"application\/ld+json\" class=\"yoast-schema-graph\">{\"@context\":\"https:\/\/schema.org\",\"@graph\":[{\"@type\":\"WebPage\",\"@id\":\"https:\/\/talkpal.ai\/it\/esercizi-di-grammatica-italiana\/\",\"url\":\"https:\/\/talkpal.ai\/it\/esercizi-di-grammatica-italiana\/\",\"name\":\"Esercizi di grammatica italiana - Talkpal\",\"isPartOf\":{\"@id\":\"https:\/\/talkpal.ai\/it\/#website\"},\"primaryImageOfPage\":{\"@id\":\"https:\/\/talkpal.ai\/it\/esercizi-di-grammatica-italiana\/#primaryimage\"},\"image\":{\"@id\":\"https:\/\/talkpal.ai\/it\/esercizi-di-grammatica-italiana\/#primaryimage\"},\"thumbnailUrl\":\"https:\/\/talkpal.ai\/wp-content\/uploads\/2023\/03\/italy.png\",\"datePublished\":\"2023-06-16T09:22:36+00:00\",\"dateModified\":\"2025-12-17T16:14:22+00:00\",\"description\":\"Rafforza la tua grammatica italiana in modo efficace - migliora le tue competenze con esercizi pratici, esercitazioni interattive e feedback immediati.\",\"breadcrumb\":{\"@id\":\"https:\/\/talkpal.ai\/it\/esercizi-di-grammatica-italiana\/#breadcrumb\"},\"inLanguage\":\"it-IT\",\"potentialAction\":[{\"@type\":\"ReadAction\",\"target\":[\"https:\/\/talkpal.ai\/it\/esercizi-di-grammatica-italiana\/\"]}]},{\"@type\":\"ImageObject\",\"inLanguage\":\"it-IT\",\"@id\":\"https:\/\/talkpal.ai\/it\/esercizi-di-grammatica-italiana\/#primaryimage\",\"url\":\"https:\/\/talkpal.ai\/wp-content\/uploads\/2023\/03\/italy.png\",\"contentUrl\":\"https:\/\/talkpal.ai\/wp-content\/uploads\/2023\/03\/italy.png\",\"width\":512,\"height\":512,\"caption\":\"TalkPal AI learn Italian\"},{\"@type\":\"BreadcrumbList\",\"@id\":\"https:\/\/talkpal.ai\/it\/esercizi-di-grammatica-italiana\/#breadcrumb\",\"itemListElement\":[{\"@type\":\"ListItem\",\"position\":1,\"name\":\"Homepage\",\"item\":\"https:\/\/talkpal.ai\/it\/\"},{\"@type\":\"ListItem\",\"position\":2,\"name\":\"Esercizi di grammatica italiana\"}]},{\"@type\":\"WebSite\",\"@id\":\"https:\/\/talkpal.ai\/it\/#website\",\"url\":\"https:\/\/talkpal.ai\/it\/\",\"name\":\"Talkpal\",\"description\":\"AI Language Learning\",\"publisher\":{\"@id\":\"https:\/\/talkpal.ai\/it\/#organization\"},\"alternateName\":\"Talkpal AI\",\"potentialAction\":[{\"@type\":\"SearchAction\",\"target\":{\"@type\":\"EntryPoint\",\"urlTemplate\":\"https:\/\/talkpal.ai\/it\/?s={search_term_string}\"},\"query-input\":{\"@type\":\"PropertyValueSpecification\",\"valueRequired\":true,\"valueName\":\"search_term_string\"}}],\"inLanguage\":\"it-IT\"},{\"@type\":\"Organization\",\"@id\":\"https:\/\/talkpal.ai\/it\/#organization\",\"name\":\"Talkpal, Inc.\",\"alternateName\":\"Talkpal AI\",\"url\":\"https:\/\/talkpal.ai\/it\/\",\"logo\":{\"@type\":\"ImageObject\",\"inLanguage\":\"it-IT\",\"@id\":\"https:\/\/talkpal.ai\/it\/#\/schema\/logo\/image\/\",\"url\":\"https:\/\/talkpal.ai\/wp-content\/uploads\/2024\/03\/Talkpal-Logo-Icon.png\",\"contentUrl\":\"https:\/\/talkpal.ai\/wp-content\/uploads\/2024\/03\/Talkpal-Logo-Icon.png\",\"width\":2880,\"height\":2880,\"caption\":\"Talkpal, Inc.\"},\"image\":{\"@id\":\"https:\/\/talkpal.ai\/it\/#\/schema\/logo\/image\/\"},\"sameAs\":[\"https:\/\/www.facebook.com\/profile.php?id=100090733639311\",\"https:\/\/x.com\/talkpalai\",\"https:\/\/www.linkedin.com\/company\/talkpal\/\",\"https:\/\/www.youtube.com\/@TalkPal\/\",\"https:\/\/www.tiktok.com\/@talkpal\",\"https:\/\/www.instagram.com\/talkpal_ai\/\",\"https:\/\/www.crunchbase.com\/organization\/talkpal-9cde\",\"https:\/\/www.g2.com\/products\/talkpal-for-business\/\",\"https:\/\/www.trustpilot.com\/review\/talkpal.ai\",\"https:\/\/www.capterra.com\/p\/10006800\/TalkPal\/\"],\"description\":\"Talkpal is a language learning web and mobile education app, powered by the latest AI technologies, that provides engaging experiences to its customers in many different languages to help them improve their language skills. Users can chat about unlimited amount of topics with the app and use other modes to practice their language learning.\",\"email\":\"support@talkpal.ai\",\"legalName\":\"Talkpal, Inc.\",\"foundingDate\":\"2023-04-03\",\"duns\":\"118989042\",\"numberOfEmployees\":{\"@type\":\"QuantitativeValue\",\"minValue\":\"11\",\"maxValue\":\"50\"},\"publishingPrinciples\":\"https:\/\/talkpal.ai\/publishing-principles\/\",\"actionableFeedbackPolicy\":\"https:\/\/talkpal.ai\/actionable-feedback-policy\/\",\"correctionsPolicy\":\"https:\/\/talkpal.ai\/corrections-policy\/\",\"ethicsPolicy\":\"https:\/\/talkpal.ai\/ethics-policy\/\",\"diversityPolicy\":\"https:\/\/talkpal.ai\/diversity-policy\/\",\"diversityStaffingReport\":\"https:\/\/talkpal.ai\/diversity-policy\/\"}]}<\/script>\n<!-- \/ Yoast SEO Premium plugin. -->","yoast_head_json":{"title":"Esercizi di grammatica italiana - Talkpal","description":"Rafforza la tua grammatica italiana in modo efficace - migliora le tue competenze con esercizi pratici, esercitazioni interattive e feedback immediati.","robots":{"index":"index","follow":"follow","max-snippet":"max-snippet:-1","max-image-preview":"max-image-preview:large","max-video-preview":"max-video-preview:-1"},"canonical":"https:\/\/talkpal.ai\/it\/esercizi-di-grammatica-italiana\/","og_locale":"it_IT","og_type":"article","og_title":"Esercizi di grammatica italiana","og_description":"Argomenti di grammatica italiana Imparare una nuova lingua \u00e8 un viaggio emozionante che apre nuove opportunit\u00e0 ed esperienze culturali. Una delle lingue","og_url":"https:\/\/talkpal.ai\/it\/esercizi-di-grammatica-italiana\/","og_site_name":"Talkpal","article_publisher":"https:\/\/www.facebook.com\/profile.php?id=100090733639311","article_modified_time":"2025-12-17T16:14:22+00:00","og_image":[{"width":512,"height":512,"url":"https:\/\/talkpal.ai\/wp-content\/uploads\/2023\/03\/italy.png","type":"image\/png"}],"twitter_card":"summary_large_image","twitter_site":"@talkpalai","twitter_misc":{"Tempo di lettura stimato":"3 minuti"},"schema":{"@context":"https:\/\/schema.org","@graph":[{"@type":"WebPage","@id":"https:\/\/talkpal.ai\/it\/esercizi-di-grammatica-italiana\/","url":"https:\/\/talkpal.ai\/it\/esercizi-di-grammatica-italiana\/","name":"Esercizi di grammatica italiana - Talkpal","isPartOf":{"@id":"https:\/\/talkpal.ai\/it\/#website"},"primaryImageOfPage":{"@id":"https:\/\/talkpal.ai\/it\/esercizi-di-grammatica-italiana\/#primaryimage"},"image":{"@id":"https:\/\/talkpal.ai\/it\/esercizi-di-grammatica-italiana\/#primaryimage"},"thumbnailUrl":"https:\/\/talkpal.ai\/wp-content\/uploads\/2023\/03\/italy.png","datePublished":"2023-06-16T09:22:36+00:00","dateModified":"2025-12-17T16:14:22+00:00","description":"Rafforza la tua grammatica italiana in modo efficace - migliora le tue competenze con esercizi pratici, esercitazioni interattive e feedback immediati.","breadcrumb":{"@id":"https:\/\/talkpal.ai\/it\/esercizi-di-grammatica-italiana\/#breadcrumb"},"inLanguage":"it-IT","potentialAction":[{"@type":"ReadAction","target":["https:\/\/talkpal.ai\/it\/esercizi-di-grammatica-italiana\/"]}]},{"@type":"ImageObject","inLanguage":"it-IT","@id":"https:\/\/talkpal.ai\/it\/esercizi-di-grammatica-italiana\/#primaryimage","url":"https:\/\/talkpal.ai\/wp-content\/uploads\/2023\/03\/italy.png","contentUrl":"https:\/\/talkpal.ai\/wp-content\/uploads\/2023\/03\/italy.png","width":512,"height":512,"caption":"TalkPal AI learn Italian"},{"@type":"BreadcrumbList","@id":"https:\/\/talkpal.ai\/it\/esercizi-di-grammatica-italiana\/#breadcrumb","itemListElement":[{"@type":"ListItem","position":1,"name":"Homepage","item":"https:\/\/talkpal.ai\/it\/"},{"@type":"ListItem","position":2,"name":"Esercizi di grammatica italiana"}]},{"@type":"WebSite","@id":"https:\/\/talkpal.ai\/it\/#website","url":"https:\/\/talkpal.ai\/it\/","name":"Talkpal","description":"AI Language Learning","publisher":{"@id":"https:\/\/talkpal.ai\/it\/#organization"},"alternateName":"Talkpal AI","potentialAction":[{"@type":"SearchAction","target":{"@type":"EntryPoint","urlTemplate":"https:\/\/talkpal.ai\/it\/?s={search_term_string}"},"query-input":{"@type":"PropertyValueSpecification","valueRequired":true,"valueName":"search_term_string"}}],"inLanguage":"it-IT"},{"@type":"Organization","@id":"https:\/\/talkpal.ai\/it\/#organization","name":"Talkpal, Inc.","alternateName":"Talkpal AI","url":"https:\/\/talkpal.ai\/it\/","logo":{"@type":"ImageObject","inLanguage":"it-IT","@id":"https:\/\/talkpal.ai\/it\/#\/schema\/logo\/image\/","url":"https:\/\/talkpal.ai\/wp-content\/uploads\/2024\/03\/Talkpal-Logo-Icon.png","contentUrl":"https:\/\/talkpal.ai\/wp-content\/uploads\/2024\/03\/Talkpal-Logo-Icon.png","width":2880,"height":2880,"caption":"Talkpal, Inc."},"image":{"@id":"https:\/\/talkpal.ai\/it\/#\/schema\/logo\/image\/"},"sameAs":["https:\/\/www.facebook.com\/profile.php?id=100090733639311","https:\/\/x.com\/talkpalai","https:\/\/www.linkedin.com\/company\/talkpal\/","https:\/\/www.youtube.com\/@TalkPal\/","https:\/\/www.tiktok.com\/@talkpal","https:\/\/www.instagram.com\/talkpal_ai\/","https:\/\/www.crunchbase.com\/organization\/talkpal-9cde","https:\/\/www.g2.com\/products\/talkpal-for-business\/","https:\/\/www.trustpilot.com\/review\/talkpal.ai","https:\/\/www.capterra.com\/p\/10006800\/TalkPal\/"],"description":"Talkpal is a language learning web and mobile education app, powered by the latest AI technologies, that provides engaging experiences to its customers in many different languages to help them improve their language skills. Users can chat about unlimited amount of topics with the app and use other modes to practice their language learning.","email":"support@talkpal.ai","legalName":"Talkpal, Inc.","foundingDate":"2023-04-03","duns":"118989042","numberOfEmployees":{"@type":"QuantitativeValue","minValue":"11","maxValue":"50"},"publishingPrinciples":"https:\/\/talkpal.ai\/publishing-principles\/","actionableFeedbackPolicy":"https:\/\/talkpal.ai\/actionable-feedback-policy\/","correctionsPolicy":"https:\/\/talkpal.ai\/corrections-policy\/","ethicsPolicy":"https:\/\/talkpal.ai\/ethics-policy\/","diversityPolicy":"https:\/\/talkpal.ai\/diversity-policy\/","diversityStaffingReport":"https:\/\/talkpal.ai\/diversity-policy\/"}]}},"_links":{"self":[{"href":"https:\/\/talkpal.ai\/it\/wp-json\/wp\/v2\/pages\/49216","targetHints":{"allow":["GET"]}}],"collection":[{"href":"https:\/\/talkpal.ai\/it\/wp-json\/wp\/v2\/pages"}],"about":[{"href":"https:\/\/talkpal.ai\/it\/wp-json\/wp\/v2\/types\/page"}],"author":[{"embeddable":true,"href":"https:\/\/talkpal.ai\/it\/wp-json\/wp\/v2\/users\/6"}],"replies":[{"embeddable":true,"href":"https:\/\/talkpal.ai\/it\/wp-json\/wp\/v2\/comments?post=49216"}],"version-history":[{"count":0,"href":"https:\/\/talkpal.ai\/it\/wp-json\/wp\/v2\/pages\/49216\/revisions"}],"wp:featuredmedia":[{"embeddable":true,"href":"https:\/\/talkpal.ai\/it\/wp-json\/wp\/v2\/media\/667"}],"wp:attachment":[{"href":"https:\/\/talkpal.ai\/it\/wp-json\/wp\/v2\/media?parent=49216"}],"curies":[{"name":"wp","href":"https:\/\/api.w.org\/{rel}","templated":true}]}}