{"id":3011,"date":"2023-03-25T16:57:06","date_gmt":"2023-03-25T16:57:06","guid":{"rendered":"http:\/\/talkpal.ai\/grammatica-inglese\/"},"modified":"2025-05-22T19:27:09","modified_gmt":"2025-05-22T19:27:09","slug":"grammatica-inglese","status":"publish","type":"page","link":"https:\/\/talkpal.ai\/it\/grammatica-inglese\/","title":{"rendered":"Grammatica inglese"},"content":{"rendered":"\r\n\r\n\r\n<section class=\"languageChallengeSection\">\r\n    <div class=\"languageInfoWrapper\">\r\n        \r\n        <h1>Grammatica inglese<\/h1>\r\n        <p>Sei pronto per iniziare a imparare l&#039;inglese? Con un po&#039; di <a href=\"https:\/\/talkpal.ai\/grammar\/\">grammatica<\/a> e qualche parola nuova, potrai chattare e connetterti con persone di tutto il mondo in pochissimo tempo. Immergiti e rendiamo l \u201capprendimento dell\u201d <a href=\"https:\/\/talkpal.ai\/learn-english-with-ai\/\">inglese<\/a> facile e divertente: il tuo viaggio verso la fluidit\u00e0 inizia oggi!\n\n<\/p>\r\n\r\n                            <a class=\"getStartedHidden\" href=\"https:\/\/app.talkpal.ai\/it\/signup?lng=\">Comincia<\/a>\r\n        \r\n    <\/div>\r\n\r\n    <figure>\r\n    <img decoding=\"async\" width=\"768\" height=\"768\" src=\"https:\/\/talkpal.ai\/wp-content\/uploads\/2023\/06\/English-768x768.png\" class=\"languageImage no-lazy\" alt=\"Default alt text\" fetchpriority=\"high\" sizes=\"(max-width: 768px) 150px, 768px\" srcset=\"https:\/\/talkpal.ai\/wp-content\/uploads\/2023\/06\/English-768x768.png 768w, https:\/\/talkpal.ai\/wp-content\/uploads\/2023\/06\/English-300x300.png 300w\" \/>\r\n    \r\n\r\n    <\/figure>\r\n\r\n            <a class=\"getStartedVisible\" href=\"https:\/\/app.talkpal.ai\/it\/signup?lng=\">Comincia<\/a>\r\n    \r\n<\/section>\r\n        <section class=\"grammarSection\">\r\n            <div class=\"grammarLinks\">\r\n                <a href=\"https:\/\/talkpal.ai\/it\/language\/aggettivi-avverbi\/\">Aggettivi <\/a><a href=\"https:\/\/talkpal.ai\/it\/language\/articoli-grammatica-inglese\/\">Articoli <\/a><a href=\"https:\/\/talkpal.ai\/it\/language\/avverbi-grammatica-inglese\/\">Avverbi <\/a><a href=\"https:\/\/talkpal.ai\/it\/language\/condizionali-grammatica-inglese\/\">Condizionali <\/a><a href=\"https:\/\/talkpal.ai\/it\/language\/la-costruzione-della-frase\/\">Frasi <\/a><a href=\"https:\/\/talkpal.ai\/it\/language\/le-preposizioni\/\">Preposizioni <\/a><a href=\"https:\/\/talkpal.ai\/it\/language\/i-pronomi\/\">Pronomi\/Determinanti <\/a><a href=\"https:\/\/talkpal.ai\/it\/language\/i-nomi\/\">Sostantivi <\/a><a href=\"https:\/\/talkpal.ai\/it\/language\/i-tempi\/\">Tempi verbali <\/a><a href=\"https:\/\/talkpal.ai\/it\/language\/i-verbi\/\">Verbi <\/a>            <\/div>\r\n        <\/section>\r\n    <section class=\"promotionalBanner\">\r\n    <p class=\"promotionalText\">Il modo pi\u00f9 efficace per imparare una lingua<\/p>\r\n    <a class=\"promotionalLink\" href=\"https:\/\/app.talkpal.ai\/it\/signup?lng=\">Prova Talkpal gratuitamente<\/a>\r\n<\/section>\n<div class=\"wp-block-group pageContainerStyle\"><div class=\"wp-block-group__inner-container is-layout-constrained wp-block-group-is-layout-constrained\">\n<h2 class=\"wp-block-heading\" id=\"h-the-importance-of-english-grammar-a-guide-to-mastering-the-rules-and-principles\">L&#8217;importanza della grammatica inglese: guida alla padronanza di regole e principi<\/h2>\n\n\n\n<p>Essendo l&#8217;inglese una delle <a href=\"https:\/\/talkpal.ai\/the-10-most-spoken-languages-in-the-world\/\">lingue pi\u00f9 parlate<\/a> al mondo, non c&#8217;\u00e8 da stupirsi che le persone siano desiderose di migliorare la propria fluidit\u00e0 e padronanza di questa lingua. Un aspetto cruciale della padronanza della lingua inglese \u00e8 la comprensione della sua grammatica. Ma perch\u00e9 la grammatica \u00e8 cos\u00ec importante e come possiamo impararla in modo efficace? In questo articolo ci addentreremo nell&#8217;importanza della <a href=\"https:\/\/talkpal.ai\/english-grammar\/\">grammatica inglese<\/a>, discuteremo i suoi principi fondamentali e condivideremo alcuni consigli utili per affinare le tue capacit\u00e0.<\/p>\n\n\n\n<h3 class=\"wp-block-heading\" id=\"h-the-role-of-grammar-in-the-english-language\">Il ruolo della grammatica nella lingua inglese:<\/h3>\n\n\n\n<p>Allora, qual \u00e8 il problema della grammatica? In sostanza, la grammatica \u00e8 l&#8217;elemento costitutivo di qualsiasi lingua: \u00e8 l&#8217;insieme delle regole e dei principi che governano il modo in cui usiamo le parole per formare frasi significative. Rispettando queste regole, possiamo garantire una comunicazione chiara ed evitare malintesi. Immaginate di <a href=\"https:\/\/talkpal.ai\/ko\/ai-%ec%96%b8%ec%96%b4-%ea%b5%90%ec%82%ac\/\">provare<\/a> a cucinare un <a href=\"https:\/\/talkpal.ai\/locations\/language-courses-in-pasto\/\">pasto<\/a> senza seguire una ricetta: il risultato finale potrebbe essere sgradevole! Allo stesso modo, trascurare la grammatica nel nostro parlare e scrivere quotidiano pu\u00f2 portare a confusione e a fraintendimenti.<\/p>\n\n\n\n<h3 class=\"wp-block-heading\" id=\"h-key-principles-of-english-grammar\">Principi chiave della grammatica inglese:<\/h3>\n\n\n\n<p>Sebbene la grammatica inglese comprenda una vasta gamma di regole, ci sono alcuni principi chiave che \u00e8 bene conoscere:<\/p>\n\n\n\n<p><strong>1. Parti del discorso:<\/strong> Sono i ruoli che le parole svolgono in una frase. A seconda della loro funzione, le parole possono essere classificate come nomi, pronomi, verbi, aggettivi, avverbi, <a href=\"https:\/\/talkpal.ai\/zh-hans\/grammar_exercises\/preposizioni-%e6%84%8f%e5%a4%a7%e5%88%a9%e8%af%ad%e6%b3%95%e7%bb%83%e4%b9%a0\/\">preposizioni<\/a>, congiunzioni o interiezioni.<\/p>\n\n\n\n<p><strong>2. I tempi:<\/strong> I tempi indicano il tempo delle azioni o degli stati d&#8217;essere. Si suddividono in passato, presente e futuro e ogni tempo ha quattro aspetti: semplice, progressivo, perfetto e perfetto progressivo.<\/p>\n\n\n\n<p><strong>3. Accordo soggetto-verbo:<\/strong> In sostanza, il soggetto (nome o pronome) e il verbo in una frase devono concordare nel numero &#8211; singolare o plurale. Ad esempio, &#8220;Lei legge un libro&#8221; e &#8220;Loro leggono libri&#8221; sono entrambi grammaticalmente corretti.<\/p>\n\n\n\n<p><strong>4. Struttura della frase:<\/strong> Una frase ben strutturata \u00e8 composta da un soggetto, un verbo e, spesso, un oggetto. Le frasi possono essere semplici (una clausola indipendente), composte (due o pi\u00f9 clausole indipendenti) o complesse (una clausola indipendente e una o pi\u00f9 clausole dipendenti).<\/p>\n\n\n\n<p><strong>5. Punteggiatura:<\/strong> I segni di punteggiatura, come le virgole, i punti e le virgole, sono fondamentali per organizzare e chiarire il linguaggio scritto. Una punteggiatura adeguata assicura che le idee siano trasmesse con precisione e coerenza.<\/p>\n\n\n\n<h3 class=\"wp-block-heading\" id=\"h-tips-to-improve-your-english-grammar\">Suggerimenti per migliorare la grammatica inglese:<\/h3>\n\n\n\n<p>Ora che abbiamo parlato dei fondamenti della grammatica inglese, esploriamo alcuni modi efficaci per affinare le tue abilit\u00e0:<\/p>\n\n\n\n<p><strong>1. Leggere regolarmente:<\/strong> La lettura \u00e8 un modo eccellente per interiorizzare la grammatica corretta. Pi\u00f9 ti esponi ad articoli, libri o saggi ben scritti, meglio riuscirai ad afferrare le regole e le strutture.<\/p>\n\n\n\n<p><strong>2. Esercitarsi a scrivere:<\/strong> Scrivere regolarmente vi permette di applicare le vostre conoscenze grammaticali e di identificare le aree in cui dovete migliorare. Considerate la possibilit\u00e0 di tenere un diario o di aprire un blog per sviluppare le vostre capacit\u00e0 di scrittura.<\/p>\n\n\n\n<p><strong>3. Studiare le risorse grammaticali:<\/strong> Prendete in mano alcuni libri di grammatica, siti web o applicazioni affidabili per approfondire la comprensione delle regole. La revisione regolare di questi materiali vi aiuter\u00e0 a consolidare le vostre conoscenze.<\/p>\n\n\n\n<p><strong>4. Cercare un feedback:<\/strong> Impegnatevi con gli altri per ricevere critiche costruttive sul vostro inglese scritto e parlato. Questo pu\u00f2 avvenire attraverso forum online, gruppi di scambio linguistico o amici e colleghi che conoscono bene l&#8217;inglese.<\/p>\n\n\n\n<p><strong>5. Siate pazienti e persistenti:<\/strong> L&#8217;apprendimento della grammatica \u00e8 un processo graduale che richiede tempo e impegno. Mantenete il vostro impegno, continuate a esercitarvi e festeggiate i vostri progressi.<\/p>\n\n\n\n<h3 class=\"wp-block-heading\" id=\"h-conclusion\">Conclusione:<\/h3>\n\n\n\n<p>La padronanza della grammatica inglese \u00e8 una tappa fondamentale nel percorso verso la fluidit\u00e0. Comprendendone l&#8217;importanza, familiarizzando con i principi chiave ed esercitandoti attivamente, riuscirai presto a sviluppare una forte padronanza della lingua. Ricorda che Roma non \u00e8 stata costruita in un giorno, quindi sii paziente, divertiti e assapora il viaggio verso una grammatica impeccabile!<\/p>\n<\/div><\/div>\n\r\n<section class=\"learnNavigationSection\">\r\n            \r\n        <a href=\"https:\/\/talkpal.ai\/it\/imparare-linglese\/\">\r\n            <div class=\"learnNavigationWrapper\">\r\n                <div class=\"learnNavigationContent\">\r\n                    <img decoding=\"async\" src=\"https:\/\/talkpal.ai\/wp-content\/uploads\/2024\/08\/English.jpg\" alt=\"English Flag\">\r\n                    <div>\r\n                        <h4>Informazioni sull&#039;apprendimento dell&#039;inglese<\/h4>\r\n                        <p>Scoprite tutto sulla grammatica inglese.<\/p>\r\n                    <\/div>\r\n                <\/div>\r\n            <\/div>\r\n        <\/a>\r\n\r\n        \r\n        <a href=\"https:\/\/talkpal.ai\/it\/esercizi-di-grammatica-inglese\/\">\r\n            <div class=\"learnNavigationWrapper\">\r\n                <div class=\"learnNavigationContent\">\r\n                    <img decoding=\"async\" src=\"https:\/\/talkpal.ai\/wp-content\/uploads\/2024\/08\/English.jpg\" alt=\"English Flag\">\r\n                    <div>\r\n                        <h4>Esercizi di grammatica inglese<\/h4>\r\n                        <p>Pratica la grammatica inglese .<\/p>\r\n                    <\/div>\r\n                <\/div>\r\n            <\/div>\r\n        <\/a>\r\n\r\n        \r\n        <a href=\"https:\/\/talkpal.ai\/vocabulary_language\/english\/\">\r\n            <div class=\"learnNavigationWrapper\">\r\n                <div class=\"learnNavigationContent\">\r\n                    <img decoding=\"async\" src=\"https:\/\/talkpal.ai\/wp-content\/uploads\/2024\/08\/English.jpg\" alt=\"English Flag\">\r\n                    <div>\r\n                        <h4>Vocabolario inglese<\/h4>\r\n                        <p>Espandi il tuo vocabolario inglese.<\/p>\r\n                    <\/div>\r\n                <\/div>\r\n            <\/div>\r\n        <\/a>\r\n\r\n            <\/section>","protected":false},"excerpt":{"rendered":"<p>L&#8217;importanza della grammatica inglese: guida alla padronanza di regole e principi Essendo l&#8217;inglese una delle lingue pi\u00f9 parlate al mondo, non c&#8217;\u00e8 da stupirsi che le persone siano desiderose di migliorare la propria fluidit\u00e0 e padronanza di questa lingua. Un aspetto cruciale della padronanza della lingua inglese \u00e8 la comprensione della sua grammatica. Ma perch\u00e9 [&hellip;]<\/p>\n","protected":false},"author":1,"featured_media":658,"parent":0,"menu_order":0,"comment_status":"closed","ping_status":"closed","template":"LearningContentPage.php","meta":{"_acf_changed":false,"footnotes":""},"class_list":["post-3011","page","type-page","status-publish","has-post-thumbnail","hentry"],"acf":[],"yoast_head":"<!-- This site is optimized with the Yoast SEO Premium plugin v27.2 (Yoast SEO v27.2) - https:\/\/yoast.com\/product\/yoast-seo-premium-wordpress\/ -->\n<title>Grammatica inglese - Talkpal<\/title>\n<meta name=\"description\" content=\"Migliora le tue conoscenze grammaticali in inglese senza fatica con Talkpall&#039;app per l&#039;apprendimento delle lingue potenziata dall&#039;intelligenza artificiale.\" \/>\n<meta name=\"robots\" content=\"index, follow, max-snippet:-1, max-image-preview:large, max-video-preview:-1\" \/>\n<link rel=\"canonical\" href=\"https:\/\/talkpal.ai\/it\/grammatica-inglese\/\" \/>\n<meta property=\"og:locale\" content=\"it_IT\" \/>\n<meta property=\"og:type\" content=\"article\" \/>\n<meta property=\"og:title\" content=\"Grammatica inglese\" \/>\n<meta property=\"og:description\" content=\"L&#039;importanza della grammatica inglese: guida alla padronanza di regole e principi Essendo l&#039;inglese una delle lingue pi\u00f9 parlate al mondo, non c&#039;\u00e8 da\" \/>\n<meta property=\"og:url\" content=\"https:\/\/talkpal.ai\/it\/grammatica-inglese\/\" \/>\n<meta property=\"og:site_name\" content=\"Talkpal\" \/>\n<meta property=\"article:publisher\" content=\"https:\/\/www.facebook.com\/profile.php?id=100090733639311\" \/>\n<meta property=\"article:modified_time\" content=\"2025-05-22T19:27:09+00:00\" \/>\n<meta property=\"og:image\" content=\"https:\/\/talkpal.ai\/wp-content\/uploads\/2023\/03\/united-kingdom.png\" \/>\n\t<meta property=\"og:image:width\" content=\"512\" \/>\n\t<meta property=\"og:image:height\" content=\"512\" \/>\n\t<meta property=\"og:image:type\" content=\"image\/png\" \/>\n<meta name=\"twitter:card\" content=\"summary_large_image\" \/>\n<meta name=\"twitter:site\" content=\"@talkpalai\" \/>\n<meta name=\"twitter:label1\" content=\"Tempo di lettura stimato\" \/>\n\t<meta name=\"twitter:data1\" content=\"3 minuti\" \/>\n<script type=\"application\/ld+json\" class=\"yoast-schema-graph\">{\"@context\":\"https:\/\/schema.org\",\"@graph\":[{\"@type\":\"WebPage\",\"@id\":\"https:\/\/talkpal.ai\/it\/grammatica-inglese\/\",\"url\":\"https:\/\/talkpal.ai\/it\/grammatica-inglese\/\",\"name\":\"Grammatica inglese - Talkpal\",\"isPartOf\":{\"@id\":\"https:\/\/talkpal.ai\/it\/#website\"},\"primaryImageOfPage\":{\"@id\":\"https:\/\/talkpal.ai\/it\/grammatica-inglese\/#primaryimage\"},\"image\":{\"@id\":\"https:\/\/talkpal.ai\/it\/grammatica-inglese\/#primaryimage\"},\"thumbnailUrl\":\"https:\/\/talkpal.ai\/wp-content\/uploads\/2023\/03\/united-kingdom.png\",\"datePublished\":\"2023-03-25T16:57:06+00:00\",\"dateModified\":\"2025-05-22T19:27:09+00:00\",\"description\":\"Migliora le tue conoscenze grammaticali in inglese senza fatica con Talkpall'app per l'apprendimento delle lingue potenziata dall'intelligenza artificiale.\",\"breadcrumb\":{\"@id\":\"https:\/\/talkpal.ai\/it\/grammatica-inglese\/#breadcrumb\"},\"inLanguage\":\"it-IT\",\"potentialAction\":[{\"@type\":\"ReadAction\",\"target\":[\"https:\/\/talkpal.ai\/it\/grammatica-inglese\/\"]}]},{\"@type\":\"ImageObject\",\"inLanguage\":\"it-IT\",\"@id\":\"https:\/\/talkpal.ai\/it\/grammatica-inglese\/#primaryimage\",\"url\":\"https:\/\/talkpal.ai\/wp-content\/uploads\/2023\/03\/united-kingdom.png\",\"contentUrl\":\"https:\/\/talkpal.ai\/wp-content\/uploads\/2023\/03\/united-kingdom.png\",\"width\":512,\"height\":512,\"caption\":\"TalkPal AI learn English\"},{\"@type\":\"BreadcrumbList\",\"@id\":\"https:\/\/talkpal.ai\/it\/grammatica-inglese\/#breadcrumb\",\"itemListElement\":[{\"@type\":\"ListItem\",\"position\":1,\"name\":\"Homepage\",\"item\":\"https:\/\/talkpal.ai\/it\/\"},{\"@type\":\"ListItem\",\"position\":2,\"name\":\"Grammatica inglese\"}]},{\"@type\":\"WebSite\",\"@id\":\"https:\/\/talkpal.ai\/it\/#website\",\"url\":\"https:\/\/talkpal.ai\/it\/\",\"name\":\"Talkpal\",\"description\":\"AI Language Learning\",\"publisher\":{\"@id\":\"https:\/\/talkpal.ai\/it\/#organization\"},\"alternateName\":\"Talkpal AI\",\"potentialAction\":[{\"@type\":\"SearchAction\",\"target\":{\"@type\":\"EntryPoint\",\"urlTemplate\":\"https:\/\/talkpal.ai\/it\/?s={search_term_string}\"},\"query-input\":{\"@type\":\"PropertyValueSpecification\",\"valueRequired\":true,\"valueName\":\"search_term_string\"}}],\"inLanguage\":\"it-IT\"},{\"@type\":\"Organization\",\"@id\":\"https:\/\/talkpal.ai\/it\/#organization\",\"name\":\"Talkpal, Inc.\",\"alternateName\":\"Talkpal AI\",\"url\":\"https:\/\/talkpal.ai\/it\/\",\"logo\":{\"@type\":\"ImageObject\",\"inLanguage\":\"it-IT\",\"@id\":\"https:\/\/talkpal.ai\/it\/#\/schema\/logo\/image\/\",\"url\":\"https:\/\/talkpal.ai\/wp-content\/uploads\/2024\/03\/Talkpal-Logo-Icon.png\",\"contentUrl\":\"https:\/\/talkpal.ai\/wp-content\/uploads\/2024\/03\/Talkpal-Logo-Icon.png\",\"width\":2880,\"height\":2880,\"caption\":\"Talkpal, Inc.\"},\"image\":{\"@id\":\"https:\/\/talkpal.ai\/it\/#\/schema\/logo\/image\/\"},\"sameAs\":[\"https:\/\/www.facebook.com\/profile.php?id=100090733639311\",\"https:\/\/x.com\/talkpalai\",\"https:\/\/www.linkedin.com\/company\/talkpal\/\",\"https:\/\/www.youtube.com\/@TalkPal\/\",\"https:\/\/www.tiktok.com\/@talkpal\",\"https:\/\/www.instagram.com\/talkpal_ai\/\",\"https:\/\/www.crunchbase.com\/organization\/talkpal-9cde\",\"https:\/\/www.g2.com\/products\/talkpal-for-business\/\",\"https:\/\/www.trustpilot.com\/review\/talkpal.ai\",\"https:\/\/www.capterra.com\/p\/10006800\/TalkPal\/\"],\"description\":\"Talkpal is a language learning web and mobile education app, powered by the latest AI technologies, that provides engaging experiences to its customers in many different languages to help them improve their language skills. Users can chat about unlimited amount of topics with the app and use other modes to practice their language learning.\",\"email\":\"support@talkpal.ai\",\"legalName\":\"Talkpal, Inc.\",\"foundingDate\":\"2023-04-03\",\"duns\":\"118989042\",\"numberOfEmployees\":{\"@type\":\"QuantitativeValue\",\"minValue\":\"11\",\"maxValue\":\"50\"},\"publishingPrinciples\":\"https:\/\/talkpal.ai\/publishing-principles\/\",\"actionableFeedbackPolicy\":\"https:\/\/talkpal.ai\/actionable-feedback-policy\/\",\"correctionsPolicy\":\"https:\/\/talkpal.ai\/corrections-policy\/\",\"ethicsPolicy\":\"https:\/\/talkpal.ai\/ethics-policy\/\",\"diversityPolicy\":\"https:\/\/talkpal.ai\/diversity-policy\/\",\"diversityStaffingReport\":\"https:\/\/talkpal.ai\/diversity-policy\/\"}]}<\/script>\n<!-- \/ Yoast SEO Premium plugin. -->","yoast_head_json":{"title":"Grammatica inglese - Talkpal","description":"Migliora le tue conoscenze grammaticali in inglese senza fatica con Talkpall'app per l'apprendimento delle lingue potenziata dall'intelligenza artificiale.","robots":{"index":"index","follow":"follow","max-snippet":"max-snippet:-1","max-image-preview":"max-image-preview:large","max-video-preview":"max-video-preview:-1"},"canonical":"https:\/\/talkpal.ai\/it\/grammatica-inglese\/","og_locale":"it_IT","og_type":"article","og_title":"Grammatica inglese","og_description":"L'importanza della grammatica inglese: guida alla padronanza di regole e principi Essendo l'inglese una delle lingue pi\u00f9 parlate al mondo, non c'\u00e8 da","og_url":"https:\/\/talkpal.ai\/it\/grammatica-inglese\/","og_site_name":"Talkpal","article_publisher":"https:\/\/www.facebook.com\/profile.php?id=100090733639311","article_modified_time":"2025-05-22T19:27:09+00:00","og_image":[{"width":512,"height":512,"url":"https:\/\/talkpal.ai\/wp-content\/uploads\/2023\/03\/united-kingdom.png","type":"image\/png"}],"twitter_card":"summary_large_image","twitter_site":"@talkpalai","twitter_misc":{"Tempo di lettura stimato":"3 minuti"},"schema":{"@context":"https:\/\/schema.org","@graph":[{"@type":"WebPage","@id":"https:\/\/talkpal.ai\/it\/grammatica-inglese\/","url":"https:\/\/talkpal.ai\/it\/grammatica-inglese\/","name":"Grammatica inglese - Talkpal","isPartOf":{"@id":"https:\/\/talkpal.ai\/it\/#website"},"primaryImageOfPage":{"@id":"https:\/\/talkpal.ai\/it\/grammatica-inglese\/#primaryimage"},"image":{"@id":"https:\/\/talkpal.ai\/it\/grammatica-inglese\/#primaryimage"},"thumbnailUrl":"https:\/\/talkpal.ai\/wp-content\/uploads\/2023\/03\/united-kingdom.png","datePublished":"2023-03-25T16:57:06+00:00","dateModified":"2025-05-22T19:27:09+00:00","description":"Migliora le tue conoscenze grammaticali in inglese senza fatica con Talkpall'app per l'apprendimento delle lingue potenziata dall'intelligenza artificiale.","breadcrumb":{"@id":"https:\/\/talkpal.ai\/it\/grammatica-inglese\/#breadcrumb"},"inLanguage":"it-IT","potentialAction":[{"@type":"ReadAction","target":["https:\/\/talkpal.ai\/it\/grammatica-inglese\/"]}]},{"@type":"ImageObject","inLanguage":"it-IT","@id":"https:\/\/talkpal.ai\/it\/grammatica-inglese\/#primaryimage","url":"https:\/\/talkpal.ai\/wp-content\/uploads\/2023\/03\/united-kingdom.png","contentUrl":"https:\/\/talkpal.ai\/wp-content\/uploads\/2023\/03\/united-kingdom.png","width":512,"height":512,"caption":"TalkPal AI learn English"},{"@type":"BreadcrumbList","@id":"https:\/\/talkpal.ai\/it\/grammatica-inglese\/#breadcrumb","itemListElement":[{"@type":"ListItem","position":1,"name":"Homepage","item":"https:\/\/talkpal.ai\/it\/"},{"@type":"ListItem","position":2,"name":"Grammatica inglese"}]},{"@type":"WebSite","@id":"https:\/\/talkpal.ai\/it\/#website","url":"https:\/\/talkpal.ai\/it\/","name":"Talkpal","description":"AI Language Learning","publisher":{"@id":"https:\/\/talkpal.ai\/it\/#organization"},"alternateName":"Talkpal AI","potentialAction":[{"@type":"SearchAction","target":{"@type":"EntryPoint","urlTemplate":"https:\/\/talkpal.ai\/it\/?s={search_term_string}"},"query-input":{"@type":"PropertyValueSpecification","valueRequired":true,"valueName":"search_term_string"}}],"inLanguage":"it-IT"},{"@type":"Organization","@id":"https:\/\/talkpal.ai\/it\/#organization","name":"Talkpal, Inc.","alternateName":"Talkpal AI","url":"https:\/\/talkpal.ai\/it\/","logo":{"@type":"ImageObject","inLanguage":"it-IT","@id":"https:\/\/talkpal.ai\/it\/#\/schema\/logo\/image\/","url":"https:\/\/talkpal.ai\/wp-content\/uploads\/2024\/03\/Talkpal-Logo-Icon.png","contentUrl":"https:\/\/talkpal.ai\/wp-content\/uploads\/2024\/03\/Talkpal-Logo-Icon.png","width":2880,"height":2880,"caption":"Talkpal, Inc."},"image":{"@id":"https:\/\/talkpal.ai\/it\/#\/schema\/logo\/image\/"},"sameAs":["https:\/\/www.facebook.com\/profile.php?id=100090733639311","https:\/\/x.com\/talkpalai","https:\/\/www.linkedin.com\/company\/talkpal\/","https:\/\/www.youtube.com\/@TalkPal\/","https:\/\/www.tiktok.com\/@talkpal","https:\/\/www.instagram.com\/talkpal_ai\/","https:\/\/www.crunchbase.com\/organization\/talkpal-9cde","https:\/\/www.g2.com\/products\/talkpal-for-business\/","https:\/\/www.trustpilot.com\/review\/talkpal.ai","https:\/\/www.capterra.com\/p\/10006800\/TalkPal\/"],"description":"Talkpal is a language learning web and mobile education app, powered by the latest AI technologies, that provides engaging experiences to its customers in many different languages to help them improve their language skills. Users can chat about unlimited amount of topics with the app and use other modes to practice their language learning.","email":"support@talkpal.ai","legalName":"Talkpal, Inc.","foundingDate":"2023-04-03","duns":"118989042","numberOfEmployees":{"@type":"QuantitativeValue","minValue":"11","maxValue":"50"},"publishingPrinciples":"https:\/\/talkpal.ai\/publishing-principles\/","actionableFeedbackPolicy":"https:\/\/talkpal.ai\/actionable-feedback-policy\/","correctionsPolicy":"https:\/\/talkpal.ai\/corrections-policy\/","ethicsPolicy":"https:\/\/talkpal.ai\/ethics-policy\/","diversityPolicy":"https:\/\/talkpal.ai\/diversity-policy\/","diversityStaffingReport":"https:\/\/talkpal.ai\/diversity-policy\/"}]}},"_links":{"self":[{"href":"https:\/\/talkpal.ai\/it\/wp-json\/wp\/v2\/pages\/3011","targetHints":{"allow":["GET"]}}],"collection":[{"href":"https:\/\/talkpal.ai\/it\/wp-json\/wp\/v2\/pages"}],"about":[{"href":"https:\/\/talkpal.ai\/it\/wp-json\/wp\/v2\/types\/page"}],"author":[{"embeddable":true,"href":"https:\/\/talkpal.ai\/it\/wp-json\/wp\/v2\/users\/1"}],"replies":[{"embeddable":true,"href":"https:\/\/talkpal.ai\/it\/wp-json\/wp\/v2\/comments?post=3011"}],"version-history":[{"count":0,"href":"https:\/\/talkpal.ai\/it\/wp-json\/wp\/v2\/pages\/3011\/revisions"}],"wp:featuredmedia":[{"embeddable":true,"href":"https:\/\/talkpal.ai\/it\/wp-json\/wp\/v2\/media\/658"}],"wp:attachment":[{"href":"https:\/\/talkpal.ai\/it\/wp-json\/wp\/v2\/media?parent=3011"}],"curies":[{"name":"wp","href":"https:\/\/api.w.org\/{rel}","templated":true}]}}