{"id":2963,"date":"2023-03-26T11:40:15","date_gmt":"2023-03-26T11:40:15","guid":{"rendered":"http:\/\/talkpal.ai\/grammatica-tedesca\/"},"modified":"2025-05-22T19:22:43","modified_gmt":"2025-05-22T19:22:43","slug":"grammatica-tedesca","status":"publish","type":"page","link":"https:\/\/talkpal.ai\/it\/grammatica-tedesca\/","title":{"rendered":"Grammatica tedesca"},"content":{"rendered":"\r\n\r\n\r\n<section class=\"languageChallengeSection\">\r\n    <div class=\"languageInfoWrapper\">\r\n        \r\n        <h1>Grammatica tedesca<\/h1>\r\n        <p>Scopri la struttura della lingua tedesca padroneggiando le sue regole grammaticali essenziali. Comprendere la <a href=\"https:\/\/talkpal.ai\/it\/cosa-ce-di-speciale-nella-grammatica-tedesca\/\">grammatica tedesca<\/a> ti aiuter\u00e0 a comunicare con sicurezza e ad apprezzare appieno la ricchezza delle culture di lingua tedesca. Inizia a imparare la <a href=\"https:\/\/talkpal.ai\/grammar\/\">grammatica<\/a> tedesca oggi stesso e fai il primo passo verso la fluidit\u00e0!\n\n<\/p>\r\n\r\n                            <a class=\"getStartedHidden\" href=\"https:\/\/app.talkpal.ai\/it\/signup?lng=\">Comincia<\/a>\r\n        \r\n    <\/div>\r\n\r\n    <figure>\r\n    <img decoding=\"async\" width=\"768\" height=\"768\" src=\"https:\/\/talkpal.ai\/wp-content\/uploads\/2023\/06\/german-768x768.png\" class=\"languageImage no-lazy\" alt=\"Default alt text\" fetchpriority=\"high\" sizes=\"(max-width: 768px) 150px, 768px\" srcset=\"https:\/\/talkpal.ai\/wp-content\/uploads\/2023\/06\/german-768x768.png 768w, https:\/\/talkpal.ai\/wp-content\/uploads\/2023\/06\/german-300x300.png 300w\" \/>\r\n    \r\n\r\n    <\/figure>\r\n\r\n            <a class=\"getStartedVisible\" href=\"https:\/\/app.talkpal.ai\/it\/signup?lng=\">Comincia<\/a>\r\n    \r\n<\/section>\r\n        <section class=\"grammarSection\">\r\n            <div class=\"grammarLinks\">\r\n                <a href=\"https:\/\/talkpal.ai\/it\/language\/gli-aggettivi\/\">Aggettivi <\/a><a href=\"https:\/\/talkpal.ai\/it\/language\/gli-avverbi\/\">Avverbi <\/a><a href=\"https:\/\/talkpal.ai\/it\/language\/la-declinazione\/\">Declinazione <\/a><a href=\"https:\/\/talkpal.ai\/it\/language\/i-nomi-e-gli-articoli\/\">Nomi e Articoli <\/a><a href=\"https:\/\/talkpal.ai\/it\/language\/le-preposizioni-it\/\">Preposizioni <\/a><a href=\"https:\/\/talkpal.ai\/it\/language\/i-pronomi-it\/\">Pronomi <\/a><a href=\"https:\/\/talkpal.ai\/it\/language\/la-costruzione-della-frase-it\/\">Struttura della frase <\/a><a href=\"https:\/\/talkpal.ai\/it\/language\/i-tempi-it\/\">Tempi verbali <\/a><a href=\"https:\/\/talkpal.ai\/it\/language\/i-verbi-it\/\">Verbi <\/a>            <\/div>\r\n        <\/section>\r\n    <section class=\"promotionalBanner\">\r\n    <p class=\"promotionalText\">Il modo pi\u00f9 efficace per imparare una lingua<\/p>\r\n    <a class=\"promotionalLink\" href=\"https:\/\/app.talkpal.ai\/it\/signup?lng=\">Prova Talkpal gratuitamente<\/a>\r\n<\/section>\n<div class=\"wp-block-group pageContainerStyle\"><div class=\"wp-block-group__inner-container is-layout-constrained wp-block-group-is-layout-constrained\">\n<h2 class=\"wp-block-heading\" id=\"h-unraveling-the-intricacies-of-german-grammar\">Svelare le complessit\u00e0 della grammatica tedesca<\/h2>\n\n\n\n<p><a href=\"https:\/\/talkpal.ai\/it\/la-guida-definitiva-per-imparare-il-tedesco-con-un-tutor-privato\/\">Imparare il tedesco<\/a> pu\u00f2 essere un&#8217;impresa entusiasmante e gratificante. Non solo potrai parlare con pi\u00f9 di 130 milioni di persone in tutto il mondo, ma avrai anche accesso a una grande quantit\u00e0 di letteratura, musica e storia culturale. Come per ogni altra lingua, la padronanza del <a href=\"https:\/\/talkpal.ai\/learn-german\/\">tedesco<\/a> richiede dedizione e pazienza, soprattutto per quanto riguarda la grammatica. La buona notizia \u00e8 che molti aspetti della grammatica tedesca sono abbastanza simili a quelli della <a href=\"https:\/\/talkpal.ai\/english-grammar\/\">grammatica inglese<\/a>, il che <a href=\"https:\/\/talkpal.ai\/locations\/language-courses-in-rende\/\">rende<\/a> pi\u00f9 facile per gli anglofoni orientarsi. In questo articolo esploreremo alcune delle caratteristiche principali della grammatica tedesca, fornendoti consigli e trucchi utili per aiutarti a padroneggiare questa bellissima e complessa lingua.<\/p>\n\n\n\n<h3 class=\"wp-block-heading\" id=\"h-1-nouns-and-articles-get-your-cases-right\">1. Sostantivi e articoli &#8211; Azzeccate i casi!<\/h3>\n\n\n\n<p>Uno dei primi ostacoli per gli anglofoni che imparano il tedesco \u00e8 la comprensione dei quattro casi: nominativo, accusativo, dativo e genitivo. Ogni caso segnala una diversa funzione del sostantivo in una frase, come soggetto, oggetto diretto o indiretto. Inoltre, il tedesco ha tre generi grammaticali (maschile, femminile e neuterino) e gli articoli per ogni genere cambiano a seconda del caso. Vi sembra confuso? Non preoccuparti! Man mano che acquisisci familiarit\u00e0 con il tedesco, inizierai a riconoscere gli schemi e a prevedere quale caso e genere utilizzare.<\/p>\n\n\n\n<p>Suggerimento: fate una tabella degli articoli definitivi (der, die, das) e indefiniti (ein, eine, ein) per ogni genere e caso. Memorizzateli per primi, perch\u00e9 serviranno come base per la comprensione della struttura delle frasi in tedesco.<\/p>\n\n\n\n<h3 class=\"wp-block-heading\" id=\"h-2-verbs-conjugate-and-dominate\">2. Verbi &#8211; Coniugare e dominare!<\/h3>\n\n\n\n<p>In tedesco, i verbi sono essenziali non solo per esprimere l&#8217;azione, ma anche per indicare il tempo e lo stato d&#8217;animo. Proprio come l&#8217;inglese, i verbi tedeschi devono essere coniugati in modo da corrispondere al soggetto della frase. Tuttavia, ci sono alcune differenze fondamentali, tra cui l&#8217;uso di verbi regolari (deboli) e irregolari (forti), nonch\u00e9 l&#8217;uso di verbi d&#8217;aiuto per alcuni tempi. La buona notizia \u00e8 che alcuni aspetti della coniugazione dei verbi tedeschi sono pi\u00f9 semplici rispetto all&#8217;inglese, ad esempio non \u00e8 richiesto l&#8217;uso di &#8220;do&#8221; per le domande o le negazioni.<\/p>\n\n\n\n<p>Suggerimento: iniziate a padroneggiare la coniugazione dei verbi regolari e poi affrontate i verbi irregolari pi\u00f9 comuni. Esercitati a usare i verbi di aiuto con i tempi passati e futuri e presto sarai in grado di costruire frasi pi\u00f9 complesse.<\/p>\n\n\n\n<h3 class=\"wp-block-heading\" id=\"h-3-adjectives-show-your-agreement\">3. Aggettivi &#8211; Mostrate il vostro accordo!<\/h3>\n\n\n\n<p>Quando si usano gli aggettivi per descrivere i sostantivi in tedesco, \u00e8 fondamentale capire l&#8217;accordo tra gli aggettivi. Ci\u00f2 significa che gli aggettivi devono concordare con il genere e il caso del sostantivo. In alcuni casi, sar\u00e0 necessario aggiungere una desinenza all&#8217;aggettivo, in base all&#8217;articolo e al caso del sostantivo.<\/p>\n\n\n\n<p>Suggerimento: utilizzate la tabella degli articoli di prima per aiutarvi a ricordare i termini corretti degli aggettivi. Quando vi esercitate a usare gli aggettivi nelle frasi, prendete nota dei modelli di desinenza e del loro rapporto con il genere e il caso del sostantivo.<\/p>\n\n\n\n<h3 class=\"wp-block-heading\" id=\"h-4-word-order-embrace-the-flexibility\">4. Ordine delle parole &#8211; Abbracciate la flessibilit\u00e0!<\/h3>\n\n\n\n<p>Una delle tante gioie della grammatica tedesca \u00e8 l&#8217;ordine flessibile delle parole. A differenza dell&#8217;inglese, che generalmente segue un rigido schema soggetto-verbo-oggetto, le frasi tedesche possono variare nella loro struttura. La chiave \u00e8 capire l&#8217;importanza della posizione del verbo, che di solito \u00e8 il secondo in una clausola principale e l&#8217;ultimo in una clausola subordinata.<\/p>\n\n\n\n<p>Suggerimento: per prendere confidenza con i diversi modelli di ordine delle parole, provate a tradurre semplici frasi inglesi in tedesco e poi riorganizzate la frase mantenendo il verbo al suo posto. Questo vi aiuter\u00e0 a diventare pi\u00f9 abili nel creare frasi sfumate ed espressive in tedesco.<\/p>\n\n\n\n<h3 class=\"wp-block-heading\" id=\"h-5-prepositions-think-in-german\">5. Preposizioni &#8211; Pensate in tedesco!<\/h3>\n\n\n\n<p>La parte pi\u00f9 difficile dell&#8217;apprendimento della grammatica tedesca \u00e8 probabilmente la padronanza delle preposizioni. Sebbene le preposizioni esistano anche in <a href=\"https:\/\/talkpal.ai\/learn-english-with-ai\/\">inglese<\/a> e abbiano uno scopo simile, il loro utilizzo in tedesco \u00e8 diverso e spesso richiede di &#8220;pensare in tedesco&#8221; per scegliere quella giusta. Ad esempio, la preposizione inglese &#8220;in&#8221; pu\u00f2 essere tradotta in tedesco con &#8220;in&#8221;, &#8220;an&#8221; o &#8220;auf&#8221;, a seconda del contesto.<\/p>\n\n\n\n<p>Suggerimento: Create delle flashcard con le preposizioni pi\u00f9 comuni e i loro corrispettivi in inglese. Esercitatevi a usarle nelle frasi e concentratevi sui contesti specifici in cui ogni preposizione viene usata.<\/p>\n\n\n\n<h3 class=\"wp-block-heading\" id=\"h-conclusion\">Conclusione:<\/h3>\n\n\n\n<p>La grammatica tedesca pu\u00f2 sembrare scoraggiante all&#8217;inizio, ma con un po&#8217; di pratica, di pazienza e di attenzione alla comprensione delle regole e degli schemi sottostanti, riuscirai presto a costruire frasi sofisticate con facilit\u00e0. Comprendendo le complessit\u00e0 della grammatica tedesca, gli anglofoni non solo miglioreranno le loro competenze linguistiche, ma svilupperanno anche un nuovo apprezzamento per questa lingua bella e complessa. Ora, auf geht&#8217;s! \u00c8 ora di tuffarsi nel mondo della grammatica tedesca e di liberare tutto il vostro potenziale di apprendimento della lingua.<\/p>\n<\/div><\/div>\n\r\n<section class=\"learnNavigationSection\">\r\n            \r\n        <a href=\"https:\/\/talkpal.ai\/it\/imparare-il-tedesco\/\">\r\n            <div class=\"learnNavigationWrapper\">\r\n                <div class=\"learnNavigationContent\">\r\n                    <img decoding=\"async\" src=\"https:\/\/talkpal.ai\/wp-content\/uploads\/2024\/08\/German.jpg\" alt=\"German Flag\">\r\n                    <div>\r\n                        <h4>Informazioni sull&#039;apprendimento del tedesco<\/h4>\r\n                        <p>Scoprite tutto sulla grammatica tedesca.<\/p>\r\n                    <\/div>\r\n                <\/div>\r\n            <\/div>\r\n        <\/a>\r\n\r\n        \r\n        <a href=\"https:\/\/talkpal.ai\/it\/esercizi-di-grammatica-tedesca\/\">\r\n            <div class=\"learnNavigationWrapper\">\r\n                <div class=\"learnNavigationContent\">\r\n                    <img decoding=\"async\" src=\"https:\/\/talkpal.ai\/wp-content\/uploads\/2024\/08\/German.jpg\" alt=\"German Flag\">\r\n                    <div>\r\n                        <h4>Esercizio di grammatica tedesca<\/h4>\r\n                        <p>Pratica la grammatica tedesca .<\/p>\r\n                    <\/div>\r\n                <\/div>\r\n            <\/div>\r\n        <\/a>\r\n\r\n        \r\n        <a href=\"https:\/\/talkpal.ai\/vocabulary_language\/german\/\">\r\n            <div class=\"learnNavigationWrapper\">\r\n                <div class=\"learnNavigationContent\">\r\n                    <img decoding=\"async\" src=\"https:\/\/talkpal.ai\/wp-content\/uploads\/2024\/08\/German.jpg\" alt=\"German Flag\">\r\n                    <div>\r\n                        <h4>Vocabolario tedesco<\/h4>\r\n                        <p>Amplia il tuo vocabolario tedesco.<\/p>\r\n                    <\/div>\r\n                <\/div>\r\n            <\/div>\r\n        <\/a>\r\n\r\n            <\/section>","protected":false},"excerpt":{"rendered":"<p>Svelare le complessit\u00e0 della grammatica tedesca Imparare il tedesco pu\u00f2 essere un&#8217;impresa entusiasmante e gratificante. Non solo potrai parlare con pi\u00f9 di 130 milioni di persone in tutto il mondo, ma avrai anche accesso a una grande quantit\u00e0 di letteratura, musica e storia culturale. Come per ogni altra lingua, la padronanza del tedesco richiede dedizione [&hellip;]<\/p>\n","protected":false},"author":1,"featured_media":664,"parent":0,"menu_order":0,"comment_status":"closed","ping_status":"closed","template":"LearningContentPage.php","meta":{"_acf_changed":false,"footnotes":""},"class_list":["post-2963","page","type-page","status-publish","has-post-thumbnail","hentry"],"acf":[],"yoast_head":"<!-- This site is optimized with the Yoast SEO Premium plugin v27.2 (Yoast SEO v27.2) - https:\/\/yoast.com\/product\/yoast-seo-premium-wordpress\/ -->\n<title>Grammatica tedesca - Talkpal<\/title>\n<meta name=\"description\" content=\"Impara la grammatica tedesca in modo semplice: comprendi le regole essenziali, esercitati nella costruzione delle frasi e parla in modo chiaro con il supporto dell \u201cintelligenza artificiale. TalkpalIl supporto dell\u201d intelligenza artificiale.\" \/>\n<meta name=\"robots\" content=\"index, follow, max-snippet:-1, max-image-preview:large, max-video-preview:-1\" \/>\n<link rel=\"canonical\" href=\"https:\/\/talkpal.ai\/it\/grammatica-tedesca\/\" \/>\n<meta property=\"og:locale\" content=\"it_IT\" \/>\n<meta property=\"og:type\" content=\"article\" \/>\n<meta property=\"og:title\" content=\"Grammatica tedesca\" \/>\n<meta property=\"og:description\" content=\"Svelare le complessit\u00e0 della grammatica tedesca Imparare il tedesco pu\u00f2 essere un&#039;impresa entusiasmante e gratificante. Non solo potrai parlare con pi\u00f9 di\" \/>\n<meta property=\"og:url\" content=\"https:\/\/talkpal.ai\/it\/grammatica-tedesca\/\" \/>\n<meta property=\"og:site_name\" content=\"Talkpal\" \/>\n<meta property=\"article:publisher\" content=\"https:\/\/www.facebook.com\/profile.php?id=100090733639311\" \/>\n<meta property=\"article:modified_time\" content=\"2025-05-22T19:22:43+00:00\" \/>\n<meta property=\"og:image\" content=\"https:\/\/talkpal.ai\/wp-content\/uploads\/2023\/03\/germany.png\" \/>\n\t<meta property=\"og:image:width\" content=\"512\" \/>\n\t<meta property=\"og:image:height\" content=\"512\" \/>\n\t<meta property=\"og:image:type\" content=\"image\/png\" \/>\n<meta name=\"twitter:card\" content=\"summary_large_image\" \/>\n<meta name=\"twitter:site\" content=\"@talkpalai\" \/>\n<meta name=\"twitter:label1\" content=\"Tempo di lettura stimato\" \/>\n\t<meta name=\"twitter:data1\" content=\"4 minuti\" \/>\n<script type=\"application\/ld+json\" class=\"yoast-schema-graph\">{\"@context\":\"https:\/\/schema.org\",\"@graph\":[{\"@type\":\"WebPage\",\"@id\":\"https:\/\/talkpal.ai\/it\/grammatica-tedesca\/\",\"url\":\"https:\/\/talkpal.ai\/it\/grammatica-tedesca\/\",\"name\":\"Grammatica tedesca - Talkpal\",\"isPartOf\":{\"@id\":\"https:\/\/talkpal.ai\/it\/#website\"},\"primaryImageOfPage\":{\"@id\":\"https:\/\/talkpal.ai\/it\/grammatica-tedesca\/#primaryimage\"},\"image\":{\"@id\":\"https:\/\/talkpal.ai\/it\/grammatica-tedesca\/#primaryimage\"},\"thumbnailUrl\":\"https:\/\/talkpal.ai\/wp-content\/uploads\/2023\/03\/germany.png\",\"datePublished\":\"2023-03-26T11:40:15+00:00\",\"dateModified\":\"2025-05-22T19:22:43+00:00\",\"description\":\"Impara la grammatica tedesca in modo semplice: comprendi le regole essenziali, esercitati nella costruzione delle frasi e parla in modo chiaro con il supporto dell \u201cintelligenza artificiale. TalkpalIl supporto dell\u201d intelligenza artificiale.\",\"breadcrumb\":{\"@id\":\"https:\/\/talkpal.ai\/it\/grammatica-tedesca\/#breadcrumb\"},\"inLanguage\":\"it-IT\",\"potentialAction\":[{\"@type\":\"ReadAction\",\"target\":[\"https:\/\/talkpal.ai\/it\/grammatica-tedesca\/\"]}]},{\"@type\":\"ImageObject\",\"inLanguage\":\"it-IT\",\"@id\":\"https:\/\/talkpal.ai\/it\/grammatica-tedesca\/#primaryimage\",\"url\":\"https:\/\/talkpal.ai\/wp-content\/uploads\/2023\/03\/germany.png\",\"contentUrl\":\"https:\/\/talkpal.ai\/wp-content\/uploads\/2023\/03\/germany.png\",\"width\":512,\"height\":512,\"caption\":\"TalkPal AI learn German\"},{\"@type\":\"BreadcrumbList\",\"@id\":\"https:\/\/talkpal.ai\/it\/grammatica-tedesca\/#breadcrumb\",\"itemListElement\":[{\"@type\":\"ListItem\",\"position\":1,\"name\":\"Homepage\",\"item\":\"https:\/\/talkpal.ai\/it\/\"},{\"@type\":\"ListItem\",\"position\":2,\"name\":\"Grammatica tedesca\"}]},{\"@type\":\"WebSite\",\"@id\":\"https:\/\/talkpal.ai\/it\/#website\",\"url\":\"https:\/\/talkpal.ai\/it\/\",\"name\":\"Talkpal\",\"description\":\"AI Language Learning\",\"publisher\":{\"@id\":\"https:\/\/talkpal.ai\/it\/#organization\"},\"alternateName\":\"Talkpal AI\",\"potentialAction\":[{\"@type\":\"SearchAction\",\"target\":{\"@type\":\"EntryPoint\",\"urlTemplate\":\"https:\/\/talkpal.ai\/it\/?s={search_term_string}\"},\"query-input\":{\"@type\":\"PropertyValueSpecification\",\"valueRequired\":true,\"valueName\":\"search_term_string\"}}],\"inLanguage\":\"it-IT\"},{\"@type\":\"Organization\",\"@id\":\"https:\/\/talkpal.ai\/it\/#organization\",\"name\":\"Talkpal, Inc.\",\"alternateName\":\"Talkpal AI\",\"url\":\"https:\/\/talkpal.ai\/it\/\",\"logo\":{\"@type\":\"ImageObject\",\"inLanguage\":\"it-IT\",\"@id\":\"https:\/\/talkpal.ai\/it\/#\/schema\/logo\/image\/\",\"url\":\"https:\/\/talkpal.ai\/wp-content\/uploads\/2024\/03\/Talkpal-Logo-Icon.png\",\"contentUrl\":\"https:\/\/talkpal.ai\/wp-content\/uploads\/2024\/03\/Talkpal-Logo-Icon.png\",\"width\":2880,\"height\":2880,\"caption\":\"Talkpal, Inc.\"},\"image\":{\"@id\":\"https:\/\/talkpal.ai\/it\/#\/schema\/logo\/image\/\"},\"sameAs\":[\"https:\/\/www.facebook.com\/profile.php?id=100090733639311\",\"https:\/\/x.com\/talkpalai\",\"https:\/\/www.linkedin.com\/company\/talkpal\/\",\"https:\/\/www.youtube.com\/@TalkPal\/\",\"https:\/\/www.tiktok.com\/@talkpal\",\"https:\/\/www.instagram.com\/talkpal_ai\/\",\"https:\/\/www.crunchbase.com\/organization\/talkpal-9cde\",\"https:\/\/www.g2.com\/products\/talkpal-for-business\/\",\"https:\/\/www.trustpilot.com\/review\/talkpal.ai\",\"https:\/\/www.capterra.com\/p\/10006800\/TalkPal\/\"],\"description\":\"Talkpal is a language learning web and mobile education app, powered by the latest AI technologies, that provides engaging experiences to its customers in many different languages to help them improve their language skills. Users can chat about unlimited amount of topics with the app and use other modes to practice their language learning.\",\"email\":\"support@talkpal.ai\",\"legalName\":\"Talkpal, Inc.\",\"foundingDate\":\"2023-04-03\",\"duns\":\"118989042\",\"numberOfEmployees\":{\"@type\":\"QuantitativeValue\",\"minValue\":\"11\",\"maxValue\":\"50\"},\"publishingPrinciples\":\"https:\/\/talkpal.ai\/publishing-principles\/\",\"actionableFeedbackPolicy\":\"https:\/\/talkpal.ai\/actionable-feedback-policy\/\",\"correctionsPolicy\":\"https:\/\/talkpal.ai\/corrections-policy\/\",\"ethicsPolicy\":\"https:\/\/talkpal.ai\/ethics-policy\/\",\"diversityPolicy\":\"https:\/\/talkpal.ai\/diversity-policy\/\",\"diversityStaffingReport\":\"https:\/\/talkpal.ai\/diversity-policy\/\"}]}<\/script>\n<!-- \/ Yoast SEO Premium plugin. -->","yoast_head_json":{"title":"Grammatica tedesca - Talkpal","description":"Impara la grammatica tedesca in modo semplice: comprendi le regole essenziali, esercitati nella costruzione delle frasi e parla in modo chiaro con il supporto dell \u201cintelligenza artificiale. TalkpalIl supporto dell\u201d intelligenza artificiale.","robots":{"index":"index","follow":"follow","max-snippet":"max-snippet:-1","max-image-preview":"max-image-preview:large","max-video-preview":"max-video-preview:-1"},"canonical":"https:\/\/talkpal.ai\/it\/grammatica-tedesca\/","og_locale":"it_IT","og_type":"article","og_title":"Grammatica tedesca","og_description":"Svelare le complessit\u00e0 della grammatica tedesca Imparare il tedesco pu\u00f2 essere un'impresa entusiasmante e gratificante. Non solo potrai parlare con pi\u00f9 di","og_url":"https:\/\/talkpal.ai\/it\/grammatica-tedesca\/","og_site_name":"Talkpal","article_publisher":"https:\/\/www.facebook.com\/profile.php?id=100090733639311","article_modified_time":"2025-05-22T19:22:43+00:00","og_image":[{"width":512,"height":512,"url":"https:\/\/talkpal.ai\/wp-content\/uploads\/2023\/03\/germany.png","type":"image\/png"}],"twitter_card":"summary_large_image","twitter_site":"@talkpalai","twitter_misc":{"Tempo di lettura stimato":"4 minuti"},"schema":{"@context":"https:\/\/schema.org","@graph":[{"@type":"WebPage","@id":"https:\/\/talkpal.ai\/it\/grammatica-tedesca\/","url":"https:\/\/talkpal.ai\/it\/grammatica-tedesca\/","name":"Grammatica tedesca - Talkpal","isPartOf":{"@id":"https:\/\/talkpal.ai\/it\/#website"},"primaryImageOfPage":{"@id":"https:\/\/talkpal.ai\/it\/grammatica-tedesca\/#primaryimage"},"image":{"@id":"https:\/\/talkpal.ai\/it\/grammatica-tedesca\/#primaryimage"},"thumbnailUrl":"https:\/\/talkpal.ai\/wp-content\/uploads\/2023\/03\/germany.png","datePublished":"2023-03-26T11:40:15+00:00","dateModified":"2025-05-22T19:22:43+00:00","description":"Impara la grammatica tedesca in modo semplice: comprendi le regole essenziali, esercitati nella costruzione delle frasi e parla in modo chiaro con il supporto dell \u201cintelligenza artificiale. TalkpalIl supporto dell\u201d intelligenza artificiale.","breadcrumb":{"@id":"https:\/\/talkpal.ai\/it\/grammatica-tedesca\/#breadcrumb"},"inLanguage":"it-IT","potentialAction":[{"@type":"ReadAction","target":["https:\/\/talkpal.ai\/it\/grammatica-tedesca\/"]}]},{"@type":"ImageObject","inLanguage":"it-IT","@id":"https:\/\/talkpal.ai\/it\/grammatica-tedesca\/#primaryimage","url":"https:\/\/talkpal.ai\/wp-content\/uploads\/2023\/03\/germany.png","contentUrl":"https:\/\/talkpal.ai\/wp-content\/uploads\/2023\/03\/germany.png","width":512,"height":512,"caption":"TalkPal AI learn German"},{"@type":"BreadcrumbList","@id":"https:\/\/talkpal.ai\/it\/grammatica-tedesca\/#breadcrumb","itemListElement":[{"@type":"ListItem","position":1,"name":"Homepage","item":"https:\/\/talkpal.ai\/it\/"},{"@type":"ListItem","position":2,"name":"Grammatica tedesca"}]},{"@type":"WebSite","@id":"https:\/\/talkpal.ai\/it\/#website","url":"https:\/\/talkpal.ai\/it\/","name":"Talkpal","description":"AI Language Learning","publisher":{"@id":"https:\/\/talkpal.ai\/it\/#organization"},"alternateName":"Talkpal AI","potentialAction":[{"@type":"SearchAction","target":{"@type":"EntryPoint","urlTemplate":"https:\/\/talkpal.ai\/it\/?s={search_term_string}"},"query-input":{"@type":"PropertyValueSpecification","valueRequired":true,"valueName":"search_term_string"}}],"inLanguage":"it-IT"},{"@type":"Organization","@id":"https:\/\/talkpal.ai\/it\/#organization","name":"Talkpal, Inc.","alternateName":"Talkpal AI","url":"https:\/\/talkpal.ai\/it\/","logo":{"@type":"ImageObject","inLanguage":"it-IT","@id":"https:\/\/talkpal.ai\/it\/#\/schema\/logo\/image\/","url":"https:\/\/talkpal.ai\/wp-content\/uploads\/2024\/03\/Talkpal-Logo-Icon.png","contentUrl":"https:\/\/talkpal.ai\/wp-content\/uploads\/2024\/03\/Talkpal-Logo-Icon.png","width":2880,"height":2880,"caption":"Talkpal, Inc."},"image":{"@id":"https:\/\/talkpal.ai\/it\/#\/schema\/logo\/image\/"},"sameAs":["https:\/\/www.facebook.com\/profile.php?id=100090733639311","https:\/\/x.com\/talkpalai","https:\/\/www.linkedin.com\/company\/talkpal\/","https:\/\/www.youtube.com\/@TalkPal\/","https:\/\/www.tiktok.com\/@talkpal","https:\/\/www.instagram.com\/talkpal_ai\/","https:\/\/www.crunchbase.com\/organization\/talkpal-9cde","https:\/\/www.g2.com\/products\/talkpal-for-business\/","https:\/\/www.trustpilot.com\/review\/talkpal.ai","https:\/\/www.capterra.com\/p\/10006800\/TalkPal\/"],"description":"Talkpal is a language learning web and mobile education app, powered by the latest AI technologies, that provides engaging experiences to its customers in many different languages to help them improve their language skills. Users can chat about unlimited amount of topics with the app and use other modes to practice their language learning.","email":"support@talkpal.ai","legalName":"Talkpal, Inc.","foundingDate":"2023-04-03","duns":"118989042","numberOfEmployees":{"@type":"QuantitativeValue","minValue":"11","maxValue":"50"},"publishingPrinciples":"https:\/\/talkpal.ai\/publishing-principles\/","actionableFeedbackPolicy":"https:\/\/talkpal.ai\/actionable-feedback-policy\/","correctionsPolicy":"https:\/\/talkpal.ai\/corrections-policy\/","ethicsPolicy":"https:\/\/talkpal.ai\/ethics-policy\/","diversityPolicy":"https:\/\/talkpal.ai\/diversity-policy\/","diversityStaffingReport":"https:\/\/talkpal.ai\/diversity-policy\/"}]}},"_links":{"self":[{"href":"https:\/\/talkpal.ai\/it\/wp-json\/wp\/v2\/pages\/2963","targetHints":{"allow":["GET"]}}],"collection":[{"href":"https:\/\/talkpal.ai\/it\/wp-json\/wp\/v2\/pages"}],"about":[{"href":"https:\/\/talkpal.ai\/it\/wp-json\/wp\/v2\/types\/page"}],"author":[{"embeddable":true,"href":"https:\/\/talkpal.ai\/it\/wp-json\/wp\/v2\/users\/1"}],"replies":[{"embeddable":true,"href":"https:\/\/talkpal.ai\/it\/wp-json\/wp\/v2\/comments?post=2963"}],"version-history":[{"count":0,"href":"https:\/\/talkpal.ai\/it\/wp-json\/wp\/v2\/pages\/2963\/revisions"}],"wp:featuredmedia":[{"embeddable":true,"href":"https:\/\/talkpal.ai\/it\/wp-json\/wp\/v2\/media\/664"}],"wp:attachment":[{"href":"https:\/\/talkpal.ai\/it\/wp-json\/wp\/v2\/media?parent=2963"}],"curies":[{"name":"wp","href":"https:\/\/api.w.org\/{rel}","templated":true}]}}