{"id":2924,"date":"2023-03-26T11:45:19","date_gmt":"2023-03-26T11:45:19","guid":{"rendered":"http:\/\/talkpal.ai\/grammatica-francese\/"},"modified":"2025-05-22T18:47:10","modified_gmt":"2025-05-22T18:47:10","slug":"grammatica-francese","status":"publish","type":"page","link":"https:\/\/talkpal.ai\/it\/grammatica-francese\/","title":{"rendered":"Grammatica francese"},"content":{"rendered":"\r\n\r\n\r\n<section class=\"languageChallengeSection\">\r\n    <div class=\"languageInfoWrapper\">\r\n        \r\n        <h1>Grammatica francese<\/h1>\r\n        <p>Scopri l&#039;eleganza della lingua <a href=\"https:\/\/talkpal.ai\/learn-french\/\">francese<\/a> padroneggiando le sue regole grammaticali essenziali. Una solida conoscenza della <a href=\"https:\/\/talkpal.ai\/it\/cosa-ce-di-speciale-nella-grammatica-francese\/\">grammatica francese<\/a> ti aiuter\u00e0 a comunicare con facilit\u00e0 e ad apprezzare la ricchezza della cultura francese. Inizia a imparare la <a href=\"https:\/\/talkpal.ai\/grammar\/\">grammatica<\/a> francese oggi stesso e inizia il tuo viaggio verso la fluidit\u00e0!<\/p>\r\n\r\n                            <a class=\"getStartedHidden\" href=\"https:\/\/app.talkpal.ai\/it\/signup?lng=\">Comincia<\/a>\r\n        \r\n    <\/div>\r\n\r\n    <figure>\r\n    <img decoding=\"async\" width=\"768\" height=\"768\" src=\"https:\/\/talkpal.ai\/wp-content\/uploads\/2023\/06\/french-768x768.png\" class=\"languageImage no-lazy\" alt=\"Default alt text\" fetchpriority=\"high\" sizes=\"(max-width: 768px) 150px, 768px\" srcset=\"https:\/\/talkpal.ai\/wp-content\/uploads\/2023\/06\/french-768x768.png 768w, https:\/\/talkpal.ai\/wp-content\/uploads\/2023\/06\/french-300x300.png 300w\" \/>\r\n    \r\n\r\n    <\/figure>\r\n\r\n            <a class=\"getStartedVisible\" href=\"https:\/\/app.talkpal.ai\/it\/signup?lng=\">Comincia<\/a>\r\n    \r\n<\/section>\r\n        <section class=\"grammarSection\">\r\n            <div class=\"grammarLinks\">\r\n                <a href=\"https:\/\/talkpal.ai\/it\/language\/gli-aggettivi-it\/\">Aggettivi <\/a><a href=\"https:\/\/talkpal.ai\/it\/language\/articoli-grammatica-francese\/\">Articoli <\/a><a href=\"https:\/\/talkpal.ai\/it\/language\/gli-avverbi-it\/\">Avverbi <\/a><a href=\"https:\/\/talkpal.ai\/it\/language\/le-preposizioni-it-2\/\">Preposizioni <\/a><a href=\"https:\/\/talkpal.ai\/it\/language\/i-pronomi-it-2\/\">Pronomi e determinanti <\/a><a href=\"https:\/\/talkpal.ai\/it\/language\/nomi-e-articoli\/\">Sostantivi <\/a><a href=\"https:\/\/talkpal.ai\/it\/language\/la-costruzione-della-frase-it-2\/\">Struttura della frase <\/a><a href=\"https:\/\/talkpal.ai\/it\/language\/i-tempi-it-2\/\">Tempi Indicativi <\/a><a href=\"https:\/\/talkpal.ai\/it\/language\/i-verbi-it-2\/\">Verbi <\/a>            <\/div>\r\n        <\/section>\r\n    <section class=\"promotionalBanner\">\r\n    <p class=\"promotionalText\"><\/p>\r\n    <a class=\"promotionalLink\" href=\"https:\/\/app.talkpal.ai\/it\/signup?lng=\"><\/a>\r\n<\/section>\n<div class=\"wp-block-group pageContainerStyle\"><div class=\"wp-block-group__inner-container is-layout-constrained wp-block-group-is-layout-constrained\">\n<h2 class=\"wp-block-heading\" id=\"h-a-beginner-s-guide-to-french-grammar\">Guida alla grammatica francese per principianti<\/h2>\n\n\n\n<p><a href=\"https:\/\/talkpal.ai\/it\/libri-per-imparare-il-francese\/\">Imparare il francese<\/a> pu\u00f2 essere un&#8217;esperienza entusiasmante e gratificante. Tuttavia, padroneggiare la grammatica francese pu\u00f2 essere impegnativo, anche per coloro che conoscono bene l&#8217;inglese. In questo articolo parleremo di alcuni consigli essenziali di grammatica francese che ti aiuteranno a migliorare le tue conoscenze linguistiche. Familiarizzando con queste regole e praticandole regolarmente, sarai sulla buona strada per diventare un esperto di grammatica francese.<\/p>\n\n\n\n<h3 class=\"wp-block-heading\" id=\"h-1-the-importance-of-gender-in-french-nouns\">1. L&#8217;importanza del genere nei sostantivi francesi<\/h3>\n\n\n\n<p>Una delle differenze pi\u00f9 significative tra la grammatica francese e quella <a href=\"https:\/\/talkpal.ai\/learn-english-with-ai\/\">inglese<\/a> \u00e8 il concetto di genere. Tutti i sostantivi francesi sono maschili o femminili, il che influisce sugli articoli e sugli aggettivi utilizzati con essi. Ad esempio, &#8220;le&#8221; e &#8220;la&#8221; sono gli articoli definitivi dei sostantivi maschili e femminili, rispettivamente. Quando incontri un nuovo sostantivo, \u00e8 fondamentale ricordarne il genere per evitare di commettere errori grammaticali.<\/p>\n\n\n\n<h3 class=\"wp-block-heading\" id=\"h-2-mastering-verb-conjugations\">2. Padroneggiare le coniugazioni dei verbi<\/h3>\n\n\n\n<p>I verbi francesi hanno numerose coniugazioni in base al tempo, all&#8217;umore e <a href=\"https:\/\/talkpal.ai\/speaking-with-ai\/\">ai<\/a> pronomi soggetto. Tutto ci\u00f2 pu\u00f2 sembrare eccessivo, ma ci sono schemi e scorciatoie che si possono utilizzare per semplificare il processo. I verbi regolari appartengono a uno dei tre gruppi in base alla loro desinenza infinitiva (-er, -ir e -re) e ogni gruppo ha una propria serie di regole di coniugazione. Una volta imparate queste regole, potrete coniugare facilmente un numero significativo di verbi francesi.<\/p>\n\n\n\n<h3 class=\"wp-block-heading\" id=\"h-3-the-partitive-article-du-de-la-and-de-l\">3. L&#8217;articolo partitivo: du, de la e de l&#8217;<\/h3>\n\n\n\n<p>Quando si parla di una porzione o di una quantit\u00e0 non specificata di qualcosa, \u00e8 necessario utilizzare l&#8217;articolo partitivo. L&#8217;articolo partitivo cambia in base al genere del sostantivo e al fatto che inizi con una vocale o una consonante. Per i sostantivi maschili, usa &#8220;du&#8221;, per quelli femminili &#8220;de la&#8221; e per i sostantivi che iniziano con una vocale o una &#8220;h&#8221; muta, usa &#8220;de l&#8221;.<\/p>\n\n\n\n<h3 class=\"wp-block-heading\" id=\"h-4-adjective-agreement-and-placement\">4. Accordo e collocazione degli aggettivi<\/h3>\n\n\n\n<p>Nella grammatica francese, gli aggettivi devono concordare con il sostantivo che modificano in termini di genere e numero. Spesso questo significa che dovrai aggiungere una &#8220;e&#8221; all&#8217;aggettivo per renderlo femminile e una &#8220;s&#8221; per renderlo plurale. Inoltre, gli aggettivi seguono generalmente il sostantivo che modificano, con alcune eccezioni per gli aggettivi brevi e comuni come &#8220;beau&#8221;, &#8220;vieil&#8221; e &#8220;grand&#8221;.<\/p>\n\n\n\n<p>Esempi:<br\/>&#8211; Un chat noir (Un gatto nero)<br\/>&#8211; Une voiture noire (Un&#8217;auto nera)<br\/>&#8211; Deux chats noirs (Due gatti neri)<\/p>\n\n\n\n<h3 class=\"wp-block-heading\" id=\"h-5-passe-compose-past-tense-made-easy\">5. Passe Compose &#8211; Il tempo passato reso semplice<\/h3>\n\n\n\n<p>Sebbene esistano molti modi per esprimere il tempo passato in francese, il pass\u00e8 compos\u00e9 \u00e8 uno dei pi\u00f9 utili e facili da imparare. Per formare il pass\u00e9 compos\u00e9, \u00e8 necessario il tempo presente del verbo ausiliario &#8220;avoir&#8221; o &#8220;\u00eatre&#8221;, seguito dal participio passato del verbo principale. La maggior parte dei verbi utilizza &#8220;avoir&#8221; come ausiliare, mentre alcuni verbi, soprattutto quelli di movimento e quelli riflessivi, utilizzano &#8220;\u00eatre&#8221;.<\/p>\n\n\n\n<p>Esempio:<br\/>&#8211; J&#8217;ai mang\u00e9 (ho mangiato)<br\/>&#8211; Nous sommes all\u00e9s (Siamo andati)<\/p>\n\n\n\n<h3 class=\"wp-block-heading\" id=\"h-6-engaging-with-the-language\">6. Impegnarsi con la lingua<\/h3>\n\n\n\n<p>Uno dei modi migliori per migliorare la grammatica francese \u00e8 impegnarsi regolarmente nella lingua. Che si tratti di leggere giornali francesi, guardare film francesi o parlare con un madrelingua, l&#8217;esposizione alla lingua in contesti diversi ti aiuter\u00e0 a rafforzare la comprensione della grammatica e ad ampliare il tuo vocabolario.<\/p>\n\n\n\n<h3 class=\"wp-block-heading\" id=\"h-conclusion\">Conclusione<\/h3>\n\n\n\n<p>Padroneggiare la grammatica francese pu\u00f2 sembrare scoraggiante, ma con pratica e dedizione costanti si pu\u00f2 diventare fluenti in questa bellissima lingua. Concentrandosi sulle regole essenziali sopra descritte e confrontandosi con la lingua in vari contesti, le competenze grammaticali francesi miglioreranno rapidamente. Buona fortuna nel vostro viaggio verso la padronanza della grammatica francese!<\/p>\n<\/div><\/div>\n\r\n<section class=\"learnNavigationSection\">\r\n            \r\n        <a href=\"https:\/\/talkpal.ai\/it\/imparare-il-francese\/\">\r\n            <div class=\"learnNavigationWrapper\">\r\n                <div class=\"learnNavigationContent\">\r\n                    <img decoding=\"async\" src=\"https:\/\/talkpal.ai\/wp-content\/uploads\/2024\/08\/French.jpg\" alt=\"French Flag\">\r\n                    <div>\r\n                        <h4>Informazioni sull&#039;apprendimento del francese<\/h4>\r\n                        <p>Scoprite tutto sulla grammatica francese.<\/p>\r\n                    <\/div>\r\n                <\/div>\r\n            <\/div>\r\n        <\/a>\r\n\r\n        \r\n        <a href=\"https:\/\/talkpal.ai\/it\/esercizi-di-grammatica-francese\/\">\r\n            <div class=\"learnNavigationWrapper\">\r\n                <div class=\"learnNavigationContent\">\r\n                    <img decoding=\"async\" src=\"https:\/\/talkpal.ai\/wp-content\/uploads\/2024\/08\/French.jpg\" alt=\"French Flag\">\r\n                    <div>\r\n                        <h4>Esercizio di grammatica francese<\/h4>\r\n                        <p>Pratica la grammatica francese .<\/p>\r\n                    <\/div>\r\n                <\/div>\r\n            <\/div>\r\n        <\/a>\r\n\r\n        \r\n        <a href=\"https:\/\/talkpal.ai\/vocabulary_language\/french\/\">\r\n            <div class=\"learnNavigationWrapper\">\r\n                <div class=\"learnNavigationContent\">\r\n                    <img decoding=\"async\" src=\"https:\/\/talkpal.ai\/wp-content\/uploads\/2024\/08\/French.jpg\" alt=\"French Flag\">\r\n                    <div>\r\n                        <h4>Vocabolario francese<\/h4>\r\n                        <p>Espandi il tuo vocabolario francese.<\/p>\r\n                    <\/div>\r\n                <\/div>\r\n            <\/div>\r\n        <\/a>\r\n\r\n            <\/section>","protected":false},"excerpt":{"rendered":"<p>Guida alla grammatica francese per principianti Imparare il francese pu\u00f2 essere un&#8217;esperienza entusiasmante e gratificante. Tuttavia, padroneggiare la grammatica francese pu\u00f2 essere impegnativo, anche per coloro che conoscono bene l&#8217;inglese. In questo articolo parleremo di alcuni consigli essenziali di grammatica francese che ti aiuteranno a migliorare le tue conoscenze linguistiche. Familiarizzando con queste regole e [&hellip;]<\/p>\n","protected":false},"author":1,"featured_media":661,"parent":0,"menu_order":0,"comment_status":"closed","ping_status":"closed","template":"LearningContentPage.php","meta":{"_acf_changed":false,"footnotes":""},"class_list":["post-2924","page","type-page","status-publish","has-post-thumbnail","hentry"],"acf":[],"yoast_head":"<!-- This site is optimized with the Yoast SEO Premium plugin v27.2 (Yoast SEO v27.2) - https:\/\/yoast.com\/product\/yoast-seo-premium-wordpress\/ -->\n<title>Grammatica francese - Talkpal<\/title>\n<meta name=\"description\" content=\"Impara i concetti essenziali della grammatica francese: verbi, coniugazioni, tempi, nomi, articoli, aggettivi, pronomi e struttura delle frasi.\" \/>\n<meta name=\"robots\" content=\"index, follow, max-snippet:-1, max-image-preview:large, max-video-preview:-1\" \/>\n<link rel=\"canonical\" href=\"https:\/\/talkpal.ai\/it\/grammatica-francese\/\" \/>\n<meta property=\"og:locale\" content=\"it_IT\" \/>\n<meta property=\"og:type\" content=\"article\" \/>\n<meta property=\"og:title\" content=\"Grammatica francese\" \/>\n<meta property=\"og:description\" content=\"Guida alla grammatica francese per principianti Imparare il francese pu\u00f2 essere un&#039;esperienza entusiasmante e gratificante. Tuttavia, padroneggiare la\" \/>\n<meta property=\"og:url\" content=\"https:\/\/talkpal.ai\/it\/grammatica-francese\/\" \/>\n<meta property=\"og:site_name\" content=\"Talkpal\" \/>\n<meta property=\"article:publisher\" content=\"https:\/\/www.facebook.com\/profile.php?id=100090733639311\" \/>\n<meta property=\"article:modified_time\" content=\"2025-05-22T18:47:10+00:00\" \/>\n<meta property=\"og:image\" content=\"https:\/\/talkpal.ai\/wp-content\/uploads\/2023\/03\/france.png\" \/>\n\t<meta property=\"og:image:width\" content=\"512\" \/>\n\t<meta property=\"og:image:height\" content=\"512\" \/>\n\t<meta property=\"og:image:type\" content=\"image\/png\" \/>\n<meta name=\"twitter:card\" content=\"summary_large_image\" \/>\n<meta name=\"twitter:site\" content=\"@talkpalai\" \/>\n<meta name=\"twitter:label1\" content=\"Tempo di lettura stimato\" \/>\n\t<meta name=\"twitter:data1\" content=\"3 minuti\" \/>\n<script type=\"application\/ld+json\" class=\"yoast-schema-graph\">{\"@context\":\"https:\/\/schema.org\",\"@graph\":[{\"@type\":\"WebPage\",\"@id\":\"https:\/\/talkpal.ai\/it\/grammatica-francese\/\",\"url\":\"https:\/\/talkpal.ai\/it\/grammatica-francese\/\",\"name\":\"Grammatica francese - Talkpal\",\"isPartOf\":{\"@id\":\"https:\/\/talkpal.ai\/it\/#website\"},\"primaryImageOfPage\":{\"@id\":\"https:\/\/talkpal.ai\/it\/grammatica-francese\/#primaryimage\"},\"image\":{\"@id\":\"https:\/\/talkpal.ai\/it\/grammatica-francese\/#primaryimage\"},\"thumbnailUrl\":\"https:\/\/talkpal.ai\/wp-content\/uploads\/2023\/03\/france.png\",\"datePublished\":\"2023-03-26T11:45:19+00:00\",\"dateModified\":\"2025-05-22T18:47:10+00:00\",\"description\":\"Impara i concetti essenziali della grammatica francese: verbi, coniugazioni, tempi, nomi, articoli, aggettivi, pronomi e struttura delle frasi.\",\"breadcrumb\":{\"@id\":\"https:\/\/talkpal.ai\/it\/grammatica-francese\/#breadcrumb\"},\"inLanguage\":\"it-IT\",\"potentialAction\":[{\"@type\":\"ReadAction\",\"target\":[\"https:\/\/talkpal.ai\/it\/grammatica-francese\/\"]}]},{\"@type\":\"ImageObject\",\"inLanguage\":\"it-IT\",\"@id\":\"https:\/\/talkpal.ai\/it\/grammatica-francese\/#primaryimage\",\"url\":\"https:\/\/talkpal.ai\/wp-content\/uploads\/2023\/03\/france.png\",\"contentUrl\":\"https:\/\/talkpal.ai\/wp-content\/uploads\/2023\/03\/france.png\",\"width\":512,\"height\":512,\"caption\":\"TalkPal AI learn French\"},{\"@type\":\"BreadcrumbList\",\"@id\":\"https:\/\/talkpal.ai\/it\/grammatica-francese\/#breadcrumb\",\"itemListElement\":[{\"@type\":\"ListItem\",\"position\":1,\"name\":\"Homepage\",\"item\":\"https:\/\/talkpal.ai\/it\/\"},{\"@type\":\"ListItem\",\"position\":2,\"name\":\"Grammatica francese\"}]},{\"@type\":\"WebSite\",\"@id\":\"https:\/\/talkpal.ai\/it\/#website\",\"url\":\"https:\/\/talkpal.ai\/it\/\",\"name\":\"Talkpal\",\"description\":\"AI Language Learning\",\"publisher\":{\"@id\":\"https:\/\/talkpal.ai\/it\/#organization\"},\"alternateName\":\"Talkpal AI\",\"potentialAction\":[{\"@type\":\"SearchAction\",\"target\":{\"@type\":\"EntryPoint\",\"urlTemplate\":\"https:\/\/talkpal.ai\/it\/?s={search_term_string}\"},\"query-input\":{\"@type\":\"PropertyValueSpecification\",\"valueRequired\":true,\"valueName\":\"search_term_string\"}}],\"inLanguage\":\"it-IT\"},{\"@type\":\"Organization\",\"@id\":\"https:\/\/talkpal.ai\/it\/#organization\",\"name\":\"Talkpal, Inc.\",\"alternateName\":\"Talkpal AI\",\"url\":\"https:\/\/talkpal.ai\/it\/\",\"logo\":{\"@type\":\"ImageObject\",\"inLanguage\":\"it-IT\",\"@id\":\"https:\/\/talkpal.ai\/it\/#\/schema\/logo\/image\/\",\"url\":\"https:\/\/talkpal.ai\/wp-content\/uploads\/2024\/03\/Talkpal-Logo-Icon.png\",\"contentUrl\":\"https:\/\/talkpal.ai\/wp-content\/uploads\/2024\/03\/Talkpal-Logo-Icon.png\",\"width\":2880,\"height\":2880,\"caption\":\"Talkpal, Inc.\"},\"image\":{\"@id\":\"https:\/\/talkpal.ai\/it\/#\/schema\/logo\/image\/\"},\"sameAs\":[\"https:\/\/www.facebook.com\/profile.php?id=100090733639311\",\"https:\/\/x.com\/talkpalai\",\"https:\/\/www.linkedin.com\/company\/talkpal\/\",\"https:\/\/www.youtube.com\/@TalkPal\/\",\"https:\/\/www.tiktok.com\/@talkpal\",\"https:\/\/www.instagram.com\/talkpal_ai\/\",\"https:\/\/www.crunchbase.com\/organization\/talkpal-9cde\",\"https:\/\/www.g2.com\/products\/talkpal-for-business\/\",\"https:\/\/www.trustpilot.com\/review\/talkpal.ai\",\"https:\/\/www.capterra.com\/p\/10006800\/TalkPal\/\"],\"description\":\"Talkpal is a language learning web and mobile education app, powered by the latest AI technologies, that provides engaging experiences to its customers in many different languages to help them improve their language skills. Users can chat about unlimited amount of topics with the app and use other modes to practice their language learning.\",\"email\":\"support@talkpal.ai\",\"legalName\":\"Talkpal, Inc.\",\"foundingDate\":\"2023-04-03\",\"duns\":\"118989042\",\"numberOfEmployees\":{\"@type\":\"QuantitativeValue\",\"minValue\":\"11\",\"maxValue\":\"50\"},\"publishingPrinciples\":\"https:\/\/talkpal.ai\/publishing-principles\/\",\"actionableFeedbackPolicy\":\"https:\/\/talkpal.ai\/actionable-feedback-policy\/\",\"correctionsPolicy\":\"https:\/\/talkpal.ai\/corrections-policy\/\",\"ethicsPolicy\":\"https:\/\/talkpal.ai\/ethics-policy\/\",\"diversityPolicy\":\"https:\/\/talkpal.ai\/diversity-policy\/\",\"diversityStaffingReport\":\"https:\/\/talkpal.ai\/diversity-policy\/\"}]}<\/script>\n<!-- \/ Yoast SEO Premium plugin. -->","yoast_head_json":{"title":"Grammatica francese - Talkpal","description":"Impara i concetti essenziali della grammatica francese: verbi, coniugazioni, tempi, nomi, articoli, aggettivi, pronomi e struttura delle frasi.","robots":{"index":"index","follow":"follow","max-snippet":"max-snippet:-1","max-image-preview":"max-image-preview:large","max-video-preview":"max-video-preview:-1"},"canonical":"https:\/\/talkpal.ai\/it\/grammatica-francese\/","og_locale":"it_IT","og_type":"article","og_title":"Grammatica francese","og_description":"Guida alla grammatica francese per principianti Imparare il francese pu\u00f2 essere un'esperienza entusiasmante e gratificante. Tuttavia, padroneggiare la","og_url":"https:\/\/talkpal.ai\/it\/grammatica-francese\/","og_site_name":"Talkpal","article_publisher":"https:\/\/www.facebook.com\/profile.php?id=100090733639311","article_modified_time":"2025-05-22T18:47:10+00:00","og_image":[{"width":512,"height":512,"url":"https:\/\/talkpal.ai\/wp-content\/uploads\/2023\/03\/france.png","type":"image\/png"}],"twitter_card":"summary_large_image","twitter_site":"@talkpalai","twitter_misc":{"Tempo di lettura stimato":"3 minuti"},"schema":{"@context":"https:\/\/schema.org","@graph":[{"@type":"WebPage","@id":"https:\/\/talkpal.ai\/it\/grammatica-francese\/","url":"https:\/\/talkpal.ai\/it\/grammatica-francese\/","name":"Grammatica francese - Talkpal","isPartOf":{"@id":"https:\/\/talkpal.ai\/it\/#website"},"primaryImageOfPage":{"@id":"https:\/\/talkpal.ai\/it\/grammatica-francese\/#primaryimage"},"image":{"@id":"https:\/\/talkpal.ai\/it\/grammatica-francese\/#primaryimage"},"thumbnailUrl":"https:\/\/talkpal.ai\/wp-content\/uploads\/2023\/03\/france.png","datePublished":"2023-03-26T11:45:19+00:00","dateModified":"2025-05-22T18:47:10+00:00","description":"Impara i concetti essenziali della grammatica francese: verbi, coniugazioni, tempi, nomi, articoli, aggettivi, pronomi e struttura delle frasi.","breadcrumb":{"@id":"https:\/\/talkpal.ai\/it\/grammatica-francese\/#breadcrumb"},"inLanguage":"it-IT","potentialAction":[{"@type":"ReadAction","target":["https:\/\/talkpal.ai\/it\/grammatica-francese\/"]}]},{"@type":"ImageObject","inLanguage":"it-IT","@id":"https:\/\/talkpal.ai\/it\/grammatica-francese\/#primaryimage","url":"https:\/\/talkpal.ai\/wp-content\/uploads\/2023\/03\/france.png","contentUrl":"https:\/\/talkpal.ai\/wp-content\/uploads\/2023\/03\/france.png","width":512,"height":512,"caption":"TalkPal AI learn French"},{"@type":"BreadcrumbList","@id":"https:\/\/talkpal.ai\/it\/grammatica-francese\/#breadcrumb","itemListElement":[{"@type":"ListItem","position":1,"name":"Homepage","item":"https:\/\/talkpal.ai\/it\/"},{"@type":"ListItem","position":2,"name":"Grammatica francese"}]},{"@type":"WebSite","@id":"https:\/\/talkpal.ai\/it\/#website","url":"https:\/\/talkpal.ai\/it\/","name":"Talkpal","description":"AI Language Learning","publisher":{"@id":"https:\/\/talkpal.ai\/it\/#organization"},"alternateName":"Talkpal AI","potentialAction":[{"@type":"SearchAction","target":{"@type":"EntryPoint","urlTemplate":"https:\/\/talkpal.ai\/it\/?s={search_term_string}"},"query-input":{"@type":"PropertyValueSpecification","valueRequired":true,"valueName":"search_term_string"}}],"inLanguage":"it-IT"},{"@type":"Organization","@id":"https:\/\/talkpal.ai\/it\/#organization","name":"Talkpal, Inc.","alternateName":"Talkpal AI","url":"https:\/\/talkpal.ai\/it\/","logo":{"@type":"ImageObject","inLanguage":"it-IT","@id":"https:\/\/talkpal.ai\/it\/#\/schema\/logo\/image\/","url":"https:\/\/talkpal.ai\/wp-content\/uploads\/2024\/03\/Talkpal-Logo-Icon.png","contentUrl":"https:\/\/talkpal.ai\/wp-content\/uploads\/2024\/03\/Talkpal-Logo-Icon.png","width":2880,"height":2880,"caption":"Talkpal, Inc."},"image":{"@id":"https:\/\/talkpal.ai\/it\/#\/schema\/logo\/image\/"},"sameAs":["https:\/\/www.facebook.com\/profile.php?id=100090733639311","https:\/\/x.com\/talkpalai","https:\/\/www.linkedin.com\/company\/talkpal\/","https:\/\/www.youtube.com\/@TalkPal\/","https:\/\/www.tiktok.com\/@talkpal","https:\/\/www.instagram.com\/talkpal_ai\/","https:\/\/www.crunchbase.com\/organization\/talkpal-9cde","https:\/\/www.g2.com\/products\/talkpal-for-business\/","https:\/\/www.trustpilot.com\/review\/talkpal.ai","https:\/\/www.capterra.com\/p\/10006800\/TalkPal\/"],"description":"Talkpal is a language learning web and mobile education app, powered by the latest AI technologies, that provides engaging experiences to its customers in many different languages to help them improve their language skills. Users can chat about unlimited amount of topics with the app and use other modes to practice their language learning.","email":"support@talkpal.ai","legalName":"Talkpal, Inc.","foundingDate":"2023-04-03","duns":"118989042","numberOfEmployees":{"@type":"QuantitativeValue","minValue":"11","maxValue":"50"},"publishingPrinciples":"https:\/\/talkpal.ai\/publishing-principles\/","actionableFeedbackPolicy":"https:\/\/talkpal.ai\/actionable-feedback-policy\/","correctionsPolicy":"https:\/\/talkpal.ai\/corrections-policy\/","ethicsPolicy":"https:\/\/talkpal.ai\/ethics-policy\/","diversityPolicy":"https:\/\/talkpal.ai\/diversity-policy\/","diversityStaffingReport":"https:\/\/talkpal.ai\/diversity-policy\/"}]}},"_links":{"self":[{"href":"https:\/\/talkpal.ai\/it\/wp-json\/wp\/v2\/pages\/2924","targetHints":{"allow":["GET"]}}],"collection":[{"href":"https:\/\/talkpal.ai\/it\/wp-json\/wp\/v2\/pages"}],"about":[{"href":"https:\/\/talkpal.ai\/it\/wp-json\/wp\/v2\/types\/page"}],"author":[{"embeddable":true,"href":"https:\/\/talkpal.ai\/it\/wp-json\/wp\/v2\/users\/1"}],"replies":[{"embeddable":true,"href":"https:\/\/talkpal.ai\/it\/wp-json\/wp\/v2\/comments?post=2924"}],"version-history":[{"count":0,"href":"https:\/\/talkpal.ai\/it\/wp-json\/wp\/v2\/pages\/2924\/revisions"}],"wp:featuredmedia":[{"embeddable":true,"href":"https:\/\/talkpal.ai\/it\/wp-json\/wp\/v2\/media\/661"}],"wp:attachment":[{"href":"https:\/\/talkpal.ai\/it\/wp-json\/wp\/v2\/media?parent=2924"}],"curies":[{"name":"wp","href":"https:\/\/api.w.org\/{rel}","templated":true}]}}