{"id":240771,"date":"2024-05-03T08:40:47","date_gmt":"2024-05-03T08:40:47","guid":{"rendered":"https:\/\/talkpal.ai\/esercitati-a-parlare-in-spagnolo\/"},"modified":"2025-12-24T14:16:00","modified_gmt":"2025-12-24T14:16:00","slug":"esercitati-a-parlare-in-spagnolo","status":"publish","type":"page","link":"https:\/\/talkpal.ai\/it\/esercitati-a-parlare-in-spagnolo\/","title":{"rendered":"Esercitati a parlare in spagnolo"},"content":{"rendered":"<p>Padroneggiare una nuova lingua come lo <a href=\"https:\/\/talkpal.ai\/learn-spanish\/\">spagnolo<\/a> non significa solo comprendere la <a href=\"https:\/\/talkpal.ai\/grammar\/\">grammatica<\/a> e il vocabolario, ma richiede una pratica attiva e coinvolgente, soprattutto nel parlare. Molti <a href=\"https:\/\/talkpal.ai\/talkpal-discount-for-students\/\">studenti<\/a> ritengono che parlare sia l&#8217;aspetto pi\u00f9 impegnativo dell&#8217;apprendimento dello spagnolo a causa delle limitate opportunit\u00e0 di esercitarsi con i madrelingua o con i compagni di corso. Tuttavia, strumenti innovativi come l&#8217;intelligenza artificiale di <a href=\"https:\/\/talkpal.ai\/ko\/ai-%ec%96%b8%ec%96%b4-%ea%b5%90%ec%82%ac\/\">Talkpal<\/a> stanno trasformando il modo in cui gli studenti praticano la lingua spagnola, rendendola pi\u00f9 accessibile, interattiva e divertente. Sia che tu sia un principiante che vuole acquisire sicurezza, sia che tu sia un oratore avanzato che punta alla fluidit\u00e0, fare pratica nel parlare \u00e8 essenziale. Qui esploriamo dieci modi efficaci per migliorare le tue capacit\u00e0 di <a href=\"https:\/\/talkpal.ai\/it\/parlare-spagnolo\/\">parlare spagnolo<\/a>.<\/p>\n<p><a role=\"button\"><br \/>\nprova talkpal<br \/>\n<\/a><\/p>\n<h2>Padroneggiare lo spagnolo parlato: Strategie efficaci per gli studenti di lingue<\/h2>\n<h3>1. Impegnati in una pratica di conversazione regolare<\/h3>\n<p>Per migliorare le tue capacit\u00e0 di parlare spagnolo, \u00e8 indispensabile una pratica regolare della conversazione. Impegnarsi regolarmente con persone madrelingua o con altri studenti ti aiuta a sviluppare un flusso naturale e una certa facilit\u00e0 nel parlare. Strumenti come <a href=\"https:\/\/talkpal.ai\/lt\/talkpal-verslui\/\">Talkpal AI<\/a> consentono agli utenti di simulare conversazioni con personaggi basati sull \u201cintelligenza artificiale, fornendo un\u201d opzione pratica e flessibile per la pratica quotidiana. Queste conversazioni simulate possono coprire una vasta gamma di argomenti, permettendoti di costruire il tuo vocabolario e migliorare la tua pronuncia.<\/p>\n<h3>2. Utilizzare le piattaforme di scambio linguistico<\/h3>\n<p>Partecipare a uno scambio linguistico \u00e8 un metodo meraviglioso per esercitarsi a parlare spagnolo. Piattaforme come Tandem o HelloTalk ti mettono in contatto con madrelingua spagnoli desiderosi di imparare la tua lingua madre. Questo sistema di apprendimento reciproco non solo migliora le tue capacit\u00e0 di parlare, ma approfondisce anche la comprensione culturale. Le sessioni regolari possono aumentare in modo significativo la tua sicurezza e le tue capacit\u00e0 di conversazione, fornendoti esperienza pratica e feedback in tempo reale.<\/p>\n<h3>3. Incorporare lo spagnolo nelle attivit\u00e0 quotidiane<\/h3>\n<p>Integrare lo spagnolo nella tua routine quotidiana \u00e8 una strategia efficace per esercitarsi a parlare. Prova a raccontare le tue attivit\u00e0 in spagnolo, da semplici compiti come fare la spesa a discutere dei tuoi piani per la giornata. Questa costante verbalizzazione aiuta a rafforzare l&#8217;apprendimento e a far s\u00ec che parlare risulti pi\u00f9 naturale. Si tratta di un approccio pratico per assicurarti di pensare e parlare in spagnolo durante tutta la giornata.<\/p>\n<h3>4. Iscriviti ai club di lingua spagnola<\/h3>\n<p>I club di lingua spagnola sono luoghi fantastici in cui gli studenti di tutti i livelli possono esercitarsi e migliorare le proprie competenze linguistiche. Questi club si riuniscono spesso regolarmente e offrono un ambiente di sostegno in cui tutti sono incoraggiati a partecipare e a praticare lo spagnolo. Non solo \u00e8 un ottimo modo per esercitarsi, ma aiuta anche a fare rete con altri studenti e appassionati di spagnolo.<\/p>\n<h3>5. Guarda i media spagnoli e imita<\/h3>\n<p>Immergersi nei media spagnoli come film, programmi televisivi e podcast \u00e8 un modo divertente per migliorare le tue capacit\u00e0 di ascolto e di conversazione. Cerca di imitare il modo in cui parlano i personaggi, concentrandoti sulla loro intonazione, pronuncia ed emozione. Questo metodo ti aiuta ad esercitarti a parlare in modo divertente e coinvolgente, aiutandoti anche a comprendere le sfumature culturali.<\/p>\n<h3>6. Sfrutta la tecnologia con app come Talkpal AI<\/h3>\n<p>La tecnologia pu\u00f2 essere un potente alleato nell&#8217;apprendimento dello spagnolo. App come Talkpal AI offrono strumenti interattivi e coinvolgenti che simulano conversazioni nella vita reale, consentendo un approccio pratico all&#8217;apprendimento delle lingue. Queste app utilizzano il riconoscimento vocale e l&#8217;intelligenza artificiale per fornire un feedback sulla pronuncia, aiutandoti a perfezionare le tue capacit\u00e0 oratorie attraverso la pratica ripetitiva.<\/p>\n<h3>7. Partecipare a forum e gruppi di discussione online<\/h3>\n<p>Partecipare a forum e gruppi di discussione online pu\u00f2 migliorare notevolmente la tua capacit\u00e0 di conversare in spagnolo. Queste piattaforme offrono l&#8217;opportunit\u00e0 di interagire con un gruppo eterogeneo di parlanti, dove puoi praticare lo spagnolo informale e formale, fare domande e conoscere i diversi dialetti e lo slang.<\/p>\n<h3>8. Esercitati con le flashcard<\/h3>\n<p>Utilizzare le flashcard per esercitarsi a parlare spagnolo non significa solo memorizzare le parole, ma anche formare frasi e articolare pensieri. Crea una serie di flashcard con frasi e sfida te stesso a usarle in frasi o, meglio ancora, in conversazioni reali.<\/p>\n<h3>9. Registra e rivedi i tuoi discorsi<\/h3>\n<p>Registrarsi pu\u00f2 essere un metodo illuminante per esercitarsi a parlare spagnolo. Ascoltando le tue registrazioni, potrai individuare le aree di miglioramento della pronuncia, della velocit\u00e0 e della fluidit\u00e0. La revisione regolare e l&#8217;autocritica incoraggiano il perfezionamento proattivo delle tue abilit\u00e0 oratorie.<\/p>\n<h3>10. Stabilisci obiettivi realistici per la conversazione<\/h3>\n<p>Fissare degli obiettivi raggiungibili per la tua pratica dello spagnolo pu\u00f2 mantenerti motivato e strutturato. Che si tratti di imparare nuove frasi, di aumentare il ritmo della conversazione o di migliorare il tuo accento, avere degli obiettivi chiari ti aiuta a misurare i tuoi progressi e a concentrarti sui tuoi progressi nella conoscenza dello spagnolo.<\/p>\n<p><a role=\"button\"><br \/>\nprova talkpal<br \/>\n<\/a><\/p>\n<h2>DOMANDE FREQUENTI<\/h2>\n<p><a tabindex=\"0\">Qual \u00e8 il modo migliore per esercitarsi a parlare in spagnolo come principiante?<\/a><\/p>\n<p>Quando si parte da un principiante, \u00e8 fondamentale creare delle basi solide. Questo obiettivo pu\u00f2 essere raggiunto imparando il vocabolario e le frasi di base, per poi metterle in pratica in semplici conversazioni. Strumenti come l\u2019intelligenza artificiale di Talkpal aiutano a simulare le interazioni della vita reale, offrendo ai principianti uno spazio sicuro per esercitarsi a parlare spagnolo senza la pressione della conversazione umana in tempo reale.<\/p>\n<p><a tabindex=\"0\">Quanto spesso dovrei esercitarmi a parlare spagnolo per diventare fluente?<\/a><\/p>\n<p>La coerenza \u00e8 fondamentale nell\u2019apprendimento delle lingue. Cerca di esercitarti a parlare spagnolo ogni giorno, anche solo per 10-15 minuti. La pratica regolare aiuta a rafforzare le nuove parole e frasi e a migliorare la pronuncia. Incorporare lo spagnolo nella tua routine quotidiana, come parlare con un partner linguistico, utilizzare Talkpal o esercitarti con i media spagnoli, pu\u00f2 accelerare i tuoi progressi.<\/p>\n<p><a tabindex=\"0\">Posso davvero migliorare la mia lingua spagnola utilizzando app come Talkpal AI?<\/a><\/p>\n<p>S\u00ec, app come Talkpal AI sono progettate per migliorare l\u2019apprendimento delle lingue fornendo una pratica orale interattiva e coinvolgente. Questi strumenti utilizzano l\u2019intelligenza artificiale per simulare le conversazioni e fornire un feedback in tempo reale su pronuncia, scelta delle parole e grammatica. Questa interazione continua \u00e8 fondamentale per migliorare le abilit\u00e0 di conversazione in modo efficace.<\/p>\n<p><a tabindex=\"0\">Quali sono i consigli per superare la paura di parlare spagnolo?<\/a><\/p>\n<p>Molti studenti si sentono ansiosi di commettere errori o di non sembrare perfetti. Per superare questo problema, esercitati in un ambiente privo di giudizio utilizzando strumenti di <a href=\"https:\/\/talkpal.ai\/it\/parla-con-lintelligenza-artificiale-per-imparare-la-lingua\/\">intelligenza artificiale<\/a> come Talkpal AI e partecipa a scambi linguistici in cui entrambe le parti stanno imparando. Ricorda che sbagliare \u00e8 una parte naturale dell\u2019apprendimento e ogni errore \u00e8 un passo verso il miglioramento.<\/p>\n<p><a tabindex=\"0\">Come posso trovare madrelingua spagnoli con cui esercitarmi?<\/a><\/p>\n<p>Esistono diverse piattaforme online e comunit\u00e0 di scambio linguistico dove puoi incontrare persone di madrelingua spagnola che desiderano migliorare le loro conoscenze dell\u2019inglese. Questo scambio reciproco pu\u00f2 fornire un ambiente realistico per esercitarsi nella conversazione in spagnolo. Inoltre, i meetup linguistici locali e gli eventi culturali di lingua spagnola possono essere ottimi luoghi per entrare in contatto con persone madrelingua.<\/p>\n","protected":false},"excerpt":{"rendered":"<p>Padroneggiare una nuova lingua come lo spagnolo non significa solo comprendere la grammatica e il vocabolario, ma richiede una pratica attiva e coinvolgente, soprattutto nel parlare. Molti studenti ritengono che parlare sia l&#8217;aspetto pi\u00f9 impegnativo dell&#8217;apprendimento dello spagnolo a causa delle limitate opportunit\u00e0 di esercitarsi con i madrelingua o con i compagni di corso. Tuttavia, [&hellip;]<\/p>\n","protected":false},"author":12,"featured_media":670,"parent":0,"menu_order":0,"comment_status":"closed","ping_status":"closed","template":"","meta":{"_acf_changed":false,"footnotes":""},"class_list":["post-240771","page","type-page","status-publish","has-post-thumbnail","hentry"],"acf":[],"yoast_head":"<!-- This site is optimized with the Yoast SEO Premium plugin v27.2 (Yoast SEO v27.2) - https:\/\/yoast.com\/product\/yoast-seo-premium-wordpress\/ -->\n<title>Esercitati a parlare in spagnolo - Talkpal<\/title>\n<meta name=\"description\" content=\"Migliora la tua fluidit\u00e0 con modi efficaci per praticare la lingua spagnola ogni giorno. Inizia subito il tuo viaggio verso la padronanza delle lingue.\" \/>\n<meta name=\"robots\" content=\"index, follow, max-snippet:-1, max-image-preview:large, max-video-preview:-1\" \/>\n<link rel=\"canonical\" href=\"https:\/\/talkpal.ai\/it\/esercitati-a-parlare-in-spagnolo\/\" \/>\n<meta property=\"og:locale\" content=\"it_IT\" \/>\n<meta property=\"og:type\" content=\"article\" \/>\n<meta property=\"og:title\" content=\"Esercitati a parlare in spagnolo\" \/>\n<meta property=\"og:description\" content=\"Padroneggiare una nuova lingua come lo spagnolo non significa solo comprendere la grammatica e il vocabolario, ma richiede una pratica attiva e\" \/>\n<meta property=\"og:url\" content=\"https:\/\/talkpal.ai\/it\/esercitati-a-parlare-in-spagnolo\/\" \/>\n<meta property=\"og:site_name\" content=\"Talkpal\" \/>\n<meta property=\"article:publisher\" content=\"https:\/\/www.facebook.com\/profile.php?id=100090733639311\" \/>\n<meta property=\"article:modified_time\" content=\"2025-12-24T14:16:00+00:00\" \/>\n<meta property=\"og:image\" content=\"https:\/\/talkpal.ai\/wp-content\/uploads\/2023\/03\/spain.png\" \/>\n\t<meta property=\"og:image:width\" content=\"512\" \/>\n\t<meta property=\"og:image:height\" content=\"512\" \/>\n\t<meta property=\"og:image:type\" content=\"image\/png\" \/>\n<meta name=\"twitter:card\" content=\"summary_large_image\" \/>\n<meta name=\"twitter:site\" content=\"@talkpalai\" \/>\n<meta name=\"twitter:label1\" content=\"Tempo di lettura stimato\" \/>\n\t<meta name=\"twitter:data1\" content=\"6 minuti\" \/>\n<script type=\"application\/ld+json\" class=\"yoast-schema-graph\">{\"@context\":\"https:\/\/schema.org\",\"@graph\":[{\"@type\":\"WebPage\",\"@id\":\"https:\/\/talkpal.ai\/it\/esercitati-a-parlare-in-spagnolo\/\",\"url\":\"https:\/\/talkpal.ai\/it\/esercitati-a-parlare-in-spagnolo\/\",\"name\":\"Esercitati a parlare in spagnolo - Talkpal\",\"isPartOf\":{\"@id\":\"https:\/\/talkpal.ai\/it\/#website\"},\"primaryImageOfPage\":{\"@id\":\"https:\/\/talkpal.ai\/it\/esercitati-a-parlare-in-spagnolo\/#primaryimage\"},\"image\":{\"@id\":\"https:\/\/talkpal.ai\/it\/esercitati-a-parlare-in-spagnolo\/#primaryimage\"},\"thumbnailUrl\":\"https:\/\/talkpal.ai\/wp-content\/uploads\/2023\/03\/spain.png\",\"datePublished\":\"2024-05-03T08:40:47+00:00\",\"dateModified\":\"2025-12-24T14:16:00+00:00\",\"description\":\"Migliora la tua fluidit\u00e0 con modi efficaci per praticare la lingua spagnola ogni giorno. Inizia subito il tuo viaggio verso la padronanza delle lingue.\",\"breadcrumb\":{\"@id\":\"https:\/\/talkpal.ai\/it\/esercitati-a-parlare-in-spagnolo\/#breadcrumb\"},\"inLanguage\":\"it-IT\",\"potentialAction\":[{\"@type\":\"ReadAction\",\"target\":[\"https:\/\/talkpal.ai\/it\/esercitati-a-parlare-in-spagnolo\/\"]}]},{\"@type\":\"ImageObject\",\"inLanguage\":\"it-IT\",\"@id\":\"https:\/\/talkpal.ai\/it\/esercitati-a-parlare-in-spagnolo\/#primaryimage\",\"url\":\"https:\/\/talkpal.ai\/wp-content\/uploads\/2023\/03\/spain.png\",\"contentUrl\":\"https:\/\/talkpal.ai\/wp-content\/uploads\/2023\/03\/spain.png\",\"width\":512,\"height\":512,\"caption\":\"TalkPal AI learn Spanish\"},{\"@type\":\"BreadcrumbList\",\"@id\":\"https:\/\/talkpal.ai\/it\/esercitati-a-parlare-in-spagnolo\/#breadcrumb\",\"itemListElement\":[{\"@type\":\"ListItem\",\"position\":1,\"name\":\"Homepage\",\"item\":\"https:\/\/talkpal.ai\/it\/\"},{\"@type\":\"ListItem\",\"position\":2,\"name\":\"Esercitati a parlare in spagnolo\"}]},{\"@type\":\"WebSite\",\"@id\":\"https:\/\/talkpal.ai\/it\/#website\",\"url\":\"https:\/\/talkpal.ai\/it\/\",\"name\":\"Talkpal\",\"description\":\"AI Language Learning\",\"publisher\":{\"@id\":\"https:\/\/talkpal.ai\/it\/#organization\"},\"alternateName\":\"Talkpal AI\",\"potentialAction\":[{\"@type\":\"SearchAction\",\"target\":{\"@type\":\"EntryPoint\",\"urlTemplate\":\"https:\/\/talkpal.ai\/it\/?s={search_term_string}\"},\"query-input\":{\"@type\":\"PropertyValueSpecification\",\"valueRequired\":true,\"valueName\":\"search_term_string\"}}],\"inLanguage\":\"it-IT\"},{\"@type\":\"Organization\",\"@id\":\"https:\/\/talkpal.ai\/it\/#organization\",\"name\":\"Talkpal, Inc.\",\"alternateName\":\"Talkpal AI\",\"url\":\"https:\/\/talkpal.ai\/it\/\",\"logo\":{\"@type\":\"ImageObject\",\"inLanguage\":\"it-IT\",\"@id\":\"https:\/\/talkpal.ai\/it\/#\/schema\/logo\/image\/\",\"url\":\"https:\/\/talkpal.ai\/wp-content\/uploads\/2024\/03\/Talkpal-Logo-Icon.png\",\"contentUrl\":\"https:\/\/talkpal.ai\/wp-content\/uploads\/2024\/03\/Talkpal-Logo-Icon.png\",\"width\":2880,\"height\":2880,\"caption\":\"Talkpal, Inc.\"},\"image\":{\"@id\":\"https:\/\/talkpal.ai\/it\/#\/schema\/logo\/image\/\"},\"sameAs\":[\"https:\/\/www.facebook.com\/profile.php?id=100090733639311\",\"https:\/\/x.com\/talkpalai\",\"https:\/\/www.linkedin.com\/company\/talkpal\/\",\"https:\/\/www.youtube.com\/@TalkPal\/\",\"https:\/\/www.tiktok.com\/@talkpal\",\"https:\/\/www.instagram.com\/talkpal_ai\/\",\"https:\/\/www.crunchbase.com\/organization\/talkpal-9cde\",\"https:\/\/www.g2.com\/products\/talkpal-for-business\/\",\"https:\/\/www.trustpilot.com\/review\/talkpal.ai\",\"https:\/\/www.capterra.com\/p\/10006800\/TalkPal\/\"],\"description\":\"Talkpal is a language learning web and mobile education app, powered by the latest AI technologies, that provides engaging experiences to its customers in many different languages to help them improve their language skills. Users can chat about unlimited amount of topics with the app and use other modes to practice their language learning.\",\"email\":\"support@talkpal.ai\",\"legalName\":\"Talkpal, Inc.\",\"foundingDate\":\"2023-04-03\",\"duns\":\"118989042\",\"numberOfEmployees\":{\"@type\":\"QuantitativeValue\",\"minValue\":\"11\",\"maxValue\":\"50\"},\"publishingPrinciples\":\"https:\/\/talkpal.ai\/publishing-principles\/\",\"actionableFeedbackPolicy\":\"https:\/\/talkpal.ai\/actionable-feedback-policy\/\",\"correctionsPolicy\":\"https:\/\/talkpal.ai\/corrections-policy\/\",\"ethicsPolicy\":\"https:\/\/talkpal.ai\/ethics-policy\/\",\"diversityPolicy\":\"https:\/\/talkpal.ai\/diversity-policy\/\",\"diversityStaffingReport\":\"https:\/\/talkpal.ai\/diversity-policy\/\"}]}<\/script>\n<!-- \/ Yoast SEO Premium plugin. -->","yoast_head_json":{"title":"Esercitati a parlare in spagnolo - Talkpal","description":"Migliora la tua fluidit\u00e0 con modi efficaci per praticare la lingua spagnola ogni giorno. Inizia subito il tuo viaggio verso la padronanza delle lingue.","robots":{"index":"index","follow":"follow","max-snippet":"max-snippet:-1","max-image-preview":"max-image-preview:large","max-video-preview":"max-video-preview:-1"},"canonical":"https:\/\/talkpal.ai\/it\/esercitati-a-parlare-in-spagnolo\/","og_locale":"it_IT","og_type":"article","og_title":"Esercitati a parlare in spagnolo","og_description":"Padroneggiare una nuova lingua come lo spagnolo non significa solo comprendere la grammatica e il vocabolario, ma richiede una pratica attiva e","og_url":"https:\/\/talkpal.ai\/it\/esercitati-a-parlare-in-spagnolo\/","og_site_name":"Talkpal","article_publisher":"https:\/\/www.facebook.com\/profile.php?id=100090733639311","article_modified_time":"2025-12-24T14:16:00+00:00","og_image":[{"width":512,"height":512,"url":"https:\/\/talkpal.ai\/wp-content\/uploads\/2023\/03\/spain.png","type":"image\/png"}],"twitter_card":"summary_large_image","twitter_site":"@talkpalai","twitter_misc":{"Tempo di lettura stimato":"6 minuti"},"schema":{"@context":"https:\/\/schema.org","@graph":[{"@type":"WebPage","@id":"https:\/\/talkpal.ai\/it\/esercitati-a-parlare-in-spagnolo\/","url":"https:\/\/talkpal.ai\/it\/esercitati-a-parlare-in-spagnolo\/","name":"Esercitati a parlare in spagnolo - Talkpal","isPartOf":{"@id":"https:\/\/talkpal.ai\/it\/#website"},"primaryImageOfPage":{"@id":"https:\/\/talkpal.ai\/it\/esercitati-a-parlare-in-spagnolo\/#primaryimage"},"image":{"@id":"https:\/\/talkpal.ai\/it\/esercitati-a-parlare-in-spagnolo\/#primaryimage"},"thumbnailUrl":"https:\/\/talkpal.ai\/wp-content\/uploads\/2023\/03\/spain.png","datePublished":"2024-05-03T08:40:47+00:00","dateModified":"2025-12-24T14:16:00+00:00","description":"Migliora la tua fluidit\u00e0 con modi efficaci per praticare la lingua spagnola ogni giorno. Inizia subito il tuo viaggio verso la padronanza delle lingue.","breadcrumb":{"@id":"https:\/\/talkpal.ai\/it\/esercitati-a-parlare-in-spagnolo\/#breadcrumb"},"inLanguage":"it-IT","potentialAction":[{"@type":"ReadAction","target":["https:\/\/talkpal.ai\/it\/esercitati-a-parlare-in-spagnolo\/"]}]},{"@type":"ImageObject","inLanguage":"it-IT","@id":"https:\/\/talkpal.ai\/it\/esercitati-a-parlare-in-spagnolo\/#primaryimage","url":"https:\/\/talkpal.ai\/wp-content\/uploads\/2023\/03\/spain.png","contentUrl":"https:\/\/talkpal.ai\/wp-content\/uploads\/2023\/03\/spain.png","width":512,"height":512,"caption":"TalkPal AI learn Spanish"},{"@type":"BreadcrumbList","@id":"https:\/\/talkpal.ai\/it\/esercitati-a-parlare-in-spagnolo\/#breadcrumb","itemListElement":[{"@type":"ListItem","position":1,"name":"Homepage","item":"https:\/\/talkpal.ai\/it\/"},{"@type":"ListItem","position":2,"name":"Esercitati a parlare in spagnolo"}]},{"@type":"WebSite","@id":"https:\/\/talkpal.ai\/it\/#website","url":"https:\/\/talkpal.ai\/it\/","name":"Talkpal","description":"AI Language Learning","publisher":{"@id":"https:\/\/talkpal.ai\/it\/#organization"},"alternateName":"Talkpal AI","potentialAction":[{"@type":"SearchAction","target":{"@type":"EntryPoint","urlTemplate":"https:\/\/talkpal.ai\/it\/?s={search_term_string}"},"query-input":{"@type":"PropertyValueSpecification","valueRequired":true,"valueName":"search_term_string"}}],"inLanguage":"it-IT"},{"@type":"Organization","@id":"https:\/\/talkpal.ai\/it\/#organization","name":"Talkpal, Inc.","alternateName":"Talkpal AI","url":"https:\/\/talkpal.ai\/it\/","logo":{"@type":"ImageObject","inLanguage":"it-IT","@id":"https:\/\/talkpal.ai\/it\/#\/schema\/logo\/image\/","url":"https:\/\/talkpal.ai\/wp-content\/uploads\/2024\/03\/Talkpal-Logo-Icon.png","contentUrl":"https:\/\/talkpal.ai\/wp-content\/uploads\/2024\/03\/Talkpal-Logo-Icon.png","width":2880,"height":2880,"caption":"Talkpal, Inc."},"image":{"@id":"https:\/\/talkpal.ai\/it\/#\/schema\/logo\/image\/"},"sameAs":["https:\/\/www.facebook.com\/profile.php?id=100090733639311","https:\/\/x.com\/talkpalai","https:\/\/www.linkedin.com\/company\/talkpal\/","https:\/\/www.youtube.com\/@TalkPal\/","https:\/\/www.tiktok.com\/@talkpal","https:\/\/www.instagram.com\/talkpal_ai\/","https:\/\/www.crunchbase.com\/organization\/talkpal-9cde","https:\/\/www.g2.com\/products\/talkpal-for-business\/","https:\/\/www.trustpilot.com\/review\/talkpal.ai","https:\/\/www.capterra.com\/p\/10006800\/TalkPal\/"],"description":"Talkpal is a language learning web and mobile education app, powered by the latest AI technologies, that provides engaging experiences to its customers in many different languages to help them improve their language skills. Users can chat about unlimited amount of topics with the app and use other modes to practice their language learning.","email":"support@talkpal.ai","legalName":"Talkpal, Inc.","foundingDate":"2023-04-03","duns":"118989042","numberOfEmployees":{"@type":"QuantitativeValue","minValue":"11","maxValue":"50"},"publishingPrinciples":"https:\/\/talkpal.ai\/publishing-principles\/","actionableFeedbackPolicy":"https:\/\/talkpal.ai\/actionable-feedback-policy\/","correctionsPolicy":"https:\/\/talkpal.ai\/corrections-policy\/","ethicsPolicy":"https:\/\/talkpal.ai\/ethics-policy\/","diversityPolicy":"https:\/\/talkpal.ai\/diversity-policy\/","diversityStaffingReport":"https:\/\/talkpal.ai\/diversity-policy\/"}]}},"_links":{"self":[{"href":"https:\/\/talkpal.ai\/it\/wp-json\/wp\/v2\/pages\/240771","targetHints":{"allow":["GET"]}}],"collection":[{"href":"https:\/\/talkpal.ai\/it\/wp-json\/wp\/v2\/pages"}],"about":[{"href":"https:\/\/talkpal.ai\/it\/wp-json\/wp\/v2\/types\/page"}],"author":[{"embeddable":true,"href":"https:\/\/talkpal.ai\/it\/wp-json\/wp\/v2\/users\/12"}],"replies":[{"embeddable":true,"href":"https:\/\/talkpal.ai\/it\/wp-json\/wp\/v2\/comments?post=240771"}],"version-history":[{"count":0,"href":"https:\/\/talkpal.ai\/it\/wp-json\/wp\/v2\/pages\/240771\/revisions"}],"wp:featuredmedia":[{"embeddable":true,"href":"https:\/\/talkpal.ai\/it\/wp-json\/wp\/v2\/media\/670"}],"wp:attachment":[{"href":"https:\/\/talkpal.ai\/it\/wp-json\/wp\/v2\/media?parent=240771"}],"curies":[{"name":"wp","href":"https:\/\/api.w.org\/{rel}","templated":true}]}}