{"id":1693931,"date":"2026-05-15T07:42:33","date_gmt":"2026-05-15T07:42:33","guid":{"rendered":"https:\/\/talkpal.ai\/grammatica-oromo\/"},"modified":"2026-05-15T10:50:33","modified_gmt":"2026-05-15T10:50:33","slug":"grammatica-oromo","status":"publish","type":"page","link":"https:\/\/talkpal.ai\/it\/grammatica-oromo\/","title":{"rendered":"Grammatica Oromo"},"content":{"rendered":"\r\n\r\n\r\n<section class=\"languageChallengeSection\">\r\n    <div class=\"languageInfoWrapper\">\r\n        \r\n        <h1>Grammatica Oromo<\/h1>\r\n        <p>La grammatica oromo pu\u00f2 sembrare difficile all&#039;inizio, ma le sue caratteristiche uniche rendono l&#039;apprendimento della lingua un&#039;esperienza gratificante. Esplorando l&#039;alfabeto, le inflessioni e le regole grammaticali, otterrai una visione di una ricca tradizione linguistica. Inizia il tuo viaggio e scopri la bellezza di Oromo!<\/p>\r\n\r\n                            <a class=\"getStartedHidden\" href=\"https:\/\/app.talkpal.ai\/it\/signup?lng=\">Comincia<\/a>\r\n        \r\n    <\/div>\r\n\r\n    <figure>\r\n    <img decoding=\"async\" width=\"768\" height=\"768\" src=\"https:\/\/talkpal.ai\/wp-content\/uploads\/2026\/05\/learn-oromo-2x-768x768.webp\" class=\"languageImage no-lazy\" alt=\"A massive, ancient Odaa sycamore tree standing proudly in the green Ethiopian highlands under a golden sunset.\" fetchpriority=\"high\" sizes=\"(max-width: 768px) 150px, 768px\" srcset=\"https:\/\/talkpal.ai\/wp-content\/uploads\/2026\/05\/learn-oromo-2x-768x768.webp 768w, https:\/\/talkpal.ai\/wp-content\/uploads\/2026\/05\/learn-oromo-2x-300x300.webp 300w\" \/>\r\n    \r\n\r\n    <\/figure>\r\n\r\n            <a class=\"getStartedVisible\" href=\"https:\/\/app.talkpal.ai\/it\/signup?lng=\">Comincia<\/a>\r\n    \r\n<\/section><section class=\"promotionalBanner\">\r\n    <p class=\"promotionalText\">Il modo pi\u00f9 efficace per imparare una lingua<\/p>\r\n    <a class=\"promotionalLink\" href=\"https:\/\/app.talkpal.ai\/it\/signup?lng=\">Prova Talkpal gratuitamente<\/a>\r\n<\/section>\n<div class=\"wp-block-group pageContainerStyle\"><div class=\"wp-block-group__inner-container is-layout-constrained wp-block-group-is-layout-constrained\">\n<h2 class=\"wp-block-heading\" id=\"h-navigating-the-intricacies-of-oromo-grammar\">Navigare nelle complessit\u00e0 della grammatica oromo<\/h2>\n\n\n\n<p>L&#8217;oromo, una delle principali lingue cushitici della famiglia afroasiatica con una ricca storia e un significato culturale, offre un&#8217;esperienza linguistica entusiasmante per chi desidera esplorarne il sistema grammaticale unico. Mentre ti addentri nel regno degli Oromo, non solo arricchirai il tuo repertorio linguistico, ma abbraccerai anche un affascinante viaggio culturale. Anche se la grammatica oromo pu\u00f2 sembrare complicata all&#8217;inizio, suddividerla in componenti fondamentali rende l&#8217;apprendimento della lingua pi\u00f9 accessibile. In questo articolo esploreremo il fascinante mondo della grammatica Oromo e forniremo consigli su come padroneggiarne le complessit\u00e0.<\/p>\n\n\n\n<h3 class=\"wp-block-heading\" id=\"h-1-oromo-alphabet-and-phonetics\">1. Alfabeto Oromo e fonetica<\/h3>\n\n\n\n<p>Il sistema di scrittura oromo utilizza un alfabeto latino noto come Qubee e rappresenta suoni distintivi, incluse le consonanti eiettive scritte come c, q, x e ph. L&#8217;oromo distingue tra vocali brevi e lunghe (come a contro aa) e si basa fortemente sulla geminazione consonantica (raddoppiamento), dove la lunghezza di un suono pu\u00f2 cambiare completamente il significato di una parola. \u00c8 anche una lingua con accento tonale, dove il tono pu\u00f2 svolgere un ruolo nel distinguere le caratteristiche grammaticali, anche se il tono di solito non \u00e8 marcato nell&#8217;ortografia standard. Per imparare la grammatica Oromo, \u00e8 fondamentale familiarizzare con questo sistema sonoro esercitandosi nella lettura, nell&#8217;ascolto e nel parlare in Oromo.<\/p>\n\n\n\n<h3 class=\"wp-block-heading\" id=\"h-2-noun-cases-and-gender-a-distinctive-oromo-feature\">2. Casi nominali e genere: una caratteristica distintiva oromo<\/h3>\n\n\n\n<p>Uno degli aspetti pi\u00f9 evidenti della grammatica oromo \u00e8 il suo sistema di casi grammaticali e genere, segnati da suffissi specifici. A differenza dell&#8217;inglese, i sostantivi oromo cambiano forma a seconda del loro ruolo nella frase, distinguendo principalmente tra una forma base (assolutivo) e una forma di soggetto (nominativo). Il genere favorisce anche l&#8217;accordo nella frase, influenzando aggettivi, verbi e pronomi, con il maschile come predefinita. Capire quando e come compaiono questi case marker e accordi di genere \u00e8 fondamentale per una comunicazione accurata in Oromo.<\/p>\n\n\n\n<h3 class=\"wp-block-heading\" id=\"h-3-nouns-and-pronouns-gender-and-agreement\">3. Sostantivi e Pronomi: Genere e Accordo<\/h3>\n\n\n\n<p>I sostantivi Oromo appartengono sia al genere grammaticale maschile che femminile, e le loro forme plurali sono determinate dall&#8217;aggiunta di vari suffissi (ad esempio, nama, namoota). I pronomi in oromo includono forme indipendenti (ani, ati, inni, isheen, nuti, isin, isaan), forme possessive come koo, kee e saa che seguono il sostantivo (kitaaba koo, kitaaba kee), forme riflessive, dimostrative concordanti con genere e numero (kana, tana, san) e interrogative (eenyu, maal, eessa, yoom, akkam). Familiarizzare con queste forme e i loro schemi di concordanza migliorer\u00e0 notevolmente la tua comprensione della grammatica Oromo.<\/p>\n\n\n\n<h3 class=\"wp-block-heading\" id=\"h-4-verbs-structure-and-conjugation\">4. Verbi: struttura e coniugazione<\/h3>\n\n\n\n<p>I verbi oromo seguono un rigoroso ordine di parole Soggetto-Oggetto-Verbo e presentano una ricca struttura agglutinante che codifica persona, numero, genere, tempo e aspetto. I tempi fondamentali includono il presente o futuro contrassegnato con -a (deema) e il passato segnato con -e (deeme), insieme ad altre forme come la desinenza dell&#8217;infinito in -uu. La negazione \u00e8 tipicamente contrassegnata con la particella hin insieme a una modifica verbale finale (hin deemu). Imparare il modello di coniugazione verbale e le estensioni comuni (causativo -siis, passivo -am, autobenefativo -adh) migliorer\u00e0 la tua capacit\u00e0 di comunicare efficacemente in Oromo.<\/p>\n\n\n\n<h3 class=\"wp-block-heading\" id=\"h-5-adjectives-agreement-and-placement\">5. Aggettivi: accordo e posizionamento<\/h3>\n\n\n\n<p>Nella grammatica Oromo, gli aggettivi seguono tipicamente il sostantivo che modificano e devono concordare con il genere e il numero del sostantivo tramite specifici suffissi. L&#8217;oromo ha un ricco insieme di aggettivi per descrivere dimensioni, colori e qualit\u00e0 (come guddaa big, xinnoo small, gurraacha dark, dheeraa tall). Confrontative e superlativi sono comunemente formati usando postposizioni, ad esempio usando il marcatore ablativo irra per &#8220;pi\u00f9 di&#8221; e parole come hundumaa (tutti) per esprimere &#8220;il pi\u00f9&#8221;.<\/p>\n\n\n\n<p><strong>Esempi:<\/strong><\/p>\n\n\n\n<p><strong>\u2013 Jaalala Guddaa (Grande Amore)<\/strong><\/p>\n\n\n\n<p><strong>\u2013ijoollee xixinnoo (bambini piccoli)<\/strong><\/p>\n\n\n\n<h3 class=\"wp-block-heading\" id=\"h-6-engaging-with-the-language\">6. Impegnarsi con la lingua<\/h3>\n\n\n\n<p>Il modo pi\u00f9 efficace per comprendere e interiorizzare appieno la grammatica Oromo \u00e8 interagire costantemente con la lingua. Leggendo letteratura Oromo, guardando film o serie televisive Oromo, ascoltando radio e musica in Afaan Oromo, e comunicando attivamente con i madrelingua, rafforzerai la tua comprensione della grammatica ampliando il tuo vocabolario.<\/p>\n\n\n\n<h3 class=\"wp-block-heading\" id=\"h-conclusion\">Conclusione<\/h3>\n\n\n\n<p>Anche se la grammatica oromo pu\u00f2 sembrare intricata, puoi diventare esperto in questa splendida lingua con dedizione, pratica ed entusiasmo. Concentrandoti sulle regole fondamentali e interagendo con la lingua in diversi contesti, migliorerai rapidamente le tue abilit\u00e0 grammaticali Oromo. Carraa gaarii (buona fortuna) con il tuo percorso linguistico Oromo, e divertiti a svelare il mondo enigmatico ma affascinante della grammatica Oromo!<\/p>\n<\/div><\/div>\n\r\n<section class=\"learnNavigationSection\">\r\n            \r\n        <a href=\"https:\/\/talkpal.ai\/it\/impara-loromo-con-lia\/\">\r\n            <div class=\"learnNavigationWrapper\">\r\n                <div class=\"learnNavigationContent\">\r\n                    <img decoding=\"async\" src=\"https:\/\/talkpal.ai\/wp-content\/uploads\/2026\/05\/Oromo.png\" alt=\"\">\r\n                    <div>\r\n                        <h4>Informazioni sull&#039;apprendimento Oromo<\/h4>\r\n                        <p>Scopri tutto sulla grammatica Oromo.<\/p>\r\n                    <\/div>\r\n                <\/div>\r\n            <\/div>\r\n        <\/a>\r\n\r\n        \r\n        <a href=\"https:\/\/talkpal.ai\/it\/esercizi-di-grammatica-oromo\/\">\r\n            <div class=\"learnNavigationWrapper\">\r\n                <div class=\"learnNavigationContent\">\r\n                    <img decoding=\"async\" src=\"https:\/\/talkpal.ai\/wp-content\/uploads\/2026\/05\/Oromo.png\" alt=\"\">\r\n                    <div>\r\n                        <h4>Esercizio di Grammatica Oromo<\/h4>\r\n                        <p>Esercitati nella grammatica Oromo.<\/p>\r\n                    <\/div>\r\n                <\/div>\r\n            <\/div>\r\n        <\/a>\r\n\r\n            <\/section>","protected":false},"excerpt":{"rendered":"<p>Navigare nelle complessit\u00e0 della grammatica oromo L&#8217;oromo, una delle principali lingue cushitici della famiglia afroasiatica con una ricca storia e un significato culturale, offre un&#8217;esperienza linguistica entusiasmante per chi desidera esplorarne il sistema grammaticale unico. Mentre ti addentri nel regno degli Oromo, non solo arricchirai il tuo repertorio linguistico, ma abbraccerai anche un affascinante viaggio [&hellip;]<\/p>\n","protected":false},"author":23,"featured_media":1693933,"parent":0,"menu_order":0,"comment_status":"closed","ping_status":"closed","template":"LearningContentPage.php","meta":{"_acf_changed":false,"footnotes":""},"class_list":["post-1693931","page","type-page","status-publish","has-post-thumbnail","hentry"],"acf":[],"yoast_head":"<!-- This site is optimized with the Yoast SEO Premium plugin v27.2 (Yoast SEO v27.2) - https:\/\/yoast.com\/product\/yoast-seo-premium-wordpress\/ -->\n<title>Grammatica Oromo - Talkpal<\/title>\n<meta name=\"robots\" content=\"index, follow, max-snippet:-1, max-image-preview:large, max-video-preview:-1\" \/>\n<link rel=\"canonical\" href=\"https:\/\/talkpal.ai\/it\/grammatica-oromo\/\" \/>\n<meta property=\"og:locale\" content=\"it_IT\" \/>\n<meta property=\"og:type\" content=\"article\" \/>\n<meta property=\"og:title\" content=\"Grammatica Oromo\" \/>\n<meta property=\"og:description\" content=\"Navigare nelle complessit\u00e0 della grammatica oromo L&#039;oromo, una delle principali lingue cushitici della famiglia afroasiatica con una ricca storia e un\" \/>\n<meta property=\"og:url\" content=\"https:\/\/talkpal.ai\/it\/grammatica-oromo\/\" \/>\n<meta property=\"og:site_name\" content=\"Talkpal\" \/>\n<meta property=\"article:publisher\" content=\"https:\/\/www.facebook.com\/profile.php?id=100090733639311\" \/>\n<meta property=\"article:modified_time\" content=\"2026-05-15T10:50:33+00:00\" \/>\n<meta property=\"og:image\" content=\"https:\/\/talkpal.ai\/wp-content\/uploads\/2026\/05\/Oromo.png\" \/>\n\t<meta property=\"og:image:width\" content=\"517\" \/>\n\t<meta property=\"og:image:height\" content=\"517\" \/>\n\t<meta property=\"og:image:type\" content=\"image\/png\" \/>\n<meta name=\"twitter:card\" content=\"summary_large_image\" \/>\n<meta name=\"twitter:site\" content=\"@talkpalai\" \/>\n<meta name=\"twitter:label1\" content=\"Tempo di lettura stimato\" \/>\n\t<meta name=\"twitter:data1\" content=\"3 minuti\" \/>\n<script type=\"application\/ld+json\" class=\"yoast-schema-graph\">{\"@context\":\"https:\/\/schema.org\",\"@graph\":[{\"@type\":\"WebPage\",\"@id\":\"https:\/\/talkpal.ai\/it\/grammatica-oromo\/\",\"url\":\"https:\/\/talkpal.ai\/it\/grammatica-oromo\/\",\"name\":\"Grammatica Oromo - Talkpal\",\"isPartOf\":{\"@id\":\"https:\/\/talkpal.ai\/it\/#website\"},\"primaryImageOfPage\":{\"@id\":\"https:\/\/talkpal.ai\/it\/grammatica-oromo\/#primaryimage\"},\"image\":{\"@id\":\"https:\/\/talkpal.ai\/it\/grammatica-oromo\/#primaryimage\"},\"thumbnailUrl\":\"https:\/\/talkpal.ai\/wp-content\/uploads\/2026\/05\/Oromo.png\",\"datePublished\":\"2026-05-15T07:42:33+00:00\",\"dateModified\":\"2026-05-15T10:50:33+00:00\",\"breadcrumb\":{\"@id\":\"https:\/\/talkpal.ai\/it\/grammatica-oromo\/#breadcrumb\"},\"inLanguage\":\"it-IT\",\"potentialAction\":[{\"@type\":\"ReadAction\",\"target\":[\"https:\/\/talkpal.ai\/it\/grammatica-oromo\/\"]}]},{\"@type\":\"ImageObject\",\"inLanguage\":\"it-IT\",\"@id\":\"https:\/\/talkpal.ai\/it\/grammatica-oromo\/#primaryimage\",\"url\":\"https:\/\/talkpal.ai\/wp-content\/uploads\/2026\/05\/Oromo.png\",\"contentUrl\":\"https:\/\/talkpal.ai\/wp-content\/uploads\/2026\/05\/Oromo.png\",\"width\":517,\"height\":517},{\"@type\":\"BreadcrumbList\",\"@id\":\"https:\/\/talkpal.ai\/it\/grammatica-oromo\/#breadcrumb\",\"itemListElement\":[{\"@type\":\"ListItem\",\"position\":1,\"name\":\"Homepage\",\"item\":\"https:\/\/talkpal.ai\/it\/\"},{\"@type\":\"ListItem\",\"position\":2,\"name\":\"Grammatica Oromo\"}]},{\"@type\":\"WebSite\",\"@id\":\"https:\/\/talkpal.ai\/it\/#website\",\"url\":\"https:\/\/talkpal.ai\/it\/\",\"name\":\"Talkpal\",\"description\":\"AI Language Learning\",\"publisher\":{\"@id\":\"https:\/\/talkpal.ai\/it\/#organization\"},\"alternateName\":\"Talkpal AI\",\"potentialAction\":[{\"@type\":\"SearchAction\",\"target\":{\"@type\":\"EntryPoint\",\"urlTemplate\":\"https:\/\/talkpal.ai\/it\/?s={search_term_string}\"},\"query-input\":{\"@type\":\"PropertyValueSpecification\",\"valueRequired\":true,\"valueName\":\"search_term_string\"}}],\"inLanguage\":\"it-IT\"},{\"@type\":\"Organization\",\"@id\":\"https:\/\/talkpal.ai\/it\/#organization\",\"name\":\"Talkpal, Inc.\",\"alternateName\":\"Talkpal AI\",\"url\":\"https:\/\/talkpal.ai\/it\/\",\"logo\":{\"@type\":\"ImageObject\",\"inLanguage\":\"it-IT\",\"@id\":\"https:\/\/talkpal.ai\/it\/#\/schema\/logo\/image\/\",\"url\":\"https:\/\/talkpal.ai\/wp-content\/uploads\/2024\/03\/Talkpal-Logo-Icon.png\",\"contentUrl\":\"https:\/\/talkpal.ai\/wp-content\/uploads\/2024\/03\/Talkpal-Logo-Icon.png\",\"width\":2880,\"height\":2880,\"caption\":\"Talkpal, Inc.\"},\"image\":{\"@id\":\"https:\/\/talkpal.ai\/it\/#\/schema\/logo\/image\/\"},\"sameAs\":[\"https:\/\/www.facebook.com\/profile.php?id=100090733639311\",\"https:\/\/x.com\/talkpalai\",\"https:\/\/www.linkedin.com\/company\/talkpal\/\",\"https:\/\/www.youtube.com\/@TalkPal\/\",\"https:\/\/www.tiktok.com\/@talkpal\",\"https:\/\/www.instagram.com\/talkpal_ai\/\",\"https:\/\/www.crunchbase.com\/organization\/talkpal-9cde\",\"https:\/\/www.g2.com\/products\/talkpal-for-business\/\",\"https:\/\/www.trustpilot.com\/review\/talkpal.ai\",\"https:\/\/www.capterra.com\/p\/10006800\/TalkPal\/\"],\"description\":\"Talkpal is a language learning web and mobile education app, powered by the latest AI technologies, that provides engaging experiences to its customers in many different languages to help them improve their language skills. Users can chat about unlimited amount of topics with the app and use other modes to practice their language learning.\",\"email\":\"support@talkpal.ai\",\"legalName\":\"Talkpal, Inc.\",\"foundingDate\":\"2023-04-03\",\"duns\":\"118989042\",\"numberOfEmployees\":{\"@type\":\"QuantitativeValue\",\"minValue\":\"11\",\"maxValue\":\"50\"},\"publishingPrinciples\":\"https:\/\/talkpal.ai\/publishing-principles\/\",\"actionableFeedbackPolicy\":\"https:\/\/talkpal.ai\/actionable-feedback-policy\/\",\"correctionsPolicy\":\"https:\/\/talkpal.ai\/corrections-policy\/\",\"ethicsPolicy\":\"https:\/\/talkpal.ai\/ethics-policy\/\",\"diversityPolicy\":\"https:\/\/talkpal.ai\/diversity-policy\/\",\"diversityStaffingReport\":\"https:\/\/talkpal.ai\/diversity-policy\/\"}]}<\/script>\n<!-- \/ Yoast SEO Premium plugin. -->","yoast_head_json":{"title":"Grammatica Oromo - Talkpal","robots":{"index":"index","follow":"follow","max-snippet":"max-snippet:-1","max-image-preview":"max-image-preview:large","max-video-preview":"max-video-preview:-1"},"canonical":"https:\/\/talkpal.ai\/it\/grammatica-oromo\/","og_locale":"it_IT","og_type":"article","og_title":"Grammatica Oromo","og_description":"Navigare nelle complessit\u00e0 della grammatica oromo L'oromo, una delle principali lingue cushitici della famiglia afroasiatica con una ricca storia e un","og_url":"https:\/\/talkpal.ai\/it\/grammatica-oromo\/","og_site_name":"Talkpal","article_publisher":"https:\/\/www.facebook.com\/profile.php?id=100090733639311","article_modified_time":"2026-05-15T10:50:33+00:00","og_image":[{"width":517,"height":517,"url":"https:\/\/talkpal.ai\/wp-content\/uploads\/2026\/05\/Oromo.png","type":"image\/png"}],"twitter_card":"summary_large_image","twitter_site":"@talkpalai","twitter_misc":{"Tempo di lettura stimato":"3 minuti"},"schema":{"@context":"https:\/\/schema.org","@graph":[{"@type":"WebPage","@id":"https:\/\/talkpal.ai\/it\/grammatica-oromo\/","url":"https:\/\/talkpal.ai\/it\/grammatica-oromo\/","name":"Grammatica Oromo - Talkpal","isPartOf":{"@id":"https:\/\/talkpal.ai\/it\/#website"},"primaryImageOfPage":{"@id":"https:\/\/talkpal.ai\/it\/grammatica-oromo\/#primaryimage"},"image":{"@id":"https:\/\/talkpal.ai\/it\/grammatica-oromo\/#primaryimage"},"thumbnailUrl":"https:\/\/talkpal.ai\/wp-content\/uploads\/2026\/05\/Oromo.png","datePublished":"2026-05-15T07:42:33+00:00","dateModified":"2026-05-15T10:50:33+00:00","breadcrumb":{"@id":"https:\/\/talkpal.ai\/it\/grammatica-oromo\/#breadcrumb"},"inLanguage":"it-IT","potentialAction":[{"@type":"ReadAction","target":["https:\/\/talkpal.ai\/it\/grammatica-oromo\/"]}]},{"@type":"ImageObject","inLanguage":"it-IT","@id":"https:\/\/talkpal.ai\/it\/grammatica-oromo\/#primaryimage","url":"https:\/\/talkpal.ai\/wp-content\/uploads\/2026\/05\/Oromo.png","contentUrl":"https:\/\/talkpal.ai\/wp-content\/uploads\/2026\/05\/Oromo.png","width":517,"height":517},{"@type":"BreadcrumbList","@id":"https:\/\/talkpal.ai\/it\/grammatica-oromo\/#breadcrumb","itemListElement":[{"@type":"ListItem","position":1,"name":"Homepage","item":"https:\/\/talkpal.ai\/it\/"},{"@type":"ListItem","position":2,"name":"Grammatica Oromo"}]},{"@type":"WebSite","@id":"https:\/\/talkpal.ai\/it\/#website","url":"https:\/\/talkpal.ai\/it\/","name":"Talkpal","description":"AI Language Learning","publisher":{"@id":"https:\/\/talkpal.ai\/it\/#organization"},"alternateName":"Talkpal AI","potentialAction":[{"@type":"SearchAction","target":{"@type":"EntryPoint","urlTemplate":"https:\/\/talkpal.ai\/it\/?s={search_term_string}"},"query-input":{"@type":"PropertyValueSpecification","valueRequired":true,"valueName":"search_term_string"}}],"inLanguage":"it-IT"},{"@type":"Organization","@id":"https:\/\/talkpal.ai\/it\/#organization","name":"Talkpal, Inc.","alternateName":"Talkpal AI","url":"https:\/\/talkpal.ai\/it\/","logo":{"@type":"ImageObject","inLanguage":"it-IT","@id":"https:\/\/talkpal.ai\/it\/#\/schema\/logo\/image\/","url":"https:\/\/talkpal.ai\/wp-content\/uploads\/2024\/03\/Talkpal-Logo-Icon.png","contentUrl":"https:\/\/talkpal.ai\/wp-content\/uploads\/2024\/03\/Talkpal-Logo-Icon.png","width":2880,"height":2880,"caption":"Talkpal, Inc."},"image":{"@id":"https:\/\/talkpal.ai\/it\/#\/schema\/logo\/image\/"},"sameAs":["https:\/\/www.facebook.com\/profile.php?id=100090733639311","https:\/\/x.com\/talkpalai","https:\/\/www.linkedin.com\/company\/talkpal\/","https:\/\/www.youtube.com\/@TalkPal\/","https:\/\/www.tiktok.com\/@talkpal","https:\/\/www.instagram.com\/talkpal_ai\/","https:\/\/www.crunchbase.com\/organization\/talkpal-9cde","https:\/\/www.g2.com\/products\/talkpal-for-business\/","https:\/\/www.trustpilot.com\/review\/talkpal.ai","https:\/\/www.capterra.com\/p\/10006800\/TalkPal\/"],"description":"Talkpal is a language learning web and mobile education app, powered by the latest AI technologies, that provides engaging experiences to its customers in many different languages to help them improve their language skills. Users can chat about unlimited amount of topics with the app and use other modes to practice their language learning.","email":"support@talkpal.ai","legalName":"Talkpal, Inc.","foundingDate":"2023-04-03","duns":"118989042","numberOfEmployees":{"@type":"QuantitativeValue","minValue":"11","maxValue":"50"},"publishingPrinciples":"https:\/\/talkpal.ai\/publishing-principles\/","actionableFeedbackPolicy":"https:\/\/talkpal.ai\/actionable-feedback-policy\/","correctionsPolicy":"https:\/\/talkpal.ai\/corrections-policy\/","ethicsPolicy":"https:\/\/talkpal.ai\/ethics-policy\/","diversityPolicy":"https:\/\/talkpal.ai\/diversity-policy\/","diversityStaffingReport":"https:\/\/talkpal.ai\/diversity-policy\/"}]}},"_links":{"self":[{"href":"https:\/\/talkpal.ai\/it\/wp-json\/wp\/v2\/pages\/1693931","targetHints":{"allow":["GET"]}}],"collection":[{"href":"https:\/\/talkpal.ai\/it\/wp-json\/wp\/v2\/pages"}],"about":[{"href":"https:\/\/talkpal.ai\/it\/wp-json\/wp\/v2\/types\/page"}],"author":[{"embeddable":true,"href":"https:\/\/talkpal.ai\/it\/wp-json\/wp\/v2\/users\/23"}],"replies":[{"embeddable":true,"href":"https:\/\/talkpal.ai\/it\/wp-json\/wp\/v2\/comments?post=1693931"}],"version-history":[{"count":0,"href":"https:\/\/talkpal.ai\/it\/wp-json\/wp\/v2\/pages\/1693931\/revisions"}],"wp:featuredmedia":[{"embeddable":true,"href":"https:\/\/talkpal.ai\/it\/wp-json\/wp\/v2\/media\/1693933"}],"wp:attachment":[{"href":"https:\/\/talkpal.ai\/it\/wp-json\/wp\/v2\/media?parent=1693931"}],"curies":[{"name":"wp","href":"https:\/\/api.w.org\/{rel}","templated":true}]}}