{"id":165891,"date":"2023-06-16T11:38:32","date_gmt":"2023-06-16T11:38:32","guid":{"rendered":"http:\/\/talkpal.ai\/esercizi-di-grammatica-azera\/"},"modified":"2025-05-22T21:35:43","modified_gmt":"2025-05-22T21:35:43","slug":"esercizi-di-grammatica-azera","status":"publish","type":"page","link":"https:\/\/talkpal.ai\/it\/esercizi-di-grammatica-azera\/","title":{"rendered":"Esercizi di grammatica azera"},"content":{"rendered":"\r\n\r\n\r\n<section class=\"languageChallengeSection\">\r\n    <div class=\"languageInfoWrapper\">\r\n        \r\n        <h1>Esercizi di grammatica azera<\/h1>\r\n        <p>Vuoi migliorare le tue competenze in <a href=\"https:\/\/talkpal.ai\/learn-azerbaijani\/\">azero<\/a>? Esercitarsi con gli esercizi di <a href=\"https:\/\/talkpal.ai\/grammar\/\">grammatica<\/a> \u00e8 il modo perfetto per capire la struttura delle frasi, le terminazioni dei verbi e gli schemi che rendono unica la lingua. Inizia oggi stesso a esercitarti con la grammatica azerbaigiana e vedrai crescere la tua sicurezza e la tua scioltezza a ogni passo!<\/p>\r\n\r\n                            <a class=\"getStartedHidden\" href=\"https:\/\/app.talkpal.ai\/it\/signup?lng=\">Comincia<\/a>\r\n        \r\n    <\/div>\r\n\r\n    <figure>\r\n    <img decoding=\"async\" width=\"768\" height=\"768\" src=\"https:\/\/talkpal.ai\/wp-content\/uploads\/2023\/06\/azerbaijani-768x768.png\" class=\"languageImage no-lazy\" alt=\"Default alt text\" fetchpriority=\"high\" sizes=\"(max-width: 768px) 150px, 768px\" srcset=\"https:\/\/talkpal.ai\/wp-content\/uploads\/2023\/06\/azerbaijani-768x768.png 768w, https:\/\/talkpal.ai\/wp-content\/uploads\/2023\/06\/azerbaijani-300x300.png 300w\" \/>\r\n    \r\n\r\n    <\/figure>\r\n\r\n            <a class=\"getStartedVisible\" href=\"https:\/\/app.talkpal.ai\/it\/signup?lng=\">Comincia<\/a>\r\n    \r\n<\/section>\r\n\r\n\r\n<!-- <section class=\"grammarSection\">\r\n    <div class=\"grammarLinks\">\r\n        <a href=\"https:\/\/talkpal.ai\/it\/exercise_language\/aggettivi-grammatica-azera\/\">Aggettivi <\/a><a href=\"https:\/\/talkpal.ai\/it\/exercise_language\/articoli-grammatica-azera\/\">Articoli <\/a><a href=\"https:\/\/talkpal.ai\/it\/exercise_language\/avverbi-grammatica-azera\/\">Avverbi <\/a><a href=\"https:\/\/talkpal.ai\/it\/exercise_language\/condizionali-grammatica-azera\/\">Condizionali <\/a><a href=\"https:\/\/talkpal.ai\/it\/exercise_language\/confronto-dei-tempi-grammatica-azera\/\">Confronto dei tempi <\/a><a href=\"https:\/\/talkpal.ai\/it\/exercise_language\/frasi-grammatica-azera\/\">Frasi <\/a><a href=\"https:\/\/talkpal.ai\/it\/exercise_language\/preposizioni-grammatica-azera\/\">Preposizioni <\/a><a href=\"https:\/\/talkpal.ai\/it\/exercise_language\/progressivo-grammatica-azera\/\">Progressivo <\/a><a href=\"https:\/\/talkpal.ai\/it\/exercise_language\/progressivo-perfetto-grammatica-azera\/\">Progressivo perfetto <\/a><a href=\"https:\/\/talkpal.ai\/it\/exercise_language\/pronomi-determinanti-grammatica-azera\/\">Pronomi\/Determinanti <\/a><a href=\"https:\/\/talkpal.ai\/it\/exercise_language\/sostantivi-grammatica-azera\/\">Sostantivi <\/a><a href=\"https:\/\/talkpal.ai\/it\/exercise_language\/tempi-verbali-grammatica-azera\/\">Tempi verbali <\/a><a href=\"https:\/\/talkpal.ai\/it\/exercise_language\/verbi-grammatica-azera\/\">Verbi <\/a>    <\/div>\r\n<\/section> -->\r\n\r\n\r\n\r\n\r\n        <section class=\"grammarSection\">\r\n            <div class=\"grammarLinks\">\r\n                <a href=\"https:\/\/talkpal.ai\/it\/exercise_language\/aggettivi-grammatica-azera\/\">Aggettivi <\/a><a href=\"https:\/\/talkpal.ai\/it\/exercise_language\/articoli-grammatica-azera\/\">Articoli <\/a><a href=\"https:\/\/talkpal.ai\/it\/exercise_language\/avverbi-grammatica-azera\/\">Avverbi <\/a><a href=\"https:\/\/talkpal.ai\/it\/exercise_language\/condizionali-grammatica-azera\/\">Condizionali <\/a><a href=\"https:\/\/talkpal.ai\/it\/exercise_language\/confronto-dei-tempi-grammatica-azera\/\">Confronto dei tempi <\/a><a href=\"https:\/\/talkpal.ai\/it\/exercise_language\/frasi-grammatica-azera\/\">Frasi <\/a><a href=\"https:\/\/talkpal.ai\/it\/exercise_language\/preposizioni-grammatica-azera\/\">Preposizioni <\/a><a href=\"https:\/\/talkpal.ai\/it\/exercise_language\/progressivo-grammatica-azera\/\">Progressivo <\/a><a href=\"https:\/\/talkpal.ai\/it\/exercise_language\/progressivo-perfetto-grammatica-azera\/\">Progressivo perfetto <\/a><a href=\"https:\/\/talkpal.ai\/it\/exercise_language\/pronomi-determinanti-grammatica-azera\/\">Pronomi\/Determinanti <\/a><a href=\"https:\/\/talkpal.ai\/it\/exercise_language\/sostantivi-grammatica-azera\/\">Sostantivi <\/a><a href=\"https:\/\/talkpal.ai\/it\/exercise_language\/tempi-verbali-grammatica-azera\/\">Tempi verbali <\/a><a href=\"https:\/\/talkpal.ai\/it\/exercise_language\/verbi-grammatica-azera\/\">Verbi <\/a>            <\/div>\r\n        <\/section>\r\n<section class=\"promotionalBanner\">\r\n    <p class=\"promotionalText\">Il modo pi\u00f9 efficace per imparare una lingua<\/p>\r\n    <a class=\"promotionalLink\" href=\"https:\/\/app.talkpal.ai\/it\/signup?lng=\">Prova Talkpal gratuitamente<\/a>\r\n<\/section>\n<div class=\"wp-block-group pageContainerStyle\"><div class=\"wp-block-group__inner-container is-layout-constrained wp-block-group-is-layout-constrained\">\n<h2 class=\"wp-block-heading\" id=\"h-azerbaijani-grammar-topics\">Argomenti di grammatica azera<\/h2>\n\n\n\n<p>L&#8217;azero, noto anche come azero, \u00e8 una lingua turca parlata principalmente in Azerbaigian e nelle regioni circostanti. \u00c8 la lingua ufficiale della Repubblica dell&#8217;Azerbaigian e ha parlanti importanti in Iran, Turchia, <a href=\"https:\/\/talkpal.ai\/locations\/language-courses-in-georgia\/\">Georgia<\/a> e Russia. Come <a href=\"https:\/\/talkpal.ai\/talkpal-discount-for-students\/\">studente<\/a> di azero, \u00e8 essenziale comprendere gli aspetti fondamentali della lingua, come la grammatica, la sintassi e il vocabolario. Questa guida ti fornir\u00e0 una panoramica degli argomenti essenziali della <a href=\"https:\/\/talkpal.ai\/azerbaijani-grammar\/\">grammatica azera<\/a>, raggruppati in una sequenza logica per aiutarti a imparare la lingua in modo efficace e con facilit\u00e0.<\/p>\n\n\n\n<h3 class=\"wp-block-heading\" id=\"h-1-nouns-and-articles\">1. Sostantivi e articoli:<\/h3>\n\n\n\n<p>In azero, i sostantivi sono gli elementi costitutivi delle frasi e comprenderne l&#8217;uso \u00e8 fondamentale. I sostantivi non hanno genere e non esiste un articolo indeterminativo. Tuttavia, l&#8217;articolo determinativo viene aggiunto come suffisso al sostantivo.<\/p>\n\n\n\n<h3 class=\"wp-block-heading\" id=\"h-2-adjectives\">2. Aggettivi:<\/h3>\n\n\n\n<p>Gli aggettivi in azero sono usati per descrivere i sostantivi. Vengono sempre prima del sostantivo che modificano e non cambiano forma in base al genere o al numero del sostantivo.<\/p>\n\n\n\n<h3 class=\"wp-block-heading\" id=\"h-3-pronouns-determiners\">3. Pronomi\/Determinanti:<\/h3>\n\n\n\n<p>I pronomi sono utilizzati per sostituire i sostantivi, mentre i determinatori sono utilizzati per specificare la quantit\u00e0 <a href=\"https:\/\/talkpal.ai\/culture\/what-is-the-difference-between-o-and-la-when-using-the-verb-to-be\/\">o la<\/a> determinatezza del sostantivo. Entrambi sono componenti essenziali delle sentenze azere.<\/p>\n\n\n\n<h3 class=\"wp-block-heading\" id=\"h-4-verbs\">4. Verbi:<\/h3>\n\n\n\n<p>I verbi azeri sono le parole d&#8217;azione della lingua. Cambiano la loro forma a seconda del tempo, dell&#8217;umore e della voce. Comprendere la coniugazione dei verbi \u00e8 fondamentale per padroneggiare la grammatica azera.<\/p>\n\n\n\n<h3 class=\"wp-block-heading\" id=\"h-5-tenses\">5. Tempi verbali:<\/h3>\n\n\n\n<p>L&#8217;azero ha sei tempi: presente, passato, futuro, presente perfetto, passato perfetto e futuro perfetto. Ogni tempo ha le sue regole di coniugazione e viene utilizzato per esprimere azioni o stati in momenti diversi.<\/p>\n\n\n\n<h3 class=\"wp-block-heading\" id=\"h-6-tense-comparison\">6. Confronto teso:<\/h3>\n\n\n\n<p>Confrontare i <a href=\"https:\/\/talkpal.ai\/ar\/grammar_exercises\/tempi-%d8%aa%d9%85%d8%a7%d8%b1%d9%8a%d9%86-%d9%84%d9%84%d9%82%d9%88%d8%a7%d8%b9%d8%af-%d8%a7%d9%84%d8%a5%d9%8a%d8%b7%d8%a7%d9%84%d9%8a%d8%a9\/\">tempi verbali<\/a> in azero ti aiuta a capire le differenze nell&#8217;esprimere il tempo e le azioni. \u00c8 un&#8217;abilit\u00e0 cruciale per una comunicazione efficace.<\/p>\n\n\n\n<h3 class=\"wp-block-heading\" id=\"h-7-progressive\">7. Progressivo:<\/h3>\n\n\n\n<p>L&#8217;aspetto progressista in azero \u00e8 usato per descrivere le azioni in corso. \u00c8 formato dall&#8217;uso di verbi ausiliari ed \u00e8 essenziale per comprendere il flusso degli eventi in una frase.<\/p>\n\n\n\n<h3 class=\"wp-block-heading\" id=\"h-8-perfect-progressive\">8. Progressivo perfetto:<\/h3>\n\n\n\n<p>I tempi progressivi perfetti sono usati per descrivere azioni che sono iniziate nel passato e continuano fino al presente o al futuro. Combinano gli aspetti perfetti e progressivi e sono essenziali per esprimere azioni complesse.<\/p>\n\n\n\n<h3 class=\"wp-block-heading\" id=\"h-9-adverbs\">9. Avverbi:<\/h3>\n\n\n\n<p>Gli avverbi in azero sono usati per modificare verbi, aggettivi o altri avverbi. Forniscono informazioni aggiuntive su azioni o stati e sono essenziali per creare frasi pi\u00f9 precise e descrittive.<\/p>\n\n\n\n<h3 class=\"wp-block-heading\" id=\"h-10-conditionals\">10. Condizionali:<\/h3>\n\n\n\n<p>I condizionali sono usati per esprimere situazioni ipotetiche e le loro possibili conseguenze. Sono essenziali per esprimere incertezze e fare previsioni in azero.<\/p>\n\n\n\n<h3 class=\"wp-block-heading\" id=\"h-11-prepositions\">11. Preposizioni:<\/h3>\n\n\n\n<p>Le preposizioni sono usate per mostrare le relazioni tra sostantivi o pronomi e altre parole in una frase. Sono essenziali per esprimere le relazioni spaziali, temporali e logiche in azero.<\/p>\n\n\n\n<h3 class=\"wp-block-heading\" id=\"h-12-sentences\">12. Frasi:<\/h3>\n\n\n\n<p>Le frasi in azero seguono un ordine di parole soggetto-oggetto-verbo (SOV). Comprendere la struttura delle frasi \u00e8 fondamentale per una comunicazione efficace e per padroneggiare la lingua azera.<\/p>\n<\/div><\/div>\n\r\n<section class=\"learnNavigationSection\">\r\n            \r\n        <a href=\"https:\/\/talkpal.ai\/it\/imparare-lazerbaigiano\/\">\r\n            <div class=\"learnNavigationWrapper\">\r\n                <div class=\"learnNavigationContent\">\r\n                    <img decoding=\"async\" src=\"https:\/\/talkpal.ai\/wp-content\/uploads\/2024\/08\/Azerbaijani.jpg\" alt=\"Azerbaijani Flag\">\r\n                    <div>\r\n                        <h4>Informazioni sull&#039;apprendimento dell&#039;Azerbaigian<\/h4>\r\n                        <p>Scoprite tutto sulla grammatica azerbaigiana.<\/p>\r\n                    <\/div>\r\n                <\/div>\r\n            <\/div>\r\n        <\/a>\r\n\r\n        \r\n        <a href=\"https:\/\/talkpal.ai\/it\/grammatica-azera\/\">\r\n            <div class=\"learnNavigationWrapper\">\r\n                <div class=\"learnNavigationContent\">\r\n                    <img decoding=\"async\" src=\"https:\/\/talkpal.ai\/wp-content\/uploads\/2024\/08\/Azerbaijani.jpg\" alt=\"Azerbaijani Flag\">\r\n                    <div>\r\n                        <h4>Lezioni di grammatica azera<\/h4>\r\n                        <p>Pratica la grammatica azera .<\/p>\r\n                    <\/div>\r\n                <\/div>\r\n            <\/div>\r\n        <\/a>\r\n\r\n        \r\n        <a href=\"https:\/\/talkpal.ai\/vocabulary_language\/azerbaijani\/\">\r\n            <div class=\"learnNavigationWrapper\">\r\n                <div class=\"learnNavigationContent\">\r\n                    <img decoding=\"async\" src=\"https:\/\/talkpal.ai\/wp-content\/uploads\/2024\/08\/Azerbaijani.jpg\" alt=\"Azerbaijani Flag\">\r\n                    <div>\r\n                        <h4>Vocabolario dell&#039;Azerbaigian<\/h4>\r\n                        <p>Amplia il tuo vocabolario azero.<\/p>\r\n                    <\/div>\r\n                <\/div>\r\n            <\/div>\r\n        <\/a>\r\n\r\n            <\/section>","protected":false},"excerpt":{"rendered":"<p>Argomenti di grammatica azera L&#8217;azero, noto anche come azero, \u00e8 una lingua turca parlata principalmente in Azerbaigian e nelle regioni circostanti. \u00c8 la lingua ufficiale della Repubblica dell&#8217;Azerbaigian e ha parlanti importanti in Iran, Turchia, Georgia e Russia. Come studente di azero, \u00e8 essenziale comprendere gli aspetti fondamentali della lingua, come la grammatica, la sintassi [&hellip;]<\/p>\n","protected":false},"author":6,"featured_media":28159,"parent":0,"menu_order":0,"comment_status":"closed","ping_status":"closed","template":"LearningContentPage.php","meta":{"_acf_changed":false,"footnotes":""},"class_list":["post-165891","page","type-page","status-publish","has-post-thumbnail","hentry"],"acf":[],"yoast_head":"<!-- This site is optimized with the Yoast SEO Premium plugin v27.2 (Yoast SEO v27.2) - https:\/\/yoast.com\/product\/yoast-seo-premium-wordpress\/ -->\n<title>Esercizi di grammatica azera - Talkpal<\/title>\n<meta name=\"description\" content=\"Migliora le tue conoscenze della lingua azerbaigiana con gli esercizi interattivi di grammatica azerbaigiana di Talkpal, il tuo tutor linguistico con intelligenza artificiale.\" \/>\n<meta name=\"robots\" content=\"index, follow, max-snippet:-1, max-image-preview:large, max-video-preview:-1\" \/>\n<link rel=\"canonical\" href=\"https:\/\/talkpal.ai\/it\/esercizi-di-grammatica-azera\/\" \/>\n<meta property=\"og:locale\" content=\"it_IT\" \/>\n<meta property=\"og:type\" content=\"article\" \/>\n<meta property=\"og:title\" content=\"Esercizi di grammatica azera\" \/>\n<meta property=\"og:description\" content=\"Argomenti di grammatica azera L&#039;azero, noto anche come azero, \u00e8 una lingua turca parlata principalmente in Azerbaigian e nelle regioni circostanti. \u00c8 la\" \/>\n<meta property=\"og:url\" content=\"https:\/\/talkpal.ai\/it\/esercizi-di-grammatica-azera\/\" \/>\n<meta property=\"og:site_name\" content=\"Talkpal\" \/>\n<meta property=\"article:publisher\" content=\"https:\/\/www.facebook.com\/profile.php?id=100090733639311\" \/>\n<meta property=\"article:modified_time\" content=\"2025-05-22T21:35:43+00:00\" \/>\n<meta property=\"og:image\" content=\"https:\/\/talkpal.ai\/wp-content\/uploads\/2023\/05\/azerbaijan.png\" \/>\n\t<meta property=\"og:image:width\" content=\"512\" \/>\n\t<meta property=\"og:image:height\" content=\"512\" \/>\n\t<meta property=\"og:image:type\" content=\"image\/png\" \/>\n<meta name=\"twitter:card\" content=\"summary_large_image\" \/>\n<meta name=\"twitter:site\" content=\"@talkpalai\" \/>\n<meta name=\"twitter:label1\" content=\"Tempo di lettura stimato\" \/>\n\t<meta name=\"twitter:data1\" content=\"2 minuti\" \/>\n<script type=\"application\/ld+json\" class=\"yoast-schema-graph\">{\"@context\":\"https:\/\/schema.org\",\"@graph\":[{\"@type\":\"WebPage\",\"@id\":\"https:\/\/talkpal.ai\/it\/esercizi-di-grammatica-azera\/\",\"url\":\"https:\/\/talkpal.ai\/it\/esercizi-di-grammatica-azera\/\",\"name\":\"Esercizi di grammatica azera - Talkpal\",\"isPartOf\":{\"@id\":\"https:\/\/talkpal.ai\/it\/#website\"},\"primaryImageOfPage\":{\"@id\":\"https:\/\/talkpal.ai\/it\/esercizi-di-grammatica-azera\/#primaryimage\"},\"image\":{\"@id\":\"https:\/\/talkpal.ai\/it\/esercizi-di-grammatica-azera\/#primaryimage\"},\"thumbnailUrl\":\"https:\/\/talkpal.ai\/wp-content\/uploads\/2023\/05\/azerbaijan.png\",\"datePublished\":\"2023-06-16T11:38:32+00:00\",\"dateModified\":\"2025-05-22T21:35:43+00:00\",\"description\":\"Migliora le tue conoscenze della lingua azerbaigiana con gli esercizi interattivi di grammatica azerbaigiana di Talkpal, il tuo tutor linguistico con intelligenza artificiale.\",\"breadcrumb\":{\"@id\":\"https:\/\/talkpal.ai\/it\/esercizi-di-grammatica-azera\/#breadcrumb\"},\"inLanguage\":\"it-IT\",\"potentialAction\":[{\"@type\":\"ReadAction\",\"target\":[\"https:\/\/talkpal.ai\/it\/esercizi-di-grammatica-azera\/\"]}]},{\"@type\":\"ImageObject\",\"inLanguage\":\"it-IT\",\"@id\":\"https:\/\/talkpal.ai\/it\/esercizi-di-grammatica-azera\/#primaryimage\",\"url\":\"https:\/\/talkpal.ai\/wp-content\/uploads\/2023\/05\/azerbaijan.png\",\"contentUrl\":\"https:\/\/talkpal.ai\/wp-content\/uploads\/2023\/05\/azerbaijan.png\",\"width\":512,\"height\":512},{\"@type\":\"BreadcrumbList\",\"@id\":\"https:\/\/talkpal.ai\/it\/esercizi-di-grammatica-azera\/#breadcrumb\",\"itemListElement\":[{\"@type\":\"ListItem\",\"position\":1,\"name\":\"Homepage\",\"item\":\"https:\/\/talkpal.ai\/it\/\"},{\"@type\":\"ListItem\",\"position\":2,\"name\":\"Esercizi di grammatica azera\"}]},{\"@type\":\"WebSite\",\"@id\":\"https:\/\/talkpal.ai\/it\/#website\",\"url\":\"https:\/\/talkpal.ai\/it\/\",\"name\":\"Talkpal\",\"description\":\"AI Language Learning\",\"publisher\":{\"@id\":\"https:\/\/talkpal.ai\/it\/#organization\"},\"alternateName\":\"Talkpal AI\",\"potentialAction\":[{\"@type\":\"SearchAction\",\"target\":{\"@type\":\"EntryPoint\",\"urlTemplate\":\"https:\/\/talkpal.ai\/it\/?s={search_term_string}\"},\"query-input\":{\"@type\":\"PropertyValueSpecification\",\"valueRequired\":true,\"valueName\":\"search_term_string\"}}],\"inLanguage\":\"it-IT\"},{\"@type\":\"Organization\",\"@id\":\"https:\/\/talkpal.ai\/it\/#organization\",\"name\":\"Talkpal, Inc.\",\"alternateName\":\"Talkpal AI\",\"url\":\"https:\/\/talkpal.ai\/it\/\",\"logo\":{\"@type\":\"ImageObject\",\"inLanguage\":\"it-IT\",\"@id\":\"https:\/\/talkpal.ai\/it\/#\/schema\/logo\/image\/\",\"url\":\"https:\/\/talkpal.ai\/wp-content\/uploads\/2024\/03\/Talkpal-Logo-Icon.png\",\"contentUrl\":\"https:\/\/talkpal.ai\/wp-content\/uploads\/2024\/03\/Talkpal-Logo-Icon.png\",\"width\":2880,\"height\":2880,\"caption\":\"Talkpal, Inc.\"},\"image\":{\"@id\":\"https:\/\/talkpal.ai\/it\/#\/schema\/logo\/image\/\"},\"sameAs\":[\"https:\/\/www.facebook.com\/profile.php?id=100090733639311\",\"https:\/\/x.com\/talkpalai\",\"https:\/\/www.linkedin.com\/company\/talkpal\/\",\"https:\/\/www.youtube.com\/@TalkPal\/\",\"https:\/\/www.tiktok.com\/@talkpal\",\"https:\/\/www.instagram.com\/talkpal_ai\/\",\"https:\/\/www.crunchbase.com\/organization\/talkpal-9cde\",\"https:\/\/www.g2.com\/products\/talkpal-for-business\/\",\"https:\/\/www.trustpilot.com\/review\/talkpal.ai\",\"https:\/\/www.capterra.com\/p\/10006800\/TalkPal\/\"],\"description\":\"Talkpal is a language learning web and mobile education app, powered by the latest AI technologies, that provides engaging experiences to its customers in many different languages to help them improve their language skills. Users can chat about unlimited amount of topics with the app and use other modes to practice their language learning.\",\"email\":\"support@talkpal.ai\",\"legalName\":\"Talkpal, Inc.\",\"foundingDate\":\"2023-04-03\",\"duns\":\"118989042\",\"numberOfEmployees\":{\"@type\":\"QuantitativeValue\",\"minValue\":\"11\",\"maxValue\":\"50\"},\"publishingPrinciples\":\"https:\/\/talkpal.ai\/publishing-principles\/\",\"actionableFeedbackPolicy\":\"https:\/\/talkpal.ai\/actionable-feedback-policy\/\",\"correctionsPolicy\":\"https:\/\/talkpal.ai\/corrections-policy\/\",\"ethicsPolicy\":\"https:\/\/talkpal.ai\/ethics-policy\/\",\"diversityPolicy\":\"https:\/\/talkpal.ai\/diversity-policy\/\",\"diversityStaffingReport\":\"https:\/\/talkpal.ai\/diversity-policy\/\"}]}<\/script>\n<!-- \/ Yoast SEO Premium plugin. -->","yoast_head_json":{"title":"Esercizi di grammatica azera - Talkpal","description":"Migliora le tue conoscenze della lingua azerbaigiana con gli esercizi interattivi di grammatica azerbaigiana di Talkpal, il tuo tutor linguistico con intelligenza artificiale.","robots":{"index":"index","follow":"follow","max-snippet":"max-snippet:-1","max-image-preview":"max-image-preview:large","max-video-preview":"max-video-preview:-1"},"canonical":"https:\/\/talkpal.ai\/it\/esercizi-di-grammatica-azera\/","og_locale":"it_IT","og_type":"article","og_title":"Esercizi di grammatica azera","og_description":"Argomenti di grammatica azera L'azero, noto anche come azero, \u00e8 una lingua turca parlata principalmente in Azerbaigian e nelle regioni circostanti. \u00c8 la","og_url":"https:\/\/talkpal.ai\/it\/esercizi-di-grammatica-azera\/","og_site_name":"Talkpal","article_publisher":"https:\/\/www.facebook.com\/profile.php?id=100090733639311","article_modified_time":"2025-05-22T21:35:43+00:00","og_image":[{"width":512,"height":512,"url":"https:\/\/talkpal.ai\/wp-content\/uploads\/2023\/05\/azerbaijan.png","type":"image\/png"}],"twitter_card":"summary_large_image","twitter_site":"@talkpalai","twitter_misc":{"Tempo di lettura stimato":"2 minuti"},"schema":{"@context":"https:\/\/schema.org","@graph":[{"@type":"WebPage","@id":"https:\/\/talkpal.ai\/it\/esercizi-di-grammatica-azera\/","url":"https:\/\/talkpal.ai\/it\/esercizi-di-grammatica-azera\/","name":"Esercizi di grammatica azera - Talkpal","isPartOf":{"@id":"https:\/\/talkpal.ai\/it\/#website"},"primaryImageOfPage":{"@id":"https:\/\/talkpal.ai\/it\/esercizi-di-grammatica-azera\/#primaryimage"},"image":{"@id":"https:\/\/talkpal.ai\/it\/esercizi-di-grammatica-azera\/#primaryimage"},"thumbnailUrl":"https:\/\/talkpal.ai\/wp-content\/uploads\/2023\/05\/azerbaijan.png","datePublished":"2023-06-16T11:38:32+00:00","dateModified":"2025-05-22T21:35:43+00:00","description":"Migliora le tue conoscenze della lingua azerbaigiana con gli esercizi interattivi di grammatica azerbaigiana di Talkpal, il tuo tutor linguistico con intelligenza artificiale.","breadcrumb":{"@id":"https:\/\/talkpal.ai\/it\/esercizi-di-grammatica-azera\/#breadcrumb"},"inLanguage":"it-IT","potentialAction":[{"@type":"ReadAction","target":["https:\/\/talkpal.ai\/it\/esercizi-di-grammatica-azera\/"]}]},{"@type":"ImageObject","inLanguage":"it-IT","@id":"https:\/\/talkpal.ai\/it\/esercizi-di-grammatica-azera\/#primaryimage","url":"https:\/\/talkpal.ai\/wp-content\/uploads\/2023\/05\/azerbaijan.png","contentUrl":"https:\/\/talkpal.ai\/wp-content\/uploads\/2023\/05\/azerbaijan.png","width":512,"height":512},{"@type":"BreadcrumbList","@id":"https:\/\/talkpal.ai\/it\/esercizi-di-grammatica-azera\/#breadcrumb","itemListElement":[{"@type":"ListItem","position":1,"name":"Homepage","item":"https:\/\/talkpal.ai\/it\/"},{"@type":"ListItem","position":2,"name":"Esercizi di grammatica azera"}]},{"@type":"WebSite","@id":"https:\/\/talkpal.ai\/it\/#website","url":"https:\/\/talkpal.ai\/it\/","name":"Talkpal","description":"AI Language Learning","publisher":{"@id":"https:\/\/talkpal.ai\/it\/#organization"},"alternateName":"Talkpal AI","potentialAction":[{"@type":"SearchAction","target":{"@type":"EntryPoint","urlTemplate":"https:\/\/talkpal.ai\/it\/?s={search_term_string}"},"query-input":{"@type":"PropertyValueSpecification","valueRequired":true,"valueName":"search_term_string"}}],"inLanguage":"it-IT"},{"@type":"Organization","@id":"https:\/\/talkpal.ai\/it\/#organization","name":"Talkpal, Inc.","alternateName":"Talkpal AI","url":"https:\/\/talkpal.ai\/it\/","logo":{"@type":"ImageObject","inLanguage":"it-IT","@id":"https:\/\/talkpal.ai\/it\/#\/schema\/logo\/image\/","url":"https:\/\/talkpal.ai\/wp-content\/uploads\/2024\/03\/Talkpal-Logo-Icon.png","contentUrl":"https:\/\/talkpal.ai\/wp-content\/uploads\/2024\/03\/Talkpal-Logo-Icon.png","width":2880,"height":2880,"caption":"Talkpal, Inc."},"image":{"@id":"https:\/\/talkpal.ai\/it\/#\/schema\/logo\/image\/"},"sameAs":["https:\/\/www.facebook.com\/profile.php?id=100090733639311","https:\/\/x.com\/talkpalai","https:\/\/www.linkedin.com\/company\/talkpal\/","https:\/\/www.youtube.com\/@TalkPal\/","https:\/\/www.tiktok.com\/@talkpal","https:\/\/www.instagram.com\/talkpal_ai\/","https:\/\/www.crunchbase.com\/organization\/talkpal-9cde","https:\/\/www.g2.com\/products\/talkpal-for-business\/","https:\/\/www.trustpilot.com\/review\/talkpal.ai","https:\/\/www.capterra.com\/p\/10006800\/TalkPal\/"],"description":"Talkpal is a language learning web and mobile education app, powered by the latest AI technologies, that provides engaging experiences to its customers in many different languages to help them improve their language skills. Users can chat about unlimited amount of topics with the app and use other modes to practice their language learning.","email":"support@talkpal.ai","legalName":"Talkpal, Inc.","foundingDate":"2023-04-03","duns":"118989042","numberOfEmployees":{"@type":"QuantitativeValue","minValue":"11","maxValue":"50"},"publishingPrinciples":"https:\/\/talkpal.ai\/publishing-principles\/","actionableFeedbackPolicy":"https:\/\/talkpal.ai\/actionable-feedback-policy\/","correctionsPolicy":"https:\/\/talkpal.ai\/corrections-policy\/","ethicsPolicy":"https:\/\/talkpal.ai\/ethics-policy\/","diversityPolicy":"https:\/\/talkpal.ai\/diversity-policy\/","diversityStaffingReport":"https:\/\/talkpal.ai\/diversity-policy\/"}]}},"_links":{"self":[{"href":"https:\/\/talkpal.ai\/it\/wp-json\/wp\/v2\/pages\/165891","targetHints":{"allow":["GET"]}}],"collection":[{"href":"https:\/\/talkpal.ai\/it\/wp-json\/wp\/v2\/pages"}],"about":[{"href":"https:\/\/talkpal.ai\/it\/wp-json\/wp\/v2\/types\/page"}],"author":[{"embeddable":true,"href":"https:\/\/talkpal.ai\/it\/wp-json\/wp\/v2\/users\/6"}],"replies":[{"embeddable":true,"href":"https:\/\/talkpal.ai\/it\/wp-json\/wp\/v2\/comments?post=165891"}],"version-history":[{"count":0,"href":"https:\/\/talkpal.ai\/it\/wp-json\/wp\/v2\/pages\/165891\/revisions"}],"wp:featuredmedia":[{"embeddable":true,"href":"https:\/\/talkpal.ai\/it\/wp-json\/wp\/v2\/media\/28159"}],"wp:attachment":[{"href":"https:\/\/talkpal.ai\/it\/wp-json\/wp\/v2\/media?parent=165891"}],"curies":[{"name":"wp","href":"https:\/\/api.w.org\/{rel}","templated":true}]}}