{"id":1647904,"date":"2026-02-27T10:51:45","date_gmt":"2026-02-27T10:51:45","guid":{"rendered":"https:\/\/talkpal.ai\/master-in-comunicazione-professionale-dimpresa-con-lai\/"},"modified":"2026-02-27T11:34:02","modified_gmt":"2026-02-27T11:34:02","slug":"master-in-comunicazione-professionale-dimpresa-con-lai","status":"publish","type":"page","link":"https:\/\/talkpal.ai\/it\/master-in-comunicazione-professionale-dimpresa-con-lai\/","title":{"rendered":"Master in Comunicazione Professionale d&#8217;Impresa con l&#8217;AI"},"content":{"rendered":"\r\n\r\n\r\n<section class=\"languageChallengeSection\">\r\n    <div class=\"languageInfoWrapper\">\r\n        \r\n        <h1>Master in Comunicazione Professionale d&#039;Impresa con l&#039;AI<\/h1>\r\n        <p>Partecipa a conversazioni approfondite su argomenti specifici del settore che ritieni rilevanti e ricevi un feedback immediato per migliorare le tue competenze linguistiche professionali. Solo 10 minuti di pratica mirata al giorno fanno davvero la differenza nella tua carriera!<\/p>\r\n\r\n                            <a class=\"getStartedHidden\" href=\"https:\/\/app.talkpal.ai\/it\/signup?lng=\">Comincia<\/a>\r\n        \r\n    <\/div>\r\n\r\n    <figure>\r\n    <img decoding=\"async\" width=\"768\" height=\"635\" src=\"https:\/\/talkpal.ai\/wp-content\/uploads\/2026\/02\/busniess_courses-768x635.webp\" class=\"languageImage no-lazy\" alt=\"Corsi di formazione professionale\" fetchpriority=\"high\" sizes=\"(max-width: 768px) 150px, 768px\" srcset=\"https:\/\/talkpal.ai\/wp-content\/uploads\/2026\/02\/busniess_courses-768x635.webp 768w, https:\/\/talkpal.ai\/wp-content\/uploads\/2026\/02\/busniess_courses-300x248.webp 300w\" \/>\r\n    \r\n\r\n    <\/figure>\r\n\r\n            <a class=\"getStartedVisible\" href=\"https:\/\/app.talkpal.ai\/it\/signup?lng=\">Comincia<\/a>\r\n    \r\n<\/section><section class=\"promotionalBanner\">\r\n    <p class=\"promotionalText\">Il modo pi\u00f9 efficace per imparare una lingua<\/p>\r\n    <a class=\"promotionalLink\" href=\"https:\/\/app.talkpal.ai\/it\/signup?lng=\">Prova Talkpal gratuitamente<\/a>\r\n<\/section>\n<div class=\"wp-block-group pageContainerStyle\"><div class=\"wp-block-group__inner-container is-layout-constrained wp-block-group-is-layout-constrained\">\n<h2 class=\"wp-block-heading\" id=\"h-we-are-talkpal\">Noi siamo Talkpal<\/h2>\n\n\n\n<p>Imparare una nuova lingua per lavoro pu\u00f2 essere un&#8217;esperienza emozionante e stimolante. Apre nuove porte alle opportunit\u00e0, sia a livello personale che professionale. <a href=\"https:\/\/talkpal.ai\/ko\/ai-%ec%96%b8%ec%96%b4-%ea%b5%90%ec%82%ac\/\">Talkpal<\/a> ha sviluppato e addestrato i suoi algoritmi per anni per creare il tutor <a href=\"https:\/\/talkpal.ai\/speaking-with-ai\/\">AI<\/a> definitivo. Con l&#8217;evoluzione del mercato globale, \u00e8 fondamentale comprendere i vantaggi dell&#8217;apprendimento di una <a href=\"https:\/\/talkpal.ai\/it\/culture\/lingua-delle-attivita-commerciali-di-milano\/\">lingua commerciale<\/a> con le ultime tecnologie.<\/p>\n\n\n\n<h2 class=\"wp-block-heading\" id=\"h-choosing-the-right-language-learning-platform\">Scegliere la giusta piattaforma di apprendimento delle lingue<\/h2>\n\n\n\n<p>Con cos\u00ec tante piattaforme disponibili, \u00e8 importante considerare fattori come la metodologia di insegnamento, le opzioni linguistiche e l&#8217;applicazione pratica. Talkpal offre una metodologia basata sulla chat e incentrata su conversazioni professionali reali, piuttosto che su un vocabolario di livello principiante. Disponibile in oltre 80 lingue e adatto a tutti i livelli, Talkpal permette <a href=\"https:\/\/talkpal.ai\/speaking-with-ai\/\">ai<\/a> nostri clienti di eliminare la noia dalla formazione aziendale. Imparare a gestire una trattativa commerciale con un modello di <a href=\"https:\/\/talkpal.ai\/it\/parla-con-lintelligenza-artificiale-per-imparare-la-lingua\/\">intelligenza artificiale<\/a> non \u00e8 mai stato cos\u00ec facile e divertente. Provalo gratuitamente oggi stesso.<\/p>\n<\/div><\/div>\n\r\n\r\n\r\n<section class=\"smartFunSection\">\r\n            \r\n            <div class=\"smartFunCard\">\r\n                <div class=\"smartFunWrapper\"><img decoding=\"async\" src=\"https:\/\/talkpal.ai\/wp-content\/uploads\/2025\/05\/1.png\" alt=\"Learning Stats Screenshot\"><\/div>\r\n                <h3>Apprendimento personalizzato<\/h3>\r\n                <p>Sfruttando i punti di forza dell&#8217;intelligenza artificiale e della scienza del linguaggio, le sessioni dei nostri corsi Business sono personalizzate per permetterti di imparare al livello e al ritmo ottimali, fornendoti contenuti specifici per il settore e su misura per il tuo percorso professionale.<\/p>\r\n            <\/div>\r\n\r\n        \r\n            <div class=\"smartFunCard\">\r\n                <div class=\"smartFunWrapper\"><img decoding=\"async\" src=\"https:\/\/talkpal.ai\/wp-content\/uploads\/2025\/05\/2.png\" alt=\"Pronunciation Score Screenshot\"><\/div>\r\n                <h3>Efficace ed efficiente<\/h3>\r\n                <p>Con Talkpal puoi esercitarti a leggere relazioni, ascoltare presentazioni e parlare in riunioni in modo efficiente. Dai un&#8217;occhiata al nostro nuovo corso professionale di Business!<\/p>\r\n            <\/div>\r\n\r\n        \r\n            <div class=\"smartFunCard\">\r\n                <div class=\"smartFunWrapper\"><img decoding=\"async\" src=\"https:\/\/talkpal.ai\/wp-content\/uploads\/2025\/05\/3.png\" alt=\"Chat Topics Screenshot\"><\/div>\r\n                <h3>Mantenere il coinvolgimento<\/h3>\r\n                <p>Facilitiamo lo sviluppo di un&#8217;abitudine all&#8217;apprendimento incorporando sfide piacevoli e domande professionali stimolanti per tenerti motivato e impegnato dopo una lunga giornata di lavoro.<\/p>\r\n            <\/div>\r\n\r\n        \r\n            <div class=\"smartFunCard\">\r\n                <div class=\"smartFunWrapper\"><img decoding=\"async\" src=\"https:\/\/talkpal.ai\/wp-content\/uploads\/2025\/05\/4.png\" alt=\"Dashboard Screenshot\"><\/div>\r\n                <h3>Divertirsi<\/h3>\r\n                <p>La formazione professionale non deve necessariamente essere noiosa e monotona! Migliora le tue competenze professionali ogni giorno con esercizi accattivanti. Fai domande aziendali complesse o insolite e vedi come reagisce l&#8217;intelligenza artificiale di Talkpal.<\/p>\r\n            <\/div>\r\n\r\n            \r\n<\/section>\n<div class=\"wp-block-group pageContainerStyle\"><div class=\"wp-block-group__inner-container is-layout-constrained wp-block-group-is-layout-constrained\">\n<h2 class=\"wp-block-heading\" id=\"h-why-learn-a-business-language\"><strong>Perch\u00e9 imparare una lingua commerciale?<\/strong><\/h2>\n\n\n\n<p>Nel nostro mondo interconnesso, saper comunicare in modo professionale oltre i confini \u00e8 la chiave universale per gli affari, l&#8217;istruzione e il commercio globale. Tuttavia, imparare le sfumature formali di una nuova lingua pu\u00f2 richiedere molto tempo. Con il progresso della tecnologia, padroneggiare la comunicazione aziendale \u00e8 diventato molto pi\u00f9 facile. In questo articolo scopriremo perch\u00e9 l&#8217;apprendimento tramite <a href=\"https:\/\/talkpal.ai\/lt\/talkpal-verslui\/\">Talkpal AI<\/a> Chat \u00e8 il modo pi\u00f9 efficace per elevare le tue competenze professionali.<\/p>\n<\/div><\/div>\n\n<div class=\"wp-block-group pageContainerStyle\"><div class=\"wp-block-group__inner-container is-layout-constrained wp-block-group-is-layout-constrained\">\n<h2 class=\"wp-block-heading\" id=\"h-why-is-business-language-difficult\"><strong>Perch\u00e9 il linguaggio commerciale \u00e8 difficile?<\/strong><\/h2>\n\n\n\n<p>Padroneggiare una lingua per il posto di lavoro comporta delle sfide uniche rispetto alla conversazione informale:<\/p>\n\n\n\n<h3 class=\"wp-block-heading\" id=\"h-professional-tone-and-pronunciation\"><strong>Tono e pronuncia professionali<\/strong><\/h3>\n\n\n\n<p>Una chiara articolazione \u00e8 fondamentale nelle riunioni. Gli studenti devono padroneggiare suoni specifici e modelli di stress per essere sicuri di essere perfettamente compresi da clienti e colleghi internazionali.<\/p>\n\n\n\n<h3 class=\"wp-block-heading\" id=\"h-grammar-and-syntax\"><strong><strong>Grammatica e sintassi<\/strong><\/strong><\/h3>\n\n\n\n<p>La grammatica commerciale richiede un alto livello di educazione e di struttura formale. Capire come formattare richieste, proposte e corrispondenza ufficiale pu\u00f2 essere complesso.<\/p>\n\n\n\n<h3 class=\"wp-block-heading\" id=\"h-vocabulary-and-corporate-jargon\"><strong><strong><strong>Vocabolario e gergo aziendale<\/strong><\/strong><\/strong><\/h3>\n\n\n\n<p>Ogni settore ha un ampio vocabolario di termini specialistici, acronimi e modi di dire. Navigare in questo gergo aziendale pu\u00f2 essere travolgente per gli studenti.<\/p>\n\n\n\n<h3 class=\"wp-block-heading\" id=\"h-written-communication\"><strong><strong><strong><strong>Comunicazione scritta<\/strong><\/strong><\/strong><\/strong><\/h3>\n\n\n\n<p>La stesura di e-mail, relazioni e contratti professionali richiede un&#8217;abilit\u00e0 diversa da quella di inviare messaggi di testo occasionali, e richiede una forte padronanza dell&#8217;ortografia e del linguaggio formale.<\/p>\n\n\n\n<h3 class=\"wp-block-heading\" id=\"h-business-language-learning-strategies\"><strong>Strategie di apprendimento delle lingue commerciali<\/strong><\/h3>\n\n\n\n<h4 class=\"wp-block-heading\" id=\"h-listening-and-speaking\">Ascolto e conversazione<\/h4>\n\n\n\n<p>Per migliorare la fluidit\u00e0 in vista delle riunioni, gli studenti dovrebbero esercitarsi ad ascoltare gli esperti del settore e a partecipare a conversazioni aziendali simulate utilizzando applicazioni mobili come Talkpal.<\/p>\n\n\n\n<h4 class=\"wp-block-heading\" id=\"h-reading\">Leggere<\/h4>\n\n\n\n<p>La lettura di rapporti finanziari, notizie di settore ed e-mail professionali \u00e8 essenziale per ampliare il vocabolario aziendale e migliorare la comprensione.<\/p>\n\n\n\n<h4 class=\"wp-block-heading\" id=\"h-writing\">Scrittura<\/h4>\n\n\n\n<p>La scrittura \u00e8 fondamentale per il mondo del lavoro. Gli studenti dovrebbero esercitarsi a redigere regolarmente email formali, aggiornamenti di progetti e proposte commerciali.<\/p>\n\n\n\n<h4 class=\"wp-block-heading\" id=\"h-grammar-and-vocabulary\">Grammatica e vocabolario<\/h4>\n\n\n\n<p>Dedicare del tempo allo studio delle regole grammaticali formali e dei termini specifici del settore \u00e8 fondamentale per sembrare professionali e autorevoli.<\/p>\n\n\n\n<h2 class=\"wp-block-heading\" id=\"h-conclusion\">Conclusione<\/h2>\n\n\n\n<p>L&#8217;apprendimento di una lingua per il mondo professionale presenta sfide uniche, dalla padronanza della grammatica formale alla gestione del galateo culturale. Tuttavia, con le giuste strategie e il supporto di un tutor di IA, i professionisti di tutti i livelli possono superare questi ostacoli e cogliere i vantaggi della comunicazione globale che ne definiscono la carriera.<\/p>\n<\/div><\/div>\n<section class=\"promotionalBanner\">\r\n    <p class=\"promotionalText\">Il modo pi\u00f9 efficace per imparare una lingua<\/p>\r\n    <a class=\"promotionalLink\" href=\"https:\/\/app.talkpal.ai\/it\/signup?lng=\">Prova Talkpal gratuitamente<\/a>\r\n<\/section>","protected":false},"excerpt":{"rendered":"<p>Noi siamo Talkpal Imparare una nuova lingua per lavoro pu\u00f2 essere un&#8217;esperienza emozionante e stimolante. Apre nuove porte alle opportunit\u00e0, sia a livello personale che professionale. Talkpal ha sviluppato e addestrato i suoi algoritmi per anni per creare il tutor AI definitivo. Con l&#8217;evoluzione del mercato globale, \u00e8 fondamentale comprendere i vantaggi dell&#8217;apprendimento di una [&hellip;]<\/p>\n","protected":false},"author":20,"featured_media":1647905,"parent":0,"menu_order":0,"comment_status":"closed","ping_status":"closed","template":"LearningContentPage.php","meta":{"_acf_changed":false,"footnotes":""},"class_list":["post-1647904","page","type-page","status-publish","has-post-thumbnail","hentry"],"acf":[],"yoast_head":"<!-- This site is optimized with the Yoast SEO Premium plugin v27.2 (Yoast SEO v27.2) - https:\/\/yoast.com\/product\/yoast-seo-premium-wordpress\/ -->\n<title>Master in Comunicazione Professionale d&#039;Impresa con l&#039;AI - Talkpal<\/title>\n<meta name=\"description\" content=\"Eleva la tua carriera con il nuovo corso di lingua commerciale di Talkpal. Esercitati in scenari professionali reali in oltre 80 lingue con il nostro tutor AI, ovunque e in qualsiasi momento!\" \/>\n<meta name=\"robots\" content=\"index, follow, max-snippet:-1, max-image-preview:large, max-video-preview:-1\" \/>\n<link rel=\"canonical\" href=\"https:\/\/talkpal.ai\/it\/master-in-comunicazione-professionale-dimpresa-con-lai\/\" \/>\n<meta property=\"og:locale\" content=\"it_IT\" \/>\n<meta property=\"og:type\" content=\"article\" \/>\n<meta property=\"og:title\" content=\"Master in Comunicazione Professionale d&#039;Impresa con l&#039;AI\" \/>\n<meta property=\"og:description\" content=\"Noi siamo Talkpal Imparare una nuova lingua per lavoro pu\u00f2 essere un&#039;esperienza emozionante e stimolante. Apre nuove porte alle opportunit\u00e0, sia a livello\" \/>\n<meta property=\"og:url\" content=\"https:\/\/talkpal.ai\/it\/master-in-comunicazione-professionale-dimpresa-con-lai\/\" \/>\n<meta property=\"og:site_name\" content=\"Talkpal\" \/>\n<meta property=\"article:publisher\" content=\"https:\/\/www.facebook.com\/profile.php?id=100090733639311\" \/>\n<meta property=\"article:modified_time\" content=\"2026-02-27T11:34:02+00:00\" \/>\n<meta property=\"og:image\" content=\"https:\/\/talkpal.ai\/wp-content\/uploads\/2026\/02\/busniess_courses.webp\" \/>\n\t<meta property=\"og:image:width\" content=\"1200\" \/>\n\t<meta property=\"og:image:height\" content=\"992\" \/>\n\t<meta property=\"og:image:type\" content=\"image\/webp\" \/>\n<meta name=\"twitter:card\" content=\"summary_large_image\" \/>\n<meta name=\"twitter:site\" content=\"@talkpalai\" \/>\n<meta name=\"twitter:label1\" content=\"Tempo di lettura stimato\" \/>\n\t<meta name=\"twitter:data1\" content=\"3 minuti\" \/>\n<script type=\"application\/ld+json\" class=\"yoast-schema-graph\">{\"@context\":\"https:\/\/schema.org\",\"@graph\":[{\"@type\":\"WebPage\",\"@id\":\"https:\/\/talkpal.ai\/it\/master-in-comunicazione-professionale-dimpresa-con-lai\/\",\"url\":\"https:\/\/talkpal.ai\/it\/master-in-comunicazione-professionale-dimpresa-con-lai\/\",\"name\":\"Master in Comunicazione Professionale d'Impresa con l'AI - Talkpal\",\"isPartOf\":{\"@id\":\"https:\/\/talkpal.ai\/it\/#website\"},\"primaryImageOfPage\":{\"@id\":\"https:\/\/talkpal.ai\/it\/master-in-comunicazione-professionale-dimpresa-con-lai\/#primaryimage\"},\"image\":{\"@id\":\"https:\/\/talkpal.ai\/it\/master-in-comunicazione-professionale-dimpresa-con-lai\/#primaryimage\"},\"thumbnailUrl\":\"https:\/\/talkpal.ai\/wp-content\/uploads\/2026\/02\/busniess_courses.webp\",\"datePublished\":\"2026-02-27T10:51:45+00:00\",\"dateModified\":\"2026-02-27T11:34:02+00:00\",\"description\":\"Eleva la tua carriera con il nuovo corso di lingua commerciale di Talkpal. Esercitati in scenari professionali reali in oltre 80 lingue con il nostro tutor AI, ovunque e in qualsiasi momento!\",\"breadcrumb\":{\"@id\":\"https:\/\/talkpal.ai\/it\/master-in-comunicazione-professionale-dimpresa-con-lai\/#breadcrumb\"},\"inLanguage\":\"it-IT\",\"potentialAction\":[{\"@type\":\"ReadAction\",\"target\":[\"https:\/\/talkpal.ai\/it\/master-in-comunicazione-professionale-dimpresa-con-lai\/\"]}]},{\"@type\":\"ImageObject\",\"inLanguage\":\"it-IT\",\"@id\":\"https:\/\/talkpal.ai\/it\/master-in-comunicazione-professionale-dimpresa-con-lai\/#primaryimage\",\"url\":\"https:\/\/talkpal.ai\/wp-content\/uploads\/2026\/02\/busniess_courses.webp\",\"contentUrl\":\"https:\/\/talkpal.ai\/wp-content\/uploads\/2026\/02\/busniess_courses.webp\",\"width\":1200,\"height\":992,\"caption\":\"Corsi di formazione professionale\"},{\"@type\":\"BreadcrumbList\",\"@id\":\"https:\/\/talkpal.ai\/it\/master-in-comunicazione-professionale-dimpresa-con-lai\/#breadcrumb\",\"itemListElement\":[{\"@type\":\"ListItem\",\"position\":1,\"name\":\"Homepage\",\"item\":\"https:\/\/talkpal.ai\/it\/\"},{\"@type\":\"ListItem\",\"position\":2,\"name\":\"Master in Comunicazione Professionale d&#8217;Impresa con l&#8217;AI\"}]},{\"@type\":\"WebSite\",\"@id\":\"https:\/\/talkpal.ai\/it\/#website\",\"url\":\"https:\/\/talkpal.ai\/it\/\",\"name\":\"Talkpal\",\"description\":\"AI Language Learning\",\"publisher\":{\"@id\":\"https:\/\/talkpal.ai\/it\/#organization\"},\"alternateName\":\"Talkpal AI\",\"potentialAction\":[{\"@type\":\"SearchAction\",\"target\":{\"@type\":\"EntryPoint\",\"urlTemplate\":\"https:\/\/talkpal.ai\/it\/?s={search_term_string}\"},\"query-input\":{\"@type\":\"PropertyValueSpecification\",\"valueRequired\":true,\"valueName\":\"search_term_string\"}}],\"inLanguage\":\"it-IT\"},{\"@type\":\"Organization\",\"@id\":\"https:\/\/talkpal.ai\/it\/#organization\",\"name\":\"Talkpal, Inc.\",\"alternateName\":\"Talkpal AI\",\"url\":\"https:\/\/talkpal.ai\/it\/\",\"logo\":{\"@type\":\"ImageObject\",\"inLanguage\":\"it-IT\",\"@id\":\"https:\/\/talkpal.ai\/it\/#\/schema\/logo\/image\/\",\"url\":\"https:\/\/talkpal.ai\/wp-content\/uploads\/2024\/03\/Talkpal-Logo-Icon.png\",\"contentUrl\":\"https:\/\/talkpal.ai\/wp-content\/uploads\/2024\/03\/Talkpal-Logo-Icon.png\",\"width\":2880,\"height\":2880,\"caption\":\"Talkpal, Inc.\"},\"image\":{\"@id\":\"https:\/\/talkpal.ai\/it\/#\/schema\/logo\/image\/\"},\"sameAs\":[\"https:\/\/www.facebook.com\/profile.php?id=100090733639311\",\"https:\/\/x.com\/talkpalai\",\"https:\/\/www.linkedin.com\/company\/talkpal\/\",\"https:\/\/www.youtube.com\/@TalkPal\/\",\"https:\/\/www.tiktok.com\/@talkpal\",\"https:\/\/www.instagram.com\/talkpal_ai\/\",\"https:\/\/www.crunchbase.com\/organization\/talkpal-9cde\",\"https:\/\/www.g2.com\/products\/talkpal-for-business\/\",\"https:\/\/www.trustpilot.com\/review\/talkpal.ai\",\"https:\/\/www.capterra.com\/p\/10006800\/TalkPal\/\"],\"description\":\"Talkpal is a language learning web and mobile education app, powered by the latest AI technologies, that provides engaging experiences to its customers in many different languages to help them improve their language skills. Users can chat about unlimited amount of topics with the app and use other modes to practice their language learning.\",\"email\":\"support@talkpal.ai\",\"legalName\":\"Talkpal, Inc.\",\"foundingDate\":\"2023-04-03\",\"duns\":\"118989042\",\"numberOfEmployees\":{\"@type\":\"QuantitativeValue\",\"minValue\":\"11\",\"maxValue\":\"50\"},\"publishingPrinciples\":\"https:\/\/talkpal.ai\/publishing-principles\/\",\"actionableFeedbackPolicy\":\"https:\/\/talkpal.ai\/actionable-feedback-policy\/\",\"correctionsPolicy\":\"https:\/\/talkpal.ai\/corrections-policy\/\",\"ethicsPolicy\":\"https:\/\/talkpal.ai\/ethics-policy\/\",\"diversityPolicy\":\"https:\/\/talkpal.ai\/diversity-policy\/\",\"diversityStaffingReport\":\"https:\/\/talkpal.ai\/diversity-policy\/\"}]}<\/script>\n<!-- \/ Yoast SEO Premium plugin. -->","yoast_head_json":{"title":"Master in Comunicazione Professionale d'Impresa con l'AI - Talkpal","description":"Eleva la tua carriera con il nuovo corso di lingua commerciale di Talkpal. Esercitati in scenari professionali reali in oltre 80 lingue con il nostro tutor AI, ovunque e in qualsiasi momento!","robots":{"index":"index","follow":"follow","max-snippet":"max-snippet:-1","max-image-preview":"max-image-preview:large","max-video-preview":"max-video-preview:-1"},"canonical":"https:\/\/talkpal.ai\/it\/master-in-comunicazione-professionale-dimpresa-con-lai\/","og_locale":"it_IT","og_type":"article","og_title":"Master in Comunicazione Professionale d'Impresa con l'AI","og_description":"Noi siamo Talkpal Imparare una nuova lingua per lavoro pu\u00f2 essere un'esperienza emozionante e stimolante. Apre nuove porte alle opportunit\u00e0, sia a livello","og_url":"https:\/\/talkpal.ai\/it\/master-in-comunicazione-professionale-dimpresa-con-lai\/","og_site_name":"Talkpal","article_publisher":"https:\/\/www.facebook.com\/profile.php?id=100090733639311","article_modified_time":"2026-02-27T11:34:02+00:00","og_image":[{"width":1200,"height":992,"url":"https:\/\/talkpal.ai\/wp-content\/uploads\/2026\/02\/busniess_courses.webp","type":"image\/webp"}],"twitter_card":"summary_large_image","twitter_site":"@talkpalai","twitter_misc":{"Tempo di lettura stimato":"3 minuti"},"schema":{"@context":"https:\/\/schema.org","@graph":[{"@type":"WebPage","@id":"https:\/\/talkpal.ai\/it\/master-in-comunicazione-professionale-dimpresa-con-lai\/","url":"https:\/\/talkpal.ai\/it\/master-in-comunicazione-professionale-dimpresa-con-lai\/","name":"Master in Comunicazione Professionale d'Impresa con l'AI - Talkpal","isPartOf":{"@id":"https:\/\/talkpal.ai\/it\/#website"},"primaryImageOfPage":{"@id":"https:\/\/talkpal.ai\/it\/master-in-comunicazione-professionale-dimpresa-con-lai\/#primaryimage"},"image":{"@id":"https:\/\/talkpal.ai\/it\/master-in-comunicazione-professionale-dimpresa-con-lai\/#primaryimage"},"thumbnailUrl":"https:\/\/talkpal.ai\/wp-content\/uploads\/2026\/02\/busniess_courses.webp","datePublished":"2026-02-27T10:51:45+00:00","dateModified":"2026-02-27T11:34:02+00:00","description":"Eleva la tua carriera con il nuovo corso di lingua commerciale di Talkpal. Esercitati in scenari professionali reali in oltre 80 lingue con il nostro tutor AI, ovunque e in qualsiasi momento!","breadcrumb":{"@id":"https:\/\/talkpal.ai\/it\/master-in-comunicazione-professionale-dimpresa-con-lai\/#breadcrumb"},"inLanguage":"it-IT","potentialAction":[{"@type":"ReadAction","target":["https:\/\/talkpal.ai\/it\/master-in-comunicazione-professionale-dimpresa-con-lai\/"]}]},{"@type":"ImageObject","inLanguage":"it-IT","@id":"https:\/\/talkpal.ai\/it\/master-in-comunicazione-professionale-dimpresa-con-lai\/#primaryimage","url":"https:\/\/talkpal.ai\/wp-content\/uploads\/2026\/02\/busniess_courses.webp","contentUrl":"https:\/\/talkpal.ai\/wp-content\/uploads\/2026\/02\/busniess_courses.webp","width":1200,"height":992,"caption":"Corsi di formazione professionale"},{"@type":"BreadcrumbList","@id":"https:\/\/talkpal.ai\/it\/master-in-comunicazione-professionale-dimpresa-con-lai\/#breadcrumb","itemListElement":[{"@type":"ListItem","position":1,"name":"Homepage","item":"https:\/\/talkpal.ai\/it\/"},{"@type":"ListItem","position":2,"name":"Master in Comunicazione Professionale d&#8217;Impresa con l&#8217;AI"}]},{"@type":"WebSite","@id":"https:\/\/talkpal.ai\/it\/#website","url":"https:\/\/talkpal.ai\/it\/","name":"Talkpal","description":"AI Language Learning","publisher":{"@id":"https:\/\/talkpal.ai\/it\/#organization"},"alternateName":"Talkpal AI","potentialAction":[{"@type":"SearchAction","target":{"@type":"EntryPoint","urlTemplate":"https:\/\/talkpal.ai\/it\/?s={search_term_string}"},"query-input":{"@type":"PropertyValueSpecification","valueRequired":true,"valueName":"search_term_string"}}],"inLanguage":"it-IT"},{"@type":"Organization","@id":"https:\/\/talkpal.ai\/it\/#organization","name":"Talkpal, Inc.","alternateName":"Talkpal AI","url":"https:\/\/talkpal.ai\/it\/","logo":{"@type":"ImageObject","inLanguage":"it-IT","@id":"https:\/\/talkpal.ai\/it\/#\/schema\/logo\/image\/","url":"https:\/\/talkpal.ai\/wp-content\/uploads\/2024\/03\/Talkpal-Logo-Icon.png","contentUrl":"https:\/\/talkpal.ai\/wp-content\/uploads\/2024\/03\/Talkpal-Logo-Icon.png","width":2880,"height":2880,"caption":"Talkpal, Inc."},"image":{"@id":"https:\/\/talkpal.ai\/it\/#\/schema\/logo\/image\/"},"sameAs":["https:\/\/www.facebook.com\/profile.php?id=100090733639311","https:\/\/x.com\/talkpalai","https:\/\/www.linkedin.com\/company\/talkpal\/","https:\/\/www.youtube.com\/@TalkPal\/","https:\/\/www.tiktok.com\/@talkpal","https:\/\/www.instagram.com\/talkpal_ai\/","https:\/\/www.crunchbase.com\/organization\/talkpal-9cde","https:\/\/www.g2.com\/products\/talkpal-for-business\/","https:\/\/www.trustpilot.com\/review\/talkpal.ai","https:\/\/www.capterra.com\/p\/10006800\/TalkPal\/"],"description":"Talkpal is a language learning web and mobile education app, powered by the latest AI technologies, that provides engaging experiences to its customers in many different languages to help them improve their language skills. Users can chat about unlimited amount of topics with the app and use other modes to practice their language learning.","email":"support@talkpal.ai","legalName":"Talkpal, Inc.","foundingDate":"2023-04-03","duns":"118989042","numberOfEmployees":{"@type":"QuantitativeValue","minValue":"11","maxValue":"50"},"publishingPrinciples":"https:\/\/talkpal.ai\/publishing-principles\/","actionableFeedbackPolicy":"https:\/\/talkpal.ai\/actionable-feedback-policy\/","correctionsPolicy":"https:\/\/talkpal.ai\/corrections-policy\/","ethicsPolicy":"https:\/\/talkpal.ai\/ethics-policy\/","diversityPolicy":"https:\/\/talkpal.ai\/diversity-policy\/","diversityStaffingReport":"https:\/\/talkpal.ai\/diversity-policy\/"}]}},"_links":{"self":[{"href":"https:\/\/talkpal.ai\/it\/wp-json\/wp\/v2\/pages\/1647904","targetHints":{"allow":["GET"]}}],"collection":[{"href":"https:\/\/talkpal.ai\/it\/wp-json\/wp\/v2\/pages"}],"about":[{"href":"https:\/\/talkpal.ai\/it\/wp-json\/wp\/v2\/types\/page"}],"author":[{"embeddable":true,"href":"https:\/\/talkpal.ai\/it\/wp-json\/wp\/v2\/users\/20"}],"replies":[{"embeddable":true,"href":"https:\/\/talkpal.ai\/it\/wp-json\/wp\/v2\/comments?post=1647904"}],"version-history":[{"count":0,"href":"https:\/\/talkpal.ai\/it\/wp-json\/wp\/v2\/pages\/1647904\/revisions"}],"wp:featuredmedia":[{"embeddable":true,"href":"https:\/\/talkpal.ai\/it\/wp-json\/wp\/v2\/media\/1647905"}],"wp:attachment":[{"href":"https:\/\/talkpal.ai\/it\/wp-json\/wp\/v2\/media?parent=1647904"}],"curies":[{"name":"wp","href":"https:\/\/api.w.org\/{rel}","templated":true}]}}