{"id":1647852,"date":"2026-02-27T11:07:24","date_gmt":"2026-02-27T11:07:24","guid":{"rendered":"https:\/\/talkpal.ai\/impara-il-linguaggio-medico-con-lintelligenza-artificiale\/"},"modified":"2026-02-27T11:29:20","modified_gmt":"2026-02-27T11:29:20","slug":"impara-il-linguaggio-medico-con-lintelligenza-artificiale","status":"publish","type":"page","link":"https:\/\/talkpal.ai\/it\/impara-il-linguaggio-medico-con-lintelligenza-artificiale\/","title":{"rendered":"Impara il linguaggio medico con l&#8217;intelligenza artificiale"},"content":{"rendered":"\r\n\r\n\r\n<section class=\"languageChallengeSection\">\r\n    <div class=\"languageInfoWrapper\">\r\n        \r\n        <h1>Impara il linguaggio medico con l&#039;intelligenza artificiale<\/h1>\r\n        <p>Fai delle conversazioni approfondite su argomenti sanitari complessi, esercitati nelle consultazioni con i pazienti e ricevi un feedback immediato per migliorare le tue competenze linguistiche in ambito clinico. Solo 10 minuti di pratica al giorno fanno davvero la differenza per i professionisti del settore medico!<\/p>\r\n\r\n                            <a class=\"getStartedHidden\" href=\"https:\/\/app.talkpal.ai\/it\/signup?lng=\">Comincia<\/a>\r\n        \r\n    <\/div>\r\n\r\n    <figure>\r\n    <img decoding=\"async\" width=\"768\" height=\"619\" src=\"https:\/\/talkpal.ai\/wp-content\/uploads\/2026\/02\/medicine_courses-768x619.webp\" class=\"languageImage no-lazy\" alt=\"Corsi di medicina\" fetchpriority=\"high\" sizes=\"(max-width: 768px) 150px, 768px\" srcset=\"https:\/\/talkpal.ai\/wp-content\/uploads\/2026\/02\/medicine_courses-768x619.webp 768w, https:\/\/talkpal.ai\/wp-content\/uploads\/2026\/02\/medicine_courses-300x242.webp 300w\" \/>\r\n    \r\n\r\n    <\/figure>\r\n\r\n            <a class=\"getStartedVisible\" href=\"https:\/\/app.talkpal.ai\/it\/signup?lng=\">Comincia<\/a>\r\n    \r\n<\/section><section class=\"promotionalBanner\">\r\n    <p class=\"promotionalText\">Il modo pi\u00f9 efficace per imparare una lingua<\/p>\r\n    <a class=\"promotionalLink\" href=\"https:\/\/app.talkpal.ai\/it\/signup?lng=\">Prova Talkpal gratuitamente<\/a>\r\n<\/section>\n<div class=\"wp-block-group pageContainerStyle\"><div class=\"wp-block-group__inner-container is-layout-constrained wp-block-group-is-layout-constrained\">\n<h2 class=\"wp-block-heading\" id=\"h-we-are-talkpal\">Noi siamo Talkpal<\/h2>\n\n\n\n<p>Imparare una nuova lingua pu\u00f2 essere un&#8217;esperienza emozionante e stimolante. Apre nuove porte alle opportunit\u00e0, sia a livello personale che professionale. <a href=\"https:\/\/talkpal.ai\/ko\/ai-%ec%96%b8%ec%96%b4-%ea%b5%90%ec%82%ac\/\">Talkpal<\/a>, una piattaforma di apprendimento linguistico che insegna oltre 80 lingue, ha sviluppato e addestrato i suoi algoritmi per anni. Poich\u00e9 la tecnologia e l&#8217;apprendimento delle lingue continuano a evolversi, \u00e8 importante comprendere i vantaggi di imparare una nuova lingua con le tecnologie pi\u00f9 recenti.<\/p>\n\n\n\n<h2 class=\"wp-block-heading\" id=\"h-choosing-the-right-language-learning-platform\">Scegliere la giusta piattaforma di apprendimento delle lingue<\/h2>\n\n\n\n<p>Con cos\u00ec tante piattaforme di apprendimento linguistico disponibili, pu\u00f2 essere difficile scegliere quella giusta. \u00c8 importante considerare fattori quali la metodologia di insegnamento della piattaforma, le opzioni linguistiche e il costo. Talkpal, ad esempio, offre una metodologia basata sulla chat, che si concentra su conversazioni reali e approfondimenti medici pratici. Talkpal \u00e8 disponibile in oltre 80 lingue ed \u00e8 molto amato dai nostri clienti. <a href=\"https:\/\/talkpal.ai\/it\/imparare-a-parlare-tecniche-efficaci-per-iniziare-subito\/\">Imparare a parlare<\/a> con i pazienti attraverso una conversazione reale con un modello <a href=\"https:\/\/talkpal.ai\/speaking-with-ai\/\">AI<\/a> non \u00e8 mai stato cos\u00ec facile e divertente. In questo modo i nostri clienti possono eliminare la noia e il lavoro di routine dal processo di apprendimento delle lingue.<\/p>\n<\/div><\/div>\n\r\n\r\n\r\n<section class=\"smartFunSection\">\r\n            \r\n            <div class=\"smartFunCard\">\r\n                <div class=\"smartFunWrapper\"><img decoding=\"async\" src=\"https:\/\/talkpal.ai\/wp-content\/uploads\/2025\/05\/1.png\" alt=\"Learning Stats Screenshot\"><\/div>\r\n                <h3>Apprendimento personalizzato<\/h3>\r\n                <p>Sfruttando i punti di forza dell&#8217;intelligenza artificiale e della scienza del linguaggio, le sessioni dei nostri corsi di medicina sono personalizzate per permetterti di imparare al livello e al ritmo ottimali, fornendoti contenuti medici su misura per la tua specializzazione e i tuoi interessi.<\/p>\r\n            <\/div>\r\n\r\n        \r\n            <div class=\"smartFunCard\">\r\n                <div class=\"smartFunWrapper\"><img decoding=\"async\" src=\"https:\/\/talkpal.ai\/wp-content\/uploads\/2025\/05\/2.png\" alt=\"Pronunciation Score Screenshot\"><\/div>\r\n                <h3>Efficace ed efficiente<\/h3>\r\n                <p>Con Talkpal puoi esercitarti a leggere le cartelle cliniche dei pazienti, ad ascoltare i sintomi e a parlare con i colleghi in modo efficiente ed efficace. Date un&#8217;occhiata al nostro ultimo prodotto!<\/p>\r\n            <\/div>\r\n\r\n        \r\n            <div class=\"smartFunCard\">\r\n                <div class=\"smartFunWrapper\"><img decoding=\"async\" src=\"https:\/\/talkpal.ai\/wp-content\/uploads\/2025\/05\/3.png\" alt=\"Chat Topics Screenshot\"><\/div>\r\n                <h3>Mantenere il coinvolgimento<\/h3>\r\n                <p>Facilitiamo lo sviluppo di un&#8217;abitudine all&#8217;apprendimento delle lingue incorporando caratteristiche simili a quelle di un gioco, sfide diagnostiche divertenti e domande mediche approfondite per mantenerti motivato e impegnato.<\/p>\r\n            <\/div>\r\n\r\n        \r\n            <div class=\"smartFunCard\">\r\n                <div class=\"smartFunWrapper\"><img decoding=\"async\" src=\"https:\/\/talkpal.ai\/wp-content\/uploads\/2025\/05\/4.png\" alt=\"Dashboard Screenshot\"><\/div>\r\n                <h3>Divertirsi<\/h3>\r\n                <p>L&#8217;apprendimento non deve essere necessariamente noioso e monotono! Migliora le tue abilit\u00e0 cliniche ogni giorno con esercizi accattivanti e deliziosi personaggi dei pazienti. Fai domande diagnostiche divertenti o illogiche e vedi come reagisce l&#8217;IA di Talkpal.<\/p>\r\n            <\/div>\r\n\r\n            \r\n<\/section>\n<div class=\"wp-block-group pageContainerStyle\"><div class=\"wp-block-group__inner-container is-layout-constrained wp-block-group-is-layout-constrained\">\n<h2 class=\"wp-block-heading\" id=\"h-why-focus-on-medical-language\"><strong><strong><strong>Perch\u00e9 concentrarsi sul linguaggio medico?<\/strong><\/strong><\/strong><\/h2>\n\n\n\n<p>In un mondo sempre pi\u00f9 globalizzato, i professionisti del settore medico interagiscono con pazienti provenienti da innumerevoli contesti diversi. Poter comunicare direttamente con i pazienti nella loro lingua madre crea fiducia, riduce gli errori diagnostici e migliora l&#8217;assistenza complessiva. Tuttavia, imparare la terminologia clinica in una nuova lingua pu\u00f2 essere un processo impegnativo e che richiede molto tempo. Con il progresso della tecnologia, padroneggiare la comunicazione sanitaria \u00e8 diventato molto pi\u00f9 facile e <a href=\"https:\/\/talkpal.ai\/lt\/talkpal-verslui\/\">Talkpal AI<\/a> Chat \u00e8 uno dei modi migliori per farlo. In questo articolo scopriremo perch\u00e9 seguire il nostro <a href=\"https:\/\/talkpal.ai\/learn-medical-language-with-ai\/\">corso di Medicina<\/a> tramite Talkpal AI Chat \u00e8 un modo efficace ed efficiente per migliorare le tue competenze.<\/p>\n<\/div><\/div>\n\n<div class=\"wp-block-group pageContainerStyle\"><div class=\"wp-block-group__inner-container is-layout-constrained wp-block-group-is-layout-constrained\">\n<h2 class=\"wp-block-heading\" id=\"h-why-is-medical-language-difficult\"><strong><strong><strong>Perch\u00e9 il linguaggio medico \u00e8 difficile?<\/strong><\/strong><\/strong><\/h2>\n\n\n\n<h3 class=\"wp-block-heading\" id=\"h-pronunciation\"><strong>Pronuncia<\/strong><\/h3>\n\n\n\n<p>La padronanza della pronuncia \u00e8 un ostacolo significativo per gli <a href=\"https:\/\/talkpal.ai\/talkpal-discount-for-students\/\">studenti<\/a> di medicina. I termini anatomici complessi e i nomi dei farmaci spesso contengono combinazioni di suoni che \u00e8 molto difficile articolare con precisione.<\/p>\n\n\n\n<h3 class=\"wp-block-heading\" id=\"h-grammar-and-syntax\"><strong><strong>Grammatica e sintassi<\/strong><\/strong><\/h3>\n\n\n\n<p>La <a href=\"https:\/\/talkpal.ai\/grammar\/\">grammatica<\/a> in ambito clinico deve essere precisa per evitare errori medici. Gli studenti devono capire come porre correttamente le domande relative ai sintomi, dare istruzioni chiare per i trattamenti e usare tempi precisi per comprendere la storia medica di un paziente.<\/p>\n\n\n\n<h3 class=\"wp-block-heading\" id=\"h-vocabulary-and-idioms\"><strong><strong><strong>Vocabolario e modi di dire<\/strong><\/strong><\/strong><\/h3>\n\n\n\n<p>L&#8217;assistenza sanitaria richiede un vocabolario ampio e altamente specializzato. Questa vasta gamma di vocaboli pu\u00f2 risultare sconvolgente per gli studenti, che devono anche orientarsi tra i termini colloquiali che i pazienti usano per descrivere il loro dolore o i loro sintomi. I modi di dire possono essere particolarmente difficili da capire quando un paziente cerca di spiegare come si sente.<\/p>\n\n\n\n<h3 class=\"wp-block-heading\" id=\"h-spelling\"><strong><strong><strong><strong>Ortografia<\/strong><\/strong><\/strong><\/strong><\/h3>\n\n\n\n<p>L&#8217;ortografia della terminologia medica \u00e8 notoriamente incoerente e spesso si basa su complesse radici latine o greche. Questo pu\u00f2 rendere difficile per gli studenti tracciare con precisione gli appunti o scrivere le prescrizioni sulla base delle parole pronunciate.<\/p>\n\n\n\n<h3 class=\"wp-block-heading\" id=\"h-medical-language-learning-strategies\"><strong><strong><strong>Strategie di apprendimento del linguaggio medico<\/strong><\/strong><\/strong><\/h3>\n\n\n\n<h4 class=\"wp-block-heading\" id=\"h-listening-and-speaking\">Ascolto e conversazione<\/h4>\n\n\n\n<p>Per migliorare la pronuncia e la fluidit\u00e0, gli studenti dovrebbero esercitarsi ad ascoltare i madrelingua e a partecipare a conversazioni mediche quando possibile. Con Talkpal puoi esercitarti a parlare simulando queste interazioni vitali.<\/p>\n\n\n\n<h4 class=\"wp-block-heading\" id=\"h-reading\">Leggere<\/h4>\n\n\n\n<p>La lettura \u00e8 uno strumento essenziale per ampliare il vocabolario clinico e migliorare le capacit\u00e0 di comprensione. Gli studenti devono leggere una variet\u00e0 di testi, dalle riviste mediche ai casi di pazienti.<\/p>\n\n\n\n<h4 class=\"wp-block-heading\" id=\"h-writing\">Scrittura<\/h4>\n\n\n\n<p>La scrittura \u00e8 un&#8217;abilit\u00e0 cruciale per gli studenti del settore sanitario, in quanto aiuta a consolidare la <a href=\"https:\/\/talkpal.ai\/grammar\/\">grammatica<\/a> per la stesura di grafici e rapporti. Gli studenti devono esercitarsi a scrivere regolarmente, traducendo i sintomi e i piani di trattamento.<\/p>\n\n\n\n<h4 class=\"wp-block-heading\" id=\"h-grammar-and-vocabulary\">Grammatica e vocabolario<\/h4>\n\n\n\n<p>Gli studenti dovrebbero dedicare del tempo allo studio delle regole grammaticali e all&#8217;ampliamento del loro vocabolario clinico. Questo obiettivo pu\u00f2 essere raggiunto grazie ai nostri scenari AI specializzati.<\/p>\n\n\n\n<h2 class=\"wp-block-heading\" id=\"h-conclusion\">Conclusione<\/h2>\n\n\n\n<p>L&#8217;apprendimento del linguaggio medico presenta sfide uniche, dal complesso vocabolario clinico e dalla rigida grammatica alle sfumature culturali nella cura dei pazienti. Tuttavia, con le giuste strategie, strumenti come Talkpal e una pratica costante, i professionisti del settore medico possono superare questi ostacoli e trarre i numerosi benefici che derivano dalla padronanza di una nuova lingua.<\/p>\n<\/div><\/div>\n<section class=\"promotionalBanner\">\r\n    <p class=\"promotionalText\">Il modo pi\u00f9 efficace per imparare una lingua<\/p>\r\n    <a class=\"promotionalLink\" href=\"https:\/\/app.talkpal.ai\/it\/signup?lng=\">Prova Talkpal gratuitamente<\/a>\r\n<\/section>","protected":false},"excerpt":{"rendered":"<p>Noi siamo Talkpal Imparare una nuova lingua pu\u00f2 essere un&#8217;esperienza emozionante e stimolante. Apre nuove porte alle opportunit\u00e0, sia a livello personale che professionale. Talkpal, una piattaforma di apprendimento linguistico che insegna oltre 80 lingue, ha sviluppato e addestrato i suoi algoritmi per anni. Poich\u00e9 la tecnologia e l&#8217;apprendimento delle lingue continuano a evolversi, \u00e8 [&hellip;]<\/p>\n","protected":false},"author":20,"featured_media":1647853,"parent":0,"menu_order":0,"comment_status":"closed","ping_status":"closed","template":"LearningContentPage.php","meta":{"_acf_changed":false,"footnotes":""},"class_list":["post-1647852","page","type-page","status-publish","has-post-thumbnail","hentry"],"acf":[],"yoast_head":"<!-- This site is optimized with the Yoast SEO Premium plugin v27.2 (Yoast SEO v27.2) - https:\/\/yoast.com\/product\/yoast-seo-premium-wordpress\/ -->\n<title>Impara il linguaggio medico con l&#039;intelligenza artificiale - Talkpal<\/title>\n<meta name=\"description\" content=\"Migliora la tua carriera nel settore sanitario con il nuovo corso di Medicina di Talkpal. Impara a comunicare efficacemente con i pazienti in oltre 80 lingue grazie al nostro tutor AI personalizzato.\" \/>\n<meta name=\"robots\" content=\"index, follow, max-snippet:-1, max-image-preview:large, max-video-preview:-1\" \/>\n<link rel=\"canonical\" href=\"https:\/\/talkpal.ai\/it\/impara-il-linguaggio-medico-con-lintelligenza-artificiale\/\" \/>\n<meta property=\"og:locale\" content=\"it_IT\" \/>\n<meta property=\"og:type\" content=\"article\" \/>\n<meta property=\"og:title\" content=\"Impara il linguaggio medico con l&#039;intelligenza artificiale\" \/>\n<meta property=\"og:description\" content=\"Noi siamo Talkpal Imparare una nuova lingua pu\u00f2 essere un&#039;esperienza emozionante e stimolante. Apre nuove porte alle opportunit\u00e0, sia a livello personale\" \/>\n<meta property=\"og:url\" content=\"https:\/\/talkpal.ai\/it\/impara-il-linguaggio-medico-con-lintelligenza-artificiale\/\" \/>\n<meta property=\"og:site_name\" content=\"Talkpal\" \/>\n<meta property=\"article:publisher\" content=\"https:\/\/www.facebook.com\/profile.php?id=100090733639311\" \/>\n<meta property=\"article:modified_time\" content=\"2026-02-27T11:29:20+00:00\" \/>\n<meta property=\"og:image\" content=\"https:\/\/talkpal.ai\/wp-content\/uploads\/2026\/02\/medicine_courses.webp\" \/>\n\t<meta property=\"og:image:width\" content=\"1200\" \/>\n\t<meta property=\"og:image:height\" content=\"967\" \/>\n\t<meta property=\"og:image:type\" content=\"image\/webp\" \/>\n<meta name=\"twitter:card\" content=\"summary_large_image\" \/>\n<meta name=\"twitter:site\" content=\"@talkpalai\" \/>\n<meta name=\"twitter:label1\" content=\"Tempo di lettura stimato\" \/>\n\t<meta name=\"twitter:data1\" content=\"3 minuti\" \/>\n<script type=\"application\/ld+json\" class=\"yoast-schema-graph\">{\"@context\":\"https:\/\/schema.org\",\"@graph\":[{\"@type\":\"WebPage\",\"@id\":\"https:\/\/talkpal.ai\/it\/impara-il-linguaggio-medico-con-lintelligenza-artificiale\/\",\"url\":\"https:\/\/talkpal.ai\/it\/impara-il-linguaggio-medico-con-lintelligenza-artificiale\/\",\"name\":\"Impara il linguaggio medico con l'intelligenza artificiale - Talkpal\",\"isPartOf\":{\"@id\":\"https:\/\/talkpal.ai\/it\/#website\"},\"primaryImageOfPage\":{\"@id\":\"https:\/\/talkpal.ai\/it\/impara-il-linguaggio-medico-con-lintelligenza-artificiale\/#primaryimage\"},\"image\":{\"@id\":\"https:\/\/talkpal.ai\/it\/impara-il-linguaggio-medico-con-lintelligenza-artificiale\/#primaryimage\"},\"thumbnailUrl\":\"https:\/\/talkpal.ai\/wp-content\/uploads\/2026\/02\/medicine_courses.webp\",\"datePublished\":\"2026-02-27T11:07:24+00:00\",\"dateModified\":\"2026-02-27T11:29:20+00:00\",\"description\":\"Migliora la tua carriera nel settore sanitario con il nuovo corso di Medicina di Talkpal. Impara a comunicare efficacemente con i pazienti in oltre 80 lingue grazie al nostro tutor AI personalizzato.\",\"breadcrumb\":{\"@id\":\"https:\/\/talkpal.ai\/it\/impara-il-linguaggio-medico-con-lintelligenza-artificiale\/#breadcrumb\"},\"inLanguage\":\"it-IT\",\"potentialAction\":[{\"@type\":\"ReadAction\",\"target\":[\"https:\/\/talkpal.ai\/it\/impara-il-linguaggio-medico-con-lintelligenza-artificiale\/\"]}]},{\"@type\":\"ImageObject\",\"inLanguage\":\"it-IT\",\"@id\":\"https:\/\/talkpal.ai\/it\/impara-il-linguaggio-medico-con-lintelligenza-artificiale\/#primaryimage\",\"url\":\"https:\/\/talkpal.ai\/wp-content\/uploads\/2026\/02\/medicine_courses.webp\",\"contentUrl\":\"https:\/\/talkpal.ai\/wp-content\/uploads\/2026\/02\/medicine_courses.webp\",\"width\":1200,\"height\":967,\"caption\":\"Corsi di medicina\"},{\"@type\":\"BreadcrumbList\",\"@id\":\"https:\/\/talkpal.ai\/it\/impara-il-linguaggio-medico-con-lintelligenza-artificiale\/#breadcrumb\",\"itemListElement\":[{\"@type\":\"ListItem\",\"position\":1,\"name\":\"Homepage\",\"item\":\"https:\/\/talkpal.ai\/it\/\"},{\"@type\":\"ListItem\",\"position\":2,\"name\":\"Impara il linguaggio medico con l&#8217;intelligenza artificiale\"}]},{\"@type\":\"WebSite\",\"@id\":\"https:\/\/talkpal.ai\/it\/#website\",\"url\":\"https:\/\/talkpal.ai\/it\/\",\"name\":\"Talkpal\",\"description\":\"AI Language Learning\",\"publisher\":{\"@id\":\"https:\/\/talkpal.ai\/it\/#organization\"},\"alternateName\":\"Talkpal AI\",\"potentialAction\":[{\"@type\":\"SearchAction\",\"target\":{\"@type\":\"EntryPoint\",\"urlTemplate\":\"https:\/\/talkpal.ai\/it\/?s={search_term_string}\"},\"query-input\":{\"@type\":\"PropertyValueSpecification\",\"valueRequired\":true,\"valueName\":\"search_term_string\"}}],\"inLanguage\":\"it-IT\"},{\"@type\":\"Organization\",\"@id\":\"https:\/\/talkpal.ai\/it\/#organization\",\"name\":\"Talkpal, Inc.\",\"alternateName\":\"Talkpal AI\",\"url\":\"https:\/\/talkpal.ai\/it\/\",\"logo\":{\"@type\":\"ImageObject\",\"inLanguage\":\"it-IT\",\"@id\":\"https:\/\/talkpal.ai\/it\/#\/schema\/logo\/image\/\",\"url\":\"https:\/\/talkpal.ai\/wp-content\/uploads\/2024\/03\/Talkpal-Logo-Icon.png\",\"contentUrl\":\"https:\/\/talkpal.ai\/wp-content\/uploads\/2024\/03\/Talkpal-Logo-Icon.png\",\"width\":2880,\"height\":2880,\"caption\":\"Talkpal, Inc.\"},\"image\":{\"@id\":\"https:\/\/talkpal.ai\/it\/#\/schema\/logo\/image\/\"},\"sameAs\":[\"https:\/\/www.facebook.com\/profile.php?id=100090733639311\",\"https:\/\/x.com\/talkpalai\",\"https:\/\/www.linkedin.com\/company\/talkpal\/\",\"https:\/\/www.youtube.com\/@TalkPal\/\",\"https:\/\/www.tiktok.com\/@talkpal\",\"https:\/\/www.instagram.com\/talkpal_ai\/\",\"https:\/\/www.crunchbase.com\/organization\/talkpal-9cde\",\"https:\/\/www.g2.com\/products\/talkpal-for-business\/\",\"https:\/\/www.trustpilot.com\/review\/talkpal.ai\",\"https:\/\/www.capterra.com\/p\/10006800\/TalkPal\/\"],\"description\":\"Talkpal is a language learning web and mobile education app, powered by the latest AI technologies, that provides engaging experiences to its customers in many different languages to help them improve their language skills. Users can chat about unlimited amount of topics with the app and use other modes to practice their language learning.\",\"email\":\"support@talkpal.ai\",\"legalName\":\"Talkpal, Inc.\",\"foundingDate\":\"2023-04-03\",\"duns\":\"118989042\",\"numberOfEmployees\":{\"@type\":\"QuantitativeValue\",\"minValue\":\"11\",\"maxValue\":\"50\"},\"publishingPrinciples\":\"https:\/\/talkpal.ai\/publishing-principles\/\",\"actionableFeedbackPolicy\":\"https:\/\/talkpal.ai\/actionable-feedback-policy\/\",\"correctionsPolicy\":\"https:\/\/talkpal.ai\/corrections-policy\/\",\"ethicsPolicy\":\"https:\/\/talkpal.ai\/ethics-policy\/\",\"diversityPolicy\":\"https:\/\/talkpal.ai\/diversity-policy\/\",\"diversityStaffingReport\":\"https:\/\/talkpal.ai\/diversity-policy\/\"}]}<\/script>\n<!-- \/ Yoast SEO Premium plugin. -->","yoast_head_json":{"title":"Impara il linguaggio medico con l'intelligenza artificiale - Talkpal","description":"Migliora la tua carriera nel settore sanitario con il nuovo corso di Medicina di Talkpal. Impara a comunicare efficacemente con i pazienti in oltre 80 lingue grazie al nostro tutor AI personalizzato.","robots":{"index":"index","follow":"follow","max-snippet":"max-snippet:-1","max-image-preview":"max-image-preview:large","max-video-preview":"max-video-preview:-1"},"canonical":"https:\/\/talkpal.ai\/it\/impara-il-linguaggio-medico-con-lintelligenza-artificiale\/","og_locale":"it_IT","og_type":"article","og_title":"Impara il linguaggio medico con l'intelligenza artificiale","og_description":"Noi siamo Talkpal Imparare una nuova lingua pu\u00f2 essere un'esperienza emozionante e stimolante. Apre nuove porte alle opportunit\u00e0, sia a livello personale","og_url":"https:\/\/talkpal.ai\/it\/impara-il-linguaggio-medico-con-lintelligenza-artificiale\/","og_site_name":"Talkpal","article_publisher":"https:\/\/www.facebook.com\/profile.php?id=100090733639311","article_modified_time":"2026-02-27T11:29:20+00:00","og_image":[{"width":1200,"height":967,"url":"https:\/\/talkpal.ai\/wp-content\/uploads\/2026\/02\/medicine_courses.webp","type":"image\/webp"}],"twitter_card":"summary_large_image","twitter_site":"@talkpalai","twitter_misc":{"Tempo di lettura stimato":"3 minuti"},"schema":{"@context":"https:\/\/schema.org","@graph":[{"@type":"WebPage","@id":"https:\/\/talkpal.ai\/it\/impara-il-linguaggio-medico-con-lintelligenza-artificiale\/","url":"https:\/\/talkpal.ai\/it\/impara-il-linguaggio-medico-con-lintelligenza-artificiale\/","name":"Impara il linguaggio medico con l'intelligenza artificiale - Talkpal","isPartOf":{"@id":"https:\/\/talkpal.ai\/it\/#website"},"primaryImageOfPage":{"@id":"https:\/\/talkpal.ai\/it\/impara-il-linguaggio-medico-con-lintelligenza-artificiale\/#primaryimage"},"image":{"@id":"https:\/\/talkpal.ai\/it\/impara-il-linguaggio-medico-con-lintelligenza-artificiale\/#primaryimage"},"thumbnailUrl":"https:\/\/talkpal.ai\/wp-content\/uploads\/2026\/02\/medicine_courses.webp","datePublished":"2026-02-27T11:07:24+00:00","dateModified":"2026-02-27T11:29:20+00:00","description":"Migliora la tua carriera nel settore sanitario con il nuovo corso di Medicina di Talkpal. Impara a comunicare efficacemente con i pazienti in oltre 80 lingue grazie al nostro tutor AI personalizzato.","breadcrumb":{"@id":"https:\/\/talkpal.ai\/it\/impara-il-linguaggio-medico-con-lintelligenza-artificiale\/#breadcrumb"},"inLanguage":"it-IT","potentialAction":[{"@type":"ReadAction","target":["https:\/\/talkpal.ai\/it\/impara-il-linguaggio-medico-con-lintelligenza-artificiale\/"]}]},{"@type":"ImageObject","inLanguage":"it-IT","@id":"https:\/\/talkpal.ai\/it\/impara-il-linguaggio-medico-con-lintelligenza-artificiale\/#primaryimage","url":"https:\/\/talkpal.ai\/wp-content\/uploads\/2026\/02\/medicine_courses.webp","contentUrl":"https:\/\/talkpal.ai\/wp-content\/uploads\/2026\/02\/medicine_courses.webp","width":1200,"height":967,"caption":"Corsi di medicina"},{"@type":"BreadcrumbList","@id":"https:\/\/talkpal.ai\/it\/impara-il-linguaggio-medico-con-lintelligenza-artificiale\/#breadcrumb","itemListElement":[{"@type":"ListItem","position":1,"name":"Homepage","item":"https:\/\/talkpal.ai\/it\/"},{"@type":"ListItem","position":2,"name":"Impara il linguaggio medico con l&#8217;intelligenza artificiale"}]},{"@type":"WebSite","@id":"https:\/\/talkpal.ai\/it\/#website","url":"https:\/\/talkpal.ai\/it\/","name":"Talkpal","description":"AI Language Learning","publisher":{"@id":"https:\/\/talkpal.ai\/it\/#organization"},"alternateName":"Talkpal AI","potentialAction":[{"@type":"SearchAction","target":{"@type":"EntryPoint","urlTemplate":"https:\/\/talkpal.ai\/it\/?s={search_term_string}"},"query-input":{"@type":"PropertyValueSpecification","valueRequired":true,"valueName":"search_term_string"}}],"inLanguage":"it-IT"},{"@type":"Organization","@id":"https:\/\/talkpal.ai\/it\/#organization","name":"Talkpal, Inc.","alternateName":"Talkpal AI","url":"https:\/\/talkpal.ai\/it\/","logo":{"@type":"ImageObject","inLanguage":"it-IT","@id":"https:\/\/talkpal.ai\/it\/#\/schema\/logo\/image\/","url":"https:\/\/talkpal.ai\/wp-content\/uploads\/2024\/03\/Talkpal-Logo-Icon.png","contentUrl":"https:\/\/talkpal.ai\/wp-content\/uploads\/2024\/03\/Talkpal-Logo-Icon.png","width":2880,"height":2880,"caption":"Talkpal, Inc."},"image":{"@id":"https:\/\/talkpal.ai\/it\/#\/schema\/logo\/image\/"},"sameAs":["https:\/\/www.facebook.com\/profile.php?id=100090733639311","https:\/\/x.com\/talkpalai","https:\/\/www.linkedin.com\/company\/talkpal\/","https:\/\/www.youtube.com\/@TalkPal\/","https:\/\/www.tiktok.com\/@talkpal","https:\/\/www.instagram.com\/talkpal_ai\/","https:\/\/www.crunchbase.com\/organization\/talkpal-9cde","https:\/\/www.g2.com\/products\/talkpal-for-business\/","https:\/\/www.trustpilot.com\/review\/talkpal.ai","https:\/\/www.capterra.com\/p\/10006800\/TalkPal\/"],"description":"Talkpal is a language learning web and mobile education app, powered by the latest AI technologies, that provides engaging experiences to its customers in many different languages to help them improve their language skills. Users can chat about unlimited amount of topics with the app and use other modes to practice their language learning.","email":"support@talkpal.ai","legalName":"Talkpal, Inc.","foundingDate":"2023-04-03","duns":"118989042","numberOfEmployees":{"@type":"QuantitativeValue","minValue":"11","maxValue":"50"},"publishingPrinciples":"https:\/\/talkpal.ai\/publishing-principles\/","actionableFeedbackPolicy":"https:\/\/talkpal.ai\/actionable-feedback-policy\/","correctionsPolicy":"https:\/\/talkpal.ai\/corrections-policy\/","ethicsPolicy":"https:\/\/talkpal.ai\/ethics-policy\/","diversityPolicy":"https:\/\/talkpal.ai\/diversity-policy\/","diversityStaffingReport":"https:\/\/talkpal.ai\/diversity-policy\/"}]}},"_links":{"self":[{"href":"https:\/\/talkpal.ai\/it\/wp-json\/wp\/v2\/pages\/1647852","targetHints":{"allow":["GET"]}}],"collection":[{"href":"https:\/\/talkpal.ai\/it\/wp-json\/wp\/v2\/pages"}],"about":[{"href":"https:\/\/talkpal.ai\/it\/wp-json\/wp\/v2\/types\/page"}],"author":[{"embeddable":true,"href":"https:\/\/talkpal.ai\/it\/wp-json\/wp\/v2\/users\/20"}],"replies":[{"embeddable":true,"href":"https:\/\/talkpal.ai\/it\/wp-json\/wp\/v2\/comments?post=1647852"}],"version-history":[{"count":0,"href":"https:\/\/talkpal.ai\/it\/wp-json\/wp\/v2\/pages\/1647852\/revisions"}],"wp:featuredmedia":[{"embeddable":true,"href":"https:\/\/talkpal.ai\/it\/wp-json\/wp\/v2\/media\/1647853"}],"wp:attachment":[{"href":"https:\/\/talkpal.ai\/it\/wp-json\/wp\/v2\/media?parent=1647852"}],"curies":[{"name":"wp","href":"https:\/\/api.w.org\/{rel}","templated":true}]}}