{"id":1647848,"date":"2026-02-27T11:00:49","date_gmt":"2026-02-27T11:00:49","guid":{"rendered":"https:\/\/talkpal.ai\/impara-il-linguaggio-giuridico-professionale-con-lintelligenza-artificiale\/"},"modified":"2026-02-27T11:29:20","modified_gmt":"2026-02-27T11:29:20","slug":"impara-il-linguaggio-giuridico-professionale-con-lintelligenza-artificiale","status":"publish","type":"page","link":"https:\/\/talkpal.ai\/it\/impara-il-linguaggio-giuridico-professionale-con-lintelligenza-artificiale\/","title":{"rendered":"Impara il linguaggio giuridico professionale con l&#8217;intelligenza artificiale"},"content":{"rendered":"\r\n\r\n\r\n<section class=\"languageChallengeSection\">\r\n    <div class=\"languageInfoWrapper\">\r\n        \r\n        <h1>Impara il linguaggio giuridico professionale con l&#039;intelligenza artificiale<\/h1>\r\n        <p>Fai conversazioni approfondite su argomenti giuridici complessi che trovi interessanti e ricevi un feedback immediato per migliorare le tue capacit\u00e0 di comunicazione professionale. Solo 10 minuti di pratica al giorno fanno davvero la differenza nella tua carriera!<\/p>\r\n\r\n                            <a class=\"getStartedHidden\" href=\"https:\/\/app.talkpal.ai\/it\/signup?lng=\">Comincia<\/a>\r\n        \r\n    <\/div>\r\n\r\n    <figure>\r\n    <img decoding=\"async\" width=\"768\" height=\"635\" src=\"https:\/\/talkpal.ai\/wp-content\/uploads\/2026\/02\/law_courses-768x635.webp\" class=\"languageImage no-lazy\" alt=\"Corsi di legge\" fetchpriority=\"high\" sizes=\"(max-width: 768px) 150px, 768px\" srcset=\"https:\/\/talkpal.ai\/wp-content\/uploads\/2026\/02\/law_courses-768x635.webp 768w, https:\/\/talkpal.ai\/wp-content\/uploads\/2026\/02\/law_courses-300x248.webp 300w\" \/>\r\n    \r\n\r\n    <\/figure>\r\n\r\n            <a class=\"getStartedVisible\" href=\"https:\/\/app.talkpal.ai\/it\/signup?lng=\">Comincia<\/a>\r\n    \r\n<\/section><section class=\"promotionalBanner\">\r\n    <p class=\"promotionalText\">Il modo pi\u00f9 efficace per imparare una lingua<\/p>\r\n    <a class=\"promotionalLink\" href=\"https:\/\/app.talkpal.ai\/it\/signup?lng=\">Prova Talkpal gratuitamente<\/a>\r\n<\/section>\n<div class=\"wp-block-group pageContainerStyle\"><div class=\"wp-block-group__inner-container is-layout-constrained wp-block-group-is-layout-constrained\">\n<h2 class=\"wp-block-heading\" id=\"h-we-are-talkpal\">Noi siamo Talkpal<\/h2>\n\n\n\n<p>Imparare la lingua del diritto pu\u00f2 essere un&#8217;esperienza emozionante e stimolante. Apre nuove porte a opportunit\u00e0 di carriera internazionali. <a href=\"https:\/\/talkpal.ai\/ko\/ai-%ec%96%b8%ec%96%b4-%ea%b5%90%ec%82%ac\/\">Talkpal<\/a> ha sviluppato e addestrato per anni i suoi algoritmi per insegnare oltre 80 lingue. Con l&#8217;evolversi della tecnologia, \u00e8 importante comprendere i vantaggi di migliorare le proprie competenze professionali con i pi\u00f9 recenti strumenti di <a href=\"https:\/\/talkpal.ai\/it\/parla-con-lintelligenza-artificiale-per-imparare-la-lingua\/\">intelligenza artificiale<\/a>.<\/p>\n\n\n\n<h2 class=\"wp-block-heading\" id=\"h-choosing-the-right-language-learning-platform\">Scegliere la giusta piattaforma di apprendimento delle lingue<\/h2>\n\n\n\n<p>Con cos\u00ec tante piattaforme disponibili, \u00e8 importante considerare fattori come la metodologia di insegnamento, le opzioni linguistiche e l&#8217;applicazione pratica. Talkpal offre una metodologia basata sulla chat che si concentra su situazioni legali reali senza stress. Disponibile in oltre 80 lingue, <a href=\"https:\/\/talkpal.ai\/it\/imparare-a-parlare-tecniche-efficaci-per-iniziare-subito\/\">imparare a parlare<\/a> in modo formale in una conversazione reale con il nostro modello di intelligenza artificiale elimina la noia e l&#8217;elemento di routine dallo sviluppo professionale. Provalo gratuitamente oggi stesso!<\/p>\n<\/div><\/div>\n\r\n\r\n\r\n<section class=\"smartFunSection\">\r\n            \r\n            <div class=\"smartFunCard\">\r\n                <div class=\"smartFunWrapper\"><img decoding=\"async\" src=\"https:\/\/talkpal.ai\/wp-content\/uploads\/2025\/05\/1.png\" alt=\"Learning Stats Screenshot\"><\/div>\r\n                <h3>Apprendimento personalizzato<\/h3>\r\n                <p>Sfruttando i punti di forza dell&#8217;intelligenza artificiale e della scienza del linguaggio, le sessioni dei nostri corsi di diritto sono personalizzate per permetterti di imparare al livello e al ritmo ottimali, fornendoti contenuti giuridici su misura per te.<\/p>\r\n            <\/div>\r\n\r\n        \r\n            <div class=\"smartFunCard\">\r\n                <div class=\"smartFunWrapper\"><img decoding=\"async\" src=\"https:\/\/talkpal.ai\/wp-content\/uploads\/2025\/05\/2.png\" alt=\"Pronunciation Score Screenshot\"><\/div>\r\n                <h3>Efficace ed efficiente<\/h3>\r\n                <p>Con Talkpal puoi esercitarti nella lettura di contratti, nell&#8217;ascolto di testimonianze e nel parlare in processi simulati in modo efficiente ed efficace.<\/p>\r\n            <\/div>\r\n\r\n        \r\n            <div class=\"smartFunCard\">\r\n                <div class=\"smartFunWrapper\"><img decoding=\"async\" src=\"https:\/\/talkpal.ai\/wp-content\/uploads\/2025\/05\/3.png\" alt=\"Chat Topics Screenshot\"><\/div>\r\n                <h3>Mantenere il coinvolgimento<\/h3>\r\n                <p>Facilitiamo lo sviluppo di un&#8217;abitudine all&#8217;apprendimento incorporando sfide piacevoli e domande approfondite su casi specifici per mantenerti motivato e impegnato.<\/p>\r\n            <\/div>\r\n\r\n        \r\n            <div class=\"smartFunCard\">\r\n                <div class=\"smartFunWrapper\"><img decoding=\"async\" src=\"https:\/\/talkpal.ai\/wp-content\/uploads\/2025\/05\/4.png\" alt=\"Dashboard Screenshot\"><\/div>\r\n                <h3>Divertirsi<\/h3>\r\n                <p>Studiare legge non deve essere necessariamente noioso e monotono! Migliora le tue competenze professionali ogni giorno con esercizi accattivanti. Fai domande legali complesse o insolite e vedi come reagisce il tutor AI di Talkpal.<\/p>\r\n            <\/div>\r\n\r\n            \r\n<\/section>\n<div class=\"wp-block-group pageContainerStyle\"><div class=\"wp-block-group__inner-container is-layout-constrained wp-block-group-is-layout-constrained\">\n<h2 class=\"wp-block-heading\" id=\"h-why-the-professional-law-course\"><strong><strong>Perch\u00e9 il corso di diritto professionale?<\/strong><\/strong><\/h2>\n\n\n\n<p>Il settore legale \u00e8 uno dei pi\u00f9 vitali e connessi al mondo. Essere in grado di comunicare in modo chiaro i concetti giuridici \u00e8 essenziale per gli affari internazionali, la difesa dei diritti umani e la diplomazia globale. Tuttavia, imparare il gergo specifico e il tono formale pu\u00f2 richiedere molto tempo. Con il progresso della tecnologia, padroneggiare questa nicchia \u00e8 diventato molto pi\u00f9 facile. In questo articolo analizziamo perch\u00e9 utilizzare <a href=\"https:\/\/talkpal.ai\/lt\/talkpal-verslui\/\">Talkpal AI<\/a> Chat per il tuo corso di diritto \u00e8 il modo pi\u00f9 efficiente per migliorare le tue competenze professionali.<\/p>\n<\/div><\/div>\n\n<div class=\"wp-block-group pageContainerStyle\"><div class=\"wp-block-group__inner-container is-layout-constrained wp-block-group-is-layout-constrained\">\n<h2 class=\"wp-block-heading\" id=\"h-why-is-legal-language-difficult\"><strong><strong>Perch\u00e9 il linguaggio giuridico \u00e8 difficile?<\/strong><\/strong><\/h2>\n\n\n\n<h3 class=\"wp-block-heading\" id=\"h-pronunciation\"><strong>Pronuncia<\/strong><\/h3>\n\n\n\n<p>Uno degli ostacoli pi\u00f9 grandi \u00e8 quello di padroneggiare la pronuncia della complessa terminologia legale, spesso basata sul latino. Il <a href=\"https:\/\/talkpal.ai\/locations\/learn-english-in-registro\/\">registro<\/a> formale richiede un&#8217;articolazione precisa che pu\u00f2 intimorire gli <a href=\"https:\/\/talkpal.ai\/talkpal-discount-for-students\/\">studenti<\/a>.<\/p>\n\n\n\n<h3 class=\"wp-block-heading\" id=\"h-grammar-and-syntax\"><strong><strong>Grammatica e sintassi<\/strong><\/strong><\/h3>\n\n\n\n<p>La grammatica legale \u00e8 notoriamente complessa, con frasi lunghe e condizionali, numerose regole e una formattazione rigorosa. Gli studenti devono comprendere strutture altamente formali che differiscono notevolmente dal linguaggio colloquiale di tutti i giorni.<\/p>\n\n\n\n<h3 class=\"wp-block-heading\" id=\"h-vocabulary-and-idioms\"><strong><strong><strong>Vocabolario e modi di dire<\/strong><\/strong><\/strong><\/h3>\n\n\n\n<p>Il settore legale ha un vocabolario ampio e altamente specifico. Questa vasta gamma di parole pu\u00f2 risultare opprimente, soprattutto quando ci si trova ad affrontare espressioni legali, clausole contrattuali e gergo specifico del settore il cui significato non pu\u00f2 essere dedotto letteralmente.<\/p>\n\n\n\n<h3 class=\"wp-block-heading\" id=\"h-spelling\"><strong><strong><strong><strong>Ortografia<\/strong><\/strong><\/strong><\/strong><\/h3>\n\n\n\n<p>L&#8217;accuratezza ortografica \u00e8 fondamentale nei documenti legali. Una sola lettera sbagliata pu\u00f2 cambiare il significato di un contratto, il che rende quest&#8217;area ad alta pressione per gli studenti.<\/p>\n\n\n\n<h3 class=\"wp-block-heading\" id=\"h-language-learning-strategies-for-law\"><strong><strong>Strategie di apprendimento delle lingue per il diritto<\/strong><\/strong><\/h3>\n\n\n\n<h4 class=\"wp-block-heading\" id=\"h-listening-and-speaking\">Ascolto e conversazione<\/h4>\n\n\n\n<p>Per migliorare la fluidit\u00e0, gli studenti dovrebbero esercitarsi in finte trattative e colloqui con i clienti. Talkpal offre l&#8217;ambiente perfetto e privo di stress per questo.<\/p>\n\n\n\n<h4 class=\"wp-block-heading\" id=\"h-reading\">Leggere<\/h4>\n\n\n\n<p>La lettura \u00e8 fondamentale per ampliare il vocabolario. Gli studenti dovrebbero leggere una variet\u00e0 di testi, dai contratti aziendali alla giurisprudenza, per esporsi ai diversi stili di scrittura legale.<\/p>\n\n\n\n<h4 class=\"wp-block-heading\" id=\"h-writing\">Scrittura<\/h4>\n\n\n\n<p>La scrittura \u00e8 un&#8217;abilit\u00e0 fondamentale per redigere i documenti. Gli studenti devono esercitarsi a scrivere regolarmente, a formulare memorie legali e a riassumere casi di studio.<\/p>\n\n\n\n<h4 class=\"wp-block-heading\" id=\"h-grammar-and-vocabulary\">Grammatica e vocabolario<\/h4>\n\n\n\n<p>Dedicare del tempo allo studio delle regole specifiche del linguaggio formale \u00e8 necessario per proiettare autorit\u00e0 e professionalit\u00e0 nella lingua di destinazione.<\/p>\n\n\n\n<h2 class=\"wp-block-heading\" id=\"h-conclusion\">Conclusione<\/h2>\n\n\n\n<p>L&#8217;apprendimento del linguaggio legale professionale presenta sfide uniche, dalla grammatica rigida al vocabolario denso. Tuttavia, con le giuste strategie e il supporto dell&#8217;intelligenza artificiale di Talkpal, gli studenti di tutti i livelli possono superare questi ostacoli e raccogliere gli enormi vantaggi di carriera che derivano dalla padronanza della lingua del diritto.<\/p>\n<\/div><\/div>\n<section class=\"promotionalBanner\">\r\n    <p class=\"promotionalText\">Il modo pi\u00f9 efficace per imparare una lingua<\/p>\r\n    <a class=\"promotionalLink\" href=\"https:\/\/app.talkpal.ai\/it\/signup?lng=\">Prova Talkpal gratuitamente<\/a>\r\n<\/section>","protected":false},"excerpt":{"rendered":"<p>Noi siamo Talkpal Imparare la lingua del diritto pu\u00f2 essere un&#8217;esperienza emozionante e stimolante. Apre nuove porte a opportunit\u00e0 di carriera internazionali. Talkpal ha sviluppato e addestrato per anni i suoi algoritmi per insegnare oltre 80 lingue. Con l&#8217;evolversi della tecnologia, \u00e8 importante comprendere i vantaggi di migliorare le proprie competenze professionali con i pi\u00f9 [&hellip;]<\/p>\n","protected":false},"author":20,"featured_media":1647849,"parent":0,"menu_order":0,"comment_status":"closed","ping_status":"closed","template":"LearningContentPage.php","meta":{"_acf_changed":false,"footnotes":""},"class_list":["post-1647848","page","type-page","status-publish","has-post-thumbnail","hentry"],"acf":[],"yoast_head":"<!-- This site is optimized with the Yoast SEO Premium plugin v27.2 (Yoast SEO v27.2) - https:\/\/yoast.com\/product\/yoast-seo-premium-wordpress\/ -->\n<title>Impara il linguaggio giuridico professionale con l&#039;intelligenza artificiale - Talkpal<\/title>\n<meta name=\"description\" content=\"Migliora la tua carriera con il corso di diritto professionale di Talkpal. Impara la terminologia legale ed esercitati in scenari professionali reali in oltre 80 lingue con il nostro tutor AI.\" \/>\n<meta name=\"robots\" content=\"index, follow, max-snippet:-1, max-image-preview:large, max-video-preview:-1\" \/>\n<link rel=\"canonical\" href=\"https:\/\/talkpal.ai\/it\/impara-il-linguaggio-giuridico-professionale-con-lintelligenza-artificiale\/\" \/>\n<meta property=\"og:locale\" content=\"it_IT\" \/>\n<meta property=\"og:type\" content=\"article\" \/>\n<meta property=\"og:title\" content=\"Impara il linguaggio giuridico professionale con l&#039;intelligenza artificiale\" \/>\n<meta property=\"og:description\" content=\"Noi siamo Talkpal Imparare la lingua del diritto pu\u00f2 essere un&#039;esperienza emozionante e stimolante. Apre nuove porte a opportunit\u00e0 di carriera\" \/>\n<meta property=\"og:url\" content=\"https:\/\/talkpal.ai\/it\/impara-il-linguaggio-giuridico-professionale-con-lintelligenza-artificiale\/\" \/>\n<meta property=\"og:site_name\" content=\"Talkpal\" \/>\n<meta property=\"article:publisher\" content=\"https:\/\/www.facebook.com\/profile.php?id=100090733639311\" \/>\n<meta property=\"article:modified_time\" content=\"2026-02-27T11:29:20+00:00\" \/>\n<meta property=\"og:image\" content=\"https:\/\/talkpal.ai\/wp-content\/uploads\/2026\/02\/law_courses.webp\" \/>\n\t<meta property=\"og:image:width\" content=\"1200\" \/>\n\t<meta property=\"og:image:height\" content=\"992\" \/>\n\t<meta property=\"og:image:type\" content=\"image\/webp\" \/>\n<meta name=\"twitter:card\" content=\"summary_large_image\" \/>\n<meta name=\"twitter:site\" content=\"@talkpalai\" \/>\n<meta name=\"twitter:label1\" content=\"Tempo di lettura stimato\" \/>\n\t<meta name=\"twitter:data1\" content=\"3 minuti\" \/>\n<script type=\"application\/ld+json\" class=\"yoast-schema-graph\">{\"@context\":\"https:\/\/schema.org\",\"@graph\":[{\"@type\":\"WebPage\",\"@id\":\"https:\/\/talkpal.ai\/it\/impara-il-linguaggio-giuridico-professionale-con-lintelligenza-artificiale\/\",\"url\":\"https:\/\/talkpal.ai\/it\/impara-il-linguaggio-giuridico-professionale-con-lintelligenza-artificiale\/\",\"name\":\"Impara il linguaggio giuridico professionale con l'intelligenza artificiale - Talkpal\",\"isPartOf\":{\"@id\":\"https:\/\/talkpal.ai\/it\/#website\"},\"primaryImageOfPage\":{\"@id\":\"https:\/\/talkpal.ai\/it\/impara-il-linguaggio-giuridico-professionale-con-lintelligenza-artificiale\/#primaryimage\"},\"image\":{\"@id\":\"https:\/\/talkpal.ai\/it\/impara-il-linguaggio-giuridico-professionale-con-lintelligenza-artificiale\/#primaryimage\"},\"thumbnailUrl\":\"https:\/\/talkpal.ai\/wp-content\/uploads\/2026\/02\/law_courses.webp\",\"datePublished\":\"2026-02-27T11:00:49+00:00\",\"dateModified\":\"2026-02-27T11:29:20+00:00\",\"description\":\"Migliora la tua carriera con il corso di diritto professionale di Talkpal. Impara la terminologia legale ed esercitati in scenari professionali reali in oltre 80 lingue con il nostro tutor AI.\",\"breadcrumb\":{\"@id\":\"https:\/\/talkpal.ai\/it\/impara-il-linguaggio-giuridico-professionale-con-lintelligenza-artificiale\/#breadcrumb\"},\"inLanguage\":\"it-IT\",\"potentialAction\":[{\"@type\":\"ReadAction\",\"target\":[\"https:\/\/talkpal.ai\/it\/impara-il-linguaggio-giuridico-professionale-con-lintelligenza-artificiale\/\"]}]},{\"@type\":\"ImageObject\",\"inLanguage\":\"it-IT\",\"@id\":\"https:\/\/talkpal.ai\/it\/impara-il-linguaggio-giuridico-professionale-con-lintelligenza-artificiale\/#primaryimage\",\"url\":\"https:\/\/talkpal.ai\/wp-content\/uploads\/2026\/02\/law_courses.webp\",\"contentUrl\":\"https:\/\/talkpal.ai\/wp-content\/uploads\/2026\/02\/law_courses.webp\",\"width\":1200,\"height\":992,\"caption\":\"Corsi di legge\"},{\"@type\":\"BreadcrumbList\",\"@id\":\"https:\/\/talkpal.ai\/it\/impara-il-linguaggio-giuridico-professionale-con-lintelligenza-artificiale\/#breadcrumb\",\"itemListElement\":[{\"@type\":\"ListItem\",\"position\":1,\"name\":\"Homepage\",\"item\":\"https:\/\/talkpal.ai\/it\/\"},{\"@type\":\"ListItem\",\"position\":2,\"name\":\"Impara il linguaggio giuridico professionale con l&#8217;intelligenza artificiale\"}]},{\"@type\":\"WebSite\",\"@id\":\"https:\/\/talkpal.ai\/it\/#website\",\"url\":\"https:\/\/talkpal.ai\/it\/\",\"name\":\"Talkpal\",\"description\":\"AI Language Learning\",\"publisher\":{\"@id\":\"https:\/\/talkpal.ai\/it\/#organization\"},\"alternateName\":\"Talkpal AI\",\"potentialAction\":[{\"@type\":\"SearchAction\",\"target\":{\"@type\":\"EntryPoint\",\"urlTemplate\":\"https:\/\/talkpal.ai\/it\/?s={search_term_string}\"},\"query-input\":{\"@type\":\"PropertyValueSpecification\",\"valueRequired\":true,\"valueName\":\"search_term_string\"}}],\"inLanguage\":\"it-IT\"},{\"@type\":\"Organization\",\"@id\":\"https:\/\/talkpal.ai\/it\/#organization\",\"name\":\"Talkpal, Inc.\",\"alternateName\":\"Talkpal AI\",\"url\":\"https:\/\/talkpal.ai\/it\/\",\"logo\":{\"@type\":\"ImageObject\",\"inLanguage\":\"it-IT\",\"@id\":\"https:\/\/talkpal.ai\/it\/#\/schema\/logo\/image\/\",\"url\":\"https:\/\/talkpal.ai\/wp-content\/uploads\/2024\/03\/Talkpal-Logo-Icon.png\",\"contentUrl\":\"https:\/\/talkpal.ai\/wp-content\/uploads\/2024\/03\/Talkpal-Logo-Icon.png\",\"width\":2880,\"height\":2880,\"caption\":\"Talkpal, Inc.\"},\"image\":{\"@id\":\"https:\/\/talkpal.ai\/it\/#\/schema\/logo\/image\/\"},\"sameAs\":[\"https:\/\/www.facebook.com\/profile.php?id=100090733639311\",\"https:\/\/x.com\/talkpalai\",\"https:\/\/www.linkedin.com\/company\/talkpal\/\",\"https:\/\/www.youtube.com\/@TalkPal\/\",\"https:\/\/www.tiktok.com\/@talkpal\",\"https:\/\/www.instagram.com\/talkpal_ai\/\",\"https:\/\/www.crunchbase.com\/organization\/talkpal-9cde\",\"https:\/\/www.g2.com\/products\/talkpal-for-business\/\",\"https:\/\/www.trustpilot.com\/review\/talkpal.ai\",\"https:\/\/www.capterra.com\/p\/10006800\/TalkPal\/\"],\"description\":\"Talkpal is a language learning web and mobile education app, powered by the latest AI technologies, that provides engaging experiences to its customers in many different languages to help them improve their language skills. Users can chat about unlimited amount of topics with the app and use other modes to practice their language learning.\",\"email\":\"support@talkpal.ai\",\"legalName\":\"Talkpal, Inc.\",\"foundingDate\":\"2023-04-03\",\"duns\":\"118989042\",\"numberOfEmployees\":{\"@type\":\"QuantitativeValue\",\"minValue\":\"11\",\"maxValue\":\"50\"},\"publishingPrinciples\":\"https:\/\/talkpal.ai\/publishing-principles\/\",\"actionableFeedbackPolicy\":\"https:\/\/talkpal.ai\/actionable-feedback-policy\/\",\"correctionsPolicy\":\"https:\/\/talkpal.ai\/corrections-policy\/\",\"ethicsPolicy\":\"https:\/\/talkpal.ai\/ethics-policy\/\",\"diversityPolicy\":\"https:\/\/talkpal.ai\/diversity-policy\/\",\"diversityStaffingReport\":\"https:\/\/talkpal.ai\/diversity-policy\/\"}]}<\/script>\n<!-- \/ Yoast SEO Premium plugin. -->","yoast_head_json":{"title":"Impara il linguaggio giuridico professionale con l'intelligenza artificiale - Talkpal","description":"Migliora la tua carriera con il corso di diritto professionale di Talkpal. Impara la terminologia legale ed esercitati in scenari professionali reali in oltre 80 lingue con il nostro tutor AI.","robots":{"index":"index","follow":"follow","max-snippet":"max-snippet:-1","max-image-preview":"max-image-preview:large","max-video-preview":"max-video-preview:-1"},"canonical":"https:\/\/talkpal.ai\/it\/impara-il-linguaggio-giuridico-professionale-con-lintelligenza-artificiale\/","og_locale":"it_IT","og_type":"article","og_title":"Impara il linguaggio giuridico professionale con l'intelligenza artificiale","og_description":"Noi siamo Talkpal Imparare la lingua del diritto pu\u00f2 essere un'esperienza emozionante e stimolante. Apre nuove porte a opportunit\u00e0 di carriera","og_url":"https:\/\/talkpal.ai\/it\/impara-il-linguaggio-giuridico-professionale-con-lintelligenza-artificiale\/","og_site_name":"Talkpal","article_publisher":"https:\/\/www.facebook.com\/profile.php?id=100090733639311","article_modified_time":"2026-02-27T11:29:20+00:00","og_image":[{"width":1200,"height":992,"url":"https:\/\/talkpal.ai\/wp-content\/uploads\/2026\/02\/law_courses.webp","type":"image\/webp"}],"twitter_card":"summary_large_image","twitter_site":"@talkpalai","twitter_misc":{"Tempo di lettura stimato":"3 minuti"},"schema":{"@context":"https:\/\/schema.org","@graph":[{"@type":"WebPage","@id":"https:\/\/talkpal.ai\/it\/impara-il-linguaggio-giuridico-professionale-con-lintelligenza-artificiale\/","url":"https:\/\/talkpal.ai\/it\/impara-il-linguaggio-giuridico-professionale-con-lintelligenza-artificiale\/","name":"Impara il linguaggio giuridico professionale con l'intelligenza artificiale - Talkpal","isPartOf":{"@id":"https:\/\/talkpal.ai\/it\/#website"},"primaryImageOfPage":{"@id":"https:\/\/talkpal.ai\/it\/impara-il-linguaggio-giuridico-professionale-con-lintelligenza-artificiale\/#primaryimage"},"image":{"@id":"https:\/\/talkpal.ai\/it\/impara-il-linguaggio-giuridico-professionale-con-lintelligenza-artificiale\/#primaryimage"},"thumbnailUrl":"https:\/\/talkpal.ai\/wp-content\/uploads\/2026\/02\/law_courses.webp","datePublished":"2026-02-27T11:00:49+00:00","dateModified":"2026-02-27T11:29:20+00:00","description":"Migliora la tua carriera con il corso di diritto professionale di Talkpal. Impara la terminologia legale ed esercitati in scenari professionali reali in oltre 80 lingue con il nostro tutor AI.","breadcrumb":{"@id":"https:\/\/talkpal.ai\/it\/impara-il-linguaggio-giuridico-professionale-con-lintelligenza-artificiale\/#breadcrumb"},"inLanguage":"it-IT","potentialAction":[{"@type":"ReadAction","target":["https:\/\/talkpal.ai\/it\/impara-il-linguaggio-giuridico-professionale-con-lintelligenza-artificiale\/"]}]},{"@type":"ImageObject","inLanguage":"it-IT","@id":"https:\/\/talkpal.ai\/it\/impara-il-linguaggio-giuridico-professionale-con-lintelligenza-artificiale\/#primaryimage","url":"https:\/\/talkpal.ai\/wp-content\/uploads\/2026\/02\/law_courses.webp","contentUrl":"https:\/\/talkpal.ai\/wp-content\/uploads\/2026\/02\/law_courses.webp","width":1200,"height":992,"caption":"Corsi di legge"},{"@type":"BreadcrumbList","@id":"https:\/\/talkpal.ai\/it\/impara-il-linguaggio-giuridico-professionale-con-lintelligenza-artificiale\/#breadcrumb","itemListElement":[{"@type":"ListItem","position":1,"name":"Homepage","item":"https:\/\/talkpal.ai\/it\/"},{"@type":"ListItem","position":2,"name":"Impara il linguaggio giuridico professionale con l&#8217;intelligenza artificiale"}]},{"@type":"WebSite","@id":"https:\/\/talkpal.ai\/it\/#website","url":"https:\/\/talkpal.ai\/it\/","name":"Talkpal","description":"AI Language Learning","publisher":{"@id":"https:\/\/talkpal.ai\/it\/#organization"},"alternateName":"Talkpal AI","potentialAction":[{"@type":"SearchAction","target":{"@type":"EntryPoint","urlTemplate":"https:\/\/talkpal.ai\/it\/?s={search_term_string}"},"query-input":{"@type":"PropertyValueSpecification","valueRequired":true,"valueName":"search_term_string"}}],"inLanguage":"it-IT"},{"@type":"Organization","@id":"https:\/\/talkpal.ai\/it\/#organization","name":"Talkpal, Inc.","alternateName":"Talkpal AI","url":"https:\/\/talkpal.ai\/it\/","logo":{"@type":"ImageObject","inLanguage":"it-IT","@id":"https:\/\/talkpal.ai\/it\/#\/schema\/logo\/image\/","url":"https:\/\/talkpal.ai\/wp-content\/uploads\/2024\/03\/Talkpal-Logo-Icon.png","contentUrl":"https:\/\/talkpal.ai\/wp-content\/uploads\/2024\/03\/Talkpal-Logo-Icon.png","width":2880,"height":2880,"caption":"Talkpal, Inc."},"image":{"@id":"https:\/\/talkpal.ai\/it\/#\/schema\/logo\/image\/"},"sameAs":["https:\/\/www.facebook.com\/profile.php?id=100090733639311","https:\/\/x.com\/talkpalai","https:\/\/www.linkedin.com\/company\/talkpal\/","https:\/\/www.youtube.com\/@TalkPal\/","https:\/\/www.tiktok.com\/@talkpal","https:\/\/www.instagram.com\/talkpal_ai\/","https:\/\/www.crunchbase.com\/organization\/talkpal-9cde","https:\/\/www.g2.com\/products\/talkpal-for-business\/","https:\/\/www.trustpilot.com\/review\/talkpal.ai","https:\/\/www.capterra.com\/p\/10006800\/TalkPal\/"],"description":"Talkpal is a language learning web and mobile education app, powered by the latest AI technologies, that provides engaging experiences to its customers in many different languages to help them improve their language skills. Users can chat about unlimited amount of topics with the app and use other modes to practice their language learning.","email":"support@talkpal.ai","legalName":"Talkpal, Inc.","foundingDate":"2023-04-03","duns":"118989042","numberOfEmployees":{"@type":"QuantitativeValue","minValue":"11","maxValue":"50"},"publishingPrinciples":"https:\/\/talkpal.ai\/publishing-principles\/","actionableFeedbackPolicy":"https:\/\/talkpal.ai\/actionable-feedback-policy\/","correctionsPolicy":"https:\/\/talkpal.ai\/corrections-policy\/","ethicsPolicy":"https:\/\/talkpal.ai\/ethics-policy\/","diversityPolicy":"https:\/\/talkpal.ai\/diversity-policy\/","diversityStaffingReport":"https:\/\/talkpal.ai\/diversity-policy\/"}]}},"_links":{"self":[{"href":"https:\/\/talkpal.ai\/it\/wp-json\/wp\/v2\/pages\/1647848","targetHints":{"allow":["GET"]}}],"collection":[{"href":"https:\/\/talkpal.ai\/it\/wp-json\/wp\/v2\/pages"}],"about":[{"href":"https:\/\/talkpal.ai\/it\/wp-json\/wp\/v2\/types\/page"}],"author":[{"embeddable":true,"href":"https:\/\/talkpal.ai\/it\/wp-json\/wp\/v2\/users\/20"}],"replies":[{"embeddable":true,"href":"https:\/\/talkpal.ai\/it\/wp-json\/wp\/v2\/comments?post=1647848"}],"version-history":[{"count":0,"href":"https:\/\/talkpal.ai\/it\/wp-json\/wp\/v2\/pages\/1647848\/revisions"}],"wp:featuredmedia":[{"embeddable":true,"href":"https:\/\/talkpal.ai\/it\/wp-json\/wp\/v2\/media\/1647849"}],"wp:attachment":[{"href":"https:\/\/talkpal.ai\/it\/wp-json\/wp\/v2\/media?parent=1647848"}],"curies":[{"name":"wp","href":"https:\/\/api.w.org\/{rel}","templated":true}]}}