{"id":164171,"date":"2023-06-16T13:02:09","date_gmt":"2023-06-16T13:02:09","guid":{"rendered":"http:\/\/talkpal.ai\/esercizi-di-grammatica-croata\/"},"modified":"2025-12-17T16:26:20","modified_gmt":"2025-12-17T16:26:20","slug":"esercizi-di-grammatica-croata","status":"publish","type":"page","link":"https:\/\/talkpal.ai\/it\/esercizi-di-grammatica-croata\/","title":{"rendered":"Esercizi di grammatica croata"},"content":{"rendered":"\r\n\r\n\r\n<section class=\"languageChallengeSection\">\r\n    <div class=\"languageInfoWrapper\">\r\n        \r\n        <h1>Esercizi di grammatica croata<\/h1>\r\n        <p>Vuoi prendere confidenza con il <a href=\"https:\/\/talkpal.ai\/learn-croatian\/\">croato<\/a>? Gli esercizi di grammatica ti aiuteranno a padroneggiare la struttura delle frasi, le forme dei verbi e le caratteristiche uniche della lingua croata. Inizia oggi stesso a esplorare la <a href=\"https:\/\/talkpal.ai\/it\/cosa-ce-di-speciale-nella-grammatica-croata\/\">grammatica croata<\/a> e guarda le tue abilit\u00e0 e la tua fluidit\u00e0 migliorare con ogni nuovo esercizio!\n\n<\/p>\r\n\r\n                            <a class=\"getStartedHidden\" href=\"https:\/\/app.talkpal.ai\/it\/signup?lng=\">Comincia<\/a>\r\n        \r\n    <\/div>\r\n\r\n    <figure>\r\n    <img decoding=\"async\" width=\"768\" height=\"768\" src=\"https:\/\/talkpal.ai\/wp-content\/uploads\/2023\/06\/croatian-768x768.png\" class=\"languageImage no-lazy\" alt=\"Default alt text\" fetchpriority=\"high\" sizes=\"(max-width: 768px) 150px, 768px\" srcset=\"https:\/\/talkpal.ai\/wp-content\/uploads\/2023\/06\/croatian-768x768.png 768w, https:\/\/talkpal.ai\/wp-content\/uploads\/2023\/06\/croatian-300x300.png 300w\" \/>\r\n    \r\n\r\n    <\/figure>\r\n\r\n            <a class=\"getStartedVisible\" href=\"https:\/\/app.talkpal.ai\/it\/signup?lng=\">Comincia<\/a>\r\n    \r\n<\/section>\r\n\r\n\r\n<!-- <section class=\"grammarSection\">\r\n    <div class=\"grammarLinks\">\r\n        <a href=\"https:\/\/talkpal.ai\/it\/exercise_language\/aggettivi-grammatica-croata\/\">Aggettivi <\/a><a href=\"https:\/\/talkpal.ai\/it\/exercise_language\/articoli-grammatica-croata\/\">Articoli \u2013 Grammatica croata<\/a><a href=\"https:\/\/talkpal.ai\/it\/exercise_language\/avverbi-grammatica-croata\/\">Avverbi \u2013 Grammatica croata<\/a><a href=\"https:\/\/talkpal.ai\/it\/exercise_language\/condizionali-grammatica-croata\/\">Condizionali \u2013 Grammatica croata<\/a><a href=\"https:\/\/talkpal.ai\/it\/exercise_language\/confronto-dei-tempi-verbali-grammatica-croata\/\">Confronto dei tempi verbali \u2013 Grammatica croata<\/a><a href=\"https:\/\/talkpal.ai\/it\/exercise_language\/frasi-grammatica-croata\/\">Frasi \u2013 Grammatica croata<\/a><a href=\"https:\/\/talkpal.ai\/it\/exercise_language\/preposizioni-grammatica-croata\/\">Preposizioni \u2013 Grammatica croata<\/a><a href=\"https:\/\/talkpal.ai\/it\/exercise_language\/progressivo-grammatica-croata\/\">Progressivo <\/a><a href=\"https:\/\/talkpal.ai\/it\/exercise_language\/progressivo-perfetto-grammatica-croata\/\">Progressivo perfetto \u2013 Grammatica croata<\/a><a href=\"https:\/\/talkpal.ai\/it\/exercise_language\/pronomi-determinanti-grammatica-croata\/\">Pronomi\/Determinanti <\/a><a href=\"https:\/\/talkpal.ai\/it\/exercise_language\/sostantivi-grammatica-croata\/\">Sostantivi \u2013 Grammatica croata<\/a><a href=\"https:\/\/talkpal.ai\/it\/exercise_language\/tempi-verbali-grammatica-croata\/\">Tempi verbali <\/a><a href=\"https:\/\/talkpal.ai\/it\/exercise_language\/verbi-grammatica-croata\/\">Verbi <\/a>    <\/div>\r\n<\/section> -->\r\n\r\n\r\n\r\n\r\n        <section class=\"grammarSection\">\r\n            <div class=\"grammarLinks\">\r\n                <a href=\"https:\/\/talkpal.ai\/it\/exercise_language\/aggettivi-grammatica-croata\/\">Aggettivi <\/a><a href=\"https:\/\/talkpal.ai\/it\/exercise_language\/articoli-grammatica-croata\/\">Articoli \u2013 Grammatica croata<\/a><a href=\"https:\/\/talkpal.ai\/it\/exercise_language\/avverbi-grammatica-croata\/\">Avverbi \u2013 Grammatica croata<\/a><a href=\"https:\/\/talkpal.ai\/it\/exercise_language\/condizionali-grammatica-croata\/\">Condizionali \u2013 Grammatica croata<\/a><a href=\"https:\/\/talkpal.ai\/it\/exercise_language\/confronto-dei-tempi-verbali-grammatica-croata\/\">Confronto dei tempi verbali \u2013 Grammatica croata<\/a><a href=\"https:\/\/talkpal.ai\/it\/exercise_language\/frasi-grammatica-croata\/\">Frasi \u2013 Grammatica croata<\/a><a href=\"https:\/\/talkpal.ai\/it\/exercise_language\/preposizioni-grammatica-croata\/\">Preposizioni \u2013 Grammatica croata<\/a><a href=\"https:\/\/talkpal.ai\/it\/exercise_language\/progressivo-grammatica-croata\/\">Progressivo <\/a><a href=\"https:\/\/talkpal.ai\/it\/exercise_language\/progressivo-perfetto-grammatica-croata\/\">Progressivo perfetto \u2013 Grammatica croata<\/a><a href=\"https:\/\/talkpal.ai\/it\/exercise_language\/pronomi-determinanti-grammatica-croata\/\">Pronomi\/Determinanti <\/a><a href=\"https:\/\/talkpal.ai\/it\/exercise_language\/sostantivi-grammatica-croata\/\">Sostantivi \u2013 Grammatica croata<\/a><a href=\"https:\/\/talkpal.ai\/it\/exercise_language\/tempi-verbali-grammatica-croata\/\">Tempi verbali <\/a><a href=\"https:\/\/talkpal.ai\/it\/exercise_language\/verbi-grammatica-croata\/\">Verbi <\/a>            <\/div>\r\n        <\/section>\r\n<section class=\"promotionalBanner\">\r\n    <p class=\"promotionalText\">Il modo pi\u00f9 efficace per imparare una lingua<\/p>\r\n    <a class=\"promotionalLink\" href=\"https:\/\/app.talkpal.ai\/it\/signup?lng=\">Prova Talkpal gratuitamente<\/a>\r\n<\/section>\n<div class=\"wp-block-group pageContainerStyle\"><div class=\"wp-block-group__inner-container is-layout-constrained wp-block-group-is-layout-constrained\">\n<h2 class=\"wp-block-heading\" id=\"h-croatian-grammar-topics\">Argomenti di grammatica croata<\/h2>\n\n\n\n<p>Il croato, lingua slava meridionale, \u00e8 la lingua ufficiale della Croazia e una delle lingue ufficiali della <a href=\"https:\/\/talkpal.ai\/learn-bosnian\/\">Bosnia<\/a> ed Erzegovina. \u00c8 una lingua complessa e ricca, con una lunga storia e un sistema grammaticale unico. Per gli <a href=\"https:\/\/talkpal.ai\/talkpal-discount-for-students\/\">studenti<\/a>, \u00e8 essenziale comprendere gli aspetti fondamentali della grammatica croata per diventare competenti nella lingua. Questa guida ti aiuter\u00e0 a navigare attraverso gli argomenti grammaticali chiave come tempi, verbi, sostantivi e altro, in una sequenza che faciliter\u00e0 il tuo processo di apprendimento e fornir\u00e0 una solida base per padroneggiare questa bellissima lingua.<\/p>\n\n\n\n<h3 class=\"wp-block-heading\" id=\"h-1-nouns\">1. Sostantivi:<\/h3>\n\n\n\n<p>I sostantivi sono il primo elemento costitutivo di qualsiasi lingua e quelli croati hanno tre generi: maschile, femminile e neuter, che influenzano la declinazione e l&#8217;accordo con gli aggettivi e i pronomi. Familiarizza con i diversi generi e le rispettive desinenze.<\/p>\n\n\n\n<h3 class=\"wp-block-heading\" id=\"h-2-articles\">2. Articoli:<\/h3>\n\n\n\n<p>Il croato non ha articoli come &#8220;the&#8221; o &#8220;a&#8221; in <a href=\"https:\/\/talkpal.ai\/learn-english-with-ai\/\">inglese<\/a>, il che <a href=\"https:\/\/talkpal.ai\/locations\/language-courses-in-rende\/\">rende<\/a> pi\u00f9 facile per i principianti <a href=\"https:\/\/talkpal.ai\/ko\/ai-%ec%96%b8%ec%96%b4-%ea%b5%90%ec%82%ac\/\">iniziare<\/a> a costruire frasi semplici senza preoccuparsi dell&#8217;uso degli articoli.<\/p>\n\n\n\n<h3 class=\"wp-block-heading\" id=\"h-3-pronouns-determiners\">3. Pronomi\/Determinanti:<\/h3>\n\n\n\n<p>I pronomi sono usati per sostituire i sostantivi nelle frasi, mentre i determinanti indicano la specificit\u00e0 di un sostantivo. Impara i diversi tipi di pronomi (personali, possessivi, dimostrativi, ecc.) e la loro declinazione in base al genere, al numero e al caso.<\/p>\n\n\n\n<h3 class=\"wp-block-heading\" id=\"h-4-adjectives\">4. Aggettivi:<\/h3>\n\n\n\n<p>Gli aggettivi descrivono le qualit\u00e0 dei sostantivi e concordano con il genere, il numero e il caso del sostantivo che modificano. Impara le forme di base e i modelli di declinazione degli aggettivi.<\/p>\n\n\n\n<h3 class=\"wp-block-heading\" id=\"h-5-verbs\">5. Verbi:<\/h3>\n\n\n\n<p>I verbi sono il fulcro di qualsiasi frase, esprimono azioni o stati. I verbi croati si coniugano in base al tempo, al modo, alla voce e alla persona. Inizia con i verbi regolari pi\u00f9 comuni e i loro schemi di coniugazione al <a href=\"https:\/\/talkpal.ai\/zh-hans\/grammar_exercises\/presente-%e8%a5%bf%e7%8f%ad%e7%89%99%e8%af%ad%e6%b3%95%e7%bb%83%e4%b9%a0\/\">presente<\/a>.<\/p>\n\n\n\n<h3 class=\"wp-block-heading\" id=\"h-6-tenses\">6. Tempi verbali:<\/h3>\n\n\n\n<p>Il croato ha sette tempi: presente, futuro I, futuro II, passato, piuccheperfetto, aoristo e imperfetto. Inizia con il presente e poi passa al passato e al futuro, imparando i modelli di coniugazione per ciascuno.<\/p>\n\n\n\n<h3 class=\"wp-block-heading\" id=\"h-7-tense-comparison\">7. Confronto teso:<\/h3>\n\n\n\n<p>Comprendere le differenze e le somiglianze tra i tempi verbali \u00e8 fondamentale per padroneggiare il croato. Confronta i tempi verbali ed esercitati a usarli nel contesto.<\/p>\n\n\n\n<h3 class=\"wp-block-heading\" id=\"h-8-progressive\">8. Progressivo:<\/h3>\n\n\n\n<p>L&#8217;aspetto progressivo esprime azioni in corso o continuative. Il croato non ha una forma progressiva separata come l&#8217;italiano, ma puoi trasmettere il significato progressivo usando forme verbali, avverbi o costruzioni specifiche.<\/p>\n\n\n\n<h3 class=\"wp-block-heading\" id=\"h-9-perfect-progressive\">9. Progressivo perfetto:<\/h3>\n\n\n\n<p>Questo aspetto combina i significati perfetti e progressivi. In croato, si esprime usando il tempo perfetto con una forma o costruzione verbale specifica che indica un&#8217;azione continua.<\/p>\n\n\n\n<h3 class=\"wp-block-heading\" id=\"h-10-adverbs\">10. Avverbi:<\/h3>\n\n\n\n<p>Gli avverbi modificano verbi, aggettivi o altri avverbi e di solito indicano il modo, il luogo, il tempo o il grado. Impara gli avverbi croati pi\u00f9 comuni e la loro posizione nelle frasi.<\/p>\n\n\n\n<h3 class=\"wp-block-heading\" id=\"h-11-prepositions\">11. Preposizioni:<\/h3>\n\n\n\n<p>Le preposizioni sono usate per indicare le relazioni tra le parole, come luogo, direzione, tempo o possesso. Impara le preposizioni croate pi\u00f9 comuni e i casi che governano.<\/p>\n\n\n\n<h3 class=\"wp-block-heading\" id=\"h-12-conditionals\">12. Condizionali:<\/h3>\n\n\n\n<p>I condizionali esprimono situazioni o condizioni ipotetiche e le loro conseguenze. Il croato prevede tre tipi di condizionali: reali, irreali e misti. Impara la formazione e l&#8217;uso di ogni tipo.<\/p>\n\n\n\n<h3 class=\"wp-block-heading\" id=\"h-13-sentences\">13. Frasi:<\/h3>\n\n\n\n<p>Infine, esercitati a combinare tutti gli elementi grammaticali che hai imparato per costruire frasi semplici e complesse in croato. Questo ti aiuter\u00e0 a sviluppare la tua fluidit\u00e0 linguistica e la comprensione della grammatica croata nel suo complesso.<\/p>\n<\/div><\/div>\n\r\n<section class=\"learnNavigationSection\">\r\n            \r\n        <a href=\"https:\/\/talkpal.ai\/it\/imparare-il-croato\/\">\r\n            <div class=\"learnNavigationWrapper\">\r\n                <div class=\"learnNavigationContent\">\r\n                    <img decoding=\"async\" src=\"https:\/\/talkpal.ai\/wp-content\/uploads\/2024\/08\/Croatian.jpg\" alt=\"Croatian Flag\">\r\n                    <div>\r\n                        <h4>Informazioni sull&#039;apprendimento del croato<\/h4>\r\n                        <p>Scoprite tutto sulla grammatica croata.<\/p>\r\n                    <\/div>\r\n                <\/div>\r\n            <\/div>\r\n        <\/a>\r\n\r\n        \r\n        <a href=\"https:\/\/talkpal.ai\/it\/grammatica-croata\/\">\r\n            <div class=\"learnNavigationWrapper\">\r\n                <div class=\"learnNavigationContent\">\r\n                    <img decoding=\"async\" src=\"https:\/\/talkpal.ai\/wp-content\/uploads\/2024\/08\/Croatian.jpg\" alt=\"Croatian Flag\">\r\n                    <div>\r\n                        <h4>Lezioni di grammatica croata<\/h4>\r\n                        <p>Pratica la grammatica croata .<\/p>\r\n                    <\/div>\r\n                <\/div>\r\n            <\/div>\r\n        <\/a>\r\n\r\n        \r\n        <a href=\"https:\/\/talkpal.ai\/vocabulary_language\/croatian\/\">\r\n            <div class=\"learnNavigationWrapper\">\r\n                <div class=\"learnNavigationContent\">\r\n                    <img decoding=\"async\" src=\"https:\/\/talkpal.ai\/wp-content\/uploads\/2024\/08\/Croatian.jpg\" alt=\"Croatian Flag\">\r\n                    <div>\r\n                        <h4>Vocabolario croato<\/h4>\r\n                        <p>Amplia il tuo vocabolario croato.<\/p>\r\n                    <\/div>\r\n                <\/div>\r\n            <\/div>\r\n        <\/a>\r\n\r\n            <\/section>","protected":false},"excerpt":{"rendered":"<p>Argomenti di grammatica croata Il croato, lingua slava meridionale, \u00e8 la lingua ufficiale della Croazia e una delle lingue ufficiali della Bosnia ed Erzegovina. \u00c8 una lingua complessa e ricca, con una lunga storia e un sistema grammaticale unico. Per gli studenti, \u00e8 essenziale comprendere gli aspetti fondamentali della grammatica croata per diventare competenti nella [&hellip;]<\/p>\n","protected":false},"author":6,"featured_media":28255,"parent":0,"menu_order":0,"comment_status":"closed","ping_status":"closed","template":"LearningContentPage.php","meta":{"_acf_changed":false,"footnotes":""},"class_list":["post-164171","page","type-page","status-publish","has-post-thumbnail","hentry"],"acf":[],"yoast_head":"<!-- This site is optimized with the Yoast SEO Premium plugin v27.2 (Yoast SEO v27.2) - https:\/\/yoast.com\/product\/yoast-seo-premium-wordpress\/ -->\n<title>Esercizi di grammatica croata - Talkpal<\/title>\n<meta name=\"description\" content=\"Impara il croato con efficaci esercizi di grammatica croata che semplificano l&#039;apprendimento di tempi, verbi e nomi per gli utenti.\" \/>\n<meta name=\"robots\" content=\"index, follow, max-snippet:-1, max-image-preview:large, max-video-preview:-1\" \/>\n<link rel=\"canonical\" href=\"https:\/\/talkpal.ai\/it\/esercizi-di-grammatica-croata\/\" \/>\n<meta property=\"og:locale\" content=\"it_IT\" \/>\n<meta property=\"og:type\" content=\"article\" \/>\n<meta property=\"og:title\" content=\"Esercizi di grammatica croata\" \/>\n<meta property=\"og:description\" content=\"Argomenti di grammatica croata Il croato, lingua slava meridionale, \u00e8 la lingua ufficiale della Croazia e una delle lingue ufficiali della Bosnia ed\" \/>\n<meta property=\"og:url\" content=\"https:\/\/talkpal.ai\/it\/esercizi-di-grammatica-croata\/\" \/>\n<meta property=\"og:site_name\" content=\"Talkpal\" \/>\n<meta property=\"article:publisher\" content=\"https:\/\/www.facebook.com\/profile.php?id=100090733639311\" \/>\n<meta property=\"article:modified_time\" content=\"2025-12-17T16:26:20+00:00\" \/>\n<meta property=\"og:image\" content=\"https:\/\/talkpal.ai\/wp-content\/uploads\/2023\/05\/croatia.png\" \/>\n\t<meta property=\"og:image:width\" content=\"512\" \/>\n\t<meta property=\"og:image:height\" content=\"512\" \/>\n\t<meta property=\"og:image:type\" content=\"image\/png\" \/>\n<meta name=\"twitter:card\" content=\"summary_large_image\" \/>\n<meta name=\"twitter:site\" content=\"@talkpalai\" \/>\n<meta name=\"twitter:label1\" content=\"Tempo di lettura stimato\" \/>\n\t<meta name=\"twitter:data1\" content=\"3 minuti\" \/>\n<script type=\"application\/ld+json\" class=\"yoast-schema-graph\">{\"@context\":\"https:\/\/schema.org\",\"@graph\":[{\"@type\":\"WebPage\",\"@id\":\"https:\/\/talkpal.ai\/it\/esercizi-di-grammatica-croata\/\",\"url\":\"https:\/\/talkpal.ai\/it\/esercizi-di-grammatica-croata\/\",\"name\":\"Esercizi di grammatica croata - Talkpal\",\"isPartOf\":{\"@id\":\"https:\/\/talkpal.ai\/it\/#website\"},\"primaryImageOfPage\":{\"@id\":\"https:\/\/talkpal.ai\/it\/esercizi-di-grammatica-croata\/#primaryimage\"},\"image\":{\"@id\":\"https:\/\/talkpal.ai\/it\/esercizi-di-grammatica-croata\/#primaryimage\"},\"thumbnailUrl\":\"https:\/\/talkpal.ai\/wp-content\/uploads\/2023\/05\/croatia.png\",\"datePublished\":\"2023-06-16T13:02:09+00:00\",\"dateModified\":\"2025-12-17T16:26:20+00:00\",\"description\":\"Impara il croato con efficaci esercizi di grammatica croata che semplificano l'apprendimento di tempi, verbi e nomi per gli utenti.\",\"breadcrumb\":{\"@id\":\"https:\/\/talkpal.ai\/it\/esercizi-di-grammatica-croata\/#breadcrumb\"},\"inLanguage\":\"it-IT\",\"potentialAction\":[{\"@type\":\"ReadAction\",\"target\":[\"https:\/\/talkpal.ai\/it\/esercizi-di-grammatica-croata\/\"]}]},{\"@type\":\"ImageObject\",\"inLanguage\":\"it-IT\",\"@id\":\"https:\/\/talkpal.ai\/it\/esercizi-di-grammatica-croata\/#primaryimage\",\"url\":\"https:\/\/talkpal.ai\/wp-content\/uploads\/2023\/05\/croatia.png\",\"contentUrl\":\"https:\/\/talkpal.ai\/wp-content\/uploads\/2023\/05\/croatia.png\",\"width\":512,\"height\":512},{\"@type\":\"BreadcrumbList\",\"@id\":\"https:\/\/talkpal.ai\/it\/esercizi-di-grammatica-croata\/#breadcrumb\",\"itemListElement\":[{\"@type\":\"ListItem\",\"position\":1,\"name\":\"Homepage\",\"item\":\"https:\/\/talkpal.ai\/it\/\"},{\"@type\":\"ListItem\",\"position\":2,\"name\":\"Esercizi di grammatica croata\"}]},{\"@type\":\"WebSite\",\"@id\":\"https:\/\/talkpal.ai\/it\/#website\",\"url\":\"https:\/\/talkpal.ai\/it\/\",\"name\":\"Talkpal\",\"description\":\"AI Language Learning\",\"publisher\":{\"@id\":\"https:\/\/talkpal.ai\/it\/#organization\"},\"alternateName\":\"Talkpal AI\",\"potentialAction\":[{\"@type\":\"SearchAction\",\"target\":{\"@type\":\"EntryPoint\",\"urlTemplate\":\"https:\/\/talkpal.ai\/it\/?s={search_term_string}\"},\"query-input\":{\"@type\":\"PropertyValueSpecification\",\"valueRequired\":true,\"valueName\":\"search_term_string\"}}],\"inLanguage\":\"it-IT\"},{\"@type\":\"Organization\",\"@id\":\"https:\/\/talkpal.ai\/it\/#organization\",\"name\":\"Talkpal, Inc.\",\"alternateName\":\"Talkpal AI\",\"url\":\"https:\/\/talkpal.ai\/it\/\",\"logo\":{\"@type\":\"ImageObject\",\"inLanguage\":\"it-IT\",\"@id\":\"https:\/\/talkpal.ai\/it\/#\/schema\/logo\/image\/\",\"url\":\"https:\/\/talkpal.ai\/wp-content\/uploads\/2024\/03\/Talkpal-Logo-Icon.png\",\"contentUrl\":\"https:\/\/talkpal.ai\/wp-content\/uploads\/2024\/03\/Talkpal-Logo-Icon.png\",\"width\":2880,\"height\":2880,\"caption\":\"Talkpal, Inc.\"},\"image\":{\"@id\":\"https:\/\/talkpal.ai\/it\/#\/schema\/logo\/image\/\"},\"sameAs\":[\"https:\/\/www.facebook.com\/profile.php?id=100090733639311\",\"https:\/\/x.com\/talkpalai\",\"https:\/\/www.linkedin.com\/company\/talkpal\/\",\"https:\/\/www.youtube.com\/@TalkPal\/\",\"https:\/\/www.tiktok.com\/@talkpal\",\"https:\/\/www.instagram.com\/talkpal_ai\/\",\"https:\/\/www.crunchbase.com\/organization\/talkpal-9cde\",\"https:\/\/www.g2.com\/products\/talkpal-for-business\/\",\"https:\/\/www.trustpilot.com\/review\/talkpal.ai\",\"https:\/\/www.capterra.com\/p\/10006800\/TalkPal\/\"],\"description\":\"Talkpal is a language learning web and mobile education app, powered by the latest AI technologies, that provides engaging experiences to its customers in many different languages to help them improve their language skills. Users can chat about unlimited amount of topics with the app and use other modes to practice their language learning.\",\"email\":\"support@talkpal.ai\",\"legalName\":\"Talkpal, Inc.\",\"foundingDate\":\"2023-04-03\",\"duns\":\"118989042\",\"numberOfEmployees\":{\"@type\":\"QuantitativeValue\",\"minValue\":\"11\",\"maxValue\":\"50\"},\"publishingPrinciples\":\"https:\/\/talkpal.ai\/publishing-principles\/\",\"actionableFeedbackPolicy\":\"https:\/\/talkpal.ai\/actionable-feedback-policy\/\",\"correctionsPolicy\":\"https:\/\/talkpal.ai\/corrections-policy\/\",\"ethicsPolicy\":\"https:\/\/talkpal.ai\/ethics-policy\/\",\"diversityPolicy\":\"https:\/\/talkpal.ai\/diversity-policy\/\",\"diversityStaffingReport\":\"https:\/\/talkpal.ai\/diversity-policy\/\"}]}<\/script>\n<!-- \/ Yoast SEO Premium plugin. -->","yoast_head_json":{"title":"Esercizi di grammatica croata - Talkpal","description":"Impara il croato con efficaci esercizi di grammatica croata che semplificano l'apprendimento di tempi, verbi e nomi per gli utenti.","robots":{"index":"index","follow":"follow","max-snippet":"max-snippet:-1","max-image-preview":"max-image-preview:large","max-video-preview":"max-video-preview:-1"},"canonical":"https:\/\/talkpal.ai\/it\/esercizi-di-grammatica-croata\/","og_locale":"it_IT","og_type":"article","og_title":"Esercizi di grammatica croata","og_description":"Argomenti di grammatica croata Il croato, lingua slava meridionale, \u00e8 la lingua ufficiale della Croazia e una delle lingue ufficiali della Bosnia ed","og_url":"https:\/\/talkpal.ai\/it\/esercizi-di-grammatica-croata\/","og_site_name":"Talkpal","article_publisher":"https:\/\/www.facebook.com\/profile.php?id=100090733639311","article_modified_time":"2025-12-17T16:26:20+00:00","og_image":[{"width":512,"height":512,"url":"https:\/\/talkpal.ai\/wp-content\/uploads\/2023\/05\/croatia.png","type":"image\/png"}],"twitter_card":"summary_large_image","twitter_site":"@talkpalai","twitter_misc":{"Tempo di lettura stimato":"3 minuti"},"schema":{"@context":"https:\/\/schema.org","@graph":[{"@type":"WebPage","@id":"https:\/\/talkpal.ai\/it\/esercizi-di-grammatica-croata\/","url":"https:\/\/talkpal.ai\/it\/esercizi-di-grammatica-croata\/","name":"Esercizi di grammatica croata - Talkpal","isPartOf":{"@id":"https:\/\/talkpal.ai\/it\/#website"},"primaryImageOfPage":{"@id":"https:\/\/talkpal.ai\/it\/esercizi-di-grammatica-croata\/#primaryimage"},"image":{"@id":"https:\/\/talkpal.ai\/it\/esercizi-di-grammatica-croata\/#primaryimage"},"thumbnailUrl":"https:\/\/talkpal.ai\/wp-content\/uploads\/2023\/05\/croatia.png","datePublished":"2023-06-16T13:02:09+00:00","dateModified":"2025-12-17T16:26:20+00:00","description":"Impara il croato con efficaci esercizi di grammatica croata che semplificano l'apprendimento di tempi, verbi e nomi per gli utenti.","breadcrumb":{"@id":"https:\/\/talkpal.ai\/it\/esercizi-di-grammatica-croata\/#breadcrumb"},"inLanguage":"it-IT","potentialAction":[{"@type":"ReadAction","target":["https:\/\/talkpal.ai\/it\/esercizi-di-grammatica-croata\/"]}]},{"@type":"ImageObject","inLanguage":"it-IT","@id":"https:\/\/talkpal.ai\/it\/esercizi-di-grammatica-croata\/#primaryimage","url":"https:\/\/talkpal.ai\/wp-content\/uploads\/2023\/05\/croatia.png","contentUrl":"https:\/\/talkpal.ai\/wp-content\/uploads\/2023\/05\/croatia.png","width":512,"height":512},{"@type":"BreadcrumbList","@id":"https:\/\/talkpal.ai\/it\/esercizi-di-grammatica-croata\/#breadcrumb","itemListElement":[{"@type":"ListItem","position":1,"name":"Homepage","item":"https:\/\/talkpal.ai\/it\/"},{"@type":"ListItem","position":2,"name":"Esercizi di grammatica croata"}]},{"@type":"WebSite","@id":"https:\/\/talkpal.ai\/it\/#website","url":"https:\/\/talkpal.ai\/it\/","name":"Talkpal","description":"AI Language Learning","publisher":{"@id":"https:\/\/talkpal.ai\/it\/#organization"},"alternateName":"Talkpal AI","potentialAction":[{"@type":"SearchAction","target":{"@type":"EntryPoint","urlTemplate":"https:\/\/talkpal.ai\/it\/?s={search_term_string}"},"query-input":{"@type":"PropertyValueSpecification","valueRequired":true,"valueName":"search_term_string"}}],"inLanguage":"it-IT"},{"@type":"Organization","@id":"https:\/\/talkpal.ai\/it\/#organization","name":"Talkpal, Inc.","alternateName":"Talkpal AI","url":"https:\/\/talkpal.ai\/it\/","logo":{"@type":"ImageObject","inLanguage":"it-IT","@id":"https:\/\/talkpal.ai\/it\/#\/schema\/logo\/image\/","url":"https:\/\/talkpal.ai\/wp-content\/uploads\/2024\/03\/Talkpal-Logo-Icon.png","contentUrl":"https:\/\/talkpal.ai\/wp-content\/uploads\/2024\/03\/Talkpal-Logo-Icon.png","width":2880,"height":2880,"caption":"Talkpal, Inc."},"image":{"@id":"https:\/\/talkpal.ai\/it\/#\/schema\/logo\/image\/"},"sameAs":["https:\/\/www.facebook.com\/profile.php?id=100090733639311","https:\/\/x.com\/talkpalai","https:\/\/www.linkedin.com\/company\/talkpal\/","https:\/\/www.youtube.com\/@TalkPal\/","https:\/\/www.tiktok.com\/@talkpal","https:\/\/www.instagram.com\/talkpal_ai\/","https:\/\/www.crunchbase.com\/organization\/talkpal-9cde","https:\/\/www.g2.com\/products\/talkpal-for-business\/","https:\/\/www.trustpilot.com\/review\/talkpal.ai","https:\/\/www.capterra.com\/p\/10006800\/TalkPal\/"],"description":"Talkpal is a language learning web and mobile education app, powered by the latest AI technologies, that provides engaging experiences to its customers in many different languages to help them improve their language skills. Users can chat about unlimited amount of topics with the app and use other modes to practice their language learning.","email":"support@talkpal.ai","legalName":"Talkpal, Inc.","foundingDate":"2023-04-03","duns":"118989042","numberOfEmployees":{"@type":"QuantitativeValue","minValue":"11","maxValue":"50"},"publishingPrinciples":"https:\/\/talkpal.ai\/publishing-principles\/","actionableFeedbackPolicy":"https:\/\/talkpal.ai\/actionable-feedback-policy\/","correctionsPolicy":"https:\/\/talkpal.ai\/corrections-policy\/","ethicsPolicy":"https:\/\/talkpal.ai\/ethics-policy\/","diversityPolicy":"https:\/\/talkpal.ai\/diversity-policy\/","diversityStaffingReport":"https:\/\/talkpal.ai\/diversity-policy\/"}]}},"_links":{"self":[{"href":"https:\/\/talkpal.ai\/it\/wp-json\/wp\/v2\/pages\/164171","targetHints":{"allow":["GET"]}}],"collection":[{"href":"https:\/\/talkpal.ai\/it\/wp-json\/wp\/v2\/pages"}],"about":[{"href":"https:\/\/talkpal.ai\/it\/wp-json\/wp\/v2\/types\/page"}],"author":[{"embeddable":true,"href":"https:\/\/talkpal.ai\/it\/wp-json\/wp\/v2\/users\/6"}],"replies":[{"embeddable":true,"href":"https:\/\/talkpal.ai\/it\/wp-json\/wp\/v2\/comments?post=164171"}],"version-history":[{"count":0,"href":"https:\/\/talkpal.ai\/it\/wp-json\/wp\/v2\/pages\/164171\/revisions"}],"wp:featuredmedia":[{"embeddable":true,"href":"https:\/\/talkpal.ai\/it\/wp-json\/wp\/v2\/media\/28255"}],"wp:attachment":[{"href":"https:\/\/talkpal.ai\/it\/wp-json\/wp\/v2\/media?parent=164171"}],"curies":[{"name":"wp","href":"https:\/\/api.w.org\/{rel}","templated":true}]}}