{"id":158637,"date":"2023-06-22T08:52:21","date_gmt":"2023-06-22T08:52:21","guid":{"rendered":"http:\/\/talkpal.ai\/esercizi-di-grammatica-nepalese\/"},"modified":"2025-12-17T14:36:12","modified_gmt":"2025-12-17T14:36:12","slug":"esercizi-di-grammatica-nepalese","status":"publish","type":"page","link":"https:\/\/talkpal.ai\/it\/esercizi-di-grammatica-nepalese\/","title":{"rendered":"Esercizi di grammatica nepalese"},"content":{"rendered":"\r\n\r\n\r\n<section class=\"languageChallengeSection\">\r\n    <div class=\"languageInfoWrapper\">\r\n        \r\n        <h1>Esercizi di grammatica nepalese<\/h1>\r\n        <p>Vuoi prendere confidenza con il <a href=\"https:\/\/talkpal.ai\/learn-nepali\/\">nepalese<\/a>? Esercitarsi con gli esercizi di <a href=\"https:\/\/talkpal.ai\/grammar\/\">grammatica<\/a> \u00e8 un ottimo modo per capire la struttura delle frasi, le forme dei verbi e i modelli unici della lingua. Inizia a lavorare sulla grammatica <a href=\"https:\/\/talkpal.ai\/learn-nepali\/\">nepalese<\/a> oggi stesso e guarda le tue abilit\u00e0 e la tua scioltezza crescere ad ogni esercizio!<\/p>\r\n\r\n                            <a class=\"getStartedHidden\" href=\"https:\/\/app.talkpal.ai\/it\/signup?lng=\">Comincia<\/a>\r\n        \r\n    <\/div>\r\n\r\n    <figure>\r\n    <img decoding=\"async\" width=\"768\" height=\"768\" src=\"https:\/\/talkpal.ai\/wp-content\/uploads\/2023\/06\/nepali-768x768.png\" class=\"languageImage no-lazy\" alt=\"Default alt text\" fetchpriority=\"high\" sizes=\"(max-width: 768px) 150px, 768px\" srcset=\"https:\/\/talkpal.ai\/wp-content\/uploads\/2023\/06\/nepali-768x768.png 768w, https:\/\/talkpal.ai\/wp-content\/uploads\/2023\/06\/nepali-300x300.png 300w\" \/>\r\n    \r\n\r\n    <\/figure>\r\n\r\n            <a class=\"getStartedVisible\" href=\"https:\/\/app.talkpal.ai\/it\/signup?lng=\">Comincia<\/a>\r\n    \r\n<\/section>\r\n\r\n\r\n<!-- <section class=\"grammarSection\">\r\n    <div class=\"grammarLinks\">\r\n        <a href=\"https:\/\/talkpal.ai\/it\/exercise_language\/aggettivi-grammatica-nepalese\/\">Aggettivi <\/a><a href=\"https:\/\/talkpal.ai\/it\/exercise_language\/articoli-grammatica-nepalese\/\">Articoli <\/a><a href=\"https:\/\/talkpal.ai\/it\/exercise_language\/avverbi-grammatica-nepalese\/\">Avverbi <\/a><a href=\"https:\/\/talkpal.ai\/it\/exercise_language\/condizionali-grammatica-nepalese\/\">Condizionali <\/a><a href=\"https:\/\/talkpal.ai\/it\/exercise_language\/confronto-dei-tempi-grammatica-nepalese\/\">Confronto dei tempi <\/a><a href=\"https:\/\/talkpal.ai\/it\/exercise_language\/frasi-grammatica-nepalese\/\">Frasi <\/a><a href=\"https:\/\/talkpal.ai\/it\/exercise_language\/preposizioni-grammatica-nepalese\/\">Preposizioni <\/a><a href=\"https:\/\/talkpal.ai\/it\/exercise_language\/progressivo-grammatica-nepalese\/\">Progressivo <\/a><a href=\"https:\/\/talkpal.ai\/it\/exercise_language\/progressivo-perfetto-grammatica-nepalese\/\">Progressivo perfetto <\/a><a href=\"https:\/\/talkpal.ai\/it\/exercise_language\/pronomi-determinanti-grammatica-nepalese\/\">Pronomi\/Determinanti <\/a><a href=\"https:\/\/talkpal.ai\/it\/exercise_language\/sostantivi-grammatica-nepalese\/\">Sostantivi <\/a><a href=\"https:\/\/talkpal.ai\/it\/exercise_language\/tempi-verbali-grammatica-nepalese\/\">Tempi verbali <\/a><a href=\"https:\/\/talkpal.ai\/it\/exercise_language\/verbi-grammatica-nepalese\/\">Verbi <\/a>    <\/div>\r\n<\/section> -->\r\n\r\n\r\n\r\n\r\n        <section class=\"grammarSection\">\r\n            <div class=\"grammarLinks\">\r\n                <a href=\"https:\/\/talkpal.ai\/it\/exercise_language\/aggettivi-grammatica-nepalese\/\">Aggettivi <\/a><a href=\"https:\/\/talkpal.ai\/it\/exercise_language\/articoli-grammatica-nepalese\/\">Articoli <\/a><a href=\"https:\/\/talkpal.ai\/it\/exercise_language\/avverbi-grammatica-nepalese\/\">Avverbi <\/a><a href=\"https:\/\/talkpal.ai\/it\/exercise_language\/condizionali-grammatica-nepalese\/\">Condizionali <\/a><a href=\"https:\/\/talkpal.ai\/it\/exercise_language\/confronto-dei-tempi-grammatica-nepalese\/\">Confronto dei tempi <\/a><a href=\"https:\/\/talkpal.ai\/it\/exercise_language\/frasi-grammatica-nepalese\/\">Frasi <\/a><a href=\"https:\/\/talkpal.ai\/it\/exercise_language\/preposizioni-grammatica-nepalese\/\">Preposizioni <\/a><a href=\"https:\/\/talkpal.ai\/it\/exercise_language\/progressivo-grammatica-nepalese\/\">Progressivo <\/a><a href=\"https:\/\/talkpal.ai\/it\/exercise_language\/progressivo-perfetto-grammatica-nepalese\/\">Progressivo perfetto <\/a><a href=\"https:\/\/talkpal.ai\/it\/exercise_language\/pronomi-determinanti-grammatica-nepalese\/\">Pronomi\/Determinanti <\/a><a href=\"https:\/\/talkpal.ai\/it\/exercise_language\/sostantivi-grammatica-nepalese\/\">Sostantivi <\/a><a href=\"https:\/\/talkpal.ai\/it\/exercise_language\/tempi-verbali-grammatica-nepalese\/\">Tempi verbali <\/a><a href=\"https:\/\/talkpal.ai\/it\/exercise_language\/verbi-grammatica-nepalese\/\">Verbi <\/a>            <\/div>\r\n        <\/section>\r\n<section class=\"promotionalBanner\">\r\n    <p class=\"promotionalText\">Il modo pi\u00f9 efficace per imparare una lingua<\/p>\r\n    <a class=\"promotionalLink\" href=\"https:\/\/app.talkpal.ai\/it\/signup?lng=\">Prova Talkpal gratuitamente<\/a>\r\n<\/section>\n<div class=\"wp-block-group pageContainerStyle\"><div class=\"wp-block-group__inner-container is-layout-constrained wp-block-group-is-layout-constrained\">\n<h2 class=\"wp-block-heading\" id=\"h-nepali-grammar-topics\">Nepalese Argomenti di grammatica<\/h2>\n\n\n\n<p>Imparare la lingua nepalese pu\u00f2 essere un&#8217;esperienza affascinante e gratificante per chiunque sia interessato a immergersi nella ricca cultura e storia del Nepal. Come per qualsiasi lingua, padroneggiare la <a href=\"https:\/\/talkpal.ai\/nepali-grammar\/\">grammatica nepalese<\/a> \u00e8 fondamentale per una comunicazione efficace. Questo articolo ti guider\u00e0 attraverso gli argomenti di grammatica nepalese, raggruppati in una sequenza che faciliter\u00e0 il tuo viaggio di apprendimento linguistico. Dai <a href=\"https:\/\/talkpal.ai\/ar\/grammar_exercises\/tempi-%d8%aa%d9%85%d8%a7%d8%b1%d9%8a%d9%86-%d9%84%d9%84%d9%82%d9%88%d8%a7%d8%b9%d8%af-%d8%a7%d9%84%d8%a5%d9%8a%d8%b7%d8%a7%d9%84%d9%8a%d8%a9\/\">tempi verbali<\/a> alle strutture delle frasi, questa guida ti fornir\u00e0 una panoramica di importanti concetti grammaticali che getteranno solide basi per le tue abilit\u00e0 linguistiche nepalesi.<\/p>\n\n\n\n<h3 class=\"wp-block-heading\" id=\"h-1-tenses\">1. Tempi verbali:<\/h3>\n\n\n\n<p>La comprensione dei <a href=\"https:\/\/talkpal.ai\/ar\/grammar_exercises\/tempi-%d8%aa%d9%85%d8%a7%d8%b1%d9%8a%d9%86-%d9%84%d9%84%d9%82%d9%88%d8%a7%d8%b9%d8%af-%d8%a7%d9%84%d8%a5%d9%8a%d8%b7%d8%a7%d9%84%d9%8a%d8%a9\/\">tempi verbali<\/a> \u00e8 essenziale nell&#8217;apprendimento di qualsiasi lingua, in quanto aiutano a trasmettere l&#8217;ora di un&#8217;azione o di un evento. In nepalese ci sono tre tempi principali: passato, <a href=\"https:\/\/talkpal.ai\/zh-hans\/grammar_exercises\/presente-%e8%a5%bf%e7%8f%ad%e7%89%99%e8%af%ad%e6%b3%95%e7%bb%83%e4%b9%a0\/\">presente<\/a> e <a href=\"https:\/\/talkpal.ai\/ja\/grammar_exercises\/futuro-%e3%82%b9%e3%83%9a%e3%82%a4%e3%83%b3%e8%aa%9e%e3%81%ae%e6%96%87%e6%b3%95%e3%81%ae%e6%bc%94%e7%bf%92\/\">futuro<\/a>. Ogni tempo ha il proprio insieme di regole di coniugazione dei verbi, con cui dovresti familiarizzare per descrivere accuratamente le azioni in diversi intervalli di tempo.<\/p>\n\n\n\n<h3 class=\"wp-block-heading\" id=\"h-2-tense-comparison\">2. Confronto teso:<\/h3>\n\n\n\n<p>Confrontare i tempi verbali in nepalese \u00e8 un aspetto cruciale della padronanza della lingua. Ci\u00f2 comporta la comprensione di come i diversi tempi si relazionano tra loro e come usarli insieme per una comunicazione chiara. Questo ti aiuter\u00e0 a evitare confusione quando parli di eventi che si verificano nel passato, nel presente o nel futuro.<\/p>\n\n\n\n<h3 class=\"wp-block-heading\" id=\"h-3-progressive\">3. Progressivo:<\/h3>\n\n\n\n<p>L&#8217;aspetto progressivo nella grammatica nepalese indica azioni in corso. Imparare la forma progressiva dei verbi \u00e8 importante per esprimere azioni che stanno accadendo o che stavano accadendo in un momento specifico. Questo ti aiuter\u00e0 a creare conversazioni pi\u00f9 dinamiche e coinvolgenti in nepalese.<\/p>\n\n\n\n<h3 class=\"wp-block-heading\" id=\"h-4-perfect-progressive\">4. Progressivo perfetto:<\/h3>\n\n\n\n<p>Questo tempo combina i concetti di perfetto e progressivo. Il tempo progressivo perfetto \u00e8 usato per descrivere un&#8217;azione che \u00e8 iniziata nel passato ed \u00e8 continuata fino a un altro punto nel passato. Padroneggiare questo tempo ti consentir\u00e0 di fornire informazioni dettagliate sulle azioni passate e sulla loro durata.<\/p>\n\n\n\n<h3 class=\"wp-block-heading\" id=\"h-5-verbs\">5. Verbi:<\/h3>\n\n\n\n<p>I verbi sono la spina dorsale di qualsiasi lingua e il nepalese non fa eccezione. Per parlare e capire il nepalese in modo efficace, \u00e8 essenziale imparare le diverse forme di verbi, le loro coniugazioni e come funzionano nelle frasi.<\/p>\n\n\n\n<h3 class=\"wp-block-heading\" id=\"h-6-nouns\">6. Sostantivi:<\/h3>\n\n\n\n<p>Una forte conoscenza dei sostantivi nepalesi \u00e8 necessaria per costruire un vocabolario solido. Imparare a conoscere i nomi comuni e propri, cos\u00ec come i nomi numerabili e non numerabili, ti aiuter\u00e0 a identificare e utilizzare correttamente queste parti essenziali del discorso nelle tue conversazioni.<\/p>\n\n\n\n<h3 class=\"wp-block-heading\" id=\"h-7-articles\">7. Articoli:<\/h3>\n\n\n\n<p>In nepalese, gli articoli non sono cos\u00ec importanti come in inglese, ma \u00e8 comunque essenziale impararne l&#8217;uso. Padroneggiare l&#8217;uso degli articoli ti aiuter\u00e0 a identificare e descrivere con precisione oggetti, persone e concetti nelle tue conversazioni.<\/p>\n\n\n\n<h3 class=\"wp-block-heading\" id=\"h-8-pronouns-determiners\">8. Pronomi\/Determinanti:<\/h3>\n\n\n\n<p>Familiarizzare con i pronomi e i determinanti nepalesi \u00e8 fondamentale per una comunicazione chiara e concisa. Queste parti del discorso aiutano a sostituire o specificare i sostantivi nelle frasi, rendendo le conversazioni pi\u00f9 efficienti e naturali.<\/p>\n\n\n\n<h3 class=\"wp-block-heading\" id=\"h-9-adjectives\">9. Aggettivi:<\/h3>\n\n\n\n<p>Gli aggettivi sono essenziali per aggiungere profondit\u00e0 e dettagli alle tue conversazioni nepalesi. Imparare a usare correttamente gli aggettivi ti permetter\u00e0 di descrivere accuratamente persone, luoghi e cose, rendendo il tuo discorso pi\u00f9 coinvolgente e informativo.<\/p>\n\n\n\n<h3 class=\"wp-block-heading\" id=\"h-10-adverbs\">10. Avverbi<\/h3>\n\n\n\n<p>: In nepalese, gli avverbi svolgono un ruolo cruciale nella modifica di verbi, aggettivi o altri avverbi. Capire come usare gli avverbi ti consentir\u00e0 di fornire ulteriori informazioni su azioni, stati o qualit\u00e0 nelle tue conversazioni.<\/p>\n\n\n\n<h3 class=\"wp-block-heading\" id=\"h-11-conditionals\">11. Condizionali:<\/h3>\n\n\n\n<p>Padroneggiare i condizionali nepalesi ti permetter\u00e0 di esprimere situazioni ipotetiche e le loro conseguenze. Questo \u00e8 importante per creare discussioni complesse e sfumate nella lingua.<\/p>\n\n\n\n<h3 class=\"wp-block-heading\" id=\"h-12-prepositions\">12. Preposizioni:<\/h3>\n\n\n\n<p>Le preposizioni sono essenziali per indicare le relazioni tra le parole in una frase. Imparare l&#8217;uso corretto delle preposizioni ti aiuter\u00e0 a creare frasi chiare e coerenti in nepalese.<\/p>\n\n\n\n<h3 class=\"wp-block-heading\" id=\"h-13-sentences\">13. Frasi:<\/h3>\n\n\n\n<p>Infine, comprendere la struttura e i tipi di frasi nepalesi \u00e8 fondamentale per una comunicazione efficace. Familiarizza con frasi semplici, composte e complesse e impara a costruirle correttamente per trasmettere i tuoi pensieri e le tue idee nella lingua.<\/p>\n<\/div><\/div>\n\r\n<section class=\"learnNavigationSection\">\r\n            \r\n        <a href=\"https:\/\/talkpal.ai\/it\/imparare-il-nepal\/\">\r\n            <div class=\"learnNavigationWrapper\">\r\n                <div class=\"learnNavigationContent\">\r\n                    <img decoding=\"async\" src=\"https:\/\/talkpal.ai\/wp-content\/uploads\/2024\/08\/Nepali.jpg\" alt=\"Nepali Flag\">\r\n                    <div>\r\n                        <h4>Informazioni sull&#039;apprendimento del nepalese<\/h4>\r\n                        <p>Scoprite tutto sulla grammatica nepalese.<\/p>\r\n                    <\/div>\r\n                <\/div>\r\n            <\/div>\r\n        <\/a>\r\n\r\n        \r\n        <a href=\"https:\/\/talkpal.ai\/it\/grammatica-nepalese\/\">\r\n            <div class=\"learnNavigationWrapper\">\r\n                <div class=\"learnNavigationContent\">\r\n                    <img decoding=\"async\" src=\"https:\/\/talkpal.ai\/wp-content\/uploads\/2024\/08\/Nepali.jpg\" alt=\"Nepali Flag\">\r\n                    <div>\r\n                        <h4>Lezioni di grammatica nepalese<\/h4>\r\n                        <p>Pratica la grammatica nepalese.<\/p>\r\n                    <\/div>\r\n                <\/div>\r\n            <\/div>\r\n        <\/a>\r\n\r\n        \r\n        <a href=\"https:\/\/talkpal.ai\/vocabulary_language\/nepali\/\">\r\n            <div class=\"learnNavigationWrapper\">\r\n                <div class=\"learnNavigationContent\">\r\n                    <img decoding=\"async\" src=\"https:\/\/talkpal.ai\/wp-content\/uploads\/2024\/08\/Nepali.jpg\" alt=\"Nepali Flag\">\r\n                    <div>\r\n                        <h4>Vocabolario nepalese<\/h4>\r\n                        <p>Amplia il tuo vocabolario nepalese.<\/p>\r\n                    <\/div>\r\n                <\/div>\r\n            <\/div>\r\n        <\/a>\r\n\r\n            <\/section>","protected":false},"excerpt":{"rendered":"<p>Nepalese Argomenti di grammatica Imparare la lingua nepalese pu\u00f2 essere un&#8217;esperienza affascinante e gratificante per chiunque sia interessato a immergersi nella ricca cultura e storia del Nepal. Come per qualsiasi lingua, padroneggiare la grammatica nepalese \u00e8 fondamentale per una comunicazione efficace. Questo articolo ti guider\u00e0 attraverso gli argomenti di grammatica nepalese, raggruppati in una sequenza [&hellip;]<\/p>\n","protected":false},"author":6,"featured_media":28527,"parent":0,"menu_order":0,"comment_status":"closed","ping_status":"closed","template":"LearningContentPage.php","meta":{"_acf_changed":false,"footnotes":""},"class_list":["post-158637","page","type-page","status-publish","has-post-thumbnail","hentry"],"acf":[],"yoast_head":"<!-- This site is optimized with the Yoast SEO Premium plugin v27.2 (Yoast SEO v27.2) - https:\/\/yoast.com\/product\/yoast-seo-premium-wordpress\/ -->\n<title>Esercizi di grammatica nepalese - Talkpal<\/title>\n<meta name=\"description\" content=\"Esercizi di grammatica nepalese per una comunicazione efficace. Esplorare i tempi e le strutture delle frasi per la fluidit\u00e0 della lingua.\" \/>\n<meta name=\"robots\" content=\"index, follow, max-snippet:-1, max-image-preview:large, max-video-preview:-1\" \/>\n<link rel=\"canonical\" href=\"https:\/\/talkpal.ai\/it\/esercizi-di-grammatica-nepalese\/\" \/>\n<meta property=\"og:locale\" content=\"it_IT\" \/>\n<meta property=\"og:type\" content=\"article\" \/>\n<meta property=\"og:title\" content=\"Esercizi di grammatica nepalese\" \/>\n<meta property=\"og:description\" content=\"Nepalese Argomenti di grammatica Imparare la lingua nepalese pu\u00f2 essere un&#039;esperienza affascinante e gratificante per chiunque sia interessato a\" \/>\n<meta property=\"og:url\" content=\"https:\/\/talkpal.ai\/it\/esercizi-di-grammatica-nepalese\/\" \/>\n<meta property=\"og:site_name\" content=\"Talkpal\" \/>\n<meta property=\"article:publisher\" content=\"https:\/\/www.facebook.com\/profile.php?id=100090733639311\" \/>\n<meta property=\"article:modified_time\" content=\"2025-12-17T14:36:12+00:00\" \/>\n<meta property=\"og:image\" content=\"https:\/\/talkpal.ai\/wp-content\/uploads\/2023\/05\/nepal.png\" \/>\n\t<meta property=\"og:image:width\" content=\"512\" \/>\n\t<meta property=\"og:image:height\" content=\"512\" \/>\n\t<meta property=\"og:image:type\" content=\"image\/png\" \/>\n<meta name=\"twitter:card\" content=\"summary_large_image\" \/>\n<meta name=\"twitter:site\" content=\"@talkpalai\" \/>\n<meta name=\"twitter:label1\" content=\"Tempo di lettura stimato\" \/>\n\t<meta name=\"twitter:data1\" content=\"3 minuti\" \/>\n<script type=\"application\/ld+json\" class=\"yoast-schema-graph\">{\"@context\":\"https:\/\/schema.org\",\"@graph\":[{\"@type\":\"WebPage\",\"@id\":\"https:\/\/talkpal.ai\/it\/esercizi-di-grammatica-nepalese\/\",\"url\":\"https:\/\/talkpal.ai\/it\/esercizi-di-grammatica-nepalese\/\",\"name\":\"Esercizi di grammatica nepalese - Talkpal\",\"isPartOf\":{\"@id\":\"https:\/\/talkpal.ai\/it\/#website\"},\"primaryImageOfPage\":{\"@id\":\"https:\/\/talkpal.ai\/it\/esercizi-di-grammatica-nepalese\/#primaryimage\"},\"image\":{\"@id\":\"https:\/\/talkpal.ai\/it\/esercizi-di-grammatica-nepalese\/#primaryimage\"},\"thumbnailUrl\":\"https:\/\/talkpal.ai\/wp-content\/uploads\/2023\/05\/nepal.png\",\"datePublished\":\"2023-06-22T08:52:21+00:00\",\"dateModified\":\"2025-12-17T14:36:12+00:00\",\"description\":\"Esercizi di grammatica nepalese per una comunicazione efficace. Esplorare i tempi e le strutture delle frasi per la fluidit\u00e0 della lingua.\",\"breadcrumb\":{\"@id\":\"https:\/\/talkpal.ai\/it\/esercizi-di-grammatica-nepalese\/#breadcrumb\"},\"inLanguage\":\"it-IT\",\"potentialAction\":[{\"@type\":\"ReadAction\",\"target\":[\"https:\/\/talkpal.ai\/it\/esercizi-di-grammatica-nepalese\/\"]}]},{\"@type\":\"ImageObject\",\"inLanguage\":\"it-IT\",\"@id\":\"https:\/\/talkpal.ai\/it\/esercizi-di-grammatica-nepalese\/#primaryimage\",\"url\":\"https:\/\/talkpal.ai\/wp-content\/uploads\/2023\/05\/nepal.png\",\"contentUrl\":\"https:\/\/talkpal.ai\/wp-content\/uploads\/2023\/05\/nepal.png\",\"width\":512,\"height\":512},{\"@type\":\"BreadcrumbList\",\"@id\":\"https:\/\/talkpal.ai\/it\/esercizi-di-grammatica-nepalese\/#breadcrumb\",\"itemListElement\":[{\"@type\":\"ListItem\",\"position\":1,\"name\":\"Homepage\",\"item\":\"https:\/\/talkpal.ai\/it\/\"},{\"@type\":\"ListItem\",\"position\":2,\"name\":\"Esercizi di grammatica nepalese\"}]},{\"@type\":\"WebSite\",\"@id\":\"https:\/\/talkpal.ai\/it\/#website\",\"url\":\"https:\/\/talkpal.ai\/it\/\",\"name\":\"Talkpal\",\"description\":\"AI Language Learning\",\"publisher\":{\"@id\":\"https:\/\/talkpal.ai\/it\/#organization\"},\"alternateName\":\"Talkpal AI\",\"potentialAction\":[{\"@type\":\"SearchAction\",\"target\":{\"@type\":\"EntryPoint\",\"urlTemplate\":\"https:\/\/talkpal.ai\/it\/?s={search_term_string}\"},\"query-input\":{\"@type\":\"PropertyValueSpecification\",\"valueRequired\":true,\"valueName\":\"search_term_string\"}}],\"inLanguage\":\"it-IT\"},{\"@type\":\"Organization\",\"@id\":\"https:\/\/talkpal.ai\/it\/#organization\",\"name\":\"Talkpal, Inc.\",\"alternateName\":\"Talkpal AI\",\"url\":\"https:\/\/talkpal.ai\/it\/\",\"logo\":{\"@type\":\"ImageObject\",\"inLanguage\":\"it-IT\",\"@id\":\"https:\/\/talkpal.ai\/it\/#\/schema\/logo\/image\/\",\"url\":\"https:\/\/talkpal.ai\/wp-content\/uploads\/2024\/03\/Talkpal-Logo-Icon.png\",\"contentUrl\":\"https:\/\/talkpal.ai\/wp-content\/uploads\/2024\/03\/Talkpal-Logo-Icon.png\",\"width\":2880,\"height\":2880,\"caption\":\"Talkpal, Inc.\"},\"image\":{\"@id\":\"https:\/\/talkpal.ai\/it\/#\/schema\/logo\/image\/\"},\"sameAs\":[\"https:\/\/www.facebook.com\/profile.php?id=100090733639311\",\"https:\/\/x.com\/talkpalai\",\"https:\/\/www.linkedin.com\/company\/talkpal\/\",\"https:\/\/www.youtube.com\/@TalkPal\/\",\"https:\/\/www.tiktok.com\/@talkpal\",\"https:\/\/www.instagram.com\/talkpal_ai\/\",\"https:\/\/www.crunchbase.com\/organization\/talkpal-9cde\",\"https:\/\/www.g2.com\/products\/talkpal-for-business\/\",\"https:\/\/www.trustpilot.com\/review\/talkpal.ai\",\"https:\/\/www.capterra.com\/p\/10006800\/TalkPal\/\"],\"description\":\"Talkpal is a language learning web and mobile education app, powered by the latest AI technologies, that provides engaging experiences to its customers in many different languages to help them improve their language skills. Users can chat about unlimited amount of topics with the app and use other modes to practice their language learning.\",\"email\":\"support@talkpal.ai\",\"legalName\":\"Talkpal, Inc.\",\"foundingDate\":\"2023-04-03\",\"duns\":\"118989042\",\"numberOfEmployees\":{\"@type\":\"QuantitativeValue\",\"minValue\":\"11\",\"maxValue\":\"50\"},\"publishingPrinciples\":\"https:\/\/talkpal.ai\/publishing-principles\/\",\"actionableFeedbackPolicy\":\"https:\/\/talkpal.ai\/actionable-feedback-policy\/\",\"correctionsPolicy\":\"https:\/\/talkpal.ai\/corrections-policy\/\",\"ethicsPolicy\":\"https:\/\/talkpal.ai\/ethics-policy\/\",\"diversityPolicy\":\"https:\/\/talkpal.ai\/diversity-policy\/\",\"diversityStaffingReport\":\"https:\/\/talkpal.ai\/diversity-policy\/\"}]}<\/script>\n<!-- \/ Yoast SEO Premium plugin. -->","yoast_head_json":{"title":"Esercizi di grammatica nepalese - Talkpal","description":"Esercizi di grammatica nepalese per una comunicazione efficace. Esplorare i tempi e le strutture delle frasi per la fluidit\u00e0 della lingua.","robots":{"index":"index","follow":"follow","max-snippet":"max-snippet:-1","max-image-preview":"max-image-preview:large","max-video-preview":"max-video-preview:-1"},"canonical":"https:\/\/talkpal.ai\/it\/esercizi-di-grammatica-nepalese\/","og_locale":"it_IT","og_type":"article","og_title":"Esercizi di grammatica nepalese","og_description":"Nepalese Argomenti di grammatica Imparare la lingua nepalese pu\u00f2 essere un'esperienza affascinante e gratificante per chiunque sia interessato a","og_url":"https:\/\/talkpal.ai\/it\/esercizi-di-grammatica-nepalese\/","og_site_name":"Talkpal","article_publisher":"https:\/\/www.facebook.com\/profile.php?id=100090733639311","article_modified_time":"2025-12-17T14:36:12+00:00","og_image":[{"width":512,"height":512,"url":"https:\/\/talkpal.ai\/wp-content\/uploads\/2023\/05\/nepal.png","type":"image\/png"}],"twitter_card":"summary_large_image","twitter_site":"@talkpalai","twitter_misc":{"Tempo di lettura stimato":"3 minuti"},"schema":{"@context":"https:\/\/schema.org","@graph":[{"@type":"WebPage","@id":"https:\/\/talkpal.ai\/it\/esercizi-di-grammatica-nepalese\/","url":"https:\/\/talkpal.ai\/it\/esercizi-di-grammatica-nepalese\/","name":"Esercizi di grammatica nepalese - Talkpal","isPartOf":{"@id":"https:\/\/talkpal.ai\/it\/#website"},"primaryImageOfPage":{"@id":"https:\/\/talkpal.ai\/it\/esercizi-di-grammatica-nepalese\/#primaryimage"},"image":{"@id":"https:\/\/talkpal.ai\/it\/esercizi-di-grammatica-nepalese\/#primaryimage"},"thumbnailUrl":"https:\/\/talkpal.ai\/wp-content\/uploads\/2023\/05\/nepal.png","datePublished":"2023-06-22T08:52:21+00:00","dateModified":"2025-12-17T14:36:12+00:00","description":"Esercizi di grammatica nepalese per una comunicazione efficace. Esplorare i tempi e le strutture delle frasi per la fluidit\u00e0 della lingua.","breadcrumb":{"@id":"https:\/\/talkpal.ai\/it\/esercizi-di-grammatica-nepalese\/#breadcrumb"},"inLanguage":"it-IT","potentialAction":[{"@type":"ReadAction","target":["https:\/\/talkpal.ai\/it\/esercizi-di-grammatica-nepalese\/"]}]},{"@type":"ImageObject","inLanguage":"it-IT","@id":"https:\/\/talkpal.ai\/it\/esercizi-di-grammatica-nepalese\/#primaryimage","url":"https:\/\/talkpal.ai\/wp-content\/uploads\/2023\/05\/nepal.png","contentUrl":"https:\/\/talkpal.ai\/wp-content\/uploads\/2023\/05\/nepal.png","width":512,"height":512},{"@type":"BreadcrumbList","@id":"https:\/\/talkpal.ai\/it\/esercizi-di-grammatica-nepalese\/#breadcrumb","itemListElement":[{"@type":"ListItem","position":1,"name":"Homepage","item":"https:\/\/talkpal.ai\/it\/"},{"@type":"ListItem","position":2,"name":"Esercizi di grammatica nepalese"}]},{"@type":"WebSite","@id":"https:\/\/talkpal.ai\/it\/#website","url":"https:\/\/talkpal.ai\/it\/","name":"Talkpal","description":"AI Language Learning","publisher":{"@id":"https:\/\/talkpal.ai\/it\/#organization"},"alternateName":"Talkpal AI","potentialAction":[{"@type":"SearchAction","target":{"@type":"EntryPoint","urlTemplate":"https:\/\/talkpal.ai\/it\/?s={search_term_string}"},"query-input":{"@type":"PropertyValueSpecification","valueRequired":true,"valueName":"search_term_string"}}],"inLanguage":"it-IT"},{"@type":"Organization","@id":"https:\/\/talkpal.ai\/it\/#organization","name":"Talkpal, Inc.","alternateName":"Talkpal AI","url":"https:\/\/talkpal.ai\/it\/","logo":{"@type":"ImageObject","inLanguage":"it-IT","@id":"https:\/\/talkpal.ai\/it\/#\/schema\/logo\/image\/","url":"https:\/\/talkpal.ai\/wp-content\/uploads\/2024\/03\/Talkpal-Logo-Icon.png","contentUrl":"https:\/\/talkpal.ai\/wp-content\/uploads\/2024\/03\/Talkpal-Logo-Icon.png","width":2880,"height":2880,"caption":"Talkpal, Inc."},"image":{"@id":"https:\/\/talkpal.ai\/it\/#\/schema\/logo\/image\/"},"sameAs":["https:\/\/www.facebook.com\/profile.php?id=100090733639311","https:\/\/x.com\/talkpalai","https:\/\/www.linkedin.com\/company\/talkpal\/","https:\/\/www.youtube.com\/@TalkPal\/","https:\/\/www.tiktok.com\/@talkpal","https:\/\/www.instagram.com\/talkpal_ai\/","https:\/\/www.crunchbase.com\/organization\/talkpal-9cde","https:\/\/www.g2.com\/products\/talkpal-for-business\/","https:\/\/www.trustpilot.com\/review\/talkpal.ai","https:\/\/www.capterra.com\/p\/10006800\/TalkPal\/"],"description":"Talkpal is a language learning web and mobile education app, powered by the latest AI technologies, that provides engaging experiences to its customers in many different languages to help them improve their language skills. Users can chat about unlimited amount of topics with the app and use other modes to practice their language learning.","email":"support@talkpal.ai","legalName":"Talkpal, Inc.","foundingDate":"2023-04-03","duns":"118989042","numberOfEmployees":{"@type":"QuantitativeValue","minValue":"11","maxValue":"50"},"publishingPrinciples":"https:\/\/talkpal.ai\/publishing-principles\/","actionableFeedbackPolicy":"https:\/\/talkpal.ai\/actionable-feedback-policy\/","correctionsPolicy":"https:\/\/talkpal.ai\/corrections-policy\/","ethicsPolicy":"https:\/\/talkpal.ai\/ethics-policy\/","diversityPolicy":"https:\/\/talkpal.ai\/diversity-policy\/","diversityStaffingReport":"https:\/\/talkpal.ai\/diversity-policy\/"}]}},"_links":{"self":[{"href":"https:\/\/talkpal.ai\/it\/wp-json\/wp\/v2\/pages\/158637","targetHints":{"allow":["GET"]}}],"collection":[{"href":"https:\/\/talkpal.ai\/it\/wp-json\/wp\/v2\/pages"}],"about":[{"href":"https:\/\/talkpal.ai\/it\/wp-json\/wp\/v2\/types\/page"}],"author":[{"embeddable":true,"href":"https:\/\/talkpal.ai\/it\/wp-json\/wp\/v2\/users\/6"}],"replies":[{"embeddable":true,"href":"https:\/\/talkpal.ai\/it\/wp-json\/wp\/v2\/comments?post=158637"}],"version-history":[{"count":0,"href":"https:\/\/talkpal.ai\/it\/wp-json\/wp\/v2\/pages\/158637\/revisions"}],"wp:featuredmedia":[{"embeddable":true,"href":"https:\/\/talkpal.ai\/it\/wp-json\/wp\/v2\/media\/28527"}],"wp:attachment":[{"href":"https:\/\/talkpal.ai\/it\/wp-json\/wp\/v2\/media?parent=158637"}],"curies":[{"name":"wp","href":"https:\/\/api.w.org\/{rel}","templated":true}]}}