{"id":153075,"date":"2023-05-14T14:23:49","date_gmt":"2023-05-14T14:23:49","guid":{"rendered":"http:\/\/talkpal.ai\/grammatica-turca\/"},"modified":"2025-12-13T15:56:56","modified_gmt":"2025-12-13T15:56:56","slug":"grammatica-turca","status":"publish","type":"page","link":"https:\/\/talkpal.ai\/it\/grammatica-turca\/","title":{"rendered":"Grammatica turca"},"content":{"rendered":"\r\n\r\n\r\n<section class=\"languageChallengeSection\">\r\n    <div class=\"languageInfoWrapper\">\r\n        \r\n        <h1>Grammatica turca<\/h1>\r\n        <p>Sei curioso di imparare il <a href=\"https:\/\/talkpal.ai\/learn-turkish\/\">turco<\/a>? Esplora la <a href=\"https:\/\/talkpal.ai\/turkish-grammar\/\">grammatica turca<\/a> e scopri come la sua struttura logica, l&#039;armonia delle vocali e i modelli di verbi facili da seguire la rendono affascinante e accessibile. Inizia il tuo viaggio oggi: padroneggiare la <a href=\"https:\/\/talkpal.ai\/grammar\/\">grammatica<\/a> turca \u00e8 la chiave per comunicare in modo fluente e per aprire un mondo vibrante di cultura e relazioni!<\/p>\r\n\r\n                            <a class=\"getStartedHidden\" href=\"https:\/\/app.talkpal.ai\/it\/signup?lng=\">Comincia<\/a>\r\n        \r\n    <\/div>\r\n\r\n    <figure>\r\n    <img decoding=\"async\" width=\"768\" height=\"768\" src=\"https:\/\/talkpal.ai\/wp-content\/uploads\/2023\/06\/turkish-768x768.png\" class=\"languageImage no-lazy\" alt=\"Default alt text\" fetchpriority=\"high\" sizes=\"(max-width: 768px) 150px, 768px\" srcset=\"https:\/\/talkpal.ai\/wp-content\/uploads\/2023\/06\/turkish-768x768.png 768w, https:\/\/talkpal.ai\/wp-content\/uploads\/2023\/06\/turkish-300x300.png 300w\" \/>\r\n    \r\n\r\n    <\/figure>\r\n\r\n            <a class=\"getStartedVisible\" href=\"https:\/\/app.talkpal.ai\/it\/signup?lng=\">Comincia<\/a>\r\n    \r\n<\/section>\r\n        <section class=\"grammarSection\">\r\n            <div class=\"grammarLinks\">\r\n                <a href=\"https:\/\/talkpal.ai\/it\/language\/aggettivi-grammatica-turca\/\">Aggettivi <\/a><a href=\"https:\/\/talkpal.ai\/it\/language\/articoli-grammatica-turca\/\">Articoli <\/a><a href=\"https:\/\/talkpal.ai\/it\/language\/avverbi-grammatica-turca\/\">Avverbi <\/a><a href=\"https:\/\/talkpal.ai\/it\/language\/condizionali-grammatica-turca\/\">Condizionali <\/a><a href=\"https:\/\/talkpal.ai\/it\/language\/confronto-dei-tempi-grammatica-turca\/\">Confronto dei tempi <\/a><a href=\"https:\/\/talkpal.ai\/it\/language\/frasi-grammatica-turca\/\">Frasi <\/a><a href=\"https:\/\/talkpal.ai\/it\/language\/perfect-progressive-grammatica-turca\/\">Perfect Progressive <\/a><a href=\"https:\/\/talkpal.ai\/it\/language\/preposizioni-grammatica-turca\/\">Preposizioni <\/a><a href=\"https:\/\/talkpal.ai\/it\/language\/progressivo-grammatica-turca\/\">Progressivo <\/a><a href=\"https:\/\/talkpal.ai\/it\/language\/pronomi-determinanti-grammatica-turca\/\">Pronomi\/Determinanti <\/a><a href=\"https:\/\/talkpal.ai\/it\/language\/sostantivi-grammatica-turca\/\">Sostantivi <\/a><a href=\"https:\/\/talkpal.ai\/it\/language\/tempi-verbali-grammatica-turca\/\">Tempi verbali <\/a><a href=\"https:\/\/talkpal.ai\/it\/language\/verbi-grammatica-turca\/\">Verbi <\/a>            <\/div>\r\n        <\/section>\r\n    <section class=\"promotionalBanner\">\r\n    <p class=\"promotionalText\">Il modo pi\u00f9 efficace per imparare una lingua<\/p>\r\n    <a class=\"promotionalLink\" href=\"https:\/\/app.talkpal.ai\/it\/signup?lng=\">Prova Talkpal gratuitamente<\/a>\r\n<\/section>\n<div class=\"wp-block-group pageContainerStyle\"><div class=\"wp-block-group__inner-container is-layout-constrained wp-block-group-is-layout-constrained\">\n<h2 class=\"wp-block-heading\" id=\"h-the-ultimate-guide-to-turkish-grammar-navigating-the-intricacies-of-a-unique-language\">La guida definitiva alla grammatica turca: navigare nelle complessit\u00e0 di una lingua unica<\/h2>\n\n\n\n<p>La grammatica turca, come la lingua stessa, presenta un ricco e affascinante arazzo di elementi linguistici. Come membro della famiglia delle lingue turche, il turco affascina gli <a href=\"https:\/\/talkpal.ai\/talkpal-discount-for-students\/\">studenti<\/a> con le <a href=\"https:\/\/talkpal.ai\/locations\/language-courses-in-sue\/\">sue<\/a> diverse caratteristiche e sfida anche i parlanti pi\u00f9 esperti. In questa guida esploreremo i principi chiave della grammatica turca, ne demistificheremo le complessit\u00e0 e ti aiuteremo a diventare fluente in questa lingua affascinante. Cominciamo!<\/p>\n\n\n\n<h3 class=\"wp-block-heading\" id=\"h-the-nuts-and-bolts-turkish-sentence-structure\">I dadi e i bulloni: struttura della frase turca<\/h3>\n\n\n\n<p>Fondamentalmente, la grammatica turca \u00e8 abbastanza semplice. La lingua segue generalmente la struttura della frase soggetto-oggetto-verbo (SOV), a differenza dell&#8217;inglese e di molte altre lingue. Ad esempio, la frase &#8220;Mangio una mela&#8221; si traduce in &#8220;Ben elma yiyorum&#8221; (Ben=Io, elma=mela, yiyorum=mangiare). Semplice, no? Tuttavia, scavando pi\u00f9 a fondo, scoprirai alcune caratteristiche intriganti e distintive della grammatica turca.<\/p>\n\n\n\n<h3 class=\"wp-block-heading\" id=\"h-meet-the-family-turkish-nouns-and-their-suffixes\">Incontra la famiglia: sostantivi turchi e loro suffissi<\/h3>\n\n\n\n<p>Una delle caratteristiche pi\u00f9 peculiari della grammatica turca \u00e8 l&#8217;uso dei suffissi per esprimere varie relazioni grammaticali. Non ci sono <a href=\"https:\/\/talkpal.ai\/zh-hans\/grammar_exercises\/preposizioni-%e6%84%8f%e5%a4%a7%e5%88%a9%e8%af%ad%e6%b3%95%e7%bb%83%e4%b9%a0\/\">preposizioni<\/a> in turco; Al loro posto, i suffissi sono attaccati ai sostantivi per indicare il possesso, gli oggetti diretti e la posizione.<\/p>\n\n\n\n<p>Ad esempio, prendiamo la parola &#8220;elma&#8221; (elma) che significa &#8220;mela&#8221;:<\/p>\n\n\n\n<p><strong>&#8211; Possesso: Benim elmam (La mia mela)<\/strong><\/p>\n\n\n\n<p><strong>&#8211; Oggetto diretto: Elmay\u0131 yedim (Ho mangiato la mela)<\/strong><\/p>\n\n\n\n<p><strong>&#8211; Posizione: Elmada (presso la mela)<\/strong><\/p>\n\n\n\n<p>\u00c8 importante familiarizzare con questi suffissi, perch\u00e9 possono cambiare radicalmente il significato delle tue frasi.<\/p>\n\n\n\n<h3 class=\"wp-block-heading\" id=\"h-playing-with-numbers-turkish-plurals-and-genders\">Giocare con i numeri: plurali e generi turchi<\/h3>\n\n\n\n<p>Quando si formano i plurali in turco, \u00e8 fondamentale aggiungere un solo suffisso: -ler o -lar, a seconda della vocale pi\u00f9 vicina nella parola. A differenza di molte altre lingue, il turco non ha un genere grammaticale. Questo significa che non dovrai preoccuparti di imparare le diverse terminazioni o forme per i sostantivi maschili, femminili o neutri.<\/p>\n\n\n\n<p>Ad esempio, &#8220;k\u00f6pek&#8221; (k\u00f6pek, sostantivo che significa &#8220;cane&#8221;) diventa &#8220;k\u00f6pekler&#8221; (k\u00f6pekler, cani) e &#8220;kedi&#8221; (kedi, sostantivo che significa &#8220;gatto&#8221;) diventa &#8220;kediler&#8221; (kediler, gatti).<\/p>\n\n\n\n<h3 class=\"wp-block-heading\" id=\"h-the-art-of-conjugation-turkish-verbs\">L&#8217;arte della coniugazione: i verbi turchi<\/h3>\n\n\n\n<p>I verbi turchi potrebbero sembrare scoraggianti all&#8217;inizio, a causa dei loro numerosi tempi, modi e coniugazioni. Tuttavia, la chiave per comprenderli \u00e8 riconoscere i modelli comuni e praticare regolarmente.<\/p>\n\n\n\n<p>In turco, i verbi usano una variet\u00e0 di suffissi per indicare il tempo, l&#8217;umore e la persona. La radice del verbo rimane invariata. Prendiamo come esempio il verbo &#8220;yemek&#8221; (yemek, &#8220;mangiare&#8221;):<\/p>\n\n\n\n<p><strong>Presente continuo: Yiyorum (Sto mangiando)<\/strong><\/p>\n\n\n\n<p><strong>Tempo passato: Yedim (ho mangiato)<\/strong><\/p>\n\n\n\n<p><strong>Tempo futuro: Yiyece\u011fim (Manger\u00f2)<\/strong><\/p>\n\n\n\n<p>Come puoi vedere, i finali cambiano a seconda del tempo e della persona. Con la pratica e la pazienza, inizierai a riconoscere gli schemi e a vincere questa sfida.<\/p>\n\n\n\n<h3 class=\"wp-block-heading\" id=\"h-the-finishing-touches-turkish-adjectives-adverbs-and-more\">Gli ultimi ritocchi: aggettivi, avverbi turchi e altro ancora<\/h3>\n\n\n\n<p>Quando si tratta di aggettivi e avverbi turchi, svolgono un ruolo fondamentale nell&#8217;aggiungere profondit\u00e0 e complessit\u00e0 al tuo discorso. Gli aggettivi in turco non hanno bisogno di concordare con i sostantivi che modificano, il che li rende pi\u00f9 facili da trattare rispetto a molte altre lingue.<\/p>\n\n\n\n<p>Ad esempio, &#8220;g\u00fczel&#8221; (g\u00fczel) significa &#8220;bello&#8221; e potresti vederlo come &#8220;g\u00fczel \u00e7i\u00e7ek&#8221; (g\u00fczel \u00e7i\u00e7ek, &#8220;bel fiore&#8221;) o &#8220;g\u00fczel k\u00f6pek&#8221; (g\u00fczel k\u00f6pek, &#8220;bel cane&#8221;), senza alcun cambiamento di plurale o di genere.<\/p>\n\n\n\n<p>Gli avverbi di solito seguono schemi simili, spesso derivati da aggettivi. In turco, molti avverbi possono essere formati aggiungendo il suffisso -ce o -ca agli aggettivi, a seconda della vocale pi\u00f9 vicina.<\/p>\n\n\n\n<p>In conclusione, le complessit\u00e0 e le peculiarit\u00e0 della grammatica turca, pur essendo impegnative, conferiscono alla lingua la sua bellezza e il suo carattere accattivante. Con una combinazione di perseveranza, curiosit\u00e0 e applicazione pratica, riuscirai presto a navigare nella grammatica turca con facilit\u00e0 e sicurezza. Buon apprendimento!<\/p>\n<\/div><\/div>\n\r\n<section class=\"learnNavigationSection\">\r\n            \r\n        <a href=\"https:\/\/talkpal.ai\/it\/imparare-il-turco\/\">\r\n            <div class=\"learnNavigationWrapper\">\r\n                <div class=\"learnNavigationContent\">\r\n                    <img decoding=\"async\" src=\"https:\/\/talkpal.ai\/wp-content\/uploads\/2024\/08\/Turkish.jpg\" alt=\"Turkish Flag\">\r\n                    <div>\r\n                        <h4>Informazioni sull&#039;apprendimento del turco<\/h4>\r\n                        <p>Scoprite tutto sulla grammatica turca.<\/p>\r\n                    <\/div>\r\n                <\/div>\r\n            <\/div>\r\n        <\/a>\r\n\r\n        \r\n        <a href=\"https:\/\/talkpal.ai\/it\/esercizi-di-grammatica-turca\/\">\r\n            <div class=\"learnNavigationWrapper\">\r\n                <div class=\"learnNavigationContent\">\r\n                    <img decoding=\"async\" src=\"https:\/\/talkpal.ai\/wp-content\/uploads\/2024\/08\/Turkish.jpg\" alt=\"Turkish Flag\">\r\n                    <div>\r\n                        <h4>Esercizio di grammatica turca<\/h4>\r\n                        <p>Pratica la grammatica turca.<\/p>\r\n                    <\/div>\r\n                <\/div>\r\n            <\/div>\r\n        <\/a>\r\n\r\n        \r\n        <a href=\"https:\/\/talkpal.ai\/vocabulary_language\/turkish\/\">\r\n            <div class=\"learnNavigationWrapper\">\r\n                <div class=\"learnNavigationContent\">\r\n                    <img decoding=\"async\" src=\"https:\/\/talkpal.ai\/wp-content\/uploads\/2024\/08\/Turkish.jpg\" alt=\"Turkish Flag\">\r\n                    <div>\r\n                        <h4>Vocabolario turco<\/h4>\r\n                        <p>Amplia il tuo vocabolario turco.<\/p>\r\n                    <\/div>\r\n                <\/div>\r\n            <\/div>\r\n        <\/a>\r\n\r\n            <\/section>","protected":false},"excerpt":{"rendered":"<p>La guida definitiva alla grammatica turca: navigare nelle complessit\u00e0 di una lingua unica La grammatica turca, come la lingua stessa, presenta un ricco e affascinante arazzo di elementi linguistici. Come membro della famiglia delle lingue turche, il turco affascina gli studenti con le sue diverse caratteristiche e sfida anche i parlanti pi\u00f9 esperti. In questa [&hellip;]<\/p>\n","protected":false},"author":1,"featured_media":28751,"parent":0,"menu_order":0,"comment_status":"closed","ping_status":"closed","template":"LearningContentPage.php","meta":{"_acf_changed":false,"footnotes":""},"class_list":["post-153075","page","type-page","status-publish","has-post-thumbnail","hentry"],"acf":[],"yoast_head":"<!-- This site is optimized with the Yoast SEO Premium plugin v27.2 (Yoast SEO v27.2) - https:\/\/yoast.com\/product\/yoast-seo-premium-wordpress\/ -->\n<title>Grammatica turca - Talkpal<\/title>\n<meta name=\"description\" content=\"Scopri i segreti della grammatica turca con la nostra guida completa ai principi chiave e alla struttura delle frasi.\" \/>\n<meta name=\"robots\" content=\"index, follow, max-snippet:-1, max-image-preview:large, max-video-preview:-1\" \/>\n<link rel=\"canonical\" href=\"https:\/\/talkpal.ai\/it\/grammatica-turca\/\" \/>\n<meta property=\"og:locale\" content=\"it_IT\" \/>\n<meta property=\"og:type\" content=\"article\" \/>\n<meta property=\"og:title\" content=\"Grammatica turca\" \/>\n<meta property=\"og:description\" content=\"La guida definitiva alla grammatica turca: navigare nelle complessit\u00e0 di una lingua unica La grammatica turca, come la lingua stessa, presenta un ricco e\" \/>\n<meta property=\"og:url\" content=\"https:\/\/talkpal.ai\/it\/grammatica-turca\/\" \/>\n<meta property=\"og:site_name\" content=\"Talkpal\" \/>\n<meta property=\"article:publisher\" content=\"https:\/\/www.facebook.com\/profile.php?id=100090733639311\" \/>\n<meta property=\"article:modified_time\" content=\"2025-12-13T15:56:56+00:00\" \/>\n<meta property=\"og:image\" content=\"https:\/\/talkpal.ai\/wp-content\/uploads\/2023\/05\/turkish.png\" \/>\n\t<meta property=\"og:image:width\" content=\"512\" \/>\n\t<meta property=\"og:image:height\" content=\"512\" \/>\n\t<meta property=\"og:image:type\" content=\"image\/png\" \/>\n<meta name=\"twitter:card\" content=\"summary_large_image\" \/>\n<meta name=\"twitter:site\" content=\"@talkpalai\" \/>\n<meta name=\"twitter:label1\" content=\"Tempo di lettura stimato\" \/>\n\t<meta name=\"twitter:data1\" content=\"3 minuti\" \/>\n<script type=\"application\/ld+json\" class=\"yoast-schema-graph\">{\"@context\":\"https:\/\/schema.org\",\"@graph\":[{\"@type\":\"WebPage\",\"@id\":\"https:\/\/talkpal.ai\/it\/grammatica-turca\/\",\"url\":\"https:\/\/talkpal.ai\/it\/grammatica-turca\/\",\"name\":\"Grammatica turca - Talkpal\",\"isPartOf\":{\"@id\":\"https:\/\/talkpal.ai\/it\/#website\"},\"primaryImageOfPage\":{\"@id\":\"https:\/\/talkpal.ai\/it\/grammatica-turca\/#primaryimage\"},\"image\":{\"@id\":\"https:\/\/talkpal.ai\/it\/grammatica-turca\/#primaryimage\"},\"thumbnailUrl\":\"https:\/\/talkpal.ai\/wp-content\/uploads\/2023\/05\/turkish.png\",\"datePublished\":\"2023-05-14T14:23:49+00:00\",\"dateModified\":\"2025-12-13T15:56:56+00:00\",\"description\":\"Scopri i segreti della grammatica turca con la nostra guida completa ai principi chiave e alla struttura delle frasi.\",\"breadcrumb\":{\"@id\":\"https:\/\/talkpal.ai\/it\/grammatica-turca\/#breadcrumb\"},\"inLanguage\":\"it-IT\",\"potentialAction\":[{\"@type\":\"ReadAction\",\"target\":[\"https:\/\/talkpal.ai\/it\/grammatica-turca\/\"]}]},{\"@type\":\"ImageObject\",\"inLanguage\":\"it-IT\",\"@id\":\"https:\/\/talkpal.ai\/it\/grammatica-turca\/#primaryimage\",\"url\":\"https:\/\/talkpal.ai\/wp-content\/uploads\/2023\/05\/turkish.png\",\"contentUrl\":\"https:\/\/talkpal.ai\/wp-content\/uploads\/2023\/05\/turkish.png\",\"width\":512,\"height\":512},{\"@type\":\"BreadcrumbList\",\"@id\":\"https:\/\/talkpal.ai\/it\/grammatica-turca\/#breadcrumb\",\"itemListElement\":[{\"@type\":\"ListItem\",\"position\":1,\"name\":\"Homepage\",\"item\":\"https:\/\/talkpal.ai\/it\/\"},{\"@type\":\"ListItem\",\"position\":2,\"name\":\"Grammatica turca\"}]},{\"@type\":\"WebSite\",\"@id\":\"https:\/\/talkpal.ai\/it\/#website\",\"url\":\"https:\/\/talkpal.ai\/it\/\",\"name\":\"Talkpal\",\"description\":\"AI Language Learning\",\"publisher\":{\"@id\":\"https:\/\/talkpal.ai\/it\/#organization\"},\"alternateName\":\"Talkpal AI\",\"potentialAction\":[{\"@type\":\"SearchAction\",\"target\":{\"@type\":\"EntryPoint\",\"urlTemplate\":\"https:\/\/talkpal.ai\/it\/?s={search_term_string}\"},\"query-input\":{\"@type\":\"PropertyValueSpecification\",\"valueRequired\":true,\"valueName\":\"search_term_string\"}}],\"inLanguage\":\"it-IT\"},{\"@type\":\"Organization\",\"@id\":\"https:\/\/talkpal.ai\/it\/#organization\",\"name\":\"Talkpal, Inc.\",\"alternateName\":\"Talkpal AI\",\"url\":\"https:\/\/talkpal.ai\/it\/\",\"logo\":{\"@type\":\"ImageObject\",\"inLanguage\":\"it-IT\",\"@id\":\"https:\/\/talkpal.ai\/it\/#\/schema\/logo\/image\/\",\"url\":\"https:\/\/talkpal.ai\/wp-content\/uploads\/2024\/03\/Talkpal-Logo-Icon.png\",\"contentUrl\":\"https:\/\/talkpal.ai\/wp-content\/uploads\/2024\/03\/Talkpal-Logo-Icon.png\",\"width\":2880,\"height\":2880,\"caption\":\"Talkpal, Inc.\"},\"image\":{\"@id\":\"https:\/\/talkpal.ai\/it\/#\/schema\/logo\/image\/\"},\"sameAs\":[\"https:\/\/www.facebook.com\/profile.php?id=100090733639311\",\"https:\/\/x.com\/talkpalai\",\"https:\/\/www.linkedin.com\/company\/talkpal\/\",\"https:\/\/www.youtube.com\/@TalkPal\/\",\"https:\/\/www.tiktok.com\/@talkpal\",\"https:\/\/www.instagram.com\/talkpal_ai\/\",\"https:\/\/www.crunchbase.com\/organization\/talkpal-9cde\",\"https:\/\/www.g2.com\/products\/talkpal-for-business\/\",\"https:\/\/www.trustpilot.com\/review\/talkpal.ai\",\"https:\/\/www.capterra.com\/p\/10006800\/TalkPal\/\"],\"description\":\"Talkpal is a language learning web and mobile education app, powered by the latest AI technologies, that provides engaging experiences to its customers in many different languages to help them improve their language skills. Users can chat about unlimited amount of topics with the app and use other modes to practice their language learning.\",\"email\":\"support@talkpal.ai\",\"legalName\":\"Talkpal, Inc.\",\"foundingDate\":\"2023-04-03\",\"duns\":\"118989042\",\"numberOfEmployees\":{\"@type\":\"QuantitativeValue\",\"minValue\":\"11\",\"maxValue\":\"50\"},\"publishingPrinciples\":\"https:\/\/talkpal.ai\/publishing-principles\/\",\"actionableFeedbackPolicy\":\"https:\/\/talkpal.ai\/actionable-feedback-policy\/\",\"correctionsPolicy\":\"https:\/\/talkpal.ai\/corrections-policy\/\",\"ethicsPolicy\":\"https:\/\/talkpal.ai\/ethics-policy\/\",\"diversityPolicy\":\"https:\/\/talkpal.ai\/diversity-policy\/\",\"diversityStaffingReport\":\"https:\/\/talkpal.ai\/diversity-policy\/\"}]}<\/script>\n<!-- \/ Yoast SEO Premium plugin. -->","yoast_head_json":{"title":"Grammatica turca - Talkpal","description":"Scopri i segreti della grammatica turca con la nostra guida completa ai principi chiave e alla struttura delle frasi.","robots":{"index":"index","follow":"follow","max-snippet":"max-snippet:-1","max-image-preview":"max-image-preview:large","max-video-preview":"max-video-preview:-1"},"canonical":"https:\/\/talkpal.ai\/it\/grammatica-turca\/","og_locale":"it_IT","og_type":"article","og_title":"Grammatica turca","og_description":"La guida definitiva alla grammatica turca: navigare nelle complessit\u00e0 di una lingua unica La grammatica turca, come la lingua stessa, presenta un ricco e","og_url":"https:\/\/talkpal.ai\/it\/grammatica-turca\/","og_site_name":"Talkpal","article_publisher":"https:\/\/www.facebook.com\/profile.php?id=100090733639311","article_modified_time":"2025-12-13T15:56:56+00:00","og_image":[{"width":512,"height":512,"url":"https:\/\/talkpal.ai\/wp-content\/uploads\/2023\/05\/turkish.png","type":"image\/png"}],"twitter_card":"summary_large_image","twitter_site":"@talkpalai","twitter_misc":{"Tempo di lettura stimato":"3 minuti"},"schema":{"@context":"https:\/\/schema.org","@graph":[{"@type":"WebPage","@id":"https:\/\/talkpal.ai\/it\/grammatica-turca\/","url":"https:\/\/talkpal.ai\/it\/grammatica-turca\/","name":"Grammatica turca - Talkpal","isPartOf":{"@id":"https:\/\/talkpal.ai\/it\/#website"},"primaryImageOfPage":{"@id":"https:\/\/talkpal.ai\/it\/grammatica-turca\/#primaryimage"},"image":{"@id":"https:\/\/talkpal.ai\/it\/grammatica-turca\/#primaryimage"},"thumbnailUrl":"https:\/\/talkpal.ai\/wp-content\/uploads\/2023\/05\/turkish.png","datePublished":"2023-05-14T14:23:49+00:00","dateModified":"2025-12-13T15:56:56+00:00","description":"Scopri i segreti della grammatica turca con la nostra guida completa ai principi chiave e alla struttura delle frasi.","breadcrumb":{"@id":"https:\/\/talkpal.ai\/it\/grammatica-turca\/#breadcrumb"},"inLanguage":"it-IT","potentialAction":[{"@type":"ReadAction","target":["https:\/\/talkpal.ai\/it\/grammatica-turca\/"]}]},{"@type":"ImageObject","inLanguage":"it-IT","@id":"https:\/\/talkpal.ai\/it\/grammatica-turca\/#primaryimage","url":"https:\/\/talkpal.ai\/wp-content\/uploads\/2023\/05\/turkish.png","contentUrl":"https:\/\/talkpal.ai\/wp-content\/uploads\/2023\/05\/turkish.png","width":512,"height":512},{"@type":"BreadcrumbList","@id":"https:\/\/talkpal.ai\/it\/grammatica-turca\/#breadcrumb","itemListElement":[{"@type":"ListItem","position":1,"name":"Homepage","item":"https:\/\/talkpal.ai\/it\/"},{"@type":"ListItem","position":2,"name":"Grammatica turca"}]},{"@type":"WebSite","@id":"https:\/\/talkpal.ai\/it\/#website","url":"https:\/\/talkpal.ai\/it\/","name":"Talkpal","description":"AI Language Learning","publisher":{"@id":"https:\/\/talkpal.ai\/it\/#organization"},"alternateName":"Talkpal AI","potentialAction":[{"@type":"SearchAction","target":{"@type":"EntryPoint","urlTemplate":"https:\/\/talkpal.ai\/it\/?s={search_term_string}"},"query-input":{"@type":"PropertyValueSpecification","valueRequired":true,"valueName":"search_term_string"}}],"inLanguage":"it-IT"},{"@type":"Organization","@id":"https:\/\/talkpal.ai\/it\/#organization","name":"Talkpal, Inc.","alternateName":"Talkpal AI","url":"https:\/\/talkpal.ai\/it\/","logo":{"@type":"ImageObject","inLanguage":"it-IT","@id":"https:\/\/talkpal.ai\/it\/#\/schema\/logo\/image\/","url":"https:\/\/talkpal.ai\/wp-content\/uploads\/2024\/03\/Talkpal-Logo-Icon.png","contentUrl":"https:\/\/talkpal.ai\/wp-content\/uploads\/2024\/03\/Talkpal-Logo-Icon.png","width":2880,"height":2880,"caption":"Talkpal, Inc."},"image":{"@id":"https:\/\/talkpal.ai\/it\/#\/schema\/logo\/image\/"},"sameAs":["https:\/\/www.facebook.com\/profile.php?id=100090733639311","https:\/\/x.com\/talkpalai","https:\/\/www.linkedin.com\/company\/talkpal\/","https:\/\/www.youtube.com\/@TalkPal\/","https:\/\/www.tiktok.com\/@talkpal","https:\/\/www.instagram.com\/talkpal_ai\/","https:\/\/www.crunchbase.com\/organization\/talkpal-9cde","https:\/\/www.g2.com\/products\/talkpal-for-business\/","https:\/\/www.trustpilot.com\/review\/talkpal.ai","https:\/\/www.capterra.com\/p\/10006800\/TalkPal\/"],"description":"Talkpal is a language learning web and mobile education app, powered by the latest AI technologies, that provides engaging experiences to its customers in many different languages to help them improve their language skills. Users can chat about unlimited amount of topics with the app and use other modes to practice their language learning.","email":"support@talkpal.ai","legalName":"Talkpal, Inc.","foundingDate":"2023-04-03","duns":"118989042","numberOfEmployees":{"@type":"QuantitativeValue","minValue":"11","maxValue":"50"},"publishingPrinciples":"https:\/\/talkpal.ai\/publishing-principles\/","actionableFeedbackPolicy":"https:\/\/talkpal.ai\/actionable-feedback-policy\/","correctionsPolicy":"https:\/\/talkpal.ai\/corrections-policy\/","ethicsPolicy":"https:\/\/talkpal.ai\/ethics-policy\/","diversityPolicy":"https:\/\/talkpal.ai\/diversity-policy\/","diversityStaffingReport":"https:\/\/talkpal.ai\/diversity-policy\/"}]}},"_links":{"self":[{"href":"https:\/\/talkpal.ai\/it\/wp-json\/wp\/v2\/pages\/153075","targetHints":{"allow":["GET"]}}],"collection":[{"href":"https:\/\/talkpal.ai\/it\/wp-json\/wp\/v2\/pages"}],"about":[{"href":"https:\/\/talkpal.ai\/it\/wp-json\/wp\/v2\/types\/page"}],"author":[{"embeddable":true,"href":"https:\/\/talkpal.ai\/it\/wp-json\/wp\/v2\/users\/1"}],"replies":[{"embeddable":true,"href":"https:\/\/talkpal.ai\/it\/wp-json\/wp\/v2\/comments?post=153075"}],"version-history":[{"count":0,"href":"https:\/\/talkpal.ai\/it\/wp-json\/wp\/v2\/pages\/153075\/revisions"}],"wp:featuredmedia":[{"embeddable":true,"href":"https:\/\/talkpal.ai\/it\/wp-json\/wp\/v2\/media\/28751"}],"wp:attachment":[{"href":"https:\/\/talkpal.ai\/it\/wp-json\/wp\/v2\/media?parent=153075"}],"curies":[{"name":"wp","href":"https:\/\/api.w.org\/{rel}","templated":true}]}}