{"id":150130,"date":"2023-05-14T14:19:49","date_gmt":"2023-05-14T14:19:49","guid":{"rendered":"http:\/\/talkpal.ai\/grammatica-slovacca\/"},"modified":"2025-12-12T11:11:37","modified_gmt":"2025-12-12T11:11:37","slug":"grammatica-slovacca","status":"publish","type":"page","link":"https:\/\/talkpal.ai\/it\/grammatica-slovacca\/","title":{"rendered":"Grammatica slovacca"},"content":{"rendered":"\r\n\r\n\r\n<section class=\"languageChallengeSection\">\r\n    <div class=\"languageInfoWrapper\">\r\n        \r\n        <h1>Grammatica slovacca<\/h1>\r\n        <p>Scopri la bellezza della lingua slovacca imparando le <a href=\"https:\/\/talkpal.ai\/locations\/language-courses-in-sue\/\">sue<\/a> regole grammaticali fondamentali. Capire la <a href=\"https:\/\/talkpal.ai\/es\/gramatica-eslovaca\/\">grammatica slovacca<\/a> ti aiuter\u00e0 a comunicare con sicurezza e a connetterti pi\u00f9 profondamente con le ricche tradizioni della Slovacchia. Inizia il tuo viaggio oggi stesso e fai il primo passo verso la padronanza dello <a href=\"https:\/\/talkpal.ai\/learn-slovak\/\">slovacco<\/a>!\n\n<\/p>\r\n\r\n                            <a class=\"getStartedHidden\" href=\"https:\/\/app.talkpal.ai\/it\/signup?lng=\">Comincia<\/a>\r\n        \r\n    <\/div>\r\n\r\n    <figure>\r\n    <img decoding=\"async\" width=\"768\" height=\"768\" src=\"https:\/\/talkpal.ai\/wp-content\/uploads\/2023\/06\/slovak-768x768.png\" class=\"languageImage no-lazy\" alt=\"Default alt text\" fetchpriority=\"high\" sizes=\"(max-width: 768px) 150px, 768px\" srcset=\"https:\/\/talkpal.ai\/wp-content\/uploads\/2023\/06\/slovak-768x768.png 768w, https:\/\/talkpal.ai\/wp-content\/uploads\/2023\/06\/slovak-300x300.png 300w\" \/>\r\n    \r\n\r\n    <\/figure>\r\n\r\n            <a class=\"getStartedVisible\" href=\"https:\/\/app.talkpal.ai\/it\/signup?lng=\">Comincia<\/a>\r\n    \r\n<\/section>\r\n        <section class=\"grammarSection\">\r\n            <div class=\"grammarLinks\">\r\n                <a href=\"https:\/\/talkpal.ai\/it\/language\/aggettivi-grammatica-slovacca\/\">Aggettivi <\/a><a href=\"https:\/\/talkpal.ai\/it\/language\/articoli-grammatica-slovacca\/\">Articoli <\/a><a href=\"https:\/\/talkpal.ai\/it\/language\/avverbi-grammatica-slovacca\/\">Avverbi <\/a><a href=\"https:\/\/talkpal.ai\/it\/language\/condizionali-grammatica-slovacca\/\">Condizionali <\/a><a href=\"https:\/\/talkpal.ai\/it\/language\/confronto-dei-tempi-grammatica-slovacca\/\">Confronto dei tempi <\/a><a href=\"https:\/\/talkpal.ai\/it\/language\/frasi-grammatica-slovacca\/\">Frasi <\/a><a href=\"https:\/\/talkpal.ai\/it\/language\/preposizioni-grammatica-slovacca\/\">Preposizioni <\/a><a href=\"https:\/\/talkpal.ai\/it\/language\/progressivo-grammatica-slovacca\/\">Progressivo <\/a><a href=\"https:\/\/talkpal.ai\/it\/language\/progressivo-perfetto-grammatica-slovacca\/\">Progressivo perfetto <\/a><a href=\"https:\/\/talkpal.ai\/it\/language\/pronomi-determinanti-grammatica-slovacca\/\">Pronomi\/Determinanti <\/a><a href=\"https:\/\/talkpal.ai\/it\/language\/sostantivi-grammatica-slovacca\/\">Sostantivi <\/a><a href=\"https:\/\/talkpal.ai\/it\/language\/tempi-verbali-grammatica-slovacca\/\">Tempi verbali <\/a><a href=\"https:\/\/talkpal.ai\/it\/language\/verbi-grammatica-slovacca\/\">Verbi <\/a>            <\/div>\r\n        <\/section>\r\n    <section class=\"promotionalBanner\">\r\n    <p class=\"promotionalText\">Il modo pi\u00f9 efficace per imparare una lingua<\/p>\r\n    <a class=\"promotionalLink\" href=\"https:\/\/app.talkpal.ai\/it\/signup?lng=\">Prova Talkpal gratuitamente<\/a>\r\n<\/section>\n<div class=\"wp-block-group pageContainerStyle\"><div class=\"wp-block-group__inner-container is-layout-constrained wp-block-group-is-layout-constrained\">\n<h2 class=\"wp-block-heading\" id=\"h-slovak-grammar-the-key-to-unlocking-a-beautiful-language\">Grammatica slovacca: la chiave per sbloccare una bella lingua<\/h2>\n\n\n\n<p>Stai pensando di imparare lo slovacco o sei solo curioso di conoscere la sua <a href=\"https:\/\/talkpal.ai\/grammar\/\">grammatica<\/a> unica? Sei nel posto giusto! La <a href=\"https:\/\/talkpal.ai\/es\/gramatica-eslovaca\/\">grammatica slovacca<\/a> pu\u00f2 sembrare intimidatoria a prima <a href=\"https:\/\/talkpal.ai\/locations\/language-courses-in-vista\/\">vista<\/a>, ma non preoccuparti: in realt\u00e0 \u00e8 abbastanza logica e gestibile. In questo articolo esploreremo i dettagli della grammatica slovacca per aiutarti a capire meglio e ad apprezzare la sua bellezza.<\/p>\n\n\n\n<p>Per prima cosa, iniziamo con un piccolo background. Lo slovacco \u00e8 una lingua slava occidentale parlata principalmente in Slovacchia, ma \u00e8 possibile trovare parlanti anche nei paesi circostanti. Essendo una lingua slava, condivide molte somiglianze con altre lingue della regione, come il <a href=\"https:\/\/talkpal.ai\/learn-czech\/\">ceco<\/a> e il <a href=\"https:\/\/talkpal.ai\/learn-polish\/\">polacco<\/a>. Tuttavia, ha le sue regole grammaticali distinte e i suoi modelli di utilizzo che lo distinguono.<\/p>\n\n\n\n<p>Ora, approfondiamo alcuni degli aspetti pi\u00f9 importanti della grammatica slovacca.<\/p>\n\n\n\n<h3 class=\"wp-block-heading\" id=\"h-1-nouns-and-their-cases\">1. I sostantivi e i loro casi<\/h3>\n\n\n\n<p>Una delle caratteristiche pi\u00f9 sorprendenti della grammatica slovacca \u00e8 il suo complesso sistema di casi. Se hai familiarit\u00e0 con il tedesco o il russo, saprai di cosa stiamo parlando: I sostantivi slovacchi cambiano forma a seconda della loro funzione all&#8217;interno della frase. Con sette casi (nominativo, genitivo, dativo, accusativo, locativo, strumentale e vocativo), all&#8217;inizio questo potrebbe sembrare un&#8217;impresa ardua, ma non demordere! Una volta presa la mano, \u00e8 incredibilmente logico e persino divertente.<\/p>\n\n\n\n<p>Prendiamo ad esempio il sostantivo &#8220;chlapec&#8221; (ragazzo). Pu\u00f2 cambiare in &#8220;chlapca&#8221;, &#8220;chlapcovi&#8221;, &#8220;chlapcom&#8221; e cos\u00ec via, a seconda che sia soggetto, oggetto o destinatario di un&#8217;azione. Le terminazioni dipendono anche dal genere del sostantivo (maschile, femminile o neutro), dando ancora pi\u00f9 variet\u00e0 alla lingua.<\/p>\n\n\n\n<h3 class=\"wp-block-heading\" id=\"h-2-verb-conjugation-and-tenses\">2. Coniugazione dei verbi e tempi verbali<\/h3>\n\n\n\n<p>I verbi slovacchi cambiano le loro desinenze in base alla persona e al numero (singolare o plurale) del soggetto. Ad esempio, il verbo &#8220;vidie\u0165&#8221; (vedere) pu\u00f2 diventare &#8220;vid\u00edm&#8221; (io vedo), &#8220;vid\u00ed\u0161&#8221; (tu vedi), &#8220;vidia&#8221; (loro vedono) e altri.<\/p>\n\n\n\n<p>Lo slovacco ha tre tempi principali: passato, presente e futuro. La cosa interessante \u00e8 che, a differenza dell&#8217;italiano, lo slovacco in genere non usa verbi ausiliari per formare questi tempi. Invece, si formano cambiando le desinenze verbali. Ad esempio, &#8220;vedo&#8221; \u00e8 &#8220;vid\u00edm&#8221;, &#8220;ho visto&#8221; \u00e8 &#8220;videl som&#8221; e &#8220;vedr\u00f2&#8221; \u00e8 &#8220;uvid\u00edm&#8221;.<\/p>\n\n\n\n<h3 class=\"wp-block-heading\" id=\"h-3-sentence-structure-and-word-order\">3. Struttura delle frasi e ordine delle parole<\/h3>\n\n\n\n<p>Lo slovacco ha un ordine delle parole relativamente flessibile, grazie al suo sistema di coniugazione dei nomi e dei verbi. Ci\u00f2 significa che, a differenza dell&#8217;inglese, \u00e8 possibile collocare le parole in posizioni diverse all&#8217;interno di una frase senza cambiarne il significato: ad esempio, &#8220;chlapec vid\u00ed psa&#8221; (il ragazzo vede il cane) pu\u00f2 anche essere &#8220;psa vid\u00ed chlapec&#8221; e avere lo stesso significato.<\/p>\n\n\n\n<p>Detto questo, l&#8217;ordine delle parole pi\u00f9 comune in slovacco \u00e8 soggetto-verbo-oggetto o SVO. \u00c8 simile all&#8217;inglese ed \u00e8 un ottimo punto di partenza per gli studenti. Man mano che ti senti pi\u00f9 a tuo agio con la lingua, puoi sperimentare diversi ordini di parole per aggiungere enfasi o sfumature alle tue frasi.<\/p>\n\n\n\n<h3 class=\"wp-block-heading\" id=\"h-4-adjectives-and-adverbs\">4. Aggettivi e avverbi<\/h3>\n\n\n\n<p>Proprio come in molte altre lingue, gli aggettivi e gli avverbi in slovacco sono usati per descrivere sostantivi e verbi. Tuttavia, hanno anche le proprie regole di accordo sui casi e sugli accordi di genere, che possono rendere le cose un po&#8217; pi\u00f9 complicate. Per fortuna, una volta padroneggiati i casi nominali e le coniugazioni dei verbi, queste regole verranno pi\u00f9 naturali.<\/p>\n\n\n\n<p>Allora, sei pronto ad affrontare la grammatica slovacca? Con la giusta mentalit\u00e0 e le giuste risorse, imparare lo slovacco \u00e8 un&#8217;esperienza gratificante che pu\u00f2 aprire le porte a una ricca cultura e a un bellissimo paese. Fai un passo alla volta, esercitati regolarmente e non aver paura di sbagliare: in fondo \u00e8 cos\u00ec che impariamo tutti. Ve\u013ea \u0161\u0165astia! (Buona fortuna!)<\/p>\n<\/div><\/div>\n\r\n<section class=\"learnNavigationSection\">\r\n            \r\n        <a href=\"https:\/\/talkpal.ai\/it\/imparare-lo-slovacco\/\">\r\n            <div class=\"learnNavigationWrapper\">\r\n                <div class=\"learnNavigationContent\">\r\n                    <img decoding=\"async\" src=\"https:\/\/talkpal.ai\/wp-content\/uploads\/2024\/08\/Slovak.jpg\" alt=\"Slovak Flag\">\r\n                    <div>\r\n                        <h4>Informazioni sull&#039;apprendimento dello slovacco<\/h4>\r\n                        <p>Scoprite tutto sulla grammatica slovacca.<\/p>\r\n                    <\/div>\r\n                <\/div>\r\n            <\/div>\r\n        <\/a>\r\n\r\n        \r\n        <a href=\"https:\/\/talkpal.ai\/it\/esercizi-di-grammatica-slovacca\/\">\r\n            <div class=\"learnNavigationWrapper\">\r\n                <div class=\"learnNavigationContent\">\r\n                    <img decoding=\"async\" src=\"https:\/\/talkpal.ai\/wp-content\/uploads\/2024\/08\/Slovak.jpg\" alt=\"Slovak Flag\">\r\n                    <div>\r\n                        <h4>Esercizio di grammatica slovacca<\/h4>\r\n                        <p>Pratica la grammatica slovacca.<\/p>\r\n                    <\/div>\r\n                <\/div>\r\n            <\/div>\r\n        <\/a>\r\n\r\n        \r\n        <a href=\"https:\/\/talkpal.ai\/vocabulary_language\/slovak\/\">\r\n            <div class=\"learnNavigationWrapper\">\r\n                <div class=\"learnNavigationContent\">\r\n                    <img decoding=\"async\" src=\"https:\/\/talkpal.ai\/wp-content\/uploads\/2024\/08\/Slovak.jpg\" alt=\"Slovak Flag\">\r\n                    <div>\r\n                        <h4>Vocabolario slovacco<\/h4>\r\n                        <p>Amplia il tuo vocabolario slovacco.<\/p>\r\n                    <\/div>\r\n                <\/div>\r\n            <\/div>\r\n        <\/a>\r\n\r\n            <\/section>","protected":false},"excerpt":{"rendered":"<p>Grammatica slovacca: la chiave per sbloccare una bella lingua Stai pensando di imparare lo slovacco o sei solo curioso di conoscere la sua grammatica unica? Sei nel posto giusto! La grammatica slovacca pu\u00f2 sembrare intimidatoria a prima vista, ma non preoccuparti: in realt\u00e0 \u00e8 abbastanza logica e gestibile. In questo articolo esploreremo i dettagli della [&hellip;]<\/p>\n","protected":false},"author":1,"featured_media":28639,"parent":0,"menu_order":0,"comment_status":"closed","ping_status":"closed","template":"LearningContentPage.php","meta":{"_acf_changed":false,"footnotes":""},"class_list":["post-150130","page","type-page","status-publish","has-post-thumbnail","hentry"],"acf":[],"yoast_head":"<!-- This site is optimized with the Yoast SEO Premium plugin v27.2 (Yoast SEO v27.2) - https:\/\/yoast.com\/product\/yoast-seo-premium-wordpress\/ -->\n<title>Grammatica slovacca - Talkpal<\/title>\n<meta name=\"description\" content=\"Impara la grammatica slovacca con spiegazioni chiare, esempi pratici ed esercizi interattivi. Migliora le tue abilit\u00e0!\" \/>\n<meta name=\"robots\" content=\"index, follow, max-snippet:-1, max-image-preview:large, max-video-preview:-1\" \/>\n<link rel=\"canonical\" href=\"https:\/\/talkpal.ai\/it\/grammatica-slovacca\/\" \/>\n<meta property=\"og:locale\" content=\"it_IT\" \/>\n<meta property=\"og:type\" content=\"article\" \/>\n<meta property=\"og:title\" content=\"Grammatica slovacca\" \/>\n<meta property=\"og:description\" content=\"Grammatica slovacca: la chiave per sbloccare una bella lingua Stai pensando di imparare lo slovacco o sei solo curioso di conoscere la sua grammatica\" \/>\n<meta property=\"og:url\" content=\"https:\/\/talkpal.ai\/it\/grammatica-slovacca\/\" \/>\n<meta property=\"og:site_name\" content=\"Talkpal\" \/>\n<meta property=\"article:publisher\" content=\"https:\/\/www.facebook.com\/profile.php?id=100090733639311\" \/>\n<meta property=\"article:modified_time\" content=\"2025-12-12T11:11:37+00:00\" \/>\n<meta property=\"og:image\" content=\"https:\/\/talkpal.ai\/wp-content\/uploads\/2023\/05\/slovakia.png\" \/>\n\t<meta property=\"og:image:width\" content=\"512\" \/>\n\t<meta property=\"og:image:height\" content=\"512\" \/>\n\t<meta property=\"og:image:type\" content=\"image\/png\" \/>\n<meta name=\"twitter:card\" content=\"summary_large_image\" \/>\n<meta name=\"twitter:site\" content=\"@talkpalai\" \/>\n<meta name=\"twitter:label1\" content=\"Tempo di lettura stimato\" \/>\n\t<meta name=\"twitter:data1\" content=\"3 minuti\" \/>\n<script type=\"application\/ld+json\" class=\"yoast-schema-graph\">{\"@context\":\"https:\/\/schema.org\",\"@graph\":[{\"@type\":\"WebPage\",\"@id\":\"https:\/\/talkpal.ai\/it\/grammatica-slovacca\/\",\"url\":\"https:\/\/talkpal.ai\/it\/grammatica-slovacca\/\",\"name\":\"Grammatica slovacca - Talkpal\",\"isPartOf\":{\"@id\":\"https:\/\/talkpal.ai\/it\/#website\"},\"primaryImageOfPage\":{\"@id\":\"https:\/\/talkpal.ai\/it\/grammatica-slovacca\/#primaryimage\"},\"image\":{\"@id\":\"https:\/\/talkpal.ai\/it\/grammatica-slovacca\/#primaryimage\"},\"thumbnailUrl\":\"https:\/\/talkpal.ai\/wp-content\/uploads\/2023\/05\/slovakia.png\",\"datePublished\":\"2023-05-14T14:19:49+00:00\",\"dateModified\":\"2025-12-12T11:11:37+00:00\",\"description\":\"Impara la grammatica slovacca con spiegazioni chiare, esempi pratici ed esercizi interattivi. Migliora le tue abilit\u00e0!\",\"breadcrumb\":{\"@id\":\"https:\/\/talkpal.ai\/it\/grammatica-slovacca\/#breadcrumb\"},\"inLanguage\":\"it-IT\",\"potentialAction\":[{\"@type\":\"ReadAction\",\"target\":[\"https:\/\/talkpal.ai\/it\/grammatica-slovacca\/\"]}]},{\"@type\":\"ImageObject\",\"inLanguage\":\"it-IT\",\"@id\":\"https:\/\/talkpal.ai\/it\/grammatica-slovacca\/#primaryimage\",\"url\":\"https:\/\/talkpal.ai\/wp-content\/uploads\/2023\/05\/slovakia.png\",\"contentUrl\":\"https:\/\/talkpal.ai\/wp-content\/uploads\/2023\/05\/slovakia.png\",\"width\":512,\"height\":512},{\"@type\":\"BreadcrumbList\",\"@id\":\"https:\/\/talkpal.ai\/it\/grammatica-slovacca\/#breadcrumb\",\"itemListElement\":[{\"@type\":\"ListItem\",\"position\":1,\"name\":\"Homepage\",\"item\":\"https:\/\/talkpal.ai\/it\/\"},{\"@type\":\"ListItem\",\"position\":2,\"name\":\"Grammatica slovacca\"}]},{\"@type\":\"WebSite\",\"@id\":\"https:\/\/talkpal.ai\/it\/#website\",\"url\":\"https:\/\/talkpal.ai\/it\/\",\"name\":\"Talkpal\",\"description\":\"AI Language Learning\",\"publisher\":{\"@id\":\"https:\/\/talkpal.ai\/it\/#organization\"},\"alternateName\":\"Talkpal AI\",\"potentialAction\":[{\"@type\":\"SearchAction\",\"target\":{\"@type\":\"EntryPoint\",\"urlTemplate\":\"https:\/\/talkpal.ai\/it\/?s={search_term_string}\"},\"query-input\":{\"@type\":\"PropertyValueSpecification\",\"valueRequired\":true,\"valueName\":\"search_term_string\"}}],\"inLanguage\":\"it-IT\"},{\"@type\":\"Organization\",\"@id\":\"https:\/\/talkpal.ai\/it\/#organization\",\"name\":\"Talkpal, Inc.\",\"alternateName\":\"Talkpal AI\",\"url\":\"https:\/\/talkpal.ai\/it\/\",\"logo\":{\"@type\":\"ImageObject\",\"inLanguage\":\"it-IT\",\"@id\":\"https:\/\/talkpal.ai\/it\/#\/schema\/logo\/image\/\",\"url\":\"https:\/\/talkpal.ai\/wp-content\/uploads\/2024\/03\/Talkpal-Logo-Icon.png\",\"contentUrl\":\"https:\/\/talkpal.ai\/wp-content\/uploads\/2024\/03\/Talkpal-Logo-Icon.png\",\"width\":2880,\"height\":2880,\"caption\":\"Talkpal, Inc.\"},\"image\":{\"@id\":\"https:\/\/talkpal.ai\/it\/#\/schema\/logo\/image\/\"},\"sameAs\":[\"https:\/\/www.facebook.com\/profile.php?id=100090733639311\",\"https:\/\/x.com\/talkpalai\",\"https:\/\/www.linkedin.com\/company\/talkpal\/\",\"https:\/\/www.youtube.com\/@TalkPal\/\",\"https:\/\/www.tiktok.com\/@talkpal\",\"https:\/\/www.instagram.com\/talkpal_ai\/\",\"https:\/\/www.crunchbase.com\/organization\/talkpal-9cde\",\"https:\/\/www.g2.com\/products\/talkpal-for-business\/\",\"https:\/\/www.trustpilot.com\/review\/talkpal.ai\",\"https:\/\/www.capterra.com\/p\/10006800\/TalkPal\/\"],\"description\":\"Talkpal is a language learning web and mobile education app, powered by the latest AI technologies, that provides engaging experiences to its customers in many different languages to help them improve their language skills. Users can chat about unlimited amount of topics with the app and use other modes to practice their language learning.\",\"email\":\"support@talkpal.ai\",\"legalName\":\"Talkpal, Inc.\",\"foundingDate\":\"2023-04-03\",\"duns\":\"118989042\",\"numberOfEmployees\":{\"@type\":\"QuantitativeValue\",\"minValue\":\"11\",\"maxValue\":\"50\"},\"publishingPrinciples\":\"https:\/\/talkpal.ai\/publishing-principles\/\",\"actionableFeedbackPolicy\":\"https:\/\/talkpal.ai\/actionable-feedback-policy\/\",\"correctionsPolicy\":\"https:\/\/talkpal.ai\/corrections-policy\/\",\"ethicsPolicy\":\"https:\/\/talkpal.ai\/ethics-policy\/\",\"diversityPolicy\":\"https:\/\/talkpal.ai\/diversity-policy\/\",\"diversityStaffingReport\":\"https:\/\/talkpal.ai\/diversity-policy\/\"}]}<\/script>\n<!-- \/ Yoast SEO Premium plugin. -->","yoast_head_json":{"title":"Grammatica slovacca - Talkpal","description":"Impara la grammatica slovacca con spiegazioni chiare, esempi pratici ed esercizi interattivi. Migliora le tue abilit\u00e0!","robots":{"index":"index","follow":"follow","max-snippet":"max-snippet:-1","max-image-preview":"max-image-preview:large","max-video-preview":"max-video-preview:-1"},"canonical":"https:\/\/talkpal.ai\/it\/grammatica-slovacca\/","og_locale":"it_IT","og_type":"article","og_title":"Grammatica slovacca","og_description":"Grammatica slovacca: la chiave per sbloccare una bella lingua Stai pensando di imparare lo slovacco o sei solo curioso di conoscere la sua grammatica","og_url":"https:\/\/talkpal.ai\/it\/grammatica-slovacca\/","og_site_name":"Talkpal","article_publisher":"https:\/\/www.facebook.com\/profile.php?id=100090733639311","article_modified_time":"2025-12-12T11:11:37+00:00","og_image":[{"width":512,"height":512,"url":"https:\/\/talkpal.ai\/wp-content\/uploads\/2023\/05\/slovakia.png","type":"image\/png"}],"twitter_card":"summary_large_image","twitter_site":"@talkpalai","twitter_misc":{"Tempo di lettura stimato":"3 minuti"},"schema":{"@context":"https:\/\/schema.org","@graph":[{"@type":"WebPage","@id":"https:\/\/talkpal.ai\/it\/grammatica-slovacca\/","url":"https:\/\/talkpal.ai\/it\/grammatica-slovacca\/","name":"Grammatica slovacca - Talkpal","isPartOf":{"@id":"https:\/\/talkpal.ai\/it\/#website"},"primaryImageOfPage":{"@id":"https:\/\/talkpal.ai\/it\/grammatica-slovacca\/#primaryimage"},"image":{"@id":"https:\/\/talkpal.ai\/it\/grammatica-slovacca\/#primaryimage"},"thumbnailUrl":"https:\/\/talkpal.ai\/wp-content\/uploads\/2023\/05\/slovakia.png","datePublished":"2023-05-14T14:19:49+00:00","dateModified":"2025-12-12T11:11:37+00:00","description":"Impara la grammatica slovacca con spiegazioni chiare, esempi pratici ed esercizi interattivi. Migliora le tue abilit\u00e0!","breadcrumb":{"@id":"https:\/\/talkpal.ai\/it\/grammatica-slovacca\/#breadcrumb"},"inLanguage":"it-IT","potentialAction":[{"@type":"ReadAction","target":["https:\/\/talkpal.ai\/it\/grammatica-slovacca\/"]}]},{"@type":"ImageObject","inLanguage":"it-IT","@id":"https:\/\/talkpal.ai\/it\/grammatica-slovacca\/#primaryimage","url":"https:\/\/talkpal.ai\/wp-content\/uploads\/2023\/05\/slovakia.png","contentUrl":"https:\/\/talkpal.ai\/wp-content\/uploads\/2023\/05\/slovakia.png","width":512,"height":512},{"@type":"BreadcrumbList","@id":"https:\/\/talkpal.ai\/it\/grammatica-slovacca\/#breadcrumb","itemListElement":[{"@type":"ListItem","position":1,"name":"Homepage","item":"https:\/\/talkpal.ai\/it\/"},{"@type":"ListItem","position":2,"name":"Grammatica slovacca"}]},{"@type":"WebSite","@id":"https:\/\/talkpal.ai\/it\/#website","url":"https:\/\/talkpal.ai\/it\/","name":"Talkpal","description":"AI Language Learning","publisher":{"@id":"https:\/\/talkpal.ai\/it\/#organization"},"alternateName":"Talkpal AI","potentialAction":[{"@type":"SearchAction","target":{"@type":"EntryPoint","urlTemplate":"https:\/\/talkpal.ai\/it\/?s={search_term_string}"},"query-input":{"@type":"PropertyValueSpecification","valueRequired":true,"valueName":"search_term_string"}}],"inLanguage":"it-IT"},{"@type":"Organization","@id":"https:\/\/talkpal.ai\/it\/#organization","name":"Talkpal, Inc.","alternateName":"Talkpal AI","url":"https:\/\/talkpal.ai\/it\/","logo":{"@type":"ImageObject","inLanguage":"it-IT","@id":"https:\/\/talkpal.ai\/it\/#\/schema\/logo\/image\/","url":"https:\/\/talkpal.ai\/wp-content\/uploads\/2024\/03\/Talkpal-Logo-Icon.png","contentUrl":"https:\/\/talkpal.ai\/wp-content\/uploads\/2024\/03\/Talkpal-Logo-Icon.png","width":2880,"height":2880,"caption":"Talkpal, Inc."},"image":{"@id":"https:\/\/talkpal.ai\/it\/#\/schema\/logo\/image\/"},"sameAs":["https:\/\/www.facebook.com\/profile.php?id=100090733639311","https:\/\/x.com\/talkpalai","https:\/\/www.linkedin.com\/company\/talkpal\/","https:\/\/www.youtube.com\/@TalkPal\/","https:\/\/www.tiktok.com\/@talkpal","https:\/\/www.instagram.com\/talkpal_ai\/","https:\/\/www.crunchbase.com\/organization\/talkpal-9cde","https:\/\/www.g2.com\/products\/talkpal-for-business\/","https:\/\/www.trustpilot.com\/review\/talkpal.ai","https:\/\/www.capterra.com\/p\/10006800\/TalkPal\/"],"description":"Talkpal is a language learning web and mobile education app, powered by the latest AI technologies, that provides engaging experiences to its customers in many different languages to help them improve their language skills. Users can chat about unlimited amount of topics with the app and use other modes to practice their language learning.","email":"support@talkpal.ai","legalName":"Talkpal, Inc.","foundingDate":"2023-04-03","duns":"118989042","numberOfEmployees":{"@type":"QuantitativeValue","minValue":"11","maxValue":"50"},"publishingPrinciples":"https:\/\/talkpal.ai\/publishing-principles\/","actionableFeedbackPolicy":"https:\/\/talkpal.ai\/actionable-feedback-policy\/","correctionsPolicy":"https:\/\/talkpal.ai\/corrections-policy\/","ethicsPolicy":"https:\/\/talkpal.ai\/ethics-policy\/","diversityPolicy":"https:\/\/talkpal.ai\/diversity-policy\/","diversityStaffingReport":"https:\/\/talkpal.ai\/diversity-policy\/"}]}},"_links":{"self":[{"href":"https:\/\/talkpal.ai\/it\/wp-json\/wp\/v2\/pages\/150130","targetHints":{"allow":["GET"]}}],"collection":[{"href":"https:\/\/talkpal.ai\/it\/wp-json\/wp\/v2\/pages"}],"about":[{"href":"https:\/\/talkpal.ai\/it\/wp-json\/wp\/v2\/types\/page"}],"author":[{"embeddable":true,"href":"https:\/\/talkpal.ai\/it\/wp-json\/wp\/v2\/users\/1"}],"replies":[{"embeddable":true,"href":"https:\/\/talkpal.ai\/it\/wp-json\/wp\/v2\/comments?post=150130"}],"version-history":[{"count":0,"href":"https:\/\/talkpal.ai\/it\/wp-json\/wp\/v2\/pages\/150130\/revisions"}],"wp:featuredmedia":[{"embeddable":true,"href":"https:\/\/talkpal.ai\/it\/wp-json\/wp\/v2\/media\/28639"}],"wp:attachment":[{"href":"https:\/\/talkpal.ai\/it\/wp-json\/wp\/v2\/media?parent=150130"}],"curies":[{"name":"wp","href":"https:\/\/api.w.org\/{rel}","templated":true}]}}