{"id":149741,"date":"2023-05-14T14:19:26","date_gmt":"2023-05-14T14:19:26","guid":{"rendered":"http:\/\/talkpal.ai\/grammatica-serba\/"},"modified":"2025-12-17T15:37:12","modified_gmt":"2025-12-17T15:37:12","slug":"grammatica-serba","status":"publish","type":"page","link":"https:\/\/talkpal.ai\/it\/grammatica-serba\/","title":{"rendered":"Grammatica serba"},"content":{"rendered":"\r\n\r\n\r\n<section class=\"languageChallengeSection\">\r\n    <div class=\"languageInfoWrapper\">\r\n        \r\n        <h1>Grammatica serba<\/h1>\r\n        <p>Inizia la tua avventura nella lingua russa e apri le porte a una ricca cultura e storia. Padroneggiare la <a href=\"https:\/\/talkpal.ai\/grammar\/\">grammatica<\/a> e il vocabolario russo migliorer\u00e0 le tue opportunit\u00e0 di viaggio, carriera e comunicazione. Inizia a imparare il russo oggi stesso e fai il primo passo verso la fluidit\u00e0!\n\n<\/p>\r\n\r\n                            <a class=\"getStartedHidden\" href=\"https:\/\/app.talkpal.ai\/it\/signup?lng=\">Comincia<\/a>\r\n        \r\n    <\/div>\r\n\r\n    <figure>\r\n    <img decoding=\"async\" width=\"768\" height=\"768\" src=\"https:\/\/talkpal.ai\/wp-content\/uploads\/2023\/06\/serbian-768x768.png\" class=\"languageImage no-lazy\" alt=\"Default alt text\" fetchpriority=\"high\" sizes=\"(max-width: 768px) 150px, 768px\" srcset=\"https:\/\/talkpal.ai\/wp-content\/uploads\/2023\/06\/serbian-768x768.png 768w, https:\/\/talkpal.ai\/wp-content\/uploads\/2023\/06\/serbian-300x300.png 300w\" \/>\r\n    \r\n\r\n    <\/figure>\r\n\r\n            <a class=\"getStartedVisible\" href=\"https:\/\/app.talkpal.ai\/it\/signup?lng=\">Comincia<\/a>\r\n    \r\n<\/section>\r\n        <section class=\"grammarSection\">\r\n            <div class=\"grammarLinks\">\r\n                <a href=\"https:\/\/talkpal.ai\/it\/language\/aggettivi-grammatica-serba\/\">Aggettivi <\/a><a href=\"https:\/\/talkpal.ai\/it\/language\/articoli-grammatica-serba\/\">Articoli <\/a><a href=\"https:\/\/talkpal.ai\/it\/language\/avverbi-grammatica-serba\/\">Avverbi <\/a><a href=\"https:\/\/talkpal.ai\/it\/language\/condizionali-grammatica-serba\/\">Condizionali <\/a><a href=\"https:\/\/talkpal.ai\/it\/language\/confronto-dei-tempi-grammatica-serba\/\">Confronto dei tempi <\/a><a href=\"https:\/\/talkpal.ai\/it\/language\/frasi-grammatica-serba\/\">Frasi <\/a><a href=\"https:\/\/talkpal.ai\/it\/language\/preposizioni-grammatica-serba\/\">Preposizioni <\/a><a href=\"https:\/\/talkpal.ai\/it\/language\/progressivo-grammatica-serba\/\">Progressivo <\/a><a href=\"https:\/\/talkpal.ai\/it\/language\/progressivo-perfetto-grammatica-serba\/\">Progressivo perfetto <\/a><a href=\"https:\/\/talkpal.ai\/it\/language\/pronomi-determinanti-grammatica-serba\/\">Pronomi\/Determinanti <\/a><a href=\"https:\/\/talkpal.ai\/it\/language\/sostantivi-grammatica-serba\/\">Sostantivi <\/a><a href=\"https:\/\/talkpal.ai\/it\/language\/tempi-verbali-grammatica-serba\/\">Tempi verbali <\/a><a href=\"https:\/\/talkpal.ai\/it\/language\/verbi-grammatica-serba\/\">Verbi <\/a>            <\/div>\r\n        <\/section>\r\n    <section class=\"promotionalBanner\">\r\n    <p class=\"promotionalText\">Il modo pi\u00f9 efficace per imparare una lingua<\/p>\r\n    <a class=\"promotionalLink\" href=\"https:\/\/app.talkpal.ai\/it\/signup?lng=\">Prova Talkpal gratuitamente<\/a>\r\n<\/section>\n<div class=\"wp-block-group pageContainerStyle\"><div class=\"wp-block-group__inner-container is-layout-constrained wp-block-group-is-layout-constrained\">\n<h1 class=\"wp-block-heading\" id=\"h-serbian-grammar-unraveling-the-intricacies-of-the-south-slavic-language\">Grammatica serba: svelare le complessit\u00e0 della lingua slava meridionale<\/h1>\n\n\n\n<p>Appello a tutti gli <a href=\"https:\/\/talkpal.ai\/talkpal-discount-for-language-enthusiasts\/\">appassionati di lingue<\/a> e agli appassionati dei Balcani! Hai mai pensato di immergerti nel mondo della <a href=\"https:\/\/talkpal.ai\/serbian-grammar\/\">grammatica serba<\/a>? Il <a href=\"https:\/\/talkpal.ai\/learn-serbian\/\">serbo<\/a>, una lingua slava meridionale, \u00e8 la lingua ufficiale della <a href=\"https:\/\/talkpal.ai\/learn-serbian\/\">Serbia<\/a> e una delle lingue ufficiali della <a href=\"https:\/\/talkpal.ai\/learn-bosnian\/\">Bosnia<\/a> ed Erzegovina. Con circa 9 milioni di madrelingua, questa intrigante lingua condivide somiglianze con il <a href=\"https:\/\/talkpal.ai\/learn-croatian\/\">croato<\/a>, il <a href=\"https:\/\/talkpal.ai\/learn-bosnian\/\">bosniaco<\/a> e il montenegrino, ma vanta caratteristiche distintive che la distinguono. In questo articolo esploreremo gli aspetti pi\u00f9 affascinanti della <a href=\"https:\/\/talkpal.ai\/serbian-grammar\/\">grammatica serba<\/a>.<\/p>\n\n\n\n<h3 class=\"wp-block-heading\" id=\"h-the-dual-alphabet-cyrillic-and-latin\">L&#8217;alfabeto duale: cirillico e latino<\/h3>\n\n\n\n<p>Una delle prime cose che noterai del serbo \u00e8 l&#8217;uso di due alfabeti: Il cirillico e il latino. L&#8217;alfabeto cirillico serbo, con 30 lettere, \u00e8 stato standardizzato dal linguista Vuk Karad\u017ei\u0107 nel 1818 ed \u00e8 l&#8217;alfabeto ufficiale del paese. Tuttavia, l&#8217;alfabeto latino, anch&#8217;esso composto da 30 lettere, \u00e8 molto utilizzato, soprattutto per la comunicazione digitale e i contesti informali. L&#8217;uso di due alfabeti conferisce al serbo un carattere unico e versatile.<\/p>\n\n\n\n<h3 class=\"wp-block-heading\" id=\"h-the-building-blocks-nouns-pronouns-and-cases\">Gli elementi costitutivi: sostantivi, pronomi e casi<\/h3>\n\n\n\n<p>Come altre lingue slave, la grammatica serba ruota attorno all&#8217;inflessione, in cui le parole cambiano le loro desinenze in base alla loro funzione grammaticale. Ci\u00f2 \u00e8 pi\u00f9 evidente nei sostantivi, nei pronomi e negli aggettivi. Il serbo ha sette casi:<\/p>\n\n\n\n<p><strong>1. Nominativo &#8211; indica il soggetto di una frase<\/strong><\/p>\n\n\n\n<p><strong>2. Genitivo &#8211; indica possesso, oggetto di negazione o significato partitivo.<\/strong><\/p>\n\n\n\n<p><strong>3. Dativo &#8211; indica l&#8217;oggetto indiretto<\/strong><\/p>\n\n\n\n<p><strong>4. Accusativo &#8211; indica l&#8217;oggetto diretto<\/strong><\/p>\n\n\n\n<p><strong>5. Vocativo &#8211; usato per rivolgersi a qualcuno o per chiamarlo.<\/strong><\/p>\n\n\n\n<p><strong>6. Strumentale &#8211; esprime il mezzo o il metodo di un&#8217;azione.<\/strong><\/p>\n\n\n\n<p><strong>7. Locativo &#8211; specifica la posizione o l&#8217;oggetto di alcune preposizioni.<\/strong><\/p>\n\n\n\n<p>I sostantivi serbi hanno tre generi (maschile, femminile e neutro) e due numeri (singolare e plurale). Le terminazioni specifiche per ogni genere e numero variano a seconda del caso, quindi \u00e8 essenziale memorizzarle per costruire frasi grammaticalmente corrette.<\/p>\n\n\n\n<h3 class=\"wp-block-heading\" id=\"h-get-moving-with-verbs-tenses-aspects-and-moods\">Muoviti con i verbi: tempi, aspetti e stati d&#8217;animo<\/h3>\n\n\n\n<p>I verbi serbi mostrano complessit\u00e0 affascinanti con i loro tempi (passato, presente e futuro), aspetti (perfettivi e imperfettivi) e modi (indicativo, imperativo e condizionale). L&#8217;aspetto gioca un ruolo significativo nei verbi serbi, in quanto indica se un&#8217;azione \u00e8 vista come completata (perfettiva) o in corso (imperfettiva). Molti verbi si presentano in coppie che indicano i diversi aspetti, spesso attraverso l&#8217;uso di prefissi o suffissi specifici.<\/p>\n\n\n\n<h3 class=\"wp-block-heading\" id=\"h-adjectives-adverbs-and-all-that-jazz\">Aggettivi, avverbi e tutto quel jazz<\/h3>\n\n\n\n<p>Gli aggettivi serbi concordano con i sostantivi che modificano in termini di genere, numero e caso. Hanno anche forme comparative e superlative per esprimere vari gradi di qualit\u00e0. Inoltre, gli avverbi sono spesso derivati da aggettivi e trasmettono vari significati come tempo, modo, luogo e grado.<\/p>\n\n\n\n<p>La lingua serba vanta anche una serie di congiunzioni, preposizioni, numeri e particelle che contribuiscono alla bellezza della lingua e aiutano a creare frasi complesse e significative.<\/p>\n\n\n\n<h3 class=\"wp-block-heading\" id=\"h-embracing-the-world-of-serbian-grammar\">Abbracciare il mondo della grammatica serba<\/h3>\n\n\n\n<p>La grammatica serba potrebbe sembrare opprimente a prima vista. Tuttavia, se ti addentri nel suo ricco panorama di casi, aspetti e stranezze linguistiche, scoprirai un linguaggio vibrante ed espressivo. Imparare il serbo non solo affiner\u00e0 la tua comprensione della famiglia linguistica slava, ma ti aiuter\u00e0 anche a entrare in contatto con una storia e una cultura accattivanti.<\/p>\n\n\n\n<p>Allora perch\u00e9 non accettare la sfida di esplorare ulteriormente la grammatica serba? Con perseveranza e passione, un giorno potresti ritrovarti a passeggiare per le strade di Belgrado, impegnandoti in vivaci conversazioni con la gente del posto nella loro lingua madre. Buon apprendimento!<\/p>\n<\/div><\/div>\n\r\n<section class=\"learnNavigationSection\">\r\n            \r\n        <a href=\"https:\/\/talkpal.ai\/it\/imparare-il-serbo\/\">\r\n            <div class=\"learnNavigationWrapper\">\r\n                <div class=\"learnNavigationContent\">\r\n                    <img decoding=\"async\" src=\"https:\/\/talkpal.ai\/wp-content\/uploads\/2024\/08\/Serbian.jpg\" alt=\"Serbian Flag\">\r\n                    <div>\r\n                        <h4>Informazioni sulla Serbia Learning<\/h4>\r\n                        <p>Scopri tutto sulla grammatica della Serbia.<\/p>\r\n                    <\/div>\r\n                <\/div>\r\n            <\/div>\r\n        <\/a>\r\n\r\n        \r\n        <a href=\"https:\/\/talkpal.ai\/it\/esercizi-di-grammatica-serba\/\">\r\n            <div class=\"learnNavigationWrapper\">\r\n                <div class=\"learnNavigationContent\">\r\n                    <img decoding=\"async\" src=\"https:\/\/talkpal.ai\/wp-content\/uploads\/2024\/08\/Serbian.jpg\" alt=\"Serbian Flag\">\r\n                    <div>\r\n                        <h4>Esercizio di grammatica serba<\/h4>\r\n                        <p>Pratica la grammatica serba .<\/p>\r\n                    <\/div>\r\n                <\/div>\r\n            <\/div>\r\n        <\/a>\r\n\r\n        \r\n        <a href=\"https:\/\/talkpal.ai\/vocabulary_language\/serbian\/\">\r\n            <div class=\"learnNavigationWrapper\">\r\n                <div class=\"learnNavigationContent\">\r\n                    <img decoding=\"async\" src=\"https:\/\/talkpal.ai\/wp-content\/uploads\/2024\/08\/Serbian.jpg\" alt=\"Serbian Flag\">\r\n                    <div>\r\n                        <h4>Vocabolario serbo<\/h4>\r\n                        <p>Amplia il tuo vocabolario serbo.<\/p>\r\n                    <\/div>\r\n                <\/div>\r\n            <\/div>\r\n        <\/a>\r\n\r\n            <\/section>","protected":false},"excerpt":{"rendered":"<p>Grammatica serba: svelare le complessit\u00e0 della lingua slava meridionale Appello a tutti gli appassionati di lingue e agli appassionati dei Balcani! Hai mai pensato di immergerti nel mondo della grammatica serba? Il serbo, una lingua slava meridionale, \u00e8 la lingua ufficiale della Serbia e una delle lingue ufficiali della Bosnia ed Erzegovina. Con circa 9 [&hellip;]<\/p>\n","protected":false},"author":1,"featured_media":28623,"parent":0,"menu_order":0,"comment_status":"closed","ping_status":"closed","template":"LearningContentPage.php","meta":{"_acf_changed":false,"footnotes":""},"class_list":["post-149741","page","type-page","status-publish","has-post-thumbnail","hentry"],"acf":[],"yoast_head":"<!-- This site is optimized with the Yoast SEO Premium plugin v27.2 (Yoast SEO v27.2) - https:\/\/yoast.com\/product\/yoast-seo-premium-wordpress\/ -->\n<title>Grammatica serba - Talkpal<\/title>\n<meta name=\"description\" content=\"Esplora le complessit\u00e0 della grammatica serba e scopri le caratteristiche uniche che la distinguono dalle altre lingue balcaniche.\" \/>\n<meta name=\"robots\" content=\"index, follow, max-snippet:-1, max-image-preview:large, max-video-preview:-1\" \/>\n<link rel=\"canonical\" href=\"https:\/\/talkpal.ai\/it\/grammatica-serba\/\" \/>\n<meta property=\"og:locale\" content=\"it_IT\" \/>\n<meta property=\"og:type\" content=\"article\" \/>\n<meta property=\"og:title\" content=\"Grammatica serba\" \/>\n<meta property=\"og:description\" content=\"Grammatica serba: svelare le complessit\u00e0 della lingua slava meridionale Appello a tutti gli appassionati di lingue e agli appassionati dei Balcani! Hai\" \/>\n<meta property=\"og:url\" content=\"https:\/\/talkpal.ai\/it\/grammatica-serba\/\" \/>\n<meta property=\"og:site_name\" content=\"Talkpal\" \/>\n<meta property=\"article:publisher\" content=\"https:\/\/www.facebook.com\/profile.php?id=100090733639311\" \/>\n<meta property=\"article:modified_time\" content=\"2025-12-17T15:37:12+00:00\" \/>\n<meta property=\"og:image\" content=\"https:\/\/talkpal.ai\/wp-content\/uploads\/2023\/05\/serbia.png\" \/>\n\t<meta property=\"og:image:width\" content=\"512\" \/>\n\t<meta property=\"og:image:height\" content=\"512\" \/>\n\t<meta property=\"og:image:type\" content=\"image\/png\" \/>\n<meta name=\"twitter:card\" content=\"summary_large_image\" \/>\n<meta name=\"twitter:site\" content=\"@talkpalai\" \/>\n<meta name=\"twitter:label1\" content=\"Tempo di lettura stimato\" \/>\n\t<meta name=\"twitter:data1\" content=\"3 minuti\" \/>\n<script type=\"application\/ld+json\" class=\"yoast-schema-graph\">{\"@context\":\"https:\/\/schema.org\",\"@graph\":[{\"@type\":\"WebPage\",\"@id\":\"https:\/\/talkpal.ai\/it\/grammatica-serba\/\",\"url\":\"https:\/\/talkpal.ai\/it\/grammatica-serba\/\",\"name\":\"Grammatica serba - Talkpal\",\"isPartOf\":{\"@id\":\"https:\/\/talkpal.ai\/it\/#website\"},\"primaryImageOfPage\":{\"@id\":\"https:\/\/talkpal.ai\/it\/grammatica-serba\/#primaryimage\"},\"image\":{\"@id\":\"https:\/\/talkpal.ai\/it\/grammatica-serba\/#primaryimage\"},\"thumbnailUrl\":\"https:\/\/talkpal.ai\/wp-content\/uploads\/2023\/05\/serbia.png\",\"datePublished\":\"2023-05-14T14:19:26+00:00\",\"dateModified\":\"2025-12-17T15:37:12+00:00\",\"description\":\"Esplora le complessit\u00e0 della grammatica serba e scopri le caratteristiche uniche che la distinguono dalle altre lingue balcaniche.\",\"breadcrumb\":{\"@id\":\"https:\/\/talkpal.ai\/it\/grammatica-serba\/#breadcrumb\"},\"inLanguage\":\"it-IT\",\"potentialAction\":[{\"@type\":\"ReadAction\",\"target\":[\"https:\/\/talkpal.ai\/it\/grammatica-serba\/\"]}]},{\"@type\":\"ImageObject\",\"inLanguage\":\"it-IT\",\"@id\":\"https:\/\/talkpal.ai\/it\/grammatica-serba\/#primaryimage\",\"url\":\"https:\/\/talkpal.ai\/wp-content\/uploads\/2023\/05\/serbia.png\",\"contentUrl\":\"https:\/\/talkpal.ai\/wp-content\/uploads\/2023\/05\/serbia.png\",\"width\":512,\"height\":512},{\"@type\":\"BreadcrumbList\",\"@id\":\"https:\/\/talkpal.ai\/it\/grammatica-serba\/#breadcrumb\",\"itemListElement\":[{\"@type\":\"ListItem\",\"position\":1,\"name\":\"Homepage\",\"item\":\"https:\/\/talkpal.ai\/it\/\"},{\"@type\":\"ListItem\",\"position\":2,\"name\":\"Grammatica serba\"}]},{\"@type\":\"WebSite\",\"@id\":\"https:\/\/talkpal.ai\/it\/#website\",\"url\":\"https:\/\/talkpal.ai\/it\/\",\"name\":\"Talkpal\",\"description\":\"AI Language Learning\",\"publisher\":{\"@id\":\"https:\/\/talkpal.ai\/it\/#organization\"},\"alternateName\":\"Talkpal AI\",\"potentialAction\":[{\"@type\":\"SearchAction\",\"target\":{\"@type\":\"EntryPoint\",\"urlTemplate\":\"https:\/\/talkpal.ai\/it\/?s={search_term_string}\"},\"query-input\":{\"@type\":\"PropertyValueSpecification\",\"valueRequired\":true,\"valueName\":\"search_term_string\"}}],\"inLanguage\":\"it-IT\"},{\"@type\":\"Organization\",\"@id\":\"https:\/\/talkpal.ai\/it\/#organization\",\"name\":\"Talkpal, Inc.\",\"alternateName\":\"Talkpal AI\",\"url\":\"https:\/\/talkpal.ai\/it\/\",\"logo\":{\"@type\":\"ImageObject\",\"inLanguage\":\"it-IT\",\"@id\":\"https:\/\/talkpal.ai\/it\/#\/schema\/logo\/image\/\",\"url\":\"https:\/\/talkpal.ai\/wp-content\/uploads\/2024\/03\/Talkpal-Logo-Icon.png\",\"contentUrl\":\"https:\/\/talkpal.ai\/wp-content\/uploads\/2024\/03\/Talkpal-Logo-Icon.png\",\"width\":2880,\"height\":2880,\"caption\":\"Talkpal, Inc.\"},\"image\":{\"@id\":\"https:\/\/talkpal.ai\/it\/#\/schema\/logo\/image\/\"},\"sameAs\":[\"https:\/\/www.facebook.com\/profile.php?id=100090733639311\",\"https:\/\/x.com\/talkpalai\",\"https:\/\/www.linkedin.com\/company\/talkpal\/\",\"https:\/\/www.youtube.com\/@TalkPal\/\",\"https:\/\/www.tiktok.com\/@talkpal\",\"https:\/\/www.instagram.com\/talkpal_ai\/\",\"https:\/\/www.crunchbase.com\/organization\/talkpal-9cde\",\"https:\/\/www.g2.com\/products\/talkpal-for-business\/\",\"https:\/\/www.trustpilot.com\/review\/talkpal.ai\",\"https:\/\/www.capterra.com\/p\/10006800\/TalkPal\/\"],\"description\":\"Talkpal is a language learning web and mobile education app, powered by the latest AI technologies, that provides engaging experiences to its customers in many different languages to help them improve their language skills. Users can chat about unlimited amount of topics with the app and use other modes to practice their language learning.\",\"email\":\"support@talkpal.ai\",\"legalName\":\"Talkpal, Inc.\",\"foundingDate\":\"2023-04-03\",\"duns\":\"118989042\",\"numberOfEmployees\":{\"@type\":\"QuantitativeValue\",\"minValue\":\"11\",\"maxValue\":\"50\"},\"publishingPrinciples\":\"https:\/\/talkpal.ai\/publishing-principles\/\",\"actionableFeedbackPolicy\":\"https:\/\/talkpal.ai\/actionable-feedback-policy\/\",\"correctionsPolicy\":\"https:\/\/talkpal.ai\/corrections-policy\/\",\"ethicsPolicy\":\"https:\/\/talkpal.ai\/ethics-policy\/\",\"diversityPolicy\":\"https:\/\/talkpal.ai\/diversity-policy\/\",\"diversityStaffingReport\":\"https:\/\/talkpal.ai\/diversity-policy\/\"}]}<\/script>\n<!-- \/ Yoast SEO Premium plugin. -->","yoast_head_json":{"title":"Grammatica serba - Talkpal","description":"Esplora le complessit\u00e0 della grammatica serba e scopri le caratteristiche uniche che la distinguono dalle altre lingue balcaniche.","robots":{"index":"index","follow":"follow","max-snippet":"max-snippet:-1","max-image-preview":"max-image-preview:large","max-video-preview":"max-video-preview:-1"},"canonical":"https:\/\/talkpal.ai\/it\/grammatica-serba\/","og_locale":"it_IT","og_type":"article","og_title":"Grammatica serba","og_description":"Grammatica serba: svelare le complessit\u00e0 della lingua slava meridionale Appello a tutti gli appassionati di lingue e agli appassionati dei Balcani! Hai","og_url":"https:\/\/talkpal.ai\/it\/grammatica-serba\/","og_site_name":"Talkpal","article_publisher":"https:\/\/www.facebook.com\/profile.php?id=100090733639311","article_modified_time":"2025-12-17T15:37:12+00:00","og_image":[{"width":512,"height":512,"url":"https:\/\/talkpal.ai\/wp-content\/uploads\/2023\/05\/serbia.png","type":"image\/png"}],"twitter_card":"summary_large_image","twitter_site":"@talkpalai","twitter_misc":{"Tempo di lettura stimato":"3 minuti"},"schema":{"@context":"https:\/\/schema.org","@graph":[{"@type":"WebPage","@id":"https:\/\/talkpal.ai\/it\/grammatica-serba\/","url":"https:\/\/talkpal.ai\/it\/grammatica-serba\/","name":"Grammatica serba - Talkpal","isPartOf":{"@id":"https:\/\/talkpal.ai\/it\/#website"},"primaryImageOfPage":{"@id":"https:\/\/talkpal.ai\/it\/grammatica-serba\/#primaryimage"},"image":{"@id":"https:\/\/talkpal.ai\/it\/grammatica-serba\/#primaryimage"},"thumbnailUrl":"https:\/\/talkpal.ai\/wp-content\/uploads\/2023\/05\/serbia.png","datePublished":"2023-05-14T14:19:26+00:00","dateModified":"2025-12-17T15:37:12+00:00","description":"Esplora le complessit\u00e0 della grammatica serba e scopri le caratteristiche uniche che la distinguono dalle altre lingue balcaniche.","breadcrumb":{"@id":"https:\/\/talkpal.ai\/it\/grammatica-serba\/#breadcrumb"},"inLanguage":"it-IT","potentialAction":[{"@type":"ReadAction","target":["https:\/\/talkpal.ai\/it\/grammatica-serba\/"]}]},{"@type":"ImageObject","inLanguage":"it-IT","@id":"https:\/\/talkpal.ai\/it\/grammatica-serba\/#primaryimage","url":"https:\/\/talkpal.ai\/wp-content\/uploads\/2023\/05\/serbia.png","contentUrl":"https:\/\/talkpal.ai\/wp-content\/uploads\/2023\/05\/serbia.png","width":512,"height":512},{"@type":"BreadcrumbList","@id":"https:\/\/talkpal.ai\/it\/grammatica-serba\/#breadcrumb","itemListElement":[{"@type":"ListItem","position":1,"name":"Homepage","item":"https:\/\/talkpal.ai\/it\/"},{"@type":"ListItem","position":2,"name":"Grammatica serba"}]},{"@type":"WebSite","@id":"https:\/\/talkpal.ai\/it\/#website","url":"https:\/\/talkpal.ai\/it\/","name":"Talkpal","description":"AI Language Learning","publisher":{"@id":"https:\/\/talkpal.ai\/it\/#organization"},"alternateName":"Talkpal AI","potentialAction":[{"@type":"SearchAction","target":{"@type":"EntryPoint","urlTemplate":"https:\/\/talkpal.ai\/it\/?s={search_term_string}"},"query-input":{"@type":"PropertyValueSpecification","valueRequired":true,"valueName":"search_term_string"}}],"inLanguage":"it-IT"},{"@type":"Organization","@id":"https:\/\/talkpal.ai\/it\/#organization","name":"Talkpal, Inc.","alternateName":"Talkpal AI","url":"https:\/\/talkpal.ai\/it\/","logo":{"@type":"ImageObject","inLanguage":"it-IT","@id":"https:\/\/talkpal.ai\/it\/#\/schema\/logo\/image\/","url":"https:\/\/talkpal.ai\/wp-content\/uploads\/2024\/03\/Talkpal-Logo-Icon.png","contentUrl":"https:\/\/talkpal.ai\/wp-content\/uploads\/2024\/03\/Talkpal-Logo-Icon.png","width":2880,"height":2880,"caption":"Talkpal, Inc."},"image":{"@id":"https:\/\/talkpal.ai\/it\/#\/schema\/logo\/image\/"},"sameAs":["https:\/\/www.facebook.com\/profile.php?id=100090733639311","https:\/\/x.com\/talkpalai","https:\/\/www.linkedin.com\/company\/talkpal\/","https:\/\/www.youtube.com\/@TalkPal\/","https:\/\/www.tiktok.com\/@talkpal","https:\/\/www.instagram.com\/talkpal_ai\/","https:\/\/www.crunchbase.com\/organization\/talkpal-9cde","https:\/\/www.g2.com\/products\/talkpal-for-business\/","https:\/\/www.trustpilot.com\/review\/talkpal.ai","https:\/\/www.capterra.com\/p\/10006800\/TalkPal\/"],"description":"Talkpal is a language learning web and mobile education app, powered by the latest AI technologies, that provides engaging experiences to its customers in many different languages to help them improve their language skills. Users can chat about unlimited amount of topics with the app and use other modes to practice their language learning.","email":"support@talkpal.ai","legalName":"Talkpal, Inc.","foundingDate":"2023-04-03","duns":"118989042","numberOfEmployees":{"@type":"QuantitativeValue","minValue":"11","maxValue":"50"},"publishingPrinciples":"https:\/\/talkpal.ai\/publishing-principles\/","actionableFeedbackPolicy":"https:\/\/talkpal.ai\/actionable-feedback-policy\/","correctionsPolicy":"https:\/\/talkpal.ai\/corrections-policy\/","ethicsPolicy":"https:\/\/talkpal.ai\/ethics-policy\/","diversityPolicy":"https:\/\/talkpal.ai\/diversity-policy\/","diversityStaffingReport":"https:\/\/talkpal.ai\/diversity-policy\/"}]}},"_links":{"self":[{"href":"https:\/\/talkpal.ai\/it\/wp-json\/wp\/v2\/pages\/149741","targetHints":{"allow":["GET"]}}],"collection":[{"href":"https:\/\/talkpal.ai\/it\/wp-json\/wp\/v2\/pages"}],"about":[{"href":"https:\/\/talkpal.ai\/it\/wp-json\/wp\/v2\/types\/page"}],"author":[{"embeddable":true,"href":"https:\/\/talkpal.ai\/it\/wp-json\/wp\/v2\/users\/1"}],"replies":[{"embeddable":true,"href":"https:\/\/talkpal.ai\/it\/wp-json\/wp\/v2\/comments?post=149741"}],"version-history":[{"count":0,"href":"https:\/\/talkpal.ai\/it\/wp-json\/wp\/v2\/pages\/149741\/revisions"}],"wp:featuredmedia":[{"embeddable":true,"href":"https:\/\/talkpal.ai\/it\/wp-json\/wp\/v2\/media\/28623"}],"wp:attachment":[{"href":"https:\/\/talkpal.ai\/it\/wp-json\/wp\/v2\/media?parent=149741"}],"curies":[{"name":"wp","href":"https:\/\/api.w.org\/{rel}","templated":true}]}}