{"id":148947,"date":"2023-05-14T14:18:46","date_gmt":"2023-05-14T14:18:46","guid":{"rendered":"http:\/\/talkpal.ai\/grammatica-polacca\/"},"modified":"2025-12-17T17:16:00","modified_gmt":"2025-12-17T17:16:00","slug":"grammatica-polacca","status":"publish","type":"page","link":"https:\/\/talkpal.ai\/it\/grammatica-polacca\/","title":{"rendered":"Grammatica polacca"},"content":{"rendered":"\r\n\r\n\r\n<section class=\"languageChallengeSection\">\r\n    <div class=\"languageInfoWrapper\">\r\n        \r\n        <h1>Grammatica polacca<\/h1>\r\n        <p>Addentrati nell \u201caffascinante mondo della <a href=\"https:\/\/talkpal.ai\/it\/cosa-ce-di-speciale-nella-grammatica-polacca\/\">grammatica polacca<\/a> e scopri le basi di una delle lingue pi\u00f9 parlate dell\u201d Europa centrale. Padroneggiando le regole essenziali, comunicherai in modo pi\u00f9 efficace e otterrai una comprensione pi\u00f9 profonda della cultura polacca. Inizia a imparare la <a href=\"https:\/\/talkpal.ai\/grammar\/\">grammatica<\/a> polacca oggi stesso e fai il primo passo verso la fluidit\u00e0!<\/p>\r\n\r\n                            <a class=\"getStartedHidden\" href=\"https:\/\/app.talkpal.ai\/it\/signup?lng=\">Comincia<\/a>\r\n        \r\n    <\/div>\r\n\r\n    <figure>\r\n    <img decoding=\"async\" width=\"768\" height=\"768\" src=\"https:\/\/talkpal.ai\/wp-content\/uploads\/2023\/06\/polish-768x768.png\" class=\"languageImage no-lazy\" alt=\"Default alt text\" fetchpriority=\"high\" sizes=\"(max-width: 768px) 150px, 768px\" srcset=\"https:\/\/talkpal.ai\/wp-content\/uploads\/2023\/06\/polish-768x768.png 768w, https:\/\/talkpal.ai\/wp-content\/uploads\/2023\/06\/polish-300x300.png 300w\" \/>\r\n    \r\n\r\n    <\/figure>\r\n\r\n            <a class=\"getStartedVisible\" href=\"https:\/\/app.talkpal.ai\/it\/signup?lng=\">Comincia<\/a>\r\n    \r\n<\/section>\r\n        <section class=\"grammarSection\">\r\n            <div class=\"grammarLinks\">\r\n                <a href=\"https:\/\/talkpal.ai\/it\/language\/aggettivi-grammatica-polacca\/\">Aggettivi <\/a><a href=\"https:\/\/talkpal.ai\/it\/language\/articoli-grammatica-polacca\/\">Articoli <\/a><a href=\"https:\/\/talkpal.ai\/it\/language\/avverbi-grammatica-polacca\/\">Avverbi <\/a><a href=\"https:\/\/talkpal.ai\/it\/language\/condizionali-grammatica-polacca\/\">Condizionali <\/a><a href=\"https:\/\/talkpal.ai\/it\/language\/confronto-dei-tempi-verbali-grammatica-polacca\/\">Confronto dei tempi verbali <\/a><a href=\"https:\/\/talkpal.ai\/it\/language\/frasi-grammatica-polacca\/\">Frasi <\/a><a href=\"https:\/\/talkpal.ai\/it\/language\/perfect-progressive-grammatica-polacca\/\">Perfect Progressive <\/a><a href=\"https:\/\/talkpal.ai\/it\/language\/preposizioni-grammatica-polacca\/\">Preposizioni <\/a><a href=\"https:\/\/talkpal.ai\/it\/language\/progressivo-grammatica-polacca\/\">Progressivo <\/a><a href=\"https:\/\/talkpal.ai\/it\/language\/pronomi-determinanti-grammatica-polacca\/\">Pronomi\/Determinanti <\/a><a href=\"https:\/\/talkpal.ai\/it\/language\/sostantivi-grammatica-polacca\/\">Sostantivi <\/a><a href=\"https:\/\/talkpal.ai\/it\/language\/tempi-verbali-grammatica-polacca\/\">Tempi verbali <\/a><a href=\"https:\/\/talkpal.ai\/it\/language\/verbi-grammatica-polacca\/\">Verbi <\/a>            <\/div>\r\n        <\/section>\r\n    <section class=\"promotionalBanner\">\r\n    <p class=\"promotionalText\">Il modo pi\u00f9 efficace per imparare una lingua<\/p>\r\n    <a class=\"promotionalLink\" href=\"https:\/\/app.talkpal.ai\/it\/signup?lng=\">Prova Talkpal gratuitamente<\/a>\r\n<\/section>\n<div class=\"wp-block-group pageContainerStyle\"><div class=\"wp-block-group__inner-container is-layout-constrained wp-block-group-is-layout-constrained\">\n<h2 class=\"wp-block-heading\" id=\"h-breaking-down-the-puzzle-of-polish-grammar\">Scomporre il puzzle della grammatica polacca<\/h2>\n\n\n\n<p>Il <a href=\"https:\/\/talkpal.ai\/learn-polish\/\">polacco<\/a>, una lingua slava, \u00e8 sia stimolante che gratificante per gli <a href=\"https:\/\/talkpal.ai\/talkpal-discount-for-students\/\">studenti<\/a> di lingue che cercano un&#8217;avventura linguistica unica. Mentre ti immergi nel polacco, scoprirai una storia e una cultura affascinanti che completano la ricchezza della lingua stessa. Sebbene la grammatica polacca possa sembrare intricata, decostruirla in elementi gestibili <a href=\"https:\/\/talkpal.ai\/locations\/language-courses-in-rende\/\">rende<\/a> il processo di apprendimento pi\u00f9 accessibile. Questo articolo ha lo scopo di introdurti all&#8217;affascinante mondo della grammatica polacca e fornire indicazioni su come affrontarne le complessit\u00e0.<\/p>\n\n\n\n<h3 class=\"wp-block-heading\" id=\"h-1-noun-gender-and-cases\">1. Genere nominale e casi<\/h3>\n\n\n\n<p>I nomi polacchi hanno dei generi grammaticali &#8211; maschile, femminile e neutro &#8211; che influenzano le forme degli aggettivi, dei pronomi e dei verbi che li accompagnano. Inoltre, il polacco ha sette casi grammaticali: nominativo, genitivo, dativo, accusativo, strumentale, locativo e vocativo. Familiarizzare con il sistema di genere e caso \u00e8 fondamentale per comprendere e costruire frasi polacche accurate.<\/p>\n\n\n\n<h3 class=\"wp-block-heading\" id=\"h-2-verb-conjugation-person-tense-and-aspect\">2. Coniugazione verbale: persona, tempo e aspetto<\/h3>\n\n\n\n<p>I verbi polacchi devono essere coniugati in base al tempo, all&#8217;aspetto e alla persona (primo, secondo o terzo). Ci sono tre tempi principali: <a href=\"https:\/\/talkpal.ai\/zh-hans\/grammar_exercises\/presente-%e8%a5%bf%e7%8f%ad%e7%89%99%e8%af%ad%e6%b3%95%e7%bb%83%e4%b9%a0\/\">presente<\/a>, passato e <a href=\"https:\/\/talkpal.ai\/ja\/grammar_exercises\/futuro-%e3%82%b9%e3%83%9a%e3%82%a4%e3%83%b3%e8%aa%9e%e3%81%ae%e6%96%87%e6%b3%95%e3%81%ae%e6%bc%94%e7%bf%92\/\">futuro<\/a>. Inoltre, i verbi polacchi hanno due aspetti: perfettivo (per le azioni completate) e imperfettivo (per le azioni in corso o eseguite abitualmente). Padroneggiare queste regole di coniugazione migliorer\u00e0 significativamente le tue capacit\u00e0 di comunicazione verbale in polacco.<\/p>\n\n\n\n<h3 class=\"wp-block-heading\" id=\"h-3-adjectives-agreement-and-placement\">3. Aggettivi: accordo e posizionamento<\/h3>\n\n\n\n<p>Gli aggettivi polacchi devono concordare con il sostantivo che modificano per quanto riguarda il genere, il numero e il caso. Gli aggettivi in genere precedono il sostantivo, fornendo un contesto descrittivo essenziale per la frase.<\/p>\n\n\n\n<p>Esempi:<\/p>\n\n\n\n<p>&#8211; czerwona sukienka (un vestito rosso)<\/p>\n\n\n\n<p>&#8211; pi\u0119kny ogr\u00f3d (un bel giardino)<\/p>\n\n\n\n<h3 class=\"wp-block-heading\" id=\"h-4-pronouns-types-and-uses\">4. Pronomi: tipi e usi<\/h3>\n\n\n\n<p>I pronomi polacchi sono disponibili in varie forme, inclusi <a href=\"https:\/\/talkpal.ai\/ar\/grammar_exercises\/pronomi-personali-%d8%aa%d9%85%d8%a7%d8%b1%d9%8a%d9%86-%d9%84%d9%84%d9%82%d9%88%d8%a7%d8%b9%d8%af-%d8%a7%d9%84%d8%a5%d9%8a%d8%b7%d8%a7%d9%84%d9%8a%d8%a9\/\">pronomi personali<\/a>, possessivi, riflessivi, dimostrativi e interrogativi. Capire come e quando usare questi pronomi render\u00e0 la tua grammatica polacca pi\u00f9 accurata e migliorer\u00e0 le tue abilit\u00e0 linguistiche generali.<\/p>\n\n\n\n<h3 class=\"wp-block-heading\" id=\"h-5-negation-conveying-the-opposite\">5. Negazione: trasmettere l&#8217;opposto<\/h3>\n\n\n\n<p>Nella grammatica polacca, la negazione si ottiene aggiungendo la parola &#8220;nie&#8221; prima di verbi, aggettivi, avverbi o pronomi. Tuttavia, regole specifiche si applicano alle frasi negate con sostantivi, che possono richiedere una preposizione aggiuntiva o una forma nominale diversa. Riconoscere questi schemi di negazione ti aiuter\u00e0 a trasmettere chiaramente il significato che intendi dare in polacco.<\/p>\n\n\n\n<h3 class=\"wp-block-heading\" id=\"h-6-engage-with-the-language\">6. Interagisci con la lingua<\/h3>\n\n\n\n<p>Il modo pi\u00f9 efficace per comprendere e interiorizzare la grammatica polacca \u00e8 quello di interagire regolarmente con la lingua. Dalla lettura della letteratura polacca, alla visione di film polacchi o alla conversazione attiva con madrelingua, immergerti in vari contesti rafforzer\u00e0 la tua comprensione della grammatica e amplier\u00e0 il tuo vocabolario.<\/p>\n\n\n\n<h3 class=\"wp-block-heading\" id=\"h-conclusion\">Conclusione<\/h3>\n\n\n\n<p>Sebbene la grammatica polacca possa sembrare contorta, esercitarsi costantemente e affrontarla passo dopo passo ti aiuter\u00e0 a diventare esperto in questa lingua unica. Accetta la sfida mentre inizi il tuo viaggio nella lingua polacca e presto ti ritroverai a decodificare con sicurezza le complessit\u00e0 della sua grammatica. Buona fortuna con i tuoi studi e divertiti a esplorare gli strati della grammatica polacca!<\/p>\n<\/div><\/div>\n\r\n<section class=\"learnNavigationSection\">\r\n            \r\n        <a href=\"https:\/\/talkpal.ai\/it\/imparare-il-polacco\/\">\r\n            <div class=\"learnNavigationWrapper\">\r\n                <div class=\"learnNavigationContent\">\r\n                    <img decoding=\"async\" src=\"https:\/\/talkpal.ai\/wp-content\/uploads\/2024\/08\/Polish.jpg\" alt=\"Polish Flag\">\r\n                    <div>\r\n                        <h4>Informazioni sull&#039;apprendimento del polacco<\/h4>\r\n                        <p>Scoprite tutto sulla grammatica polacca.<\/p>\r\n                    <\/div>\r\n                <\/div>\r\n            <\/div>\r\n        <\/a>\r\n\r\n        \r\n        <a href=\"https:\/\/talkpal.ai\/it\/esercizi-di-grammatica-polacca\/\">\r\n            <div class=\"learnNavigationWrapper\">\r\n                <div class=\"learnNavigationContent\">\r\n                    <img decoding=\"async\" src=\"https:\/\/talkpal.ai\/wp-content\/uploads\/2024\/08\/Polish.jpg\" alt=\"Polish Flag\">\r\n                    <div>\r\n                        <h4>Esercizio di grammatica polacca<\/h4>\r\n                        <p>Pratica la grammatica polacca.<\/p>\r\n                    <\/div>\r\n                <\/div>\r\n            <\/div>\r\n        <\/a>\r\n\r\n        \r\n        <a href=\"https:\/\/talkpal.ai\/vocabulary_language\/polish\/\">\r\n            <div class=\"learnNavigationWrapper\">\r\n                <div class=\"learnNavigationContent\">\r\n                    <img decoding=\"async\" src=\"https:\/\/talkpal.ai\/wp-content\/uploads\/2024\/08\/Polish.jpg\" alt=\"Polish Flag\">\r\n                    <div>\r\n                        <h4>Vocabolario polacco<\/h4>\r\n                        <p>Amplia il tuo vocabolario polacco.<\/p>\r\n                    <\/div>\r\n                <\/div>\r\n            <\/div>\r\n        <\/a>\r\n\r\n            <\/section>","protected":false},"excerpt":{"rendered":"<p>Scomporre il puzzle della grammatica polacca Il polacco, una lingua slava, \u00e8 sia stimolante che gratificante per gli studenti di lingue che cercano un&#8217;avventura linguistica unica. Mentre ti immergi nel polacco, scoprirai una storia e una cultura affascinanti che completano la ricchezza della lingua stessa. Sebbene la grammatica polacca possa sembrare intricata, decostruirla in elementi [&hellip;]<\/p>\n","protected":false},"author":1,"featured_media":28575,"parent":0,"menu_order":0,"comment_status":"closed","ping_status":"closed","template":"LearningContentPage.php","meta":{"_acf_changed":false,"footnotes":""},"class_list":["post-148947","page","type-page","status-publish","has-post-thumbnail","hentry"],"acf":[],"yoast_head":"<!-- This site is optimized with the Yoast SEO Premium plugin v27.2 (Yoast SEO v27.2) - https:\/\/yoast.com\/product\/yoast-seo-premium-wordpress\/ -->\n<title>Grammatica polacca - Talkpal<\/title>\n<meta name=\"description\" content=\"Impara la grammatica polacca con esercizi interattivi pensati per tutti i livelli di apprendimento. Potenzia le tue abilit\u00e0 di polacco!\" \/>\n<meta name=\"robots\" content=\"index, follow, max-snippet:-1, max-image-preview:large, max-video-preview:-1\" \/>\n<link rel=\"canonical\" href=\"https:\/\/talkpal.ai\/it\/grammatica-polacca\/\" \/>\n<meta property=\"og:locale\" content=\"it_IT\" \/>\n<meta property=\"og:type\" content=\"article\" \/>\n<meta property=\"og:title\" content=\"Grammatica polacca\" \/>\n<meta property=\"og:description\" content=\"Scomporre il puzzle della grammatica polacca Il polacco, una lingua slava, \u00e8 sia stimolante che gratificante per gli studenti di lingue che cercano\" \/>\n<meta property=\"og:url\" content=\"https:\/\/talkpal.ai\/it\/grammatica-polacca\/\" \/>\n<meta property=\"og:site_name\" content=\"Talkpal\" \/>\n<meta property=\"article:publisher\" content=\"https:\/\/www.facebook.com\/profile.php?id=100090733639311\" \/>\n<meta property=\"article:modified_time\" content=\"2025-12-17T17:16:00+00:00\" \/>\n<meta property=\"og:image\" content=\"https:\/\/talkpal.ai\/wp-content\/uploads\/2023\/05\/poland.png\" \/>\n\t<meta property=\"og:image:width\" content=\"512\" \/>\n\t<meta property=\"og:image:height\" content=\"512\" \/>\n\t<meta property=\"og:image:type\" content=\"image\/png\" \/>\n<meta name=\"twitter:card\" content=\"summary_large_image\" \/>\n<meta name=\"twitter:site\" content=\"@talkpalai\" \/>\n<meta name=\"twitter:label1\" content=\"Tempo di lettura stimato\" \/>\n\t<meta name=\"twitter:data1\" content=\"2 minuti\" \/>\n<script type=\"application\/ld+json\" class=\"yoast-schema-graph\">{\"@context\":\"https:\/\/schema.org\",\"@graph\":[{\"@type\":\"WebPage\",\"@id\":\"https:\/\/talkpal.ai\/it\/grammatica-polacca\/\",\"url\":\"https:\/\/talkpal.ai\/it\/grammatica-polacca\/\",\"name\":\"Grammatica polacca - Talkpal\",\"isPartOf\":{\"@id\":\"https:\/\/talkpal.ai\/it\/#website\"},\"primaryImageOfPage\":{\"@id\":\"https:\/\/talkpal.ai\/it\/grammatica-polacca\/#primaryimage\"},\"image\":{\"@id\":\"https:\/\/talkpal.ai\/it\/grammatica-polacca\/#primaryimage\"},\"thumbnailUrl\":\"https:\/\/talkpal.ai\/wp-content\/uploads\/2023\/05\/poland.png\",\"datePublished\":\"2023-05-14T14:18:46+00:00\",\"dateModified\":\"2025-12-17T17:16:00+00:00\",\"description\":\"Impara la grammatica polacca con esercizi interattivi pensati per tutti i livelli di apprendimento. Potenzia le tue abilit\u00e0 di polacco!\",\"breadcrumb\":{\"@id\":\"https:\/\/talkpal.ai\/it\/grammatica-polacca\/#breadcrumb\"},\"inLanguage\":\"it-IT\",\"potentialAction\":[{\"@type\":\"ReadAction\",\"target\":[\"https:\/\/talkpal.ai\/it\/grammatica-polacca\/\"]}]},{\"@type\":\"ImageObject\",\"inLanguage\":\"it-IT\",\"@id\":\"https:\/\/talkpal.ai\/it\/grammatica-polacca\/#primaryimage\",\"url\":\"https:\/\/talkpal.ai\/wp-content\/uploads\/2023\/05\/poland.png\",\"contentUrl\":\"https:\/\/talkpal.ai\/wp-content\/uploads\/2023\/05\/poland.png\",\"width\":512,\"height\":512},{\"@type\":\"BreadcrumbList\",\"@id\":\"https:\/\/talkpal.ai\/it\/grammatica-polacca\/#breadcrumb\",\"itemListElement\":[{\"@type\":\"ListItem\",\"position\":1,\"name\":\"Homepage\",\"item\":\"https:\/\/talkpal.ai\/it\/\"},{\"@type\":\"ListItem\",\"position\":2,\"name\":\"Grammatica polacca\"}]},{\"@type\":\"WebSite\",\"@id\":\"https:\/\/talkpal.ai\/it\/#website\",\"url\":\"https:\/\/talkpal.ai\/it\/\",\"name\":\"Talkpal\",\"description\":\"AI Language Learning\",\"publisher\":{\"@id\":\"https:\/\/talkpal.ai\/it\/#organization\"},\"alternateName\":\"Talkpal AI\",\"potentialAction\":[{\"@type\":\"SearchAction\",\"target\":{\"@type\":\"EntryPoint\",\"urlTemplate\":\"https:\/\/talkpal.ai\/it\/?s={search_term_string}\"},\"query-input\":{\"@type\":\"PropertyValueSpecification\",\"valueRequired\":true,\"valueName\":\"search_term_string\"}}],\"inLanguage\":\"it-IT\"},{\"@type\":\"Organization\",\"@id\":\"https:\/\/talkpal.ai\/it\/#organization\",\"name\":\"Talkpal, Inc.\",\"alternateName\":\"Talkpal AI\",\"url\":\"https:\/\/talkpal.ai\/it\/\",\"logo\":{\"@type\":\"ImageObject\",\"inLanguage\":\"it-IT\",\"@id\":\"https:\/\/talkpal.ai\/it\/#\/schema\/logo\/image\/\",\"url\":\"https:\/\/talkpal.ai\/wp-content\/uploads\/2024\/03\/Talkpal-Logo-Icon.png\",\"contentUrl\":\"https:\/\/talkpal.ai\/wp-content\/uploads\/2024\/03\/Talkpal-Logo-Icon.png\",\"width\":2880,\"height\":2880,\"caption\":\"Talkpal, Inc.\"},\"image\":{\"@id\":\"https:\/\/talkpal.ai\/it\/#\/schema\/logo\/image\/\"},\"sameAs\":[\"https:\/\/www.facebook.com\/profile.php?id=100090733639311\",\"https:\/\/x.com\/talkpalai\",\"https:\/\/www.linkedin.com\/company\/talkpal\/\",\"https:\/\/www.youtube.com\/@TalkPal\/\",\"https:\/\/www.tiktok.com\/@talkpal\",\"https:\/\/www.instagram.com\/talkpal_ai\/\",\"https:\/\/www.crunchbase.com\/organization\/talkpal-9cde\",\"https:\/\/www.g2.com\/products\/talkpal-for-business\/\",\"https:\/\/www.trustpilot.com\/review\/talkpal.ai\",\"https:\/\/www.capterra.com\/p\/10006800\/TalkPal\/\"],\"description\":\"Talkpal is a language learning web and mobile education app, powered by the latest AI technologies, that provides engaging experiences to its customers in many different languages to help them improve their language skills. Users can chat about unlimited amount of topics with the app and use other modes to practice their language learning.\",\"email\":\"support@talkpal.ai\",\"legalName\":\"Talkpal, Inc.\",\"foundingDate\":\"2023-04-03\",\"duns\":\"118989042\",\"numberOfEmployees\":{\"@type\":\"QuantitativeValue\",\"minValue\":\"11\",\"maxValue\":\"50\"},\"publishingPrinciples\":\"https:\/\/talkpal.ai\/publishing-principles\/\",\"actionableFeedbackPolicy\":\"https:\/\/talkpal.ai\/actionable-feedback-policy\/\",\"correctionsPolicy\":\"https:\/\/talkpal.ai\/corrections-policy\/\",\"ethicsPolicy\":\"https:\/\/talkpal.ai\/ethics-policy\/\",\"diversityPolicy\":\"https:\/\/talkpal.ai\/diversity-policy\/\",\"diversityStaffingReport\":\"https:\/\/talkpal.ai\/diversity-policy\/\"}]}<\/script>\n<!-- \/ Yoast SEO Premium plugin. -->","yoast_head_json":{"title":"Grammatica polacca - Talkpal","description":"Impara la grammatica polacca con esercizi interattivi pensati per tutti i livelli di apprendimento. Potenzia le tue abilit\u00e0 di polacco!","robots":{"index":"index","follow":"follow","max-snippet":"max-snippet:-1","max-image-preview":"max-image-preview:large","max-video-preview":"max-video-preview:-1"},"canonical":"https:\/\/talkpal.ai\/it\/grammatica-polacca\/","og_locale":"it_IT","og_type":"article","og_title":"Grammatica polacca","og_description":"Scomporre il puzzle della grammatica polacca Il polacco, una lingua slava, \u00e8 sia stimolante che gratificante per gli studenti di lingue che cercano","og_url":"https:\/\/talkpal.ai\/it\/grammatica-polacca\/","og_site_name":"Talkpal","article_publisher":"https:\/\/www.facebook.com\/profile.php?id=100090733639311","article_modified_time":"2025-12-17T17:16:00+00:00","og_image":[{"width":512,"height":512,"url":"https:\/\/talkpal.ai\/wp-content\/uploads\/2023\/05\/poland.png","type":"image\/png"}],"twitter_card":"summary_large_image","twitter_site":"@talkpalai","twitter_misc":{"Tempo di lettura stimato":"2 minuti"},"schema":{"@context":"https:\/\/schema.org","@graph":[{"@type":"WebPage","@id":"https:\/\/talkpal.ai\/it\/grammatica-polacca\/","url":"https:\/\/talkpal.ai\/it\/grammatica-polacca\/","name":"Grammatica polacca - Talkpal","isPartOf":{"@id":"https:\/\/talkpal.ai\/it\/#website"},"primaryImageOfPage":{"@id":"https:\/\/talkpal.ai\/it\/grammatica-polacca\/#primaryimage"},"image":{"@id":"https:\/\/talkpal.ai\/it\/grammatica-polacca\/#primaryimage"},"thumbnailUrl":"https:\/\/talkpal.ai\/wp-content\/uploads\/2023\/05\/poland.png","datePublished":"2023-05-14T14:18:46+00:00","dateModified":"2025-12-17T17:16:00+00:00","description":"Impara la grammatica polacca con esercizi interattivi pensati per tutti i livelli di apprendimento. Potenzia le tue abilit\u00e0 di polacco!","breadcrumb":{"@id":"https:\/\/talkpal.ai\/it\/grammatica-polacca\/#breadcrumb"},"inLanguage":"it-IT","potentialAction":[{"@type":"ReadAction","target":["https:\/\/talkpal.ai\/it\/grammatica-polacca\/"]}]},{"@type":"ImageObject","inLanguage":"it-IT","@id":"https:\/\/talkpal.ai\/it\/grammatica-polacca\/#primaryimage","url":"https:\/\/talkpal.ai\/wp-content\/uploads\/2023\/05\/poland.png","contentUrl":"https:\/\/talkpal.ai\/wp-content\/uploads\/2023\/05\/poland.png","width":512,"height":512},{"@type":"BreadcrumbList","@id":"https:\/\/talkpal.ai\/it\/grammatica-polacca\/#breadcrumb","itemListElement":[{"@type":"ListItem","position":1,"name":"Homepage","item":"https:\/\/talkpal.ai\/it\/"},{"@type":"ListItem","position":2,"name":"Grammatica polacca"}]},{"@type":"WebSite","@id":"https:\/\/talkpal.ai\/it\/#website","url":"https:\/\/talkpal.ai\/it\/","name":"Talkpal","description":"AI Language Learning","publisher":{"@id":"https:\/\/talkpal.ai\/it\/#organization"},"alternateName":"Talkpal AI","potentialAction":[{"@type":"SearchAction","target":{"@type":"EntryPoint","urlTemplate":"https:\/\/talkpal.ai\/it\/?s={search_term_string}"},"query-input":{"@type":"PropertyValueSpecification","valueRequired":true,"valueName":"search_term_string"}}],"inLanguage":"it-IT"},{"@type":"Organization","@id":"https:\/\/talkpal.ai\/it\/#organization","name":"Talkpal, Inc.","alternateName":"Talkpal AI","url":"https:\/\/talkpal.ai\/it\/","logo":{"@type":"ImageObject","inLanguage":"it-IT","@id":"https:\/\/talkpal.ai\/it\/#\/schema\/logo\/image\/","url":"https:\/\/talkpal.ai\/wp-content\/uploads\/2024\/03\/Talkpal-Logo-Icon.png","contentUrl":"https:\/\/talkpal.ai\/wp-content\/uploads\/2024\/03\/Talkpal-Logo-Icon.png","width":2880,"height":2880,"caption":"Talkpal, Inc."},"image":{"@id":"https:\/\/talkpal.ai\/it\/#\/schema\/logo\/image\/"},"sameAs":["https:\/\/www.facebook.com\/profile.php?id=100090733639311","https:\/\/x.com\/talkpalai","https:\/\/www.linkedin.com\/company\/talkpal\/","https:\/\/www.youtube.com\/@TalkPal\/","https:\/\/www.tiktok.com\/@talkpal","https:\/\/www.instagram.com\/talkpal_ai\/","https:\/\/www.crunchbase.com\/organization\/talkpal-9cde","https:\/\/www.g2.com\/products\/talkpal-for-business\/","https:\/\/www.trustpilot.com\/review\/talkpal.ai","https:\/\/www.capterra.com\/p\/10006800\/TalkPal\/"],"description":"Talkpal is a language learning web and mobile education app, powered by the latest AI technologies, that provides engaging experiences to its customers in many different languages to help them improve their language skills. Users can chat about unlimited amount of topics with the app and use other modes to practice their language learning.","email":"support@talkpal.ai","legalName":"Talkpal, Inc.","foundingDate":"2023-04-03","duns":"118989042","numberOfEmployees":{"@type":"QuantitativeValue","minValue":"11","maxValue":"50"},"publishingPrinciples":"https:\/\/talkpal.ai\/publishing-principles\/","actionableFeedbackPolicy":"https:\/\/talkpal.ai\/actionable-feedback-policy\/","correctionsPolicy":"https:\/\/talkpal.ai\/corrections-policy\/","ethicsPolicy":"https:\/\/talkpal.ai\/ethics-policy\/","diversityPolicy":"https:\/\/talkpal.ai\/diversity-policy\/","diversityStaffingReport":"https:\/\/talkpal.ai\/diversity-policy\/"}]}},"_links":{"self":[{"href":"https:\/\/talkpal.ai\/it\/wp-json\/wp\/v2\/pages\/148947","targetHints":{"allow":["GET"]}}],"collection":[{"href":"https:\/\/talkpal.ai\/it\/wp-json\/wp\/v2\/pages"}],"about":[{"href":"https:\/\/talkpal.ai\/it\/wp-json\/wp\/v2\/types\/page"}],"author":[{"embeddable":true,"href":"https:\/\/talkpal.ai\/it\/wp-json\/wp\/v2\/users\/1"}],"replies":[{"embeddable":true,"href":"https:\/\/talkpal.ai\/it\/wp-json\/wp\/v2\/comments?post=148947"}],"version-history":[{"count":0,"href":"https:\/\/talkpal.ai\/it\/wp-json\/wp\/v2\/pages\/148947\/revisions"}],"wp:featuredmedia":[{"embeddable":true,"href":"https:\/\/talkpal.ai\/it\/wp-json\/wp\/v2\/media\/28575"}],"wp:attachment":[{"href":"https:\/\/talkpal.ai\/it\/wp-json\/wp\/v2\/media?parent=148947"}],"curies":[{"name":"wp","href":"https:\/\/api.w.org\/{rel}","templated":true}]}}