{"id":148627,"date":"2023-05-14T14:18:22","date_gmt":"2023-05-14T14:18:22","guid":{"rendered":"http:\/\/talkpal.ai\/grammatica-persiana\/"},"modified":"2025-12-12T10:35:51","modified_gmt":"2025-12-12T10:35:51","slug":"grammatica-persiana","status":"publish","type":"page","link":"https:\/\/talkpal.ai\/it\/grammatica-persiana\/","title":{"rendered":"Grammatica persiana"},"content":{"rendered":"\r\n\r\n\r\n<section class=\"languageChallengeSection\">\r\n    <div class=\"languageInfoWrapper\">\r\n        \r\n        <h1>Grammatica persiana<\/h1>\r\n        <p>Sei curioso di conoscere il <a href=\"https:\/\/talkpal.ai\/learn-persian\/\">persiano<\/a>? Esplora la <a href=\"https:\/\/talkpal.ai\/es\/gramatica-persa\/\">grammatica persiana<\/a>, rinomata per la sua semplicit\u00e0: nessun genere di nome, coniugazione dei verbi semplice e una struttura flessibile delle frasi la rendono accessibile. Inizia oggi la tua avventura in persiano: padroneggiare la sua <a href=\"https:\/\/talkpal.ai\/grammar\/\">grammatica<\/a> ti aprir\u00e0 nuove opportunit\u00e0 di comunicazione e ti far\u00e0 immergere nella ricca poesia e cultura dell&#039;Iran e non solo!<\/p>\r\n\r\n                            <a class=\"getStartedHidden\" href=\"https:\/\/app.talkpal.ai\/it\/signup?lng=\">Comincia<\/a>\r\n        \r\n    <\/div>\r\n\r\n    <figure>\r\n    <img decoding=\"async\" width=\"768\" height=\"768\" src=\"https:\/\/talkpal.ai\/wp-content\/uploads\/2023\/06\/persian-768x768.png\" class=\"languageImage no-lazy\" alt=\"Default alt text\" fetchpriority=\"high\" sizes=\"(max-width: 768px) 150px, 768px\" srcset=\"https:\/\/talkpal.ai\/wp-content\/uploads\/2023\/06\/persian-768x768.png 768w, https:\/\/talkpal.ai\/wp-content\/uploads\/2023\/06\/persian-300x300.png 300w\" \/>\r\n    \r\n\r\n    <\/figure>\r\n\r\n            <a class=\"getStartedVisible\" href=\"https:\/\/app.talkpal.ai\/it\/signup?lng=\">Comincia<\/a>\r\n    \r\n<\/section>\r\n        <section class=\"grammarSection\">\r\n            <div class=\"grammarLinks\">\r\n                <a href=\"https:\/\/talkpal.ai\/it\/language\/aggettivi-grammatica-persiana\/\">Aggettivi <\/a><a href=\"https:\/\/talkpal.ai\/it\/language\/articoli-grammatica-persiana\/\">Articoli <\/a><a href=\"https:\/\/talkpal.ai\/it\/language\/avverbi-grammatica-persiana\/\">Avverbi <\/a><a href=\"https:\/\/talkpal.ai\/it\/language\/condizionali-grammatica-persiana\/\">Condizionali <\/a><a href=\"https:\/\/talkpal.ai\/it\/language\/confronto-dei-tempi-grammatica-persiana\/\">Confronto dei tempi <\/a><a href=\"https:\/\/talkpal.ai\/it\/language\/frasi-grammatica-persiana\/\">Frasi <\/a><a href=\"https:\/\/talkpal.ai\/it\/language\/preposizioni-grammatica-persiana\/\">Preposizioni <\/a><a href=\"https:\/\/talkpal.ai\/it\/language\/progressivo-grammatica-persiana\/\">Progressivo <\/a><a href=\"https:\/\/talkpal.ai\/it\/language\/progressivo-perfetto-grammatica-persiana\/\">Progressivo perfetto <\/a><a href=\"https:\/\/talkpal.ai\/it\/language\/pronomi-determinanti-grammatica-persiana\/\">Pronomi\/Determinanti <\/a><a href=\"https:\/\/talkpal.ai\/it\/language\/sostantivi-grammatica-persiana\/\">Sostantivi <\/a><a href=\"https:\/\/talkpal.ai\/it\/language\/tempi-verbali-grammatica-persiana\/\">Tempi verbali <\/a><a href=\"https:\/\/talkpal.ai\/it\/language\/verbi-grammatica-persiana\/\">Verbi <\/a>            <\/div>\r\n        <\/section>\r\n    <section class=\"promotionalBanner\">\r\n    <p class=\"promotionalText\">Il modo pi\u00f9 efficace per imparare una lingua<\/p>\r\n    <a class=\"promotionalLink\" href=\"https:\/\/app.talkpal.ai\/it\/signup?lng=\">Prova Talkpal gratuitamente<\/a>\r\n<\/section>\n<div class=\"wp-block-group pageContainerStyle\"><div class=\"wp-block-group__inner-container is-layout-constrained wp-block-group-is-layout-constrained\">\n<h2 class=\"wp-block-heading\" id=\"h-mastering-persian-grammar-your-ultimate-guide\">Padroneggiare la grammatica persiana: la tua guida definitiva<\/h2>\n\n\n\n<p>Salam, <a href=\"https:\/\/talkpal.ai\/talkpal-discount-for-language-enthusiasts\/\">appassionati di lingue<\/a>! Sei pronto a intraprendere un viaggio nel mondo della grammatica persiana? Sei nel posto giusto. Ricco di informazioni di facile comprensione e di un tono colloquiale, questo articolo ti guider\u00e0 attraverso l&#8217;accattivante regno della grammatica persiana. Presto sarai in grado di costruire frasi e di impegnarti in conversazioni significative con persone madrelingua. Quindi, iniziamo a svelare i segreti della grammatica persiana!<\/p>\n\n\n\n<p><strong>Ma prima, perch\u00e9 la grammatica persiana?<\/strong><\/p>\n\n\n\n<p>Se stai imparando il persiano, una solida base di grammatica \u00e8 essenziale per parlare, leggere e scrivere in modo fluente. Sebbene la grammatica persiana possa inizialmente sembrare complessa, diventa pi\u00f9 accessibile una volta suddivisa in segmenti pi\u00f9 piccoli e gestibili. Quindi, iniziamo il tuo viaggio verso la padronanza della grammatica persiana!<\/p>\n\n\n\n<h3 class=\"wp-block-heading\" id=\"h-1-nouns-gender-and-number\">1. Sostantivi, genere e numero<\/h3>\n\n\n\n<p>In persiano i sostantivi non hanno genere, il che lo <a href=\"https:\/\/talkpal.ai\/locations\/language-courses-in-rende\/\">rende<\/a> pi\u00f9 semplice di molte altre lingue. La forma singolare dei sostantivi rimane invariata, mentre la forma <a href=\"https:\/\/talkpal.ai\/zh-hans\/grammar_exercises\/plurale-%e6%84%8f%e5%a4%a7%e5%88%a9%e8%af%ad%e6%b3%95%e7%bb%83%e4%b9%a0\/\">plurale<\/a> termina tipicamente con &#8220;-\u0647\u0627&#8221; o &#8220;-\u0627\u0646&#8221;. Per esempio:<\/p>\n\n\n\n<p>&#8211; \u06a9\u062a\u0627\u0628 (ket\u0101b &#8211; libro)<\/p>\n\n\n\n<p>&#8211; \u06a9\u062a\u0627\u0628\u0647\u0627 (ket\u0101b-h\u0101 &#8211; libri)<\/p>\n\n\n\n<h3 class=\"wp-block-heading\" id=\"h-2-adjectives-agreement-and-definite-articles\">2. Aggettivi, accordo e articoli determinativi<\/h3>\n\n\n\n<p>Gli aggettivi in persiano seguono tipicamente il sostantivo che modificano e non hanno bisogno di concordare nel genere o nel numero. Per esempio:<\/p>\n\n\n\n<p><strong>&#8211; \u062e\u0627\u0646\u0647 \u0628\u0632\u0631\u06af (kh\u0101ne bozorg &#8211; grande casa)<\/strong><\/p>\n\n\n\n<p><strong>&#8211; \u0645\u0646\u0632\u0644 \u06a9\u0648\u0686\u06a9 (manzel kuchak &#8211; piccola casa)<\/strong><\/p>\n\n\n\n<p>Non esiste un articolo determinativo in persiano, ma l&#8217;articolo indefinito viene aggiunto come suffisso &#8220;-\u06cc&#8221; (i) per le parole singolari.<\/p>\n\n\n\n<h3 class=\"wp-block-heading\" id=\"h-3-verbs-tense-and-conjugation\">3. Verbi, tempo e coniugazione<\/h3>\n\n\n\n<p>I verbi persiani svolgono un ruolo fondamentale nella grammatica e sono essenziali per la costruzione di frasi. Ogni verbo ha una radice che si combina con vari prefissi e suffissi per indicare il tempo e l&#8217;accordo con il soggetto.<\/p>\n\n\n\n<p>Per darti una breve panoramica, parliamo dei verbi regolari al tempo presente:<\/p>\n\n\n\n<p><strong>&#8211; \u0645\u0646 \u0645\u06cc\u062e\u0648\u0627\u0646\u0645 (man mikh\u0101nam &#8211; ho letto)<\/strong><\/p>\n\n\n\n<p><strong>&#8211; \u062a\u0648 \u0645\u06cc\u062e\u0648\u0627\u0646\u06cc (to mikh\u0101ni &#8211; leggi, informale)<\/strong><\/p>\n\n\n\n<p><strong>&#8211; \u0627\u0648 \u0645\u06cc\u062e\u0648\u0627\u0646\u062f (u mikh\u0101nad &#8211; legge)<\/strong><\/p>\n\n\n\n<p>Ricorda, questo \u00e8 solo l&#8217;inizio! Incontrerai vari altri tempi, verbi irregolari e complessit\u00e0 man mano che approfondisci la grammatica persiana.<\/p>\n\n\n\n<h3 class=\"wp-block-heading\" id=\"h-4-pronouns-prepositions-and-more\">4. Pronomi, preposizioni e altro ancora!<\/h3>\n\n\n\n<p>La grammatica persiana comprende altri componenti come i pronomi (\u0645\u0646, \u062a\u0648, \u0627\u0648, ecc.), le preposizioni (\u0628\u0647, \u0627\u0632, \u062f\u0631, ecc.) e le espressioni idiomatiche. Padroneggiare ogni elemento un passo alla volta \u00e8 la chiave per raggiungere una fluidit\u00e0 completa in persiano.<\/p>\n\n\n\n<p>In conclusione, non esiste una scorciatoia per padroneggiare la grammatica persiana. Richiede perseveranza, pratica e pazienza. Tuttavia, una volta che ne avrai compreso la complessit\u00e0, sarai ben equipaggiato per apprezzare le sfumature della conversazione in persiano, esplorare la ricca cultura e la storia delle regioni di lingua persiana e approfondire il tuo amore per questa lingua. \u0645\u0648\u0641\u0642 \u0628\u0627\u0634\u06cc\u062f (movaffagh b\u0101shid &#8211; buona fortuna)!<\/p>\n<\/div><\/div>\n\r\n<section class=\"learnNavigationSection\">\r\n            \r\n        <a href=\"https:\/\/talkpal.ai\/it\/imparare-il-persiano\/\">\r\n            <div class=\"learnNavigationWrapper\">\r\n                <div class=\"learnNavigationContent\">\r\n                    <img decoding=\"async\" src=\"https:\/\/talkpal.ai\/wp-content\/uploads\/2024\/08\/Persian.jpg\" alt=\"Persian Flag\">\r\n                    <div>\r\n                        <h4>Informazioni sull&#039;apprendimento persiano<\/h4>\r\n                        <p>Scoprite tutto sulla grammatica persiana.<\/p>\r\n                    <\/div>\r\n                <\/div>\r\n            <\/div>\r\n        <\/a>\r\n\r\n        \r\n        <a href=\"https:\/\/talkpal.ai\/it\/esercizi-di-grammatica-persiana\/\">\r\n            <div class=\"learnNavigationWrapper\">\r\n                <div class=\"learnNavigationContent\">\r\n                    <img decoding=\"async\" src=\"https:\/\/talkpal.ai\/wp-content\/uploads\/2024\/08\/Persian.jpg\" alt=\"Persian Flag\">\r\n                    <div>\r\n                        <h4>Esercizio di grammatica persiana<\/h4>\r\n                        <p>Pratica la grammatica persiana.<\/p>\r\n                    <\/div>\r\n                <\/div>\r\n            <\/div>\r\n        <\/a>\r\n\r\n        \r\n        <a href=\"https:\/\/talkpal.ai\/vocabulary_language\/persian\/\">\r\n            <div class=\"learnNavigationWrapper\">\r\n                <div class=\"learnNavigationContent\">\r\n                    <img decoding=\"async\" src=\"https:\/\/talkpal.ai\/wp-content\/uploads\/2024\/08\/Persian.jpg\" alt=\"Persian Flag\">\r\n                    <div>\r\n                        <h4>Vocabolario persiano<\/h4>\r\n                        <p>Amplia il tuo vocabolario persiano.<\/p>\r\n                    <\/div>\r\n                <\/div>\r\n            <\/div>\r\n        <\/a>\r\n\r\n            <\/section>","protected":false},"excerpt":{"rendered":"<p>Padroneggiare la grammatica persiana: la tua guida definitiva Salam, appassionati di lingue! Sei pronto a intraprendere un viaggio nel mondo della grammatica persiana? Sei nel posto giusto. Ricco di informazioni di facile comprensione e di un tono colloquiale, questo articolo ti guider\u00e0 attraverso l&#8217;accattivante regno della grammatica persiana. Presto sarai in grado di costruire frasi [&hellip;]<\/p>\n","protected":false},"author":1,"featured_media":28559,"parent":0,"menu_order":0,"comment_status":"closed","ping_status":"closed","template":"LearningContentPage.php","meta":{"_acf_changed":false,"footnotes":""},"class_list":["post-148627","page","type-page","status-publish","has-post-thumbnail","hentry"],"acf":[],"yoast_head":"<!-- This site is optimized with the Yoast SEO Premium plugin v27.2 (Yoast SEO v27.2) - https:\/\/yoast.com\/product\/yoast-seo-premium-wordpress\/ -->\n<title>Grammatica persiana - Talkpal<\/title>\n<meta name=\"description\" content=\"Esplora le complessit\u00e0 della grammatica persiana per migliorare la tua comprensione e la tua fluidit\u00e0 nella lingua persiana.\" \/>\n<meta name=\"robots\" content=\"index, follow, max-snippet:-1, max-image-preview:large, max-video-preview:-1\" \/>\n<link rel=\"canonical\" href=\"https:\/\/talkpal.ai\/it\/grammatica-persiana\/\" \/>\n<meta property=\"og:locale\" content=\"it_IT\" \/>\n<meta property=\"og:type\" content=\"article\" \/>\n<meta property=\"og:title\" content=\"Grammatica persiana\" \/>\n<meta property=\"og:description\" content=\"Padroneggiare la grammatica persiana: la tua guida definitiva Salam, appassionati di lingue! Sei pronto a intraprendere un viaggio nel mondo della\" \/>\n<meta property=\"og:url\" content=\"https:\/\/talkpal.ai\/it\/grammatica-persiana\/\" \/>\n<meta property=\"og:site_name\" content=\"Talkpal\" \/>\n<meta property=\"article:publisher\" content=\"https:\/\/www.facebook.com\/profile.php?id=100090733639311\" \/>\n<meta property=\"article:modified_time\" content=\"2025-12-12T10:35:51+00:00\" \/>\n<meta property=\"og:image\" content=\"https:\/\/talkpal.ai\/wp-content\/uploads\/2023\/05\/Persian-iran.png\" \/>\n\t<meta property=\"og:image:width\" content=\"512\" \/>\n\t<meta property=\"og:image:height\" content=\"512\" \/>\n\t<meta property=\"og:image:type\" content=\"image\/png\" \/>\n<meta name=\"twitter:card\" content=\"summary_large_image\" \/>\n<meta name=\"twitter:site\" content=\"@talkpalai\" \/>\n<meta name=\"twitter:label1\" content=\"Tempo di lettura stimato\" \/>\n\t<meta name=\"twitter:data1\" content=\"2 minuti\" \/>\n<script type=\"application\/ld+json\" class=\"yoast-schema-graph\">{\"@context\":\"https:\/\/schema.org\",\"@graph\":[{\"@type\":\"WebPage\",\"@id\":\"https:\/\/talkpal.ai\/it\/grammatica-persiana\/\",\"url\":\"https:\/\/talkpal.ai\/it\/grammatica-persiana\/\",\"name\":\"Grammatica persiana - Talkpal\",\"isPartOf\":{\"@id\":\"https:\/\/talkpal.ai\/it\/#website\"},\"primaryImageOfPage\":{\"@id\":\"https:\/\/talkpal.ai\/it\/grammatica-persiana\/#primaryimage\"},\"image\":{\"@id\":\"https:\/\/talkpal.ai\/it\/grammatica-persiana\/#primaryimage\"},\"thumbnailUrl\":\"https:\/\/talkpal.ai\/wp-content\/uploads\/2023\/05\/Persian-iran.png\",\"datePublished\":\"2023-05-14T14:18:22+00:00\",\"dateModified\":\"2025-12-12T10:35:51+00:00\",\"description\":\"Esplora le complessit\u00e0 della grammatica persiana per migliorare la tua comprensione e la tua fluidit\u00e0 nella lingua persiana.\",\"breadcrumb\":{\"@id\":\"https:\/\/talkpal.ai\/it\/grammatica-persiana\/#breadcrumb\"},\"inLanguage\":\"it-IT\",\"potentialAction\":[{\"@type\":\"ReadAction\",\"target\":[\"https:\/\/talkpal.ai\/it\/grammatica-persiana\/\"]}]},{\"@type\":\"ImageObject\",\"inLanguage\":\"it-IT\",\"@id\":\"https:\/\/talkpal.ai\/it\/grammatica-persiana\/#primaryimage\",\"url\":\"https:\/\/talkpal.ai\/wp-content\/uploads\/2023\/05\/Persian-iran.png\",\"contentUrl\":\"https:\/\/talkpal.ai\/wp-content\/uploads\/2023\/05\/Persian-iran.png\",\"width\":512,\"height\":512},{\"@type\":\"BreadcrumbList\",\"@id\":\"https:\/\/talkpal.ai\/it\/grammatica-persiana\/#breadcrumb\",\"itemListElement\":[{\"@type\":\"ListItem\",\"position\":1,\"name\":\"Homepage\",\"item\":\"https:\/\/talkpal.ai\/it\/\"},{\"@type\":\"ListItem\",\"position\":2,\"name\":\"Grammatica persiana\"}]},{\"@type\":\"WebSite\",\"@id\":\"https:\/\/talkpal.ai\/it\/#website\",\"url\":\"https:\/\/talkpal.ai\/it\/\",\"name\":\"Talkpal\",\"description\":\"AI Language Learning\",\"publisher\":{\"@id\":\"https:\/\/talkpal.ai\/it\/#organization\"},\"alternateName\":\"Talkpal AI\",\"potentialAction\":[{\"@type\":\"SearchAction\",\"target\":{\"@type\":\"EntryPoint\",\"urlTemplate\":\"https:\/\/talkpal.ai\/it\/?s={search_term_string}\"},\"query-input\":{\"@type\":\"PropertyValueSpecification\",\"valueRequired\":true,\"valueName\":\"search_term_string\"}}],\"inLanguage\":\"it-IT\"},{\"@type\":\"Organization\",\"@id\":\"https:\/\/talkpal.ai\/it\/#organization\",\"name\":\"Talkpal, Inc.\",\"alternateName\":\"Talkpal AI\",\"url\":\"https:\/\/talkpal.ai\/it\/\",\"logo\":{\"@type\":\"ImageObject\",\"inLanguage\":\"it-IT\",\"@id\":\"https:\/\/talkpal.ai\/it\/#\/schema\/logo\/image\/\",\"url\":\"https:\/\/talkpal.ai\/wp-content\/uploads\/2024\/03\/Talkpal-Logo-Icon.png\",\"contentUrl\":\"https:\/\/talkpal.ai\/wp-content\/uploads\/2024\/03\/Talkpal-Logo-Icon.png\",\"width\":2880,\"height\":2880,\"caption\":\"Talkpal, Inc.\"},\"image\":{\"@id\":\"https:\/\/talkpal.ai\/it\/#\/schema\/logo\/image\/\"},\"sameAs\":[\"https:\/\/www.facebook.com\/profile.php?id=100090733639311\",\"https:\/\/x.com\/talkpalai\",\"https:\/\/www.linkedin.com\/company\/talkpal\/\",\"https:\/\/www.youtube.com\/@TalkPal\/\",\"https:\/\/www.tiktok.com\/@talkpal\",\"https:\/\/www.instagram.com\/talkpal_ai\/\",\"https:\/\/www.crunchbase.com\/organization\/talkpal-9cde\",\"https:\/\/www.g2.com\/products\/talkpal-for-business\/\",\"https:\/\/www.trustpilot.com\/review\/talkpal.ai\",\"https:\/\/www.capterra.com\/p\/10006800\/TalkPal\/\"],\"description\":\"Talkpal is a language learning web and mobile education app, powered by the latest AI technologies, that provides engaging experiences to its customers in many different languages to help them improve their language skills. Users can chat about unlimited amount of topics with the app and use other modes to practice their language learning.\",\"email\":\"support@talkpal.ai\",\"legalName\":\"Talkpal, Inc.\",\"foundingDate\":\"2023-04-03\",\"duns\":\"118989042\",\"numberOfEmployees\":{\"@type\":\"QuantitativeValue\",\"minValue\":\"11\",\"maxValue\":\"50\"},\"publishingPrinciples\":\"https:\/\/talkpal.ai\/publishing-principles\/\",\"actionableFeedbackPolicy\":\"https:\/\/talkpal.ai\/actionable-feedback-policy\/\",\"correctionsPolicy\":\"https:\/\/talkpal.ai\/corrections-policy\/\",\"ethicsPolicy\":\"https:\/\/talkpal.ai\/ethics-policy\/\",\"diversityPolicy\":\"https:\/\/talkpal.ai\/diversity-policy\/\",\"diversityStaffingReport\":\"https:\/\/talkpal.ai\/diversity-policy\/\"}]}<\/script>\n<!-- \/ Yoast SEO Premium plugin. -->","yoast_head_json":{"title":"Grammatica persiana - Talkpal","description":"Esplora le complessit\u00e0 della grammatica persiana per migliorare la tua comprensione e la tua fluidit\u00e0 nella lingua persiana.","robots":{"index":"index","follow":"follow","max-snippet":"max-snippet:-1","max-image-preview":"max-image-preview:large","max-video-preview":"max-video-preview:-1"},"canonical":"https:\/\/talkpal.ai\/it\/grammatica-persiana\/","og_locale":"it_IT","og_type":"article","og_title":"Grammatica persiana","og_description":"Padroneggiare la grammatica persiana: la tua guida definitiva Salam, appassionati di lingue! Sei pronto a intraprendere un viaggio nel mondo della","og_url":"https:\/\/talkpal.ai\/it\/grammatica-persiana\/","og_site_name":"Talkpal","article_publisher":"https:\/\/www.facebook.com\/profile.php?id=100090733639311","article_modified_time":"2025-12-12T10:35:51+00:00","og_image":[{"width":512,"height":512,"url":"https:\/\/talkpal.ai\/wp-content\/uploads\/2023\/05\/Persian-iran.png","type":"image\/png"}],"twitter_card":"summary_large_image","twitter_site":"@talkpalai","twitter_misc":{"Tempo di lettura stimato":"2 minuti"},"schema":{"@context":"https:\/\/schema.org","@graph":[{"@type":"WebPage","@id":"https:\/\/talkpal.ai\/it\/grammatica-persiana\/","url":"https:\/\/talkpal.ai\/it\/grammatica-persiana\/","name":"Grammatica persiana - Talkpal","isPartOf":{"@id":"https:\/\/talkpal.ai\/it\/#website"},"primaryImageOfPage":{"@id":"https:\/\/talkpal.ai\/it\/grammatica-persiana\/#primaryimage"},"image":{"@id":"https:\/\/talkpal.ai\/it\/grammatica-persiana\/#primaryimage"},"thumbnailUrl":"https:\/\/talkpal.ai\/wp-content\/uploads\/2023\/05\/Persian-iran.png","datePublished":"2023-05-14T14:18:22+00:00","dateModified":"2025-12-12T10:35:51+00:00","description":"Esplora le complessit\u00e0 della grammatica persiana per migliorare la tua comprensione e la tua fluidit\u00e0 nella lingua persiana.","breadcrumb":{"@id":"https:\/\/talkpal.ai\/it\/grammatica-persiana\/#breadcrumb"},"inLanguage":"it-IT","potentialAction":[{"@type":"ReadAction","target":["https:\/\/talkpal.ai\/it\/grammatica-persiana\/"]}]},{"@type":"ImageObject","inLanguage":"it-IT","@id":"https:\/\/talkpal.ai\/it\/grammatica-persiana\/#primaryimage","url":"https:\/\/talkpal.ai\/wp-content\/uploads\/2023\/05\/Persian-iran.png","contentUrl":"https:\/\/talkpal.ai\/wp-content\/uploads\/2023\/05\/Persian-iran.png","width":512,"height":512},{"@type":"BreadcrumbList","@id":"https:\/\/talkpal.ai\/it\/grammatica-persiana\/#breadcrumb","itemListElement":[{"@type":"ListItem","position":1,"name":"Homepage","item":"https:\/\/talkpal.ai\/it\/"},{"@type":"ListItem","position":2,"name":"Grammatica persiana"}]},{"@type":"WebSite","@id":"https:\/\/talkpal.ai\/it\/#website","url":"https:\/\/talkpal.ai\/it\/","name":"Talkpal","description":"AI Language Learning","publisher":{"@id":"https:\/\/talkpal.ai\/it\/#organization"},"alternateName":"Talkpal AI","potentialAction":[{"@type":"SearchAction","target":{"@type":"EntryPoint","urlTemplate":"https:\/\/talkpal.ai\/it\/?s={search_term_string}"},"query-input":{"@type":"PropertyValueSpecification","valueRequired":true,"valueName":"search_term_string"}}],"inLanguage":"it-IT"},{"@type":"Organization","@id":"https:\/\/talkpal.ai\/it\/#organization","name":"Talkpal, Inc.","alternateName":"Talkpal AI","url":"https:\/\/talkpal.ai\/it\/","logo":{"@type":"ImageObject","inLanguage":"it-IT","@id":"https:\/\/talkpal.ai\/it\/#\/schema\/logo\/image\/","url":"https:\/\/talkpal.ai\/wp-content\/uploads\/2024\/03\/Talkpal-Logo-Icon.png","contentUrl":"https:\/\/talkpal.ai\/wp-content\/uploads\/2024\/03\/Talkpal-Logo-Icon.png","width":2880,"height":2880,"caption":"Talkpal, Inc."},"image":{"@id":"https:\/\/talkpal.ai\/it\/#\/schema\/logo\/image\/"},"sameAs":["https:\/\/www.facebook.com\/profile.php?id=100090733639311","https:\/\/x.com\/talkpalai","https:\/\/www.linkedin.com\/company\/talkpal\/","https:\/\/www.youtube.com\/@TalkPal\/","https:\/\/www.tiktok.com\/@talkpal","https:\/\/www.instagram.com\/talkpal_ai\/","https:\/\/www.crunchbase.com\/organization\/talkpal-9cde","https:\/\/www.g2.com\/products\/talkpal-for-business\/","https:\/\/www.trustpilot.com\/review\/talkpal.ai","https:\/\/www.capterra.com\/p\/10006800\/TalkPal\/"],"description":"Talkpal is a language learning web and mobile education app, powered by the latest AI technologies, that provides engaging experiences to its customers in many different languages to help them improve their language skills. Users can chat about unlimited amount of topics with the app and use other modes to practice their language learning.","email":"support@talkpal.ai","legalName":"Talkpal, Inc.","foundingDate":"2023-04-03","duns":"118989042","numberOfEmployees":{"@type":"QuantitativeValue","minValue":"11","maxValue":"50"},"publishingPrinciples":"https:\/\/talkpal.ai\/publishing-principles\/","actionableFeedbackPolicy":"https:\/\/talkpal.ai\/actionable-feedback-policy\/","correctionsPolicy":"https:\/\/talkpal.ai\/corrections-policy\/","ethicsPolicy":"https:\/\/talkpal.ai\/ethics-policy\/","diversityPolicy":"https:\/\/talkpal.ai\/diversity-policy\/","diversityStaffingReport":"https:\/\/talkpal.ai\/diversity-policy\/"}]}},"_links":{"self":[{"href":"https:\/\/talkpal.ai\/it\/wp-json\/wp\/v2\/pages\/148627","targetHints":{"allow":["GET"]}}],"collection":[{"href":"https:\/\/talkpal.ai\/it\/wp-json\/wp\/v2\/pages"}],"about":[{"href":"https:\/\/talkpal.ai\/it\/wp-json\/wp\/v2\/types\/page"}],"author":[{"embeddable":true,"href":"https:\/\/talkpal.ai\/it\/wp-json\/wp\/v2\/users\/1"}],"replies":[{"embeddable":true,"href":"https:\/\/talkpal.ai\/it\/wp-json\/wp\/v2\/comments?post=148627"}],"version-history":[{"count":0,"href":"https:\/\/talkpal.ai\/it\/wp-json\/wp\/v2\/pages\/148627\/revisions"}],"wp:featuredmedia":[{"embeddable":true,"href":"https:\/\/talkpal.ai\/it\/wp-json\/wp\/v2\/media\/28559"}],"wp:attachment":[{"href":"https:\/\/talkpal.ai\/it\/wp-json\/wp\/v2\/media?parent=148627"}],"curies":[{"name":"wp","href":"https:\/\/api.w.org\/{rel}","templated":true}]}}