{"id":1464798,"date":"2025-11-12T16:31:52","date_gmt":"2025-11-12T16:31:52","guid":{"rendered":"https:\/\/talkpal.ai\/grammatica-punjabi\/"},"modified":"2025-12-30T11:41:35","modified_gmt":"2025-12-30T11:41:35","slug":"grammatica-punjabi","status":"publish","type":"page","link":"https:\/\/talkpal.ai\/it\/grammatica-punjabi\/","title":{"rendered":"Grammatica punjabi"},"content":{"rendered":"\r\n\r\n\r\n<section class=\"languageChallengeSection\">\r\n    <div class=\"languageInfoWrapper\">\r\n        \r\n        <h1>Grammatica punjabi<\/h1>\r\n        <p>La <a href=\"https:\/\/talkpal.ai\/punjabi-grammar\/\">grammatica punjabi<\/a> pu\u00f2 sembrare impegnativa all&#039;inizio, ma le sue caratteristiche uniche rendono l&#039;apprendimento della lingua un&#039;esperienza gratificante. Esplorando il suo alfabeto, le mutazioni e le regole grammaticali, potrai conoscere una ricca tradizione linguistica. Inizia il tuo viaggio e scopri la bellezza del <a href=\"https:\/\/talkpal.ai\/learn-punjabi\/\">Punjabi<\/a>!<\/p>\r\n\r\n                            <a class=\"getStartedHidden\" href=\"https:\/\/app.talkpal.ai\/it\/signup?lng=\">Comincia<\/a>\r\n        \r\n    <\/div>\r\n\r\n    <figure>\r\n    <img decoding=\"async\" width=\"768\" height=\"768\" src=\"https:\/\/talkpal.ai\/wp-content\/uploads\/2023\/06\/welsh-768x768.png\" class=\"languageImage no-lazy\" alt=\"Default alt text\" fetchpriority=\"high\" sizes=\"(max-width: 768px) 150px, 768px\" srcset=\"https:\/\/talkpal.ai\/wp-content\/uploads\/2023\/06\/welsh-768x768.png 768w, https:\/\/talkpal.ai\/wp-content\/uploads\/2023\/06\/welsh-300x300.png 300w\" \/>\r\n    \r\n\r\n    <\/figure>\r\n\r\n            <a class=\"getStartedVisible\" href=\"https:\/\/app.talkpal.ai\/it\/signup?lng=\">Comincia<\/a>\r\n    \r\n<\/section><section class=\"promotionalBanner\">\r\n    <p class=\"promotionalText\">Il modo pi\u00f9 efficace per imparare una lingua<\/p>\r\n    <a class=\"promotionalLink\" href=\"https:\/\/app.talkpal.ai\/it\/signup?lng=\">Prova Talkpal gratuitamente<\/a>\r\n<\/section>\n<div class=\"wp-block-group pageContainerStyle\"><div class=\"wp-block-group__inner-container is-layout-constrained wp-block-group-is-layout-constrained\">\n<h2 class=\"wp-block-heading\" id=\"h-navigating-the-intricacies-of-punjabi-grammar\">Navigare tra le complessit\u00e0 della grammatica punjabi<\/h2>\n\n\n\n<p><a href=\"https:\/\/talkpal.ai\/it\/impara-il-punjabi\/\">Il punjabi<\/a>, una lingua indo-ariana con una ricca storia e significato culturale, offre un&#8217;esperienza linguistica emozionante per coloro che desiderano esplorare il suo sistema grammaticale unico. Mentre ti avventuri nel regno del punjabi, non solo arricchirai il tuo repertorio linguistico, ma abbraccerai anche un affascinante viaggio culturale. Sebbene la <a href=\"https:\/\/talkpal.ai\/grammar\/\">grammatica<\/a> punjabi possa sembrare complicata all&#8217;inizio, suddividerla in componenti fondamentali <a href=\"https:\/\/talkpal.ai\/locations\/language-courses-in-rende\/\">rende<\/a> l&#8217;apprendimento della lingua pi\u00f9 accessibile. In questo articolo, esploreremo l&#8217;accattivante mondo della grammatica punjabi e forniremo suggerimenti su come padroneggiarne le complessit\u00e0.<\/p>\n\n\n\n<h3 class=\"wp-block-heading\" id=\"h-1-punjabi-alphabet-and-phonetics\">1. Alfabeto e fonetica punjabi<\/h3>\n\n\n\n<p>Il sistema di scrittura punjabi utilizza principalmente la scrittura Gurmukhi, che include vocali indipendenti, consonanti, segni vocalici chiamati matra, segni di nasalizzazione come bind\u012b e \u1e6dipp\u012b e l&#8217;addhak che indica il raddoppio delle consonanti. Il punjabi \u00e8 scritto anche in scrittura Shahmukhi in Pakistan. Per <a href=\"https:\/\/talkpal.ai\/grammar\/\">imparare la grammatica<\/a> punjabi, \u00e8 fondamentale familiarizzare con il gurmukhi esercitandosi a leggere e scrivere in punjabi.<\/p>\n\n\n\n<h3 class=\"wp-block-heading\" id=\"h-2-tones-a-distinctive-punjabi-feature\">2. Toni: una caratteristica distintiva del punjabi<\/h3>\n\n\n\n<p>Uno degli aspetti pi\u00f9 sorprendenti del punjabi \u00e8 l&#8217;uso del tono, che pu\u00f2 cambiare il significato delle parole. Il punjabi \u00e8 comunemente descritto come avente tre toni, e sono spesso legati a cambiamenti di suono storici che non sono direttamente contrassegnati nell&#8217;ortografia moderna. Capire come funziona il tono e praticare una pronuncia accurata \u00e8 fondamentale per una comunicazione chiara e accurata in punjabi.<\/p>\n\n\n\n<h3 class=\"wp-block-heading\" id=\"h-3-nouns-and-pronouns-gender-and-cases\">3. Sostantivi e pronomi: genere e casi<\/h3>\n\n\n\n<p>I sostantivi punjabi hanno un genere grammaticale, maschile o femminile, e i plurali seguono schemi che variano in base al tipo di sostantivo. Molti sostantivi maschili formano plurali in -e e molti sostantivi femminili in -\u0101\u1e41, anche se ci sono irregolarit\u00e0. Il punjabi <a href=\"https:\/\/talkpal.ai\/locations\/learn-english-in-usa\/\">usa<\/a> un caso obliquo prima delle postposizioni, che seguono il sostantivo o il pronome. I pronomi includono insiemi personali, possessivi, riflessivi, dimostrativi e interrogativi, come \u0a2e\u0a48\u0a02, \u0a24\u0a42\u0a70, \u0a09\u0a39, \u0a2e\u0a47\u0a30\u0a3e, \u0a06\u0a2a\u0a23\u0a3e, \u0a07\u0a39, \u0a09\u0a39, \u0a15\u0a4c\u0a23 e \u0a15\u0a40. Acquisire familiarit\u00e0 con questi pronomi e le loro forme migliorer\u00e0 significativamente la tua comprensione della grammatica punjabi.<\/p>\n\n\n\n<h3 class=\"wp-block-heading\" id=\"h-4-verbs-structure-and-conjugation\">4. Verbi: struttura e coniugazione<\/h3>\n\n\n\n<p>I verbi punjabi mostrano aspetto e accordo e in genere usano <a href=\"https:\/\/talkpal.ai\/sv\/grammar\/participform-i-katalansk-grammatik\/\">participi<\/a> combinati con il verbo ausiliare \u0a39\u0a4b\u0a23\u0a3e per esprimere tempo e umore. Le distinzioni fondamentali includono il <a href=\"https:\/\/talkpal.ai\/zh-hans\/grammar_exercises\/presente-%e8%a5%bf%e7%8f%ad%e7%89%99%e8%af%ad%e6%b3%95%e7%bb%83%e4%b9%a0\/\">presente<\/a>, l&#8217;abituale, il passato perfettivo e il futuro, insieme ai modi condizionali e imperativi. L&#8217;accordo spesso dipende dal genere e dal numero, e in molte proposizioni transitive perfettive il punjabi marca il soggetto con \u0a28\u0a47 mentre il verbo concorda con l&#8217;oggetto. L&#8217;apprendimento dei principali modelli di coniugazione e dell&#8217;uso ausiliario migliorer\u00e0 la tua capacit\u00e0 di comunicare efficacemente in punjabi.<\/p>\n\n\n\n<h3 class=\"wp-block-heading\" id=\"h-5-adjectives-agreement-and-placement\">5. Aggettivi: accordo e posizionamento<\/h3>\n\n\n\n<p>Nella grammatica punjabi, gli aggettivi in genere precedono il sostantivo che modificano e, quando marcati, concordano nel genere e nel numero con il sostantivo. Molti aggettivi sono invariabili, ma gli aggettivi descrittivi comuni mostrano forme maschili, femminili e plurali. I significati comparativi e superlativi sono spesso formati analiticamente con \u0a39\u0a4b\u0a30 per pi\u00f9 e \u0a38\u0a2d \u0a24\u0a4b\u0a02 per la maggior parte.<\/p>\n\n\n\n<p><strong>Esempi:<\/strong><\/p>\n\n\n\n<p><strong>\u2013 \u0a35\u0a71\u0a21\u0a3e \u0a2a\u0a3f\u0a06\u0a30 (grande amore)<\/strong><\/p>\n\n\n\n<p><strong>\u2013 \u0a1b\u0a4b\u0a1f\u0a47 \u0a2c\u0a71\u0a1a\u0a47 (bambini piccoli)<\/strong><\/p>\n\n\n\n<h3 class=\"wp-block-heading\" id=\"h-6-engaging-with-the-language\">6. Impegnarsi con la lingua<\/h3>\n\n\n\n<p>Il modo pi\u00f9 efficace per comprendere appieno e interiorizzare la grammatica punjabi \u00e8 impegnarsi costantemente con la lingua. Leggendo la letteratura punjabi, guardando film o serie televisive punjabi, ascoltando musica e poesie e comunicando attivamente con madrelingua, rafforzerai la tua comprensione della grammatica mentre amplierai il tuo vocabolario.<\/p>\n\n\n\n<h3 class=\"wp-block-heading\" id=\"h-conclusion\">Conclusione<\/h3>\n\n\n\n<p>Anche se la grammatica punjabi pu\u00f2 sembrare intricata, puoi diventare esperto in questa bellissima lingua con dedizione, pratica ed entusiasmo. Concentrandoti sulle regole fondamentali e impegnandoti con la lingua in diversi contesti, migliorerai rapidamente <a href=\"https:\/\/talkpal.ai\/it\/grammatica\/\">le tue abilit\u00e0 grammaticali<\/a> punjabi. \u0a38\u0a3c\u0a41\u0a2d \u0a15\u0a3e\u0a2e\u0a28\u0a3e\u0a35\u0a3e\u0a02 (buona fortuna) con il tuo viaggio nella lingua punjabi e divertiti a svelare il mondo dinamico e accattivante della grammatica punjabi!<\/p>\n<\/div><\/div>\n\r\n<section class=\"learnNavigationSection\">\r\n            \r\n        <a href=\"https:\/\/talkpal.ai\/it\/impara-il-punjabi\/\">\r\n            <div class=\"learnNavigationWrapper\">\r\n                <div class=\"learnNavigationContent\">\r\n                    <img decoding=\"async\" src=\"https:\/\/talkpal.ai\/wp-content\/uploads\/2025\/11\/Punjabi.png\" alt=\"Indian Simplified Flag\">\r\n                    <div>\r\n                        <h4>Informazioni su Punjabi Learning<\/h4>\r\n                        <p>Scopri tutto sulla grammatica punjabi.<\/p>\r\n                    <\/div>\r\n                <\/div>\r\n            <\/div>\r\n        <\/a>\r\n\r\n        \r\n        <a href=\"https:\/\/talkpal.ai\/it\/esercizi-di-grammatica-punjabi\/\">\r\n            <div class=\"learnNavigationWrapper\">\r\n                <div class=\"learnNavigationContent\">\r\n                    <img decoding=\"async\" src=\"https:\/\/talkpal.ai\/wp-content\/uploads\/2025\/11\/Punjabi.png\" alt=\"Indian Simplified Flag\">\r\n                    <div>\r\n                        <h4>Esercizio di grammatica punjabi<\/h4>\r\n                        <p>Pratica la grammatica punjabi.<\/p>\r\n                    <\/div>\r\n                <\/div>\r\n            <\/div>\r\n        <\/a>\r\n\r\n            <\/section>","protected":false},"excerpt":{"rendered":"<p>Navigare tra le complessit\u00e0 della grammatica punjabi Il punjabi, una lingua indo-ariana con una ricca storia e significato culturale, offre un&#8217;esperienza linguistica emozionante per coloro che desiderano esplorare il suo sistema grammaticale unico. Mentre ti avventuri nel regno del punjabi, non solo arricchirai il tuo repertorio linguistico, ma abbraccerai anche un affascinante viaggio culturale. Sebbene [&hellip;]<\/p>\n","protected":false},"author":20,"featured_media":0,"parent":0,"menu_order":0,"comment_status":"closed","ping_status":"closed","template":"LearningContentPage.php","meta":{"_acf_changed":false,"footnotes":""},"class_list":["post-1464798","page","type-page","status-publish","hentry"],"acf":[],"yoast_head":"<!-- This site is optimized with the Yoast SEO Premium plugin v27.2 (Yoast SEO v27.2) - https:\/\/yoast.com\/product\/yoast-seo-premium-wordpress\/ -->\n<title>Grammatica punjabi - Talkpal<\/title>\n<meta name=\"description\" content=\"Impara a conoscere gli elementi essenziali della grammatica punjabi con la nostra guida completa per migliorare la tua fluidit\u00e0 linguistica oggi stesso.\" \/>\n<meta name=\"robots\" content=\"index, follow, max-snippet:-1, max-image-preview:large, max-video-preview:-1\" \/>\n<link rel=\"canonical\" href=\"https:\/\/talkpal.ai\/it\/grammatica-punjabi\/\" \/>\n<meta property=\"og:locale\" content=\"it_IT\" \/>\n<meta property=\"og:type\" content=\"article\" \/>\n<meta property=\"og:title\" content=\"Grammatica punjabi\" \/>\n<meta property=\"og:description\" content=\"Navigare tra le complessit\u00e0 della grammatica punjabi Il punjabi, una lingua indo-ariana con una ricca storia e significato culturale, offre un&#039;esperienza\" \/>\n<meta property=\"og:url\" content=\"https:\/\/talkpal.ai\/it\/grammatica-punjabi\/\" \/>\n<meta property=\"og:site_name\" content=\"Talkpal\" \/>\n<meta property=\"article:publisher\" content=\"https:\/\/www.facebook.com\/profile.php?id=100090733639311\" \/>\n<meta property=\"article:modified_time\" content=\"2025-12-30T11:41:35+00:00\" \/>\n<meta property=\"og:image\" content=\"https:\/\/talkpal.ai\/wp-content\/uploads\/2025\/02\/Progress-tab-16_9.png\" \/>\n\t<meta property=\"og:image:width\" content=\"2880\" \/>\n\t<meta property=\"og:image:height\" content=\"1620\" \/>\n\t<meta property=\"og:image:type\" content=\"image\/png\" \/>\n<meta name=\"twitter:card\" content=\"summary_large_image\" \/>\n<meta name=\"twitter:site\" content=\"@talkpalai\" \/>\n<meta name=\"twitter:label1\" content=\"Tempo di lettura stimato\" \/>\n\t<meta name=\"twitter:data1\" content=\"3 minuti\" \/>\n<script type=\"application\/ld+json\" class=\"yoast-schema-graph\">{\"@context\":\"https:\/\/schema.org\",\"@graph\":[{\"@type\":\"WebPage\",\"@id\":\"https:\/\/talkpal.ai\/it\/grammatica-punjabi\/\",\"url\":\"https:\/\/talkpal.ai\/it\/grammatica-punjabi\/\",\"name\":\"Grammatica punjabi - Talkpal\",\"isPartOf\":{\"@id\":\"https:\/\/talkpal.ai\/it\/#website\"},\"datePublished\":\"2025-11-12T16:31:52+00:00\",\"dateModified\":\"2025-12-30T11:41:35+00:00\",\"description\":\"Impara a conoscere gli elementi essenziali della grammatica punjabi con la nostra guida completa per migliorare la tua fluidit\u00e0 linguistica oggi stesso.\",\"breadcrumb\":{\"@id\":\"https:\/\/talkpal.ai\/it\/grammatica-punjabi\/#breadcrumb\"},\"inLanguage\":\"it-IT\",\"potentialAction\":[{\"@type\":\"ReadAction\",\"target\":[\"https:\/\/talkpal.ai\/it\/grammatica-punjabi\/\"]}]},{\"@type\":\"BreadcrumbList\",\"@id\":\"https:\/\/talkpal.ai\/it\/grammatica-punjabi\/#breadcrumb\",\"itemListElement\":[{\"@type\":\"ListItem\",\"position\":1,\"name\":\"Homepage\",\"item\":\"https:\/\/talkpal.ai\/it\/\"},{\"@type\":\"ListItem\",\"position\":2,\"name\":\"Grammatica punjabi\"}]},{\"@type\":\"WebSite\",\"@id\":\"https:\/\/talkpal.ai\/it\/#website\",\"url\":\"https:\/\/talkpal.ai\/it\/\",\"name\":\"Talkpal\",\"description\":\"AI Language Learning\",\"publisher\":{\"@id\":\"https:\/\/talkpal.ai\/it\/#organization\"},\"alternateName\":\"Talkpal AI\",\"potentialAction\":[{\"@type\":\"SearchAction\",\"target\":{\"@type\":\"EntryPoint\",\"urlTemplate\":\"https:\/\/talkpal.ai\/it\/?s={search_term_string}\"},\"query-input\":{\"@type\":\"PropertyValueSpecification\",\"valueRequired\":true,\"valueName\":\"search_term_string\"}}],\"inLanguage\":\"it-IT\"},{\"@type\":\"Organization\",\"@id\":\"https:\/\/talkpal.ai\/it\/#organization\",\"name\":\"Talkpal, Inc.\",\"alternateName\":\"Talkpal AI\",\"url\":\"https:\/\/talkpal.ai\/it\/\",\"logo\":{\"@type\":\"ImageObject\",\"inLanguage\":\"it-IT\",\"@id\":\"https:\/\/talkpal.ai\/it\/#\/schema\/logo\/image\/\",\"url\":\"https:\/\/talkpal.ai\/wp-content\/uploads\/2024\/03\/Talkpal-Logo-Icon.png\",\"contentUrl\":\"https:\/\/talkpal.ai\/wp-content\/uploads\/2024\/03\/Talkpal-Logo-Icon.png\",\"width\":2880,\"height\":2880,\"caption\":\"Talkpal, Inc.\"},\"image\":{\"@id\":\"https:\/\/talkpal.ai\/it\/#\/schema\/logo\/image\/\"},\"sameAs\":[\"https:\/\/www.facebook.com\/profile.php?id=100090733639311\",\"https:\/\/x.com\/talkpalai\",\"https:\/\/www.linkedin.com\/company\/talkpal\/\",\"https:\/\/www.youtube.com\/@TalkPal\/\",\"https:\/\/www.tiktok.com\/@talkpal\",\"https:\/\/www.instagram.com\/talkpal_ai\/\",\"https:\/\/www.crunchbase.com\/organization\/talkpal-9cde\",\"https:\/\/www.g2.com\/products\/talkpal-for-business\/\",\"https:\/\/www.trustpilot.com\/review\/talkpal.ai\",\"https:\/\/www.capterra.com\/p\/10006800\/TalkPal\/\"],\"description\":\"Talkpal is a language learning web and mobile education app, powered by the latest AI technologies, that provides engaging experiences to its customers in many different languages to help them improve their language skills. Users can chat about unlimited amount of topics with the app and use other modes to practice their language learning.\",\"email\":\"support@talkpal.ai\",\"legalName\":\"Talkpal, Inc.\",\"foundingDate\":\"2023-04-03\",\"duns\":\"118989042\",\"numberOfEmployees\":{\"@type\":\"QuantitativeValue\",\"minValue\":\"11\",\"maxValue\":\"50\"},\"publishingPrinciples\":\"https:\/\/talkpal.ai\/publishing-principles\/\",\"actionableFeedbackPolicy\":\"https:\/\/talkpal.ai\/actionable-feedback-policy\/\",\"correctionsPolicy\":\"https:\/\/talkpal.ai\/corrections-policy\/\",\"ethicsPolicy\":\"https:\/\/talkpal.ai\/ethics-policy\/\",\"diversityPolicy\":\"https:\/\/talkpal.ai\/diversity-policy\/\",\"diversityStaffingReport\":\"https:\/\/talkpal.ai\/diversity-policy\/\"}]}<\/script>\n<!-- \/ Yoast SEO Premium plugin. -->","yoast_head_json":{"title":"Grammatica punjabi - Talkpal","description":"Impara a conoscere gli elementi essenziali della grammatica punjabi con la nostra guida completa per migliorare la tua fluidit\u00e0 linguistica oggi stesso.","robots":{"index":"index","follow":"follow","max-snippet":"max-snippet:-1","max-image-preview":"max-image-preview:large","max-video-preview":"max-video-preview:-1"},"canonical":"https:\/\/talkpal.ai\/it\/grammatica-punjabi\/","og_locale":"it_IT","og_type":"article","og_title":"Grammatica punjabi","og_description":"Navigare tra le complessit\u00e0 della grammatica punjabi Il punjabi, una lingua indo-ariana con una ricca storia e significato culturale, offre un'esperienza","og_url":"https:\/\/talkpal.ai\/it\/grammatica-punjabi\/","og_site_name":"Talkpal","article_publisher":"https:\/\/www.facebook.com\/profile.php?id=100090733639311","article_modified_time":"2025-12-30T11:41:35+00:00","og_image":[{"width":2880,"height":1620,"url":"https:\/\/talkpal.ai\/wp-content\/uploads\/2025\/02\/Progress-tab-16_9.png","type":"image\/png"}],"twitter_card":"summary_large_image","twitter_site":"@talkpalai","twitter_misc":{"Tempo di lettura stimato":"3 minuti"},"schema":{"@context":"https:\/\/schema.org","@graph":[{"@type":"WebPage","@id":"https:\/\/talkpal.ai\/it\/grammatica-punjabi\/","url":"https:\/\/talkpal.ai\/it\/grammatica-punjabi\/","name":"Grammatica punjabi - Talkpal","isPartOf":{"@id":"https:\/\/talkpal.ai\/it\/#website"},"datePublished":"2025-11-12T16:31:52+00:00","dateModified":"2025-12-30T11:41:35+00:00","description":"Impara a conoscere gli elementi essenziali della grammatica punjabi con la nostra guida completa per migliorare la tua fluidit\u00e0 linguistica oggi stesso.","breadcrumb":{"@id":"https:\/\/talkpal.ai\/it\/grammatica-punjabi\/#breadcrumb"},"inLanguage":"it-IT","potentialAction":[{"@type":"ReadAction","target":["https:\/\/talkpal.ai\/it\/grammatica-punjabi\/"]}]},{"@type":"BreadcrumbList","@id":"https:\/\/talkpal.ai\/it\/grammatica-punjabi\/#breadcrumb","itemListElement":[{"@type":"ListItem","position":1,"name":"Homepage","item":"https:\/\/talkpal.ai\/it\/"},{"@type":"ListItem","position":2,"name":"Grammatica punjabi"}]},{"@type":"WebSite","@id":"https:\/\/talkpal.ai\/it\/#website","url":"https:\/\/talkpal.ai\/it\/","name":"Talkpal","description":"AI Language Learning","publisher":{"@id":"https:\/\/talkpal.ai\/it\/#organization"},"alternateName":"Talkpal AI","potentialAction":[{"@type":"SearchAction","target":{"@type":"EntryPoint","urlTemplate":"https:\/\/talkpal.ai\/it\/?s={search_term_string}"},"query-input":{"@type":"PropertyValueSpecification","valueRequired":true,"valueName":"search_term_string"}}],"inLanguage":"it-IT"},{"@type":"Organization","@id":"https:\/\/talkpal.ai\/it\/#organization","name":"Talkpal, Inc.","alternateName":"Talkpal AI","url":"https:\/\/talkpal.ai\/it\/","logo":{"@type":"ImageObject","inLanguage":"it-IT","@id":"https:\/\/talkpal.ai\/it\/#\/schema\/logo\/image\/","url":"https:\/\/talkpal.ai\/wp-content\/uploads\/2024\/03\/Talkpal-Logo-Icon.png","contentUrl":"https:\/\/talkpal.ai\/wp-content\/uploads\/2024\/03\/Talkpal-Logo-Icon.png","width":2880,"height":2880,"caption":"Talkpal, Inc."},"image":{"@id":"https:\/\/talkpal.ai\/it\/#\/schema\/logo\/image\/"},"sameAs":["https:\/\/www.facebook.com\/profile.php?id=100090733639311","https:\/\/x.com\/talkpalai","https:\/\/www.linkedin.com\/company\/talkpal\/","https:\/\/www.youtube.com\/@TalkPal\/","https:\/\/www.tiktok.com\/@talkpal","https:\/\/www.instagram.com\/talkpal_ai\/","https:\/\/www.crunchbase.com\/organization\/talkpal-9cde","https:\/\/www.g2.com\/products\/talkpal-for-business\/","https:\/\/www.trustpilot.com\/review\/talkpal.ai","https:\/\/www.capterra.com\/p\/10006800\/TalkPal\/"],"description":"Talkpal is a language learning web and mobile education app, powered by the latest AI technologies, that provides engaging experiences to its customers in many different languages to help them improve their language skills. Users can chat about unlimited amount of topics with the app and use other modes to practice their language learning.","email":"support@talkpal.ai","legalName":"Talkpal, Inc.","foundingDate":"2023-04-03","duns":"118989042","numberOfEmployees":{"@type":"QuantitativeValue","minValue":"11","maxValue":"50"},"publishingPrinciples":"https:\/\/talkpal.ai\/publishing-principles\/","actionableFeedbackPolicy":"https:\/\/talkpal.ai\/actionable-feedback-policy\/","correctionsPolicy":"https:\/\/talkpal.ai\/corrections-policy\/","ethicsPolicy":"https:\/\/talkpal.ai\/ethics-policy\/","diversityPolicy":"https:\/\/talkpal.ai\/diversity-policy\/","diversityStaffingReport":"https:\/\/talkpal.ai\/diversity-policy\/"}]}},"_links":{"self":[{"href":"https:\/\/talkpal.ai\/it\/wp-json\/wp\/v2\/pages\/1464798","targetHints":{"allow":["GET"]}}],"collection":[{"href":"https:\/\/talkpal.ai\/it\/wp-json\/wp\/v2\/pages"}],"about":[{"href":"https:\/\/talkpal.ai\/it\/wp-json\/wp\/v2\/types\/page"}],"author":[{"embeddable":true,"href":"https:\/\/talkpal.ai\/it\/wp-json\/wp\/v2\/users\/20"}],"replies":[{"embeddable":true,"href":"https:\/\/talkpal.ai\/it\/wp-json\/wp\/v2\/comments?post=1464798"}],"version-history":[{"count":0,"href":"https:\/\/talkpal.ai\/it\/wp-json\/wp\/v2\/pages\/1464798\/revisions"}],"wp:attachment":[{"href":"https:\/\/talkpal.ai\/it\/wp-json\/wp\/v2\/media?parent=1464798"}],"curies":[{"name":"wp","href":"https:\/\/api.w.org\/{rel}","templated":true}]}}