{"id":1464776,"date":"2025-11-12T16:20:16","date_gmt":"2025-11-12T16:20:16","guid":{"rendered":"https:\/\/talkpal.ai\/grammatica-pashtu\/"},"modified":"2025-12-30T11:43:43","modified_gmt":"2025-12-30T11:43:43","slug":"grammatica-pashtu","status":"publish","type":"page","link":"https:\/\/talkpal.ai\/it\/grammatica-pashtu\/","title":{"rendered":"Grammatica pashtu"},"content":{"rendered":"\r\n\r\n\r\n<section class=\"languageChallengeSection\">\r\n    <div class=\"languageInfoWrapper\">\r\n        \r\n        <h1>Grammatica pashtu<\/h1>\r\n        <p>La <a href=\"https:\/\/talkpal.ai\/pashto-grammar\/\">grammatica pashtu<\/a> pu\u00f2 sembrare impegnativa all&#039;inizio, ma le sue caratteristiche uniche rendono l&#039;apprendimento della lingua un&#039;esperienza gratificante. Esplorando il suo alfabeto, le mutazioni e le regole grammaticali, potrai conoscere una ricca tradizione linguistica. Inizia il tuo viaggio e scopri la bellezza del <a href=\"https:\/\/talkpal.ai\/learn-pashto\/\">pashtu<\/a>!<\/p>\r\n\r\n                            <a class=\"getStartedHidden\" href=\"https:\/\/app.talkpal.ai\/it\/signup?lng=\">Comincia<\/a>\r\n        \r\n    <\/div>\r\n\r\n    <figure>\r\n    <img decoding=\"async\" width=\"768\" height=\"768\" src=\"https:\/\/talkpal.ai\/wp-content\/uploads\/2023\/06\/welsh-768x768.png\" class=\"languageImage no-lazy\" alt=\"Default alt text\" fetchpriority=\"high\" sizes=\"(max-width: 768px) 150px, 768px\" srcset=\"https:\/\/talkpal.ai\/wp-content\/uploads\/2023\/06\/welsh-768x768.png 768w, https:\/\/talkpal.ai\/wp-content\/uploads\/2023\/06\/welsh-300x300.png 300w\" \/>\r\n    \r\n\r\n    <\/figure>\r\n\r\n            <a class=\"getStartedVisible\" href=\"https:\/\/app.talkpal.ai\/it\/signup?lng=\">Comincia<\/a>\r\n    \r\n<\/section><section class=\"promotionalBanner\">\r\n    <p class=\"promotionalText\">Il modo pi\u00f9 efficace per imparare una lingua<\/p>\r\n    <a class=\"promotionalLink\" href=\"https:\/\/app.talkpal.ai\/it\/signup?lng=\">Prova Talkpal gratuitamente<\/a>\r\n<\/section>\n<div class=\"wp-block-group pageContainerStyle\"><div class=\"wp-block-group__inner-container is-layout-constrained wp-block-group-is-layout-constrained\">\n<h2 class=\"wp-block-heading\" id=\"h-navigating-the-intricacies-of-pashto-grammar\">Navigare tra le complessit\u00e0 della grammatica pashtu<\/h2>\n\n\n\n<p><a href=\"https:\/\/talkpal.ai\/it\/impara-il-pashtu\/\">Il pashtu<\/a>, una lingua iraniana orientale con una ricca storia e significato culturale in Afghanistan e Pakistan, offre un&#8217;esperienza linguistica emozionante per coloro che desiderano esplorare il suo sistema grammaticale unico. Avventurandoti nel regno del pashtu, non solo arricchirai il tuo repertorio linguistico, ma abbraccerai anche un affascinante viaggio culturale. Sebbene la <a href=\"https:\/\/talkpal.ai\/grammar\/\">grammatica<\/a> pashtu possa sembrare complicata all&#8217;inizio, suddividerla in componenti fondamentali <a href=\"https:\/\/talkpal.ai\/locations\/language-courses-in-rende\/\">rende<\/a> l&#8217;apprendimento della lingua pi\u00f9 accessibile. In questo articolo, esploreremo l&#8217;affascinante mondo della grammatica pashtu e forniremo suggerimenti su come padroneggiarne le complessit\u00e0.<\/p>\n\n\n\n<h3 class=\"wp-block-heading\" id=\"h-1-pashto-alphabet-and-phonetics\">1. Alfabeto e fonetica pashtu<\/h3>\n\n\n\n<p>Il sistema di scrittura pashtu si basa sulla scrittura persiano-araba e include lettere aggiuntive uniche per il pashtu, come \u067c, \u0689, \u0693, \u06bc, \u0685, \u0681, \u069a, \u0696 e \u06ab. Per <a href=\"https:\/\/talkpal.ai\/grammar\/\">imparare la grammatica<\/a> pashtu, \u00e8 fondamentale familiarizzare con questa scrittura distintiva e con il sistema sonoro del pashtu, che presenta consonanti retroflesse e aspirate, nonch\u00e9 contrasti vocalici caratteristici.<\/p>\n\n\n\n<h3 class=\"wp-block-heading\" id=\"h-2-split-ergativity-a-peculiar-pashto-feature\">2. Ergativit\u00e0 divisa: una caratteristica peculiare del pashtu<\/h3>\n\n\n\n<p>Uno degli aspetti pi\u00f9 sorprendenti della grammatica pashtu \u00e8 la sua ergativit\u00e0 divisa in molte frasi transitive al passato. In questi contesti, l&#8217;agente appare al caso obliquo e il verbo tende ad accordarsi con l&#8217;oggetto diretto nel genere e nel numero piuttosto che con l&#8217;agente. Capire quando si applica questo modello di allineamento e come funziona l&#8217;accordo \u00e8 fondamentale per una comunicazione accurata in pashtu.<\/p>\n\n\n\n<h3 class=\"wp-block-heading\" id=\"h-3-nouns-and-pronouns-gender-and-cases\">3. Sostantivi e pronomi: genere e casi<\/h3>\n\n\n\n<p>I sostantivi pashtu hanno un genere grammaticale (maschile o femminile) e seguono diversi modelli di formazione <a href=\"https:\/\/talkpal.ai\/zh-hans\/grammar_exercises\/plurale-%e6%84%8f%e5%a4%a7%e5%88%a9%e8%af%ad%e6%b3%95%e7%bb%83%e4%b9%a0\/\">plurale<\/a> che variano in base alla classe nominale. Il pashtu distingue anche tra casi diretti e obliqui, che influenzano il modo in cui i nomi e i pronomi si comportano con le postposizioni e in certe costruzioni verbali. I pronomi in pashtu includono forme personali, possessive, riflessive, dimostrative e interrogative, con varianti sia indipendenti che enclitiche. Acquisire familiarit\u00e0 con queste forme e le loro distinzioni tra maiuscole e minuscole migliorer\u00e0 notevolmente la tua comprensione della grammatica pashtu.<\/p>\n\n\n\n<h3 class=\"wp-block-heading\" id=\"h-4-verbs-structure-and-conjugation\">4. Verbi: struttura e coniugazione<\/h3>\n\n\n\n<p>I verbi pashtu seguono un sistema distintivo organizzato intorno all&#8217;aspetto e al tempo, con l&#8217;accordo tra persona e numero. I tempi principali includono il <a href=\"https:\/\/talkpal.ai\/zh-hans\/grammar_exercises\/presente-%e8%a5%bf%e7%8f%ad%e7%89%99%e8%af%ad%e6%b3%95%e7%bb%83%e4%b9%a0\/\">presente<\/a>, il passato e il futuro, con il futuro comunemente marcato usando la particella ba. Il pashtu fa anche un uso robusto di modi come condizionale, congiuntivo e imperativo e impiega particelle di negazione che differiscono tra affermazioni e comandi. Imparare i modelli di coniugazione, comprese le radici perfettive e imperfettive, migliorer\u00e0 la tua capacit\u00e0 di comunicare efficacemente in pashtu.<\/p>\n\n\n\n<h3 class=\"wp-block-heading\" id=\"h-5-adjectives-agreement-and-placement\">5. Aggettivi: accordo e posizionamento<\/h3>\n\n\n\n<p>Nella grammatica pashtu, gli aggettivi tipicamente precedono il sostantivo che modificano, e molti aggettivi non cambiano forma per genere o numero. Alcuni aggettivi formano significati comparativi e superlativi in modo irregolare o attraverso espressioni prestabilite, essenziali per imparare a comunicare in modo pi\u00f9 naturale.<\/p>\n\n\n\n<p><strong>Esempi:<\/strong><\/p>\n\n\n\n<p><strong>\u2013 Loy Kor (Grande Casa)<\/strong><\/p>\n\n\n\n<p><strong>\u2013 kuchni mashuman (bambini piccoli)<\/strong><\/p>\n\n\n\n<h3 class=\"wp-block-heading\" id=\"h-6-engaging-with-the-language\">6. Impegnarsi con la lingua<\/h3>\n\n\n\n<p>Il modo pi\u00f9 efficace per comprendere appieno e interiorizzare la grammatica pashtu \u00e8 impegnarsi costantemente con la lingua. Leggendo la letteratura pashtu, guardando film o serie televisive pashtu, ascoltando radio e musica e comunicando attivamente con madrelingua, rafforzerai la tua comprensione della grammatica mentre amplierai il tuo vocabolario.<\/p>\n\n\n\n<h3 class=\"wp-block-heading\" id=\"h-conclusion\">Conclusione<\/h3>\n\n\n\n<p>Anche se la grammatica pashtu pu\u00f2 sembrare intricata, puoi diventare esperto in questa bellissima lingua con dedizione, pratica ed entusiasmo. Concentrandoti sulle regole fondamentali e impegnandoti con la lingua in diversi contesti, migliorerai rapidamente <a href=\"https:\/\/talkpal.ai\/it\/grammatica\/\">le tue abilit\u00e0 grammaticali<\/a> pashtu. Kha bakht (buona fortuna) per il tuo viaggio linguistico in pashtu e divertiti a svelare l&#8217;enigmatico ma accattivante mondo della grammatica pashtu!<\/p>\n<\/div><\/div>\n\r\n<section class=\"learnNavigationSection\">\r\n            \r\n        <a href=\"https:\/\/talkpal.ai\/it\/impara-il-pashtu\/\">\r\n            <div class=\"learnNavigationWrapper\">\r\n                <div class=\"learnNavigationContent\">\r\n                    <img decoding=\"async\" src=\"https:\/\/talkpal.ai\/wp-content\/uploads\/2025\/11\/Pashto.png\" alt=\"Afghan Flag\">\r\n                    <div>\r\n                        <h4>Informazioni sull&#039;apprendimento del pashtu<\/h4>\r\n                        <p>Scopri tutto sulla grammatica pashtu.<\/p>\r\n                    <\/div>\r\n                <\/div>\r\n            <\/div>\r\n        <\/a>\r\n\r\n        \r\n        <a href=\"https:\/\/talkpal.ai\/it\/esercizi-di-grammatica-pashtu\/\">\r\n            <div class=\"learnNavigationWrapper\">\r\n                <div class=\"learnNavigationContent\">\r\n                    <img decoding=\"async\" src=\"https:\/\/talkpal.ai\/wp-content\/uploads\/2025\/11\/Pashto.png\" alt=\"Afghan Flag\">\r\n                    <div>\r\n                        <h4>Esercizio di grammatica pashtu<\/h4>\r\n                        <p>Pratica il pashtu.<\/p>\r\n                    <\/div>\r\n                <\/div>\r\n            <\/div>\r\n        <\/a>\r\n\r\n            <\/section>","protected":false},"excerpt":{"rendered":"<p>Navigare tra le complessit\u00e0 della grammatica pashtu Il pashtu, una lingua iraniana orientale con una ricca storia e significato culturale in Afghanistan e Pakistan, offre un&#8217;esperienza linguistica emozionante per coloro che desiderano esplorare il suo sistema grammaticale unico. Avventurandoti nel regno del pashtu, non solo arricchirai il tuo repertorio linguistico, ma abbraccerai anche un affascinante [&hellip;]<\/p>\n","protected":false},"author":20,"featured_media":0,"parent":0,"menu_order":0,"comment_status":"closed","ping_status":"closed","template":"LearningContentPage.php","meta":{"_acf_changed":false,"footnotes":""},"class_list":["post-1464776","page","type-page","status-publish","hentry"],"acf":[],"yoast_head":"<!-- This site is optimized with the Yoast SEO Premium plugin v27.2 (Yoast SEO v27.2) - https:\/\/yoast.com\/product\/yoast-seo-premium-wordpress\/ -->\n<title>Grammatica pashtu - Talkpal<\/title>\n<meta name=\"description\" content=\"Impara la grammatica pashto con questa guida completa che copre l&#039;alfabeto, la fonetica, l&#039;ergativit\u00e0 divisa, i nomi, i pronomi, i verbi e gli aggettivi.\" \/>\n<meta name=\"robots\" content=\"index, follow, max-snippet:-1, max-image-preview:large, max-video-preview:-1\" \/>\n<link rel=\"canonical\" href=\"https:\/\/talkpal.ai\/it\/grammatica-pashtu\/\" \/>\n<meta property=\"og:locale\" content=\"it_IT\" \/>\n<meta property=\"og:type\" content=\"article\" \/>\n<meta property=\"og:title\" content=\"Grammatica pashtu\" \/>\n<meta property=\"og:description\" content=\"Navigare tra le complessit\u00e0 della grammatica pashtu Il pashtu, una lingua iraniana orientale con una ricca storia e significato culturale in Afghanistan e\" \/>\n<meta property=\"og:url\" content=\"https:\/\/talkpal.ai\/it\/grammatica-pashtu\/\" \/>\n<meta property=\"og:site_name\" content=\"Talkpal\" \/>\n<meta property=\"article:publisher\" content=\"https:\/\/www.facebook.com\/profile.php?id=100090733639311\" \/>\n<meta property=\"article:modified_time\" content=\"2025-12-30T11:43:43+00:00\" \/>\n<meta property=\"og:image\" content=\"https:\/\/talkpal.ai\/wp-content\/uploads\/2025\/02\/Progress-tab-16_9.png\" \/>\n\t<meta property=\"og:image:width\" content=\"2880\" \/>\n\t<meta property=\"og:image:height\" content=\"1620\" \/>\n\t<meta property=\"og:image:type\" content=\"image\/png\" \/>\n<meta name=\"twitter:card\" content=\"summary_large_image\" \/>\n<meta name=\"twitter:site\" content=\"@talkpalai\" \/>\n<meta name=\"twitter:label1\" content=\"Tempo di lettura stimato\" \/>\n\t<meta name=\"twitter:data1\" content=\"3 minuti\" \/>\n<script type=\"application\/ld+json\" class=\"yoast-schema-graph\">{\"@context\":\"https:\/\/schema.org\",\"@graph\":[{\"@type\":\"WebPage\",\"@id\":\"https:\/\/talkpal.ai\/it\/grammatica-pashtu\/\",\"url\":\"https:\/\/talkpal.ai\/it\/grammatica-pashtu\/\",\"name\":\"Grammatica pashtu - Talkpal\",\"isPartOf\":{\"@id\":\"https:\/\/talkpal.ai\/it\/#website\"},\"datePublished\":\"2025-11-12T16:20:16+00:00\",\"dateModified\":\"2025-12-30T11:43:43+00:00\",\"description\":\"Impara la grammatica pashto con questa guida completa che copre l'alfabeto, la fonetica, l'ergativit\u00e0 divisa, i nomi, i pronomi, i verbi e gli aggettivi.\",\"breadcrumb\":{\"@id\":\"https:\/\/talkpal.ai\/it\/grammatica-pashtu\/#breadcrumb\"},\"inLanguage\":\"it-IT\",\"potentialAction\":[{\"@type\":\"ReadAction\",\"target\":[\"https:\/\/talkpal.ai\/it\/grammatica-pashtu\/\"]}]},{\"@type\":\"BreadcrumbList\",\"@id\":\"https:\/\/talkpal.ai\/it\/grammatica-pashtu\/#breadcrumb\",\"itemListElement\":[{\"@type\":\"ListItem\",\"position\":1,\"name\":\"Homepage\",\"item\":\"https:\/\/talkpal.ai\/it\/\"},{\"@type\":\"ListItem\",\"position\":2,\"name\":\"Grammatica pashtu\"}]},{\"@type\":\"WebSite\",\"@id\":\"https:\/\/talkpal.ai\/it\/#website\",\"url\":\"https:\/\/talkpal.ai\/it\/\",\"name\":\"Talkpal\",\"description\":\"AI Language Learning\",\"publisher\":{\"@id\":\"https:\/\/talkpal.ai\/it\/#organization\"},\"alternateName\":\"Talkpal AI\",\"potentialAction\":[{\"@type\":\"SearchAction\",\"target\":{\"@type\":\"EntryPoint\",\"urlTemplate\":\"https:\/\/talkpal.ai\/it\/?s={search_term_string}\"},\"query-input\":{\"@type\":\"PropertyValueSpecification\",\"valueRequired\":true,\"valueName\":\"search_term_string\"}}],\"inLanguage\":\"it-IT\"},{\"@type\":\"Organization\",\"@id\":\"https:\/\/talkpal.ai\/it\/#organization\",\"name\":\"Talkpal, Inc.\",\"alternateName\":\"Talkpal AI\",\"url\":\"https:\/\/talkpal.ai\/it\/\",\"logo\":{\"@type\":\"ImageObject\",\"inLanguage\":\"it-IT\",\"@id\":\"https:\/\/talkpal.ai\/it\/#\/schema\/logo\/image\/\",\"url\":\"https:\/\/talkpal.ai\/wp-content\/uploads\/2024\/03\/Talkpal-Logo-Icon.png\",\"contentUrl\":\"https:\/\/talkpal.ai\/wp-content\/uploads\/2024\/03\/Talkpal-Logo-Icon.png\",\"width\":2880,\"height\":2880,\"caption\":\"Talkpal, Inc.\"},\"image\":{\"@id\":\"https:\/\/talkpal.ai\/it\/#\/schema\/logo\/image\/\"},\"sameAs\":[\"https:\/\/www.facebook.com\/profile.php?id=100090733639311\",\"https:\/\/x.com\/talkpalai\",\"https:\/\/www.linkedin.com\/company\/talkpal\/\",\"https:\/\/www.youtube.com\/@TalkPal\/\",\"https:\/\/www.tiktok.com\/@talkpal\",\"https:\/\/www.instagram.com\/talkpal_ai\/\",\"https:\/\/www.crunchbase.com\/organization\/talkpal-9cde\",\"https:\/\/www.g2.com\/products\/talkpal-for-business\/\",\"https:\/\/www.trustpilot.com\/review\/talkpal.ai\",\"https:\/\/www.capterra.com\/p\/10006800\/TalkPal\/\"],\"description\":\"Talkpal is a language learning web and mobile education app, powered by the latest AI technologies, that provides engaging experiences to its customers in many different languages to help them improve their language skills. Users can chat about unlimited amount of topics with the app and use other modes to practice their language learning.\",\"email\":\"support@talkpal.ai\",\"legalName\":\"Talkpal, Inc.\",\"foundingDate\":\"2023-04-03\",\"duns\":\"118989042\",\"numberOfEmployees\":{\"@type\":\"QuantitativeValue\",\"minValue\":\"11\",\"maxValue\":\"50\"},\"publishingPrinciples\":\"https:\/\/talkpal.ai\/publishing-principles\/\",\"actionableFeedbackPolicy\":\"https:\/\/talkpal.ai\/actionable-feedback-policy\/\",\"correctionsPolicy\":\"https:\/\/talkpal.ai\/corrections-policy\/\",\"ethicsPolicy\":\"https:\/\/talkpal.ai\/ethics-policy\/\",\"diversityPolicy\":\"https:\/\/talkpal.ai\/diversity-policy\/\",\"diversityStaffingReport\":\"https:\/\/talkpal.ai\/diversity-policy\/\"}]}<\/script>\n<!-- \/ Yoast SEO Premium plugin. -->","yoast_head_json":{"title":"Grammatica pashtu - Talkpal","description":"Impara la grammatica pashto con questa guida completa che copre l'alfabeto, la fonetica, l'ergativit\u00e0 divisa, i nomi, i pronomi, i verbi e gli aggettivi.","robots":{"index":"index","follow":"follow","max-snippet":"max-snippet:-1","max-image-preview":"max-image-preview:large","max-video-preview":"max-video-preview:-1"},"canonical":"https:\/\/talkpal.ai\/it\/grammatica-pashtu\/","og_locale":"it_IT","og_type":"article","og_title":"Grammatica pashtu","og_description":"Navigare tra le complessit\u00e0 della grammatica pashtu Il pashtu, una lingua iraniana orientale con una ricca storia e significato culturale in Afghanistan e","og_url":"https:\/\/talkpal.ai\/it\/grammatica-pashtu\/","og_site_name":"Talkpal","article_publisher":"https:\/\/www.facebook.com\/profile.php?id=100090733639311","article_modified_time":"2025-12-30T11:43:43+00:00","og_image":[{"width":2880,"height":1620,"url":"https:\/\/talkpal.ai\/wp-content\/uploads\/2025\/02\/Progress-tab-16_9.png","type":"image\/png"}],"twitter_card":"summary_large_image","twitter_site":"@talkpalai","twitter_misc":{"Tempo di lettura stimato":"3 minuti"},"schema":{"@context":"https:\/\/schema.org","@graph":[{"@type":"WebPage","@id":"https:\/\/talkpal.ai\/it\/grammatica-pashtu\/","url":"https:\/\/talkpal.ai\/it\/grammatica-pashtu\/","name":"Grammatica pashtu - Talkpal","isPartOf":{"@id":"https:\/\/talkpal.ai\/it\/#website"},"datePublished":"2025-11-12T16:20:16+00:00","dateModified":"2025-12-30T11:43:43+00:00","description":"Impara la grammatica pashto con questa guida completa che copre l'alfabeto, la fonetica, l'ergativit\u00e0 divisa, i nomi, i pronomi, i verbi e gli aggettivi.","breadcrumb":{"@id":"https:\/\/talkpal.ai\/it\/grammatica-pashtu\/#breadcrumb"},"inLanguage":"it-IT","potentialAction":[{"@type":"ReadAction","target":["https:\/\/talkpal.ai\/it\/grammatica-pashtu\/"]}]},{"@type":"BreadcrumbList","@id":"https:\/\/talkpal.ai\/it\/grammatica-pashtu\/#breadcrumb","itemListElement":[{"@type":"ListItem","position":1,"name":"Homepage","item":"https:\/\/talkpal.ai\/it\/"},{"@type":"ListItem","position":2,"name":"Grammatica pashtu"}]},{"@type":"WebSite","@id":"https:\/\/talkpal.ai\/it\/#website","url":"https:\/\/talkpal.ai\/it\/","name":"Talkpal","description":"AI Language Learning","publisher":{"@id":"https:\/\/talkpal.ai\/it\/#organization"},"alternateName":"Talkpal AI","potentialAction":[{"@type":"SearchAction","target":{"@type":"EntryPoint","urlTemplate":"https:\/\/talkpal.ai\/it\/?s={search_term_string}"},"query-input":{"@type":"PropertyValueSpecification","valueRequired":true,"valueName":"search_term_string"}}],"inLanguage":"it-IT"},{"@type":"Organization","@id":"https:\/\/talkpal.ai\/it\/#organization","name":"Talkpal, Inc.","alternateName":"Talkpal AI","url":"https:\/\/talkpal.ai\/it\/","logo":{"@type":"ImageObject","inLanguage":"it-IT","@id":"https:\/\/talkpal.ai\/it\/#\/schema\/logo\/image\/","url":"https:\/\/talkpal.ai\/wp-content\/uploads\/2024\/03\/Talkpal-Logo-Icon.png","contentUrl":"https:\/\/talkpal.ai\/wp-content\/uploads\/2024\/03\/Talkpal-Logo-Icon.png","width":2880,"height":2880,"caption":"Talkpal, Inc."},"image":{"@id":"https:\/\/talkpal.ai\/it\/#\/schema\/logo\/image\/"},"sameAs":["https:\/\/www.facebook.com\/profile.php?id=100090733639311","https:\/\/x.com\/talkpalai","https:\/\/www.linkedin.com\/company\/talkpal\/","https:\/\/www.youtube.com\/@TalkPal\/","https:\/\/www.tiktok.com\/@talkpal","https:\/\/www.instagram.com\/talkpal_ai\/","https:\/\/www.crunchbase.com\/organization\/talkpal-9cde","https:\/\/www.g2.com\/products\/talkpal-for-business\/","https:\/\/www.trustpilot.com\/review\/talkpal.ai","https:\/\/www.capterra.com\/p\/10006800\/TalkPal\/"],"description":"Talkpal is a language learning web and mobile education app, powered by the latest AI technologies, that provides engaging experiences to its customers in many different languages to help them improve their language skills. Users can chat about unlimited amount of topics with the app and use other modes to practice their language learning.","email":"support@talkpal.ai","legalName":"Talkpal, Inc.","foundingDate":"2023-04-03","duns":"118989042","numberOfEmployees":{"@type":"QuantitativeValue","minValue":"11","maxValue":"50"},"publishingPrinciples":"https:\/\/talkpal.ai\/publishing-principles\/","actionableFeedbackPolicy":"https:\/\/talkpal.ai\/actionable-feedback-policy\/","correctionsPolicy":"https:\/\/talkpal.ai\/corrections-policy\/","ethicsPolicy":"https:\/\/talkpal.ai\/ethics-policy\/","diversityPolicy":"https:\/\/talkpal.ai\/diversity-policy\/","diversityStaffingReport":"https:\/\/talkpal.ai\/diversity-policy\/"}]}},"_links":{"self":[{"href":"https:\/\/talkpal.ai\/it\/wp-json\/wp\/v2\/pages\/1464776","targetHints":{"allow":["GET"]}}],"collection":[{"href":"https:\/\/talkpal.ai\/it\/wp-json\/wp\/v2\/pages"}],"about":[{"href":"https:\/\/talkpal.ai\/it\/wp-json\/wp\/v2\/types\/page"}],"author":[{"embeddable":true,"href":"https:\/\/talkpal.ai\/it\/wp-json\/wp\/v2\/users\/20"}],"replies":[{"embeddable":true,"href":"https:\/\/talkpal.ai\/it\/wp-json\/wp\/v2\/comments?post=1464776"}],"version-history":[{"count":0,"href":"https:\/\/talkpal.ai\/it\/wp-json\/wp\/v2\/pages\/1464776\/revisions"}],"wp:attachment":[{"href":"https:\/\/talkpal.ai\/it\/wp-json\/wp\/v2\/media?parent=1464776"}],"curies":[{"name":"wp","href":"https:\/\/api.w.org\/{rel}","templated":true}]}}