{"id":1464640,"date":"2025-11-12T16:44:57","date_gmt":"2025-11-12T16:44:57","guid":{"rendered":"https:\/\/talkpal.ai\/grammatica-singalese\/"},"modified":"2025-12-30T11:10:24","modified_gmt":"2025-12-30T11:10:24","slug":"grammatica-singalese","status":"publish","type":"page","link":"https:\/\/talkpal.ai\/it\/grammatica-singalese\/","title":{"rendered":"Grammatica singalese"},"content":{"rendered":"\r\n\r\n\r\n<section class=\"languageChallengeSection\">\r\n    <div class=\"languageInfoWrapper\">\r\n        \r\n        <h1>Grammatica singalese<\/h1>\r\n        <p>La <a href=\"https:\/\/talkpal.ai\/sinhala-grammar\/\">grammatica singalese<\/a> pu\u00f2 sembrare impegnativa all&#039;inizio, ma le sue caratteristiche uniche rendono l&#039;apprendimento della lingua un&#039;esperienza gratificante. Esplorando il suo alfabeto, le mutazioni e le regole grammaticali, potrai conoscere una ricca tradizione linguistica. Inizia il tuo viaggio e scopri la bellezza del <a href=\"https:\/\/talkpal.ai\/learn-sinhala\/\">singalese<\/a>!<\/p>\r\n\r\n                            <a class=\"getStartedHidden\" href=\"https:\/\/app.talkpal.ai\/it\/signup?lng=\">Comincia<\/a>\r\n        \r\n    <\/div>\r\n\r\n    <figure>\r\n    <img decoding=\"async\" width=\"768\" height=\"768\" src=\"https:\/\/talkpal.ai\/wp-content\/uploads\/2023\/06\/welsh-768x768.png\" class=\"languageImage no-lazy\" alt=\"Default alt text\" fetchpriority=\"high\" sizes=\"(max-width: 768px) 150px, 768px\" srcset=\"https:\/\/talkpal.ai\/wp-content\/uploads\/2023\/06\/welsh-768x768.png 768w, https:\/\/talkpal.ai\/wp-content\/uploads\/2023\/06\/welsh-300x300.png 300w\" \/>\r\n    \r\n\r\n    <\/figure>\r\n\r\n            <a class=\"getStartedVisible\" href=\"https:\/\/app.talkpal.ai\/it\/signup?lng=\">Comincia<\/a>\r\n    \r\n<\/section><section class=\"promotionalBanner\">\r\n    <p class=\"promotionalText\">Il modo pi\u00f9 efficace per imparare una lingua<\/p>\r\n    <a class=\"promotionalLink\" href=\"https:\/\/app.talkpal.ai\/it\/signup?lng=\">Prova Talkpal gratuitamente<\/a>\r\n<\/section>\n<div class=\"wp-block-group pageContainerStyle\"><div class=\"wp-block-group__inner-container is-layout-constrained wp-block-group-is-layout-constrained\">\n<h2 class=\"wp-block-heading\" id=\"h-navigating-the-intricacies-of-sinhala-grammar\">Navigare tra le complessit\u00e0 della grammatica singalese<\/h2>\n\n\n\n<p>Il <a href=\"https:\/\/talkpal.ai\/it\/impara-il-singalese\/\">singalese<\/a>, una lingua indo-ariana dello Sri Lanka con una ricca storia e significato culturale, offre un&#8217;esperienza linguistica emozionante per coloro che desiderano esplorare il suo sistema grammaticale unico. Avventurandoti nel regno del singalese, non solo arricchirai il tuo repertorio linguistico, ma abbraccerai anche un affascinante viaggio culturale. Sebbene la <a href=\"https:\/\/talkpal.ai\/grammar\/\">grammatica<\/a> singalese possa sembrare complicata all&#8217;inizio, suddividerla in componenti fondamentali <a href=\"https:\/\/talkpal.ai\/locations\/language-courses-in-rende\/\">rende<\/a> l&#8217;apprendimento della lingua pi\u00f9 accessibile. In questo articolo, esploreremo l&#8217;accattivante mondo della grammatica singalese e forniremo suggerimenti su come padroneggiarne le complessit\u00e0.<\/p>\n\n\n\n<h3 class=\"wp-block-heading\" id=\"h-1-sinhala-alphabet-and-phonetics\">1. Alfabeto singalese e fonetica<\/h3>\n\n\n\n<p>Il sistema di scrittura singalese \u00e8 un abugida con il proprio insieme di consonanti e vocali, scritte da sinistra a destra. Le consonanti hanno una vocale intrinseca che viene modificata dai segni diacritici e la scrittura presenta elementi distintivi come rakaransaya e yansaya, cos\u00ec come consonanti prenasalizzate e retroflesse uniche per la lingua. Per <a href=\"https:\/\/talkpal.ai\/grammar\/\">imparare la grammatica<\/a> singalese, \u00e8 fondamentale familiarizzare con questo sistema di scrittura distintivo esercitandosi a leggere e scrivere in singalese.<\/p>\n\n\n\n<h3 class=\"wp-block-heading\" id=\"h-2-mutations-a-peculiar-sinhala-feature\">2. Mutazioni: una caratteristica peculiare singalese<\/h3>\n\n\n\n<p>Il singalese non utilizza mutazioni consonantiche iniziali. Invece, una caratteristica notevole \u00e8 il sandhi fonologico e l&#8217;assimilazione, inclusa la coalescenza vocalica e la geminazione consonantica attraverso i confini del morfema e della parola. Incontrerai anche lettere congiunte e alternanze sistematiche nel singalese parlato che influenzano la pronuncia e il ritmo. Capire quando e come si verificano questi cambiamenti sonori \u00e8 fondamentale per una comunicazione accurata in singalese.<\/p>\n\n\n\n<h3 class=\"wp-block-heading\" id=\"h-3-nouns-and-pronouns-gender-and-cases\">3. Sostantivi e pronomi: genere e casi<\/h3>\n\n\n\n<p>I sostantivi singalesi non marcano il genere grammaticale nel modo in cui lo fanno molte lingue europee, ma distinguono l&#8217;animacy e usano diverse strategie plurali, come -l\u0101 per animates e -val per molti inanimati. Le relazioni tra i casi sono espresse con suffissi e postposizioni, ad esempio -\u1e6da per dativo, -ge per genitivo e -in per funzioni strumentali o ablative. I pronomi in singalese includono forme personali con livelli di formalit\u00e0 e rispetto (ad esempio, mama io, oy\u0101 o ob\u0101 tu), possessivi (mage my, ob\u0113 ur), riflessivi (tamange il proprio), dimostrativi (me this, e that) e interrogativi (kavuda who, mokakda what). Acquisire familiarit\u00e0 con questi pronomi e le loro forme migliorer\u00e0 significativamente la tua comprensione della grammatica singalese.<\/p>\n\n\n\n<h3 class=\"wp-block-heading\" id=\"h-4-verbs-structure-and-conjugation\">4. Verbi: struttura e coniugazione<\/h3>\n\n\n\n<p>Il singalese \u00e8 principalmente SOV, e i verbi si coniugano per il tempo e la polarit\u00e0 piuttosto che per la persona o il numero nella lingua colloquiale. I tempi fondamentali includono presente-abituale, passato e <a href=\"https:\/\/talkpal.ai\/ja\/grammar_exercises\/futuro-%e3%82%b9%e3%83%9a%e3%82%a4%e3%83%b3%e8%aa%9e%e3%81%ae%e6%96%87%e6%b3%95%e3%81%ae%e6%bc%94%e7%bf%92\/\">futuro<\/a>, insieme a modi <a href=\"https:\/\/talkpal.ai\/ja\/grammar_exercises\/frasi-condizionali-%e3%82%a4%e3%82%bf%e3%83%aa%e3%82%a2%e6%96%87%e6%b3%95%e3%81%ae%e6%bc%94%e7%bf%92\/\">condizionali<\/a> e imperativi. Il <a href=\"https:\/\/talkpal.ai\/zh-hans\/grammar_exercises\/presente-%e8%a5%bf%e7%8f%ad%e7%89%99%e8%af%ad%e6%b3%95%e7%bb%83%e4%b9%a0\/\">presente<\/a> \u00e8 comunemente formato con -nava, molte forme passate sono basate su stem e i negativi sono costruiti analiticamente. Imparare i modelli di coniugazione dei verbi e il ruolo dei participi e degli ausiliari migliorer\u00e0 la tua capacit\u00e0 di comunicare efficacemente in singalese.<\/p>\n\n\n\n<h3 class=\"wp-block-heading\" id=\"h-5-adjectives-agreement-and-placement\">5. Aggettivi: accordo e posizionamento<\/h3>\n\n\n\n<p>Nella grammatica singalese, gli aggettivi in genere precedono il sostantivo che modificano e non concordano in numero o genere con il sostantivo. I comparativi sono spesso formati con vada more, e superlativi con il clitico -ma, che sono essenziali per imparare a comunicare in modo pi\u00f9 naturale.<\/p>\n\n\n\n<p><strong>Esempi:<\/strong><\/p>\n\n\n\n<p><strong>\u2013 Loku Ad\u0101re (Grande Amore)<\/strong><\/p>\n\n\n\n<p><strong>\u2013 podi lamayi (bambini piccoli)<\/strong><\/p>\n\n\n\n<h3 class=\"wp-block-heading\" id=\"h-6-engaging-with-the-language\">6. Impegnarsi con la lingua<\/h3>\n\n\n\n<p>Il modo pi\u00f9 efficace per comprendere appieno e interiorizzare la grammatica singalese \u00e8 impegnarsi costantemente con la lingua. Leggendo la letteratura singalese, guardando film o serie televisive singalesi e comunicando attivamente con madrelingua, rafforzerai la tua comprensione della grammatica ampliando il tuo vocabolario.<\/p>\n\n\n\n<h3 class=\"wp-block-heading\" id=\"h-conclusion\">Conclusione<\/h3>\n\n\n\n<p>Anche se la grammatica singalese pu\u00f2 sembrare intricata, puoi diventare esperto in questa bellissima lingua con dedizione, pratica ed entusiasmo. Concentrandoti sulle regole fondamentali e impegnandoti con la lingua in diversi contesti, migliorerai rapidamente <a href=\"https:\/\/talkpal.ai\/it\/grammatica\/\">le tue abilit\u00e0 grammaticali<\/a> singalesi. Subha pathum (buona fortuna) con il tuo viaggio nella lingua singalese e divertiti a svelare il mondo enigmatico ma accattivante della grammatica singalese!<\/p>\n<\/div><\/div>\n\r\n<section class=\"learnNavigationSection\">\r\n            \r\n        <a href=\"https:\/\/talkpal.ai\/it\/impara-il-singalese\/\">\r\n            <div class=\"learnNavigationWrapper\">\r\n                <div class=\"learnNavigationContent\">\r\n                    <img decoding=\"async\" src=\"https:\/\/talkpal.ai\/wp-content\/uploads\/2025\/11\/Sinhala.png\" alt=\"Sri Lankan Flag\">\r\n                    <div>\r\n                        <h4>Informazioni su Sinhala Learning<\/h4>\r\n                        <p>Scopri tutto sulla grammatica singalese.<\/p>\r\n                    <\/div>\r\n                <\/div>\r\n            <\/div>\r\n        <\/a>\r\n\r\n        \r\n        <a href=\"https:\/\/talkpal.ai\/it\/esercizi-di-grammatica-singalese\/\">\r\n            <div class=\"learnNavigationWrapper\">\r\n                <div class=\"learnNavigationContent\">\r\n                    <img decoding=\"async\" src=\"https:\/\/talkpal.ai\/wp-content\/uploads\/2025\/11\/Sinhala.png\" alt=\"Sri Lankan Flag\">\r\n                    <div>\r\n                        <h4>Esercizio di grammatica singalese<\/h4>\r\n                        <p>Pratica la grammatica singalese.<\/p>\r\n                    <\/div>\r\n                <\/div>\r\n            <\/div>\r\n        <\/a>\r\n\r\n            <\/section>","protected":false},"excerpt":{"rendered":"<p>Navigare tra le complessit\u00e0 della grammatica singalese Il singalese, una lingua indo-ariana dello Sri Lanka con una ricca storia e significato culturale, offre un&#8217;esperienza linguistica emozionante per coloro che desiderano esplorare il suo sistema grammaticale unico. Avventurandoti nel regno del singalese, non solo arricchirai il tuo repertorio linguistico, ma abbraccerai anche un affascinante viaggio culturale. [&hellip;]<\/p>\n","protected":false},"author":20,"featured_media":0,"parent":0,"menu_order":0,"comment_status":"closed","ping_status":"closed","template":"LearningContentPage.php","meta":{"_acf_changed":false,"footnotes":""},"class_list":["post-1464640","page","type-page","status-publish","hentry"],"acf":[],"yoast_head":"<!-- This site is optimized with the Yoast SEO Premium plugin v27.2 (Yoast SEO v27.2) - https:\/\/yoast.com\/product\/yoast-seo-premium-wordpress\/ -->\n<title>Grammatica singalese - Talkpal<\/title>\n<meta name=\"description\" content=\"Impara le regole grammaticali del Sinhala e migliora la tua fluidit\u00e0 con la guida linguistica completa e interattiva di Talkpal AI.\" \/>\n<meta name=\"robots\" content=\"index, follow, max-snippet:-1, max-image-preview:large, max-video-preview:-1\" \/>\n<link rel=\"canonical\" href=\"https:\/\/talkpal.ai\/it\/grammatica-singalese\/\" \/>\n<meta property=\"og:locale\" content=\"it_IT\" \/>\n<meta property=\"og:type\" content=\"article\" \/>\n<meta property=\"og:title\" content=\"Grammatica singalese\" \/>\n<meta property=\"og:description\" content=\"Navigare tra le complessit\u00e0 della grammatica singalese Il singalese, una lingua indo-ariana dello Sri Lanka con una ricca storia e significato culturale,\" \/>\n<meta property=\"og:url\" content=\"https:\/\/talkpal.ai\/it\/grammatica-singalese\/\" \/>\n<meta property=\"og:site_name\" content=\"Talkpal\" \/>\n<meta property=\"article:publisher\" content=\"https:\/\/www.facebook.com\/profile.php?id=100090733639311\" \/>\n<meta property=\"article:modified_time\" content=\"2025-12-30T11:10:24+00:00\" \/>\n<meta property=\"og:image\" content=\"https:\/\/talkpal.ai\/wp-content\/uploads\/2025\/02\/Progress-tab-16_9.png\" \/>\n\t<meta property=\"og:image:width\" content=\"2880\" \/>\n\t<meta property=\"og:image:height\" content=\"1620\" \/>\n\t<meta property=\"og:image:type\" content=\"image\/png\" \/>\n<meta name=\"twitter:card\" content=\"summary_large_image\" \/>\n<meta name=\"twitter:site\" content=\"@talkpalai\" \/>\n<meta name=\"twitter:label1\" content=\"Tempo di lettura stimato\" \/>\n\t<meta name=\"twitter:data1\" content=\"3 minuti\" \/>\n<script type=\"application\/ld+json\" class=\"yoast-schema-graph\">{\"@context\":\"https:\/\/schema.org\",\"@graph\":[{\"@type\":\"WebPage\",\"@id\":\"https:\/\/talkpal.ai\/it\/grammatica-singalese\/\",\"url\":\"https:\/\/talkpal.ai\/it\/grammatica-singalese\/\",\"name\":\"Grammatica singalese - Talkpal\",\"isPartOf\":{\"@id\":\"https:\/\/talkpal.ai\/it\/#website\"},\"datePublished\":\"2025-11-12T16:44:57+00:00\",\"dateModified\":\"2025-12-30T11:10:24+00:00\",\"description\":\"Impara le regole grammaticali del Sinhala e migliora la tua fluidit\u00e0 con la guida linguistica completa e interattiva di Talkpal AI.\",\"breadcrumb\":{\"@id\":\"https:\/\/talkpal.ai\/it\/grammatica-singalese\/#breadcrumb\"},\"inLanguage\":\"it-IT\",\"potentialAction\":[{\"@type\":\"ReadAction\",\"target\":[\"https:\/\/talkpal.ai\/it\/grammatica-singalese\/\"]}]},{\"@type\":\"BreadcrumbList\",\"@id\":\"https:\/\/talkpal.ai\/it\/grammatica-singalese\/#breadcrumb\",\"itemListElement\":[{\"@type\":\"ListItem\",\"position\":1,\"name\":\"Homepage\",\"item\":\"https:\/\/talkpal.ai\/it\/\"},{\"@type\":\"ListItem\",\"position\":2,\"name\":\"Grammatica singalese\"}]},{\"@type\":\"WebSite\",\"@id\":\"https:\/\/talkpal.ai\/it\/#website\",\"url\":\"https:\/\/talkpal.ai\/it\/\",\"name\":\"Talkpal\",\"description\":\"AI Language Learning\",\"publisher\":{\"@id\":\"https:\/\/talkpal.ai\/it\/#organization\"},\"alternateName\":\"Talkpal AI\",\"potentialAction\":[{\"@type\":\"SearchAction\",\"target\":{\"@type\":\"EntryPoint\",\"urlTemplate\":\"https:\/\/talkpal.ai\/it\/?s={search_term_string}\"},\"query-input\":{\"@type\":\"PropertyValueSpecification\",\"valueRequired\":true,\"valueName\":\"search_term_string\"}}],\"inLanguage\":\"it-IT\"},{\"@type\":\"Organization\",\"@id\":\"https:\/\/talkpal.ai\/it\/#organization\",\"name\":\"Talkpal, Inc.\",\"alternateName\":\"Talkpal AI\",\"url\":\"https:\/\/talkpal.ai\/it\/\",\"logo\":{\"@type\":\"ImageObject\",\"inLanguage\":\"it-IT\",\"@id\":\"https:\/\/talkpal.ai\/it\/#\/schema\/logo\/image\/\",\"url\":\"https:\/\/talkpal.ai\/wp-content\/uploads\/2024\/03\/Talkpal-Logo-Icon.png\",\"contentUrl\":\"https:\/\/talkpal.ai\/wp-content\/uploads\/2024\/03\/Talkpal-Logo-Icon.png\",\"width\":2880,\"height\":2880,\"caption\":\"Talkpal, Inc.\"},\"image\":{\"@id\":\"https:\/\/talkpal.ai\/it\/#\/schema\/logo\/image\/\"},\"sameAs\":[\"https:\/\/www.facebook.com\/profile.php?id=100090733639311\",\"https:\/\/x.com\/talkpalai\",\"https:\/\/www.linkedin.com\/company\/talkpal\/\",\"https:\/\/www.youtube.com\/@TalkPal\/\",\"https:\/\/www.tiktok.com\/@talkpal\",\"https:\/\/www.instagram.com\/talkpal_ai\/\",\"https:\/\/www.crunchbase.com\/organization\/talkpal-9cde\",\"https:\/\/www.g2.com\/products\/talkpal-for-business\/\",\"https:\/\/www.trustpilot.com\/review\/talkpal.ai\",\"https:\/\/www.capterra.com\/p\/10006800\/TalkPal\/\"],\"description\":\"Talkpal is a language learning web and mobile education app, powered by the latest AI technologies, that provides engaging experiences to its customers in many different languages to help them improve their language skills. Users can chat about unlimited amount of topics with the app and use other modes to practice their language learning.\",\"email\":\"support@talkpal.ai\",\"legalName\":\"Talkpal, Inc.\",\"foundingDate\":\"2023-04-03\",\"duns\":\"118989042\",\"numberOfEmployees\":{\"@type\":\"QuantitativeValue\",\"minValue\":\"11\",\"maxValue\":\"50\"},\"publishingPrinciples\":\"https:\/\/talkpal.ai\/publishing-principles\/\",\"actionableFeedbackPolicy\":\"https:\/\/talkpal.ai\/actionable-feedback-policy\/\",\"correctionsPolicy\":\"https:\/\/talkpal.ai\/corrections-policy\/\",\"ethicsPolicy\":\"https:\/\/talkpal.ai\/ethics-policy\/\",\"diversityPolicy\":\"https:\/\/talkpal.ai\/diversity-policy\/\",\"diversityStaffingReport\":\"https:\/\/talkpal.ai\/diversity-policy\/\"}]}<\/script>\n<!-- \/ Yoast SEO Premium plugin. -->","yoast_head_json":{"title":"Grammatica singalese - Talkpal","description":"Impara le regole grammaticali del Sinhala e migliora la tua fluidit\u00e0 con la guida linguistica completa e interattiva di Talkpal AI.","robots":{"index":"index","follow":"follow","max-snippet":"max-snippet:-1","max-image-preview":"max-image-preview:large","max-video-preview":"max-video-preview:-1"},"canonical":"https:\/\/talkpal.ai\/it\/grammatica-singalese\/","og_locale":"it_IT","og_type":"article","og_title":"Grammatica singalese","og_description":"Navigare tra le complessit\u00e0 della grammatica singalese Il singalese, una lingua indo-ariana dello Sri Lanka con una ricca storia e significato culturale,","og_url":"https:\/\/talkpal.ai\/it\/grammatica-singalese\/","og_site_name":"Talkpal","article_publisher":"https:\/\/www.facebook.com\/profile.php?id=100090733639311","article_modified_time":"2025-12-30T11:10:24+00:00","og_image":[{"width":2880,"height":1620,"url":"https:\/\/talkpal.ai\/wp-content\/uploads\/2025\/02\/Progress-tab-16_9.png","type":"image\/png"}],"twitter_card":"summary_large_image","twitter_site":"@talkpalai","twitter_misc":{"Tempo di lettura stimato":"3 minuti"},"schema":{"@context":"https:\/\/schema.org","@graph":[{"@type":"WebPage","@id":"https:\/\/talkpal.ai\/it\/grammatica-singalese\/","url":"https:\/\/talkpal.ai\/it\/grammatica-singalese\/","name":"Grammatica singalese - Talkpal","isPartOf":{"@id":"https:\/\/talkpal.ai\/it\/#website"},"datePublished":"2025-11-12T16:44:57+00:00","dateModified":"2025-12-30T11:10:24+00:00","description":"Impara le regole grammaticali del Sinhala e migliora la tua fluidit\u00e0 con la guida linguistica completa e interattiva di Talkpal AI.","breadcrumb":{"@id":"https:\/\/talkpal.ai\/it\/grammatica-singalese\/#breadcrumb"},"inLanguage":"it-IT","potentialAction":[{"@type":"ReadAction","target":["https:\/\/talkpal.ai\/it\/grammatica-singalese\/"]}]},{"@type":"BreadcrumbList","@id":"https:\/\/talkpal.ai\/it\/grammatica-singalese\/#breadcrumb","itemListElement":[{"@type":"ListItem","position":1,"name":"Homepage","item":"https:\/\/talkpal.ai\/it\/"},{"@type":"ListItem","position":2,"name":"Grammatica singalese"}]},{"@type":"WebSite","@id":"https:\/\/talkpal.ai\/it\/#website","url":"https:\/\/talkpal.ai\/it\/","name":"Talkpal","description":"AI Language Learning","publisher":{"@id":"https:\/\/talkpal.ai\/it\/#organization"},"alternateName":"Talkpal AI","potentialAction":[{"@type":"SearchAction","target":{"@type":"EntryPoint","urlTemplate":"https:\/\/talkpal.ai\/it\/?s={search_term_string}"},"query-input":{"@type":"PropertyValueSpecification","valueRequired":true,"valueName":"search_term_string"}}],"inLanguage":"it-IT"},{"@type":"Organization","@id":"https:\/\/talkpal.ai\/it\/#organization","name":"Talkpal, Inc.","alternateName":"Talkpal AI","url":"https:\/\/talkpal.ai\/it\/","logo":{"@type":"ImageObject","inLanguage":"it-IT","@id":"https:\/\/talkpal.ai\/it\/#\/schema\/logo\/image\/","url":"https:\/\/talkpal.ai\/wp-content\/uploads\/2024\/03\/Talkpal-Logo-Icon.png","contentUrl":"https:\/\/talkpal.ai\/wp-content\/uploads\/2024\/03\/Talkpal-Logo-Icon.png","width":2880,"height":2880,"caption":"Talkpal, Inc."},"image":{"@id":"https:\/\/talkpal.ai\/it\/#\/schema\/logo\/image\/"},"sameAs":["https:\/\/www.facebook.com\/profile.php?id=100090733639311","https:\/\/x.com\/talkpalai","https:\/\/www.linkedin.com\/company\/talkpal\/","https:\/\/www.youtube.com\/@TalkPal\/","https:\/\/www.tiktok.com\/@talkpal","https:\/\/www.instagram.com\/talkpal_ai\/","https:\/\/www.crunchbase.com\/organization\/talkpal-9cde","https:\/\/www.g2.com\/products\/talkpal-for-business\/","https:\/\/www.trustpilot.com\/review\/talkpal.ai","https:\/\/www.capterra.com\/p\/10006800\/TalkPal\/"],"description":"Talkpal is a language learning web and mobile education app, powered by the latest AI technologies, that provides engaging experiences to its customers in many different languages to help them improve their language skills. Users can chat about unlimited amount of topics with the app and use other modes to practice their language learning.","email":"support@talkpal.ai","legalName":"Talkpal, Inc.","foundingDate":"2023-04-03","duns":"118989042","numberOfEmployees":{"@type":"QuantitativeValue","minValue":"11","maxValue":"50"},"publishingPrinciples":"https:\/\/talkpal.ai\/publishing-principles\/","actionableFeedbackPolicy":"https:\/\/talkpal.ai\/actionable-feedback-policy\/","correctionsPolicy":"https:\/\/talkpal.ai\/corrections-policy\/","ethicsPolicy":"https:\/\/talkpal.ai\/ethics-policy\/","diversityPolicy":"https:\/\/talkpal.ai\/diversity-policy\/","diversityStaffingReport":"https:\/\/talkpal.ai\/diversity-policy\/"}]}},"_links":{"self":[{"href":"https:\/\/talkpal.ai\/it\/wp-json\/wp\/v2\/pages\/1464640","targetHints":{"allow":["GET"]}}],"collection":[{"href":"https:\/\/talkpal.ai\/it\/wp-json\/wp\/v2\/pages"}],"about":[{"href":"https:\/\/talkpal.ai\/it\/wp-json\/wp\/v2\/types\/page"}],"author":[{"embeddable":true,"href":"https:\/\/talkpal.ai\/it\/wp-json\/wp\/v2\/users\/20"}],"replies":[{"embeddable":true,"href":"https:\/\/talkpal.ai\/it\/wp-json\/wp\/v2\/comments?post=1464640"}],"version-history":[{"count":0,"href":"https:\/\/talkpal.ai\/it\/wp-json\/wp\/v2\/pages\/1464640\/revisions"}],"wp:attachment":[{"href":"https:\/\/talkpal.ai\/it\/wp-json\/wp\/v2\/media?parent=1464640"}],"curies":[{"name":"wp","href":"https:\/\/api.w.org\/{rel}","templated":true}]}}