{"id":1464616,"date":"2025-11-12T15:57:33","date_gmt":"2025-11-12T15:57:33","guid":{"rendered":"https:\/\/talkpal.ai\/esercizi-di-grammatica-mongola\/"},"modified":"2025-12-30T12:40:59","modified_gmt":"2025-12-30T12:40:59","slug":"esercizi-di-grammatica-mongola","status":"publish","type":"page","link":"https:\/\/talkpal.ai\/it\/esercizi-di-grammatica-mongola\/","title":{"rendered":"Esercizi di grammatica mongola"},"content":{"rendered":"\r\n\r\n\r\n<section class=\"languageChallengeSection\">\r\n    <div class=\"languageInfoWrapper\">\r\n        \r\n        <h1>Esercizi di grammatica mongola<\/h1>\r\n        <p>Pronto a tuffarti nella <a href=\"https:\/\/talkpal.ai\/mongolian-grammar\/\">grammatica mongola<\/a>? Fare pratica con alcune nozioni di base ti aiuter\u00e0 a prendere confidenza con questa lingua unica e bellissima. Prova questi esercizi per aumentare la tua sicurezza e divertirti un po&#039;!<\/p>\r\n\r\n                            <a class=\"getStartedHidden\" href=\"https:\/\/app.talkpal.ai\/it\/signup?lng=\">Comincia<\/a>\r\n        \r\n    <\/div>\r\n\r\n    <figure>\r\n    <img decoding=\"async\" width=\"768\" height=\"768\" src=\"https:\/\/talkpal.ai\/wp-content\/uploads\/2023\/06\/welsh-768x768.png\" class=\"languageImage no-lazy\" alt=\"Default alt text\" fetchpriority=\"high\" sizes=\"(max-width: 768px) 150px, 768px\" srcset=\"https:\/\/talkpal.ai\/wp-content\/uploads\/2023\/06\/welsh-768x768.png 768w, https:\/\/talkpal.ai\/wp-content\/uploads\/2023\/06\/welsh-300x300.png 300w\" \/>\r\n    \r\n\r\n    <\/figure>\r\n\r\n            <a class=\"getStartedVisible\" href=\"https:\/\/app.talkpal.ai\/it\/signup?lng=\">Comincia<\/a>\r\n    \r\n<\/section><section class=\"promotionalBanner\">\r\n    <p class=\"promotionalText\">Il modo pi\u00f9 efficace per imparare una lingua<\/p>\r\n    <a class=\"promotionalLink\" href=\"https:\/\/app.talkpal.ai\/it\/signup?lng=\">Prova Talkpal gratuitamente<\/a>\r\n<\/section>\n<div class=\"wp-block-group pageContainerStyle\"><div class=\"wp-block-group__inner-container is-layout-constrained wp-block-group-is-layout-constrained\">\n<h2 class=\"wp-block-heading\" id=\"h-mongolian-grammar-topics\">Argomenti di grammatica mongola<\/h2>\n\n\n\n<p><a href=\"https:\/\/talkpal.ai\/it\/i-piu-grandi-errori-da-evitare-quando-si-impara-una-nuova-lingua\/\">Imparare una nuova lingua<\/a> pu\u00f2 essere un&#8217;impresa impegnativa ma gratificante. Il <a href=\"https:\/\/talkpal.ai\/learn-mongolian\/\">mongolo<\/a>, una lingua mongolica parlata principalmente in <a href=\"https:\/\/talkpal.ai\/learn-mongolian\/\">Mongolia<\/a> e in alcune parti della <a href=\"https:\/\/talkpal.ai\/learn-hindi\/\">Cina<\/a> settentrionale, non fa eccezione. Con le <a href=\"https:\/\/talkpal.ai\/locations\/language-courses-in-sue\/\">sue<\/a> caratteristiche e strutture uniche come l&#8217;armonia vocalica, la morfologia agglutinante, la ricca marcatura dei casi e le postposizioni, <a href=\"https:\/\/talkpal.ai\/it\/talkpal-per-listruzione\/\">l&#8217;apprendimento del<\/a> mongolo richiede un approccio sistematico alla comprensione della sua <a href=\"https:\/\/talkpal.ai\/grammar\/\">grammatica<\/a>. Questa guida delinea le aree chiave della <a href=\"https:\/\/talkpal.ai\/it\/grammatica-mongola\/\">grammatica mongola<\/a> in una sequenza logica per <a href=\"https:\/\/talkpal.ai\/it\/talkpal-per-listruzione\/\">l&#8217;apprendimento delle lingue<\/a>, partendo dalle basi come nomi e articoli, e progredendo verso aree pi\u00f9 complesse come i tempi e la costruzione delle frasi.<\/p>\n\n\n\n<h3 class=\"wp-block-heading\" id=\"h-1-nouns\">1. Sostantivi:<\/h3>\n\n\n\n<p>Inizia il tuo viaggio nella lingua mongola imparando i sostantivi. Ci\u00f2 include la comprensione delle diverse categorie di sostantivi, come i <a href=\"https:\/\/talkpal.ai\/it\/grammar\/nomi-comuni-e-propri-nella-grammatica-ebraica\/\">nomi comuni e propri<\/a>, nonch\u00e9 le loro forme plurali. Incontrerai anche finali di casi che segnano ruoli grammaticali come soggetto, oggetto, posizione e direzione.<\/p>\n\n\n\n<h3 class=\"wp-block-heading\" id=\"h-2-articles\">2. Articoli:<\/h3>\n\n\n\n<p>Gli articoli in lingua mongola non sono usati come in <a href=\"https:\/\/talkpal.ai\/it\/pratica-di-lingua-inglese-ai\/\">inglese<\/a>. Il mongolo non ha articoli determinativi o indeterminativi. Invece, la determinatezza \u00e8 espressa attraverso il contesto, l&#8217;ordine delle parole, dimostrativi come questo e quello, e talvolta marcando casi come l&#8217;accusativo per determinati oggetti diretti.<\/p>\n\n\n\n<h3 class=\"wp-block-heading\" id=\"h-3-adjectives\">3. Aggettivi:<\/h3>\n\n\n\n<p>Gli aggettivi in mongolo in genere precedono i loro sostantivi, il che \u00e8 diverso dall&#8217;inglese per alcuni <a href=\"https:\/\/talkpal.ai\/talkpal-discount-for-students\/\">studenti<\/a>. Non sono d&#8217;accordo sul genere o sul numero. Dovrai anche imparare a formare comparativi e superlativi, spesso con parole come more e most o con costruzioni comparative che usano than.<\/p>\n\n\n\n<h3 class=\"wp-block-heading\" id=\"h-4-pronouns-determiners\">4. Pronomi\/Determinanti:<\/h3>\n\n\n\n<p>I pronomi e i determinanti sono essenziali in mongolo; Sostituiscono i sostantivi e forniscono informazioni sulla quantit\u00e0, il possesso e altro ancora. La possessione \u00e8 comunemente mostrata con forme genitive e pronomi possessivi, e i pronomi soggetto possono essere eliminati se compresi dal contesto. Dimostrativi come questo e quello, i numeri e i quantificatori sono determinanti chiave da padroneggiare.<\/p>\n\n\n\n<h3 class=\"wp-block-heading\" id=\"h-5-verbs\">5. Verbi:<\/h3>\n\n\n\n<p>I verbi mongoli hanno forme diverse a seconda del tempo, dell&#8217;aspetto e del modo, spesso costruiti con suffissi e ausiliari. L&#8217;accordo personale \u00e8 limitato e gli argomenti sono spesso omessi se chiari. Inizia con le forme di base non passate e passate, quindi esplora gli usi abituali, intenzionali al <a href=\"https:\/\/talkpal.ai\/ja\/grammar_exercises\/futuro-%e3%82%b9%e3%83%9a%e3%82%a4%e3%83%b3%e8%aa%9e%e3%81%ae%e6%96%87%e6%b3%95%e3%81%ae%e6%bc%94%e7%bf%92\/\">futuro<\/a> e modali.<\/p>\n\n\n\n<h3 class=\"wp-block-heading\" id=\"h-6-tenses\">6. Tempi verbali:<\/h3>\n\n\n\n<p>Dopo aver padroneggiato le radici verbali e le forme di base, approfondisci il tempo e l&#8217;aspetto mongolo. Ci\u00f2 include la comprensione delle differenze tra letture abituali, presenti progressive, passato semplice, perfettivo passato e non passato o futuro, e come vengono utilizzate in contesti diversi.<\/p>\n\n\n\n<h3 class=\"wp-block-heading\" id=\"h-7-tense-comparison\">7. Confronto teso:<\/h3>\n\n\n\n<p>Confrontare i tempi verbali in mongolo aiuta a capire la sequenza e la sfumatura delle azioni. Confrontare lo stesso verbo nelle forme abituali, progressive, passate e non passate fornir\u00e0 una migliore comprensione delle differenze di significato e dell&#8217;uso.<\/p>\n\n\n\n<h3 class=\"wp-block-heading\" id=\"h-8-progressive\">8. Progressivo:<\/h3>\n\n\n\n<p>Il progressivo in mongolo \u00e8 usato per esprimere azioni in corso. Si forma usando la radice del verbo con il suffisso converbo e l&#8217;ausiliare essere, comunemente espresso con una forma equivalente a essere fare.<\/p>\n\n\n\n<h3 class=\"wp-block-heading\" id=\"h-9-perfect-progressive\">9. Progressivo perfetto:<\/h3>\n\n\n\n<p>Questo significato \u00e8 usato per esprimere azioni che sono state in corso fino a un determinato punto. In mongolo, \u00e8 espresso con un converbo pi\u00f9 ausiliari come essere venuto o essere stato, che trasmettono la continuazione fino ad ora o fino a un punto di riferimento passato.<\/p>\n\n\n\n<h3 class=\"wp-block-heading\" id=\"h-10-conditionals\">10. Condizionali:<\/h3>\n\n\n\n<p>I condizionali esprimono situazioni ipotetiche e i loro possibili esiti. Sono una parte importante della grammatica mongola e sono tipicamente formati con suffissi condizionali equivalenti a if, insieme a costruzioni che esprimono situazioni reali, potenziali o controfattuali.<\/p>\n\n\n\n<h3 class=\"wp-block-heading\" id=\"h-11-adverbs\">11. Avverbi:<\/h3>\n\n\n\n<p>Gli avverbi in mongolo modificano verbi, aggettivi o altri avverbi. Forniscono informazioni su modo, luogo, ora, grado e altro ancora. Molti avverbi di modo derivano da aggettivi con suffissi avverbiali e ci sono molti avverbiali comuni per il tempo e la frequenza.<\/p>\n\n\n\n<h3 class=\"wp-block-heading\" id=\"h-12-prepositions\">12. Preposizioni:<\/h3>\n\n\n\n<p>Le preposizioni in mongolo sono realizzate principalmente come postposizioni e desinenze di caso. Collegano parole e frasi insieme ed esprimono relazioni di tempo, luogo, direzione, scopo, causa e altro ancora. Imparare le postposizioni comuni e le funzioni del sistema di casi \u00e8 essenziale.<\/p>\n\n\n\n<h3 class=\"wp-block-heading\" id=\"h-13-sentences\">13. Frasi:<\/h3>\n\n\n\n<p>Infine, esercitati a costruire frasi. Il mongolo segue tipicamente l&#8217;ordine delle parole del verbo oggetto del soggetto, usa l&#8217;evidenziazione dell&#8217;argomento con particelle e forma domande con particelle interrogative e intonazione. Ci\u00f2 comporter\u00e0 l&#8217;utilizzo di tutti i punti grammaticali precedentemente appresi nel contesto, garantendo cos\u00ec una comprensione completa della lingua mongola.<\/p>\n<\/div><\/div>\n\r\n<section class=\"learnNavigationSection\">\r\n            \r\n        <a href=\"https:\/\/talkpal.ai\/it\/impara-il-mongolo\/\">\r\n            <div class=\"learnNavigationWrapper\">\r\n                <div class=\"learnNavigationContent\">\r\n                    <img decoding=\"async\" src=\"https:\/\/talkpal.ai\/wp-content\/uploads\/2025\/11\/Mongolian.png\" alt=\"Mongolian Flag\">\r\n                    <div>\r\n                        <h4>Informazioni sull&#039;apprendimento del mongolo<\/h4>\r\n                        <p>Scopri tutto sulla grammatica mongola.<\/p>\r\n                    <\/div>\r\n                <\/div>\r\n            <\/div>\r\n        <\/a>\r\n\r\n        \r\n        <a href=\"https:\/\/talkpal.ai\/it\/grammatica-mongola\/\">\r\n            <div class=\"learnNavigationWrapper\">\r\n                <div class=\"learnNavigationContent\">\r\n                    <img decoding=\"async\" src=\"https:\/\/talkpal.ai\/wp-content\/uploads\/2025\/11\/Mongolian.png\" alt=\"Mongolian Flag\">\r\n                    <div>\r\n                        <h4>Lezioni di grammatica mongola<\/h4>\r\n                        <p>Pratica la grammatica mongola.<\/p>\r\n                    <\/div>\r\n                <\/div>\r\n            <\/div>\r\n        <\/a>\r\n\r\n            <\/section>","protected":false},"excerpt":{"rendered":"<p>Argomenti di grammatica mongola Imparare una nuova lingua pu\u00f2 essere un&#8217;impresa impegnativa ma gratificante. Il mongolo, una lingua mongolica parlata principalmente in Mongolia e in alcune parti della Cina settentrionale, non fa eccezione. Con le sue caratteristiche e strutture uniche come l&#8217;armonia vocalica, la morfologia agglutinante, la ricca marcatura dei casi e le postposizioni, l&#8217;apprendimento [&hellip;]<\/p>\n","protected":false},"author":20,"featured_media":0,"parent":0,"menu_order":0,"comment_status":"closed","ping_status":"closed","template":"LearningContentPage.php","meta":{"_acf_changed":false,"footnotes":""},"class_list":["post-1464616","page","type-page","status-publish","hentry"],"acf":[],"yoast_head":"<!-- This site is optimized with the Yoast SEO Premium plugin v27.2 (Yoast SEO v27.2) - https:\/\/yoast.com\/product\/yoast-seo-premium-wordpress\/ -->\n<title>Esercizi di grammatica mongola - Talkpal<\/title>\n<meta name=\"description\" content=\"Impara la grammatica mongola con esercizi interattivi e lezioni potenziate dall&#039;intelligenza artificiale per migliorare la fluidit\u00e0 e la comprensione della lingua.\" \/>\n<meta name=\"robots\" content=\"index, follow, max-snippet:-1, max-image-preview:large, max-video-preview:-1\" \/>\n<link rel=\"canonical\" href=\"https:\/\/talkpal.ai\/it\/esercizi-di-grammatica-mongola\/\" \/>\n<meta property=\"og:locale\" content=\"it_IT\" \/>\n<meta property=\"og:type\" content=\"article\" \/>\n<meta property=\"og:title\" content=\"Esercizi di grammatica mongola\" \/>\n<meta property=\"og:description\" content=\"Argomenti di grammatica mongola Imparare una nuova lingua pu\u00f2 essere un&#039;impresa impegnativa ma gratificante. Il mongolo, una lingua mongolica parlata\" \/>\n<meta property=\"og:url\" content=\"https:\/\/talkpal.ai\/it\/esercizi-di-grammatica-mongola\/\" \/>\n<meta property=\"og:site_name\" content=\"Talkpal\" \/>\n<meta property=\"article:publisher\" content=\"https:\/\/www.facebook.com\/profile.php?id=100090733639311\" \/>\n<meta property=\"article:modified_time\" content=\"2025-12-30T12:40:59+00:00\" \/>\n<meta property=\"og:image\" content=\"https:\/\/talkpal.ai\/wp-content\/uploads\/2025\/02\/Progress-tab-16_9.png\" \/>\n\t<meta property=\"og:image:width\" content=\"2880\" \/>\n\t<meta property=\"og:image:height\" content=\"1620\" \/>\n\t<meta property=\"og:image:type\" content=\"image\/png\" \/>\n<meta name=\"twitter:card\" content=\"summary_large_image\" \/>\n<meta name=\"twitter:site\" content=\"@talkpalai\" \/>\n<meta name=\"twitter:label1\" content=\"Tempo di lettura stimato\" \/>\n\t<meta name=\"twitter:data1\" content=\"3 minuti\" \/>\n<script type=\"application\/ld+json\" class=\"yoast-schema-graph\">{\"@context\":\"https:\/\/schema.org\",\"@graph\":[{\"@type\":\"WebPage\",\"@id\":\"https:\/\/talkpal.ai\/it\/esercizi-di-grammatica-mongola\/\",\"url\":\"https:\/\/talkpal.ai\/it\/esercizi-di-grammatica-mongola\/\",\"name\":\"Esercizi di grammatica mongola - Talkpal\",\"isPartOf\":{\"@id\":\"https:\/\/talkpal.ai\/it\/#website\"},\"datePublished\":\"2025-11-12T15:57:33+00:00\",\"dateModified\":\"2025-12-30T12:40:59+00:00\",\"description\":\"Impara la grammatica mongola con esercizi interattivi e lezioni potenziate dall'intelligenza artificiale per migliorare la fluidit\u00e0 e la comprensione della lingua.\",\"breadcrumb\":{\"@id\":\"https:\/\/talkpal.ai\/it\/esercizi-di-grammatica-mongola\/#breadcrumb\"},\"inLanguage\":\"it-IT\",\"potentialAction\":[{\"@type\":\"ReadAction\",\"target\":[\"https:\/\/talkpal.ai\/it\/esercizi-di-grammatica-mongola\/\"]}]},{\"@type\":\"BreadcrumbList\",\"@id\":\"https:\/\/talkpal.ai\/it\/esercizi-di-grammatica-mongola\/#breadcrumb\",\"itemListElement\":[{\"@type\":\"ListItem\",\"position\":1,\"name\":\"Homepage\",\"item\":\"https:\/\/talkpal.ai\/it\/\"},{\"@type\":\"ListItem\",\"position\":2,\"name\":\"Esercizi di grammatica mongola\"}]},{\"@type\":\"WebSite\",\"@id\":\"https:\/\/talkpal.ai\/it\/#website\",\"url\":\"https:\/\/talkpal.ai\/it\/\",\"name\":\"Talkpal\",\"description\":\"AI Language Learning\",\"publisher\":{\"@id\":\"https:\/\/talkpal.ai\/it\/#organization\"},\"alternateName\":\"Talkpal AI\",\"potentialAction\":[{\"@type\":\"SearchAction\",\"target\":{\"@type\":\"EntryPoint\",\"urlTemplate\":\"https:\/\/talkpal.ai\/it\/?s={search_term_string}\"},\"query-input\":{\"@type\":\"PropertyValueSpecification\",\"valueRequired\":true,\"valueName\":\"search_term_string\"}}],\"inLanguage\":\"it-IT\"},{\"@type\":\"Organization\",\"@id\":\"https:\/\/talkpal.ai\/it\/#organization\",\"name\":\"Talkpal, Inc.\",\"alternateName\":\"Talkpal AI\",\"url\":\"https:\/\/talkpal.ai\/it\/\",\"logo\":{\"@type\":\"ImageObject\",\"inLanguage\":\"it-IT\",\"@id\":\"https:\/\/talkpal.ai\/it\/#\/schema\/logo\/image\/\",\"url\":\"https:\/\/talkpal.ai\/wp-content\/uploads\/2024\/03\/Talkpal-Logo-Icon.png\",\"contentUrl\":\"https:\/\/talkpal.ai\/wp-content\/uploads\/2024\/03\/Talkpal-Logo-Icon.png\",\"width\":2880,\"height\":2880,\"caption\":\"Talkpal, Inc.\"},\"image\":{\"@id\":\"https:\/\/talkpal.ai\/it\/#\/schema\/logo\/image\/\"},\"sameAs\":[\"https:\/\/www.facebook.com\/profile.php?id=100090733639311\",\"https:\/\/x.com\/talkpalai\",\"https:\/\/www.linkedin.com\/company\/talkpal\/\",\"https:\/\/www.youtube.com\/@TalkPal\/\",\"https:\/\/www.tiktok.com\/@talkpal\",\"https:\/\/www.instagram.com\/talkpal_ai\/\",\"https:\/\/www.crunchbase.com\/organization\/talkpal-9cde\",\"https:\/\/www.g2.com\/products\/talkpal-for-business\/\",\"https:\/\/www.trustpilot.com\/review\/talkpal.ai\",\"https:\/\/www.capterra.com\/p\/10006800\/TalkPal\/\"],\"description\":\"Talkpal is a language learning web and mobile education app, powered by the latest AI technologies, that provides engaging experiences to its customers in many different languages to help them improve their language skills. Users can chat about unlimited amount of topics with the app and use other modes to practice their language learning.\",\"email\":\"support@talkpal.ai\",\"legalName\":\"Talkpal, Inc.\",\"foundingDate\":\"2023-04-03\",\"duns\":\"118989042\",\"numberOfEmployees\":{\"@type\":\"QuantitativeValue\",\"minValue\":\"11\",\"maxValue\":\"50\"},\"publishingPrinciples\":\"https:\/\/talkpal.ai\/publishing-principles\/\",\"actionableFeedbackPolicy\":\"https:\/\/talkpal.ai\/actionable-feedback-policy\/\",\"correctionsPolicy\":\"https:\/\/talkpal.ai\/corrections-policy\/\",\"ethicsPolicy\":\"https:\/\/talkpal.ai\/ethics-policy\/\",\"diversityPolicy\":\"https:\/\/talkpal.ai\/diversity-policy\/\",\"diversityStaffingReport\":\"https:\/\/talkpal.ai\/diversity-policy\/\"}]}<\/script>\n<!-- \/ Yoast SEO Premium plugin. -->","yoast_head_json":{"title":"Esercizi di grammatica mongola - Talkpal","description":"Impara la grammatica mongola con esercizi interattivi e lezioni potenziate dall'intelligenza artificiale per migliorare la fluidit\u00e0 e la comprensione della lingua.","robots":{"index":"index","follow":"follow","max-snippet":"max-snippet:-1","max-image-preview":"max-image-preview:large","max-video-preview":"max-video-preview:-1"},"canonical":"https:\/\/talkpal.ai\/it\/esercizi-di-grammatica-mongola\/","og_locale":"it_IT","og_type":"article","og_title":"Esercizi di grammatica mongola","og_description":"Argomenti di grammatica mongola Imparare una nuova lingua pu\u00f2 essere un'impresa impegnativa ma gratificante. Il mongolo, una lingua mongolica parlata","og_url":"https:\/\/talkpal.ai\/it\/esercizi-di-grammatica-mongola\/","og_site_name":"Talkpal","article_publisher":"https:\/\/www.facebook.com\/profile.php?id=100090733639311","article_modified_time":"2025-12-30T12:40:59+00:00","og_image":[{"width":2880,"height":1620,"url":"https:\/\/talkpal.ai\/wp-content\/uploads\/2025\/02\/Progress-tab-16_9.png","type":"image\/png"}],"twitter_card":"summary_large_image","twitter_site":"@talkpalai","twitter_misc":{"Tempo di lettura stimato":"3 minuti"},"schema":{"@context":"https:\/\/schema.org","@graph":[{"@type":"WebPage","@id":"https:\/\/talkpal.ai\/it\/esercizi-di-grammatica-mongola\/","url":"https:\/\/talkpal.ai\/it\/esercizi-di-grammatica-mongola\/","name":"Esercizi di grammatica mongola - Talkpal","isPartOf":{"@id":"https:\/\/talkpal.ai\/it\/#website"},"datePublished":"2025-11-12T15:57:33+00:00","dateModified":"2025-12-30T12:40:59+00:00","description":"Impara la grammatica mongola con esercizi interattivi e lezioni potenziate dall'intelligenza artificiale per migliorare la fluidit\u00e0 e la comprensione della lingua.","breadcrumb":{"@id":"https:\/\/talkpal.ai\/it\/esercizi-di-grammatica-mongola\/#breadcrumb"},"inLanguage":"it-IT","potentialAction":[{"@type":"ReadAction","target":["https:\/\/talkpal.ai\/it\/esercizi-di-grammatica-mongola\/"]}]},{"@type":"BreadcrumbList","@id":"https:\/\/talkpal.ai\/it\/esercizi-di-grammatica-mongola\/#breadcrumb","itemListElement":[{"@type":"ListItem","position":1,"name":"Homepage","item":"https:\/\/talkpal.ai\/it\/"},{"@type":"ListItem","position":2,"name":"Esercizi di grammatica mongola"}]},{"@type":"WebSite","@id":"https:\/\/talkpal.ai\/it\/#website","url":"https:\/\/talkpal.ai\/it\/","name":"Talkpal","description":"AI Language Learning","publisher":{"@id":"https:\/\/talkpal.ai\/it\/#organization"},"alternateName":"Talkpal AI","potentialAction":[{"@type":"SearchAction","target":{"@type":"EntryPoint","urlTemplate":"https:\/\/talkpal.ai\/it\/?s={search_term_string}"},"query-input":{"@type":"PropertyValueSpecification","valueRequired":true,"valueName":"search_term_string"}}],"inLanguage":"it-IT"},{"@type":"Organization","@id":"https:\/\/talkpal.ai\/it\/#organization","name":"Talkpal, Inc.","alternateName":"Talkpal AI","url":"https:\/\/talkpal.ai\/it\/","logo":{"@type":"ImageObject","inLanguage":"it-IT","@id":"https:\/\/talkpal.ai\/it\/#\/schema\/logo\/image\/","url":"https:\/\/talkpal.ai\/wp-content\/uploads\/2024\/03\/Talkpal-Logo-Icon.png","contentUrl":"https:\/\/talkpal.ai\/wp-content\/uploads\/2024\/03\/Talkpal-Logo-Icon.png","width":2880,"height":2880,"caption":"Talkpal, Inc."},"image":{"@id":"https:\/\/talkpal.ai\/it\/#\/schema\/logo\/image\/"},"sameAs":["https:\/\/www.facebook.com\/profile.php?id=100090733639311","https:\/\/x.com\/talkpalai","https:\/\/www.linkedin.com\/company\/talkpal\/","https:\/\/www.youtube.com\/@TalkPal\/","https:\/\/www.tiktok.com\/@talkpal","https:\/\/www.instagram.com\/talkpal_ai\/","https:\/\/www.crunchbase.com\/organization\/talkpal-9cde","https:\/\/www.g2.com\/products\/talkpal-for-business\/","https:\/\/www.trustpilot.com\/review\/talkpal.ai","https:\/\/www.capterra.com\/p\/10006800\/TalkPal\/"],"description":"Talkpal is a language learning web and mobile education app, powered by the latest AI technologies, that provides engaging experiences to its customers in many different languages to help them improve their language skills. Users can chat about unlimited amount of topics with the app and use other modes to practice their language learning.","email":"support@talkpal.ai","legalName":"Talkpal, Inc.","foundingDate":"2023-04-03","duns":"118989042","numberOfEmployees":{"@type":"QuantitativeValue","minValue":"11","maxValue":"50"},"publishingPrinciples":"https:\/\/talkpal.ai\/publishing-principles\/","actionableFeedbackPolicy":"https:\/\/talkpal.ai\/actionable-feedback-policy\/","correctionsPolicy":"https:\/\/talkpal.ai\/corrections-policy\/","ethicsPolicy":"https:\/\/talkpal.ai\/ethics-policy\/","diversityPolicy":"https:\/\/talkpal.ai\/diversity-policy\/","diversityStaffingReport":"https:\/\/talkpal.ai\/diversity-policy\/"}]}},"_links":{"self":[{"href":"https:\/\/talkpal.ai\/it\/wp-json\/wp\/v2\/pages\/1464616","targetHints":{"allow":["GET"]}}],"collection":[{"href":"https:\/\/talkpal.ai\/it\/wp-json\/wp\/v2\/pages"}],"about":[{"href":"https:\/\/talkpal.ai\/it\/wp-json\/wp\/v2\/types\/page"}],"author":[{"embeddable":true,"href":"https:\/\/talkpal.ai\/it\/wp-json\/wp\/v2\/users\/20"}],"replies":[{"embeddable":true,"href":"https:\/\/talkpal.ai\/it\/wp-json\/wp\/v2\/comments?post=1464616"}],"version-history":[{"count":0,"href":"https:\/\/talkpal.ai\/it\/wp-json\/wp\/v2\/pages\/1464616\/revisions"}],"wp:attachment":[{"href":"https:\/\/talkpal.ai\/it\/wp-json\/wp\/v2\/media?parent=1464616"}],"curies":[{"name":"wp","href":"https:\/\/api.w.org\/{rel}","templated":true}]}}