{"id":1464592,"date":"2025-11-12T15:41:46","date_gmt":"2025-11-12T15:41:46","guid":{"rendered":"https:\/\/talkpal.ai\/esercizi-di-grammatica-maltese\/"},"modified":"2025-12-30T13:40:50","modified_gmt":"2025-12-30T13:40:50","slug":"esercizi-di-grammatica-maltese","status":"publish","type":"page","link":"https:\/\/talkpal.ai\/it\/esercizi-di-grammatica-maltese\/","title":{"rendered":"Esercizi di grammatica maltese"},"content":{"rendered":"\r\n\r\n\r\n<section class=\"languageChallengeSection\">\r\n    <div class=\"languageInfoWrapper\">\r\n        \r\n        <h1>Esercizi di grammatica maltese<\/h1>\r\n        <p>Pronto a tuffarti nella <a href=\"https:\/\/talkpal.ai\/maltese-grammar\/\">grammatica maltese<\/a>? Fare pratica con alcune nozioni di base ti aiuter\u00e0 a prendere confidenza con questa lingua unica e bellissima. Prova questi esercizi per aumentare la tua sicurezza e divertirti un po&#039;!<\/p>\r\n\r\n                            <a class=\"getStartedHidden\" href=\"https:\/\/app.talkpal.ai\/it\/signup?lng=\">Comincia<\/a>\r\n        \r\n    <\/div>\r\n\r\n    <figure>\r\n    <img decoding=\"async\" width=\"768\" height=\"768\" src=\"https:\/\/talkpal.ai\/wp-content\/uploads\/2023\/06\/welsh-768x768.png\" class=\"languageImage no-lazy\" alt=\"Default alt text\" fetchpriority=\"high\" sizes=\"(max-width: 768px) 150px, 768px\" srcset=\"https:\/\/talkpal.ai\/wp-content\/uploads\/2023\/06\/welsh-768x768.png 768w, https:\/\/talkpal.ai\/wp-content\/uploads\/2023\/06\/welsh-300x300.png 300w\" \/>\r\n    \r\n\r\n    <\/figure>\r\n\r\n            <a class=\"getStartedVisible\" href=\"https:\/\/app.talkpal.ai\/it\/signup?lng=\">Comincia<\/a>\r\n    \r\n<\/section><section class=\"promotionalBanner\">\r\n    <p class=\"promotionalText\">Il modo pi\u00f9 efficace per imparare una lingua<\/p>\r\n    <a class=\"promotionalLink\" href=\"https:\/\/app.talkpal.ai\/it\/signup?lng=\">Prova Talkpal gratuitamente<\/a>\r\n<\/section>\n<div class=\"wp-block-group pageContainerStyle\"><div class=\"wp-block-group__inner-container is-layout-constrained wp-block-group-is-layout-constrained\">\n<h2 class=\"wp-block-heading\" id=\"h-maltese-grammar-topics\">Argomenti di grammatica maltese<\/h2>\n\n\n\n<p><a href=\"https:\/\/talkpal.ai\/it\/i-piu-grandi-errori-da-evitare-quando-si-impara-una-nuova-lingua\/\">Imparare una nuova lingua<\/a> pu\u00f2 essere un&#8217;impresa impegnativa ma gratificante. Il <a href=\"https:\/\/talkpal.ai\/learn-maltese\/\">maltese<\/a>, una lingua semitica con una forte influenza romanza e <a href=\"https:\/\/talkpal.ai\/learn-english-with-ai\/\">inglese<\/a> parlata principalmente a <a href=\"https:\/\/talkpal.ai\/learn-maltese\/\">Malta<\/a>, non fa eccezione. Con le <a href=\"https:\/\/talkpal.ai\/locations\/language-courses-in-sue\/\">sue<\/a> caratteristiche e strutture uniche, <a href=\"https:\/\/talkpal.ai\/it\/talkpal-per-listruzione\/\">l&#8217;apprendimento del<\/a> maltese richiede un approccio sistematico alla comprensione della sua <a href=\"https:\/\/talkpal.ai\/grammar\/\">grammatica<\/a>. Questa guida delinea le aree chiave della <a href=\"https:\/\/talkpal.ai\/it\/grammatica-maltese\/\">grammatica maltese<\/a> in una sequenza logica per <a href=\"https:\/\/talkpal.ai\/it\/talkpal-per-listruzione\/\">l&#8217;apprendimento delle lingue<\/a>, partendo dalle basi come nomi e articoli, e progredendo verso aree pi\u00f9 complesse come i tempi e la costruzione delle frasi.<\/p>\n\n\n\n<h3 class=\"wp-block-heading\" id=\"h-1-nouns\">1. Sostantivi:<\/h3>\n\n\n\n<p>Inizia il tuo viaggio nella lingua maltese imparando i sostantivi. Ci\u00f2 include la comprensione delle diverse categorie di sostantivi, come i <a href=\"https:\/\/talkpal.ai\/it\/grammar\/nomi-comuni-e-propri-nella-grammatica-ebraica\/\">nomi comuni e propri<\/a>, nonch\u00e9 le loro forme plurali.<\/p>\n\n\n\n<h3 class=\"wp-block-heading\" id=\"h-2-articles\">2. Articoli:<\/h3>\n\n\n\n<p>Gli articoli in lingua maltese sono usati in modo diverso rispetto <a href=\"https:\/\/talkpal.ai\/it\/pratica-di-lingua-inglese-ai\/\">all&#8217;inglese<\/a>. Capire come usare correttamente l&#8217;articolo determinativo, compresa la sua assimilazione e la mancanza di un articolo indeterminativo, \u00e8 fondamentale nella costruzione della frase.<\/p>\n\n\n\n<h3 class=\"wp-block-heading\" id=\"h-3-adjectives\">3. Aggettivi:<\/h3>\n\n\n\n<p>Gli aggettivi in maltese seguono i loro sostantivi, che \u00e8 diverso dall&#8217;inglese. Dovrai anche imparare i modelli di accordo e come formare comparativi e superlativi con aktar o iktar e forme fisse come a\u0127jar.<\/p>\n\n\n\n<h3 class=\"wp-block-heading\" id=\"h-4-pronouns-determiners\">4. Pronomi\/Determinanti:<\/h3>\n\n\n\n<p>I pronomi e i determinanti sono essenziali in maltese; Sostituiscono i sostantivi e forniscono informazioni sulla quantit\u00e0, il possesso e altro ancora. Il loro uso corretto include forme indipendenti, clitici oggettuali, possessivi basati su ta&#8217; e desinenze pronominali su <a href=\"https:\/\/talkpal.ai\/zh-hans\/grammar_exercises\/preposizioni-%e6%84%8f%e5%a4%a7%e5%88%a9%e8%af%ad%e6%b3%95%e7%bb%83%e4%b9%a0\/\">preposizioni<\/a>.<\/p>\n\n\n\n<h3 class=\"wp-block-heading\" id=\"h-5-verbs\">5. Verbi:<\/h3>\n\n\n\n<p>I verbi maltesi hanno forme diverse a seconda del tempo, dell&#8217;aspetto, dell&#8217;umore e della voce. Inizia con l&#8217;imperfetto per il significato <a href=\"https:\/\/talkpal.ai\/zh-hans\/grammar_exercises\/presente-%e8%a5%bf%e7%8f%ad%e7%89%99%e8%af%ad%e6%b3%95%e7%bb%83%e4%b9%a0\/\">presente<\/a> e il marcatore futuro se, quindi esplora il perfetto per il passato e l&#8217;imperativo.<\/p>\n\n\n\n<h3 class=\"wp-block-heading\" id=\"h-6-tenses\">6. Tempi verbali:<\/h3>\n\n\n\n<p>Dopo aver padroneggiato le forme verbali, approfondisci i tempi e gli aspetti maltesi. Ci\u00f2 include la comprensione delle differenze tra il perfetto e l&#8217;imperfetto, come viene segnato il futuro e come vengono utilizzati in contesti diversi.<\/p>\n\n\n\n<h3 class=\"wp-block-heading\" id=\"h-7-tense-comparison\">7. Confronto teso:<\/h3>\n\n\n\n<p>Confrontare i tempi verbali in maltese aiuta a capire la sequenza degli eventi. Confrontare lo stesso verbo al perfetto, all&#8217;imperfetto e al futuro fornir\u00e0 una migliore comprensione della lingua maltese.<\/p>\n\n\n\n<h3 class=\"wp-block-heading\" id=\"h-8-progressive\">8. Progressivo:<\/h3>\n\n\n\n<p>Il progressista in maltese \u00e8 usato per esprimere azioni in corso. Si forma usando qed seguito dall&#8217;imperfetto.<\/p>\n\n\n\n<h3 class=\"wp-block-heading\" id=\"h-9-perfect-progressive\">9. Progressivo perfetto:<\/h3>\n\n\n\n<p>Questo tempo verbale \u00e8 usato per esprimere azioni che sono state in corso fino a un determinato punto. In maltese, \u00e8 comunemente espresso con ilni o ilna pi\u00f9 una durata e qed con l&#8217;imperfetto.<\/p>\n\n\n\n<h3 class=\"wp-block-heading\" id=\"h-10-conditionals\">10. Condizionali:<\/h3>\n\n\n\n<p>I condizionali esprimono situazioni ipotetiche e i loro possibili esiti. Sono una parte importante della grammatica maltese e spesso usano jekk per if e kieku per controfattuali.<\/p>\n\n\n\n<h3 class=\"wp-block-heading\" id=\"h-11-adverbs\">11. Avverbi:<\/h3>\n\n\n\n<p>Gli avverbi in maltese modificano verbi, aggettivi o altri avverbi. Forniscono informazioni su modo, luogo, ora, grado e altro ancora.<\/p>\n\n\n\n<h3 class=\"wp-block-heading\" id=\"h-12-prepositions\">12. Preposizioni:<\/h3>\n\n\n\n<p>Le preposizioni collegano tra loro parole e frasi. Esprimono relazioni di tempo, luogo, direzione e altro ancora, e in maltese prendono desinenze pronominali e spesso si contraggono con l&#8217;articolo determinativo.<\/p>\n\n\n\n<h3 class=\"wp-block-heading\" id=\"h-13-sentences\">13. Frasi:<\/h3>\n\n\n\n<p>Infine, esercitati a costruire frasi. Ci\u00f2 comporter\u00e0 l&#8217;utilizzo di tutti i punti grammaticali precedentemente appresi nel contesto, garantendo cos\u00ec una comprensione completa della lingua maltese.<\/p>\n<\/div><\/div>\n\r\n<section class=\"learnNavigationSection\">\r\n            \r\n        <a href=\"https:\/\/talkpal.ai\/it\/impara-il-maltese\/\">\r\n            <div class=\"learnNavigationWrapper\">\r\n                <div class=\"learnNavigationContent\">\r\n                    <img decoding=\"async\" src=\"https:\/\/talkpal.ai\/wp-content\/uploads\/2025\/11\/Maltese.png\" alt=\"Maltese Flag\">\r\n                    <div>\r\n                        <h4>Informazioni su Maltese Learning<\/h4>\r\n                        <p>Scopri tutto sulla grammatica maltese.<\/p>\r\n                    <\/div>\r\n                <\/div>\r\n            <\/div>\r\n        <\/a>\r\n\r\n        \r\n        <a href=\"https:\/\/talkpal.ai\/it\/grammatica-maltese\/\">\r\n            <div class=\"learnNavigationWrapper\">\r\n                <div class=\"learnNavigationContent\">\r\n                    <img decoding=\"async\" src=\"https:\/\/talkpal.ai\/wp-content\/uploads\/2025\/11\/Maltese.png\" alt=\"Maltese Flag\">\r\n                    <div>\r\n                        <h4>Lezioni di grammatica maltese<\/h4>\r\n                        <p>Pratica la grammatica maltese.<\/p>\r\n                    <\/div>\r\n                <\/div>\r\n            <\/div>\r\n        <\/a>\r\n\r\n            <\/section>","protected":false},"excerpt":{"rendered":"<p>Argomenti di grammatica maltese Imparare una nuova lingua pu\u00f2 essere un&#8217;impresa impegnativa ma gratificante. Il maltese, una lingua semitica con una forte influenza romanza e inglese parlata principalmente a Malta, non fa eccezione. Con le sue caratteristiche e strutture uniche, l&#8217;apprendimento del maltese richiede un approccio sistematico alla comprensione della sua grammatica. Questa guida delinea [&hellip;]<\/p>\n","protected":false},"author":20,"featured_media":0,"parent":0,"menu_order":0,"comment_status":"closed","ping_status":"closed","template":"LearningContentPage.php","meta":{"_acf_changed":false,"footnotes":""},"class_list":["post-1464592","page","type-page","status-publish","hentry"],"acf":[],"yoast_head":"<!-- This site is optimized with the Yoast SEO Premium plugin v27.2 (Yoast SEO v27.2) - https:\/\/yoast.com\/product\/yoast-seo-premium-wordpress\/ -->\n<title>Esercizi di grammatica maltese - Talkpal<\/title>\n<meta name=\"description\" content=\"Impara la grammatica maltese con esercizi strutturati su nomi, verbi e tempi per acquisire sicurezza e scioltezza.\" \/>\n<meta name=\"robots\" content=\"index, follow, max-snippet:-1, max-image-preview:large, max-video-preview:-1\" \/>\n<link rel=\"canonical\" href=\"https:\/\/talkpal.ai\/it\/esercizi-di-grammatica-maltese\/\" \/>\n<meta property=\"og:locale\" content=\"it_IT\" \/>\n<meta property=\"og:type\" content=\"article\" \/>\n<meta property=\"og:title\" content=\"Esercizi di grammatica maltese\" \/>\n<meta property=\"og:description\" content=\"Argomenti di grammatica maltese Imparare una nuova lingua pu\u00f2 essere un&#039;impresa impegnativa ma gratificante. Il maltese, una lingua semitica con una forte\" \/>\n<meta property=\"og:url\" content=\"https:\/\/talkpal.ai\/it\/esercizi-di-grammatica-maltese\/\" \/>\n<meta property=\"og:site_name\" content=\"Talkpal\" \/>\n<meta property=\"article:publisher\" content=\"https:\/\/www.facebook.com\/profile.php?id=100090733639311\" \/>\n<meta property=\"article:modified_time\" content=\"2025-12-30T13:40:50+00:00\" \/>\n<meta property=\"og:image\" content=\"https:\/\/talkpal.ai\/wp-content\/uploads\/2025\/02\/Progress-tab-16_9.png\" \/>\n\t<meta property=\"og:image:width\" content=\"2880\" \/>\n\t<meta property=\"og:image:height\" content=\"1620\" \/>\n\t<meta property=\"og:image:type\" content=\"image\/png\" \/>\n<meta name=\"twitter:card\" content=\"summary_large_image\" \/>\n<meta name=\"twitter:site\" content=\"@talkpalai\" \/>\n<meta name=\"twitter:label1\" content=\"Tempo di lettura stimato\" \/>\n\t<meta name=\"twitter:data1\" content=\"2 minuti\" \/>\n<script type=\"application\/ld+json\" class=\"yoast-schema-graph\">{\"@context\":\"https:\/\/schema.org\",\"@graph\":[{\"@type\":\"WebPage\",\"@id\":\"https:\/\/talkpal.ai\/it\/esercizi-di-grammatica-maltese\/\",\"url\":\"https:\/\/talkpal.ai\/it\/esercizi-di-grammatica-maltese\/\",\"name\":\"Esercizi di grammatica maltese - Talkpal\",\"isPartOf\":{\"@id\":\"https:\/\/talkpal.ai\/it\/#website\"},\"datePublished\":\"2025-11-12T15:41:46+00:00\",\"dateModified\":\"2025-12-30T13:40:50+00:00\",\"description\":\"Impara la grammatica maltese con esercizi strutturati su nomi, verbi e tempi per acquisire sicurezza e scioltezza.\",\"breadcrumb\":{\"@id\":\"https:\/\/talkpal.ai\/it\/esercizi-di-grammatica-maltese\/#breadcrumb\"},\"inLanguage\":\"it-IT\",\"potentialAction\":[{\"@type\":\"ReadAction\",\"target\":[\"https:\/\/talkpal.ai\/it\/esercizi-di-grammatica-maltese\/\"]}]},{\"@type\":\"BreadcrumbList\",\"@id\":\"https:\/\/talkpal.ai\/it\/esercizi-di-grammatica-maltese\/#breadcrumb\",\"itemListElement\":[{\"@type\":\"ListItem\",\"position\":1,\"name\":\"Homepage\",\"item\":\"https:\/\/talkpal.ai\/it\/\"},{\"@type\":\"ListItem\",\"position\":2,\"name\":\"Esercizi di grammatica maltese\"}]},{\"@type\":\"WebSite\",\"@id\":\"https:\/\/talkpal.ai\/it\/#website\",\"url\":\"https:\/\/talkpal.ai\/it\/\",\"name\":\"Talkpal\",\"description\":\"AI Language Learning\",\"publisher\":{\"@id\":\"https:\/\/talkpal.ai\/it\/#organization\"},\"alternateName\":\"Talkpal AI\",\"potentialAction\":[{\"@type\":\"SearchAction\",\"target\":{\"@type\":\"EntryPoint\",\"urlTemplate\":\"https:\/\/talkpal.ai\/it\/?s={search_term_string}\"},\"query-input\":{\"@type\":\"PropertyValueSpecification\",\"valueRequired\":true,\"valueName\":\"search_term_string\"}}],\"inLanguage\":\"it-IT\"},{\"@type\":\"Organization\",\"@id\":\"https:\/\/talkpal.ai\/it\/#organization\",\"name\":\"Talkpal, Inc.\",\"alternateName\":\"Talkpal AI\",\"url\":\"https:\/\/talkpal.ai\/it\/\",\"logo\":{\"@type\":\"ImageObject\",\"inLanguage\":\"it-IT\",\"@id\":\"https:\/\/talkpal.ai\/it\/#\/schema\/logo\/image\/\",\"url\":\"https:\/\/talkpal.ai\/wp-content\/uploads\/2024\/03\/Talkpal-Logo-Icon.png\",\"contentUrl\":\"https:\/\/talkpal.ai\/wp-content\/uploads\/2024\/03\/Talkpal-Logo-Icon.png\",\"width\":2880,\"height\":2880,\"caption\":\"Talkpal, Inc.\"},\"image\":{\"@id\":\"https:\/\/talkpal.ai\/it\/#\/schema\/logo\/image\/\"},\"sameAs\":[\"https:\/\/www.facebook.com\/profile.php?id=100090733639311\",\"https:\/\/x.com\/talkpalai\",\"https:\/\/www.linkedin.com\/company\/talkpal\/\",\"https:\/\/www.youtube.com\/@TalkPal\/\",\"https:\/\/www.tiktok.com\/@talkpal\",\"https:\/\/www.instagram.com\/talkpal_ai\/\",\"https:\/\/www.crunchbase.com\/organization\/talkpal-9cde\",\"https:\/\/www.g2.com\/products\/talkpal-for-business\/\",\"https:\/\/www.trustpilot.com\/review\/talkpal.ai\",\"https:\/\/www.capterra.com\/p\/10006800\/TalkPal\/\"],\"description\":\"Talkpal is a language learning web and mobile education app, powered by the latest AI technologies, that provides engaging experiences to its customers in many different languages to help them improve their language skills. Users can chat about unlimited amount of topics with the app and use other modes to practice their language learning.\",\"email\":\"support@talkpal.ai\",\"legalName\":\"Talkpal, Inc.\",\"foundingDate\":\"2023-04-03\",\"duns\":\"118989042\",\"numberOfEmployees\":{\"@type\":\"QuantitativeValue\",\"minValue\":\"11\",\"maxValue\":\"50\"},\"publishingPrinciples\":\"https:\/\/talkpal.ai\/publishing-principles\/\",\"actionableFeedbackPolicy\":\"https:\/\/talkpal.ai\/actionable-feedback-policy\/\",\"correctionsPolicy\":\"https:\/\/talkpal.ai\/corrections-policy\/\",\"ethicsPolicy\":\"https:\/\/talkpal.ai\/ethics-policy\/\",\"diversityPolicy\":\"https:\/\/talkpal.ai\/diversity-policy\/\",\"diversityStaffingReport\":\"https:\/\/talkpal.ai\/diversity-policy\/\"}]}<\/script>\n<!-- \/ Yoast SEO Premium plugin. -->","yoast_head_json":{"title":"Esercizi di grammatica maltese - Talkpal","description":"Impara la grammatica maltese con esercizi strutturati su nomi, verbi e tempi per acquisire sicurezza e scioltezza.","robots":{"index":"index","follow":"follow","max-snippet":"max-snippet:-1","max-image-preview":"max-image-preview:large","max-video-preview":"max-video-preview:-1"},"canonical":"https:\/\/talkpal.ai\/it\/esercizi-di-grammatica-maltese\/","og_locale":"it_IT","og_type":"article","og_title":"Esercizi di grammatica maltese","og_description":"Argomenti di grammatica maltese Imparare una nuova lingua pu\u00f2 essere un'impresa impegnativa ma gratificante. Il maltese, una lingua semitica con una forte","og_url":"https:\/\/talkpal.ai\/it\/esercizi-di-grammatica-maltese\/","og_site_name":"Talkpal","article_publisher":"https:\/\/www.facebook.com\/profile.php?id=100090733639311","article_modified_time":"2025-12-30T13:40:50+00:00","og_image":[{"width":2880,"height":1620,"url":"https:\/\/talkpal.ai\/wp-content\/uploads\/2025\/02\/Progress-tab-16_9.png","type":"image\/png"}],"twitter_card":"summary_large_image","twitter_site":"@talkpalai","twitter_misc":{"Tempo di lettura stimato":"2 minuti"},"schema":{"@context":"https:\/\/schema.org","@graph":[{"@type":"WebPage","@id":"https:\/\/talkpal.ai\/it\/esercizi-di-grammatica-maltese\/","url":"https:\/\/talkpal.ai\/it\/esercizi-di-grammatica-maltese\/","name":"Esercizi di grammatica maltese - Talkpal","isPartOf":{"@id":"https:\/\/talkpal.ai\/it\/#website"},"datePublished":"2025-11-12T15:41:46+00:00","dateModified":"2025-12-30T13:40:50+00:00","description":"Impara la grammatica maltese con esercizi strutturati su nomi, verbi e tempi per acquisire sicurezza e scioltezza.","breadcrumb":{"@id":"https:\/\/talkpal.ai\/it\/esercizi-di-grammatica-maltese\/#breadcrumb"},"inLanguage":"it-IT","potentialAction":[{"@type":"ReadAction","target":["https:\/\/talkpal.ai\/it\/esercizi-di-grammatica-maltese\/"]}]},{"@type":"BreadcrumbList","@id":"https:\/\/talkpal.ai\/it\/esercizi-di-grammatica-maltese\/#breadcrumb","itemListElement":[{"@type":"ListItem","position":1,"name":"Homepage","item":"https:\/\/talkpal.ai\/it\/"},{"@type":"ListItem","position":2,"name":"Esercizi di grammatica maltese"}]},{"@type":"WebSite","@id":"https:\/\/talkpal.ai\/it\/#website","url":"https:\/\/talkpal.ai\/it\/","name":"Talkpal","description":"AI Language Learning","publisher":{"@id":"https:\/\/talkpal.ai\/it\/#organization"},"alternateName":"Talkpal AI","potentialAction":[{"@type":"SearchAction","target":{"@type":"EntryPoint","urlTemplate":"https:\/\/talkpal.ai\/it\/?s={search_term_string}"},"query-input":{"@type":"PropertyValueSpecification","valueRequired":true,"valueName":"search_term_string"}}],"inLanguage":"it-IT"},{"@type":"Organization","@id":"https:\/\/talkpal.ai\/it\/#organization","name":"Talkpal, Inc.","alternateName":"Talkpal AI","url":"https:\/\/talkpal.ai\/it\/","logo":{"@type":"ImageObject","inLanguage":"it-IT","@id":"https:\/\/talkpal.ai\/it\/#\/schema\/logo\/image\/","url":"https:\/\/talkpal.ai\/wp-content\/uploads\/2024\/03\/Talkpal-Logo-Icon.png","contentUrl":"https:\/\/talkpal.ai\/wp-content\/uploads\/2024\/03\/Talkpal-Logo-Icon.png","width":2880,"height":2880,"caption":"Talkpal, Inc."},"image":{"@id":"https:\/\/talkpal.ai\/it\/#\/schema\/logo\/image\/"},"sameAs":["https:\/\/www.facebook.com\/profile.php?id=100090733639311","https:\/\/x.com\/talkpalai","https:\/\/www.linkedin.com\/company\/talkpal\/","https:\/\/www.youtube.com\/@TalkPal\/","https:\/\/www.tiktok.com\/@talkpal","https:\/\/www.instagram.com\/talkpal_ai\/","https:\/\/www.crunchbase.com\/organization\/talkpal-9cde","https:\/\/www.g2.com\/products\/talkpal-for-business\/","https:\/\/www.trustpilot.com\/review\/talkpal.ai","https:\/\/www.capterra.com\/p\/10006800\/TalkPal\/"],"description":"Talkpal is a language learning web and mobile education app, powered by the latest AI technologies, that provides engaging experiences to its customers in many different languages to help them improve their language skills. Users can chat about unlimited amount of topics with the app and use other modes to practice their language learning.","email":"support@talkpal.ai","legalName":"Talkpal, Inc.","foundingDate":"2023-04-03","duns":"118989042","numberOfEmployees":{"@type":"QuantitativeValue","minValue":"11","maxValue":"50"},"publishingPrinciples":"https:\/\/talkpal.ai\/publishing-principles\/","actionableFeedbackPolicy":"https:\/\/talkpal.ai\/actionable-feedback-policy\/","correctionsPolicy":"https:\/\/talkpal.ai\/corrections-policy\/","ethicsPolicy":"https:\/\/talkpal.ai\/ethics-policy\/","diversityPolicy":"https:\/\/talkpal.ai\/diversity-policy\/","diversityStaffingReport":"https:\/\/talkpal.ai\/diversity-policy\/"}]}},"_links":{"self":[{"href":"https:\/\/talkpal.ai\/it\/wp-json\/wp\/v2\/pages\/1464592","targetHints":{"allow":["GET"]}}],"collection":[{"href":"https:\/\/talkpal.ai\/it\/wp-json\/wp\/v2\/pages"}],"about":[{"href":"https:\/\/talkpal.ai\/it\/wp-json\/wp\/v2\/types\/page"}],"author":[{"embeddable":true,"href":"https:\/\/talkpal.ai\/it\/wp-json\/wp\/v2\/users\/20"}],"replies":[{"embeddable":true,"href":"https:\/\/talkpal.ai\/it\/wp-json\/wp\/v2\/comments?post=1464592"}],"version-history":[{"count":0,"href":"https:\/\/talkpal.ai\/it\/wp-json\/wp\/v2\/pages\/1464592\/revisions"}],"wp:attachment":[{"href":"https:\/\/talkpal.ai\/it\/wp-json\/wp\/v2\/media?parent=1464592"}],"curies":[{"name":"wp","href":"https:\/\/api.w.org\/{rel}","templated":true}]}}