{"id":1463505,"date":"2025-11-12T10:09:38","date_gmt":"2025-11-12T10:09:38","guid":{"rendered":"https:\/\/talkpal.ai\/grammatica-giavanese\/"},"modified":"2025-12-30T15:02:31","modified_gmt":"2025-12-30T15:02:31","slug":"grammatica-giavanese","status":"publish","type":"page","link":"https:\/\/talkpal.ai\/it\/grammatica-giavanese\/","title":{"rendered":"Grammatica giavanese"},"content":{"rendered":"\r\n\r\n\r\n<section class=\"languageChallengeSection\">\r\n    <div class=\"languageInfoWrapper\">\r\n        \r\n        <h1>Grammatica giavanese<\/h1>\r\n        <p>La <a href=\"https:\/\/talkpal.ai\/grammar\/\">grammatica<\/a> giavanese pu\u00f2 sembrare impegnativa all&#039;inizio, ma le sue caratteristiche uniche rendono l&#039;apprendimento della lingua un&#039;esperienza gratificante. Esplorando il suo alfabeto, le mutazioni e le regole grammaticali, potrai conoscere una ricca tradizione linguistica. Inizia il tuo viaggio e scopri la bellezza del giavanese!<\/p>\r\n\r\n                            <a class=\"getStartedHidden\" href=\"https:\/\/app.talkpal.ai\/it\/signup?lng=\">Comincia<\/a>\r\n        \r\n    <\/div>\r\n\r\n    <figure>\r\n    <img decoding=\"async\" width=\"768\" height=\"768\" src=\"https:\/\/talkpal.ai\/wp-content\/uploads\/2023\/06\/welsh-768x768.png\" class=\"languageImage no-lazy\" alt=\"Default alt text\" fetchpriority=\"high\" sizes=\"(max-width: 768px) 150px, 768px\" srcset=\"https:\/\/talkpal.ai\/wp-content\/uploads\/2023\/06\/welsh-768x768.png 768w, https:\/\/talkpal.ai\/wp-content\/uploads\/2023\/06\/welsh-300x300.png 300w\" \/>\r\n    \r\n\r\n    <\/figure>\r\n\r\n            <a class=\"getStartedVisible\" href=\"https:\/\/app.talkpal.ai\/it\/signup?lng=\">Comincia<\/a>\r\n    \r\n<\/section><section class=\"promotionalBanner\">\r\n    <p class=\"promotionalText\">Il modo pi\u00f9 efficace per imparare una lingua<\/p>\r\n    <a class=\"promotionalLink\" href=\"https:\/\/app.talkpal.ai\/it\/signup?lng=\">Prova Talkpal gratuitamente<\/a>\r\n<\/section>\n<div class=\"wp-block-group pageContainerStyle\"><div class=\"wp-block-group__inner-container is-layout-constrained wp-block-group-is-layout-constrained\">\n<h2 class=\"wp-block-heading\" id=\"h-navigating-the-intricacies-of-javanese-grammar\">Navigare tra le complessit\u00e0 della grammatica giavanese<\/h2>\n\n\n\n<p><a href=\"https:\/\/talkpal.ai\/it\/impara-il-giavanese\/\">Il giavanese<\/a>, una lingua austronesiana con una ricca storia e significato culturale, offre un&#8217;esperienza linguistica emozionante per coloro che desiderano esplorare il suo sistema grammaticale unico. Avventurandoti nel regno del giavanese, non solo arricchirai il tuo repertorio linguistico, ma abbraccerai anche un affascinante viaggio culturale. Sebbene la grammatica giavanese possa sembrare complicata all&#8217;inizio, suddividerla in componenti fondamentali <a href=\"https:\/\/talkpal.ai\/locations\/language-courses-in-rende\/\">rende<\/a> l&#8217;apprendimento della lingua pi\u00f9 accessibile. In questo articolo, esploreremo l&#8217;affascinante mondo della grammatica giavanese e forniremo suggerimenti su come padroneggiarne le complessit\u00e0.<\/p>\n\n\n\n<h3 class=\"wp-block-heading\" id=\"h-1-javanese-alphabet-and-phonetics\">1. Alfabeto e fonetica giavanese<\/h3>\n\n\n\n<p>Il giavanese oggi \u00e8 comunemente scritto con l&#8217;alfabeto latino, sebbene abbia anche una scrittura <a href=\"https:\/\/talkpal.ai\/will-ai-kill-traditional-language-learning\/\">tradizionale<\/a> nota come Aksara Jawa o Hanacaraka. Per imparare la grammatica giavanese, \u00e8 fondamentale acquisire familiarit\u00e0 sia con l&#8217;ortografia moderna basata sul latino che, se lo si desidera, con la scrittura tradizionale. Le caratteristiche fonetiche chiave includono la distinzione tra e \/\u0259\/ e \u00e9 \/e\/, il nasale velare ng e il palatale <a href=\"https:\/\/talkpal.ai\/talkpal-new-years-discount\/\">ny<\/a>, e una glottidale che pu\u00f2 emergere in alcuni dialetti. Esercitarsi a leggere e scrivere in entrambi i sistemi costruir\u00e0 una solida base per la grammatica.<\/p>\n\n\n\n<h3 class=\"wp-block-heading\" id=\"h-2-nouns-and-pronouns-number-and-levels\">2. Sostantivi e pronomi: numero e livelli<\/h3>\n\n\n\n<p>Un aspetto sorprendente del giavanese \u00e8 il modo in cui alcuni prefissi innescano cambiamenti nella consonante iniziale di una parola. Il prefisso verbale nasale N- provoca alternanze come p che diventa m, t che diventa n, k che diventa ng e s che diventa ny. Capire quando e come si verificano queste alternanze \u00e8 fondamentale per una comunicazione accurata in giavanese. Gli esempi includono da pangan a mangan, da tulis a nulis, da gawe a nggawe e da sapu a nyapu.<\/p>\n\n\n\n<h3 class=\"wp-block-heading\" id=\"h-3-nouns-and-pronouns-gender-and-cases\">3. Sostantivi e pronomi: genere e casi<\/h3>\n\n\n\n<p>I sostantivi giavanesi non hanno genere grammaticale o caso. La pluralit\u00e0 \u00e8 spesso facoltativa e pu\u00f2 essere espressa da reduplicazioni o particelle per il rispetto e collettivit\u00e0, come bocah-bocah per i bambini e para per un <a href=\"https:\/\/talkpal.ai\/zh-hans\/grammar_exercises\/plurale-%e6%84%8f%e5%a4%a7%e5%88%a9%e8%af%ad%e6%b3%95%e7%bb%83%e4%b9%a0\/\">plurale<\/a> rispettoso di persone. I pronomi variano in base al livello del discorso, che \u00e8 fondamentale per il giavanese: forme ngoko come aku, kowe, dheweke e forme krama come <a href=\"https:\/\/talkpal.ai\/locations\/language-courses-in-kula\/\">kula<\/a>, panjenengan, piyambakipun. La possessione pu\u00f2 essere contrassegnata con enclitici come -ku, -mu e -e, e i dimostrativi includono iki this e iku that.<\/p>\n\n\n\n<h3 class=\"wp-block-heading\" id=\"h-4-verbs-structure-and-conjugation\">4. Verbi: struttura e coniugazione<\/h3>\n\n\n\n<p>I verbi giavanesi non si coniugano per persona o tempo. Invece, l&#8217;aspetto, l&#8217;umore e il tempo sono espressi attraverso particelle e ausiliari come wis gi\u00e0, durung non ancora, lagi in progress, arep o bakal per il <a href=\"https:\/\/talkpal.ai\/ja\/grammar_exercises\/futuro-%e3%82%b9%e3%83%9a%e3%82%a4%e3%83%b3%e8%aa%9e%e3%81%ae%e6%96%87%e6%b3%95%e3%81%ae%e6%bc%94%e7%bf%92\/\">futuro<\/a> o l&#8217;intenzione. La voce e la valenza sono trattate con la morfologia, incluso il prefisso nasale attivo N-, il passivo di- e, in contesti pi\u00f9 formali o letterari, ka-. Proclitici come tak- possono contrassegnare un agente in prima persona in alcuni stili. Padroneggiare questi schemi migliorer\u00e0 la tua capacit\u00e0 di comunicare efficacemente in giavanese.<\/p>\n\n\n\n<h3 class=\"wp-block-heading\" id=\"h-5-adjectives-agreement-and-placement\">5. Aggettivi: accordo e posizionamento<\/h3>\n\n\n\n<p>Nella grammatica giavanese, gli aggettivi in genere seguono il sostantivo che modificano e non concordano nel numero o nel genere. I significati comparativi e superlativi sono comunemente formati con luwih pi\u00f9 e impallidisce di pi\u00f9, spesso con saka che per marcare il confronto. La reduplicazione o gli intensificatori come il banget possono aggiungere sfumature.<\/p>\n\n\n\n<p><strong>Esempi:<\/strong><\/p>\n\n\n\n<p><strong>\u2013 Tresna Gedhe (Grande amore)<\/strong><\/p>\n\n\n\n<p><strong>\u2013 bocah-bocah cilik (bambini piccoli)<\/strong><\/p>\n\n\n\n<h3 class=\"wp-block-heading\" id=\"h-6-engaging-with-the-language\">6. Impegnarsi con la lingua<\/h3>\n\n\n\n<p>Il modo pi\u00f9 efficace per comprendere appieno e interiorizzare la grammatica giavanese \u00e8 quello di impegnarsi costantemente con la lingua. Leggendo la letteratura giavanese e i testi delle canzoni, guardando il wayang kulit o i media giavanesi contemporanei, ascoltando il tembang macapat e comunicando attivamente con madrelingua attraverso diversi registri, rafforzerai la tua comprensione della grammatica mentre amplierai il tuo vocabolario.<\/p>\n\n\n\n<h3 class=\"wp-block-heading\" id=\"h-conclusion\">Conclusione<\/h3>\n\n\n\n<p>Anche se la grammatica giavanese pu\u00f2 sembrare intricata, puoi diventare esperto in questa bellissima lingua con dedizione, pratica ed entusiasmo. Concentrandoti sulle regole fondamentali e impegnandoti con la lingua in diversi contesti, migliorerai rapidamente <a href=\"https:\/\/talkpal.ai\/it\/grammatica\/\">le tue abilit\u00e0 grammaticali<\/a> giavanesi. Muga-muga sukses (buona fortuna) con il tuo viaggio linguistico giavanese e divertiti a svelare il mondo enigmatico ma accattivante della grammatica giavanese!<\/p>\n<\/div><\/div>\n\r\n<section class=\"learnNavigationSection\">\r\n            \r\n        <a href=\"https:\/\/talkpal.ai\/it\/impara-il-giavanese\/\">\r\n            <div class=\"learnNavigationWrapper\">\r\n                <div class=\"learnNavigationContent\">\r\n                    <img decoding=\"async\" src=\"https:\/\/talkpal.ai\/wp-content\/uploads\/2025\/11\/Javanese.png\" alt=\"Indonesian Flag\">\r\n                    <div>\r\n                        <h4>Informazioni sull&#039;apprendimento giavanese<\/h4>\r\n                        <p>Scopri tutto sulla grammatica giavanese.<\/p>\r\n                    <\/div>\r\n                <\/div>\r\n            <\/div>\r\n        <\/a>\r\n\r\n        \r\n        <a href=\"https:\/\/talkpal.ai\/it\/esercizi-di-grammatica-giavanese\/\">\r\n            <div class=\"learnNavigationWrapper\">\r\n                <div class=\"learnNavigationContent\">\r\n                    <img decoding=\"async\" src=\"https:\/\/talkpal.ai\/wp-content\/uploads\/2025\/11\/Javanese.png\" alt=\"Indonesian Flag\">\r\n                    <div>\r\n                        <h4>Esercizio di grammatica giavanese<\/h4>\r\n                        <p>Pratica la grammatica giavanese.<\/p>\r\n                    <\/div>\r\n                <\/div>\r\n            <\/div>\r\n        <\/a>\r\n\r\n            <\/section>","protected":false},"excerpt":{"rendered":"<p>Navigare tra le complessit\u00e0 della grammatica giavanese Il giavanese, una lingua austronesiana con una ricca storia e significato culturale, offre un&#8217;esperienza linguistica emozionante per coloro che desiderano esplorare il suo sistema grammaticale unico. Avventurandoti nel regno del giavanese, non solo arricchirai il tuo repertorio linguistico, ma abbraccerai anche un affascinante viaggio culturale. Sebbene la grammatica [&hellip;]<\/p>\n","protected":false},"author":20,"featured_media":0,"parent":0,"menu_order":0,"comment_status":"closed","ping_status":"closed","template":"LearningContentPage.php","meta":{"_acf_changed":false,"footnotes":""},"class_list":["post-1463505","page","type-page","status-publish","hentry"],"acf":[],"yoast_head":"<!-- This site is optimized with the Yoast SEO Premium plugin v27.2 (Yoast SEO v27.2) - https:\/\/yoast.com\/product\/yoast-seo-premium-wordpress\/ -->\n<title>Grammatica giavanese - Talkpal<\/title>\n<meta name=\"description\" content=\"Impara velocemente le regole grammaticali e le strutture delle frasi in giavanese con la nostra guida completa pensata per un apprendimento efficace della lingua.\" \/>\n<meta name=\"robots\" content=\"index, follow, max-snippet:-1, max-image-preview:large, max-video-preview:-1\" \/>\n<link rel=\"canonical\" href=\"https:\/\/talkpal.ai\/it\/grammatica-giavanese\/\" \/>\n<meta property=\"og:locale\" content=\"it_IT\" \/>\n<meta property=\"og:type\" content=\"article\" \/>\n<meta property=\"og:title\" content=\"Grammatica giavanese\" \/>\n<meta property=\"og:description\" content=\"Navigare tra le complessit\u00e0 della grammatica giavanese Il giavanese, una lingua austronesiana con una ricca storia e significato culturale, offre\" \/>\n<meta property=\"og:url\" content=\"https:\/\/talkpal.ai\/it\/grammatica-giavanese\/\" \/>\n<meta property=\"og:site_name\" content=\"Talkpal\" \/>\n<meta property=\"article:publisher\" content=\"https:\/\/www.facebook.com\/profile.php?id=100090733639311\" \/>\n<meta property=\"article:modified_time\" content=\"2025-12-30T15:02:31+00:00\" \/>\n<meta property=\"og:image\" content=\"https:\/\/talkpal.ai\/wp-content\/uploads\/2025\/02\/Progress-tab-16_9.png\" \/>\n\t<meta property=\"og:image:width\" content=\"2880\" \/>\n\t<meta property=\"og:image:height\" content=\"1620\" \/>\n\t<meta property=\"og:image:type\" content=\"image\/png\" \/>\n<meta name=\"twitter:card\" content=\"summary_large_image\" \/>\n<meta name=\"twitter:site\" content=\"@talkpalai\" \/>\n<meta name=\"twitter:label1\" content=\"Tempo di lettura stimato\" \/>\n\t<meta name=\"twitter:data1\" content=\"3 minuti\" \/>\n<script type=\"application\/ld+json\" class=\"yoast-schema-graph\">{\"@context\":\"https:\/\/schema.org\",\"@graph\":[{\"@type\":\"WebPage\",\"@id\":\"https:\/\/talkpal.ai\/it\/grammatica-giavanese\/\",\"url\":\"https:\/\/talkpal.ai\/it\/grammatica-giavanese\/\",\"name\":\"Grammatica giavanese - Talkpal\",\"isPartOf\":{\"@id\":\"https:\/\/talkpal.ai\/it\/#website\"},\"datePublished\":\"2025-11-12T10:09:38+00:00\",\"dateModified\":\"2025-12-30T15:02:31+00:00\",\"description\":\"Impara velocemente le regole grammaticali e le strutture delle frasi in giavanese con la nostra guida completa pensata per un apprendimento efficace della lingua.\",\"breadcrumb\":{\"@id\":\"https:\/\/talkpal.ai\/it\/grammatica-giavanese\/#breadcrumb\"},\"inLanguage\":\"it-IT\",\"potentialAction\":[{\"@type\":\"ReadAction\",\"target\":[\"https:\/\/talkpal.ai\/it\/grammatica-giavanese\/\"]}]},{\"@type\":\"BreadcrumbList\",\"@id\":\"https:\/\/talkpal.ai\/it\/grammatica-giavanese\/#breadcrumb\",\"itemListElement\":[{\"@type\":\"ListItem\",\"position\":1,\"name\":\"Homepage\",\"item\":\"https:\/\/talkpal.ai\/it\/\"},{\"@type\":\"ListItem\",\"position\":2,\"name\":\"Grammatica giavanese\"}]},{\"@type\":\"WebSite\",\"@id\":\"https:\/\/talkpal.ai\/it\/#website\",\"url\":\"https:\/\/talkpal.ai\/it\/\",\"name\":\"Talkpal\",\"description\":\"AI Language Learning\",\"publisher\":{\"@id\":\"https:\/\/talkpal.ai\/it\/#organization\"},\"alternateName\":\"Talkpal AI\",\"potentialAction\":[{\"@type\":\"SearchAction\",\"target\":{\"@type\":\"EntryPoint\",\"urlTemplate\":\"https:\/\/talkpal.ai\/it\/?s={search_term_string}\"},\"query-input\":{\"@type\":\"PropertyValueSpecification\",\"valueRequired\":true,\"valueName\":\"search_term_string\"}}],\"inLanguage\":\"it-IT\"},{\"@type\":\"Organization\",\"@id\":\"https:\/\/talkpal.ai\/it\/#organization\",\"name\":\"Talkpal, Inc.\",\"alternateName\":\"Talkpal AI\",\"url\":\"https:\/\/talkpal.ai\/it\/\",\"logo\":{\"@type\":\"ImageObject\",\"inLanguage\":\"it-IT\",\"@id\":\"https:\/\/talkpal.ai\/it\/#\/schema\/logo\/image\/\",\"url\":\"https:\/\/talkpal.ai\/wp-content\/uploads\/2024\/03\/Talkpal-Logo-Icon.png\",\"contentUrl\":\"https:\/\/talkpal.ai\/wp-content\/uploads\/2024\/03\/Talkpal-Logo-Icon.png\",\"width\":2880,\"height\":2880,\"caption\":\"Talkpal, Inc.\"},\"image\":{\"@id\":\"https:\/\/talkpal.ai\/it\/#\/schema\/logo\/image\/\"},\"sameAs\":[\"https:\/\/www.facebook.com\/profile.php?id=100090733639311\",\"https:\/\/x.com\/talkpalai\",\"https:\/\/www.linkedin.com\/company\/talkpal\/\",\"https:\/\/www.youtube.com\/@TalkPal\/\",\"https:\/\/www.tiktok.com\/@talkpal\",\"https:\/\/www.instagram.com\/talkpal_ai\/\",\"https:\/\/www.crunchbase.com\/organization\/talkpal-9cde\",\"https:\/\/www.g2.com\/products\/talkpal-for-business\/\",\"https:\/\/www.trustpilot.com\/review\/talkpal.ai\",\"https:\/\/www.capterra.com\/p\/10006800\/TalkPal\/\"],\"description\":\"Talkpal is a language learning web and mobile education app, powered by the latest AI technologies, that provides engaging experiences to its customers in many different languages to help them improve their language skills. Users can chat about unlimited amount of topics with the app and use other modes to practice their language learning.\",\"email\":\"support@talkpal.ai\",\"legalName\":\"Talkpal, Inc.\",\"foundingDate\":\"2023-04-03\",\"duns\":\"118989042\",\"numberOfEmployees\":{\"@type\":\"QuantitativeValue\",\"minValue\":\"11\",\"maxValue\":\"50\"},\"publishingPrinciples\":\"https:\/\/talkpal.ai\/publishing-principles\/\",\"actionableFeedbackPolicy\":\"https:\/\/talkpal.ai\/actionable-feedback-policy\/\",\"correctionsPolicy\":\"https:\/\/talkpal.ai\/corrections-policy\/\",\"ethicsPolicy\":\"https:\/\/talkpal.ai\/ethics-policy\/\",\"diversityPolicy\":\"https:\/\/talkpal.ai\/diversity-policy\/\",\"diversityStaffingReport\":\"https:\/\/talkpal.ai\/diversity-policy\/\"}]}<\/script>\n<!-- \/ Yoast SEO Premium plugin. -->","yoast_head_json":{"title":"Grammatica giavanese - Talkpal","description":"Impara velocemente le regole grammaticali e le strutture delle frasi in giavanese con la nostra guida completa pensata per un apprendimento efficace della lingua.","robots":{"index":"index","follow":"follow","max-snippet":"max-snippet:-1","max-image-preview":"max-image-preview:large","max-video-preview":"max-video-preview:-1"},"canonical":"https:\/\/talkpal.ai\/it\/grammatica-giavanese\/","og_locale":"it_IT","og_type":"article","og_title":"Grammatica giavanese","og_description":"Navigare tra le complessit\u00e0 della grammatica giavanese Il giavanese, una lingua austronesiana con una ricca storia e significato culturale, offre","og_url":"https:\/\/talkpal.ai\/it\/grammatica-giavanese\/","og_site_name":"Talkpal","article_publisher":"https:\/\/www.facebook.com\/profile.php?id=100090733639311","article_modified_time":"2025-12-30T15:02:31+00:00","og_image":[{"width":2880,"height":1620,"url":"https:\/\/talkpal.ai\/wp-content\/uploads\/2025\/02\/Progress-tab-16_9.png","type":"image\/png"}],"twitter_card":"summary_large_image","twitter_site":"@talkpalai","twitter_misc":{"Tempo di lettura stimato":"3 minuti"},"schema":{"@context":"https:\/\/schema.org","@graph":[{"@type":"WebPage","@id":"https:\/\/talkpal.ai\/it\/grammatica-giavanese\/","url":"https:\/\/talkpal.ai\/it\/grammatica-giavanese\/","name":"Grammatica giavanese - Talkpal","isPartOf":{"@id":"https:\/\/talkpal.ai\/it\/#website"},"datePublished":"2025-11-12T10:09:38+00:00","dateModified":"2025-12-30T15:02:31+00:00","description":"Impara velocemente le regole grammaticali e le strutture delle frasi in giavanese con la nostra guida completa pensata per un apprendimento efficace della lingua.","breadcrumb":{"@id":"https:\/\/talkpal.ai\/it\/grammatica-giavanese\/#breadcrumb"},"inLanguage":"it-IT","potentialAction":[{"@type":"ReadAction","target":["https:\/\/talkpal.ai\/it\/grammatica-giavanese\/"]}]},{"@type":"BreadcrumbList","@id":"https:\/\/talkpal.ai\/it\/grammatica-giavanese\/#breadcrumb","itemListElement":[{"@type":"ListItem","position":1,"name":"Homepage","item":"https:\/\/talkpal.ai\/it\/"},{"@type":"ListItem","position":2,"name":"Grammatica giavanese"}]},{"@type":"WebSite","@id":"https:\/\/talkpal.ai\/it\/#website","url":"https:\/\/talkpal.ai\/it\/","name":"Talkpal","description":"AI Language Learning","publisher":{"@id":"https:\/\/talkpal.ai\/it\/#organization"},"alternateName":"Talkpal AI","potentialAction":[{"@type":"SearchAction","target":{"@type":"EntryPoint","urlTemplate":"https:\/\/talkpal.ai\/it\/?s={search_term_string}"},"query-input":{"@type":"PropertyValueSpecification","valueRequired":true,"valueName":"search_term_string"}}],"inLanguage":"it-IT"},{"@type":"Organization","@id":"https:\/\/talkpal.ai\/it\/#organization","name":"Talkpal, Inc.","alternateName":"Talkpal AI","url":"https:\/\/talkpal.ai\/it\/","logo":{"@type":"ImageObject","inLanguage":"it-IT","@id":"https:\/\/talkpal.ai\/it\/#\/schema\/logo\/image\/","url":"https:\/\/talkpal.ai\/wp-content\/uploads\/2024\/03\/Talkpal-Logo-Icon.png","contentUrl":"https:\/\/talkpal.ai\/wp-content\/uploads\/2024\/03\/Talkpal-Logo-Icon.png","width":2880,"height":2880,"caption":"Talkpal, Inc."},"image":{"@id":"https:\/\/talkpal.ai\/it\/#\/schema\/logo\/image\/"},"sameAs":["https:\/\/www.facebook.com\/profile.php?id=100090733639311","https:\/\/x.com\/talkpalai","https:\/\/www.linkedin.com\/company\/talkpal\/","https:\/\/www.youtube.com\/@TalkPal\/","https:\/\/www.tiktok.com\/@talkpal","https:\/\/www.instagram.com\/talkpal_ai\/","https:\/\/www.crunchbase.com\/organization\/talkpal-9cde","https:\/\/www.g2.com\/products\/talkpal-for-business\/","https:\/\/www.trustpilot.com\/review\/talkpal.ai","https:\/\/www.capterra.com\/p\/10006800\/TalkPal\/"],"description":"Talkpal is a language learning web and mobile education app, powered by the latest AI technologies, that provides engaging experiences to its customers in many different languages to help them improve their language skills. Users can chat about unlimited amount of topics with the app and use other modes to practice their language learning.","email":"support@talkpal.ai","legalName":"Talkpal, Inc.","foundingDate":"2023-04-03","duns":"118989042","numberOfEmployees":{"@type":"QuantitativeValue","minValue":"11","maxValue":"50"},"publishingPrinciples":"https:\/\/talkpal.ai\/publishing-principles\/","actionableFeedbackPolicy":"https:\/\/talkpal.ai\/actionable-feedback-policy\/","correctionsPolicy":"https:\/\/talkpal.ai\/corrections-policy\/","ethicsPolicy":"https:\/\/talkpal.ai\/ethics-policy\/","diversityPolicy":"https:\/\/talkpal.ai\/diversity-policy\/","diversityStaffingReport":"https:\/\/talkpal.ai\/diversity-policy\/"}]}},"_links":{"self":[{"href":"https:\/\/talkpal.ai\/it\/wp-json\/wp\/v2\/pages\/1463505","targetHints":{"allow":["GET"]}}],"collection":[{"href":"https:\/\/talkpal.ai\/it\/wp-json\/wp\/v2\/pages"}],"about":[{"href":"https:\/\/talkpal.ai\/it\/wp-json\/wp\/v2\/types\/page"}],"author":[{"embeddable":true,"href":"https:\/\/talkpal.ai\/it\/wp-json\/wp\/v2\/users\/20"}],"replies":[{"embeddable":true,"href":"https:\/\/talkpal.ai\/it\/wp-json\/wp\/v2\/comments?post=1463505"}],"version-history":[{"count":0,"href":"https:\/\/talkpal.ai\/it\/wp-json\/wp\/v2\/pages\/1463505\/revisions"}],"wp:attachment":[{"href":"https:\/\/talkpal.ai\/it\/wp-json\/wp\/v2\/media?parent=1463505"}],"curies":[{"name":"wp","href":"https:\/\/api.w.org\/{rel}","templated":true}]}}