{"id":1463485,"date":"2025-11-12T09:53:32","date_gmt":"2025-11-12T09:53:32","guid":{"rendered":"https:\/\/talkpal.ai\/grammatica-irlandese\/"},"modified":"2025-12-30T14:51:16","modified_gmt":"2025-12-30T14:51:16","slug":"grammatica-irlandese","status":"publish","type":"page","link":"https:\/\/talkpal.ai\/it\/grammatica-irlandese\/","title":{"rendered":"Grammatica irlandese"},"content":{"rendered":"\r\n\r\n\r\n<section class=\"languageChallengeSection\">\r\n    <div class=\"languageInfoWrapper\">\r\n        \r\n        <h1>Grammatica irlandese<\/h1>\r\n        <p>La <a href=\"https:\/\/talkpal.ai\/irish-grammar\/\">grammatica irlandese<\/a> pu\u00f2 sembrare impegnativa all&#039;inizio, ma le sue caratteristiche uniche rendono l&#039;apprendimento della lingua un&#039;esperienza gratificante. Esplorando il suo alfabeto, le mutazioni e le regole grammaticali, potrai conoscere una ricca tradizione linguistica. Inizia il tuo viaggio e scopri la bellezza dell&#039;Irlanda!<\/p>\r\n\r\n                            <a class=\"getStartedHidden\" href=\"https:\/\/app.talkpal.ai\/it\/signup?lng=\">Comincia<\/a>\r\n        \r\n    <\/div>\r\n\r\n    <figure>\r\n    <img decoding=\"async\" width=\"768\" height=\"768\" src=\"https:\/\/talkpal.ai\/wp-content\/uploads\/2023\/06\/welsh-768x768.png\" class=\"languageImage no-lazy\" alt=\"Default alt text\" fetchpriority=\"high\" sizes=\"(max-width: 768px) 150px, 768px\" srcset=\"https:\/\/talkpal.ai\/wp-content\/uploads\/2023\/06\/welsh-768x768.png 768w, https:\/\/talkpal.ai\/wp-content\/uploads\/2023\/06\/welsh-300x300.png 300w\" \/>\r\n    \r\n\r\n    <\/figure>\r\n\r\n            <a class=\"getStartedVisible\" href=\"https:\/\/app.talkpal.ai\/it\/signup?lng=\">Comincia<\/a>\r\n    \r\n<\/section><section class=\"promotionalBanner\">\r\n    <p class=\"promotionalText\">Il modo pi\u00f9 efficace per imparare una lingua<\/p>\r\n    <a class=\"promotionalLink\" href=\"https:\/\/app.talkpal.ai\/it\/signup?lng=\">Prova Talkpal gratuitamente<\/a>\r\n<\/section>\n<div class=\"wp-block-group pageContainerStyle\"><div class=\"wp-block-group__inner-container is-layout-constrained wp-block-group-is-layout-constrained\">\n<h2 class=\"wp-block-heading\" id=\"h-navigating-the-intricacies-of-irish-grammar\">Navigare tra le complessit\u00e0 della grammatica irlandese<\/h2>\n\n\n\n<p><a href=\"https:\/\/talkpal.ai\/it\/impara-lirlandese\/\">L&#8217;irlandese<\/a>, una lingua celtica goidelica con una ricca storia e significato culturale, offre un&#8217;esperienza linguistica emozionante per coloro che desiderano esplorare il suo sistema grammaticale unico. Avventurandoti nel regno dell&#8217;irlandese, non solo arricchirai il tuo repertorio linguistico, ma abbraccerai anche un affascinante viaggio culturale. Sebbene la <a href=\"https:\/\/talkpal.ai\/grammar\/\">grammatica<\/a> <a href=\"https:\/\/talkpal.ai\/learn-irish\/\">irlandese<\/a> possa sembrare complicata all&#8217;inizio, suddividerla in componenti fondamentali <a href=\"https:\/\/talkpal.ai\/locations\/language-courses-in-rende\/\">rende<\/a> l&#8217;apprendimento della lingua pi\u00f9 accessibile. In questo articolo, esploreremo l&#8217;affascinante mondo della grammatica irlandese e forniremo suggerimenti su come padroneggiarne le complessit\u00e0.<\/p>\n\n\n\n<h3 class=\"wp-block-heading\" id=\"h-1-irish-alphabet-and-phonetics\">1. Alfabeto e fonetica irlandese<\/h3>\n\n\n\n<p>L&#8217;alfabeto irlandese \u00e8 tradizionalmente composto da 18 lettere, con lettere aggiuntive che appaiono nei prestiti linguistici. L&#8217;irlandese <a href=\"https:\/\/talkpal.ai\/locations\/learn-english-in-usa\/\">usa<\/a> la fada per marcare le vocali lunghe e distingue le consonanti larghe e sottili in base alle vocali circostanti. Il sistema di scrittura impiega h per indicare la lenizione, creando digrammi come bh e mh. Per <a href=\"https:\/\/talkpal.ai\/grammar\/\">imparare la grammatica<\/a> irlandese, \u00e8 fondamentale familiarizzare con questo sistema di scrittura distintivo esercitandosi a leggere e scrivere in irlandese.<\/p>\n\n\n\n<h3 class=\"wp-block-heading\" id=\"h-2-mutations-a-peculiar-irish-feature\">2. Mutazioni: una caratteristica peculiare irlandese<\/h3>\n\n\n\n<p>Uno degli aspetti pi\u00f9 sorprendenti della grammatica irlandese \u00e8 la prevalenza di mutazioni iniziali. I due tipi principali sono la lenizione, che aggiunge h dopo certe consonanti, e l&#8217;eclisse, che prefissa una consonante a un&#8217;altra. L&#8217;irlandese usa anche la prefissazione t e la prefissazione h in contesti specifici. Capire quando si verificano queste mutazioni, ad esempio dopo certe <a href=\"https:\/\/talkpal.ai\/zh-hans\/grammar_exercises\/preposizioni-%e6%84%8f%e5%a4%a7%e5%88%a9%e8%af%ad%e6%b3%95%e7%bb%83%e4%b9%a0\/\">preposizioni<\/a>, possessivi, numeri e l&#8217;articolo determinativo, \u00e8 vitale per una comunicazione accurata in irlandese.<\/p>\n\n\n\n<h3 class=\"wp-block-heading\" id=\"h-3-nouns-and-pronouns-gender-and-cases\">3. Sostantivi e pronomi: genere e casi<\/h3>\n\n\n\n<p>I sostantivi irlandesi hanno un genere grammaticale, maschile o femminile, e formano plurali attraverso una variet\u00e0 di modelli. Anche il caso \u00e8 importante, con funzioni nominative, genitive, vocative e dative che appaiono in diversi contesti. I pronomi in irlandese includono pronomi personali, possessivi, enfatici, dimostrativi, interrogativi e preposizionali che si combinano con preposizioni semplici. Acquisire familiarit\u00e0 con questi pronomi e le loro forme migliorer\u00e0 significativamente la tua comprensione della grammatica irlandese.<\/p>\n\n\n\n<h3 class=\"wp-block-heading\" id=\"h-4-verbs-structure-and-conjugation\">4. Verbi: struttura e coniugazione<\/h3>\n\n\n\n<p>I verbi irlandesi seguono una struttura distintiva che include sia forme analitiche che sintetiche, con coniugazione che varia a seconda del tempo, del modo e della persona. I tempi essenziali sono presente, passato e futuro, con elementi aggiuntivi come i modi condizionali e imperativi, cos\u00ec come una forma autonoma impersonale. Particelle come an, n\u00ed, go e nach interagiscono con i verbi e innescano mutazioni. Il verbo b\u00ed e la copula svolgono un ruolo centrale, e il sostantivo verbale \u00e8 ampiamente usato per formare costruzioni progressive. Imparare il sistema verbale e i suoi verbi irregolari migliorer\u00e0 la tua capacit\u00e0 di comunicare efficacemente in irlandese.<\/p>\n\n\n\n<h3 class=\"wp-block-heading\" id=\"h-5-adjectives-agreement-and-placement\">5. Aggettivi: accordo e posizionamento<\/h3>\n\n\n\n<p>Nella grammatica irlandese, gli aggettivi in genere seguono il sostantivo che modificano e concordano nel genere, nel numero e nel caso. Gli aggettivi possono lenite dopo i sostantivi singolari femminili in certi contesti, e molti prendono desinenze plurali. I significati comparativi e superlativi si formano spesso con n\u00edos e is, e alcuni aggettivi mostrano forme comparative e superlative irregolari.<\/p>\n\n\n\n<p><strong>Esempi:<\/strong><\/p>\n\n\n\n<p><strong>\u2013 Gr\u00e1 m\u00f3r (Grande amore)<\/strong><\/p>\n\n\n\n<p><strong>\u2013 p\u00e1ist\u00ed beaga (bambini piccoli)<\/strong><\/p>\n\n\n\n<h3 class=\"wp-block-heading\" id=\"h-6-engaging-with-the-language\">6. Impegnarsi con la lingua<\/h3>\n\n\n\n<p>Il modo pi\u00f9 efficace per comprendere appieno e interiorizzare la grammatica irlandese \u00e8 impegnarsi costantemente con la lingua. Leggendo la letteratura irlandese, guardando film o serie televisive irlandesi e comunicando attivamente con madrelingua, rafforzerai la tua comprensione della grammatica ampliando il tuo vocabolario.<\/p>\n\n\n\n<h3 class=\"wp-block-heading\" id=\"h-conclusion\">Conclusione<\/h3>\n\n\n\n<p>Anche se la grammatica irlandese pu\u00f2 sembrare intricata, puoi diventare esperto in questa bellissima lingua con dedizione, pratica ed entusiasmo. Concentrandoti sulle regole fondamentali e impegnandoti con la lingua in diversi contesti, migliorerai rapidamente <a href=\"https:\/\/talkpal.ai\/it\/grammatica\/\">le tue abilit\u00e0 grammaticali<\/a> irlandesi. \u00c1dh m\u00f3r (buona fortuna) con il tuo viaggio nella lingua irlandese e divertiti a svelare l&#8217;enigmatico ma accattivante mondo della grammatica irlandese!<\/p>\n<\/div><\/div>\n\r\n<section class=\"learnNavigationSection\">\r\n            \r\n        <a href=\"https:\/\/talkpal.ai\/it\/impara-lirlandese\/\">\r\n            <div class=\"learnNavigationWrapper\">\r\n                <div class=\"learnNavigationContent\">\r\n                    <img decoding=\"async\" src=\"https:\/\/talkpal.ai\/wp-content\/uploads\/2025\/11\/Irish.png\" alt=\"Irish Flag\">\r\n                    <div>\r\n                        <h4>Informazioni sull&#039;apprendimento dell&#039;irlandese<\/h4>\r\n                        <p>Scopri tutto sulla grammatica irlandese.<\/p>\r\n                    <\/div>\r\n                <\/div>\r\n            <\/div>\r\n        <\/a>\r\n\r\n        \r\n        <a href=\"https:\/\/talkpal.ai\/it\/esercizi-di-grammatica-irlandese\/\">\r\n            <div class=\"learnNavigationWrapper\">\r\n                <div class=\"learnNavigationContent\">\r\n                    <img decoding=\"async\" src=\"https:\/\/talkpal.ai\/wp-content\/uploads\/2025\/11\/Irish.png\" alt=\"Irish Flag\">\r\n                    <div>\r\n                        <h4>Esercizio di grammatica irlandese<\/h4>\r\n                        <p>Pratica la grammatica irlandese.<\/p>\r\n                    <\/div>\r\n                <\/div>\r\n            <\/div>\r\n        <\/a>\r\n\r\n            <\/section>","protected":false},"excerpt":{"rendered":"<p>Navigare tra le complessit\u00e0 della grammatica irlandese L&#8217;irlandese, una lingua celtica goidelica con una ricca storia e significato culturale, offre un&#8217;esperienza linguistica emozionante per coloro che desiderano esplorare il suo sistema grammaticale unico. Avventurandoti nel regno dell&#8217;irlandese, non solo arricchirai il tuo repertorio linguistico, ma abbraccerai anche un affascinante viaggio culturale. Sebbene la grammatica irlandese [&hellip;]<\/p>\n","protected":false},"author":20,"featured_media":0,"parent":0,"menu_order":0,"comment_status":"closed","ping_status":"closed","template":"LearningContentPage.php","meta":{"_acf_changed":false,"footnotes":""},"class_list":["post-1463485","page","type-page","status-publish","hentry"],"acf":[],"yoast_head":"<!-- This site is optimized with the Yoast SEO Premium plugin v27.2 (Yoast SEO v27.2) - https:\/\/yoast.com\/product\/yoast-seo-premium-wordpress\/ -->\n<title>Grammatica irlandese - Talkpal<\/title>\n<meta name=\"description\" content=\"Impara a conoscere le regole grammaticali irlandesi senza sforzo con la nostra guida completa e gli strumenti interattivi di intelligenza artificiale progettati per una rapida fluidit\u00e0.\" \/>\n<meta name=\"robots\" content=\"index, follow, max-snippet:-1, max-image-preview:large, max-video-preview:-1\" \/>\n<link rel=\"canonical\" href=\"https:\/\/talkpal.ai\/it\/grammatica-irlandese\/\" \/>\n<meta property=\"og:locale\" content=\"it_IT\" \/>\n<meta property=\"og:type\" content=\"article\" \/>\n<meta property=\"og:title\" content=\"Grammatica irlandese\" \/>\n<meta property=\"og:description\" content=\"Navigare tra le complessit\u00e0 della grammatica irlandese L&#039;irlandese, una lingua celtica goidelica con una ricca storia e significato culturale, offre\" \/>\n<meta property=\"og:url\" content=\"https:\/\/talkpal.ai\/it\/grammatica-irlandese\/\" \/>\n<meta property=\"og:site_name\" content=\"Talkpal\" \/>\n<meta property=\"article:publisher\" content=\"https:\/\/www.facebook.com\/profile.php?id=100090733639311\" \/>\n<meta property=\"article:modified_time\" content=\"2025-12-30T14:51:16+00:00\" \/>\n<meta property=\"og:image\" content=\"https:\/\/talkpal.ai\/wp-content\/uploads\/2025\/02\/Progress-tab-16_9.png\" \/>\n\t<meta property=\"og:image:width\" content=\"2880\" \/>\n\t<meta property=\"og:image:height\" content=\"1620\" \/>\n\t<meta property=\"og:image:type\" content=\"image\/png\" \/>\n<meta name=\"twitter:card\" content=\"summary_large_image\" \/>\n<meta name=\"twitter:site\" content=\"@talkpalai\" \/>\n<meta name=\"twitter:label1\" content=\"Tempo di lettura stimato\" \/>\n\t<meta name=\"twitter:data1\" content=\"3 minuti\" \/>\n<script type=\"application\/ld+json\" class=\"yoast-schema-graph\">{\"@context\":\"https:\/\/schema.org\",\"@graph\":[{\"@type\":\"WebPage\",\"@id\":\"https:\/\/talkpal.ai\/it\/grammatica-irlandese\/\",\"url\":\"https:\/\/talkpal.ai\/it\/grammatica-irlandese\/\",\"name\":\"Grammatica irlandese - Talkpal\",\"isPartOf\":{\"@id\":\"https:\/\/talkpal.ai\/it\/#website\"},\"datePublished\":\"2025-11-12T09:53:32+00:00\",\"dateModified\":\"2025-12-30T14:51:16+00:00\",\"description\":\"Impara a conoscere le regole grammaticali irlandesi senza sforzo con la nostra guida completa e gli strumenti interattivi di intelligenza artificiale progettati per una rapida fluidit\u00e0.\",\"breadcrumb\":{\"@id\":\"https:\/\/talkpal.ai\/it\/grammatica-irlandese\/#breadcrumb\"},\"inLanguage\":\"it-IT\",\"potentialAction\":[{\"@type\":\"ReadAction\",\"target\":[\"https:\/\/talkpal.ai\/it\/grammatica-irlandese\/\"]}]},{\"@type\":\"BreadcrumbList\",\"@id\":\"https:\/\/talkpal.ai\/it\/grammatica-irlandese\/#breadcrumb\",\"itemListElement\":[{\"@type\":\"ListItem\",\"position\":1,\"name\":\"Homepage\",\"item\":\"https:\/\/talkpal.ai\/it\/\"},{\"@type\":\"ListItem\",\"position\":2,\"name\":\"Grammatica irlandese\"}]},{\"@type\":\"WebSite\",\"@id\":\"https:\/\/talkpal.ai\/it\/#website\",\"url\":\"https:\/\/talkpal.ai\/it\/\",\"name\":\"Talkpal\",\"description\":\"AI Language Learning\",\"publisher\":{\"@id\":\"https:\/\/talkpal.ai\/it\/#organization\"},\"alternateName\":\"Talkpal AI\",\"potentialAction\":[{\"@type\":\"SearchAction\",\"target\":{\"@type\":\"EntryPoint\",\"urlTemplate\":\"https:\/\/talkpal.ai\/it\/?s={search_term_string}\"},\"query-input\":{\"@type\":\"PropertyValueSpecification\",\"valueRequired\":true,\"valueName\":\"search_term_string\"}}],\"inLanguage\":\"it-IT\"},{\"@type\":\"Organization\",\"@id\":\"https:\/\/talkpal.ai\/it\/#organization\",\"name\":\"Talkpal, Inc.\",\"alternateName\":\"Talkpal AI\",\"url\":\"https:\/\/talkpal.ai\/it\/\",\"logo\":{\"@type\":\"ImageObject\",\"inLanguage\":\"it-IT\",\"@id\":\"https:\/\/talkpal.ai\/it\/#\/schema\/logo\/image\/\",\"url\":\"https:\/\/talkpal.ai\/wp-content\/uploads\/2024\/03\/Talkpal-Logo-Icon.png\",\"contentUrl\":\"https:\/\/talkpal.ai\/wp-content\/uploads\/2024\/03\/Talkpal-Logo-Icon.png\",\"width\":2880,\"height\":2880,\"caption\":\"Talkpal, Inc.\"},\"image\":{\"@id\":\"https:\/\/talkpal.ai\/it\/#\/schema\/logo\/image\/\"},\"sameAs\":[\"https:\/\/www.facebook.com\/profile.php?id=100090733639311\",\"https:\/\/x.com\/talkpalai\",\"https:\/\/www.linkedin.com\/company\/talkpal\/\",\"https:\/\/www.youtube.com\/@TalkPal\/\",\"https:\/\/www.tiktok.com\/@talkpal\",\"https:\/\/www.instagram.com\/talkpal_ai\/\",\"https:\/\/www.crunchbase.com\/organization\/talkpal-9cde\",\"https:\/\/www.g2.com\/products\/talkpal-for-business\/\",\"https:\/\/www.trustpilot.com\/review\/talkpal.ai\",\"https:\/\/www.capterra.com\/p\/10006800\/TalkPal\/\"],\"description\":\"Talkpal is a language learning web and mobile education app, powered by the latest AI technologies, that provides engaging experiences to its customers in many different languages to help them improve their language skills. Users can chat about unlimited amount of topics with the app and use other modes to practice their language learning.\",\"email\":\"support@talkpal.ai\",\"legalName\":\"Talkpal, Inc.\",\"foundingDate\":\"2023-04-03\",\"duns\":\"118989042\",\"numberOfEmployees\":{\"@type\":\"QuantitativeValue\",\"minValue\":\"11\",\"maxValue\":\"50\"},\"publishingPrinciples\":\"https:\/\/talkpal.ai\/publishing-principles\/\",\"actionableFeedbackPolicy\":\"https:\/\/talkpal.ai\/actionable-feedback-policy\/\",\"correctionsPolicy\":\"https:\/\/talkpal.ai\/corrections-policy\/\",\"ethicsPolicy\":\"https:\/\/talkpal.ai\/ethics-policy\/\",\"diversityPolicy\":\"https:\/\/talkpal.ai\/diversity-policy\/\",\"diversityStaffingReport\":\"https:\/\/talkpal.ai\/diversity-policy\/\"}]}<\/script>\n<!-- \/ Yoast SEO Premium plugin. -->","yoast_head_json":{"title":"Grammatica irlandese - Talkpal","description":"Impara a conoscere le regole grammaticali irlandesi senza sforzo con la nostra guida completa e gli strumenti interattivi di intelligenza artificiale progettati per una rapida fluidit\u00e0.","robots":{"index":"index","follow":"follow","max-snippet":"max-snippet:-1","max-image-preview":"max-image-preview:large","max-video-preview":"max-video-preview:-1"},"canonical":"https:\/\/talkpal.ai\/it\/grammatica-irlandese\/","og_locale":"it_IT","og_type":"article","og_title":"Grammatica irlandese","og_description":"Navigare tra le complessit\u00e0 della grammatica irlandese L'irlandese, una lingua celtica goidelica con una ricca storia e significato culturale, offre","og_url":"https:\/\/talkpal.ai\/it\/grammatica-irlandese\/","og_site_name":"Talkpal","article_publisher":"https:\/\/www.facebook.com\/profile.php?id=100090733639311","article_modified_time":"2025-12-30T14:51:16+00:00","og_image":[{"width":2880,"height":1620,"url":"https:\/\/talkpal.ai\/wp-content\/uploads\/2025\/02\/Progress-tab-16_9.png","type":"image\/png"}],"twitter_card":"summary_large_image","twitter_site":"@talkpalai","twitter_misc":{"Tempo di lettura stimato":"3 minuti"},"schema":{"@context":"https:\/\/schema.org","@graph":[{"@type":"WebPage","@id":"https:\/\/talkpal.ai\/it\/grammatica-irlandese\/","url":"https:\/\/talkpal.ai\/it\/grammatica-irlandese\/","name":"Grammatica irlandese - Talkpal","isPartOf":{"@id":"https:\/\/talkpal.ai\/it\/#website"},"datePublished":"2025-11-12T09:53:32+00:00","dateModified":"2025-12-30T14:51:16+00:00","description":"Impara a conoscere le regole grammaticali irlandesi senza sforzo con la nostra guida completa e gli strumenti interattivi di intelligenza artificiale progettati per una rapida fluidit\u00e0.","breadcrumb":{"@id":"https:\/\/talkpal.ai\/it\/grammatica-irlandese\/#breadcrumb"},"inLanguage":"it-IT","potentialAction":[{"@type":"ReadAction","target":["https:\/\/talkpal.ai\/it\/grammatica-irlandese\/"]}]},{"@type":"BreadcrumbList","@id":"https:\/\/talkpal.ai\/it\/grammatica-irlandese\/#breadcrumb","itemListElement":[{"@type":"ListItem","position":1,"name":"Homepage","item":"https:\/\/talkpal.ai\/it\/"},{"@type":"ListItem","position":2,"name":"Grammatica irlandese"}]},{"@type":"WebSite","@id":"https:\/\/talkpal.ai\/it\/#website","url":"https:\/\/talkpal.ai\/it\/","name":"Talkpal","description":"AI Language Learning","publisher":{"@id":"https:\/\/talkpal.ai\/it\/#organization"},"alternateName":"Talkpal AI","potentialAction":[{"@type":"SearchAction","target":{"@type":"EntryPoint","urlTemplate":"https:\/\/talkpal.ai\/it\/?s={search_term_string}"},"query-input":{"@type":"PropertyValueSpecification","valueRequired":true,"valueName":"search_term_string"}}],"inLanguage":"it-IT"},{"@type":"Organization","@id":"https:\/\/talkpal.ai\/it\/#organization","name":"Talkpal, Inc.","alternateName":"Talkpal AI","url":"https:\/\/talkpal.ai\/it\/","logo":{"@type":"ImageObject","inLanguage":"it-IT","@id":"https:\/\/talkpal.ai\/it\/#\/schema\/logo\/image\/","url":"https:\/\/talkpal.ai\/wp-content\/uploads\/2024\/03\/Talkpal-Logo-Icon.png","contentUrl":"https:\/\/talkpal.ai\/wp-content\/uploads\/2024\/03\/Talkpal-Logo-Icon.png","width":2880,"height":2880,"caption":"Talkpal, Inc."},"image":{"@id":"https:\/\/talkpal.ai\/it\/#\/schema\/logo\/image\/"},"sameAs":["https:\/\/www.facebook.com\/profile.php?id=100090733639311","https:\/\/x.com\/talkpalai","https:\/\/www.linkedin.com\/company\/talkpal\/","https:\/\/www.youtube.com\/@TalkPal\/","https:\/\/www.tiktok.com\/@talkpal","https:\/\/www.instagram.com\/talkpal_ai\/","https:\/\/www.crunchbase.com\/organization\/talkpal-9cde","https:\/\/www.g2.com\/products\/talkpal-for-business\/","https:\/\/www.trustpilot.com\/review\/talkpal.ai","https:\/\/www.capterra.com\/p\/10006800\/TalkPal\/"],"description":"Talkpal is a language learning web and mobile education app, powered by the latest AI technologies, that provides engaging experiences to its customers in many different languages to help them improve their language skills. Users can chat about unlimited amount of topics with the app and use other modes to practice their language learning.","email":"support@talkpal.ai","legalName":"Talkpal, Inc.","foundingDate":"2023-04-03","duns":"118989042","numberOfEmployees":{"@type":"QuantitativeValue","minValue":"11","maxValue":"50"},"publishingPrinciples":"https:\/\/talkpal.ai\/publishing-principles\/","actionableFeedbackPolicy":"https:\/\/talkpal.ai\/actionable-feedback-policy\/","correctionsPolicy":"https:\/\/talkpal.ai\/corrections-policy\/","ethicsPolicy":"https:\/\/talkpal.ai\/ethics-policy\/","diversityPolicy":"https:\/\/talkpal.ai\/diversity-policy\/","diversityStaffingReport":"https:\/\/talkpal.ai\/diversity-policy\/"}]}},"_links":{"self":[{"href":"https:\/\/talkpal.ai\/it\/wp-json\/wp\/v2\/pages\/1463485","targetHints":{"allow":["GET"]}}],"collection":[{"href":"https:\/\/talkpal.ai\/it\/wp-json\/wp\/v2\/pages"}],"about":[{"href":"https:\/\/talkpal.ai\/it\/wp-json\/wp\/v2\/types\/page"}],"author":[{"embeddable":true,"href":"https:\/\/talkpal.ai\/it\/wp-json\/wp\/v2\/users\/20"}],"replies":[{"embeddable":true,"href":"https:\/\/talkpal.ai\/it\/wp-json\/wp\/v2\/comments?post=1463485"}],"version-history":[{"count":0,"href":"https:\/\/talkpal.ai\/it\/wp-json\/wp\/v2\/pages\/1463485\/revisions"}],"wp:attachment":[{"href":"https:\/\/talkpal.ai\/it\/wp-json\/wp\/v2\/media?parent=1463485"}],"curies":[{"name":"wp","href":"https:\/\/api.w.org\/{rel}","templated":true}]}}