{"id":1463393,"date":"2025-11-11T12:32:58","date_gmt":"2025-11-11T12:32:58","guid":{"rendered":"https:\/\/talkpal.ai\/esercizi-di-grammatica-albanese\/"},"modified":"2025-12-30T15:39:38","modified_gmt":"2025-12-30T15:39:38","slug":"esercizi-di-grammatica-albanese","status":"publish","type":"page","link":"https:\/\/talkpal.ai\/it\/esercizi-di-grammatica-albanese\/","title":{"rendered":"Esercizi di grammatica albanese"},"content":{"rendered":"\r\n\r\n\r\n<section class=\"languageChallengeSection\">\r\n    <div class=\"languageInfoWrapper\">\r\n        \r\n        <h1>Esercizi di grammatica albanese<\/h1>\r\n        <p>Pronto a tuffarti nella <a href=\"https:\/\/talkpal.ai\/it\/grammatica-albanese\/\">grammatica albanese<\/a>? Fare pratica con alcune nozioni di base ti aiuter\u00e0 a prendere confidenza con questa lingua unica e bellissima. Prova questi esercizi per aumentare la tua sicurezza e divertirti un po&#039;!<\/p>\r\n\r\n                            <a class=\"getStartedHidden\" href=\"https:\/\/app.talkpal.ai\/it\/signup?lng=\">Comincia<\/a>\r\n        \r\n    <\/div>\r\n\r\n    <figure>\r\n    <img decoding=\"async\" width=\"768\" height=\"768\" src=\"https:\/\/talkpal.ai\/wp-content\/uploads\/2023\/06\/welsh-768x768.png\" class=\"languageImage no-lazy\" alt=\"Default alt text\" fetchpriority=\"high\" sizes=\"(max-width: 768px) 150px, 768px\" srcset=\"https:\/\/talkpal.ai\/wp-content\/uploads\/2023\/06\/welsh-768x768.png 768w, https:\/\/talkpal.ai\/wp-content\/uploads\/2023\/06\/welsh-300x300.png 300w\" \/>\r\n    \r\n\r\n    <\/figure>\r\n\r\n            <a class=\"getStartedVisible\" href=\"https:\/\/app.talkpal.ai\/it\/signup?lng=\">Comincia<\/a>\r\n    \r\n<\/section><section class=\"promotionalBanner\">\r\n    <p class=\"promotionalText\">Il modo pi\u00f9 efficace per imparare una lingua<\/p>\r\n    <a class=\"promotionalLink\" href=\"https:\/\/app.talkpal.ai\/it\/signup?lng=\">Prova Talkpal gratuitamente<\/a>\r\n<\/section>\n<div class=\"wp-block-group pageContainerStyle\"><div class=\"wp-block-group__inner-container is-layout-constrained wp-block-group-is-layout-constrained\">\n<h2 class=\"wp-block-heading\" id=\"h-albanian-grammar-topics\">Argomenti di grammatica albanese<\/h2>\n\n\n\n<p><a href=\"https:\/\/talkpal.ai\/it\/i-piu-grandi-errori-da-evitare-quando-si-impara-una-nuova-lingua\/\">Imparare una nuova lingua<\/a> pu\u00f2 essere un&#8217;impresa impegnativa ma gratificante. L&#8217;albanese, una lingua indoeuropea parlata principalmente in <a href=\"https:\/\/talkpal.ai\/locations\/language-courses-in-albania\/\">Albania<\/a>, non fa eccezione. Con le <a href=\"https:\/\/talkpal.ai\/locations\/language-courses-in-sue\/\">sue<\/a> caratteristiche e strutture uniche, <a href=\"https:\/\/talkpal.ai\/it\/talkpal-per-listruzione\/\">l&#8217;apprendimento dell&#8217;albanese<\/a> richiede un approccio sistematico alla comprensione della sua ricca <a href=\"https:\/\/talkpal.ai\/grammar\/\">grammatica<\/a>. Questa guida delinea le aree chiave della <a href=\"https:\/\/talkpal.ai\/it\/grammatica-albanese\/\">grammatica albanese<\/a> in una sequenza logica per <a href=\"https:\/\/talkpal.ai\/it\/chatbot-ai-per-lapprendimento-delle-lingue\/\">l&#8217;apprendimento delle lingue<\/a>, partendo dalle basi come i sostantivi e gli articoli, e progredendo verso aree pi\u00f9 complesse come i tempi e la costruzione delle frasi.<\/p>\n\n\n\n<h3 class=\"wp-block-heading\" id=\"h-1-nouns\">1. Sostantivi:<\/h3>\n\n\n\n<p>Inizia il tuo viaggio nella lingua <a href=\"https:\/\/talkpal.ai\/learn-albanian\/\">albanese<\/a> imparando i sostantivi. Ci\u00f2 include la comprensione del genere e del numero, dei <a href=\"https:\/\/talkpal.ai\/it\/grammar\/nomi-comuni-e-propri-nella-grammatica-ebraica\/\">nomi comuni e propri<\/a> e delle loro forme plurali. I sostantivi albanesi si flettono anche per caso e hanno sia forme indefinite che definite, con la definitezza spesso contrassegnata da un suffisso attaccato al sostantivo.<\/p>\n\n\n\n<h3 class=\"wp-block-heading\" id=\"h-2-articles\">2. Articoli:<\/h3>\n\n\n\n<p>Gli articoli in albanese funzionano in modo diverso <a href=\"https:\/\/talkpal.ai\/it\/pratica-di-lingua-inglese-ai\/\">dall&#8217;inglese<\/a>. L&#8217;articolo determinativo \u00e8 tipicamente un suffisso aggiunto al sostantivo, mentre l&#8217;articolo indeterminativo \u00e8 la parola separata nj\u00eb al singolare. L&#8217;albanese <a href=\"https:\/\/talkpal.ai\/locations\/learn-english-in-usa\/\">usa<\/a> anche un articolo di collegamento prima degli aggettivi e in certe costruzioni genitive, che concorda nel genere e nel numero.<\/p>\n\n\n\n<h3 class=\"wp-block-heading\" id=\"h-3-adjectives\">3. Aggettivi:<\/h3>\n\n\n\n<p>Gli aggettivi in albanese di solito seguono i loro sostantivi. L&#8217;accordo \u00e8 mostrato attraverso l&#8217;articolo di collegamento posto prima dell&#8217;aggettivo, che riflette il genere, il numero e il caso del sostantivo. Impara a formare comparativi e superlativi, comunemente con m\u00eb per il <a href=\"https:\/\/talkpal.ai\/zh-hans\/grammar_exercises\/comparativo-%e8%a5%bf%e7%8f%ad%e7%89%99%e8%af%ad%e6%b3%95%e7%bb%83%e4%b9%a0\/\">comparativo<\/a> e la forma definita per il superlativo.<\/p>\n\n\n\n<h3 class=\"wp-block-heading\" id=\"h-4-pronouns-determiners\">4. Pronomi\/Determinanti:<\/h3>\n\n\n\n<p>I pronomi e i determinanti sono essenziali in albanese; Sostituiscono i sostantivi e forniscono informazioni su persona, possesso, quantit\u00e0 e altro ancora. Presta particolare attenzione <a href=\"https:\/\/talkpal.ai\/speaking-with-ai\/\">ai<\/a> pronomi oggetto clitici, che spesso compaiono prima del verbo, e ai determinanti possessivi che concordano con il sostantivo che modificano.<\/p>\n\n\n\n<h3 class=\"wp-block-heading\" id=\"h-5-verbs\">5. Verbi:<\/h3>\n\n\n\n<p>I verbi albanesi cambiano forma per persona e numero e sono usati in diversi modi come indicativo, congiuntivo, imperativo, condizionale e ammirativo. Inizia con il presente e le forme comuni del passato, quindi espandi ad altri stati d&#8217;animo e voci, comprese le formazioni passive.<\/p>\n\n\n\n<h3 class=\"wp-block-heading\" id=\"h-6-tenses\">6. Tempi verbali:<\/h3>\n\n\n\n<p>Dopo aver padroneggiato le forme verbali, approfondisci i tempi albanesi. I tempi chiave includono il presente, l&#8217;imperfetto, l&#8217;aoristo, il presente prossimo, il piuccheperfetto e le forme future. Scopri come ogni tempo viene utilizzato nel contesto per esprimere azioni completate, azioni passate in corso ed eventi futuri.<\/p>\n\n\n\n<h3 class=\"wp-block-heading\" id=\"h-7-tense-comparison\">7. Confronto teso:<\/h3>\n\n\n\n<p>Confrontare i tempi verbali in albanese aiuta a capire la sequenza e l&#8217;aspetto degli eventi. Confrontate l&#8217;aoristo con il passato prossimo, e l&#8217;imperfetto con l&#8217;aoristo, per vedere come l&#8217;albanese distingue le singole azioni completate, le azioni passate in corso e la rilevanza presente.<\/p>\n\n\n\n<h3 class=\"wp-block-heading\" id=\"h-8-progressive\">8. Progressivo:<\/h3>\n\n\n\n<p>L&#8217;aspetto progressivo in albanese \u00e8 comunemente espresso con la particella po prima del verbo finito o con la struttura jam duke seguita dal sostantivo verbale o participio. Usali per esprimere azioni in corso nel presente o nel passato.<\/p>\n\n\n\n<h3 class=\"wp-block-heading\" id=\"h-9-perfect-progressive\">9. Progressivo perfetto:<\/h3>\n\n\n\n<p>Questo aspetto viene utilizzato per esprimere azioni che sono state in corso fino a un determinato punto. In albanese, \u00e8 formato da kam qen\u00eb duca seguito dal participio per il passato prossimo progressivo, e kisha qen\u00eb duca per il passato prossimo progressivo.<\/p>\n\n\n\n<h3 class=\"wp-block-heading\" id=\"h-10-conditionals\">10. Condizionali:<\/h3>\n\n\n\n<p>I condizionali esprimono situazioni ipotetiche e i loro possibili esiti. L&#8217;albanese usa forme con do t\u00eb pi\u00f9 la forma verbale appropriata per situazioni potenziali o irreali, e proposizioni if introdotte da n\u00ebse o po t\u00eb. Padroneggiarli aggiunger\u00e0 sfumature alle tue abilit\u00e0 linguistiche.<\/p>\n\n\n\n<h3 class=\"wp-block-heading\" id=\"h-11-adverbs\">11. Avverbi:<\/h3>\n\n\n\n<p>Gli avverbi in albanese modificano verbi, aggettivi o altri avverbi. Forniscono informazioni su modo, luogo, tempo, grado e altro ancora, spesso usando forme identiche agli aggettivi o parole avverbiali fisse come tani, dje, k\u00ebtu e atje.<\/p>\n\n\n\n<h3 class=\"wp-block-heading\" id=\"h-12-prepositions\">12. Preposizioni:<\/h3>\n\n\n\n<p>Le preposizioni collegano tra loro parole e frasi. Esprimono relazioni di tempo, luogo, direzione e altro ancora, usando oggetti comuni come n\u00eb, te, tek, me, pa, p\u00ebr, nga, mbi, n\u00ebn, para e pas. Scopri come si combinano con i casi e l&#8217;articolo di collegamento nelle frasi nominali.<\/p>\n\n\n\n<h3 class=\"wp-block-heading\" id=\"h-13-sentences\">13. Frasi:<\/h3>\n\n\n\n<p>Infine, esercitati a costruire frasi. L&#8217;albanese in genere ha un ordine delle parole flessibile con un modello SVO comune, usa i pronomi clitici prima del verbo, nega con nuk e forma domande con l&#8217;intonazione o con a. L&#8217;utilizzo di tutti i punti grammaticali precedentemente appresi nel contesto garantir\u00e0 una comprensione completa della lingua albanese.<\/p>\n<\/div><\/div>\n\r\n<section class=\"learnNavigationSection\">\r\n            \r\n        <a href=\"https:\/\/talkpal.ai\/it\/impara-lalbanese\/\">\r\n            <div class=\"learnNavigationWrapper\">\r\n                <div class=\"learnNavigationContent\">\r\n                    <img decoding=\"async\" src=\"https:\/\/talkpal.ai\/wp-content\/uploads\/2025\/11\/Albanian.png\" alt=\"Albanian Flag\">\r\n                    <div>\r\n                        <h4>Informazioni sull&#039;apprendimento dell&#039;albanese<\/h4>\r\n                        <p>Scopri tutto sulla grammatica albanese.<\/p>\r\n                    <\/div>\r\n                <\/div>\r\n            <\/div>\r\n        <\/a>\r\n\r\n        \r\n        <a href=\"https:\/\/talkpal.ai\/it\/grammatica-albanese\/\">\r\n            <div class=\"learnNavigationWrapper\">\r\n                <div class=\"learnNavigationContent\">\r\n                    <img decoding=\"async\" src=\"https:\/\/talkpal.ai\/wp-content\/uploads\/2025\/11\/Albanian.png\" alt=\"Albanian Flag\">\r\n                    <div>\r\n                        <h4>Lezioni di grammatica albanese<\/h4>\r\n                        <p>Pratica la grammatica albanese.<\/p>\r\n                    <\/div>\r\n                <\/div>\r\n            <\/div>\r\n        <\/a>\r\n\r\n            <\/section>","protected":false},"excerpt":{"rendered":"<p>Argomenti di grammatica albanese Imparare una nuova lingua pu\u00f2 essere un&#8217;impresa impegnativa ma gratificante. L&#8217;albanese, una lingua indoeuropea parlata principalmente in Albania, non fa eccezione. Con le sue caratteristiche e strutture uniche, l&#8217;apprendimento dell&#8217;albanese richiede un approccio sistematico alla comprensione della sua ricca grammatica. Questa guida delinea le aree chiave della grammatica albanese in una [&hellip;]<\/p>\n","protected":false},"author":20,"featured_media":0,"parent":0,"menu_order":0,"comment_status":"closed","ping_status":"closed","template":"LearningContentPage.php","meta":{"_acf_changed":false,"footnotes":""},"class_list":["post-1463393","page","type-page","status-publish","hentry"],"acf":[],"yoast_head":"<!-- This site is optimized with the Yoast SEO Premium plugin v27.2 (Yoast SEO v27.2) - https:\/\/yoast.com\/product\/yoast-seo-premium-wordpress\/ -->\n<title>Esercizi di grammatica albanese - Talkpal<\/title>\n<meta name=\"description\" content=\"Migliora il tuo albanese con gli esercizi di grammatica interattivi di Talkpal che coprono nomi, verbi, tempi e strutture delle frasi.\" \/>\n<meta name=\"robots\" content=\"index, follow, max-snippet:-1, max-image-preview:large, max-video-preview:-1\" \/>\n<link rel=\"canonical\" href=\"https:\/\/talkpal.ai\/it\/esercizi-di-grammatica-albanese\/\" \/>\n<meta property=\"og:locale\" content=\"it_IT\" \/>\n<meta property=\"og:type\" content=\"article\" \/>\n<meta property=\"og:title\" content=\"Esercizi di grammatica albanese\" \/>\n<meta property=\"og:description\" content=\"Argomenti di grammatica albanese Imparare una nuova lingua pu\u00f2 essere un&#039;impresa impegnativa ma gratificante. L&#039;albanese, una lingua indoeuropea parlata\" \/>\n<meta property=\"og:url\" content=\"https:\/\/talkpal.ai\/it\/esercizi-di-grammatica-albanese\/\" \/>\n<meta property=\"og:site_name\" content=\"Talkpal\" \/>\n<meta property=\"article:publisher\" content=\"https:\/\/www.facebook.com\/profile.php?id=100090733639311\" \/>\n<meta property=\"article:modified_time\" content=\"2025-12-30T15:39:38+00:00\" \/>\n<meta property=\"og:image\" content=\"https:\/\/talkpal.ai\/wp-content\/uploads\/2025\/02\/Progress-tab-16_9.png\" \/>\n\t<meta property=\"og:image:width\" content=\"2880\" \/>\n\t<meta property=\"og:image:height\" content=\"1620\" \/>\n\t<meta property=\"og:image:type\" content=\"image\/png\" \/>\n<meta name=\"twitter:card\" content=\"summary_large_image\" \/>\n<meta name=\"twitter:site\" content=\"@talkpalai\" \/>\n<meta name=\"twitter:label1\" content=\"Tempo di lettura stimato\" \/>\n\t<meta name=\"twitter:data1\" content=\"3 minuti\" \/>\n<script type=\"application\/ld+json\" class=\"yoast-schema-graph\">{\"@context\":\"https:\/\/schema.org\",\"@graph\":[{\"@type\":\"WebPage\",\"@id\":\"https:\/\/talkpal.ai\/it\/esercizi-di-grammatica-albanese\/\",\"url\":\"https:\/\/talkpal.ai\/it\/esercizi-di-grammatica-albanese\/\",\"name\":\"Esercizi di grammatica albanese - Talkpal\",\"isPartOf\":{\"@id\":\"https:\/\/talkpal.ai\/it\/#website\"},\"datePublished\":\"2025-11-11T12:32:58+00:00\",\"dateModified\":\"2025-12-30T15:39:38+00:00\",\"description\":\"Migliora il tuo albanese con gli esercizi di grammatica interattivi di Talkpal che coprono nomi, verbi, tempi e strutture delle frasi.\",\"breadcrumb\":{\"@id\":\"https:\/\/talkpal.ai\/it\/esercizi-di-grammatica-albanese\/#breadcrumb\"},\"inLanguage\":\"it-IT\",\"potentialAction\":[{\"@type\":\"ReadAction\",\"target\":[\"https:\/\/talkpal.ai\/it\/esercizi-di-grammatica-albanese\/\"]}]},{\"@type\":\"BreadcrumbList\",\"@id\":\"https:\/\/talkpal.ai\/it\/esercizi-di-grammatica-albanese\/#breadcrumb\",\"itemListElement\":[{\"@type\":\"ListItem\",\"position\":1,\"name\":\"Homepage\",\"item\":\"https:\/\/talkpal.ai\/it\/\"},{\"@type\":\"ListItem\",\"position\":2,\"name\":\"Esercizi di grammatica albanese\"}]},{\"@type\":\"WebSite\",\"@id\":\"https:\/\/talkpal.ai\/it\/#website\",\"url\":\"https:\/\/talkpal.ai\/it\/\",\"name\":\"Talkpal\",\"description\":\"AI Language Learning\",\"publisher\":{\"@id\":\"https:\/\/talkpal.ai\/it\/#organization\"},\"alternateName\":\"Talkpal AI\",\"potentialAction\":[{\"@type\":\"SearchAction\",\"target\":{\"@type\":\"EntryPoint\",\"urlTemplate\":\"https:\/\/talkpal.ai\/it\/?s={search_term_string}\"},\"query-input\":{\"@type\":\"PropertyValueSpecification\",\"valueRequired\":true,\"valueName\":\"search_term_string\"}}],\"inLanguage\":\"it-IT\"},{\"@type\":\"Organization\",\"@id\":\"https:\/\/talkpal.ai\/it\/#organization\",\"name\":\"Talkpal, Inc.\",\"alternateName\":\"Talkpal AI\",\"url\":\"https:\/\/talkpal.ai\/it\/\",\"logo\":{\"@type\":\"ImageObject\",\"inLanguage\":\"it-IT\",\"@id\":\"https:\/\/talkpal.ai\/it\/#\/schema\/logo\/image\/\",\"url\":\"https:\/\/talkpal.ai\/wp-content\/uploads\/2024\/03\/Talkpal-Logo-Icon.png\",\"contentUrl\":\"https:\/\/talkpal.ai\/wp-content\/uploads\/2024\/03\/Talkpal-Logo-Icon.png\",\"width\":2880,\"height\":2880,\"caption\":\"Talkpal, Inc.\"},\"image\":{\"@id\":\"https:\/\/talkpal.ai\/it\/#\/schema\/logo\/image\/\"},\"sameAs\":[\"https:\/\/www.facebook.com\/profile.php?id=100090733639311\",\"https:\/\/x.com\/talkpalai\",\"https:\/\/www.linkedin.com\/company\/talkpal\/\",\"https:\/\/www.youtube.com\/@TalkPal\/\",\"https:\/\/www.tiktok.com\/@talkpal\",\"https:\/\/www.instagram.com\/talkpal_ai\/\",\"https:\/\/www.crunchbase.com\/organization\/talkpal-9cde\",\"https:\/\/www.g2.com\/products\/talkpal-for-business\/\",\"https:\/\/www.trustpilot.com\/review\/talkpal.ai\",\"https:\/\/www.capterra.com\/p\/10006800\/TalkPal\/\"],\"description\":\"Talkpal is a language learning web and mobile education app, powered by the latest AI technologies, that provides engaging experiences to its customers in many different languages to help them improve their language skills. Users can chat about unlimited amount of topics with the app and use other modes to practice their language learning.\",\"email\":\"support@talkpal.ai\",\"legalName\":\"Talkpal, Inc.\",\"foundingDate\":\"2023-04-03\",\"duns\":\"118989042\",\"numberOfEmployees\":{\"@type\":\"QuantitativeValue\",\"minValue\":\"11\",\"maxValue\":\"50\"},\"publishingPrinciples\":\"https:\/\/talkpal.ai\/publishing-principles\/\",\"actionableFeedbackPolicy\":\"https:\/\/talkpal.ai\/actionable-feedback-policy\/\",\"correctionsPolicy\":\"https:\/\/talkpal.ai\/corrections-policy\/\",\"ethicsPolicy\":\"https:\/\/talkpal.ai\/ethics-policy\/\",\"diversityPolicy\":\"https:\/\/talkpal.ai\/diversity-policy\/\",\"diversityStaffingReport\":\"https:\/\/talkpal.ai\/diversity-policy\/\"}]}<\/script>\n<!-- \/ Yoast SEO Premium plugin. -->","yoast_head_json":{"title":"Esercizi di grammatica albanese - Talkpal","description":"Migliora il tuo albanese con gli esercizi di grammatica interattivi di Talkpal che coprono nomi, verbi, tempi e strutture delle frasi.","robots":{"index":"index","follow":"follow","max-snippet":"max-snippet:-1","max-image-preview":"max-image-preview:large","max-video-preview":"max-video-preview:-1"},"canonical":"https:\/\/talkpal.ai\/it\/esercizi-di-grammatica-albanese\/","og_locale":"it_IT","og_type":"article","og_title":"Esercizi di grammatica albanese","og_description":"Argomenti di grammatica albanese Imparare una nuova lingua pu\u00f2 essere un'impresa impegnativa ma gratificante. L'albanese, una lingua indoeuropea parlata","og_url":"https:\/\/talkpal.ai\/it\/esercizi-di-grammatica-albanese\/","og_site_name":"Talkpal","article_publisher":"https:\/\/www.facebook.com\/profile.php?id=100090733639311","article_modified_time":"2025-12-30T15:39:38+00:00","og_image":[{"width":2880,"height":1620,"url":"https:\/\/talkpal.ai\/wp-content\/uploads\/2025\/02\/Progress-tab-16_9.png","type":"image\/png"}],"twitter_card":"summary_large_image","twitter_site":"@talkpalai","twitter_misc":{"Tempo di lettura stimato":"3 minuti"},"schema":{"@context":"https:\/\/schema.org","@graph":[{"@type":"WebPage","@id":"https:\/\/talkpal.ai\/it\/esercizi-di-grammatica-albanese\/","url":"https:\/\/talkpal.ai\/it\/esercizi-di-grammatica-albanese\/","name":"Esercizi di grammatica albanese - Talkpal","isPartOf":{"@id":"https:\/\/talkpal.ai\/it\/#website"},"datePublished":"2025-11-11T12:32:58+00:00","dateModified":"2025-12-30T15:39:38+00:00","description":"Migliora il tuo albanese con gli esercizi di grammatica interattivi di Talkpal che coprono nomi, verbi, tempi e strutture delle frasi.","breadcrumb":{"@id":"https:\/\/talkpal.ai\/it\/esercizi-di-grammatica-albanese\/#breadcrumb"},"inLanguage":"it-IT","potentialAction":[{"@type":"ReadAction","target":["https:\/\/talkpal.ai\/it\/esercizi-di-grammatica-albanese\/"]}]},{"@type":"BreadcrumbList","@id":"https:\/\/talkpal.ai\/it\/esercizi-di-grammatica-albanese\/#breadcrumb","itemListElement":[{"@type":"ListItem","position":1,"name":"Homepage","item":"https:\/\/talkpal.ai\/it\/"},{"@type":"ListItem","position":2,"name":"Esercizi di grammatica albanese"}]},{"@type":"WebSite","@id":"https:\/\/talkpal.ai\/it\/#website","url":"https:\/\/talkpal.ai\/it\/","name":"Talkpal","description":"AI Language Learning","publisher":{"@id":"https:\/\/talkpal.ai\/it\/#organization"},"alternateName":"Talkpal AI","potentialAction":[{"@type":"SearchAction","target":{"@type":"EntryPoint","urlTemplate":"https:\/\/talkpal.ai\/it\/?s={search_term_string}"},"query-input":{"@type":"PropertyValueSpecification","valueRequired":true,"valueName":"search_term_string"}}],"inLanguage":"it-IT"},{"@type":"Organization","@id":"https:\/\/talkpal.ai\/it\/#organization","name":"Talkpal, Inc.","alternateName":"Talkpal AI","url":"https:\/\/talkpal.ai\/it\/","logo":{"@type":"ImageObject","inLanguage":"it-IT","@id":"https:\/\/talkpal.ai\/it\/#\/schema\/logo\/image\/","url":"https:\/\/talkpal.ai\/wp-content\/uploads\/2024\/03\/Talkpal-Logo-Icon.png","contentUrl":"https:\/\/talkpal.ai\/wp-content\/uploads\/2024\/03\/Talkpal-Logo-Icon.png","width":2880,"height":2880,"caption":"Talkpal, Inc."},"image":{"@id":"https:\/\/talkpal.ai\/it\/#\/schema\/logo\/image\/"},"sameAs":["https:\/\/www.facebook.com\/profile.php?id=100090733639311","https:\/\/x.com\/talkpalai","https:\/\/www.linkedin.com\/company\/talkpal\/","https:\/\/www.youtube.com\/@TalkPal\/","https:\/\/www.tiktok.com\/@talkpal","https:\/\/www.instagram.com\/talkpal_ai\/","https:\/\/www.crunchbase.com\/organization\/talkpal-9cde","https:\/\/www.g2.com\/products\/talkpal-for-business\/","https:\/\/www.trustpilot.com\/review\/talkpal.ai","https:\/\/www.capterra.com\/p\/10006800\/TalkPal\/"],"description":"Talkpal is a language learning web and mobile education app, powered by the latest AI technologies, that provides engaging experiences to its customers in many different languages to help them improve their language skills. Users can chat about unlimited amount of topics with the app and use other modes to practice their language learning.","email":"support@talkpal.ai","legalName":"Talkpal, Inc.","foundingDate":"2023-04-03","duns":"118989042","numberOfEmployees":{"@type":"QuantitativeValue","minValue":"11","maxValue":"50"},"publishingPrinciples":"https:\/\/talkpal.ai\/publishing-principles\/","actionableFeedbackPolicy":"https:\/\/talkpal.ai\/actionable-feedback-policy\/","correctionsPolicy":"https:\/\/talkpal.ai\/corrections-policy\/","ethicsPolicy":"https:\/\/talkpal.ai\/ethics-policy\/","diversityPolicy":"https:\/\/talkpal.ai\/diversity-policy\/","diversityStaffingReport":"https:\/\/talkpal.ai\/diversity-policy\/"}]}},"_links":{"self":[{"href":"https:\/\/talkpal.ai\/it\/wp-json\/wp\/v2\/pages\/1463393","targetHints":{"allow":["GET"]}}],"collection":[{"href":"https:\/\/talkpal.ai\/it\/wp-json\/wp\/v2\/pages"}],"about":[{"href":"https:\/\/talkpal.ai\/it\/wp-json\/wp\/v2\/types\/page"}],"author":[{"embeddable":true,"href":"https:\/\/talkpal.ai\/it\/wp-json\/wp\/v2\/users\/20"}],"replies":[{"embeddable":true,"href":"https:\/\/talkpal.ai\/it\/wp-json\/wp\/v2\/comments?post=1463393"}],"version-history":[{"count":0,"href":"https:\/\/talkpal.ai\/it\/wp-json\/wp\/v2\/pages\/1463393\/revisions"}],"wp:attachment":[{"href":"https:\/\/talkpal.ai\/it\/wp-json\/wp\/v2\/media?parent=1463393"}],"curies":[{"name":"wp","href":"https:\/\/api.w.org\/{rel}","templated":true}]}}