{"id":1463359,"date":"2025-11-11T15:06:48","date_gmt":"2025-11-11T15:06:48","guid":{"rendered":"https:\/\/talkpal.ai\/esercizi-di-grammatica-assamese\/"},"modified":"2025-12-30T15:26:19","modified_gmt":"2025-12-30T15:26:19","slug":"esercizi-di-grammatica-assamese","status":"publish","type":"page","link":"https:\/\/talkpal.ai\/it\/esercizi-di-grammatica-assamese\/","title":{"rendered":"Esercizi di grammatica assamese"},"content":{"rendered":"\r\n\r\n\r\n<section class=\"languageChallengeSection\">\r\n    <div class=\"languageInfoWrapper\">\r\n        \r\n        <h1>Esercizi di grammatica assamese<\/h1>\r\n        <p>Pronto a immergerti nella <a href=\"https:\/\/talkpal.ai\/assamese-grammar\/\">grammatica assamese<\/a>? Fare pratica con alcune nozioni di base ti aiuter\u00e0 a prendere confidenza con questa lingua unica e bellissima. Prova questi esercizi per aumentare la tua sicurezza e divertirti un po&#039;!<\/p>\r\n\r\n                            <a class=\"getStartedHidden\" href=\"https:\/\/app.talkpal.ai\/it\/signup?lng=\">Comincia<\/a>\r\n        \r\n    <\/div>\r\n\r\n    <figure>\r\n    <img decoding=\"async\" width=\"768\" height=\"768\" src=\"https:\/\/talkpal.ai\/wp-content\/uploads\/2023\/06\/welsh-768x768.png\" class=\"languageImage no-lazy\" alt=\"Default alt text\" fetchpriority=\"high\" sizes=\"(max-width: 768px) 150px, 768px\" srcset=\"https:\/\/talkpal.ai\/wp-content\/uploads\/2023\/06\/welsh-768x768.png 768w, https:\/\/talkpal.ai\/wp-content\/uploads\/2023\/06\/welsh-300x300.png 300w\" \/>\r\n    \r\n\r\n    <\/figure>\r\n\r\n            <a class=\"getStartedVisible\" href=\"https:\/\/app.talkpal.ai\/it\/signup?lng=\">Comincia<\/a>\r\n    \r\n<\/section><section class=\"promotionalBanner\">\r\n    <p class=\"promotionalText\">Il modo pi\u00f9 efficace per imparare una lingua<\/p>\r\n    <a class=\"promotionalLink\" href=\"https:\/\/app.talkpal.ai\/it\/signup?lng=\">Prova Talkpal gratuitamente<\/a>\r\n<\/section>\n<div class=\"wp-block-group pageContainerStyle\"><div class=\"wp-block-group__inner-container is-layout-constrained wp-block-group-is-layout-constrained\">\n<h2 class=\"wp-block-heading\" id=\"h-assamese-grammar-topics\">Argomenti di grammatica assamese<\/h2>\n\n\n\n<p><a href=\"https:\/\/talkpal.ai\/it\/i-piu-grandi-errori-da-evitare-quando-si-impara-una-nuova-lingua\/\">Imparare una nuova lingua<\/a> pu\u00f2 essere un&#8217;impresa impegnativa ma gratificante. L&#8217;assamese, una lingua indo-ariana parlata principalmente nell&#8217;Assam e nelle regioni limitrofe, non fa eccezione. Con le <a href=\"https:\/\/talkpal.ai\/locations\/language-courses-in-sue\/\">sue<\/a> caratteristiche e strutture distintive, <a href=\"https:\/\/talkpal.ai\/it\/talkpal-per-listruzione\/\">l&#8217;apprendimento<\/a> dell&#8217;assamese beneficia di un approccio sistematico alla comprensione della sua <a href=\"https:\/\/talkpal.ai\/grammar\/\">grammatica<\/a>. Questa guida delinea le aree chiave della <a href=\"https:\/\/talkpal.ai\/it\/grammatica-assamese\/\">grammatica assamese<\/a> in una sequenza logica per <a href=\"https:\/\/talkpal.ai\/it\/chatbot-ai-per-lapprendimento-delle-lingue\/\">l&#8217;apprendimento delle lingue<\/a>, partendo dalle basi come nomi e determinanti, e progredendo verso aree pi\u00f9 complesse come i tempi e la costruzione delle frasi.<\/p>\n\n\n\n<h3 class=\"wp-block-heading\" id=\"h-1-nouns\">1. Sostantivi:<\/h3>\n\n\n\n<p>Inizia il tuo viaggio nella lingua <a href=\"https:\/\/talkpal.ai\/learn-assamese\/\">assamese<\/a> imparando i sostantivi. Ci\u00f2 include la comprensione dei <a href=\"https:\/\/talkpal.ai\/it\/grammar\/nomi-comuni-e-propri-nella-grammatica-ebraica\/\">nomi comuni e propri<\/a>, dei <a href=\"https:\/\/talkpal.ai\/it\/grammar\/nomi-numerabili-e-non-numerabili-nella-grammatica-svedese\/\">nomi numerabili e non numerabili<\/a>, del modo in cui si formano i plurali e del ruolo dei classificatori numerici. L&#8217;assamese non ha un genere grammaticale.<\/p>\n\n\n\n<h3 class=\"wp-block-heading\" id=\"h-2-articles\">2. Articoli:<\/h3>\n\n\n\n<p>L&#8217;assamese non <a href=\"https:\/\/talkpal.ai\/locations\/learn-english-in-usa\/\">usa<\/a> articoli determinativi o indeterminativi come <a href=\"https:\/\/talkpal.ai\/it\/pratica-di-lingua-inglese-ai\/\">l&#8217;inglese<\/a>. La determinatezza e l&#8217;indeterminatezza sono espresse attraverso il contesto, i dimostrativi e il numero uno che funziona come un marcatore indefinito. Comprendere questi modelli \u00e8 fondamentale nella costruzione delle frasi.<\/p>\n\n\n\n<h3 class=\"wp-block-heading\" id=\"h-3-adjectives\">3. Aggettivi:<\/h3>\n\n\n\n<p>In assamese, gli aggettivi in genere precedono i sostantivi che modificano. Scopri come gli aggettivi sono usati nelle posizioni attributive e predicative, che non concordano per il genere e come formare comparativi e superlativi usando particelle o costruzioni perifrastiche.<\/p>\n\n\n\n<h3 class=\"wp-block-heading\" id=\"h-4-pronouns-determiners\">4. Pronomi\/Determinanti:<\/h3>\n\n\n\n<p>I pronomi e i determinanti sono essenziali in assamese. Studia i <a href=\"https:\/\/talkpal.ai\/ar\/grammar_exercises\/pronomi-personali-%d8%aa%d9%85%d8%a7%d8%b1%d9%8a%d9%86-%d9%84%d9%84%d9%82%d9%88%d8%a7%d8%b9%d8%af-%d8%a7%d9%84%d8%a5%d9%8a%d8%b7%d8%a7%d9%84%d9%8a%d8%a9\/\">pronomi personali<\/a>, dimostrativi, interrogativi e possessivi, comprese le distinzioni di numero e i livelli di formalit\u00e0 o onorificit\u00e0. Impara i determinanti per la quantit\u00e0 e l&#8217;uso dei classificatori con i numeri.<\/p>\n\n\n\n<h3 class=\"wp-block-heading\" id=\"h-5-verbs\">5. Verbi:<\/h3>\n\n\n\n<p>I verbi assamesi cambiano forma a seconda del tempo, dell&#8217;aspetto, dell&#8217;umore, della persona e talvolta del livello onorifico. Inizia con le forme presenti di base ed esplora gradualmente il passato e il <a href=\"https:\/\/talkpal.ai\/ja\/grammar_exercises\/futuro-%e3%82%b9%e3%83%9a%e3%82%a4%e3%83%b3%e8%aa%9e%e3%81%ae%e6%96%87%e6%b3%95%e3%81%ae%e6%bc%94%e7%bf%92\/\">futuro<\/a>, insieme a forme non finite come participi e sostantivi verbali.<\/p>\n\n\n\n<h3 class=\"wp-block-heading\" id=\"h-6-tenses\">6. Tempi verbali:<\/h3>\n\n\n\n<p>Dopo aver padroneggiato le forme verbali, approfondisci il tempo e l&#8217;aspetto assamese. Comprendi come il presente, il passato e il futuro si combinano con aspetti come il perfettivo e il progressivo e come vengono utilizzati in diversi contesti.<\/p>\n\n\n\n<h3 class=\"wp-block-heading\" id=\"h-7-tense-comparison\">7. Confronto teso:<\/h3>\n\n\n\n<p>Confrontare i tempi e gli aspetti in assamese aiuta a comprendere la sequenza e le sfumature degli eventi. Confrontare lo stesso verbo tra tempi e aspetti fornir\u00e0 una comprensione pi\u00f9 chiara dell&#8217;uso.<\/p>\n\n\n\n<h3 class=\"wp-block-heading\" id=\"h-8-progressive\">8. Progressivo:<\/h3>\n\n\n\n<p>L&#8217;aspetto progressista in assamese esprime azioni in corso. \u00c8 comunemente formato con un participio verbale insieme a forme appropriate del verbo essere.<\/p>\n\n\n\n<h3 class=\"wp-block-heading\" id=\"h-9-perfect-progressive\">9. Progressivo perfetto:<\/h3>\n\n\n\n<p>Questo aspetto esprime azioni che sono state in corso fino a un determinato punto. In assamese, si forma utilizzando forme participiali in combinazione con forme ausiliarie del verbo essere per indicare continuit\u00e0 fino a un tempo di riferimento.<\/p>\n\n\n\n<h3 class=\"wp-block-heading\" id=\"h-10-conditionals\">10. Condizionali:<\/h3>\n\n\n\n<p>I condizionali esprimono situazioni ipotetiche e i loro possibili esiti. Impara le costruzioni condizionali usando congiunzioni come se e come diversi tempi e aspetti influenzano il significato e la cortesia.<\/p>\n\n\n\n<h3 class=\"wp-block-heading\" id=\"h-11-adverbs\">11. Avverbi:<\/h3>\n\n\n\n<p>Gli avverbi in assamese modificano verbi, aggettivi o altri avverbi. Molti significati avverbiali sono espressi anche attraverso frasi postposizionali. Forniscono informazioni su modo, luogo, ora, grado e altro ancora.<\/p>\n\n\n\n<h3 class=\"wp-block-heading\" id=\"h-12-prepositions\">12. Preposizioni:<\/h3>\n\n\n\n<p>L&#8217;assamese usa principalmente postposizioni che seguono il sostantivo piuttosto che preposizioni. Questi elementi collegano parole e frasi ed esprimono relazioni di tempo, luogo, direzione, possesso e altro ancora.<\/p>\n\n\n\n<h3 class=\"wp-block-heading\" id=\"h-13-sentences\">13. Frasi:<\/h3>\n\n\n\n<p>Infine, esercitati a costruire frasi. L&#8217;assamese segue tipicamente un ordine soggetto-oggetto-verbo, usa postposizioni e ha impostato modelli per la negazione e l&#8217;enfasi. L&#8217;applicazione di tutti i punti grammaticali precedentemente appresi nel contesto garantir\u00e0 una comprensione completa della lingua assamese.<\/p>\n<\/div><\/div>\n\r\n<section class=\"learnNavigationSection\">\r\n            \r\n        <a href=\"https:\/\/talkpal.ai\/it\/impara-lassamese\/\">\r\n            <div class=\"learnNavigationWrapper\">\r\n                <div class=\"learnNavigationContent\">\r\n                    <img decoding=\"async\" src=\"https:\/\/talkpal.ai\/wp-content\/uploads\/2025\/11\/Assamese.png\" alt=\"Indian Simplified Flag\">\r\n                    <div>\r\n                        <h4>Informazioni sull&#039;apprendimento assamese<\/h4>\r\n                        <p>Scopri tutto sulla grammatica assamese.<\/p>\r\n                    <\/div>\r\n                <\/div>\r\n            <\/div>\r\n        <\/a>\r\n\r\n        \r\n        <a href=\"https:\/\/talkpal.ai\/it\/grammatica-assamese\/\">\r\n            <div class=\"learnNavigationWrapper\">\r\n                <div class=\"learnNavigationContent\">\r\n                    <img decoding=\"async\" src=\"https:\/\/talkpal.ai\/wp-content\/uploads\/2025\/11\/Assamese.png\" alt=\"Indian Simplified Flag\">\r\n                    <div>\r\n                        <h4>Lezioni di grammatica assamese<\/h4>\r\n                        <p>Pratica la grammatica assamese.<\/p>\r\n                    <\/div>\r\n                <\/div>\r\n            <\/div>\r\n        <\/a>\r\n\r\n            <\/section>","protected":false},"excerpt":{"rendered":"<p>Argomenti di grammatica assamese Imparare una nuova lingua pu\u00f2 essere un&#8217;impresa impegnativa ma gratificante. L&#8217;assamese, una lingua indo-ariana parlata principalmente nell&#8217;Assam e nelle regioni limitrofe, non fa eccezione. Con le sue caratteristiche e strutture distintive, l&#8217;apprendimento dell&#8217;assamese beneficia di un approccio sistematico alla comprensione della sua grammatica. Questa guida delinea le aree chiave della grammatica [&hellip;]<\/p>\n","protected":false},"author":20,"featured_media":0,"parent":0,"menu_order":0,"comment_status":"closed","ping_status":"closed","template":"LearningContentPage.php","meta":{"_acf_changed":false,"footnotes":""},"class_list":["post-1463359","page","type-page","status-publish","hentry"],"acf":[],"yoast_head":"<!-- This site is optimized with the Yoast SEO Premium plugin v27.2 (Yoast SEO v27.2) - https:\/\/yoast.com\/product\/yoast-seo-premium-wordpress\/ -->\n<title>Esercizi di grammatica assamese - Talkpal<\/title>\n<meta name=\"description\" content=\"Impara la grammatica assamese con esercizi interattivi pensati per migliorare la tua competenza e le tue abilit\u00e0 linguistiche in modo efficace.\" \/>\n<meta name=\"robots\" content=\"index, follow, max-snippet:-1, max-image-preview:large, max-video-preview:-1\" \/>\n<link rel=\"canonical\" href=\"https:\/\/talkpal.ai\/it\/esercizi-di-grammatica-assamese\/\" \/>\n<meta property=\"og:locale\" content=\"it_IT\" \/>\n<meta property=\"og:type\" content=\"article\" \/>\n<meta property=\"og:title\" content=\"Esercizi di grammatica assamese\" \/>\n<meta property=\"og:description\" content=\"Argomenti di grammatica assamese Imparare una nuova lingua pu\u00f2 essere un&#039;impresa impegnativa ma gratificante. L&#039;assamese, una lingua indo-ariana parlata\" \/>\n<meta property=\"og:url\" content=\"https:\/\/talkpal.ai\/it\/esercizi-di-grammatica-assamese\/\" \/>\n<meta property=\"og:site_name\" content=\"Talkpal\" \/>\n<meta property=\"article:publisher\" content=\"https:\/\/www.facebook.com\/profile.php?id=100090733639311\" \/>\n<meta property=\"article:modified_time\" content=\"2025-12-30T15:26:19+00:00\" \/>\n<meta property=\"og:image\" content=\"https:\/\/talkpal.ai\/wp-content\/uploads\/2025\/02\/Progress-tab-16_9.png\" \/>\n\t<meta property=\"og:image:width\" content=\"2880\" \/>\n\t<meta property=\"og:image:height\" content=\"1620\" \/>\n\t<meta property=\"og:image:type\" content=\"image\/png\" \/>\n<meta name=\"twitter:card\" content=\"summary_large_image\" \/>\n<meta name=\"twitter:site\" content=\"@talkpalai\" \/>\n<meta name=\"twitter:label1\" content=\"Tempo di lettura stimato\" \/>\n\t<meta name=\"twitter:data1\" content=\"3 minuti\" \/>\n<script type=\"application\/ld+json\" class=\"yoast-schema-graph\">{\"@context\":\"https:\/\/schema.org\",\"@graph\":[{\"@type\":\"WebPage\",\"@id\":\"https:\/\/talkpal.ai\/it\/esercizi-di-grammatica-assamese\/\",\"url\":\"https:\/\/talkpal.ai\/it\/esercizi-di-grammatica-assamese\/\",\"name\":\"Esercizi di grammatica assamese - Talkpal\",\"isPartOf\":{\"@id\":\"https:\/\/talkpal.ai\/it\/#website\"},\"datePublished\":\"2025-11-11T15:06:48+00:00\",\"dateModified\":\"2025-12-30T15:26:19+00:00\",\"description\":\"Impara la grammatica assamese con esercizi interattivi pensati per migliorare la tua competenza e le tue abilit\u00e0 linguistiche in modo efficace.\",\"breadcrumb\":{\"@id\":\"https:\/\/talkpal.ai\/it\/esercizi-di-grammatica-assamese\/#breadcrumb\"},\"inLanguage\":\"it-IT\",\"potentialAction\":[{\"@type\":\"ReadAction\",\"target\":[\"https:\/\/talkpal.ai\/it\/esercizi-di-grammatica-assamese\/\"]}]},{\"@type\":\"BreadcrumbList\",\"@id\":\"https:\/\/talkpal.ai\/it\/esercizi-di-grammatica-assamese\/#breadcrumb\",\"itemListElement\":[{\"@type\":\"ListItem\",\"position\":1,\"name\":\"Homepage\",\"item\":\"https:\/\/talkpal.ai\/it\/\"},{\"@type\":\"ListItem\",\"position\":2,\"name\":\"Esercizi di grammatica assamese\"}]},{\"@type\":\"WebSite\",\"@id\":\"https:\/\/talkpal.ai\/it\/#website\",\"url\":\"https:\/\/talkpal.ai\/it\/\",\"name\":\"Talkpal\",\"description\":\"AI Language Learning\",\"publisher\":{\"@id\":\"https:\/\/talkpal.ai\/it\/#organization\"},\"alternateName\":\"Talkpal AI\",\"potentialAction\":[{\"@type\":\"SearchAction\",\"target\":{\"@type\":\"EntryPoint\",\"urlTemplate\":\"https:\/\/talkpal.ai\/it\/?s={search_term_string}\"},\"query-input\":{\"@type\":\"PropertyValueSpecification\",\"valueRequired\":true,\"valueName\":\"search_term_string\"}}],\"inLanguage\":\"it-IT\"},{\"@type\":\"Organization\",\"@id\":\"https:\/\/talkpal.ai\/it\/#organization\",\"name\":\"Talkpal, Inc.\",\"alternateName\":\"Talkpal AI\",\"url\":\"https:\/\/talkpal.ai\/it\/\",\"logo\":{\"@type\":\"ImageObject\",\"inLanguage\":\"it-IT\",\"@id\":\"https:\/\/talkpal.ai\/it\/#\/schema\/logo\/image\/\",\"url\":\"https:\/\/talkpal.ai\/wp-content\/uploads\/2024\/03\/Talkpal-Logo-Icon.png\",\"contentUrl\":\"https:\/\/talkpal.ai\/wp-content\/uploads\/2024\/03\/Talkpal-Logo-Icon.png\",\"width\":2880,\"height\":2880,\"caption\":\"Talkpal, Inc.\"},\"image\":{\"@id\":\"https:\/\/talkpal.ai\/it\/#\/schema\/logo\/image\/\"},\"sameAs\":[\"https:\/\/www.facebook.com\/profile.php?id=100090733639311\",\"https:\/\/x.com\/talkpalai\",\"https:\/\/www.linkedin.com\/company\/talkpal\/\",\"https:\/\/www.youtube.com\/@TalkPal\/\",\"https:\/\/www.tiktok.com\/@talkpal\",\"https:\/\/www.instagram.com\/talkpal_ai\/\",\"https:\/\/www.crunchbase.com\/organization\/talkpal-9cde\",\"https:\/\/www.g2.com\/products\/talkpal-for-business\/\",\"https:\/\/www.trustpilot.com\/review\/talkpal.ai\",\"https:\/\/www.capterra.com\/p\/10006800\/TalkPal\/\"],\"description\":\"Talkpal is a language learning web and mobile education app, powered by the latest AI technologies, that provides engaging experiences to its customers in many different languages to help them improve their language skills. Users can chat about unlimited amount of topics with the app and use other modes to practice their language learning.\",\"email\":\"support@talkpal.ai\",\"legalName\":\"Talkpal, Inc.\",\"foundingDate\":\"2023-04-03\",\"duns\":\"118989042\",\"numberOfEmployees\":{\"@type\":\"QuantitativeValue\",\"minValue\":\"11\",\"maxValue\":\"50\"},\"publishingPrinciples\":\"https:\/\/talkpal.ai\/publishing-principles\/\",\"actionableFeedbackPolicy\":\"https:\/\/talkpal.ai\/actionable-feedback-policy\/\",\"correctionsPolicy\":\"https:\/\/talkpal.ai\/corrections-policy\/\",\"ethicsPolicy\":\"https:\/\/talkpal.ai\/ethics-policy\/\",\"diversityPolicy\":\"https:\/\/talkpal.ai\/diversity-policy\/\",\"diversityStaffingReport\":\"https:\/\/talkpal.ai\/diversity-policy\/\"}]}<\/script>\n<!-- \/ Yoast SEO Premium plugin. -->","yoast_head_json":{"title":"Esercizi di grammatica assamese - Talkpal","description":"Impara la grammatica assamese con esercizi interattivi pensati per migliorare la tua competenza e le tue abilit\u00e0 linguistiche in modo efficace.","robots":{"index":"index","follow":"follow","max-snippet":"max-snippet:-1","max-image-preview":"max-image-preview:large","max-video-preview":"max-video-preview:-1"},"canonical":"https:\/\/talkpal.ai\/it\/esercizi-di-grammatica-assamese\/","og_locale":"it_IT","og_type":"article","og_title":"Esercizi di grammatica assamese","og_description":"Argomenti di grammatica assamese Imparare una nuova lingua pu\u00f2 essere un'impresa impegnativa ma gratificante. L'assamese, una lingua indo-ariana parlata","og_url":"https:\/\/talkpal.ai\/it\/esercizi-di-grammatica-assamese\/","og_site_name":"Talkpal","article_publisher":"https:\/\/www.facebook.com\/profile.php?id=100090733639311","article_modified_time":"2025-12-30T15:26:19+00:00","og_image":[{"width":2880,"height":1620,"url":"https:\/\/talkpal.ai\/wp-content\/uploads\/2025\/02\/Progress-tab-16_9.png","type":"image\/png"}],"twitter_card":"summary_large_image","twitter_site":"@talkpalai","twitter_misc":{"Tempo di lettura stimato":"3 minuti"},"schema":{"@context":"https:\/\/schema.org","@graph":[{"@type":"WebPage","@id":"https:\/\/talkpal.ai\/it\/esercizi-di-grammatica-assamese\/","url":"https:\/\/talkpal.ai\/it\/esercizi-di-grammatica-assamese\/","name":"Esercizi di grammatica assamese - Talkpal","isPartOf":{"@id":"https:\/\/talkpal.ai\/it\/#website"},"datePublished":"2025-11-11T15:06:48+00:00","dateModified":"2025-12-30T15:26:19+00:00","description":"Impara la grammatica assamese con esercizi interattivi pensati per migliorare la tua competenza e le tue abilit\u00e0 linguistiche in modo efficace.","breadcrumb":{"@id":"https:\/\/talkpal.ai\/it\/esercizi-di-grammatica-assamese\/#breadcrumb"},"inLanguage":"it-IT","potentialAction":[{"@type":"ReadAction","target":["https:\/\/talkpal.ai\/it\/esercizi-di-grammatica-assamese\/"]}]},{"@type":"BreadcrumbList","@id":"https:\/\/talkpal.ai\/it\/esercizi-di-grammatica-assamese\/#breadcrumb","itemListElement":[{"@type":"ListItem","position":1,"name":"Homepage","item":"https:\/\/talkpal.ai\/it\/"},{"@type":"ListItem","position":2,"name":"Esercizi di grammatica assamese"}]},{"@type":"WebSite","@id":"https:\/\/talkpal.ai\/it\/#website","url":"https:\/\/talkpal.ai\/it\/","name":"Talkpal","description":"AI Language Learning","publisher":{"@id":"https:\/\/talkpal.ai\/it\/#organization"},"alternateName":"Talkpal AI","potentialAction":[{"@type":"SearchAction","target":{"@type":"EntryPoint","urlTemplate":"https:\/\/talkpal.ai\/it\/?s={search_term_string}"},"query-input":{"@type":"PropertyValueSpecification","valueRequired":true,"valueName":"search_term_string"}}],"inLanguage":"it-IT"},{"@type":"Organization","@id":"https:\/\/talkpal.ai\/it\/#organization","name":"Talkpal, Inc.","alternateName":"Talkpal AI","url":"https:\/\/talkpal.ai\/it\/","logo":{"@type":"ImageObject","inLanguage":"it-IT","@id":"https:\/\/talkpal.ai\/it\/#\/schema\/logo\/image\/","url":"https:\/\/talkpal.ai\/wp-content\/uploads\/2024\/03\/Talkpal-Logo-Icon.png","contentUrl":"https:\/\/talkpal.ai\/wp-content\/uploads\/2024\/03\/Talkpal-Logo-Icon.png","width":2880,"height":2880,"caption":"Talkpal, Inc."},"image":{"@id":"https:\/\/talkpal.ai\/it\/#\/schema\/logo\/image\/"},"sameAs":["https:\/\/www.facebook.com\/profile.php?id=100090733639311","https:\/\/x.com\/talkpalai","https:\/\/www.linkedin.com\/company\/talkpal\/","https:\/\/www.youtube.com\/@TalkPal\/","https:\/\/www.tiktok.com\/@talkpal","https:\/\/www.instagram.com\/talkpal_ai\/","https:\/\/www.crunchbase.com\/organization\/talkpal-9cde","https:\/\/www.g2.com\/products\/talkpal-for-business\/","https:\/\/www.trustpilot.com\/review\/talkpal.ai","https:\/\/www.capterra.com\/p\/10006800\/TalkPal\/"],"description":"Talkpal is a language learning web and mobile education app, powered by the latest AI technologies, that provides engaging experiences to its customers in many different languages to help them improve their language skills. Users can chat about unlimited amount of topics with the app and use other modes to practice their language learning.","email":"support@talkpal.ai","legalName":"Talkpal, Inc.","foundingDate":"2023-04-03","duns":"118989042","numberOfEmployees":{"@type":"QuantitativeValue","minValue":"11","maxValue":"50"},"publishingPrinciples":"https:\/\/talkpal.ai\/publishing-principles\/","actionableFeedbackPolicy":"https:\/\/talkpal.ai\/actionable-feedback-policy\/","correctionsPolicy":"https:\/\/talkpal.ai\/corrections-policy\/","ethicsPolicy":"https:\/\/talkpal.ai\/ethics-policy\/","diversityPolicy":"https:\/\/talkpal.ai\/diversity-policy\/","diversityStaffingReport":"https:\/\/talkpal.ai\/diversity-policy\/"}]}},"_links":{"self":[{"href":"https:\/\/talkpal.ai\/it\/wp-json\/wp\/v2\/pages\/1463359","targetHints":{"allow":["GET"]}}],"collection":[{"href":"https:\/\/talkpal.ai\/it\/wp-json\/wp\/v2\/pages"}],"about":[{"href":"https:\/\/talkpal.ai\/it\/wp-json\/wp\/v2\/types\/page"}],"author":[{"embeddable":true,"href":"https:\/\/talkpal.ai\/it\/wp-json\/wp\/v2\/users\/20"}],"replies":[{"embeddable":true,"href":"https:\/\/talkpal.ai\/it\/wp-json\/wp\/v2\/comments?post=1463359"}],"version-history":[{"count":0,"href":"https:\/\/talkpal.ai\/it\/wp-json\/wp\/v2\/pages\/1463359\/revisions"}],"wp:attachment":[{"href":"https:\/\/talkpal.ai\/it\/wp-json\/wp\/v2\/media?parent=1463359"}],"curies":[{"name":"wp","href":"https:\/\/api.w.org\/{rel}","templated":true}]}}