{"id":1461816,"date":"2025-10-22T21:13:42","date_gmt":"2025-10-22T21:13:42","guid":{"rendered":"https:\/\/talkpal.ai\/sconto-talkpal-per-utenti-a-basso-reddito\/"},"modified":"2026-01-22T14:37:19","modified_gmt":"2026-01-22T14:37:19","slug":"sconto-talkpal-per-utenti-a-basso-reddito","status":"publish","type":"page","link":"https:\/\/talkpal.ai\/it\/sconto-talkpal-per-utenti-a-basso-reddito\/","title":{"rendered":"Sconto Talkpal per utenti a basso reddito"},"content":{"rendered":"<section class=\"languageChallengeSection\">\r\n    <div class=\"languageInfoWrapper\">\r\n        \r\n        <h1>Sconto Talkpal per utenti a basso reddito<\/h1>\r\n        <p>Hai un budget limitato e vuoi migliorare le tue competenze linguistiche? Talkpal offre uno sconto del 79% per gli utenti a basso reddito, cos\u00ec puoi imparare pi\u00f9 velocemente e in modo pi\u00f9 intelligente per meno. Sblocca tutte le funzionalit\u00e0 premium, esercitati in conversazioni reali con l&#039;intelligenza artificiale e raggiungi la fluidit\u00e0 a met\u00e0 del costo.<\/p>\r\n\r\n                    <a class=\"getStartedHidden\" href=\"https:\/\/app.talkpal.ai\/signup?discount=50\">\r\n                Ottieni uno sconto            <\/a>\r\n            <\/div>\r\n\r\n            <figure>\r\n            <img decoding=\"async\" class=\"no-lazy\" src=\"https:\/\/talkpal.ai\/wp-content\/uploads\/2026\/01\/straight-hair-girl-with-phone-yellow-background.webp\" alt=\"\" fetchpriority=\"high\" \/>\r\n        <\/figure>\r\n        \r\n                    <a class=\"getStartedVisible\" href=\"https:\/\/app.talkpal.ai\/signup?discount=50\">\r\n                Ottieni uno sconto            <\/a>\r\n        <\/section><section class=\"featureSection\">\r\n    <div class=\"featureIntroduce\">\r\n        <a class=\"introduceLink\" href=\"https:\/\/app.talkpal.ai\/it\/signup?lng=\">\r\n            <img decoding=\"async\" src=\"https:\/\/talkpal.ai\/wp-content\/themes\/talkpal\/assets\/img\/Sparkle.svg\" alt=\"\" \/>il pi\u00f9 avanzato\n  Intelligenza artificiale<\/a>\r\n        <h3 class=\"featureTitle\">La differenza di talkpal<\/h3>\r\n    <\/div>\r\n            <div class=\"introduceWrapper\">\r\n                            <a class=\"introducCard\" href=\"https:\/\/app.talkpal.ai\/it\/signup?lng=\">\r\n\r\n                    \r\n                                                <img decoding=\"async\" src=\"https:\/\/talkpal.ai\/wp-content\/uploads\/2025\/05\/Immersive_conversations.png\" alt=\"Immersive Conversation Screenshot\" \/>\r\n                        <h4 class=\"introduceTitle\">Educazione personalizzata<\/h4>\r\n                        <p class=\"cardText\">Ognuno impara in modo diverso e ogni percorso verso la fluidit\u00e0 \u00e8 unico. In Talkpal, la nostra intelligenza artificiale avanzata analizza il modo in cui milioni di persone imparano ogni giorno per offrire esperienze personalizzate, efficienti e coinvolgenti, progettate per supportare gli studenti a basso reddito senza compromettere la qualit\u00e0.<\/p>\r\n                    \r\n                <\/a>\r\n                            <a class=\"introducCard\" href=\"https:\/\/app.talkpal.ai\/it\/signup?lng=\">\r\n\r\n                    \r\n                                                <img decoding=\"async\" src=\"https:\/\/talkpal.ai\/wp-content\/uploads\/2025\/05\/Realtime_feedback.png\" alt=\"Feedback Screenshot\" \/>\r\n                        <h4 class=\"introduceTitle\">Tecnologia all&#039;avanguardia<\/h4>\r\n                        <p class=\"cardText\">La nostra missione \u00e8 rendere l&#039;apprendimento linguistico personalizzato accessibile a persone di tutti i redditi, combinando l&#039;intelligenza artificiale all&#039;avanguardia con metodi di insegnamento collaudati. Con Talkpal, non ti limiti a prendere lezioni, ma segui un percorso su misura che si adatta al tuo ritmo, al tuo stile e ai tuoi obiettivi.<\/p>\r\n                    \r\n                <\/a>\r\n                            <a class=\"introducCard\" href=\"https:\/\/app.talkpal.ai\/it\/signup?lng=\">\r\n\r\n                    \r\n                                                <img decoding=\"async\" src=\"https:\/\/talkpal.ai\/wp-content\/uploads\/2025\/05\/Personalization.png\" alt=\"Personalization Screenshot\" \/>\r\n                        <h4 class=\"introduceTitle\">Rendere divertente l&#039;apprendimento<\/h4>\r\n                        <p class=\"cardText\">Crediamo che l&#039;apprendimento delle lingue debba essere divertente, motivante e conveniente. Ecco perch\u00e9 Talkpal mantiene gli utenti a basso reddito coinvolti e ispirati, rendendo il tempo di studio pi\u00f9 simile a un&#039;avventura emozionante. Unisciti a migliaia di studenti in tutto il mondo e inizia a padroneggiare la tua prossima lingua con Talkpal, senza bisogno di un grande budget.<\/p>\r\n                    \r\n                <\/a>\r\n                            <\/div>\r\n                     <a class=\"featureSectionLink\" href=\"https:\/\/app.talkpal.ai\/signup?discount=50\">\r\n                Ottieni uno sconto            <\/a>\r\n                \r\n<\/section>\r\n\r\n\r\n<section class=\"smartFunSection\">\r\n            \r\n            <div class=\"smartFunCard\">\r\n                <div class=\"smartFunWrapper\"><img decoding=\"async\" src=\"https:\/\/talkpal.ai\/wp-content\/uploads\/2025\/05\/1.png\" alt=\"Learning Stats Screenshot\"><\/div>\r\n                <h3>Su misura per te<\/h3>\r\n                <p>Talkpal utilizza la tecnologia basata sull&#8217;intelligenza artificiale per offrire sessioni personalizzate allineate al tuo livello e ritmo. Ogni lezione soddisfa le tue esigenze individuali e ti aiuta a fare progressi costanti, a un prezzo che si adatta a un budget limitato.<\/p>\r\n            <\/div>\r\n\r\n        \r\n            <div class=\"smartFunCard\">\r\n                <div class=\"smartFunWrapper\"><img decoding=\"async\" src=\"https:\/\/talkpal.ai\/wp-content\/uploads\/2025\/05\/2.png\" alt=\"Pronunciation Score Screenshot\"><\/div>\r\n                <h3>Efficace ed efficiente<\/h3>\r\n                <p>Migliora le tue capacit\u00e0 di lettura, ascolto e conversazione in modo efficiente con Talkpal. I nostri strumenti innovativi rendono lo studio delle lingue efficace e piacevole per gli utenti a basso reddito e per gli studenti di ogni provenienza.<\/p>\r\n            <\/div>\r\n\r\n        \r\n            <div class=\"smartFunCard\">\r\n                <div class=\"smartFunWrapper\"><img decoding=\"async\" src=\"https:\/\/talkpal.ai\/wp-content\/uploads\/2025\/05\/3.png\" alt=\"Chat Topics Screenshot\"><\/div>\r\n                <h3>Mantenere il coinvolgimento<\/h3>\r\n                <p>La piattaforma combina elementi ludici, sfide coinvolgenti e suggerimenti stimolanti per mantenerti motivato e coerente. Con Talkpal, l&#8217;apprendimento delle lingue diventa un&#8217;abitudine quotidiana divertente, accessibile anche con un budget limitato.<\/p>\r\n            <\/div>\r\n\r\n        \r\n            <div class=\"smartFunCard\">\r\n                <div class=\"smartFunWrapper\"><img decoding=\"async\" src=\"https:\/\/talkpal.ai\/wp-content\/uploads\/2025\/05\/4.png\" alt=\"Dashboard Screenshot\"><\/div>\r\n                <h3>Divertiti ad imparare<\/h3>\r\n                <p>Padroneggiare una nuova lingua non dovrebbe sembrare noioso o fuori portata. Talkpal offre esercizi interattivi, personaggi vivaci e persino conversazioni umoristiche con l&#8217;intelligenza artificiale per rendere l&#8217;apprendimento una parte divertente e conveniente della giornata di ogni utente a basso reddito.<\/p>\r\n            <\/div>\r\n\r\n            \r\n<\/section>\r\n\r\n<section class=\"promotionalBanner\">\r\n    <p class=\"promotionalText\">Talkpal per utenti a basso reddito &#8211; Inizia a imparare con un prezzo scontato<\/p>\r\n                <a class=\"promotionalLink\" href=\"https:\/\/app.talkpal.ai\/signup?discount=50\">\r\n                Ottieni uno sconto            <\/a>\r\n            \r\n<\/section>","protected":false},"excerpt":{"rendered":"","protected":false},"author":20,"featured_media":0,"parent":0,"menu_order":0,"comment_status":"closed","ping_status":"closed","template":"LearningContentPage.php","meta":{"_acf_changed":false,"footnotes":""},"class_list":["post-1461816","page","type-page","status-publish","hentry"],"acf":[],"yoast_head":"<!-- This site is optimized with the Yoast SEO Premium plugin v27.2 (Yoast SEO v27.2) - https:\/\/yoast.com\/product\/yoast-seo-premium-wordpress\/ -->\n<title>Sconto Talkpal per utenti a basso reddito - Talkpal<\/title>\n<meta name=\"description\" content=\"Talkpal offre uno sconto del 79% per gli utenti a basso reddito per sbloccare funzionalit\u00e0 premium per l&#039;apprendimento delle lingue a met\u00e0 del costo.\" \/>\n<meta name=\"robots\" content=\"index, follow, max-snippet:-1, max-image-preview:large, max-video-preview:-1\" \/>\n<link rel=\"canonical\" href=\"https:\/\/talkpal.ai\/it\/sconto-talkpal-per-utenti-a-basso-reddito\/\" \/>\n<meta property=\"og:locale\" content=\"it_IT\" \/>\n<meta property=\"og:type\" content=\"article\" \/>\n<meta property=\"og:title\" content=\"Sconto Talkpal per utenti a basso reddito\" \/>\n<meta property=\"og:url\" content=\"https:\/\/talkpal.ai\/it\/sconto-talkpal-per-utenti-a-basso-reddito\/\" \/>\n<meta property=\"og:site_name\" content=\"Talkpal\" \/>\n<meta property=\"article:publisher\" content=\"https:\/\/www.facebook.com\/profile.php?id=100090733639311\" \/>\n<meta property=\"article:modified_time\" content=\"2026-01-22T14:37:19+00:00\" \/>\n<meta property=\"og:image\" content=\"https:\/\/talkpal.ai\/wp-content\/uploads\/2025\/02\/Progress-tab-16_9.png\" \/>\n\t<meta property=\"og:image:width\" content=\"2880\" \/>\n\t<meta property=\"og:image:height\" content=\"1620\" \/>\n\t<meta property=\"og:image:type\" content=\"image\/png\" \/>\n<meta name=\"twitter:card\" content=\"summary_large_image\" \/>\n<meta name=\"twitter:site\" content=\"@talkpalai\" \/>\n<script type=\"application\/ld+json\" class=\"yoast-schema-graph\">{\"@context\":\"https:\/\/schema.org\",\"@graph\":[{\"@type\":\"WebPage\",\"@id\":\"https:\/\/talkpal.ai\/it\/sconto-talkpal-per-utenti-a-basso-reddito\/\",\"url\":\"https:\/\/talkpal.ai\/it\/sconto-talkpal-per-utenti-a-basso-reddito\/\",\"name\":\"Sconto Talkpal per utenti a basso reddito - Talkpal\",\"isPartOf\":{\"@id\":\"https:\/\/talkpal.ai\/it\/#website\"},\"datePublished\":\"2025-10-22T21:13:42+00:00\",\"dateModified\":\"2026-01-22T14:37:19+00:00\",\"description\":\"Talkpal offre uno sconto del 79% per gli utenti a basso reddito per sbloccare funzionalit\u00e0 premium per l'apprendimento delle lingue a met\u00e0 del costo.\",\"breadcrumb\":{\"@id\":\"https:\/\/talkpal.ai\/it\/sconto-talkpal-per-utenti-a-basso-reddito\/#breadcrumb\"},\"inLanguage\":\"it-IT\",\"potentialAction\":[{\"@type\":\"ReadAction\",\"target\":[\"https:\/\/talkpal.ai\/it\/sconto-talkpal-per-utenti-a-basso-reddito\/\"]}]},{\"@type\":\"BreadcrumbList\",\"@id\":\"https:\/\/talkpal.ai\/it\/sconto-talkpal-per-utenti-a-basso-reddito\/#breadcrumb\",\"itemListElement\":[{\"@type\":\"ListItem\",\"position\":1,\"name\":\"Homepage\",\"item\":\"https:\/\/talkpal.ai\/it\/\"},{\"@type\":\"ListItem\",\"position\":2,\"name\":\"Sconto Talkpal per utenti a basso reddito\"}]},{\"@type\":\"WebSite\",\"@id\":\"https:\/\/talkpal.ai\/it\/#website\",\"url\":\"https:\/\/talkpal.ai\/it\/\",\"name\":\"Talkpal\",\"description\":\"AI Language Learning\",\"publisher\":{\"@id\":\"https:\/\/talkpal.ai\/it\/#organization\"},\"alternateName\":\"Talkpal AI\",\"potentialAction\":[{\"@type\":\"SearchAction\",\"target\":{\"@type\":\"EntryPoint\",\"urlTemplate\":\"https:\/\/talkpal.ai\/it\/?s={search_term_string}\"},\"query-input\":{\"@type\":\"PropertyValueSpecification\",\"valueRequired\":true,\"valueName\":\"search_term_string\"}}],\"inLanguage\":\"it-IT\"},{\"@type\":\"Organization\",\"@id\":\"https:\/\/talkpal.ai\/it\/#organization\",\"name\":\"Talkpal, Inc.\",\"alternateName\":\"Talkpal AI\",\"url\":\"https:\/\/talkpal.ai\/it\/\",\"logo\":{\"@type\":\"ImageObject\",\"inLanguage\":\"it-IT\",\"@id\":\"https:\/\/talkpal.ai\/it\/#\/schema\/logo\/image\/\",\"url\":\"https:\/\/talkpal.ai\/wp-content\/uploads\/2024\/03\/Talkpal-Logo-Icon.png\",\"contentUrl\":\"https:\/\/talkpal.ai\/wp-content\/uploads\/2024\/03\/Talkpal-Logo-Icon.png\",\"width\":2880,\"height\":2880,\"caption\":\"Talkpal, Inc.\"},\"image\":{\"@id\":\"https:\/\/talkpal.ai\/it\/#\/schema\/logo\/image\/\"},\"sameAs\":[\"https:\/\/www.facebook.com\/profile.php?id=100090733639311\",\"https:\/\/x.com\/talkpalai\",\"https:\/\/www.linkedin.com\/company\/talkpal\/\",\"https:\/\/www.youtube.com\/@TalkPal\/\",\"https:\/\/www.tiktok.com\/@talkpal\",\"https:\/\/www.instagram.com\/talkpal_ai\/\",\"https:\/\/www.crunchbase.com\/organization\/talkpal-9cde\",\"https:\/\/www.g2.com\/products\/talkpal-for-business\/\",\"https:\/\/www.trustpilot.com\/review\/talkpal.ai\",\"https:\/\/www.capterra.com\/p\/10006800\/TalkPal\/\"],\"description\":\"Talkpal is a language learning web and mobile education app, powered by the latest AI technologies, that provides engaging experiences to its customers in many different languages to help them improve their language skills. Users can chat about unlimited amount of topics with the app and use other modes to practice their language learning.\",\"email\":\"support@talkpal.ai\",\"legalName\":\"Talkpal, Inc.\",\"foundingDate\":\"2023-04-03\",\"duns\":\"118989042\",\"numberOfEmployees\":{\"@type\":\"QuantitativeValue\",\"minValue\":\"11\",\"maxValue\":\"50\"},\"publishingPrinciples\":\"https:\/\/talkpal.ai\/publishing-principles\/\",\"actionableFeedbackPolicy\":\"https:\/\/talkpal.ai\/actionable-feedback-policy\/\",\"correctionsPolicy\":\"https:\/\/talkpal.ai\/corrections-policy\/\",\"ethicsPolicy\":\"https:\/\/talkpal.ai\/ethics-policy\/\",\"diversityPolicy\":\"https:\/\/talkpal.ai\/diversity-policy\/\",\"diversityStaffingReport\":\"https:\/\/talkpal.ai\/diversity-policy\/\"}]}<\/script>\n<!-- \/ Yoast SEO Premium plugin. -->","yoast_head_json":{"title":"Sconto Talkpal per utenti a basso reddito - Talkpal","description":"Talkpal offre uno sconto del 79% per gli utenti a basso reddito per sbloccare funzionalit\u00e0 premium per l'apprendimento delle lingue a met\u00e0 del costo.","robots":{"index":"index","follow":"follow","max-snippet":"max-snippet:-1","max-image-preview":"max-image-preview:large","max-video-preview":"max-video-preview:-1"},"canonical":"https:\/\/talkpal.ai\/it\/sconto-talkpal-per-utenti-a-basso-reddito\/","og_locale":"it_IT","og_type":"article","og_title":"Sconto Talkpal per utenti a basso reddito","og_url":"https:\/\/talkpal.ai\/it\/sconto-talkpal-per-utenti-a-basso-reddito\/","og_site_name":"Talkpal","article_publisher":"https:\/\/www.facebook.com\/profile.php?id=100090733639311","article_modified_time":"2026-01-22T14:37:19+00:00","og_image":[{"width":2880,"height":1620,"url":"https:\/\/talkpal.ai\/wp-content\/uploads\/2025\/02\/Progress-tab-16_9.png","type":"image\/png"}],"twitter_card":"summary_large_image","twitter_site":"@talkpalai","schema":{"@context":"https:\/\/schema.org","@graph":[{"@type":"WebPage","@id":"https:\/\/talkpal.ai\/it\/sconto-talkpal-per-utenti-a-basso-reddito\/","url":"https:\/\/talkpal.ai\/it\/sconto-talkpal-per-utenti-a-basso-reddito\/","name":"Sconto Talkpal per utenti a basso reddito - Talkpal","isPartOf":{"@id":"https:\/\/talkpal.ai\/it\/#website"},"datePublished":"2025-10-22T21:13:42+00:00","dateModified":"2026-01-22T14:37:19+00:00","description":"Talkpal offre uno sconto del 79% per gli utenti a basso reddito per sbloccare funzionalit\u00e0 premium per l'apprendimento delle lingue a met\u00e0 del costo.","breadcrumb":{"@id":"https:\/\/talkpal.ai\/it\/sconto-talkpal-per-utenti-a-basso-reddito\/#breadcrumb"},"inLanguage":"it-IT","potentialAction":[{"@type":"ReadAction","target":["https:\/\/talkpal.ai\/it\/sconto-talkpal-per-utenti-a-basso-reddito\/"]}]},{"@type":"BreadcrumbList","@id":"https:\/\/talkpal.ai\/it\/sconto-talkpal-per-utenti-a-basso-reddito\/#breadcrumb","itemListElement":[{"@type":"ListItem","position":1,"name":"Homepage","item":"https:\/\/talkpal.ai\/it\/"},{"@type":"ListItem","position":2,"name":"Sconto Talkpal per utenti a basso reddito"}]},{"@type":"WebSite","@id":"https:\/\/talkpal.ai\/it\/#website","url":"https:\/\/talkpal.ai\/it\/","name":"Talkpal","description":"AI Language Learning","publisher":{"@id":"https:\/\/talkpal.ai\/it\/#organization"},"alternateName":"Talkpal AI","potentialAction":[{"@type":"SearchAction","target":{"@type":"EntryPoint","urlTemplate":"https:\/\/talkpal.ai\/it\/?s={search_term_string}"},"query-input":{"@type":"PropertyValueSpecification","valueRequired":true,"valueName":"search_term_string"}}],"inLanguage":"it-IT"},{"@type":"Organization","@id":"https:\/\/talkpal.ai\/it\/#organization","name":"Talkpal, Inc.","alternateName":"Talkpal AI","url":"https:\/\/talkpal.ai\/it\/","logo":{"@type":"ImageObject","inLanguage":"it-IT","@id":"https:\/\/talkpal.ai\/it\/#\/schema\/logo\/image\/","url":"https:\/\/talkpal.ai\/wp-content\/uploads\/2024\/03\/Talkpal-Logo-Icon.png","contentUrl":"https:\/\/talkpal.ai\/wp-content\/uploads\/2024\/03\/Talkpal-Logo-Icon.png","width":2880,"height":2880,"caption":"Talkpal, Inc."},"image":{"@id":"https:\/\/talkpal.ai\/it\/#\/schema\/logo\/image\/"},"sameAs":["https:\/\/www.facebook.com\/profile.php?id=100090733639311","https:\/\/x.com\/talkpalai","https:\/\/www.linkedin.com\/company\/talkpal\/","https:\/\/www.youtube.com\/@TalkPal\/","https:\/\/www.tiktok.com\/@talkpal","https:\/\/www.instagram.com\/talkpal_ai\/","https:\/\/www.crunchbase.com\/organization\/talkpal-9cde","https:\/\/www.g2.com\/products\/talkpal-for-business\/","https:\/\/www.trustpilot.com\/review\/talkpal.ai","https:\/\/www.capterra.com\/p\/10006800\/TalkPal\/"],"description":"Talkpal is a language learning web and mobile education app, powered by the latest AI technologies, that provides engaging experiences to its customers in many different languages to help them improve their language skills. Users can chat about unlimited amount of topics with the app and use other modes to practice their language learning.","email":"support@talkpal.ai","legalName":"Talkpal, Inc.","foundingDate":"2023-04-03","duns":"118989042","numberOfEmployees":{"@type":"QuantitativeValue","minValue":"11","maxValue":"50"},"publishingPrinciples":"https:\/\/talkpal.ai\/publishing-principles\/","actionableFeedbackPolicy":"https:\/\/talkpal.ai\/actionable-feedback-policy\/","correctionsPolicy":"https:\/\/talkpal.ai\/corrections-policy\/","ethicsPolicy":"https:\/\/talkpal.ai\/ethics-policy\/","diversityPolicy":"https:\/\/talkpal.ai\/diversity-policy\/","diversityStaffingReport":"https:\/\/talkpal.ai\/diversity-policy\/"}]}},"_links":{"self":[{"href":"https:\/\/talkpal.ai\/it\/wp-json\/wp\/v2\/pages\/1461816","targetHints":{"allow":["GET"]}}],"collection":[{"href":"https:\/\/talkpal.ai\/it\/wp-json\/wp\/v2\/pages"}],"about":[{"href":"https:\/\/talkpal.ai\/it\/wp-json\/wp\/v2\/types\/page"}],"author":[{"embeddable":true,"href":"https:\/\/talkpal.ai\/it\/wp-json\/wp\/v2\/users\/20"}],"replies":[{"embeddable":true,"href":"https:\/\/talkpal.ai\/it\/wp-json\/wp\/v2\/comments?post=1461816"}],"version-history":[{"count":0,"href":"https:\/\/talkpal.ai\/it\/wp-json\/wp\/v2\/pages\/1461816\/revisions"}],"wp:attachment":[{"href":"https:\/\/talkpal.ai\/it\/wp-json\/wp\/v2\/media?parent=1461816"}],"curies":[{"name":"wp","href":"https:\/\/api.w.org\/{rel}","templated":true}]}}