{"id":145813,"date":"2023-05-14T14:10:24","date_gmt":"2023-05-14T14:10:24","guid":{"rendered":"http:\/\/talkpal.ai\/grammatica-lettone\/"},"modified":"2025-12-17T17:12:28","modified_gmt":"2025-12-17T17:12:28","slug":"grammatica-lettone","status":"publish","type":"page","link":"https:\/\/talkpal.ai\/it\/grammatica-lettone\/","title":{"rendered":"Grammatica lettone"},"content":{"rendered":"\r\n\r\n\r\n<section class=\"languageChallengeSection\">\r\n    <div class=\"languageInfoWrapper\">\r\n        \r\n        <h1>Grammatica lettone<\/h1>\r\n        <p>Esplora il mondo unico della <a href=\"https:\/\/talkpal.ai\/latvian-grammar\/\">grammatica lettone<\/a> e scopri la bellezza di una delle lingue pi\u00f9 vivaci della regione baltica. Comprendendo la sua struttura e le <a href=\"https:\/\/talkpal.ai\/locations\/language-courses-in-sue\/\">sue<\/a> regole, aumenterai la tua sicurezza e le tue capacit\u00e0 di comunicazione. Inizia a imparare la <a href=\"https:\/\/talkpal.ai\/grammar\/\">grammatica<\/a> <a href=\"https:\/\/talkpal.ai\/learn-latvian\/\">lettone<\/a> oggi stesso e fai il primo passo verso la fluidit\u00e0!\n\n<\/p>\r\n\r\n                            <a class=\"getStartedHidden\" href=\"https:\/\/app.talkpal.ai\/it\/signup?lng=\">Comincia<\/a>\r\n        \r\n    <\/div>\r\n\r\n    <figure>\r\n    <img decoding=\"async\" width=\"768\" height=\"768\" src=\"https:\/\/talkpal.ai\/wp-content\/uploads\/2023\/06\/latvian-768x768.png\" class=\"languageImage no-lazy\" alt=\"Default alt text\" fetchpriority=\"high\" sizes=\"(max-width: 768px) 150px, 768px\" srcset=\"https:\/\/talkpal.ai\/wp-content\/uploads\/2023\/06\/latvian-768x768.png 768w, https:\/\/talkpal.ai\/wp-content\/uploads\/2023\/06\/latvian-300x300.png 300w\" \/>\r\n    \r\n\r\n    <\/figure>\r\n\r\n            <a class=\"getStartedVisible\" href=\"https:\/\/app.talkpal.ai\/it\/signup?lng=\">Comincia<\/a>\r\n    \r\n<\/section>\r\n        <section class=\"grammarSection\">\r\n            <div class=\"grammarLinks\">\r\n                <a href=\"https:\/\/talkpal.ai\/it\/language\/aggettivi-grammatica-lettone\/\">Aggettivi <\/a><a href=\"https:\/\/talkpal.ai\/it\/language\/articoli-grammatica-lettone\/\">Articoli <\/a><a href=\"https:\/\/talkpal.ai\/it\/language\/avverbi-grammatica-lettone\/\">Avverbi <\/a><a href=\"https:\/\/talkpal.ai\/it\/language\/condizionali-grammatica-lettone\/\">Condizionali <\/a><a href=\"https:\/\/talkpal.ai\/it\/language\/confronto-dei-tempi-verbali-grammatica-lettone\/\">Confronto dei tempi verbali <\/a><a href=\"https:\/\/talkpal.ai\/it\/language\/frasi-grammatica-lettone\/\">Frasi <\/a><a href=\"https:\/\/talkpal.ai\/it\/language\/preposizioni-grammatica-lettone\/\">Preposizioni <\/a><a href=\"https:\/\/talkpal.ai\/it\/language\/progressivo-grammatica-lettone\/\">Progressivo <\/a><a href=\"https:\/\/talkpal.ai\/it\/language\/progressivo-perfetto-grammatica-lettone\/\">Progressivo perfetto <\/a><a href=\"https:\/\/talkpal.ai\/it\/language\/pronomi-determinanti-grammatica-lettone\/\">Pronomi\/Determinanti <\/a><a href=\"https:\/\/talkpal.ai\/it\/language\/sostantivi-grammatica-lettone\/\">Sostantivi <\/a><a href=\"https:\/\/talkpal.ai\/it\/language\/tempi-verbali-grammatica-lettone\/\">Tempi verbali <\/a><a href=\"https:\/\/talkpal.ai\/it\/language\/verbi-grammatica-lettone\/\">Verbi <\/a>            <\/div>\r\n        <\/section>\r\n    <section class=\"promotionalBanner\">\r\n    <p class=\"promotionalText\">Il modo pi\u00f9 efficace per imparare una lingua<\/p>\r\n    <a class=\"promotionalLink\" href=\"https:\/\/app.talkpal.ai\/it\/signup?lng=\">Prova Talkpal gratuitamente<\/a>\r\n<\/section>\n<div class=\"wp-block-group pageContainerStyle\"><div class=\"wp-block-group__inner-container is-layout-constrained wp-block-group-is-layout-constrained\">\n<h2 class=\"wp-block-heading\" id=\"h-the-ultimate-guide-to-latvian-grammar-navigating-the-intricacies-of-a-unique-language\">La guida definitiva alla grammatica lettone: navigare nelle complessit\u00e0 di una lingua unica<\/h2>\n\n\n\n<p>La grammatica lettone, come la lingua stessa, presenta un ricco e affascinante arazzo di elementi linguistici. Essendo una lingua baltica, il lettone affascina gli <a href=\"https:\/\/talkpal.ai\/talkpal-discount-for-students\/\">studenti<\/a> con le sue diverse caratteristiche e sfida anche i parlanti pi\u00f9 esperti. In questa guida esploreremo i principi chiave della grammatica lettone, ne demistificheremo le complessit\u00e0 e ti aiuteremo a diventare fluente in questa lingua affascinante. Cominciamo!<\/p>\n\n\n\n<h3 class=\"wp-block-heading\" id=\"h-the-nuts-and-bolts-latvian-sentence-structure\">I dadi e i bulloni: struttura della frase lettone<\/h3>\n\n\n\n<p>Fondamentalmente, la grammatica lettone \u00e8 abbastanza semplice. La lingua segue generalmente la struttura della frase Soggetto-Verbo-Oggetto (SVO), simile all&#8217;inglese e a molte altre lingue. Ad esempio, la frase &#8220;Mangio una mela&#8221; si traduce in &#8220;Es \u0113du \u0101bolu&#8221; (Es \u0113du \u0101bolu). Semplice, no? Tuttavia, scavando pi\u00f9 a fondo, scoprirai alcune caratteristiche intriganti e distintive della grammatica lettone.<\/p>\n\n\n\n<h3 class=\"wp-block-heading\" id=\"h-meet-the-family-latvian-nouns-and-their-cases\">Incontra la famiglia: i sostantivi lettoni e i loro casi<\/h3>\n\n\n\n<p>Una delle caratteristiche pi\u00f9 sconcertanti della grammatica lettone per gli anglofoni \u00e8 la nozione di casi grammaticali. In lettone ci sono sette casi: nominativo, genitivo, dativo, accusativo, locativo, strumentale e vocativo. Ogni caso ha la sua funzione e influisce sulla forma di sostantivi, aggettivi, pronomi e talvolta anche verbi.<\/p>\n\n\n\n<p>Ad esempio, prendiamo la parola &#8220;\u0101bols&#8221; (\u0101bols) che significa &#8220;mela&#8221;:<\/p>\n\n\n\n<p><strong>&#8211; Caso nominativo (usato per i soggetti): \u0101bols<\/strong><\/p>\n\n\n\n<p><strong>&#8211; Caso genitivo (usato per il possesso): \u0101bola<\/strong><\/p>\n\n\n\n<p><strong>&#8211; Caso dativo (usato per gli oggetti indiretti): \u0101bolam<\/strong><\/p>\n\n\n\n<p><strong>&#8211; Caso accusativo (usato per gli oggetti diretti): \u0101bolu<\/strong><\/p>\n\n\n\n<p><strong>&#8211; Caso locativo (usato per la posizione): \u0101bol\u0101<\/strong><\/p>\n\n\n\n<p><strong>&#8211; Caso strumentale (usato per i mezzi con cui viene eseguita un&#8217;azione): \u0101bolu\/-iem<\/strong><\/p>\n\n\n\n<p><strong>&#8211; Caso vocativo (usato per rivolgersi a qualcuno o qualcosa): \u0101bol<\/strong><\/p>\n\n\n\n<p>\u00c8 importante familiarizzare con questi casi, perch\u00e9 possono cambiare radicalmente il significato delle tue frasi.<\/p>\n\n\n\n<h3 class=\"wp-block-heading\" id=\"h-playing-with-numbers-latvian-plurals-and-genders\">Giocare con i numeri: plurali e generi lettoni<\/h3>\n\n\n\n<p>Quando si formano i plurali in lettone, \u00e8 fondamentale <a href=\"https:\/\/talkpal.ai\/culture\/how-do-you-use-the-phrase-tenere-a-to-express-that-you-care-about-something\/\">tenere a<\/a> mente il genere del sostantivo. In lettone, i sostantivi hanno due generi: maschile e femminile. Il genere influenza le desinenze di sostantivi, aggettivi, numeri e alcune forme verbali.<\/p>\n\n\n\n<p>In generale, i sostantivi maschili al plurale terminano in -i, mentre i sostantivi femminili terminano in -as. Ad esempio, &#8220;zirgs&#8221; (zirgs, sostantivo maschile che significa &#8220;cavallo&#8221;) diventa &#8220;zirgi&#8221; (zirgi, cavalli) e &#8220;sieviete&#8221; (sieviete, sostantivo femminile che significa &#8220;donna&#8221;) diventa &#8220;sievietes&#8221; (sievietes, donne).<\/p>\n\n\n\n<p>Naturalmente esistono delle eccezioni, per questo \u00e8 fondamentale imparare i sostantivi con il loro genere e conoscere i plurali irregolari.<\/p>\n\n\n\n<h3 class=\"wp-block-heading\" id=\"h-the-art-of-conjugation-latvian-verbs\">L&#8217;arte della coniugazione: i verbi lettoni<\/h3>\n\n\n\n<p>I verbi lettoni possono inizialmente sembrare scoraggianti a causa dei loro numerosi tempi, modi e coniugazioni. Tuttavia, la chiave per comprenderli \u00e8 riconoscere i modelli comuni e praticare regolarmente.<\/p>\n\n\n\n<p>In lettone, i verbi sono divisi in tre gruppi in base alle loro desinenze all&#8217;infinito, -t, -ties e -ties\/-t. Ogni gruppo ha regole di coniugazione specifiche. Prendiamo come esempio il verbo &#8220;las\u012bt&#8221; (las\u012bt, &#8220;leggere&#8221;):<\/p>\n\n\n\n<p><strong>Tempo presente: Es lasu (Es lasu, &#8220;ho letto&#8221;)<\/strong><\/p>\n\n\n\n<p><strong>Tempo passato: Es las\u012bju (Es las\u012bju, &#8220;ho letto&#8221;)<\/strong><\/p>\n\n\n\n<p><strong>Tempo futuro: Es las\u012b\u0161u (Es las\u012b\u0161u, &#8220;legger\u00f2&#8221;)<\/strong><\/p>\n\n\n\n<p>Come puoi vedere, i finali cambiano a seconda del tempo. E questo non \u00e8 nemmeno un graffio alla superficie della coniugazione dei verbi lettoni! Tuttavia, non lasciarti scoraggiare. Con la pratica e la pazienza, inizierai a riconoscere gli schemi e a vincere questa sfida.<\/p>\n\n\n\n<h3 class=\"wp-block-heading\" id=\"h-the-finishing-touches-latvian-adjectives-adverbs-and-more\">Gli ultimi ritocchi: aggettivi, avverbi e altro in lettone<\/h3>\n\n\n\n<p>Quando si tratta di aggettivi e avverbi lettoni, svolgono un ruolo fondamentale nell&#8217;aggiungere profondit\u00e0 e complessit\u00e0 al tuo discorso. Gli aggettivi devono concordare con i sostantivi che modificano in termini di genere e caso, con desinenze che variano di conseguenza.<\/p>\n\n\n\n<p>Ad esempio, &#8220;gar\u0161\u012bgs&#8221; (gar\u0161\u012bgs) significa &#8220;delizioso&#8221; e potresti vederlo come &#8220;gar\u0161\u012bgs \u0101bols&#8221; (gar\u0161\u012bgs \u0101bols, &#8220;mela deliziosa&#8221;) o &#8220;gar\u0161\u012bga zupa&#8221; (gar\u0161\u012bga zupa, &#8220;zuppa deliziosa&#8221;), con terminazioni diverse per i sostantivi maschili e femminili.<\/p>\n\n\n\n<p>Gli avverbi di solito seguono schemi simili, spesso derivati da aggettivi. In lettone, la maggior parte degli avverbi termina in -i, che \u00e8 la stessa forma dell&#8217;accusativo maschile singolare per gli aggettivi.<\/p>\n\n\n\n<p>In conclusione, le complessit\u00e0 e le peculiarit\u00e0 della grammatica lettone, sebbene impegnative, conferiscono alla lingua la sua bellezza e il suo carattere accattivante. Con una combinazione di perseveranza, curiosit\u00e0 e applicazione pratica, riuscirai presto a destreggiarti nella grammatica lettone con facilit\u00e0 e sicurezza. Buon apprendimento!<\/p>\n<\/div><\/div>\n\r\n<section class=\"learnNavigationSection\">\r\n            \r\n        <a href=\"https:\/\/talkpal.ai\/it\/imparare-il-lettone\/\">\r\n            <div class=\"learnNavigationWrapper\">\r\n                <div class=\"learnNavigationContent\">\r\n                    <img decoding=\"async\" src=\"https:\/\/talkpal.ai\/wp-content\/uploads\/2024\/08\/Latvian.jpg\" alt=\"Latvian Flag\">\r\n                    <div>\r\n                        <h4>Informazioni sull&#039;apprendimento del lettone<\/h4>\r\n                        <p>Scoprite tutto sulla grammatica lettone.<\/p>\r\n                    <\/div>\r\n                <\/div>\r\n            <\/div>\r\n        <\/a>\r\n\r\n        \r\n        <a href=\"https:\/\/talkpal.ai\/it\/esercizi-di-grammatica-lettone\/\">\r\n            <div class=\"learnNavigationWrapper\">\r\n                <div class=\"learnNavigationContent\">\r\n                    <img decoding=\"async\" src=\"https:\/\/talkpal.ai\/wp-content\/uploads\/2024\/08\/Latvian.jpg\" alt=\"Latvian Flag\">\r\n                    <div>\r\n                        <h4>Esercizio di grammatica lettone<\/h4>\r\n                        <p>Pratica la grammatica lettone.<\/p>\r\n                    <\/div>\r\n                <\/div>\r\n            <\/div>\r\n        <\/a>\r\n\r\n        \r\n        <a href=\"https:\/\/talkpal.ai\/vocabulary_language\/latvian\/\">\r\n            <div class=\"learnNavigationWrapper\">\r\n                <div class=\"learnNavigationContent\">\r\n                    <img decoding=\"async\" src=\"https:\/\/talkpal.ai\/wp-content\/uploads\/2024\/08\/Latvian.jpg\" alt=\"Latvian Flag\">\r\n                    <div>\r\n                        <h4>Vocabolario lettone<\/h4>\r\n                        <p>Amplia il tuo vocabolario lettone.<\/p>\r\n                    <\/div>\r\n                <\/div>\r\n            <\/div>\r\n        <\/a>\r\n\r\n            <\/section>","protected":false},"excerpt":{"rendered":"<p>La guida definitiva alla grammatica lettone: navigare nelle complessit\u00e0 di una lingua unica La grammatica lettone, come la lingua stessa, presenta un ricco e affascinante arazzo di elementi linguistici. Essendo una lingua baltica, il lettone affascina gli studenti con le sue diverse caratteristiche e sfida anche i parlanti pi\u00f9 esperti. In questa guida esploreremo i [&hellip;]<\/p>\n","protected":false},"author":1,"featured_media":28447,"parent":0,"menu_order":0,"comment_status":"closed","ping_status":"closed","template":"LearningContentPage.php","meta":{"_acf_changed":false,"footnotes":""},"class_list":["post-145813","page","type-page","status-publish","has-post-thumbnail","hentry"],"acf":[],"yoast_head":"<!-- This site is optimized with the Yoast SEO Premium plugin v27.2 (Yoast SEO v27.2) - https:\/\/yoast.com\/product\/yoast-seo-premium-wordpress\/ -->\n<title>Grammatica lettone - Talkpal<\/title>\n<meta name=\"description\" content=\"Impara la grammatica lettone con sicurezza: impara le regole, esercitati nell&#039;uso e aumenta la precisione della lingua con la guida personalizzata dell&#039;intelligenza artificiale. TalkpalLa guida personalizzata dell&#039;intelligenza artificiale.\" \/>\n<meta name=\"robots\" content=\"index, follow, max-snippet:-1, max-image-preview:large, max-video-preview:-1\" \/>\n<link rel=\"canonical\" href=\"https:\/\/talkpal.ai\/it\/grammatica-lettone\/\" \/>\n<meta property=\"og:locale\" content=\"it_IT\" \/>\n<meta property=\"og:type\" content=\"article\" \/>\n<meta property=\"og:title\" content=\"Grammatica lettone\" \/>\n<meta property=\"og:description\" content=\"La guida definitiva alla grammatica lettone: navigare nelle complessit\u00e0 di una lingua unica La grammatica lettone, come la lingua stessa, presenta un\" \/>\n<meta property=\"og:url\" content=\"https:\/\/talkpal.ai\/it\/grammatica-lettone\/\" \/>\n<meta property=\"og:site_name\" content=\"Talkpal\" \/>\n<meta property=\"article:publisher\" content=\"https:\/\/www.facebook.com\/profile.php?id=100090733639311\" \/>\n<meta property=\"article:modified_time\" content=\"2025-12-17T17:12:28+00:00\" \/>\n<meta property=\"og:image\" content=\"https:\/\/talkpal.ai\/wp-content\/uploads\/2023\/05\/latvia.png\" \/>\n\t<meta property=\"og:image:width\" content=\"512\" \/>\n\t<meta property=\"og:image:height\" content=\"512\" \/>\n\t<meta property=\"og:image:type\" content=\"image\/png\" \/>\n<meta name=\"twitter:card\" content=\"summary_large_image\" \/>\n<meta name=\"twitter:site\" content=\"@talkpalai\" \/>\n<meta name=\"twitter:label1\" content=\"Tempo di lettura stimato\" \/>\n\t<meta name=\"twitter:data1\" content=\"3 minuti\" \/>\n<script type=\"application\/ld+json\" class=\"yoast-schema-graph\">{\"@context\":\"https:\/\/schema.org\",\"@graph\":[{\"@type\":\"WebPage\",\"@id\":\"https:\/\/talkpal.ai\/it\/grammatica-lettone\/\",\"url\":\"https:\/\/talkpal.ai\/it\/grammatica-lettone\/\",\"name\":\"Grammatica lettone - Talkpal\",\"isPartOf\":{\"@id\":\"https:\/\/talkpal.ai\/it\/#website\"},\"primaryImageOfPage\":{\"@id\":\"https:\/\/talkpal.ai\/it\/grammatica-lettone\/#primaryimage\"},\"image\":{\"@id\":\"https:\/\/talkpal.ai\/it\/grammatica-lettone\/#primaryimage\"},\"thumbnailUrl\":\"https:\/\/talkpal.ai\/wp-content\/uploads\/2023\/05\/latvia.png\",\"datePublished\":\"2023-05-14T14:10:24+00:00\",\"dateModified\":\"2025-12-17T17:12:28+00:00\",\"description\":\"Impara la grammatica lettone con sicurezza: impara le regole, esercitati nell'uso e aumenta la precisione della lingua con la guida personalizzata dell'intelligenza artificiale. TalkpalLa guida personalizzata dell'intelligenza artificiale.\",\"breadcrumb\":{\"@id\":\"https:\/\/talkpal.ai\/it\/grammatica-lettone\/#breadcrumb\"},\"inLanguage\":\"it-IT\",\"potentialAction\":[{\"@type\":\"ReadAction\",\"target\":[\"https:\/\/talkpal.ai\/it\/grammatica-lettone\/\"]}]},{\"@type\":\"ImageObject\",\"inLanguage\":\"it-IT\",\"@id\":\"https:\/\/talkpal.ai\/it\/grammatica-lettone\/#primaryimage\",\"url\":\"https:\/\/talkpal.ai\/wp-content\/uploads\/2023\/05\/latvia.png\",\"contentUrl\":\"https:\/\/talkpal.ai\/wp-content\/uploads\/2023\/05\/latvia.png\",\"width\":512,\"height\":512},{\"@type\":\"BreadcrumbList\",\"@id\":\"https:\/\/talkpal.ai\/it\/grammatica-lettone\/#breadcrumb\",\"itemListElement\":[{\"@type\":\"ListItem\",\"position\":1,\"name\":\"Homepage\",\"item\":\"https:\/\/talkpal.ai\/it\/\"},{\"@type\":\"ListItem\",\"position\":2,\"name\":\"Grammatica lettone\"}]},{\"@type\":\"WebSite\",\"@id\":\"https:\/\/talkpal.ai\/it\/#website\",\"url\":\"https:\/\/talkpal.ai\/it\/\",\"name\":\"Talkpal\",\"description\":\"AI Language Learning\",\"publisher\":{\"@id\":\"https:\/\/talkpal.ai\/it\/#organization\"},\"alternateName\":\"Talkpal AI\",\"potentialAction\":[{\"@type\":\"SearchAction\",\"target\":{\"@type\":\"EntryPoint\",\"urlTemplate\":\"https:\/\/talkpal.ai\/it\/?s={search_term_string}\"},\"query-input\":{\"@type\":\"PropertyValueSpecification\",\"valueRequired\":true,\"valueName\":\"search_term_string\"}}],\"inLanguage\":\"it-IT\"},{\"@type\":\"Organization\",\"@id\":\"https:\/\/talkpal.ai\/it\/#organization\",\"name\":\"Talkpal, Inc.\",\"alternateName\":\"Talkpal AI\",\"url\":\"https:\/\/talkpal.ai\/it\/\",\"logo\":{\"@type\":\"ImageObject\",\"inLanguage\":\"it-IT\",\"@id\":\"https:\/\/talkpal.ai\/it\/#\/schema\/logo\/image\/\",\"url\":\"https:\/\/talkpal.ai\/wp-content\/uploads\/2024\/03\/Talkpal-Logo-Icon.png\",\"contentUrl\":\"https:\/\/talkpal.ai\/wp-content\/uploads\/2024\/03\/Talkpal-Logo-Icon.png\",\"width\":2880,\"height\":2880,\"caption\":\"Talkpal, Inc.\"},\"image\":{\"@id\":\"https:\/\/talkpal.ai\/it\/#\/schema\/logo\/image\/\"},\"sameAs\":[\"https:\/\/www.facebook.com\/profile.php?id=100090733639311\",\"https:\/\/x.com\/talkpalai\",\"https:\/\/www.linkedin.com\/company\/talkpal\/\",\"https:\/\/www.youtube.com\/@TalkPal\/\",\"https:\/\/www.tiktok.com\/@talkpal\",\"https:\/\/www.instagram.com\/talkpal_ai\/\",\"https:\/\/www.crunchbase.com\/organization\/talkpal-9cde\",\"https:\/\/www.g2.com\/products\/talkpal-for-business\/\",\"https:\/\/www.trustpilot.com\/review\/talkpal.ai\",\"https:\/\/www.capterra.com\/p\/10006800\/TalkPal\/\"],\"description\":\"Talkpal is a language learning web and mobile education app, powered by the latest AI technologies, that provides engaging experiences to its customers in many different languages to help them improve their language skills. Users can chat about unlimited amount of topics with the app and use other modes to practice their language learning.\",\"email\":\"support@talkpal.ai\",\"legalName\":\"Talkpal, Inc.\",\"foundingDate\":\"2023-04-03\",\"duns\":\"118989042\",\"numberOfEmployees\":{\"@type\":\"QuantitativeValue\",\"minValue\":\"11\",\"maxValue\":\"50\"},\"publishingPrinciples\":\"https:\/\/talkpal.ai\/publishing-principles\/\",\"actionableFeedbackPolicy\":\"https:\/\/talkpal.ai\/actionable-feedback-policy\/\",\"correctionsPolicy\":\"https:\/\/talkpal.ai\/corrections-policy\/\",\"ethicsPolicy\":\"https:\/\/talkpal.ai\/ethics-policy\/\",\"diversityPolicy\":\"https:\/\/talkpal.ai\/diversity-policy\/\",\"diversityStaffingReport\":\"https:\/\/talkpal.ai\/diversity-policy\/\"}]}<\/script>\n<!-- \/ Yoast SEO Premium plugin. -->","yoast_head_json":{"title":"Grammatica lettone - Talkpal","description":"Impara la grammatica lettone con sicurezza: impara le regole, esercitati nell'uso e aumenta la precisione della lingua con la guida personalizzata dell'intelligenza artificiale. TalkpalLa guida personalizzata dell'intelligenza artificiale.","robots":{"index":"index","follow":"follow","max-snippet":"max-snippet:-1","max-image-preview":"max-image-preview:large","max-video-preview":"max-video-preview:-1"},"canonical":"https:\/\/talkpal.ai\/it\/grammatica-lettone\/","og_locale":"it_IT","og_type":"article","og_title":"Grammatica lettone","og_description":"La guida definitiva alla grammatica lettone: navigare nelle complessit\u00e0 di una lingua unica La grammatica lettone, come la lingua stessa, presenta un","og_url":"https:\/\/talkpal.ai\/it\/grammatica-lettone\/","og_site_name":"Talkpal","article_publisher":"https:\/\/www.facebook.com\/profile.php?id=100090733639311","article_modified_time":"2025-12-17T17:12:28+00:00","og_image":[{"width":512,"height":512,"url":"https:\/\/talkpal.ai\/wp-content\/uploads\/2023\/05\/latvia.png","type":"image\/png"}],"twitter_card":"summary_large_image","twitter_site":"@talkpalai","twitter_misc":{"Tempo di lettura stimato":"3 minuti"},"schema":{"@context":"https:\/\/schema.org","@graph":[{"@type":"WebPage","@id":"https:\/\/talkpal.ai\/it\/grammatica-lettone\/","url":"https:\/\/talkpal.ai\/it\/grammatica-lettone\/","name":"Grammatica lettone - Talkpal","isPartOf":{"@id":"https:\/\/talkpal.ai\/it\/#website"},"primaryImageOfPage":{"@id":"https:\/\/talkpal.ai\/it\/grammatica-lettone\/#primaryimage"},"image":{"@id":"https:\/\/talkpal.ai\/it\/grammatica-lettone\/#primaryimage"},"thumbnailUrl":"https:\/\/talkpal.ai\/wp-content\/uploads\/2023\/05\/latvia.png","datePublished":"2023-05-14T14:10:24+00:00","dateModified":"2025-12-17T17:12:28+00:00","description":"Impara la grammatica lettone con sicurezza: impara le regole, esercitati nell'uso e aumenta la precisione della lingua con la guida personalizzata dell'intelligenza artificiale. TalkpalLa guida personalizzata dell'intelligenza artificiale.","breadcrumb":{"@id":"https:\/\/talkpal.ai\/it\/grammatica-lettone\/#breadcrumb"},"inLanguage":"it-IT","potentialAction":[{"@type":"ReadAction","target":["https:\/\/talkpal.ai\/it\/grammatica-lettone\/"]}]},{"@type":"ImageObject","inLanguage":"it-IT","@id":"https:\/\/talkpal.ai\/it\/grammatica-lettone\/#primaryimage","url":"https:\/\/talkpal.ai\/wp-content\/uploads\/2023\/05\/latvia.png","contentUrl":"https:\/\/talkpal.ai\/wp-content\/uploads\/2023\/05\/latvia.png","width":512,"height":512},{"@type":"BreadcrumbList","@id":"https:\/\/talkpal.ai\/it\/grammatica-lettone\/#breadcrumb","itemListElement":[{"@type":"ListItem","position":1,"name":"Homepage","item":"https:\/\/talkpal.ai\/it\/"},{"@type":"ListItem","position":2,"name":"Grammatica lettone"}]},{"@type":"WebSite","@id":"https:\/\/talkpal.ai\/it\/#website","url":"https:\/\/talkpal.ai\/it\/","name":"Talkpal","description":"AI Language Learning","publisher":{"@id":"https:\/\/talkpal.ai\/it\/#organization"},"alternateName":"Talkpal AI","potentialAction":[{"@type":"SearchAction","target":{"@type":"EntryPoint","urlTemplate":"https:\/\/talkpal.ai\/it\/?s={search_term_string}"},"query-input":{"@type":"PropertyValueSpecification","valueRequired":true,"valueName":"search_term_string"}}],"inLanguage":"it-IT"},{"@type":"Organization","@id":"https:\/\/talkpal.ai\/it\/#organization","name":"Talkpal, Inc.","alternateName":"Talkpal AI","url":"https:\/\/talkpal.ai\/it\/","logo":{"@type":"ImageObject","inLanguage":"it-IT","@id":"https:\/\/talkpal.ai\/it\/#\/schema\/logo\/image\/","url":"https:\/\/talkpal.ai\/wp-content\/uploads\/2024\/03\/Talkpal-Logo-Icon.png","contentUrl":"https:\/\/talkpal.ai\/wp-content\/uploads\/2024\/03\/Talkpal-Logo-Icon.png","width":2880,"height":2880,"caption":"Talkpal, Inc."},"image":{"@id":"https:\/\/talkpal.ai\/it\/#\/schema\/logo\/image\/"},"sameAs":["https:\/\/www.facebook.com\/profile.php?id=100090733639311","https:\/\/x.com\/talkpalai","https:\/\/www.linkedin.com\/company\/talkpal\/","https:\/\/www.youtube.com\/@TalkPal\/","https:\/\/www.tiktok.com\/@talkpal","https:\/\/www.instagram.com\/talkpal_ai\/","https:\/\/www.crunchbase.com\/organization\/talkpal-9cde","https:\/\/www.g2.com\/products\/talkpal-for-business\/","https:\/\/www.trustpilot.com\/review\/talkpal.ai","https:\/\/www.capterra.com\/p\/10006800\/TalkPal\/"],"description":"Talkpal is a language learning web and mobile education app, powered by the latest AI technologies, that provides engaging experiences to its customers in many different languages to help them improve their language skills. Users can chat about unlimited amount of topics with the app and use other modes to practice their language learning.","email":"support@talkpal.ai","legalName":"Talkpal, Inc.","foundingDate":"2023-04-03","duns":"118989042","numberOfEmployees":{"@type":"QuantitativeValue","minValue":"11","maxValue":"50"},"publishingPrinciples":"https:\/\/talkpal.ai\/publishing-principles\/","actionableFeedbackPolicy":"https:\/\/talkpal.ai\/actionable-feedback-policy\/","correctionsPolicy":"https:\/\/talkpal.ai\/corrections-policy\/","ethicsPolicy":"https:\/\/talkpal.ai\/ethics-policy\/","diversityPolicy":"https:\/\/talkpal.ai\/diversity-policy\/","diversityStaffingReport":"https:\/\/talkpal.ai\/diversity-policy\/"}]}},"_links":{"self":[{"href":"https:\/\/talkpal.ai\/it\/wp-json\/wp\/v2\/pages\/145813","targetHints":{"allow":["GET"]}}],"collection":[{"href":"https:\/\/talkpal.ai\/it\/wp-json\/wp\/v2\/pages"}],"about":[{"href":"https:\/\/talkpal.ai\/it\/wp-json\/wp\/v2\/types\/page"}],"author":[{"embeddable":true,"href":"https:\/\/talkpal.ai\/it\/wp-json\/wp\/v2\/users\/1"}],"replies":[{"embeddable":true,"href":"https:\/\/talkpal.ai\/it\/wp-json\/wp\/v2\/comments?post=145813"}],"version-history":[{"count":0,"href":"https:\/\/talkpal.ai\/it\/wp-json\/wp\/v2\/pages\/145813\/revisions"}],"wp:featuredmedia":[{"embeddable":true,"href":"https:\/\/talkpal.ai\/it\/wp-json\/wp\/v2\/media\/28447"}],"wp:attachment":[{"href":"https:\/\/talkpal.ai\/it\/wp-json\/wp\/v2\/media?parent=145813"}],"curies":[{"name":"wp","href":"https:\/\/api.w.org\/{rel}","templated":true}]}}