{"id":145281,"date":"2023-05-14T14:09:29","date_gmt":"2023-05-14T14:09:29","guid":{"rendered":"http:\/\/talkpal.ai\/grammatica-indonesiana\/"},"modified":"2025-12-13T15:43:10","modified_gmt":"2025-12-13T15:43:10","slug":"grammatica-indonesiana","status":"publish","type":"page","link":"https:\/\/talkpal.ai\/it\/grammatica-indonesiana\/","title":{"rendered":"Grammatica indonesiana"},"content":{"rendered":"\r\n\r\n\r\n<section class=\"languageChallengeSection\">\r\n    <div class=\"languageInfoWrapper\">\r\n        \r\n        <h1>Grammatica indonesiana<\/h1>\r\n        <p>Sei interessato a imparare l&#039;indonesiano? Con la sua <a href=\"https:\/\/talkpal.ai\/grammar\/\">grammatica<\/a> semplice &#8211; nessuna coniugazione dei verbi, nessun genere dei nomi e una struttura delle frasi semplice &#8211; l&#039;indonesiano \u00e8 una delle lingue pi\u00f9 facili da imparare. Inizia il tuo viaggio oggi stesso e scopri come la comprensione della <a href=\"https:\/\/talkpal.ai\/it\/cosa-ce-di-speciale-nella-grammatica-indonesiana\/\">grammatica indonesiana<\/a> pu\u00f2 aprire rapidamente un mondo di comunicazione e di esperienze culturali vivaci!<\/p>\r\n\r\n                            <a class=\"getStartedHidden\" href=\"https:\/\/app.talkpal.ai\/it\/signup?lng=\">Comincia<\/a>\r\n        \r\n    <\/div>\r\n\r\n    <figure>\r\n    <img decoding=\"async\" width=\"768\" height=\"768\" src=\"https:\/\/talkpal.ai\/wp-content\/uploads\/2023\/06\/indonesia-768x768.png\" class=\"languageImage no-lazy\" alt=\"Default alt text\" fetchpriority=\"high\" sizes=\"(max-width: 768px) 150px, 768px\" srcset=\"https:\/\/talkpal.ai\/wp-content\/uploads\/2023\/06\/indonesia-768x768.png 768w, https:\/\/talkpal.ai\/wp-content\/uploads\/2023\/06\/indonesia-300x300.png 300w\" \/>\r\n    \r\n\r\n    <\/figure>\r\n\r\n            <a class=\"getStartedVisible\" href=\"https:\/\/app.talkpal.ai\/it\/signup?lng=\">Comincia<\/a>\r\n    \r\n<\/section>\r\n        <section class=\"grammarSection\">\r\n            <div class=\"grammarLinks\">\r\n                <a href=\"https:\/\/talkpal.ai\/it\/language\/aggettivi-grammatica-indonesiana\/\">Aggettivi <\/a><a href=\"https:\/\/talkpal.ai\/it\/language\/articoli-grammatica-indonesiana\/\">Articoli <\/a><a href=\"https:\/\/talkpal.ai\/it\/language\/avverbi-grammatica-indonesiana\/\">Avverbi <\/a><a href=\"https:\/\/talkpal.ai\/it\/language\/condizionali-grammatica-indonesiana\/\">Condizionali <\/a><a href=\"https:\/\/talkpal.ai\/it\/language\/confronto-dei-tempi-grammatica-indonesiana\/\">Confronto dei tempi <\/a><a href=\"https:\/\/talkpal.ai\/it\/language\/frasi-grammatica-indonesiana\/\">Frasi <\/a><a href=\"https:\/\/talkpal.ai\/it\/language\/perfect-progressive-grammatica-indonesiana\/\">Perfect Progressive <\/a><a href=\"https:\/\/talkpal.ai\/it\/language\/preposizioni-grammatica-indonesiana\/\">Preposizioni <\/a><a href=\"https:\/\/talkpal.ai\/it\/language\/progressivo-grammatica-indonesiana\/\">Progressivo <\/a><a href=\"https:\/\/talkpal.ai\/it\/language\/pronomi-determinanti-grammatica-indonesiana\/\">Pronomi\/Determinanti <\/a><a href=\"https:\/\/talkpal.ai\/it\/language\/sostantivi-grammatica-indonesiana\/\">Sostantivi <\/a><a href=\"https:\/\/talkpal.ai\/it\/language\/tempi-verbali-grammatica-indonesiana\/\">Tempi verbali <\/a><a href=\"https:\/\/talkpal.ai\/it\/language\/verbi-grammatica-indonesiana\/\">Verbi <\/a>            <\/div>\r\n        <\/section>\r\n    <section class=\"promotionalBanner\">\r\n    <p class=\"promotionalText\"><\/p>\r\n    <a class=\"promotionalLink\" href=\"https:\/\/app.talkpal.ai\/it\/signup?lng=\"><\/a>\r\n<\/section>\n<div class=\"wp-block-group pageContainerStyle\"><div class=\"wp-block-group__inner-container is-layout-constrained wp-block-group-is-layout-constrained\">\n<h2 class=\"wp-block-heading\" id=\"h-the-wonders-of-indonesian-grammar-a-guide-for-language-learners\">Le meraviglie della grammatica indonesiana: una guida per gli studenti di lingue<\/h2>\n\n\n\n<p>La grammatica indonesiana: semplice ma elegante, accogliente ma coinvolgente, accessibile ma appassionante. Mentre intraprendi il tuo viaggio per imparare la lingua indonesiana, stai certo che abbracciare la sua grammatica sar\u00e0 un&#8217;esperienza piacevole. Con questo articolo, miriamo a fornirti una comprensione degli aspetti chiave della grammatica indonesiana e aiutarti ad abbracciare la bellezza di questa lingua del sud-est asiatico.<\/p>\n\n\n\n<p>Approfondiamo gli elementi fondamentali della grammatica indonesiana, con spiegazioni ed esempi che rendono le regole e i concetti deliziosamente chiari. Quindi, siediti, rilassati e permettici di svelare gli affascinanti segreti della grammatica indonesiana per te.<\/p>\n\n\n\n<h3 class=\"wp-block-heading\" id=\"h-1-nouns-no-genders-no-plurals-no-stress\">1. Sostantivi: nessun genere, nessun plurale, nessuno stress!<\/h3>\n\n\n\n<p>Uno degli aspetti pi\u00f9 rinfrescanti della grammatica indonesiana \u00e8 la semplicit\u00e0 del suo sistema di sostantivi. I sostantivi indonesiani non hanno genere o forme plurali. Questo significa che si dice &#8220;anjing&#8221; (cane) sia che ci si riferisca a un cucciolo che a un gruppo di cani adulti.<\/p>\n\n\n\n<p>Per specificare una forma <a href=\"https:\/\/talkpal.ai\/zh-hans\/grammar_exercises\/plurale-%e6%84%8f%e5%a4%a7%e5%88%a9%e8%af%ad%e6%b3%95%e7%bb%83%e4%b9%a0\/\">plurale<\/a>, puoi ripetere il sostantivo (ad esempio, &#8220;anak-anak&#8221; per &#8220;bambini&#8221;) o usare un termine quantitativo come &#8220;banyak&#8221; (molti) o &#8220;beberapa&#8221; (alcuni). Ecco fatto! Non \u00e8 una boccata d&#8217;aria fresca rispetto alle altre lingue?<\/p>\n\n\n\n<h3 class=\"wp-block-heading\" id=\"h-2-pronouns-staying-humble-and-respectful\">2. Pronomi: rimanere umili e rispettosi<\/h3>\n\n\n\n<p>La grammatica indonesiana fa uso di pronomi diversi in base a vari livelli di formalit\u00e0. Usare il pronome appropriato quando ci si rivolge a qualcuno \u00e8 essenziale per mostrare rispetto e umilt\u00e0. Ad esempio, &#8220;aku&#8221; (io\/me) \u00e8 informale e intimo, &#8220;saya&#8221; \u00e8 educato e neutro e &#8220;saya&#8221; \u00e8 formale e umile. Allo stesso modo, &#8220;kamu&#8221; (tu) \u00e8 informale, &#8220;Anda&#8221; \u00e8 educato e &#8220;Bapak\/Ibu&#8221; (signore\/signora) \u00e8 riservato a situazioni altamente formali.<\/p>\n\n\n\n<p>Ricorda che \u00e8 sempre una buona idea peccare di cortesia in situazioni nuove o incerte.<\/p>\n\n\n\n<h3 class=\"wp-block-heading\" id=\"h-3-verbs-no-conjugations-but-prefixes-and-suffixes-galore\">3. Verbi: niente coniugazioni, ma prefissi e suffissi a bizzeffe!<\/h3>\n\n\n\n<p>I verbi indonesiani rimangono invariati indipendentemente dal tempo, dall&#8217;umore o dall&#8217;argomento, il che li <a href=\"https:\/\/talkpal.ai\/locations\/language-courses-in-rende\/\">rende<\/a> molto pi\u00f9 semplici dei verbi di molte altre lingue. Tuttavia, dovrai padroneggiare l&#8217;uso di prefissi e suffissi per modificare il significato del verbo.<\/p>\n\n\n\n<p>Alcuni prefissi comuni sono &#8220;me-&#8221; (verbi attivi), &#8220;di-&#8221; (verbi passivi) e &#8220;ber-&#8221; (verbi stativi). I suffissi pi\u00f9 comuni sono &#8220;-kan&#8221; (verbi causativi) e &#8220;-i&#8221; (verbi transitivi). Ad esempio, &#8220;makan&#8221; significa &#8220;mangiare&#8221;, &#8220;memakan&#8221; significa &#8220;consumare&#8221; e &#8220;dimakan&#8221; significa &#8220;essere mangiato&#8221;.<\/p>\n\n\n\n<h3 class=\"wp-block-heading\" id=\"h-4-word-order-subject-verb-object-simplicity\">4. Ordine delle parole: semplicit\u00e0 soggetto-verbo-oggetto!<\/h3>\n\n\n\n<p>La grammatica indonesiana segue un semplice ordine di parole soggetto-verbo-oggetto (SVO), simile all&#8217;italiano. Ci\u00f2 rende la costruzione e la comprensione delle frasi molto pi\u00f9 facili per gli anglofoni. Ad esempio, &#8220;Saya memakan pisang&#8221; si traduce direttamente in &#8220;Io (soggetto) mangio (verbo) banane (oggetto)&#8221;.<\/p>\n\n\n\n<h3 class=\"wp-block-heading\" id=\"h-5-immerse-yourself-in-indonesian-practice-makes-perfect\">5. Immergiti nell&#8217;indonesiano: la pratica rende perfetti<\/h3>\n\n\n\n<p>La bellezza della grammatica indonesiana sta nella sua semplicit\u00e0 e accessibilit\u00e0. La pratica regolare attraverso la lettura, la scrittura, l&#8217;ascolto e la conversazione ti aiuter\u00e0 a padroneggiare la lingua e la sua grammatica. Abbraccia le sfide, conquista le complessit\u00e0 e sblocca il vero fascino della lingua indonesiana.<\/p>\n\n\n\n<p>Allora, sei pronto ad approfondire le meraviglie della grammatica indonesiana? Affrontalo con fiducia e curiosit\u00e0, e con impegno ed entusiasmo, puoi presto diventare un eloquente oratore indonesiano. Selamat belajar! (Buon studio!)<\/p>\n<\/div><\/div>\n\r\n<section class=\"learnNavigationSection\">\r\n            \r\n        <a href=\"https:\/\/talkpal.ai\/it\/imparare-lindonesiano\/\">\r\n            <div class=\"learnNavigationWrapper\">\r\n                <div class=\"learnNavigationContent\">\r\n                    <img decoding=\"async\" src=\"https:\/\/talkpal.ai\/wp-content\/uploads\/2024\/08\/Indonesian.jpg\" alt=\"Indonesian Flag\">\r\n                    <div>\r\n                        <h4>Informazioni sull&#039;apprendimento dell&#039;indonesiano<\/h4>\r\n                        <p>Scoprite tutto sulla grammatica indonesiana.<\/p>\r\n                    <\/div>\r\n                <\/div>\r\n            <\/div>\r\n        <\/a>\r\n\r\n        \r\n        <a href=\"https:\/\/talkpal.ai\/it\/esercizi-di-grammatica-indonesiana\/\">\r\n            <div class=\"learnNavigationWrapper\">\r\n                <div class=\"learnNavigationContent\">\r\n                    <img decoding=\"async\" src=\"https:\/\/talkpal.ai\/wp-content\/uploads\/2024\/08\/Indonesian.jpg\" alt=\"Indonesian Flag\">\r\n                    <div>\r\n                        <h4>Esercizio di grammatica indonesiana<\/h4>\r\n                        <p>Pratica la grammatica indonesiana.<\/p>\r\n                    <\/div>\r\n                <\/div>\r\n            <\/div>\r\n        <\/a>\r\n\r\n        \r\n        <a href=\"https:\/\/talkpal.ai\/vocabulary_language\/indonesian\/\">\r\n            <div class=\"learnNavigationWrapper\">\r\n                <div class=\"learnNavigationContent\">\r\n                    <img decoding=\"async\" src=\"https:\/\/talkpal.ai\/wp-content\/uploads\/2024\/08\/Indonesian.jpg\" alt=\"Indonesian Flag\">\r\n                    <div>\r\n                        <h4>Vocabolario indonesiano<\/h4>\r\n                        <p>Espandi il tuo vocabolario indonesiano.<\/p>\r\n                    <\/div>\r\n                <\/div>\r\n            <\/div>\r\n        <\/a>\r\n\r\n            <\/section>","protected":false},"excerpt":{"rendered":"<p>Le meraviglie della grammatica indonesiana: una guida per gli studenti di lingue La grammatica indonesiana: semplice ma elegante, accogliente ma coinvolgente, accessibile ma appassionante. Mentre intraprendi il tuo viaggio per imparare la lingua indonesiana, stai certo che abbracciare la sua grammatica sar\u00e0 un&#8217;esperienza piacevole. Con questo articolo, miriamo a fornirti una comprensione degli aspetti chiave [&hellip;]<\/p>\n","protected":false},"author":1,"featured_media":28383,"parent":0,"menu_order":0,"comment_status":"closed","ping_status":"closed","template":"LearningContentPage.php","meta":{"_acf_changed":false,"footnotes":""},"class_list":["post-145281","page","type-page","status-publish","has-post-thumbnail","hentry"],"acf":[],"yoast_head":"<!-- This site is optimized with the Yoast SEO Premium plugin v27.2 (Yoast SEO v27.2) - https:\/\/yoast.com\/product\/yoast-seo-premium-wordpress\/ -->\n<title>Grammatica indonesiana - Talkpal<\/title>\n<meta name=\"description\" content=\"Impara la grammatica indonesiana senza fatica con l&#039;app di apprendimento linguistico AI di Talkpal. Comunica con sicurezza grazie alla guida TalkpalLa guida AI.\" \/>\n<meta name=\"robots\" content=\"index, follow, max-snippet:-1, max-image-preview:large, max-video-preview:-1\" \/>\n<link rel=\"canonical\" href=\"https:\/\/talkpal.ai\/it\/grammatica-indonesiana\/\" \/>\n<meta property=\"og:locale\" content=\"it_IT\" \/>\n<meta property=\"og:type\" content=\"article\" \/>\n<meta property=\"og:title\" content=\"Grammatica indonesiana\" \/>\n<meta property=\"og:description\" content=\"Le meraviglie della grammatica indonesiana: una guida per gli studenti di lingue La grammatica indonesiana: semplice ma elegante, accogliente ma\" \/>\n<meta property=\"og:url\" content=\"https:\/\/talkpal.ai\/it\/grammatica-indonesiana\/\" \/>\n<meta property=\"og:site_name\" content=\"Talkpal\" \/>\n<meta property=\"article:publisher\" content=\"https:\/\/www.facebook.com\/profile.php?id=100090733639311\" \/>\n<meta property=\"article:modified_time\" content=\"2025-12-13T15:43:10+00:00\" \/>\n<meta property=\"og:image\" content=\"https:\/\/talkpal.ai\/wp-content\/uploads\/2023\/05\/indonesia.png\" \/>\n\t<meta property=\"og:image:width\" content=\"512\" \/>\n\t<meta property=\"og:image:height\" content=\"512\" \/>\n\t<meta property=\"og:image:type\" content=\"image\/png\" \/>\n<meta name=\"twitter:card\" content=\"summary_large_image\" \/>\n<meta name=\"twitter:site\" content=\"@talkpalai\" \/>\n<meta name=\"twitter:label1\" content=\"Tempo di lettura stimato\" \/>\n\t<meta name=\"twitter:data1\" content=\"2 minuti\" \/>\n<script type=\"application\/ld+json\" class=\"yoast-schema-graph\">{\"@context\":\"https:\/\/schema.org\",\"@graph\":[{\"@type\":\"WebPage\",\"@id\":\"https:\/\/talkpal.ai\/it\/grammatica-indonesiana\/\",\"url\":\"https:\/\/talkpal.ai\/it\/grammatica-indonesiana\/\",\"name\":\"Grammatica indonesiana - Talkpal\",\"isPartOf\":{\"@id\":\"https:\/\/talkpal.ai\/it\/#website\"},\"primaryImageOfPage\":{\"@id\":\"https:\/\/talkpal.ai\/it\/grammatica-indonesiana\/#primaryimage\"},\"image\":{\"@id\":\"https:\/\/talkpal.ai\/it\/grammatica-indonesiana\/#primaryimage\"},\"thumbnailUrl\":\"https:\/\/talkpal.ai\/wp-content\/uploads\/2023\/05\/indonesia.png\",\"datePublished\":\"2023-05-14T14:09:29+00:00\",\"dateModified\":\"2025-12-13T15:43:10+00:00\",\"description\":\"Impara la grammatica indonesiana senza fatica con l'app di apprendimento linguistico AI di Talkpal. Comunica con sicurezza grazie alla guida TalkpalLa guida AI.\",\"breadcrumb\":{\"@id\":\"https:\/\/talkpal.ai\/it\/grammatica-indonesiana\/#breadcrumb\"},\"inLanguage\":\"it-IT\",\"potentialAction\":[{\"@type\":\"ReadAction\",\"target\":[\"https:\/\/talkpal.ai\/it\/grammatica-indonesiana\/\"]}]},{\"@type\":\"ImageObject\",\"inLanguage\":\"it-IT\",\"@id\":\"https:\/\/talkpal.ai\/it\/grammatica-indonesiana\/#primaryimage\",\"url\":\"https:\/\/talkpal.ai\/wp-content\/uploads\/2023\/05\/indonesia.png\",\"contentUrl\":\"https:\/\/talkpal.ai\/wp-content\/uploads\/2023\/05\/indonesia.png\",\"width\":512,\"height\":512},{\"@type\":\"BreadcrumbList\",\"@id\":\"https:\/\/talkpal.ai\/it\/grammatica-indonesiana\/#breadcrumb\",\"itemListElement\":[{\"@type\":\"ListItem\",\"position\":1,\"name\":\"Homepage\",\"item\":\"https:\/\/talkpal.ai\/it\/\"},{\"@type\":\"ListItem\",\"position\":2,\"name\":\"Grammatica indonesiana\"}]},{\"@type\":\"WebSite\",\"@id\":\"https:\/\/talkpal.ai\/it\/#website\",\"url\":\"https:\/\/talkpal.ai\/it\/\",\"name\":\"Talkpal\",\"description\":\"AI Language Learning\",\"publisher\":{\"@id\":\"https:\/\/talkpal.ai\/it\/#organization\"},\"alternateName\":\"Talkpal AI\",\"potentialAction\":[{\"@type\":\"SearchAction\",\"target\":{\"@type\":\"EntryPoint\",\"urlTemplate\":\"https:\/\/talkpal.ai\/it\/?s={search_term_string}\"},\"query-input\":{\"@type\":\"PropertyValueSpecification\",\"valueRequired\":true,\"valueName\":\"search_term_string\"}}],\"inLanguage\":\"it-IT\"},{\"@type\":\"Organization\",\"@id\":\"https:\/\/talkpal.ai\/it\/#organization\",\"name\":\"Talkpal, Inc.\",\"alternateName\":\"Talkpal AI\",\"url\":\"https:\/\/talkpal.ai\/it\/\",\"logo\":{\"@type\":\"ImageObject\",\"inLanguage\":\"it-IT\",\"@id\":\"https:\/\/talkpal.ai\/it\/#\/schema\/logo\/image\/\",\"url\":\"https:\/\/talkpal.ai\/wp-content\/uploads\/2024\/03\/Talkpal-Logo-Icon.png\",\"contentUrl\":\"https:\/\/talkpal.ai\/wp-content\/uploads\/2024\/03\/Talkpal-Logo-Icon.png\",\"width\":2880,\"height\":2880,\"caption\":\"Talkpal, Inc.\"},\"image\":{\"@id\":\"https:\/\/talkpal.ai\/it\/#\/schema\/logo\/image\/\"},\"sameAs\":[\"https:\/\/www.facebook.com\/profile.php?id=100090733639311\",\"https:\/\/x.com\/talkpalai\",\"https:\/\/www.linkedin.com\/company\/talkpal\/\",\"https:\/\/www.youtube.com\/@TalkPal\/\",\"https:\/\/www.tiktok.com\/@talkpal\",\"https:\/\/www.instagram.com\/talkpal_ai\/\",\"https:\/\/www.crunchbase.com\/organization\/talkpal-9cde\",\"https:\/\/www.g2.com\/products\/talkpal-for-business\/\",\"https:\/\/www.trustpilot.com\/review\/talkpal.ai\",\"https:\/\/www.capterra.com\/p\/10006800\/TalkPal\/\"],\"description\":\"Talkpal is a language learning web and mobile education app, powered by the latest AI technologies, that provides engaging experiences to its customers in many different languages to help them improve their language skills. Users can chat about unlimited amount of topics with the app and use other modes to practice their language learning.\",\"email\":\"support@talkpal.ai\",\"legalName\":\"Talkpal, Inc.\",\"foundingDate\":\"2023-04-03\",\"duns\":\"118989042\",\"numberOfEmployees\":{\"@type\":\"QuantitativeValue\",\"minValue\":\"11\",\"maxValue\":\"50\"},\"publishingPrinciples\":\"https:\/\/talkpal.ai\/publishing-principles\/\",\"actionableFeedbackPolicy\":\"https:\/\/talkpal.ai\/actionable-feedback-policy\/\",\"correctionsPolicy\":\"https:\/\/talkpal.ai\/corrections-policy\/\",\"ethicsPolicy\":\"https:\/\/talkpal.ai\/ethics-policy\/\",\"diversityPolicy\":\"https:\/\/talkpal.ai\/diversity-policy\/\",\"diversityStaffingReport\":\"https:\/\/talkpal.ai\/diversity-policy\/\"}]}<\/script>\n<!-- \/ Yoast SEO Premium plugin. -->","yoast_head_json":{"title":"Grammatica indonesiana - Talkpal","description":"Impara la grammatica indonesiana senza fatica con l'app di apprendimento linguistico AI di Talkpal. Comunica con sicurezza grazie alla guida TalkpalLa guida AI.","robots":{"index":"index","follow":"follow","max-snippet":"max-snippet:-1","max-image-preview":"max-image-preview:large","max-video-preview":"max-video-preview:-1"},"canonical":"https:\/\/talkpal.ai\/it\/grammatica-indonesiana\/","og_locale":"it_IT","og_type":"article","og_title":"Grammatica indonesiana","og_description":"Le meraviglie della grammatica indonesiana: una guida per gli studenti di lingue La grammatica indonesiana: semplice ma elegante, accogliente ma","og_url":"https:\/\/talkpal.ai\/it\/grammatica-indonesiana\/","og_site_name":"Talkpal","article_publisher":"https:\/\/www.facebook.com\/profile.php?id=100090733639311","article_modified_time":"2025-12-13T15:43:10+00:00","og_image":[{"width":512,"height":512,"url":"https:\/\/talkpal.ai\/wp-content\/uploads\/2023\/05\/indonesia.png","type":"image\/png"}],"twitter_card":"summary_large_image","twitter_site":"@talkpalai","twitter_misc":{"Tempo di lettura stimato":"2 minuti"},"schema":{"@context":"https:\/\/schema.org","@graph":[{"@type":"WebPage","@id":"https:\/\/talkpal.ai\/it\/grammatica-indonesiana\/","url":"https:\/\/talkpal.ai\/it\/grammatica-indonesiana\/","name":"Grammatica indonesiana - Talkpal","isPartOf":{"@id":"https:\/\/talkpal.ai\/it\/#website"},"primaryImageOfPage":{"@id":"https:\/\/talkpal.ai\/it\/grammatica-indonesiana\/#primaryimage"},"image":{"@id":"https:\/\/talkpal.ai\/it\/grammatica-indonesiana\/#primaryimage"},"thumbnailUrl":"https:\/\/talkpal.ai\/wp-content\/uploads\/2023\/05\/indonesia.png","datePublished":"2023-05-14T14:09:29+00:00","dateModified":"2025-12-13T15:43:10+00:00","description":"Impara la grammatica indonesiana senza fatica con l'app di apprendimento linguistico AI di Talkpal. Comunica con sicurezza grazie alla guida TalkpalLa guida AI.","breadcrumb":{"@id":"https:\/\/talkpal.ai\/it\/grammatica-indonesiana\/#breadcrumb"},"inLanguage":"it-IT","potentialAction":[{"@type":"ReadAction","target":["https:\/\/talkpal.ai\/it\/grammatica-indonesiana\/"]}]},{"@type":"ImageObject","inLanguage":"it-IT","@id":"https:\/\/talkpal.ai\/it\/grammatica-indonesiana\/#primaryimage","url":"https:\/\/talkpal.ai\/wp-content\/uploads\/2023\/05\/indonesia.png","contentUrl":"https:\/\/talkpal.ai\/wp-content\/uploads\/2023\/05\/indonesia.png","width":512,"height":512},{"@type":"BreadcrumbList","@id":"https:\/\/talkpal.ai\/it\/grammatica-indonesiana\/#breadcrumb","itemListElement":[{"@type":"ListItem","position":1,"name":"Homepage","item":"https:\/\/talkpal.ai\/it\/"},{"@type":"ListItem","position":2,"name":"Grammatica indonesiana"}]},{"@type":"WebSite","@id":"https:\/\/talkpal.ai\/it\/#website","url":"https:\/\/talkpal.ai\/it\/","name":"Talkpal","description":"AI Language Learning","publisher":{"@id":"https:\/\/talkpal.ai\/it\/#organization"},"alternateName":"Talkpal AI","potentialAction":[{"@type":"SearchAction","target":{"@type":"EntryPoint","urlTemplate":"https:\/\/talkpal.ai\/it\/?s={search_term_string}"},"query-input":{"@type":"PropertyValueSpecification","valueRequired":true,"valueName":"search_term_string"}}],"inLanguage":"it-IT"},{"@type":"Organization","@id":"https:\/\/talkpal.ai\/it\/#organization","name":"Talkpal, Inc.","alternateName":"Talkpal AI","url":"https:\/\/talkpal.ai\/it\/","logo":{"@type":"ImageObject","inLanguage":"it-IT","@id":"https:\/\/talkpal.ai\/it\/#\/schema\/logo\/image\/","url":"https:\/\/talkpal.ai\/wp-content\/uploads\/2024\/03\/Talkpal-Logo-Icon.png","contentUrl":"https:\/\/talkpal.ai\/wp-content\/uploads\/2024\/03\/Talkpal-Logo-Icon.png","width":2880,"height":2880,"caption":"Talkpal, Inc."},"image":{"@id":"https:\/\/talkpal.ai\/it\/#\/schema\/logo\/image\/"},"sameAs":["https:\/\/www.facebook.com\/profile.php?id=100090733639311","https:\/\/x.com\/talkpalai","https:\/\/www.linkedin.com\/company\/talkpal\/","https:\/\/www.youtube.com\/@TalkPal\/","https:\/\/www.tiktok.com\/@talkpal","https:\/\/www.instagram.com\/talkpal_ai\/","https:\/\/www.crunchbase.com\/organization\/talkpal-9cde","https:\/\/www.g2.com\/products\/talkpal-for-business\/","https:\/\/www.trustpilot.com\/review\/talkpal.ai","https:\/\/www.capterra.com\/p\/10006800\/TalkPal\/"],"description":"Talkpal is a language learning web and mobile education app, powered by the latest AI technologies, that provides engaging experiences to its customers in many different languages to help them improve their language skills. Users can chat about unlimited amount of topics with the app and use other modes to practice their language learning.","email":"support@talkpal.ai","legalName":"Talkpal, Inc.","foundingDate":"2023-04-03","duns":"118989042","numberOfEmployees":{"@type":"QuantitativeValue","minValue":"11","maxValue":"50"},"publishingPrinciples":"https:\/\/talkpal.ai\/publishing-principles\/","actionableFeedbackPolicy":"https:\/\/talkpal.ai\/actionable-feedback-policy\/","correctionsPolicy":"https:\/\/talkpal.ai\/corrections-policy\/","ethicsPolicy":"https:\/\/talkpal.ai\/ethics-policy\/","diversityPolicy":"https:\/\/talkpal.ai\/diversity-policy\/","diversityStaffingReport":"https:\/\/talkpal.ai\/diversity-policy\/"}]}},"_links":{"self":[{"href":"https:\/\/talkpal.ai\/it\/wp-json\/wp\/v2\/pages\/145281","targetHints":{"allow":["GET"]}}],"collection":[{"href":"https:\/\/talkpal.ai\/it\/wp-json\/wp\/v2\/pages"}],"about":[{"href":"https:\/\/talkpal.ai\/it\/wp-json\/wp\/v2\/types\/page"}],"author":[{"embeddable":true,"href":"https:\/\/talkpal.ai\/it\/wp-json\/wp\/v2\/users\/1"}],"replies":[{"embeddable":true,"href":"https:\/\/talkpal.ai\/it\/wp-json\/wp\/v2\/comments?post=145281"}],"version-history":[{"count":0,"href":"https:\/\/talkpal.ai\/it\/wp-json\/wp\/v2\/pages\/145281\/revisions"}],"wp:featuredmedia":[{"embeddable":true,"href":"https:\/\/talkpal.ai\/it\/wp-json\/wp\/v2\/media\/28383"}],"wp:attachment":[{"href":"https:\/\/talkpal.ai\/it\/wp-json\/wp\/v2\/media?parent=145281"}],"curies":[{"name":"wp","href":"https:\/\/api.w.org\/{rel}","templated":true}]}}