{"id":143423,"date":"2023-05-14T14:03:07","date_gmt":"2023-05-14T14:03:07","guid":{"rendered":"http:\/\/talkpal.ai\/grammatica-ceca\/"},"modified":"2025-12-13T15:22:50","modified_gmt":"2025-12-13T15:22:50","slug":"grammatica-ceca","status":"publish","type":"page","link":"https:\/\/talkpal.ai\/it\/grammatica-ceca\/","title":{"rendered":"Grammatica ceca"},"content":{"rendered":"\r\n\r\n\r\n<section class=\"languageChallengeSection\">\r\n    <div class=\"languageInfoWrapper\">\r\n        \r\n        <h1>Grammatica ceca<\/h1>\r\n        <p>Esplora le complessit\u00e0 della <a href=\"https:\/\/talkpal.ai\/it\/cosa-ce-di-speciale-nella-grammatica-ceca\/\">grammatica ceca<\/a> e apri le porte alla comprensione di questa lingua dell&#039;Europa centrale. Padroneggiando le regole e gli schemi essenziali, comunicherai in modo pi\u00f9 efficace e otterrai una conoscenza pi\u00f9 approfondita della cultura ceca. Inizia a imparare la <a href=\"https:\/\/talkpal.ai\/grammar\/\">grammatica<\/a> ceca oggi stesso e fai il primo passo verso la fluidit\u00e0!<\/p>\r\n\r\n                            <a class=\"getStartedHidden\" href=\"https:\/\/app.talkpal.ai\/it\/signup?lng=\">Comincia<\/a>\r\n        \r\n    <\/div>\r\n\r\n    <figure>\r\n    <img decoding=\"async\" width=\"768\" height=\"768\" src=\"https:\/\/talkpal.ai\/wp-content\/uploads\/2023\/06\/Czech-768x768.png\" class=\"languageImage no-lazy\" alt=\"Default alt text\" fetchpriority=\"high\" sizes=\"(max-width: 768px) 150px, 768px\" srcset=\"https:\/\/talkpal.ai\/wp-content\/uploads\/2023\/06\/Czech-768x768.png 768w, https:\/\/talkpal.ai\/wp-content\/uploads\/2023\/06\/Czech-300x300.png 300w\" \/>\r\n    \r\n\r\n    <\/figure>\r\n\r\n            <a class=\"getStartedVisible\" href=\"https:\/\/app.talkpal.ai\/it\/signup?lng=\">Comincia<\/a>\r\n    \r\n<\/section>\r\n        <section class=\"grammarSection\">\r\n            <div class=\"grammarLinks\">\r\n                <a href=\"https:\/\/talkpal.ai\/it\/language\/aggettivi-grammatica-ceca\/\">Aggettivi <\/a><a href=\"https:\/\/talkpal.ai\/it\/language\/articoli-grammatica-ceca\/\">Articoli <\/a><a href=\"https:\/\/talkpal.ai\/it\/language\/avverbi-grammatica-ceca\/\">Avverbi <\/a><a href=\"https:\/\/talkpal.ai\/it\/language\/condizionali-grammatica-ceca\/\">Condizionali <\/a><a href=\"https:\/\/talkpal.ai\/it\/language\/confronto-dei-tempi-verbali-grammatica-ceca\/\">Confronto dei tempi verbali <\/a><a href=\"https:\/\/talkpal.ai\/it\/language\/frasi-grammatica-ceca\/\">Frasi <\/a><a href=\"https:\/\/talkpal.ai\/it\/language\/preposizioni-grammatica-ceca\/\">Preposizioni <\/a><a href=\"https:\/\/talkpal.ai\/it\/language\/progressivo-grammatica-ceca\/\">Progressivo <\/a><a href=\"https:\/\/talkpal.ai\/it\/language\/progressivo-perfetto-grammatica-ceca\/\">Progressivo perfetto <\/a><a href=\"https:\/\/talkpal.ai\/it\/language\/pronomi-determinanti-grammatica-ceca\/\">Pronomi\/Determinanti <\/a><a href=\"https:\/\/talkpal.ai\/it\/language\/sostantivi-grammatica-ceca\/\">Sostantivi <\/a><a href=\"https:\/\/talkpal.ai\/it\/language\/tempi-verbali-grammatica-ceca\/\">Tempi verbali <\/a><a href=\"https:\/\/talkpal.ai\/it\/language\/verbi-grammatica-ceca\/\">Verbi <\/a>            <\/div>\r\n        <\/section>\r\n    <section class=\"promotionalBanner\">\r\n    <p class=\"promotionalText\">Il modo pi\u00f9 efficace per imparare una lingua<\/p>\r\n    <a class=\"promotionalLink\" href=\"https:\/\/app.talkpal.ai\/it\/signup?lng=\">Prova Talkpal gratuitamente<\/a>\r\n<\/section>\n<div class=\"wp-block-group pageContainerStyle\"><div class=\"wp-block-group__inner-container is-layout-constrained wp-block-group-is-layout-constrained\">\n<h2 class=\"wp-block-heading\" id=\"h-czech-grammar-making-sense-of-the-czech-language-s-unique-structure\">Grammatica ceca: dare un senso alla struttura unica della lingua ceca<\/h2>\n\n\n\n<p>Se hai mai provato a <a href=\"https:\/\/talkpal.ai\/it\/libri-per-imparare-il-ceco\/\">imparare il ceco<\/a> &#8211; o anche solo a sfogliare un articolo o un libro in <a href=\"https:\/\/talkpal.ai\/learn-czech\/\">ceco<\/a> &#8211; avrai probabilmente notato che la sua grammatica pu\u00f2 essere piuttosto impegnativa. Ampiamente considerata come uno dei sistemi linguistici pi\u00f9 complessi, la <a href=\"https:\/\/talkpal.ai\/it\/cosa-ce-di-speciale-nella-grammatica-ceca\/\">grammatica ceca<\/a> ha lasciato perplessi molti <a href=\"https:\/\/talkpal.ai\/talkpal-discount-for-students\/\">studenti<\/a> stranieri. Ma non lasciarti intimidire! Le peculiarit\u00e0 della grammatica ceca sono ci\u00f2 che la <a href=\"https:\/\/talkpal.ai\/locations\/language-courses-in-rende\/\">rende<\/a> affascinante e unica. In questo articolo, demistificheremo alcuni elementi chiave della grammatica ceca in modo colloquiale, aiutandoti a comprendere pi\u00f9 a fondo questa bellissima lingua.<\/p>\n\n\n\n<h3 class=\"wp-block-heading\" id=\"h-1-nouns-declensions-and-cases-galore\">1. Sostantivi \u2013 Declinazioni e casi a bizzeffe!<\/h3>\n\n\n\n<p>Una delle prime cose che noterai della grammatica ceca sono le declinazioni dei sostantivi. Una declinazione \u00e8 un gruppo di sostantivi con caratteristiche grammaticali simili e il ceco ha fino a 14 declinazioni distinte. Che te ne pare della variet\u00e0? Ogni declinazione ha un modello specifico per rappresentare le forme nominali singolari e plurali.<\/p>\n\n\n\n<p>I sostantivi cechi hanno anche sette casi diversi: nominativo, genitivo, dativo, accusativo, vocativo, locativo e strumentale. Anche se un numero del genere pu\u00f2 sembrare scoraggiante, \u00e8 essenziale conoscere questi casi perch\u00e9 sono fondamentali per trasmettere un significato. Ad esempio, in ceco l&#8217;ordine delle parole non \u00e8 cos\u00ec fondamentale come in <a href=\"https:\/\/talkpal.ai\/learn-english-with-ai\/\">inglese<\/a>: sono i casi a indicare le relazioni tra le parole.<\/p>\n\n\n\n<h3 class=\"wp-block-heading\" id=\"h-2-adjectives-agreeing-with-nouns\">2. Aggettivi \u2013 D&#8217;accordo con i sostantivi<\/h3>\n\n\n\n<p>Gli aggettivi cechi hanno un compito speciale: devono concordare con i sostantivi che modificano nel genere, nel numero e nel caso. Pensalo come un duo dinamico, il tango grammaticale, in cui una met\u00e0 si adatta con grazia per completare l&#8217;altra. Questo accordo aiuta a creare armonia nelle frasi e aumenta la chiarezza.<\/p>\n\n\n\n<p>Ad esempio, la parola &#8220;bello&#8221; in ceco \u00e8 &#8220;kr\u00e1sn\u00fd&#8221;. Se stai descrivendo una bella casa (d\u016fm), che \u00e8 maschile, userai &#8220;kr\u00e1sn\u00fd d\u016fm&#8221;. Per una bella ragazza (d\u00edvka), che \u00e8 femminile, diventa &#8220;kr\u00e1sn\u00e1 d\u00edvka&#8221;. E per una bella giornata (den), che \u00e8 al maschile, si dice &#8220;kr\u00e1sn\u00fd den&#8221;. Vedi come l&#8217;aggettivo danza insieme al sostantivo?<\/p>\n\n\n\n<h3 class=\"wp-block-heading\" id=\"h-3-verbs-the-art-of-conjugation\">3. Verbi \u2013 L&#8217;arte della coniugazione<\/h3>\n\n\n\n<p>In ceco, l&#8217;arte della coniugazione \u2013 cio\u00e8 cambiare le forme dei verbi in base al tempo, all&#8217;umore e alla persona \u2013 assume una vita propria. I verbi cechi si dividono in due categorie: perfettivi e imperfettivi. I verbi perfettivi indicano che un&#8217;azione \u00e8 stata completata, mentre i verbi imperfettivi suggeriscono azioni in corso o abituali.  <\/p>\n\n\n\n<p>La grammatica ceca ha alcune stranezze interessanti quando si tratta di verbi. Ad esempio, il tempo futuro si forma regolarmente solo per i verbi imperfettivi. Per i verbi perfettivi, si fonde con il presente! Inoltre, invece di avere una voce passiva specifica, il ceco incorpora costruzioni passive usando verbi ausiliari. Non dimentichiamo i verbi riflessivi del ceco, in cui le azioni ritornano al soggetto, aggiungendo un altro livello di sfumature a questa lingua intrigante.<\/p>\n\n\n\n<h3 class=\"wp-block-heading\" id=\"h-4-pronouns-the-mirror-of-linguistic-diversity\">4. I pronomi: lo specchio della diversit\u00e0 linguistica<\/h3>\n\n\n\n<p>I pronomi nella grammatica ceca &#8211; parliamo di pronomi personali, possessivi, dimostrativi, interrogativi e relativi &#8211; presentano tutti la stessa diversit\u00e0 delle altre parti del discorso. Anch&#8217;essi devono concordare nel genere, nel numero e nel caso con i sostantivi che sostituiscono o a cui si riferiscono.<\/p>\n\n\n\n<p>Ad esempio, se stai parlando di un libro che ti piace, dirai &#8220;M\u00e1m r\u00e1d tu knihu&#8221; (mi piace quel libro). In questo caso, &#8220;tu&#8221; \u00e8 la forma femminile del pronome dimostrativo &#8220;che&#8221;, che concorda con &#8220;kniha&#8221; (libro), anch&#8217;esso femminile.<\/p>\n\n\n\n<h3 class=\"wp-block-heading\" id=\"h-5-embracing-the-challenge\">5. Accettare la sfida<\/h3>\n\n\n\n<p>La grammatica ceca pu\u00f2 lasciare perplessi e intimidire, ma \u00e8 anche ci\u00f2 che contraddistingue questa affascinante lingua. Non rinunciare alla sfida! Ricorda che non si tratta di padroneggiare tutto in una volta, ma di fare progressi passo dopo passo. Prenditi il tempo necessario per comprendere il sistema unico della grammatica ceca e sarai sulla buona strada per padroneggiare questa bellissima e complessa lingua. E, man mano che abbraccerai le deliziose sfumature che la grammatica ceca ha da offrire, scoprirai senza dubbio un nuovo apprezzamento per le sue complessit\u00e0. Buon apprendimento!<\/p>\n<\/div><\/div>\n\r\n<section class=\"learnNavigationSection\">\r\n            \r\n        <a href=\"https:\/\/talkpal.ai\/it\/imparare-il-ceco\/\">\r\n            <div class=\"learnNavigationWrapper\">\r\n                <div class=\"learnNavigationContent\">\r\n                    <img decoding=\"async\" src=\"https:\/\/talkpal.ai\/wp-content\/uploads\/2024\/08\/Czech.jpg\" alt=\"Czech Flag\">\r\n                    <div>\r\n                        <h4>Informazioni sull&#039;apprendimento ceco<\/h4>\r\n                        <p>Scoprite tutto sulla grammatica ceca.<\/p>\r\n                    <\/div>\r\n                <\/div>\r\n            <\/div>\r\n        <\/a>\r\n\r\n        \r\n        <a href=\"https:\/\/talkpal.ai\/it\/esercizi-di-grammatica-ceca\/\">\r\n            <div class=\"learnNavigationWrapper\">\r\n                <div class=\"learnNavigationContent\">\r\n                    <img decoding=\"async\" src=\"https:\/\/talkpal.ai\/wp-content\/uploads\/2024\/08\/Czech.jpg\" alt=\"Czech Flag\">\r\n                    <div>\r\n                        <h4>Esercizio di grammatica ceca<\/h4>\r\n                        <p>Pratica la grammatica ceca.<\/p>\r\n                    <\/div>\r\n                <\/div>\r\n            <\/div>\r\n        <\/a>\r\n\r\n        \r\n        <a href=\"https:\/\/talkpal.ai\/vocabulary_language\/czech\/\">\r\n            <div class=\"learnNavigationWrapper\">\r\n                <div class=\"learnNavigationContent\">\r\n                    <img decoding=\"async\" src=\"https:\/\/talkpal.ai\/wp-content\/uploads\/2024\/08\/Czech.jpg\" alt=\"Czech Flag\">\r\n                    <div>\r\n                        <h4>Vocabolario ceco<\/h4>\r\n                        <p>Amplia il tuo vocabolario ceco.<\/p>\r\n                    <\/div>\r\n                <\/div>\r\n            <\/div>\r\n        <\/a>\r\n\r\n            <\/section>","protected":false},"excerpt":{"rendered":"<p>Grammatica ceca: dare un senso alla struttura unica della lingua ceca Se hai mai provato a imparare il ceco &#8211; o anche solo a sfogliare un articolo o un libro in ceco &#8211; avrai probabilmente notato che la sua grammatica pu\u00f2 essere piuttosto impegnativa. Ampiamente considerata come uno dei sistemi linguistici pi\u00f9 complessi, la grammatica [&hellip;]<\/p>\n","protected":false},"author":1,"featured_media":28271,"parent":0,"menu_order":0,"comment_status":"closed","ping_status":"closed","template":"LearningContentPage.php","meta":{"_acf_changed":false,"footnotes":""},"class_list":["post-143423","page","type-page","status-publish","has-post-thumbnail","hentry"],"acf":[],"yoast_head":"<!-- This site is optimized with the Yoast SEO Premium plugin v27.2 (Yoast SEO v27.2) - https:\/\/yoast.com\/product\/yoast-seo-premium-wordpress\/ -->\n<title>Grammatica ceca - Talkpal<\/title>\n<meta name=\"description\" content=\"Scopri i segreti della grammatica ceca. Scopri la sua particolare complessit\u00e0 e come padroneggiare le declinazioni dei sostantivi in modo efficace.\" \/>\n<meta name=\"robots\" content=\"index, follow, max-snippet:-1, max-image-preview:large, max-video-preview:-1\" \/>\n<link rel=\"canonical\" href=\"https:\/\/talkpal.ai\/it\/grammatica-ceca\/\" \/>\n<meta property=\"og:locale\" content=\"it_IT\" \/>\n<meta property=\"og:type\" content=\"article\" \/>\n<meta property=\"og:title\" content=\"Grammatica ceca\" \/>\n<meta property=\"og:description\" content=\"Grammatica ceca: dare un senso alla struttura unica della lingua ceca Se hai mai provato a imparare il ceco - o anche solo a sfogliare un articolo o un\" \/>\n<meta property=\"og:url\" content=\"https:\/\/talkpal.ai\/it\/grammatica-ceca\/\" \/>\n<meta property=\"og:site_name\" content=\"Talkpal\" \/>\n<meta property=\"article:publisher\" content=\"https:\/\/www.facebook.com\/profile.php?id=100090733639311\" \/>\n<meta property=\"article:modified_time\" content=\"2025-12-13T15:22:50+00:00\" \/>\n<meta property=\"og:image\" content=\"https:\/\/talkpal.ai\/wp-content\/uploads\/2023\/05\/czech-republic.png\" \/>\n\t<meta property=\"og:image:width\" content=\"512\" \/>\n\t<meta property=\"og:image:height\" content=\"512\" \/>\n\t<meta property=\"og:image:type\" content=\"image\/png\" \/>\n<meta name=\"twitter:card\" content=\"summary_large_image\" \/>\n<meta name=\"twitter:site\" content=\"@talkpalai\" \/>\n<meta name=\"twitter:label1\" content=\"Tempo di lettura stimato\" \/>\n\t<meta name=\"twitter:data1\" content=\"3 minuti\" \/>\n<script type=\"application\/ld+json\" class=\"yoast-schema-graph\">{\"@context\":\"https:\/\/schema.org\",\"@graph\":[{\"@type\":\"WebPage\",\"@id\":\"https:\/\/talkpal.ai\/it\/grammatica-ceca\/\",\"url\":\"https:\/\/talkpal.ai\/it\/grammatica-ceca\/\",\"name\":\"Grammatica ceca - Talkpal\",\"isPartOf\":{\"@id\":\"https:\/\/talkpal.ai\/it\/#website\"},\"primaryImageOfPage\":{\"@id\":\"https:\/\/talkpal.ai\/it\/grammatica-ceca\/#primaryimage\"},\"image\":{\"@id\":\"https:\/\/talkpal.ai\/it\/grammatica-ceca\/#primaryimage\"},\"thumbnailUrl\":\"https:\/\/talkpal.ai\/wp-content\/uploads\/2023\/05\/czech-republic.png\",\"datePublished\":\"2023-05-14T14:03:07+00:00\",\"dateModified\":\"2025-12-13T15:22:50+00:00\",\"description\":\"Scopri i segreti della grammatica ceca. Scopri la sua particolare complessit\u00e0 e come padroneggiare le declinazioni dei sostantivi in modo efficace.\",\"breadcrumb\":{\"@id\":\"https:\/\/talkpal.ai\/it\/grammatica-ceca\/#breadcrumb\"},\"inLanguage\":\"it-IT\",\"potentialAction\":[{\"@type\":\"ReadAction\",\"target\":[\"https:\/\/talkpal.ai\/it\/grammatica-ceca\/\"]}]},{\"@type\":\"ImageObject\",\"inLanguage\":\"it-IT\",\"@id\":\"https:\/\/talkpal.ai\/it\/grammatica-ceca\/#primaryimage\",\"url\":\"https:\/\/talkpal.ai\/wp-content\/uploads\/2023\/05\/czech-republic.png\",\"contentUrl\":\"https:\/\/talkpal.ai\/wp-content\/uploads\/2023\/05\/czech-republic.png\",\"width\":512,\"height\":512},{\"@type\":\"BreadcrumbList\",\"@id\":\"https:\/\/talkpal.ai\/it\/grammatica-ceca\/#breadcrumb\",\"itemListElement\":[{\"@type\":\"ListItem\",\"position\":1,\"name\":\"Homepage\",\"item\":\"https:\/\/talkpal.ai\/it\/\"},{\"@type\":\"ListItem\",\"position\":2,\"name\":\"Grammatica ceca\"}]},{\"@type\":\"WebSite\",\"@id\":\"https:\/\/talkpal.ai\/it\/#website\",\"url\":\"https:\/\/talkpal.ai\/it\/\",\"name\":\"Talkpal\",\"description\":\"AI Language Learning\",\"publisher\":{\"@id\":\"https:\/\/talkpal.ai\/it\/#organization\"},\"alternateName\":\"Talkpal AI\",\"potentialAction\":[{\"@type\":\"SearchAction\",\"target\":{\"@type\":\"EntryPoint\",\"urlTemplate\":\"https:\/\/talkpal.ai\/it\/?s={search_term_string}\"},\"query-input\":{\"@type\":\"PropertyValueSpecification\",\"valueRequired\":true,\"valueName\":\"search_term_string\"}}],\"inLanguage\":\"it-IT\"},{\"@type\":\"Organization\",\"@id\":\"https:\/\/talkpal.ai\/it\/#organization\",\"name\":\"Talkpal, Inc.\",\"alternateName\":\"Talkpal AI\",\"url\":\"https:\/\/talkpal.ai\/it\/\",\"logo\":{\"@type\":\"ImageObject\",\"inLanguage\":\"it-IT\",\"@id\":\"https:\/\/talkpal.ai\/it\/#\/schema\/logo\/image\/\",\"url\":\"https:\/\/talkpal.ai\/wp-content\/uploads\/2024\/03\/Talkpal-Logo-Icon.png\",\"contentUrl\":\"https:\/\/talkpal.ai\/wp-content\/uploads\/2024\/03\/Talkpal-Logo-Icon.png\",\"width\":2880,\"height\":2880,\"caption\":\"Talkpal, Inc.\"},\"image\":{\"@id\":\"https:\/\/talkpal.ai\/it\/#\/schema\/logo\/image\/\"},\"sameAs\":[\"https:\/\/www.facebook.com\/profile.php?id=100090733639311\",\"https:\/\/x.com\/talkpalai\",\"https:\/\/www.linkedin.com\/company\/talkpal\/\",\"https:\/\/www.youtube.com\/@TalkPal\/\",\"https:\/\/www.tiktok.com\/@talkpal\",\"https:\/\/www.instagram.com\/talkpal_ai\/\",\"https:\/\/www.crunchbase.com\/organization\/talkpal-9cde\",\"https:\/\/www.g2.com\/products\/talkpal-for-business\/\",\"https:\/\/www.trustpilot.com\/review\/talkpal.ai\",\"https:\/\/www.capterra.com\/p\/10006800\/TalkPal\/\"],\"description\":\"Talkpal is a language learning web and mobile education app, powered by the latest AI technologies, that provides engaging experiences to its customers in many different languages to help them improve their language skills. Users can chat about unlimited amount of topics with the app and use other modes to practice their language learning.\",\"email\":\"support@talkpal.ai\",\"legalName\":\"Talkpal, Inc.\",\"foundingDate\":\"2023-04-03\",\"duns\":\"118989042\",\"numberOfEmployees\":{\"@type\":\"QuantitativeValue\",\"minValue\":\"11\",\"maxValue\":\"50\"},\"publishingPrinciples\":\"https:\/\/talkpal.ai\/publishing-principles\/\",\"actionableFeedbackPolicy\":\"https:\/\/talkpal.ai\/actionable-feedback-policy\/\",\"correctionsPolicy\":\"https:\/\/talkpal.ai\/corrections-policy\/\",\"ethicsPolicy\":\"https:\/\/talkpal.ai\/ethics-policy\/\",\"diversityPolicy\":\"https:\/\/talkpal.ai\/diversity-policy\/\",\"diversityStaffingReport\":\"https:\/\/talkpal.ai\/diversity-policy\/\"}]}<\/script>\n<!-- \/ Yoast SEO Premium plugin. -->","yoast_head_json":{"title":"Grammatica ceca - Talkpal","description":"Scopri i segreti della grammatica ceca. Scopri la sua particolare complessit\u00e0 e come padroneggiare le declinazioni dei sostantivi in modo efficace.","robots":{"index":"index","follow":"follow","max-snippet":"max-snippet:-1","max-image-preview":"max-image-preview:large","max-video-preview":"max-video-preview:-1"},"canonical":"https:\/\/talkpal.ai\/it\/grammatica-ceca\/","og_locale":"it_IT","og_type":"article","og_title":"Grammatica ceca","og_description":"Grammatica ceca: dare un senso alla struttura unica della lingua ceca Se hai mai provato a imparare il ceco - o anche solo a sfogliare un articolo o un","og_url":"https:\/\/talkpal.ai\/it\/grammatica-ceca\/","og_site_name":"Talkpal","article_publisher":"https:\/\/www.facebook.com\/profile.php?id=100090733639311","article_modified_time":"2025-12-13T15:22:50+00:00","og_image":[{"width":512,"height":512,"url":"https:\/\/talkpal.ai\/wp-content\/uploads\/2023\/05\/czech-republic.png","type":"image\/png"}],"twitter_card":"summary_large_image","twitter_site":"@talkpalai","twitter_misc":{"Tempo di lettura stimato":"3 minuti"},"schema":{"@context":"https:\/\/schema.org","@graph":[{"@type":"WebPage","@id":"https:\/\/talkpal.ai\/it\/grammatica-ceca\/","url":"https:\/\/talkpal.ai\/it\/grammatica-ceca\/","name":"Grammatica ceca - Talkpal","isPartOf":{"@id":"https:\/\/talkpal.ai\/it\/#website"},"primaryImageOfPage":{"@id":"https:\/\/talkpal.ai\/it\/grammatica-ceca\/#primaryimage"},"image":{"@id":"https:\/\/talkpal.ai\/it\/grammatica-ceca\/#primaryimage"},"thumbnailUrl":"https:\/\/talkpal.ai\/wp-content\/uploads\/2023\/05\/czech-republic.png","datePublished":"2023-05-14T14:03:07+00:00","dateModified":"2025-12-13T15:22:50+00:00","description":"Scopri i segreti della grammatica ceca. Scopri la sua particolare complessit\u00e0 e come padroneggiare le declinazioni dei sostantivi in modo efficace.","breadcrumb":{"@id":"https:\/\/talkpal.ai\/it\/grammatica-ceca\/#breadcrumb"},"inLanguage":"it-IT","potentialAction":[{"@type":"ReadAction","target":["https:\/\/talkpal.ai\/it\/grammatica-ceca\/"]}]},{"@type":"ImageObject","inLanguage":"it-IT","@id":"https:\/\/talkpal.ai\/it\/grammatica-ceca\/#primaryimage","url":"https:\/\/talkpal.ai\/wp-content\/uploads\/2023\/05\/czech-republic.png","contentUrl":"https:\/\/talkpal.ai\/wp-content\/uploads\/2023\/05\/czech-republic.png","width":512,"height":512},{"@type":"BreadcrumbList","@id":"https:\/\/talkpal.ai\/it\/grammatica-ceca\/#breadcrumb","itemListElement":[{"@type":"ListItem","position":1,"name":"Homepage","item":"https:\/\/talkpal.ai\/it\/"},{"@type":"ListItem","position":2,"name":"Grammatica ceca"}]},{"@type":"WebSite","@id":"https:\/\/talkpal.ai\/it\/#website","url":"https:\/\/talkpal.ai\/it\/","name":"Talkpal","description":"AI Language Learning","publisher":{"@id":"https:\/\/talkpal.ai\/it\/#organization"},"alternateName":"Talkpal AI","potentialAction":[{"@type":"SearchAction","target":{"@type":"EntryPoint","urlTemplate":"https:\/\/talkpal.ai\/it\/?s={search_term_string}"},"query-input":{"@type":"PropertyValueSpecification","valueRequired":true,"valueName":"search_term_string"}}],"inLanguage":"it-IT"},{"@type":"Organization","@id":"https:\/\/talkpal.ai\/it\/#organization","name":"Talkpal, Inc.","alternateName":"Talkpal AI","url":"https:\/\/talkpal.ai\/it\/","logo":{"@type":"ImageObject","inLanguage":"it-IT","@id":"https:\/\/talkpal.ai\/it\/#\/schema\/logo\/image\/","url":"https:\/\/talkpal.ai\/wp-content\/uploads\/2024\/03\/Talkpal-Logo-Icon.png","contentUrl":"https:\/\/talkpal.ai\/wp-content\/uploads\/2024\/03\/Talkpal-Logo-Icon.png","width":2880,"height":2880,"caption":"Talkpal, Inc."},"image":{"@id":"https:\/\/talkpal.ai\/it\/#\/schema\/logo\/image\/"},"sameAs":["https:\/\/www.facebook.com\/profile.php?id=100090733639311","https:\/\/x.com\/talkpalai","https:\/\/www.linkedin.com\/company\/talkpal\/","https:\/\/www.youtube.com\/@TalkPal\/","https:\/\/www.tiktok.com\/@talkpal","https:\/\/www.instagram.com\/talkpal_ai\/","https:\/\/www.crunchbase.com\/organization\/talkpal-9cde","https:\/\/www.g2.com\/products\/talkpal-for-business\/","https:\/\/www.trustpilot.com\/review\/talkpal.ai","https:\/\/www.capterra.com\/p\/10006800\/TalkPal\/"],"description":"Talkpal is a language learning web and mobile education app, powered by the latest AI technologies, that provides engaging experiences to its customers in many different languages to help them improve their language skills. Users can chat about unlimited amount of topics with the app and use other modes to practice their language learning.","email":"support@talkpal.ai","legalName":"Talkpal, Inc.","foundingDate":"2023-04-03","duns":"118989042","numberOfEmployees":{"@type":"QuantitativeValue","minValue":"11","maxValue":"50"},"publishingPrinciples":"https:\/\/talkpal.ai\/publishing-principles\/","actionableFeedbackPolicy":"https:\/\/talkpal.ai\/actionable-feedback-policy\/","correctionsPolicy":"https:\/\/talkpal.ai\/corrections-policy\/","ethicsPolicy":"https:\/\/talkpal.ai\/ethics-policy\/","diversityPolicy":"https:\/\/talkpal.ai\/diversity-policy\/","diversityStaffingReport":"https:\/\/talkpal.ai\/diversity-policy\/"}]}},"_links":{"self":[{"href":"https:\/\/talkpal.ai\/it\/wp-json\/wp\/v2\/pages\/143423","targetHints":{"allow":["GET"]}}],"collection":[{"href":"https:\/\/talkpal.ai\/it\/wp-json\/wp\/v2\/pages"}],"about":[{"href":"https:\/\/talkpal.ai\/it\/wp-json\/wp\/v2\/types\/page"}],"author":[{"embeddable":true,"href":"https:\/\/talkpal.ai\/it\/wp-json\/wp\/v2\/users\/1"}],"replies":[{"embeddable":true,"href":"https:\/\/talkpal.ai\/it\/wp-json\/wp\/v2\/comments?post=143423"}],"version-history":[{"count":0,"href":"https:\/\/talkpal.ai\/it\/wp-json\/wp\/v2\/pages\/143423\/revisions"}],"wp:featuredmedia":[{"embeddable":true,"href":"https:\/\/talkpal.ai\/it\/wp-json\/wp\/v2\/media\/28271"}],"wp:attachment":[{"href":"https:\/\/talkpal.ai\/it\/wp-json\/wp\/v2\/media?parent=143423"}],"curies":[{"name":"wp","href":"https:\/\/api.w.org\/{rel}","templated":true}]}}