{"id":143130,"date":"2023-05-14T14:02:30","date_gmt":"2023-05-14T14:02:30","guid":{"rendered":"http:\/\/talkpal.ai\/grammatica-greca\/"},"modified":"2025-12-13T15:34:33","modified_gmt":"2025-12-13T15:34:33","slug":"grammatica-greca","status":"publish","type":"page","link":"https:\/\/talkpal.ai\/it\/grammatica-greca\/","title":{"rendered":"Grammatica greca"},"content":{"rendered":"\r\n\r\n\r\n<section class=\"languageChallengeSection\">\r\n    <div class=\"languageInfoWrapper\">\r\n        \r\n        <h1>Grammatica greca<\/h1>\r\n        <p>Impara la <a href=\"https:\/\/talkpal.ai\/greek-grammar\/\">grammatica greca<\/a> ed entra nel mondo di una delle lingue pi\u00f9 antiche e influenti dell&#039;umanit\u00e0. Il <a href=\"https:\/\/talkpal.ai\/learn-greek\/\">greco<\/a> ti introduce al suo alfabeto unico, alle coniugazioni espressive dei verbi e a un sistema di casi di nomi che danno forma al significato. Esplorando, scoprirai le radici di molte parole inglesi e ti collegherai a un ricco patrimonio culturale. Tuffati e goditi la sfida gratificante di imparare la <a href=\"https:\/\/talkpal.ai\/grammar\/\">grammatica<\/a> greca!<\/p>\r\n\r\n                            <a class=\"getStartedHidden\" href=\"https:\/\/app.talkpal.ai\/it\/signup?lng=\">Comincia<\/a>\r\n        \r\n    <\/div>\r\n\r\n    <figure>\r\n    <img decoding=\"async\" width=\"768\" height=\"768\" src=\"https:\/\/talkpal.ai\/wp-content\/uploads\/2023\/06\/greek-768x768.png\" class=\"languageImage no-lazy\" alt=\"Default alt text\" fetchpriority=\"high\" sizes=\"(max-width: 768px) 150px, 768px\" srcset=\"https:\/\/talkpal.ai\/wp-content\/uploads\/2023\/06\/greek-768x768.png 768w, https:\/\/talkpal.ai\/wp-content\/uploads\/2023\/06\/greek-300x300.png 300w\" \/>\r\n    \r\n\r\n    <\/figure>\r\n\r\n            <a class=\"getStartedVisible\" href=\"https:\/\/app.talkpal.ai\/it\/signup?lng=\">Comincia<\/a>\r\n    \r\n<\/section>\r\n        <section class=\"grammarSection\">\r\n            <div class=\"grammarLinks\">\r\n                <a href=\"https:\/\/talkpal.ai\/it\/language\/aggettivi-grammatica-greca\/\">Aggettivi <\/a><a href=\"https:\/\/talkpal.ai\/it\/language\/articoli-grammatica-greca\/\">Articoli <\/a><a href=\"https:\/\/talkpal.ai\/it\/language\/avverbi-grammatica-greca\/\">Avverbi <\/a><a href=\"https:\/\/talkpal.ai\/it\/language\/condizionali-grammatica-greca\/\">Condizionali <\/a><a href=\"https:\/\/talkpal.ai\/it\/language\/confronto-dei-tempi-grammatica-greca\/\">Confronto dei tempi <\/a><a href=\"https:\/\/talkpal.ai\/it\/language\/frasi-grammatica-greca\/\">Frasi <\/a><a href=\"https:\/\/talkpal.ai\/it\/language\/preposizioni-grammatica-greca\/\">Preposizioni <\/a><a href=\"https:\/\/talkpal.ai\/it\/language\/progressivo-grammatica-greca\/\">Progressivo <\/a><a href=\"https:\/\/talkpal.ai\/it\/language\/progressivo-perfetto-grammatica-greca\/\">Progressivo perfetto <\/a><a href=\"https:\/\/talkpal.ai\/it\/language\/pronomi-determinanti-grammatica-greca\/\">Pronomi\/Determinanti <\/a><a href=\"https:\/\/talkpal.ai\/it\/language\/sostantivi-grammatica-greca\/\">Sostantivi <\/a><a href=\"https:\/\/talkpal.ai\/it\/language\/tempi-verbali-grammatica-greca\/\">Tempi verbali <\/a><a href=\"https:\/\/talkpal.ai\/it\/language\/verbi-grammatica-greca\/\">Verbi <\/a>            <\/div>\r\n        <\/section>\r\n    <section class=\"promotionalBanner\">\r\n    <p class=\"promotionalText\">Il modo pi\u00f9 efficace per imparare una lingua<\/p>\r\n    <a class=\"promotionalLink\" href=\"https:\/\/app.talkpal.ai\/it\/signup?lng=\">Prova Talkpal gratuitamente<\/a>\r\n<\/section>\n<div class=\"wp-block-group pageContainerStyle\"><div class=\"wp-block-group__inner-container is-layout-constrained wp-block-group-is-layout-constrained\">\n<h2 class=\"wp-block-heading\" id=\"h-demystifying-greek-grammar-a-comprehensive-guide\">Demistificare la grammatica greca: una guida completa<\/h2>\n\n\n\n<p>Il greco, una lingua elegante e antica, occupa un posto speciale nella storia linguistica e rimane influente ancora oggi. Con una solida base nella grammatica greca, avrai accesso a una vasta gamma di risorse culturali e storiche, sbloccando un altro livello di significato nel <a href=\"https:\/\/talkpal.ai\/english-vocabulary\/\">vocabolario inglese<\/a>. Contrariamente alla credenza popolare, la grammatica greca non \u00e8 cos\u00ec intimidatoria come potrebbe sembrare inizialmente. In questo articolo ti aiuteremo a orientarti tra le componenti essenziali della grammatica greca per permetterti di avvicinarti a questa lingua con fiducia ed entusiasmo.<\/p>\n\n\n\n<h3 class=\"wp-block-heading\" id=\"h-1-understanding-greek-nouns-cases-and-articles\">1. Comprendere i sostantivi, i casi e gli articoli greci<\/h3>\n\n\n\n<p>I sostantivi greci sono classificati in tre generi: maschile, femminile e neutro. Ogni sostantivo appartiene a una delle tre declinazioni, che determinano le terminazioni del sostantivo in base al suo genere, al numero (singolare o <a href=\"https:\/\/talkpal.ai\/zh-hans\/grammar_exercises\/plurale-%e6%84%8f%e5%a4%a7%e5%88%a9%e8%af%ad%e6%b3%95%e7%bb%83%e4%b9%a0\/\">plurale<\/a>) e al caso. Nella lingua greca ci sono cinque casi: nominativo, genitivo, dativo, accusativo e vocativo.<\/p>\n\n\n\n<p>Un aspetto essenziale della grammatica greca ruota attorno all&#8217;articolo. Come l&#8217;inglese &#8220;the&#8221;, l&#8217;articolo determinativo greco \u00e8 fondamentale per comprendere i <a href=\"https:\/\/talkpal.ai\/talkpal-discount-for-test-takers-e-g-toefl-ielts\/\">testi<\/a> greci. L&#8217;articolo greco deve concordare con il sostantivo nel genere, nel numero e nel caso. Il greco ha anche un articolo indefinito che funziona come &#8220;a&#8221; o &#8220;an&#8221; in <a href=\"https:\/\/talkpal.ai\/learn-english-with-ai\/\">inglese<\/a>.<\/p>\n\n\n\n<h3 class=\"wp-block-heading\" id=\"h-2-tackling-greek-verbs-conjugation-and-moods\">2. Affrontare i verbi greci: coniugazione e modi<\/h3>\n\n\n\n<p>I verbi greci sono caratterizzati dal tempo, dalla voce, dall&#8217;umore, dalla persona e dal numero. I verbi in lingua greca sono coniugati in base al loro tempo, che indica quando si verifica un&#8217;azione. Ci sono sette parti principali di un verbo greco, ognuna corrispondente a un tempo:<\/p>\n\n\n\n<p><strong>&#8211; Presente<\/strong><\/p>\n\n\n\n<p><strong>&#8211; Il futuro<\/strong><\/p>\n\n\n\n<p><strong>&#8211; Aoristo (passato semplice)<\/strong><\/p>\n\n\n\n<p><strong>&#8211; Perfetto<\/strong><\/p>\n\n\n\n<p><strong>&#8211; Futuro perfetto<\/strong><\/p>\n\n\n\n<p><strong>&#8211; Piuccheperfetto<\/strong><\/p>\n\n\n\n<p><strong>&#8211; Aoristo passivo<\/strong><\/p>\n\n\n\n<p>Inoltre, i verbi greci hanno diversi stati d&#8217;animo che esprimono l&#8217;atteggiamento del parlante nei confronti dell&#8217;azione. Questi modi sono imperativi, indicativi e congiuntivi.<\/p>\n\n\n\n<h3 class=\"wp-block-heading\" id=\"h-3-crafting-expressive-sentences-with-greek-adjectives-and-adverbs\">3. Creare frasi espressive con aggettivi e avverbi greci<\/h3>\n\n\n\n<p>Gli aggettivi greci aggiungono colore e descrizione alle tue frasi. Analogamente ai sostantivi, gli aggettivi in greco devono concordare nel genere, nel numero e nel caso con il sostantivo che descrivono. Inoltre, gli aggettivi appartengono a una delle tre declinazioni, che ne determina le desinenze.<\/p>\n\n\n\n<p>Gli avverbi greci modificano verbi, aggettivi o altri avverbi. Esprimono come, quando, dove o in che misura un&#8217;azione viene eseguita. A differenza degli aggettivi, gli avverbi non devono necessariamente concordare con i sostantivi di genere, numero o caso. In molti casi, gli avverbi si formano aggiungendo desinenze specifiche alle radici aggettivali.<\/p>\n\n\n\n<h3 class=\"wp-block-heading\" id=\"h-4-exploring-greek-pronouns-and-greek-sentence-structure\">4. Esplorare i pronomi greci e la struttura delle frasi greche<\/h3>\n\n\n\n<p>I pronomi svolgono un ruolo significativo nella grammatica greca, poich\u00e9 sostituiscono i sostantivi e devono concordare con il sostantivo che rappresentano nel genere, nel numero e nel caso. Ci sono pronomi personali, riflessivi, dimostrativi, relativi, interrogativi e indefiniti in greco.<\/p>\n\n\n\n<p>La struttura della frase greca segue principalmente l&#8217;ordine soggetto-verbo-oggetto (SVO). Tuttavia, a causa della sua natura altamente flessa, il greco offre una maggiore flessibilit\u00e0 nell&#8217;ordine delle parole, che consente l&#8217;enfasi e l&#8217;espressione poetica. Questa flessibilit\u00e0 pu\u00f2 sembrare impegnativa all&#8217;inizio, ma diventa pi\u00f9 accessibile man mano che acquisisci familiarit\u00e0 con le sfumature della lingua.<\/p>\n\n\n\n<h3 class=\"wp-block-heading\" id=\"h-conclusion\">Conclusione<\/h3>\n\n\n\n<p>Mentre intraprendi il tuo viaggio per padroneggiare la grammatica greca, ricorda che la pratica e la perseveranza sono fondamentali per il successo. Prenditi il tuo tempo per svelare le complessit\u00e0 dei sostantivi, dei verbi, degli aggettivi, degli avverbi e della struttura delle frasi greche. Man mano che approfondisci questa affascinante lingua, scoprirai che la grammatica greca diventa pi\u00f9 familiare e meno intimidatoria. Buona fortuna e \u03ba\u03b1\u03bb\u03ae \u03b5\u03c0\u03b9\u03c4\u03c5\u03c7\u03af\u03b1!<\/p>\n<\/div><\/div>\n\r\n<section class=\"learnNavigationSection\">\r\n            \r\n        <a href=\"https:\/\/talkpal.ai\/it\/imparare-il-greco\/\">\r\n            <div class=\"learnNavigationWrapper\">\r\n                <div class=\"learnNavigationContent\">\r\n                    <img decoding=\"async\" src=\"https:\/\/talkpal.ai\/wp-content\/uploads\/2024\/08\/Greek.jpg\" alt=\"Greek Flag\">\r\n                    <div>\r\n                        <h4>Informazioni sull&#039;apprendimento della lingua greca<\/h4>\r\n                        <p>Scopri tutto sulla grammatica greca.<\/p>\r\n                    <\/div>\r\n                <\/div>\r\n            <\/div>\r\n        <\/a>\r\n\r\n        \r\n        <a href=\"https:\/\/talkpal.ai\/it\/esercizi-di-grammatica-greca\/\">\r\n            <div class=\"learnNavigationWrapper\">\r\n                <div class=\"learnNavigationContent\">\r\n                    <img decoding=\"async\" src=\"https:\/\/talkpal.ai\/wp-content\/uploads\/2024\/08\/Greek.jpg\" alt=\"Greek Flag\">\r\n                    <div>\r\n                        <h4>Esercizio di grammatica greca<\/h4>\r\n                        <p>Pratica la grammatica greca.<\/p>\r\n                    <\/div>\r\n                <\/div>\r\n            <\/div>\r\n        <\/a>\r\n\r\n        \r\n        <a href=\"https:\/\/talkpal.ai\/vocabulary_language\/greek\/\">\r\n            <div class=\"learnNavigationWrapper\">\r\n                <div class=\"learnNavigationContent\">\r\n                    <img decoding=\"async\" src=\"https:\/\/talkpal.ai\/wp-content\/uploads\/2024\/08\/Greek.jpg\" alt=\"Greek Flag\">\r\n                    <div>\r\n                        <h4>Vocabolario greco<\/h4>\r\n                        <p>Amplia il tuo vocabolario di greco.<\/p>\r\n                    <\/div>\r\n                <\/div>\r\n            <\/div>\r\n        <\/a>\r\n\r\n            <\/section>","protected":false},"excerpt":{"rendered":"<p>Demistificare la grammatica greca: una guida completa Il greco, una lingua elegante e antica, occupa un posto speciale nella storia linguistica e rimane influente ancora oggi. Con una solida base nella grammatica greca, avrai accesso a una vasta gamma di risorse culturali e storiche, sbloccando un altro livello di significato nel vocabolario inglese. Contrariamente alla [&hellip;]<\/p>\n","protected":false},"author":1,"featured_media":28335,"parent":0,"menu_order":0,"comment_status":"closed","ping_status":"closed","template":"LearningContentPage.php","meta":{"_acf_changed":false,"footnotes":""},"class_list":["post-143130","page","type-page","status-publish","has-post-thumbnail","hentry"],"acf":[],"yoast_head":"<!-- This site is optimized with the Yoast SEO Premium plugin v27.2 (Yoast SEO v27.2) - https:\/\/yoast.com\/product\/yoast-seo-premium-wordpress\/ -->\n<title>Grammatica greca - Talkpal<\/title>\n<meta name=\"description\" content=\"Impara con sicurezza la grammatica greca: impara le regole pi\u00f9 importanti, esercitati a formare le frasi e rafforza le tue competenze in modo rapido grazie a Talkpal AI.\" \/>\n<meta name=\"robots\" content=\"index, follow, max-snippet:-1, max-image-preview:large, max-video-preview:-1\" \/>\n<link rel=\"canonical\" href=\"https:\/\/talkpal.ai\/it\/grammatica-greca\/\" \/>\n<meta property=\"og:locale\" content=\"it_IT\" \/>\n<meta property=\"og:type\" content=\"article\" \/>\n<meta property=\"og:title\" content=\"Grammatica greca\" \/>\n<meta property=\"og:description\" content=\"Demistificare la grammatica greca: una guida completa Il greco, una lingua elegante e antica, occupa un posto speciale nella storia linguistica e rimane\" \/>\n<meta property=\"og:url\" content=\"https:\/\/talkpal.ai\/it\/grammatica-greca\/\" \/>\n<meta property=\"og:site_name\" content=\"Talkpal\" \/>\n<meta property=\"article:publisher\" content=\"https:\/\/www.facebook.com\/profile.php?id=100090733639311\" \/>\n<meta property=\"article:modified_time\" content=\"2025-12-13T15:34:33+00:00\" \/>\n<meta property=\"og:image\" content=\"https:\/\/talkpal.ai\/wp-content\/uploads\/2023\/05\/greece.png\" \/>\n\t<meta property=\"og:image:width\" content=\"512\" \/>\n\t<meta property=\"og:image:height\" content=\"512\" \/>\n\t<meta property=\"og:image:type\" content=\"image\/png\" \/>\n<meta name=\"twitter:card\" content=\"summary_large_image\" \/>\n<meta name=\"twitter:site\" content=\"@talkpalai\" \/>\n<meta name=\"twitter:label1\" content=\"Tempo di lettura stimato\" \/>\n\t<meta name=\"twitter:data1\" content=\"3 minuti\" \/>\n<script type=\"application\/ld+json\" class=\"yoast-schema-graph\">{\"@context\":\"https:\/\/schema.org\",\"@graph\":[{\"@type\":\"WebPage\",\"@id\":\"https:\/\/talkpal.ai\/it\/grammatica-greca\/\",\"url\":\"https:\/\/talkpal.ai\/it\/grammatica-greca\/\",\"name\":\"Grammatica greca - Talkpal\",\"isPartOf\":{\"@id\":\"https:\/\/talkpal.ai\/it\/#website\"},\"primaryImageOfPage\":{\"@id\":\"https:\/\/talkpal.ai\/it\/grammatica-greca\/#primaryimage\"},\"image\":{\"@id\":\"https:\/\/talkpal.ai\/it\/grammatica-greca\/#primaryimage\"},\"thumbnailUrl\":\"https:\/\/talkpal.ai\/wp-content\/uploads\/2023\/05\/greece.png\",\"datePublished\":\"2023-05-14T14:02:30+00:00\",\"dateModified\":\"2025-12-13T15:34:33+00:00\",\"description\":\"Impara con sicurezza la grammatica greca: impara le regole pi\u00f9 importanti, esercitati a formare le frasi e rafforza le tue competenze in modo rapido grazie a Talkpal AI.\",\"breadcrumb\":{\"@id\":\"https:\/\/talkpal.ai\/it\/grammatica-greca\/#breadcrumb\"},\"inLanguage\":\"it-IT\",\"potentialAction\":[{\"@type\":\"ReadAction\",\"target\":[\"https:\/\/talkpal.ai\/it\/grammatica-greca\/\"]}]},{\"@type\":\"ImageObject\",\"inLanguage\":\"it-IT\",\"@id\":\"https:\/\/talkpal.ai\/it\/grammatica-greca\/#primaryimage\",\"url\":\"https:\/\/talkpal.ai\/wp-content\/uploads\/2023\/05\/greece.png\",\"contentUrl\":\"https:\/\/talkpal.ai\/wp-content\/uploads\/2023\/05\/greece.png\",\"width\":512,\"height\":512},{\"@type\":\"BreadcrumbList\",\"@id\":\"https:\/\/talkpal.ai\/it\/grammatica-greca\/#breadcrumb\",\"itemListElement\":[{\"@type\":\"ListItem\",\"position\":1,\"name\":\"Homepage\",\"item\":\"https:\/\/talkpal.ai\/it\/\"},{\"@type\":\"ListItem\",\"position\":2,\"name\":\"Grammatica greca\"}]},{\"@type\":\"WebSite\",\"@id\":\"https:\/\/talkpal.ai\/it\/#website\",\"url\":\"https:\/\/talkpal.ai\/it\/\",\"name\":\"Talkpal\",\"description\":\"AI Language Learning\",\"publisher\":{\"@id\":\"https:\/\/talkpal.ai\/it\/#organization\"},\"alternateName\":\"Talkpal AI\",\"potentialAction\":[{\"@type\":\"SearchAction\",\"target\":{\"@type\":\"EntryPoint\",\"urlTemplate\":\"https:\/\/talkpal.ai\/it\/?s={search_term_string}\"},\"query-input\":{\"@type\":\"PropertyValueSpecification\",\"valueRequired\":true,\"valueName\":\"search_term_string\"}}],\"inLanguage\":\"it-IT\"},{\"@type\":\"Organization\",\"@id\":\"https:\/\/talkpal.ai\/it\/#organization\",\"name\":\"Talkpal, Inc.\",\"alternateName\":\"Talkpal AI\",\"url\":\"https:\/\/talkpal.ai\/it\/\",\"logo\":{\"@type\":\"ImageObject\",\"inLanguage\":\"it-IT\",\"@id\":\"https:\/\/talkpal.ai\/it\/#\/schema\/logo\/image\/\",\"url\":\"https:\/\/talkpal.ai\/wp-content\/uploads\/2024\/03\/Talkpal-Logo-Icon.png\",\"contentUrl\":\"https:\/\/talkpal.ai\/wp-content\/uploads\/2024\/03\/Talkpal-Logo-Icon.png\",\"width\":2880,\"height\":2880,\"caption\":\"Talkpal, Inc.\"},\"image\":{\"@id\":\"https:\/\/talkpal.ai\/it\/#\/schema\/logo\/image\/\"},\"sameAs\":[\"https:\/\/www.facebook.com\/profile.php?id=100090733639311\",\"https:\/\/x.com\/talkpalai\",\"https:\/\/www.linkedin.com\/company\/talkpal\/\",\"https:\/\/www.youtube.com\/@TalkPal\/\",\"https:\/\/www.tiktok.com\/@talkpal\",\"https:\/\/www.instagram.com\/talkpal_ai\/\",\"https:\/\/www.crunchbase.com\/organization\/talkpal-9cde\",\"https:\/\/www.g2.com\/products\/talkpal-for-business\/\",\"https:\/\/www.trustpilot.com\/review\/talkpal.ai\",\"https:\/\/www.capterra.com\/p\/10006800\/TalkPal\/\"],\"description\":\"Talkpal is a language learning web and mobile education app, powered by the latest AI technologies, that provides engaging experiences to its customers in many different languages to help them improve their language skills. Users can chat about unlimited amount of topics with the app and use other modes to practice their language learning.\",\"email\":\"support@talkpal.ai\",\"legalName\":\"Talkpal, Inc.\",\"foundingDate\":\"2023-04-03\",\"duns\":\"118989042\",\"numberOfEmployees\":{\"@type\":\"QuantitativeValue\",\"minValue\":\"11\",\"maxValue\":\"50\"},\"publishingPrinciples\":\"https:\/\/talkpal.ai\/publishing-principles\/\",\"actionableFeedbackPolicy\":\"https:\/\/talkpal.ai\/actionable-feedback-policy\/\",\"correctionsPolicy\":\"https:\/\/talkpal.ai\/corrections-policy\/\",\"ethicsPolicy\":\"https:\/\/talkpal.ai\/ethics-policy\/\",\"diversityPolicy\":\"https:\/\/talkpal.ai\/diversity-policy\/\",\"diversityStaffingReport\":\"https:\/\/talkpal.ai\/diversity-policy\/\"}]}<\/script>\n<!-- \/ Yoast SEO Premium plugin. -->","yoast_head_json":{"title":"Grammatica greca - Talkpal","description":"Impara con sicurezza la grammatica greca: impara le regole pi\u00f9 importanti, esercitati a formare le frasi e rafforza le tue competenze in modo rapido grazie a Talkpal AI.","robots":{"index":"index","follow":"follow","max-snippet":"max-snippet:-1","max-image-preview":"max-image-preview:large","max-video-preview":"max-video-preview:-1"},"canonical":"https:\/\/talkpal.ai\/it\/grammatica-greca\/","og_locale":"it_IT","og_type":"article","og_title":"Grammatica greca","og_description":"Demistificare la grammatica greca: una guida completa Il greco, una lingua elegante e antica, occupa un posto speciale nella storia linguistica e rimane","og_url":"https:\/\/talkpal.ai\/it\/grammatica-greca\/","og_site_name":"Talkpal","article_publisher":"https:\/\/www.facebook.com\/profile.php?id=100090733639311","article_modified_time":"2025-12-13T15:34:33+00:00","og_image":[{"width":512,"height":512,"url":"https:\/\/talkpal.ai\/wp-content\/uploads\/2023\/05\/greece.png","type":"image\/png"}],"twitter_card":"summary_large_image","twitter_site":"@talkpalai","twitter_misc":{"Tempo di lettura stimato":"3 minuti"},"schema":{"@context":"https:\/\/schema.org","@graph":[{"@type":"WebPage","@id":"https:\/\/talkpal.ai\/it\/grammatica-greca\/","url":"https:\/\/talkpal.ai\/it\/grammatica-greca\/","name":"Grammatica greca - Talkpal","isPartOf":{"@id":"https:\/\/talkpal.ai\/it\/#website"},"primaryImageOfPage":{"@id":"https:\/\/talkpal.ai\/it\/grammatica-greca\/#primaryimage"},"image":{"@id":"https:\/\/talkpal.ai\/it\/grammatica-greca\/#primaryimage"},"thumbnailUrl":"https:\/\/talkpal.ai\/wp-content\/uploads\/2023\/05\/greece.png","datePublished":"2023-05-14T14:02:30+00:00","dateModified":"2025-12-13T15:34:33+00:00","description":"Impara con sicurezza la grammatica greca: impara le regole pi\u00f9 importanti, esercitati a formare le frasi e rafforza le tue competenze in modo rapido grazie a Talkpal AI.","breadcrumb":{"@id":"https:\/\/talkpal.ai\/it\/grammatica-greca\/#breadcrumb"},"inLanguage":"it-IT","potentialAction":[{"@type":"ReadAction","target":["https:\/\/talkpal.ai\/it\/grammatica-greca\/"]}]},{"@type":"ImageObject","inLanguage":"it-IT","@id":"https:\/\/talkpal.ai\/it\/grammatica-greca\/#primaryimage","url":"https:\/\/talkpal.ai\/wp-content\/uploads\/2023\/05\/greece.png","contentUrl":"https:\/\/talkpal.ai\/wp-content\/uploads\/2023\/05\/greece.png","width":512,"height":512},{"@type":"BreadcrumbList","@id":"https:\/\/talkpal.ai\/it\/grammatica-greca\/#breadcrumb","itemListElement":[{"@type":"ListItem","position":1,"name":"Homepage","item":"https:\/\/talkpal.ai\/it\/"},{"@type":"ListItem","position":2,"name":"Grammatica greca"}]},{"@type":"WebSite","@id":"https:\/\/talkpal.ai\/it\/#website","url":"https:\/\/talkpal.ai\/it\/","name":"Talkpal","description":"AI Language Learning","publisher":{"@id":"https:\/\/talkpal.ai\/it\/#organization"},"alternateName":"Talkpal AI","potentialAction":[{"@type":"SearchAction","target":{"@type":"EntryPoint","urlTemplate":"https:\/\/talkpal.ai\/it\/?s={search_term_string}"},"query-input":{"@type":"PropertyValueSpecification","valueRequired":true,"valueName":"search_term_string"}}],"inLanguage":"it-IT"},{"@type":"Organization","@id":"https:\/\/talkpal.ai\/it\/#organization","name":"Talkpal, Inc.","alternateName":"Talkpal AI","url":"https:\/\/talkpal.ai\/it\/","logo":{"@type":"ImageObject","inLanguage":"it-IT","@id":"https:\/\/talkpal.ai\/it\/#\/schema\/logo\/image\/","url":"https:\/\/talkpal.ai\/wp-content\/uploads\/2024\/03\/Talkpal-Logo-Icon.png","contentUrl":"https:\/\/talkpal.ai\/wp-content\/uploads\/2024\/03\/Talkpal-Logo-Icon.png","width":2880,"height":2880,"caption":"Talkpal, Inc."},"image":{"@id":"https:\/\/talkpal.ai\/it\/#\/schema\/logo\/image\/"},"sameAs":["https:\/\/www.facebook.com\/profile.php?id=100090733639311","https:\/\/x.com\/talkpalai","https:\/\/www.linkedin.com\/company\/talkpal\/","https:\/\/www.youtube.com\/@TalkPal\/","https:\/\/www.tiktok.com\/@talkpal","https:\/\/www.instagram.com\/talkpal_ai\/","https:\/\/www.crunchbase.com\/organization\/talkpal-9cde","https:\/\/www.g2.com\/products\/talkpal-for-business\/","https:\/\/www.trustpilot.com\/review\/talkpal.ai","https:\/\/www.capterra.com\/p\/10006800\/TalkPal\/"],"description":"Talkpal is a language learning web and mobile education app, powered by the latest AI technologies, that provides engaging experiences to its customers in many different languages to help them improve their language skills. Users can chat about unlimited amount of topics with the app and use other modes to practice their language learning.","email":"support@talkpal.ai","legalName":"Talkpal, Inc.","foundingDate":"2023-04-03","duns":"118989042","numberOfEmployees":{"@type":"QuantitativeValue","minValue":"11","maxValue":"50"},"publishingPrinciples":"https:\/\/talkpal.ai\/publishing-principles\/","actionableFeedbackPolicy":"https:\/\/talkpal.ai\/actionable-feedback-policy\/","correctionsPolicy":"https:\/\/talkpal.ai\/corrections-policy\/","ethicsPolicy":"https:\/\/talkpal.ai\/ethics-policy\/","diversityPolicy":"https:\/\/talkpal.ai\/diversity-policy\/","diversityStaffingReport":"https:\/\/talkpal.ai\/diversity-policy\/"}]}},"_links":{"self":[{"href":"https:\/\/talkpal.ai\/it\/wp-json\/wp\/v2\/pages\/143130","targetHints":{"allow":["GET"]}}],"collection":[{"href":"https:\/\/talkpal.ai\/it\/wp-json\/wp\/v2\/pages"}],"about":[{"href":"https:\/\/talkpal.ai\/it\/wp-json\/wp\/v2\/types\/page"}],"author":[{"embeddable":true,"href":"https:\/\/talkpal.ai\/it\/wp-json\/wp\/v2\/users\/1"}],"replies":[{"embeddable":true,"href":"https:\/\/talkpal.ai\/it\/wp-json\/wp\/v2\/comments?post=143130"}],"version-history":[{"count":0,"href":"https:\/\/talkpal.ai\/it\/wp-json\/wp\/v2\/pages\/143130\/revisions"}],"wp:featuredmedia":[{"embeddable":true,"href":"https:\/\/talkpal.ai\/it\/wp-json\/wp\/v2\/media\/28335"}],"wp:attachment":[{"href":"https:\/\/talkpal.ai\/it\/wp-json\/wp\/v2\/media?parent=143130"}],"curies":[{"name":"wp","href":"https:\/\/api.w.org\/{rel}","templated":true}]}}